{"id":83029,"date":"2023-07-02T12:22:41","date_gmt":"2023-07-02T12:22:41","guid":{"rendered":"https:\/\/alekeskus.eu\/?post_type=product&#038;p=83029"},"modified":"2024-01-10T11:05:55","modified_gmt":"2024-01-10T11:05:55","slug":"freespalksuvila-groosslockner-464-magamiskorrusega-alekeskus","status":"publish","type":"product","link":"https:\/\/alekeskus.eu\/et\/toode\/freespalksuvila-groosslockner-464-magamiskorrusega-alekeskus\/","title":{"rendered":"Freespalksuvila Groosslockner 46,4 m\u00b2 magamiskorrusega + terrass 9,6 m\u00b2"},"content":{"rendered":"<p>Pakend:<\/p>\n<div class=\"spec-multi\">890x114x65 cm, 2200 kg<\/div>\n<div class=\"spec-multi\">630x114x85 cm, 2000 kg<\/div>\n<div class=\"spec-multi\">560x114x90 cm, 1900 kg<\/div>\n<div class=\"spec-multi\">200x114x70 cm, 525 kg<\/div>\n","protected":false},"excerpt":{"rendered":"<p>V\u00e4lism\u00f5\u00f5dud: <strong>640<\/strong><b> x 540 cm<\/b><\/p>\n<ul>\n<li>tuuletapiga <strong>freespalk<\/strong>\u00a0<strong>70 mm<\/strong>(tellitav ka 92 mm +4300\u20ac) keermelatt-tormikinnitustega<\/li>\n<li>harja k\u00f5rgus <strong>487 cm<\/strong> ja seina k\u00f5rgus <strong>279 cm<\/strong><\/li>\n<li>p\u00f5randalauad 28 mm, immutatud alusraam ja p\u00f5randatalad 45 x 70 mm<\/li>\n<li>punniga katuselauad 18 x 90 mm, katusetalad 70 x 140 mm<\/li>\n<li>pakettklaasiga v\u00e4lisuks 827 x 2000 mm, siseuksed 2 tk 827 x 2000 mm<\/li>\n<li>kaldp\u00f6\u00f6rd sisseavanevad pakettaknad alumiiniumveeninadega 916 x 1050 mm, 1374 x 1050 mm, 2 x 1100 x 1729 mm ja 2 x 650 x 650 mm<\/li>\n<li>trepp<\/li>\n<li>terrass 1,5 m lai, s\u00fcgavimmutatud terrassilauad 28 x 120 mm<\/li>\n<li>katuse kalle 27\u00b0 ja pindala 70 m<sup>2 <\/sup>, r\u00e4\u00e4stas 50 cm<\/li>\n<li>katusekate ei sisaldu hinnas<\/li>\n<li>kinnitusvahendid ja koostejuhend<\/li>\n<li>v\u00f5imalik teha m\u00f5\u00f5tudes ja avat\u00e4idetes muudatusi<\/li>\n<li>ehitusteatise jaoks vajalikud joonised<\/li>\n<li>tootmisse andmiseks piisab ettemaksust pool hinnast<\/li>\n<li>Eesti toode<\/li>\n<li>ilmastikukindel pakend<\/li>\n<\/ul>\n<p>K\u00fcsi paigaldust!<\/p>\n","protected":false},"featured_media":83031,"template":"","meta":{"_monsterinsights_skip_tracking":false,"_monsterinsights_sitenote_active":false,"_monsterinsights_sitenote_note":"","_monsterinsights_sitenote_category":0},"pwb-brand":[],"product_brand":[],"product_cat":[13592,13540,13604,13608,13610],"product_tag":[18160,14310,15285,13813,13840,17390,17866,13913,17881,13970,18033,14252],"class_list":{"0":"post-83029","1":"product","2":"type-product","3":"status-publish","4":"has-post-thumbnail","6":"product_cat-aia-ja-grillmajad","7":"product_cat-hooned-alekeskus","8":"product_cat-saunad","9":"product_cat-kontorid","10":"product_cat-suvilad","11":"product_tag-grossglockner","12":"product_tag-kodukontor","13":"product_tag-kesamokki","14":"product_tag-aiamaja","15":"product_tag-kontor","16":"product_tag-freespalksuvila","17":"product_tag-hirsimokki","18":"product_tag-vierasmaja","19":"product_tag-hirsihuvila","20":"product_tag-suvila","21":"product_tag-rantamokki-2","22":"product_tag-suvemaja","23":"product_shipping_class-alates-1000kg","24":"pa_garantii-5-aastat","25":"pa_kohaletoimetamine-alates-180e","26":"pa_laoasukoht-tartumaa","27":"pa_pindalam-18159","28":"pa_seinapaksus-70-mm-2","29":"pa_tellimisaeg-6-8-nadalat","30":"pa_varv-viimistlemata","31":"pa_veame-eesti-ja-soome","33":"first","34":"onbackorder","35":"taxable","36":"shipping-taxable","37":"purchasable","38":"product-type-simple"},"yoast_head":"<!-- This site is optimized with the Yoast SEO plugin v27.3 - https:\/\/yoast.com\/product\/yoast-seo-wordpress\/ -->\n<title>Freespalksuvila Groosslockner 46,4 m\u00b2 magamiskorrusega + terrass 9,6 m\u00b2 - Alekeskus<\/title>\n<meta name=\"description\" content=\"freespalksuvemaja\" \/>\n<meta name=\"robots\" content=\"index, follow, max-snippet:-1, max-image-preview:large, max-video-preview:-1\" \/>\n<link rel=\"canonical\" href=\"https:\/\/alekeskus.eu\/toode\/freespalksuvila-groosslockner-464-magamiskorrusega-alekeskus\/\" \/>\n<meta property=\"og:locale\" content=\"et_EE\" \/>\n<meta property=\"og:type\" content=\"article\" \/>\n<meta property=\"og:title\" content=\"Freespalksuvila Groosslockner 46,4 m\u00b2 magamiskorrusega + terrass 9,6 m\u00b2 - Alekeskus\" \/>\n<meta property=\"og:description\" content=\"freespalksuvemaja\" \/>\n<meta property=\"og:url\" content=\"https:\/\/alekeskus.eu\/toode\/freespalksuvila-groosslockner-464-magamiskorrusega-alekeskus\/\" \/>\n<meta property=\"og:site_name\" content=\"Alekeskus\" \/>\n<meta property=\"article:modified_time\" content=\"2024-01-10T11:05:55+00:00\" \/>\n<meta property=\"og:image\" content=\"https:\/\/alekeskus.eu\/wp-content\/uploads\/2023\/07\/Grossglockner70-loodus-scaled.jpg\" \/>\n\t<meta property=\"og:image:width\" content=\"2560\" \/>\n\t<meta property=\"og:image:height\" content=\"1708\" \/>\n\t<meta property=\"og:image:type\" content=\"image\/jpeg\" \/>\n<meta name=\"twitter:card\" content=\"summary_large_image\" \/>\n<meta name=\"twitter:label1\" content=\"Est. reading time\" \/>\n\t<meta name=\"twitter:data1\" content=\"1 minut\" \/>\n<script type=\"application\/ld+json\" class=\"yoast-schema-graph\">{\"@context\":\"https:\\\/\\\/schema.org\",\"@graph\":[{\"@type\":\"WebPage\",\"@id\":\"https:\\\/\\\/alekeskus.eu\\\/toode\\\/freespalksuvila-groosslockner-464-magamiskorrusega-alekeskus\\\/\",\"url\":\"https:\\\/\\\/alekeskus.eu\\\/toode\\\/freespalksuvila-groosslockner-464-magamiskorrusega-alekeskus\\\/\",\"name\":\"Freespalksuvila Groosslockner 46,4 m\u00b2 magamiskorrusega + terrass 9,6 m\u00b2 - Alekeskus\",\"isPartOf\":{\"@id\":\"https:\\\/\\\/alekeskus.eu\\\/#website\"},\"primaryImageOfPage\":{\"@id\":\"https:\\\/\\\/alekeskus.eu\\\/toode\\\/freespalksuvila-groosslockner-464-magamiskorrusega-alekeskus\\\/#primaryimage\"},\"image\":{\"@id\":\"https:\\\/\\\/alekeskus.eu\\\/toode\\\/freespalksuvila-groosslockner-464-magamiskorrusega-alekeskus\\\/#primaryimage\"},\"thumbnailUrl\":\"https:\\\/\\\/alekeskus.eu\\\/wp-content\\\/uploads\\\/2023\\\/07\\\/Grossglockner70-loodus-scaled.jpg\",\"datePublished\":\"2023-07-02T12:22:41+00:00\",\"dateModified\":\"2024-01-10T11:05:55+00:00\",\"description\":\"freespalksuvemaja\",\"breadcrumb\":{\"@id\":\"https:\\\/\\\/alekeskus.eu\\\/toode\\\/freespalksuvila-groosslockner-464-magamiskorrusega-alekeskus\\\/#breadcrumb\"},\"inLanguage\":\"et\",\"potentialAction\":[{\"@type\":\"ReadAction\",\"target\":[\"https:\\\/\\\/alekeskus.eu\\\/toode\\\/freespalksuvila-groosslockner-464-magamiskorrusega-alekeskus\\\/\"]}]},{\"@type\":\"ImageObject\",\"inLanguage\":\"et\",\"@id\":\"https:\\\/\\\/alekeskus.eu\\\/toode\\\/freespalksuvila-groosslockner-464-magamiskorrusega-alekeskus\\\/#primaryimage\",\"url\":\"https:\\\/\\\/alekeskus.eu\\\/wp-content\\\/uploads\\\/2023\\\/07\\\/Grossglockner70-loodus-scaled.jpg\",\"contentUrl\":\"https:\\\/\\\/alekeskus.eu\\\/wp-content\\\/uploads\\\/2023\\\/07\\\/Grossglockner70-loodus-scaled.jpg\",\"width\":1600,\"height\":1068},{\"@type\":\"BreadcrumbList\",\"@id\":\"https:\\\/\\\/alekeskus.eu\\\/toode\\\/freespalksuvila-groosslockner-464-magamiskorrusega-alekeskus\\\/#breadcrumb\",\"itemListElement\":[{\"@type\":\"ListItem\",\"position\":1,\"name\":\"Avaleht\",\"item\":\"https:\\\/\\\/alekeskus.eu\\\/et\\\/\"},{\"@type\":\"ListItem\",\"position\":2,\"name\":\"Pood\",\"item\":\"https:\\\/\\\/alekeskus.eu\\\/pood\\\/\"},{\"@type\":\"ListItem\",\"position\":3,\"name\":\"Freespalksuvila Groosslockner 46,4 m\u00b2 magamiskorrusega + terrass 9,6 m\u00b2\"}]},{\"@type\":\"WebSite\",\"@id\":\"https:\\\/\\\/alekeskus.eu\\\/#website\",\"url\":\"https:\\\/\\\/alekeskus.eu\\\/\",\"name\":\"Alekeskus\",\"description\":\"Alekeskus.eu\",\"potentialAction\":[{\"@type\":\"SearchAction\",\"target\":{\"@type\":\"EntryPoint\",\"urlTemplate\":\"https:\\\/\\\/alekeskus.eu\\\/?s={search_term_string}\"},\"query-input\":{\"@type\":\"PropertyValueSpecification\",\"valueRequired\":true,\"valueName\":\"search_term_string\"}}],\"inLanguage\":\"et\"}]}<\/script>\n<!-- \/ Yoast SEO plugin. -->","yoast_head_json":{"title":"Freespalksuvila Groosslockner 46,4 m\u00b2 magamiskorrusega + terrass 9,6 m\u00b2 - Alekeskus","description":"freespalksuvemaja","robots":{"index":"index","follow":"follow","max-snippet":"max-snippet:-1","max-image-preview":"max-image-preview:large","max-video-preview":"max-video-preview:-1"},"canonical":"https:\/\/alekeskus.eu\/toode\/freespalksuvila-groosslockner-464-magamiskorrusega-alekeskus\/","og_locale":"et_EE","og_type":"article","og_title":"Freespalksuvila Groosslockner 46,4 m\u00b2 magamiskorrusega + terrass 9,6 m\u00b2 - Alekeskus","og_description":"freespalksuvemaja","og_url":"https:\/\/alekeskus.eu\/toode\/freespalksuvila-groosslockner-464-magamiskorrusega-alekeskus\/","og_site_name":"Alekeskus","article_modified_time":"2024-01-10T11:05:55+00:00","og_image":[{"width":2560,"height":1708,"url":"https:\/\/alekeskus.eu\/wp-content\/uploads\/2023\/07\/Grossglockner70-loodus-scaled.jpg","type":"image\/jpeg"}],"twitter_card":"summary_large_image","twitter_misc":{"Est. reading time":"1 minut"},"schema":{"@context":"https:\/\/schema.org","@graph":[{"@type":"WebPage","@id":"https:\/\/alekeskus.eu\/toode\/freespalksuvila-groosslockner-464-magamiskorrusega-alekeskus\/","url":"https:\/\/alekeskus.eu\/toode\/freespalksuvila-groosslockner-464-magamiskorrusega-alekeskus\/","name":"Freespalksuvila Groosslockner 46,4 m\u00b2 magamiskorrusega + terrass 9,6 m\u00b2 - Alekeskus","isPartOf":{"@id":"https:\/\/alekeskus.eu\/#website"},"primaryImageOfPage":{"@id":"https:\/\/alekeskus.eu\/toode\/freespalksuvila-groosslockner-464-magamiskorrusega-alekeskus\/#primaryimage"},"image":{"@id":"https:\/\/alekeskus.eu\/toode\/freespalksuvila-groosslockner-464-magamiskorrusega-alekeskus\/#primaryimage"},"thumbnailUrl":"https:\/\/alekeskus.eu\/wp-content\/uploads\/2023\/07\/Grossglockner70-loodus-scaled.jpg","datePublished":"2023-07-02T12:22:41+00:00","dateModified":"2024-01-10T11:05:55+00:00","description":"freespalksuvemaja","breadcrumb":{"@id":"https:\/\/alekeskus.eu\/toode\/freespalksuvila-groosslockner-464-magamiskorrusega-alekeskus\/#breadcrumb"},"inLanguage":"et","potentialAction":[{"@type":"ReadAction","target":["https:\/\/alekeskus.eu\/toode\/freespalksuvila-groosslockner-464-magamiskorrusega-alekeskus\/"]}]},{"@type":"ImageObject","inLanguage":"et","@id":"https:\/\/alekeskus.eu\/toode\/freespalksuvila-groosslockner-464-magamiskorrusega-alekeskus\/#primaryimage","url":"https:\/\/alekeskus.eu\/wp-content\/uploads\/2023\/07\/Grossglockner70-loodus-scaled.jpg","contentUrl":"https:\/\/alekeskus.eu\/wp-content\/uploads\/2023\/07\/Grossglockner70-loodus-scaled.jpg","width":1600,"height":1068},{"@type":"BreadcrumbList","@id":"https:\/\/alekeskus.eu\/toode\/freespalksuvila-groosslockner-464-magamiskorrusega-alekeskus\/#breadcrumb","itemListElement":[{"@type":"ListItem","position":1,"name":"Avaleht","item":"https:\/\/alekeskus.eu\/et\/"},{"@type":"ListItem","position":2,"name":"Pood","item":"https:\/\/alekeskus.eu\/pood\/"},{"@type":"ListItem","position":3,"name":"Freespalksuvila Groosslockner 46,4 m\u00b2 magamiskorrusega + terrass 9,6 m\u00b2"}]},{"@type":"WebSite","@id":"https:\/\/alekeskus.eu\/#website","url":"https:\/\/alekeskus.eu\/","name":"Alekeskus","description":"Alekeskus.eu","potentialAction":[{"@type":"SearchAction","target":{"@type":"EntryPoint","urlTemplate":"https:\/\/alekeskus.eu\/?s={search_term_string}"},"query-input":{"@type":"PropertyValueSpecification","valueRequired":true,"valueName":"search_term_string"}}],"inLanguage":"et"}]}},"brands":[],"_links":{"self":[{"href":"https:\/\/alekeskus.eu\/et\/wp-json\/wp\/v2\/product\/83029","targetHints":{"allow":["GET"]}}],"collection":[{"href":"https:\/\/alekeskus.eu\/et\/wp-json\/wp\/v2\/product"}],"about":[{"href":"https:\/\/alekeskus.eu\/et\/wp-json\/wp\/v2\/types\/product"}],"wp:featuredmedia":[{"embeddable":true,"href":"https:\/\/alekeskus.eu\/et\/wp-json\/wp\/v2\/media\/83031"}],"wp:attachment":[{"href":"https:\/\/alekeskus.eu\/et\/wp-json\/wp\/v2\/media?parent=83029"}],"wp:term":[{"taxonomy":"pwb-brand","embeddable":true,"href":"https:\/\/alekeskus.eu\/et\/wp-json\/wp\/v2\/pwb-brand?post=83029"},{"taxonomy":"product_brand","embeddable":true,"href":"https:\/\/alekeskus.eu\/et\/wp-json\/wp\/v2\/product_brand?post=83029"},{"taxonomy":"product_cat","embeddable":true,"href":"https:\/\/alekeskus.eu\/et\/wp-json\/wp\/v2\/product_cat?post=83029"},{"taxonomy":"product_tag","embeddable":true,"href":"https:\/\/alekeskus.eu\/et\/wp-json\/wp\/v2\/product_tag?post=83029"}],"curies":[{"name":"wp","href":"https:\/\/api.w.org\/{rel}","templated":true}]}}