{"id":83051,"date":"2023-07-02T15:20:44","date_gmt":"2023-07-02T15:20:44","guid":{"rendered":"https:\/\/alekeskus.eu\/?post_type=product&#038;p=83051"},"modified":"2024-01-10T11:04:43","modified_gmt":"2024-01-10T11:04:43","slug":"suvemaja-tennessee-343-m%c2%b2-terrass-114-m%c2%b2","status":"publish","type":"product","link":"https:\/\/alekeskus.eu\/et\/toode\/suvemaja-tennessee-343-m%c2%b2-terrass-114-m%c2%b2\/","title":{"rendered":"Suvemaja Tennessee 34,3 m\u00b2 + terrass 11,4 m\u00b2"},"content":{"rendered":"<p>&nbsp;<\/p>\n<div class=\"spec-multi\">\n<div class=\"spec-multi\">\n<p>&nbsp;<\/p>\n<\/div>\n<\/div>\n","protected":false},"excerpt":{"rendered":"<p>V\u00e4lism\u00f5\u00f5dud: <strong>6,0<\/strong><b> x 6,0 m + terrass 6,0 x 2,0 m<\/b><\/p>\n<ul>\n<li>tuuletapiga <strong>freespalk<\/strong>\u00a0<strong>70 mm <\/strong>keermelatt-tormikinnitustega<\/li>\n<li>harja k\u00f5rgus <strong>326 cm<\/strong> ja seina k\u00f5rgus <strong>224 cm<\/strong><\/li>\n<li>p\u00f5randalauad 28 x 112 mm, immutatud alusraam ja p\u00f5randatalad 45 x 70 mm<\/li>\n<li>terrassilauad 28 x 120 mm<\/li>\n<li>liimpuidust postid 90 x 90 mm<\/li>\n<li>punniga katuselauad 18 x 90 mm, katusetalad 70 x 140 mm<\/li>\n<li>pakettklaasiga ja silinderlukuga v\u00e4lisuks 1580 x 2000 mm, siseuksed 2 tk 827 x 2000 mm<\/li>\n<li>kaldp\u00f6\u00f6rd sisseavanevad pakettaknad alumiiniumveeninadega 5 tk 916 x 1050 mm<\/li>\n<li>terrass 6 x 2 m<\/li>\n<li>katuse kalle 19\u00b0 ja pindala 58 m<sup>2 <\/sup>, r\u00e4\u00e4stas 20 cm<\/li>\n<li>katusekate ei sisaldu hinnas<\/li>\n<li>kinnitusvahendid ja koostejuhend<\/li>\n<li>v\u00f5imalik teha m\u00f5\u00f5tudes ja avat\u00e4idetes muudatusi<\/li>\n<li>ehitusteatise jaoks vajalikud joonised<\/li>\n<li>tootmisse andmiseks piisab ettemaksust pool hinnast<\/li>\n<li>Eesti toode<\/li>\n<li>ilmastikukindel pakend<\/li>\n<\/ul>\n<p>K\u00fcsi paigaldust!<\/p>\n","protected":false},"featured_media":83053,"template":"","meta":{"_monsterinsights_skip_tracking":false,"_monsterinsights_sitenote_active":false,"_monsterinsights_sitenote_note":"","_monsterinsights_sitenote_category":0},"pwb-brand":[],"product_brand":[],"product_cat":[17182,13592,13540,13604,13608,13610],"product_tag":[13864,13913,13970,14224,17390,14252,17866,14266,17881,18033,13813,14310,13840,15285,15543],"class_list":{"0":"post-83051","1":"product","2":"type-product","3":"status-publish","4":"has-post-thumbnail","6":"product_cat-suvekoogid-alekeskus","7":"product_cat-aia-ja-grillmajad","8":"product_cat-hooned-alekeskus","9":"product_cat-saunad","10":"product_cat-kontorid","11":"product_cat-suvilad","12":"product_tag-huvimaja","13":"product_tag-vierasmaja","14":"product_tag-suvila","15":"product_tag-varjualune","16":"product_tag-freespalksuvila","17":"product_tag-suvemaja","18":"product_tag-hirsimokki","19":"product_tag-katusealune","20":"product_tag-hirsihuvila","21":"product_tag-rantamokki-2","22":"product_tag-aiamaja","23":"product_tag-kodukontor","24":"product_tag-kontor","25":"product_tag-kesamokki","26":"product_tag-pihakatos","27":"product_shipping_class-alates-1000kg","28":"pa_garantii-5-aastat","29":"pa_kohaletoimetamine-alates-180e","30":"pa_laoasukoht-tartumaa","31":"pa_pindalam-18162","32":"pa_seinapaksus-70-mm-2","33":"pa_tellimisaeg-6-8-nadalat","34":"pa_varv-viimistlemata","35":"pa_veame-eesti-ja-soome","37":"first","38":"onbackorder","39":"taxable","40":"shipping-taxable","41":"purchasable","42":"product-type-simple"},"yoast_head":"<!-- This site is optimized with the Yoast SEO plugin v27.3 - https:\/\/yoast.com\/product\/yoast-seo-wordpress\/ -->\n<title>Suvemaja Tennessee 34,3 m\u00b2 + terrass 11,4 m\u00b2 - Alekeskus<\/title>\n<meta name=\"description\" content=\"freespalksuvemaja terrassiga\" \/>\n<meta name=\"robots\" content=\"index, follow, max-snippet:-1, max-image-preview:large, max-video-preview:-1\" \/>\n<link rel=\"canonical\" href=\"https:\/\/alekeskus.eu\/toode\/suvemaja-tennessee-343-m\u00b2-terrass-114-m\u00b2\/\" \/>\n<meta property=\"og:locale\" content=\"et_EE\" \/>\n<meta property=\"og:type\" content=\"article\" \/>\n<meta property=\"og:title\" content=\"Suvemaja Tennessee 34,3 m\u00b2 + terrass 11,4 m\u00b2 - Alekeskus\" \/>\n<meta property=\"og:description\" content=\"freespalksuvemaja terrassiga\" \/>\n<meta property=\"og:url\" content=\"https:\/\/alekeskus.eu\/toode\/suvemaja-tennessee-343-m\u00b2-terrass-114-m\u00b2\/\" \/>\n<meta property=\"og:site_name\" content=\"Alekeskus\" \/>\n<meta property=\"article:modified_time\" content=\"2024-01-10T11:04:43+00:00\" \/>\n<meta property=\"og:image\" content=\"https:\/\/alekeskus.eu\/wp-content\/uploads\/2023\/07\/Tennessee-loodus-scaled.jpg\" \/>\n\t<meta property=\"og:image:width\" content=\"2560\" \/>\n\t<meta property=\"og:image:height\" content=\"1707\" \/>\n\t<meta property=\"og:image:type\" content=\"image\/jpeg\" \/>\n<meta name=\"twitter:card\" content=\"summary_large_image\" \/>\n<script type=\"application\/ld+json\" class=\"yoast-schema-graph\">{\"@context\":\"https:\\\/\\\/schema.org\",\"@graph\":[{\"@type\":\"WebPage\",\"@id\":\"https:\\\/\\\/alekeskus.eu\\\/toode\\\/suvemaja-tennessee-343-m%c2%b2-terrass-114-m%c2%b2\\\/\",\"url\":\"https:\\\/\\\/alekeskus.eu\\\/toode\\\/suvemaja-tennessee-343-m%c2%b2-terrass-114-m%c2%b2\\\/\",\"name\":\"Suvemaja Tennessee 34,3 m\u00b2 + terrass 11,4 m\u00b2 - Alekeskus\",\"isPartOf\":{\"@id\":\"https:\\\/\\\/alekeskus.eu\\\/#website\"},\"primaryImageOfPage\":{\"@id\":\"https:\\\/\\\/alekeskus.eu\\\/toode\\\/suvemaja-tennessee-343-m%c2%b2-terrass-114-m%c2%b2\\\/#primaryimage\"},\"image\":{\"@id\":\"https:\\\/\\\/alekeskus.eu\\\/toode\\\/suvemaja-tennessee-343-m%c2%b2-terrass-114-m%c2%b2\\\/#primaryimage\"},\"thumbnailUrl\":\"https:\\\/\\\/alekeskus.eu\\\/wp-content\\\/uploads\\\/2023\\\/07\\\/Tennessee-loodus-scaled.jpg\",\"datePublished\":\"2023-07-02T15:20:44+00:00\",\"dateModified\":\"2024-01-10T11:04:43+00:00\",\"description\":\"freespalksuvemaja terrassiga\",\"breadcrumb\":{\"@id\":\"https:\\\/\\\/alekeskus.eu\\\/toode\\\/suvemaja-tennessee-343-m%c2%b2-terrass-114-m%c2%b2\\\/#breadcrumb\"},\"inLanguage\":\"et\",\"potentialAction\":[{\"@type\":\"ReadAction\",\"target\":[\"https:\\\/\\\/alekeskus.eu\\\/toode\\\/suvemaja-tennessee-343-m%c2%b2-terrass-114-m%c2%b2\\\/\"]}]},{\"@type\":\"ImageObject\",\"inLanguage\":\"et\",\"@id\":\"https:\\\/\\\/alekeskus.eu\\\/toode\\\/suvemaja-tennessee-343-m%c2%b2-terrass-114-m%c2%b2\\\/#primaryimage\",\"url\":\"https:\\\/\\\/alekeskus.eu\\\/wp-content\\\/uploads\\\/2023\\\/07\\\/Tennessee-loodus-scaled.jpg\",\"contentUrl\":\"https:\\\/\\\/alekeskus.eu\\\/wp-content\\\/uploads\\\/2023\\\/07\\\/Tennessee-loodus-scaled.jpg\",\"width\":1600,\"height\":1067},{\"@type\":\"BreadcrumbList\",\"@id\":\"https:\\\/\\\/alekeskus.eu\\\/toode\\\/suvemaja-tennessee-343-m%c2%b2-terrass-114-m%c2%b2\\\/#breadcrumb\",\"itemListElement\":[{\"@type\":\"ListItem\",\"position\":1,\"name\":\"Avaleht\",\"item\":\"https:\\\/\\\/alekeskus.eu\\\/et\\\/\"},{\"@type\":\"ListItem\",\"position\":2,\"name\":\"Pood\",\"item\":\"https:\\\/\\\/alekeskus.eu\\\/pood\\\/\"},{\"@type\":\"ListItem\",\"position\":3,\"name\":\"Suvemaja Tennessee 34,3 m\u00b2 + terrass 11,4 m\u00b2\"}]},{\"@type\":\"WebSite\",\"@id\":\"https:\\\/\\\/alekeskus.eu\\\/#website\",\"url\":\"https:\\\/\\\/alekeskus.eu\\\/\",\"name\":\"Alekeskus\",\"description\":\"Alekeskus.eu\",\"potentialAction\":[{\"@type\":\"SearchAction\",\"target\":{\"@type\":\"EntryPoint\",\"urlTemplate\":\"https:\\\/\\\/alekeskus.eu\\\/?s={search_term_string}\"},\"query-input\":{\"@type\":\"PropertyValueSpecification\",\"valueRequired\":true,\"valueName\":\"search_term_string\"}}],\"inLanguage\":\"et\"}]}<\/script>\n<!-- \/ Yoast SEO plugin. -->","yoast_head_json":{"title":"Suvemaja Tennessee 34,3 m\u00b2 + terrass 11,4 m\u00b2 - Alekeskus","description":"freespalksuvemaja terrassiga","robots":{"index":"index","follow":"follow","max-snippet":"max-snippet:-1","max-image-preview":"max-image-preview:large","max-video-preview":"max-video-preview:-1"},"canonical":"https:\/\/alekeskus.eu\/toode\/suvemaja-tennessee-343-m\u00b2-terrass-114-m\u00b2\/","og_locale":"et_EE","og_type":"article","og_title":"Suvemaja Tennessee 34,3 m\u00b2 + terrass 11,4 m\u00b2 - Alekeskus","og_description":"freespalksuvemaja terrassiga","og_url":"https:\/\/alekeskus.eu\/toode\/suvemaja-tennessee-343-m\u00b2-terrass-114-m\u00b2\/","og_site_name":"Alekeskus","article_modified_time":"2024-01-10T11:04:43+00:00","og_image":[{"width":2560,"height":1707,"url":"https:\/\/alekeskus.eu\/wp-content\/uploads\/2023\/07\/Tennessee-loodus-scaled.jpg","type":"image\/jpeg"}],"twitter_card":"summary_large_image","schema":{"@context":"https:\/\/schema.org","@graph":[{"@type":"WebPage","@id":"https:\/\/alekeskus.eu\/toode\/suvemaja-tennessee-343-m%c2%b2-terrass-114-m%c2%b2\/","url":"https:\/\/alekeskus.eu\/toode\/suvemaja-tennessee-343-m%c2%b2-terrass-114-m%c2%b2\/","name":"Suvemaja Tennessee 34,3 m\u00b2 + terrass 11,4 m\u00b2 - Alekeskus","isPartOf":{"@id":"https:\/\/alekeskus.eu\/#website"},"primaryImageOfPage":{"@id":"https:\/\/alekeskus.eu\/toode\/suvemaja-tennessee-343-m%c2%b2-terrass-114-m%c2%b2\/#primaryimage"},"image":{"@id":"https:\/\/alekeskus.eu\/toode\/suvemaja-tennessee-343-m%c2%b2-terrass-114-m%c2%b2\/#primaryimage"},"thumbnailUrl":"https:\/\/alekeskus.eu\/wp-content\/uploads\/2023\/07\/Tennessee-loodus-scaled.jpg","datePublished":"2023-07-02T15:20:44+00:00","dateModified":"2024-01-10T11:04:43+00:00","description":"freespalksuvemaja terrassiga","breadcrumb":{"@id":"https:\/\/alekeskus.eu\/toode\/suvemaja-tennessee-343-m%c2%b2-terrass-114-m%c2%b2\/#breadcrumb"},"inLanguage":"et","potentialAction":[{"@type":"ReadAction","target":["https:\/\/alekeskus.eu\/toode\/suvemaja-tennessee-343-m%c2%b2-terrass-114-m%c2%b2\/"]}]},{"@type":"ImageObject","inLanguage":"et","@id":"https:\/\/alekeskus.eu\/toode\/suvemaja-tennessee-343-m%c2%b2-terrass-114-m%c2%b2\/#primaryimage","url":"https:\/\/alekeskus.eu\/wp-content\/uploads\/2023\/07\/Tennessee-loodus-scaled.jpg","contentUrl":"https:\/\/alekeskus.eu\/wp-content\/uploads\/2023\/07\/Tennessee-loodus-scaled.jpg","width":1600,"height":1067},{"@type":"BreadcrumbList","@id":"https:\/\/alekeskus.eu\/toode\/suvemaja-tennessee-343-m%c2%b2-terrass-114-m%c2%b2\/#breadcrumb","itemListElement":[{"@type":"ListItem","position":1,"name":"Avaleht","item":"https:\/\/alekeskus.eu\/et\/"},{"@type":"ListItem","position":2,"name":"Pood","item":"https:\/\/alekeskus.eu\/pood\/"},{"@type":"ListItem","position":3,"name":"Suvemaja Tennessee 34,3 m\u00b2 + terrass 11,4 m\u00b2"}]},{"@type":"WebSite","@id":"https:\/\/alekeskus.eu\/#website","url":"https:\/\/alekeskus.eu\/","name":"Alekeskus","description":"Alekeskus.eu","potentialAction":[{"@type":"SearchAction","target":{"@type":"EntryPoint","urlTemplate":"https:\/\/alekeskus.eu\/?s={search_term_string}"},"query-input":{"@type":"PropertyValueSpecification","valueRequired":true,"valueName":"search_term_string"}}],"inLanguage":"et"}]}},"brands":[],"_links":{"self":[{"href":"https:\/\/alekeskus.eu\/et\/wp-json\/wp\/v2\/product\/83051","targetHints":{"allow":["GET"]}}],"collection":[{"href":"https:\/\/alekeskus.eu\/et\/wp-json\/wp\/v2\/product"}],"about":[{"href":"https:\/\/alekeskus.eu\/et\/wp-json\/wp\/v2\/types\/product"}],"wp:featuredmedia":[{"embeddable":true,"href":"https:\/\/alekeskus.eu\/et\/wp-json\/wp\/v2\/media\/83053"}],"wp:attachment":[{"href":"https:\/\/alekeskus.eu\/et\/wp-json\/wp\/v2\/media?parent=83051"}],"wp:term":[{"taxonomy":"pwb-brand","embeddable":true,"href":"https:\/\/alekeskus.eu\/et\/wp-json\/wp\/v2\/pwb-brand?post=83051"},{"taxonomy":"product_brand","embeddable":true,"href":"https:\/\/alekeskus.eu\/et\/wp-json\/wp\/v2\/product_brand?post=83051"},{"taxonomy":"product_cat","embeddable":true,"href":"https:\/\/alekeskus.eu\/et\/wp-json\/wp\/v2\/product_cat?post=83051"},{"taxonomy":"product_tag","embeddable":true,"href":"https:\/\/alekeskus.eu\/et\/wp-json\/wp\/v2\/product_tag?post=83051"}],"curies":[{"name":"wp","href":"https:\/\/api.w.org\/{rel}","templated":true}]}}