{"id":83087,"date":"2023-12-04T11:40:15","date_gmt":"2023-12-04T11:40:15","guid":{"rendered":"https:\/\/alekeskus.eu\/?post_type=product&#038;p=83087"},"modified":"2025-02-28T15:47:37","modified_gmt":"2025-02-28T15:47:37","slug":"kumblustunn-205-x-205-alekeskus","status":"publish","type":"product","link":"https:\/\/alekeskus.eu\/et\/toode\/kumblustunn-205-x-205-alekeskus\/","title":{"rendered":"K\u00fcmblust\u00fcnn 2,05 x 2,05 m plastsisuga v\u00e4lisahjuga"},"content":{"rendered":"<h4><strong>Hinnas sisalduvad klaasplastist sisu, \u00f5litatud puidust \u00fcmbris, p\u00f5hjatalad, merealumiiniumist v\u00e4lisahi 2m korstnaga, \u00e4ravool kraaniga ja trepp.<\/strong><\/h4>\n","protected":false},"excerpt":{"rendered":"<p>Kandilise plastsisuga k\u00fcmblust\u00fcnn 4-6 k\u00fcmblejale.<\/p>\n<ul id=\"&quot;ahjud&quot;\">\n<li>V\u00e4lism\u00f5\u00f5dud 205 x 205 cm, sisem\u00f5\u00f5dud 179 x 179 cm<\/li>\n<li>K\u00f5rgus 111 cm, s\u00fcgavus 98 cm<\/li>\n<li>Kaal 250 kg, maht 1650 l<\/li>\n<li>K\u00fctteaeg 5-38\u00b0 2-3 tundi<\/li>\n<li>\u00d5litatud kuusepuidust vooder 20 mm (pruun v\u00f5i must); \u00f5litatud termopuidust(pruun v\u00f5i must) +200\u20ac<\/li>\n<li>P\u00f5hjatalad, trepp, 2m korsten<\/li>\n<li>Merealumiiniumist v\u00e4lisahjud 30kW(tagavool), 35kW(tagavool, klaasuks), 40kW(tagavool, klaasuks) ja 45 kW (parem- v\u00f5i vasakvool, klaasuksega)<\/li>\n<li>H\u00f5lpsasti hooldatav klaasplastist sisu, 3 v\u00e4rvi: sinine, valge v\u00f5i tumehall(tellides kirjuta soovitud v\u00e4rv m\u00e4rkusse)<\/li>\n<li>Eesti toode<\/li>\n<\/ul>\n<p>Telli lisad: jalavann, m\u00f5la, korstnapikendus, korstna kuumaitse, s\u00e4demep\u00fc\u00fcdja, termomeeter, kuppelkate, LED valgustus, jookide riiul, jookide laud, soojustus, mullis\u00fcsteem, ujuv termomeeter, kaelatugi.<\/p>\n","protected":false},"featured_media":85446,"template":"","meta":{"_monsterinsights_skip_tracking":false,"_monsterinsights_sitenote_active":false,"_monsterinsights_sitenote_note":"","_monsterinsights_sitenote_category":0},"pwb-brand":[],"product_brand":[],"product_cat":[13578,13536],"product_tag":[15011,15013,15014,15070,15087,14643,14997,18276,14998,18286,15006],"class_list":{"0":"post-83087","1":"product","2":"type-product","3":"status-publish","4":"has-post-thumbnail","6":"product_cat-kumblustunnid","7":"product_cat-saun-ja-kumblus","8":"product_tag-kumblustunn","9":"product_tag-spa","10":"product_tag-vann","11":"product_tag-palju","12":"product_tag-veemonud","13":"product_tag-terrass","14":"product_tag-saun","15":"product_tag-sisaallas","16":"product_tag-tunn","17":"product_tag-plastsisuga-kumblustunn","18":"product_tag-kylpytynnyri","19":"product_shipping_class-30-300kg","20":"pa_ahjuliikjavoimsus-valine-ahi-35kw","21":"pa_ahjuliikjavoimsus-valine-ahi-30","22":"pa_ahjuliikjavoimsus-valine-ahi-45kw","23":"pa_ahjuliikjavoimsus-valine-ahi-40kw","24":"pa_garantii-2-aastat","25":"pa_kaalkg-15072","26":"pa_kohaletoimetamine-veohind-mandri-eestis-alekeskus","27":"pa_laoasukoht-viljandimaa","28":"pa_veame-eesti-ja-soome","30":"first","31":"instock","32":"taxable","33":"shipping-taxable","34":"purchasable","35":"product-type-variable","36":"has-default-attributes"},"yoast_head":"<!-- This site is optimized with the Yoast SEO plugin v27.3 - https:\/\/yoast.com\/product\/yoast-seo-wordpress\/ -->\n<title>K\u00fcmblust\u00fcnn 2,05 x 2,05 m plastsisuga v\u00e4lisahjuga - Alekeskus<\/title>\n<meta name=\"description\" content=\"k\u00fcmblust\u00fcnn 2,05 x2,05 m v\u00e4lisahjuga ja h\u00f6lpsasti pestava plastsisuga, mille komplekti kuulub klaasplastist sisu, puidust \u00fcmbris, viimistlemine v\u00e4ljast puidu\u00f5liga, p\u00f5hjatalad, merealumiiniumist v\u00e4lisahi 2m korstnaga, \u00e4ravool kraaniga ja trepp.\" \/>\n<meta name=\"robots\" content=\"index, follow, max-snippet:-1, max-image-preview:large, max-video-preview:-1\" \/>\n<link rel=\"canonical\" href=\"https:\/\/alekeskus.eu\/toode\/kumblustunn-205-x-205-alekeskus\/\" \/>\n<meta property=\"og:locale\" content=\"et_EE\" \/>\n<meta property=\"og:type\" content=\"article\" \/>\n<meta property=\"og:title\" content=\"K\u00fcmblust\u00fcnn 2,05 x 2,05 m plastsisuga v\u00e4lisahjuga - Alekeskus\" \/>\n<meta property=\"og:description\" content=\"k\u00fcmblust\u00fcnn 2,05 x2,05 m v\u00e4lisahjuga ja h\u00f6lpsasti pestava plastsisuga, mille komplekti kuulub klaasplastist sisu, puidust \u00fcmbris, viimistlemine v\u00e4ljast puidu\u00f5liga, p\u00f5hjatalad, merealumiiniumist v\u00e4lisahi 2m korstnaga, \u00e4ravool kraaniga ja trepp.\" \/>\n<meta property=\"og:url\" content=\"https:\/\/alekeskus.eu\/toode\/kumblustunn-205-x-205-alekeskus\/\" \/>\n<meta property=\"og:site_name\" content=\"Alekeskus\" \/>\n<meta property=\"article:modified_time\" content=\"2025-02-28T15:47:37+00:00\" \/>\n<meta property=\"og:image\" content=\"https:\/\/alekeskus.eu\/wp-content\/uploads\/2023\/07\/205x205m-th-2.jpg\" \/>\n\t<meta property=\"og:image:width\" content=\"1200\" \/>\n\t<meta property=\"og:image:height\" content=\"900\" \/>\n\t<meta property=\"og:image:type\" content=\"image\/jpeg\" \/>\n<meta name=\"twitter:card\" content=\"summary_large_image\" \/>\n<meta name=\"twitter:label1\" content=\"Est. reading time\" \/>\n\t<meta name=\"twitter:data1\" content=\"1 minut\" \/>\n<script type=\"application\/ld+json\" class=\"yoast-schema-graph\">{\"@context\":\"https:\\\/\\\/schema.org\",\"@graph\":[{\"@type\":\"WebPage\",\"@id\":\"https:\\\/\\\/alekeskus.eu\\\/toode\\\/kumblustunn-205-x-205-alekeskus\\\/\",\"url\":\"https:\\\/\\\/alekeskus.eu\\\/toode\\\/kumblustunn-205-x-205-alekeskus\\\/\",\"name\":\"K\u00fcmblust\u00fcnn 2,05 x 2,05 m plastsisuga v\u00e4lisahjuga - Alekeskus\",\"isPartOf\":{\"@id\":\"https:\\\/\\\/alekeskus.eu\\\/#website\"},\"primaryImageOfPage\":{\"@id\":\"https:\\\/\\\/alekeskus.eu\\\/toode\\\/kumblustunn-205-x-205-alekeskus\\\/#primaryimage\"},\"image\":{\"@id\":\"https:\\\/\\\/alekeskus.eu\\\/toode\\\/kumblustunn-205-x-205-alekeskus\\\/#primaryimage\"},\"thumbnailUrl\":\"https:\\\/\\\/alekeskus.eu\\\/wp-content\\\/uploads\\\/2023\\\/07\\\/205x205m-th-2.jpg\",\"datePublished\":\"2023-12-04T11:40:15+00:00\",\"dateModified\":\"2025-02-28T15:47:37+00:00\",\"description\":\"k\u00fcmblust\u00fcnn 2,05 x2,05 m v\u00e4lisahjuga ja h\u00f6lpsasti pestava plastsisuga, mille komplekti kuulub klaasplastist sisu, puidust \u00fcmbris, viimistlemine v\u00e4ljast puidu\u00f5liga, p\u00f5hjatalad, merealumiiniumist v\u00e4lisahi 2m korstnaga, \u00e4ravool kraaniga ja trepp.\",\"breadcrumb\":{\"@id\":\"https:\\\/\\\/alekeskus.eu\\\/toode\\\/kumblustunn-205-x-205-alekeskus\\\/#breadcrumb\"},\"inLanguage\":\"et\",\"potentialAction\":[{\"@type\":\"ReadAction\",\"target\":[\"https:\\\/\\\/alekeskus.eu\\\/toode\\\/kumblustunn-205-x-205-alekeskus\\\/\"]}]},{\"@type\":\"ImageObject\",\"inLanguage\":\"et\",\"@id\":\"https:\\\/\\\/alekeskus.eu\\\/toode\\\/kumblustunn-205-x-205-alekeskus\\\/#primaryimage\",\"url\":\"https:\\\/\\\/alekeskus.eu\\\/wp-content\\\/uploads\\\/2023\\\/07\\\/205x205m-th-2.jpg\",\"contentUrl\":\"https:\\\/\\\/alekeskus.eu\\\/wp-content\\\/uploads\\\/2023\\\/07\\\/205x205m-th-2.jpg\",\"width\":1200,\"height\":900},{\"@type\":\"BreadcrumbList\",\"@id\":\"https:\\\/\\\/alekeskus.eu\\\/toode\\\/kumblustunn-205-x-205-alekeskus\\\/#breadcrumb\",\"itemListElement\":[{\"@type\":\"ListItem\",\"position\":1,\"name\":\"Avaleht\",\"item\":\"https:\\\/\\\/alekeskus.eu\\\/et\\\/\"},{\"@type\":\"ListItem\",\"position\":2,\"name\":\"Pood\",\"item\":\"https:\\\/\\\/alekeskus.eu\\\/pood\\\/\"},{\"@type\":\"ListItem\",\"position\":3,\"name\":\"K\u00fcmblust\u00fcnn 2,05 x 2,05 m plastsisuga v\u00e4lisahjuga\"}]},{\"@type\":\"WebSite\",\"@id\":\"https:\\\/\\\/alekeskus.eu\\\/#website\",\"url\":\"https:\\\/\\\/alekeskus.eu\\\/\",\"name\":\"Alekeskus\",\"description\":\"Alekeskus.eu\",\"potentialAction\":[{\"@type\":\"SearchAction\",\"target\":{\"@type\":\"EntryPoint\",\"urlTemplate\":\"https:\\\/\\\/alekeskus.eu\\\/?s={search_term_string}\"},\"query-input\":{\"@type\":\"PropertyValueSpecification\",\"valueRequired\":true,\"valueName\":\"search_term_string\"}}],\"inLanguage\":\"et\"}]}<\/script>\n<!-- \/ Yoast SEO plugin. -->","yoast_head_json":{"title":"K\u00fcmblust\u00fcnn 2,05 x 2,05 m plastsisuga v\u00e4lisahjuga - Alekeskus","description":"k\u00fcmblust\u00fcnn 2,05 x2,05 m v\u00e4lisahjuga ja h\u00f6lpsasti pestava plastsisuga, mille komplekti kuulub klaasplastist sisu, puidust \u00fcmbris, viimistlemine v\u00e4ljast puidu\u00f5liga, p\u00f5hjatalad, merealumiiniumist v\u00e4lisahi 2m korstnaga, \u00e4ravool kraaniga ja trepp.","robots":{"index":"index","follow":"follow","max-snippet":"max-snippet:-1","max-image-preview":"max-image-preview:large","max-video-preview":"max-video-preview:-1"},"canonical":"https:\/\/alekeskus.eu\/toode\/kumblustunn-205-x-205-alekeskus\/","og_locale":"et_EE","og_type":"article","og_title":"K\u00fcmblust\u00fcnn 2,05 x 2,05 m plastsisuga v\u00e4lisahjuga - Alekeskus","og_description":"k\u00fcmblust\u00fcnn 2,05 x2,05 m v\u00e4lisahjuga ja h\u00f6lpsasti pestava plastsisuga, mille komplekti kuulub klaasplastist sisu, puidust \u00fcmbris, viimistlemine v\u00e4ljast puidu\u00f5liga, p\u00f5hjatalad, merealumiiniumist v\u00e4lisahi 2m korstnaga, \u00e4ravool kraaniga ja trepp.","og_url":"https:\/\/alekeskus.eu\/toode\/kumblustunn-205-x-205-alekeskus\/","og_site_name":"Alekeskus","article_modified_time":"2025-02-28T15:47:37+00:00","og_image":[{"width":1200,"height":900,"url":"https:\/\/alekeskus.eu\/wp-content\/uploads\/2023\/07\/205x205m-th-2.jpg","type":"image\/jpeg"}],"twitter_card":"summary_large_image","twitter_misc":{"Est. reading time":"1 minut"},"schema":{"@context":"https:\/\/schema.org","@graph":[{"@type":"WebPage","@id":"https:\/\/alekeskus.eu\/toode\/kumblustunn-205-x-205-alekeskus\/","url":"https:\/\/alekeskus.eu\/toode\/kumblustunn-205-x-205-alekeskus\/","name":"K\u00fcmblust\u00fcnn 2,05 x 2,05 m plastsisuga v\u00e4lisahjuga - Alekeskus","isPartOf":{"@id":"https:\/\/alekeskus.eu\/#website"},"primaryImageOfPage":{"@id":"https:\/\/alekeskus.eu\/toode\/kumblustunn-205-x-205-alekeskus\/#primaryimage"},"image":{"@id":"https:\/\/alekeskus.eu\/toode\/kumblustunn-205-x-205-alekeskus\/#primaryimage"},"thumbnailUrl":"https:\/\/alekeskus.eu\/wp-content\/uploads\/2023\/07\/205x205m-th-2.jpg","datePublished":"2023-12-04T11:40:15+00:00","dateModified":"2025-02-28T15:47:37+00:00","description":"k\u00fcmblust\u00fcnn 2,05 x2,05 m v\u00e4lisahjuga ja h\u00f6lpsasti pestava plastsisuga, mille komplekti kuulub klaasplastist sisu, puidust \u00fcmbris, viimistlemine v\u00e4ljast puidu\u00f5liga, p\u00f5hjatalad, merealumiiniumist v\u00e4lisahi 2m korstnaga, \u00e4ravool kraaniga ja trepp.","breadcrumb":{"@id":"https:\/\/alekeskus.eu\/toode\/kumblustunn-205-x-205-alekeskus\/#breadcrumb"},"inLanguage":"et","potentialAction":[{"@type":"ReadAction","target":["https:\/\/alekeskus.eu\/toode\/kumblustunn-205-x-205-alekeskus\/"]}]},{"@type":"ImageObject","inLanguage":"et","@id":"https:\/\/alekeskus.eu\/toode\/kumblustunn-205-x-205-alekeskus\/#primaryimage","url":"https:\/\/alekeskus.eu\/wp-content\/uploads\/2023\/07\/205x205m-th-2.jpg","contentUrl":"https:\/\/alekeskus.eu\/wp-content\/uploads\/2023\/07\/205x205m-th-2.jpg","width":1200,"height":900},{"@type":"BreadcrumbList","@id":"https:\/\/alekeskus.eu\/toode\/kumblustunn-205-x-205-alekeskus\/#breadcrumb","itemListElement":[{"@type":"ListItem","position":1,"name":"Avaleht","item":"https:\/\/alekeskus.eu\/et\/"},{"@type":"ListItem","position":2,"name":"Pood","item":"https:\/\/alekeskus.eu\/pood\/"},{"@type":"ListItem","position":3,"name":"K\u00fcmblust\u00fcnn 2,05 x 2,05 m plastsisuga v\u00e4lisahjuga"}]},{"@type":"WebSite","@id":"https:\/\/alekeskus.eu\/#website","url":"https:\/\/alekeskus.eu\/","name":"Alekeskus","description":"Alekeskus.eu","potentialAction":[{"@type":"SearchAction","target":{"@type":"EntryPoint","urlTemplate":"https:\/\/alekeskus.eu\/?s={search_term_string}"},"query-input":{"@type":"PropertyValueSpecification","valueRequired":true,"valueName":"search_term_string"}}],"inLanguage":"et"}]}},"brands":[],"_links":{"self":[{"href":"https:\/\/alekeskus.eu\/et\/wp-json\/wp\/v2\/product\/83087","targetHints":{"allow":["GET"]}}],"collection":[{"href":"https:\/\/alekeskus.eu\/et\/wp-json\/wp\/v2\/product"}],"about":[{"href":"https:\/\/alekeskus.eu\/et\/wp-json\/wp\/v2\/types\/product"}],"wp:featuredmedia":[{"embeddable":true,"href":"https:\/\/alekeskus.eu\/et\/wp-json\/wp\/v2\/media\/85446"}],"wp:attachment":[{"href":"https:\/\/alekeskus.eu\/et\/wp-json\/wp\/v2\/media?parent=83087"}],"wp:term":[{"taxonomy":"pwb-brand","embeddable":true,"href":"https:\/\/alekeskus.eu\/et\/wp-json\/wp\/v2\/pwb-brand?post=83087"},{"taxonomy":"product_brand","embeddable":true,"href":"https:\/\/alekeskus.eu\/et\/wp-json\/wp\/v2\/product_brand?post=83087"},{"taxonomy":"product_cat","embeddable":true,"href":"https:\/\/alekeskus.eu\/et\/wp-json\/wp\/v2\/product_cat?post=83087"},{"taxonomy":"product_tag","embeddable":true,"href":"https:\/\/alekeskus.eu\/et\/wp-json\/wp\/v2\/product_tag?post=83087"}],"curies":[{"name":"wp","href":"https:\/\/api.w.org\/{rel}","templated":true}]}}