{"id":83114,"date":"2024-02-06T09:10:29","date_gmt":"2024-02-06T09:10:29","guid":{"rendered":"https:\/\/alekeskus.eu\/?post_type=product&#038;p=83114"},"modified":"2025-02-28T15:45:16","modified_gmt":"2025-02-28T15:45:16","slug":"kumblustunn-20-m-plastsisuga-integreeritud-ahjuga-alekeskus","status":"publish","type":"product","link":"https:\/\/alekeskus.eu\/et\/toode\/kumblustunn-20-m-plastsisuga-integreeritud-ahjuga-alekeskus\/","title":{"rendered":"K\u00fcmblust\u00fcnn 2,0 m plastsisuga ja 35 kW sisseehitatud ahjuga"},"content":{"rendered":"<h4><strong>Hinnas sisalduvad klaasplastist sisu, \u00f5litatud kuusepuidust \u00fcmbris, p\u00f5hjatalad, merealumiiniumist ahi 35 kW, 2 m korsten, korstna kuumakaitse, \u00e4ravool kraaniga ja trepp.<\/strong><\/h4>\n","protected":false},"excerpt":{"rendered":"<ul id=\"&quot;ahjud&quot;\">\n<li>V\u00e4lisl\u00e4bim\u00f5\u00f5t 200 cm, sisel\u00e4bim\u00f5\u00f5t 182 cm<\/li>\n<li>K\u00f5rgus 106 cm<\/li>\n<li>S\u00fcgavus 86 cm<\/li>\n<li>Kaal 170 kg, maht 1150 l<\/li>\n<li>K\u00fctteaeg 5-38\u00b0 1,5 h<\/li>\n<li>\u00d5litatud kuusest vooder (musta v\u00f5i pruuni \u00f5liga termopuit +150\u20ac)<\/li>\n<li>P\u00f5hjatalad, trepp, 2 m korsten kuumakaitsega<\/li>\n<li>Merealumiiniumist sisseehitatud ahi 35 kW musta esiseinaga (roostevaba esiseinaga +60\u20ac)<\/li>\n<li>Klaasplastist sisu, 3 v\u00e4rvi: sinine, helehall v\u00f5i tumehall(tellides kirjuta soovitud v\u00e4rv m\u00e4rkusse)<\/li>\n<li>Eesti toode<\/li>\n<\/ul>\n<p>Telli lisad: jalavann, m\u00f5la, korstnapikendus, s\u00e4demep\u00fc\u00fcdja, plastkuppel, PVC-kate v\u00f5i termokate, LED valgustus, jookide riiul, jookide laud, soojustus, mullis\u00fcsteem, ujuv termomeeter, kaelatugi.<\/p>\n<p>&nbsp;<\/p>\n","protected":false},"featured_media":85465,"template":"","meta":{"_monsterinsights_skip_tracking":false,"_monsterinsights_sitenote_active":false,"_monsterinsights_sitenote_note":"","_monsterinsights_sitenote_category":0},"pwb-brand":[],"product_brand":[],"product_cat":[13578,13538,13536],"product_tag":[15011,15013,15016,15070,15087,14643,18171,14997,18264,14998,18265,15006,18268],"class_list":{"0":"post-83114","1":"product","2":"type-product","3":"status-publish","4":"has-post-thumbnail","6":"product_cat-kumblustunnid","7":"product_cat-ale","8":"product_cat-saun-ja-kumblus","9":"product_tag-kumblustunn","10":"product_tag-spa","11":"product_tag-pesu","12":"product_tag-palju","13":"product_tag-veemonud","14":"product_tag-terrass","15":"product_tag-kodu-spa","16":"product_tag-saun","17":"product_tag-integroidu-kamiina","18":"product_tag-tunn","19":"product_tag-sisaanrakennettu-puulammitteinen-korkealaatuisesta-ruostumattomasta-teraksesta-kamiina","20":"product_tag-kylpytynnyri","21":"product_tag-kotin-spa","22":"product_shipping_class-30-300kg","23":"pa_garantii-2-aastat","24":"pa_kohaletoimetamine-veohind-mandri-eestis-alekeskus","25":"pa_laoasukoht-viljandimaa","26":"pa_veame-eesti-ja-soome","28":"first","29":"instock","30":"featured","31":"taxable","32":"shipping-taxable","33":"purchasable","34":"product-type-simple"},"yoast_head":"<!-- This site is optimized with the Yoast SEO plugin v27.3 - https:\/\/yoast.com\/product\/yoast-seo-wordpress\/ -->\n<title>K\u00fcmblust\u00fcnn 2,0 m plastsisuga ja 35 kW sisseehitatud ahjuga - Alekeskus<\/title>\n<meta name=\"description\" content=\"k\u00fcmblust\u00fcnn 2,0 m integreeritud ahjuga ja h\u00f6lpsasti pestava plastsisuga, mille komplekti kuulub klaasplastist sisu, puidust \u00fcmbris puidu\u00f5liga, p\u00f5hjatalad, merealumiiniumist integreeritud ahi 2m korstnaga, kuumakaitse, \u00e4ravool kraaniga ja trepp.\" \/>\n<meta name=\"robots\" content=\"index, follow, max-snippet:-1, max-image-preview:large, max-video-preview:-1\" \/>\n<link rel=\"canonical\" href=\"https:\/\/alekeskus.eu\/toode\/kumblustunn-20-m-plastsisuga-integreeritud-ahjuga-alekeskus\/\" \/>\n<meta property=\"og:locale\" content=\"et_EE\" \/>\n<meta property=\"og:type\" content=\"article\" \/>\n<meta property=\"og:title\" content=\"K\u00fcmblust\u00fcnn 2,0 m plastsisuga ja 35 kW sisseehitatud ahjuga - Alekeskus\" \/>\n<meta property=\"og:description\" content=\"k\u00fcmblust\u00fcnn 2,0 m integreeritud ahjuga ja h\u00f6lpsasti pestava plastsisuga, mille komplekti kuulub klaasplastist sisu, puidust \u00fcmbris puidu\u00f5liga, p\u00f5hjatalad, merealumiiniumist integreeritud ahi 2m korstnaga, kuumakaitse, \u00e4ravool kraaniga ja trepp.\" \/>\n<meta property=\"og:url\" content=\"https:\/\/alekeskus.eu\/toode\/kumblustunn-20-m-plastsisuga-integreeritud-ahjuga-alekeskus\/\" \/>\n<meta property=\"og:site_name\" content=\"Alekeskus\" \/>\n<meta property=\"article:modified_time\" content=\"2025-02-28T15:45:16+00:00\" \/>\n<meta property=\"og:image\" content=\"https:\/\/alekeskus.eu\/wp-content\/uploads\/2024\/02\/Integreeritud-2024-ahjuga-ja-korstnaga-1024x1024.png\" \/>\n\t<meta property=\"og:image:width\" content=\"1024\" \/>\n\t<meta property=\"og:image:height\" content=\"1024\" \/>\n\t<meta property=\"og:image:type\" content=\"image\/png\" \/>\n<meta name=\"twitter:card\" content=\"summary_large_image\" \/>\n<meta name=\"twitter:label1\" content=\"Est. reading time\" \/>\n\t<meta name=\"twitter:data1\" content=\"1 minut\" \/>\n<script type=\"application\/ld+json\" class=\"yoast-schema-graph\">{\"@context\":\"https:\\\/\\\/schema.org\",\"@graph\":[{\"@type\":\"WebPage\",\"@id\":\"https:\\\/\\\/alekeskus.eu\\\/toode\\\/kumblustunn-20-m-plastsisuga-integreeritud-ahjuga-alekeskus\\\/\",\"url\":\"https:\\\/\\\/alekeskus.eu\\\/toode\\\/kumblustunn-20-m-plastsisuga-integreeritud-ahjuga-alekeskus\\\/\",\"name\":\"K\u00fcmblust\u00fcnn 2,0 m plastsisuga ja 35 kW sisseehitatud ahjuga - Alekeskus\",\"isPartOf\":{\"@id\":\"https:\\\/\\\/alekeskus.eu\\\/#website\"},\"primaryImageOfPage\":{\"@id\":\"https:\\\/\\\/alekeskus.eu\\\/toode\\\/kumblustunn-20-m-plastsisuga-integreeritud-ahjuga-alekeskus\\\/#primaryimage\"},\"image\":{\"@id\":\"https:\\\/\\\/alekeskus.eu\\\/toode\\\/kumblustunn-20-m-plastsisuga-integreeritud-ahjuga-alekeskus\\\/#primaryimage\"},\"thumbnailUrl\":\"https:\\\/\\\/alekeskus.eu\\\/wp-content\\\/uploads\\\/2024\\\/02\\\/Integreeritud-2024-ahjuga-ja-korstnaga.png\",\"datePublished\":\"2024-02-06T09:10:29+00:00\",\"dateModified\":\"2025-02-28T15:45:16+00:00\",\"description\":\"k\u00fcmblust\u00fcnn 2,0 m integreeritud ahjuga ja h\u00f6lpsasti pestava plastsisuga, mille komplekti kuulub klaasplastist sisu, puidust \u00fcmbris puidu\u00f5liga, p\u00f5hjatalad, merealumiiniumist integreeritud ahi 2m korstnaga, kuumakaitse, \u00e4ravool kraaniga ja trepp.\",\"breadcrumb\":{\"@id\":\"https:\\\/\\\/alekeskus.eu\\\/toode\\\/kumblustunn-20-m-plastsisuga-integreeritud-ahjuga-alekeskus\\\/#breadcrumb\"},\"inLanguage\":\"et\",\"potentialAction\":[{\"@type\":\"ReadAction\",\"target\":[\"https:\\\/\\\/alekeskus.eu\\\/toode\\\/kumblustunn-20-m-plastsisuga-integreeritud-ahjuga-alekeskus\\\/\"]}]},{\"@type\":\"ImageObject\",\"inLanguage\":\"et\",\"@id\":\"https:\\\/\\\/alekeskus.eu\\\/toode\\\/kumblustunn-20-m-plastsisuga-integreeritud-ahjuga-alekeskus\\\/#primaryimage\",\"url\":\"https:\\\/\\\/alekeskus.eu\\\/wp-content\\\/uploads\\\/2024\\\/02\\\/Integreeritud-2024-ahjuga-ja-korstnaga.png\",\"contentUrl\":\"https:\\\/\\\/alekeskus.eu\\\/wp-content\\\/uploads\\\/2024\\\/02\\\/Integreeritud-2024-ahjuga-ja-korstnaga.png\",\"width\":1082,\"height\":1600},{\"@type\":\"BreadcrumbList\",\"@id\":\"https:\\\/\\\/alekeskus.eu\\\/toode\\\/kumblustunn-20-m-plastsisuga-integreeritud-ahjuga-alekeskus\\\/#breadcrumb\",\"itemListElement\":[{\"@type\":\"ListItem\",\"position\":1,\"name\":\"Avaleht\",\"item\":\"https:\\\/\\\/alekeskus.eu\\\/et\\\/\"},{\"@type\":\"ListItem\",\"position\":2,\"name\":\"Pood\",\"item\":\"https:\\\/\\\/alekeskus.eu\\\/pood\\\/\"},{\"@type\":\"ListItem\",\"position\":3,\"name\":\"K\u00fcmblust\u00fcnn 2,0 m plastsisuga ja 35 kW sisseehitatud ahjuga\"}]},{\"@type\":\"WebSite\",\"@id\":\"https:\\\/\\\/alekeskus.eu\\\/#website\",\"url\":\"https:\\\/\\\/alekeskus.eu\\\/\",\"name\":\"Alekeskus\",\"description\":\"Alekeskus.eu\",\"potentialAction\":[{\"@type\":\"SearchAction\",\"target\":{\"@type\":\"EntryPoint\",\"urlTemplate\":\"https:\\\/\\\/alekeskus.eu\\\/?s={search_term_string}\"},\"query-input\":{\"@type\":\"PropertyValueSpecification\",\"valueRequired\":true,\"valueName\":\"search_term_string\"}}],\"inLanguage\":\"et\"}]}<\/script>\n<!-- \/ Yoast SEO plugin. -->","yoast_head_json":{"title":"K\u00fcmblust\u00fcnn 2,0 m plastsisuga ja 35 kW sisseehitatud ahjuga - Alekeskus","description":"k\u00fcmblust\u00fcnn 2,0 m integreeritud ahjuga ja h\u00f6lpsasti pestava plastsisuga, mille komplekti kuulub klaasplastist sisu, puidust \u00fcmbris puidu\u00f5liga, p\u00f5hjatalad, merealumiiniumist integreeritud ahi 2m korstnaga, kuumakaitse, \u00e4ravool kraaniga ja trepp.","robots":{"index":"index","follow":"follow","max-snippet":"max-snippet:-1","max-image-preview":"max-image-preview:large","max-video-preview":"max-video-preview:-1"},"canonical":"https:\/\/alekeskus.eu\/toode\/kumblustunn-20-m-plastsisuga-integreeritud-ahjuga-alekeskus\/","og_locale":"et_EE","og_type":"article","og_title":"K\u00fcmblust\u00fcnn 2,0 m plastsisuga ja 35 kW sisseehitatud ahjuga - Alekeskus","og_description":"k\u00fcmblust\u00fcnn 2,0 m integreeritud ahjuga ja h\u00f6lpsasti pestava plastsisuga, mille komplekti kuulub klaasplastist sisu, puidust \u00fcmbris puidu\u00f5liga, p\u00f5hjatalad, merealumiiniumist integreeritud ahi 2m korstnaga, kuumakaitse, \u00e4ravool kraaniga ja trepp.","og_url":"https:\/\/alekeskus.eu\/toode\/kumblustunn-20-m-plastsisuga-integreeritud-ahjuga-alekeskus\/","og_site_name":"Alekeskus","article_modified_time":"2025-02-28T15:45:16+00:00","og_image":[{"width":1024,"height":1024,"url":"https:\/\/alekeskus.eu\/wp-content\/uploads\/2024\/02\/Integreeritud-2024-ahjuga-ja-korstnaga-1024x1024.png","type":"image\/png"}],"twitter_card":"summary_large_image","twitter_misc":{"Est. reading time":"1 minut"},"schema":{"@context":"https:\/\/schema.org","@graph":[{"@type":"WebPage","@id":"https:\/\/alekeskus.eu\/toode\/kumblustunn-20-m-plastsisuga-integreeritud-ahjuga-alekeskus\/","url":"https:\/\/alekeskus.eu\/toode\/kumblustunn-20-m-plastsisuga-integreeritud-ahjuga-alekeskus\/","name":"K\u00fcmblust\u00fcnn 2,0 m plastsisuga ja 35 kW sisseehitatud ahjuga - Alekeskus","isPartOf":{"@id":"https:\/\/alekeskus.eu\/#website"},"primaryImageOfPage":{"@id":"https:\/\/alekeskus.eu\/toode\/kumblustunn-20-m-plastsisuga-integreeritud-ahjuga-alekeskus\/#primaryimage"},"image":{"@id":"https:\/\/alekeskus.eu\/toode\/kumblustunn-20-m-plastsisuga-integreeritud-ahjuga-alekeskus\/#primaryimage"},"thumbnailUrl":"https:\/\/alekeskus.eu\/wp-content\/uploads\/2024\/02\/Integreeritud-2024-ahjuga-ja-korstnaga.png","datePublished":"2024-02-06T09:10:29+00:00","dateModified":"2025-02-28T15:45:16+00:00","description":"k\u00fcmblust\u00fcnn 2,0 m integreeritud ahjuga ja h\u00f6lpsasti pestava plastsisuga, mille komplekti kuulub klaasplastist sisu, puidust \u00fcmbris puidu\u00f5liga, p\u00f5hjatalad, merealumiiniumist integreeritud ahi 2m korstnaga, kuumakaitse, \u00e4ravool kraaniga ja trepp.","breadcrumb":{"@id":"https:\/\/alekeskus.eu\/toode\/kumblustunn-20-m-plastsisuga-integreeritud-ahjuga-alekeskus\/#breadcrumb"},"inLanguage":"et","potentialAction":[{"@type":"ReadAction","target":["https:\/\/alekeskus.eu\/toode\/kumblustunn-20-m-plastsisuga-integreeritud-ahjuga-alekeskus\/"]}]},{"@type":"ImageObject","inLanguage":"et","@id":"https:\/\/alekeskus.eu\/toode\/kumblustunn-20-m-plastsisuga-integreeritud-ahjuga-alekeskus\/#primaryimage","url":"https:\/\/alekeskus.eu\/wp-content\/uploads\/2024\/02\/Integreeritud-2024-ahjuga-ja-korstnaga.png","contentUrl":"https:\/\/alekeskus.eu\/wp-content\/uploads\/2024\/02\/Integreeritud-2024-ahjuga-ja-korstnaga.png","width":1082,"height":1600},{"@type":"BreadcrumbList","@id":"https:\/\/alekeskus.eu\/toode\/kumblustunn-20-m-plastsisuga-integreeritud-ahjuga-alekeskus\/#breadcrumb","itemListElement":[{"@type":"ListItem","position":1,"name":"Avaleht","item":"https:\/\/alekeskus.eu\/et\/"},{"@type":"ListItem","position":2,"name":"Pood","item":"https:\/\/alekeskus.eu\/pood\/"},{"@type":"ListItem","position":3,"name":"K\u00fcmblust\u00fcnn 2,0 m plastsisuga ja 35 kW sisseehitatud ahjuga"}]},{"@type":"WebSite","@id":"https:\/\/alekeskus.eu\/#website","url":"https:\/\/alekeskus.eu\/","name":"Alekeskus","description":"Alekeskus.eu","potentialAction":[{"@type":"SearchAction","target":{"@type":"EntryPoint","urlTemplate":"https:\/\/alekeskus.eu\/?s={search_term_string}"},"query-input":{"@type":"PropertyValueSpecification","valueRequired":true,"valueName":"search_term_string"}}],"inLanguage":"et"}]}},"brands":[],"_links":{"self":[{"href":"https:\/\/alekeskus.eu\/et\/wp-json\/wp\/v2\/product\/83114","targetHints":{"allow":["GET"]}}],"collection":[{"href":"https:\/\/alekeskus.eu\/et\/wp-json\/wp\/v2\/product"}],"about":[{"href":"https:\/\/alekeskus.eu\/et\/wp-json\/wp\/v2\/types\/product"}],"wp:featuredmedia":[{"embeddable":true,"href":"https:\/\/alekeskus.eu\/et\/wp-json\/wp\/v2\/media\/85465"}],"wp:attachment":[{"href":"https:\/\/alekeskus.eu\/et\/wp-json\/wp\/v2\/media?parent=83114"}],"wp:term":[{"taxonomy":"pwb-brand","embeddable":true,"href":"https:\/\/alekeskus.eu\/et\/wp-json\/wp\/v2\/pwb-brand?post=83114"},{"taxonomy":"product_brand","embeddable":true,"href":"https:\/\/alekeskus.eu\/et\/wp-json\/wp\/v2\/product_brand?post=83114"},{"taxonomy":"product_cat","embeddable":true,"href":"https:\/\/alekeskus.eu\/et\/wp-json\/wp\/v2\/product_cat?post=83114"},{"taxonomy":"product_tag","embeddable":true,"href":"https:\/\/alekeskus.eu\/et\/wp-json\/wp\/v2\/product_tag?post=83114"}],"curies":[{"name":"wp","href":"https:\/\/api.w.org\/{rel}","templated":true}]}}