{"id":83286,"date":"2023-08-14T14:11:09","date_gmt":"2023-08-14T14:11:09","guid":{"rendered":"https:\/\/alekeskus.eu\/?post_type=product&#038;p=83286"},"modified":"2026-02-24T18:08:57","modified_gmt":"2026-02-24T18:08:57","slug":"aiakuur-jura-alekeskus","status":"publish","type":"product","link":"https:\/\/alekeskus.eu\/et\/toode\/aiakuur-jura-alekeskus\/","title":{"rendered":"Aiakuur Jura 4,7 m\u00b2 seina \u00e4\u00e4rde"},"content":{"rendered":"<p>V\u00c4RVIMISE TEENUSE KIRJELDUS:<\/p>\n<p>Sein v\u00e4rvitakse 3-st k\u00fcljest, ka punnsooned. 4 standardv\u00e4rvi: rootsi punane, s\u00fcsihall, helehall, roheline. Sisepind j\u00e4\u00e4b naturaalseks. Maja nurgad on v\u00e4rvitud igast k\u00fcljest. V\u00e4rvi kantakse detailidele 2 kihti. \u27a2 P\u00f5randa- ja laelauad ning p\u00e4rlinid j\u00e4\u00e4vad v\u00e4rvimata. \u27a2 Aknad ja uksed v\u00e4rvitakse valgeks igast k\u00fcljest. \u27a2 K\u00f5ik v\u00e4lised liistud (viilulauad ja liistud) v\u00e4rvitakse valgeks. \u27a2 Kvaliteetne v\u00e4rv tuntud Saksa tootjalt OSMO<\/p>\n<p>V\u00e4rvitud tootel u 1 kuu pikem tellimisaeg.<\/p>\n<p>Paigaldusjuhend: <a href=\"https:\/\/alekeskus.eu\/wp-content\/uploads\/2023\/08\/Jura-ohje.pdf\">Jura ohje<\/a><\/p>\n","protected":false},"excerpt":{"rendered":"<p>Jura on p\u00fcstitatav eraldiseisva aiakuurina kui ka elumaja seinale toetuva lisahoonena.<\/p>\n<p>V\u00e4lism\u00f5\u00f5dud: <strong>180<\/strong><b> x 275 cm. <\/b>Seina\u00a0k\u00f5rgused<strong> 194 cm ja 268 cm. <\/strong><strong>\u00a0<\/strong><\/p>\n<ul>\n<li>tuuletapiga freespalk <strong>28 mm<\/strong><\/li>\n<li>punnitud katuselauad 15 x 90 mm; p\u00f5rand ei sisaldu hinnas<\/li>\n<li>silinderlukuga klaasiga uks 77,5 x 185 cm<\/li>\n<li>v\u00e4lja avanev aken 82 x 54 cm<\/li>\n<li>katusekate ei sisaldu hinnas (soovi korral telli lisahinnaga 1 rulli katusepappi v\u00f5i 3 pk sindelkatust)<\/li>\n<li>\n<div class=\"spec-name\">katuse kalle 7\u00b0, pindala 21 m<sup>2<\/sup><\/div>\n<\/li>\n<li>\n<div class=\"spec-name\">kinnitusvahendid ja juhend<\/div>\n<\/li>\n<li>tellitav v\u00e4ljast v\u00e4rvituna +800\u20ac (hele-ja tumehall, rootsi punane, roheline, liistud-uks \u00fcleni valged; loe alt kirjeldust, tellimisaeg 3-4 n\u00e4dalat pikem)<\/li>\n<li>ilmastikukindel pakend<\/li>\n<li>Eesti toode<\/li>\n<li>tehase garantii 5 aastat<\/li>\n<\/ul>\n<p>Vedu mandril 100\u20ac v\u00f5i kraana-autoga 350\u20ac(suursaartele vastavalt 180\u20ac ja 590\u20ac).<\/p>\n<p>K\u00fcsi ka paigaldust!<\/p>\n","protected":false},"featured_media":83311,"template":"","meta":{"_monsterinsights_skip_tracking":false,"_monsterinsights_sitenote_active":false,"_monsterinsights_sitenote_note":"","_monsterinsights_sitenote_category":0},"pwb-brand":[],"product_brand":[],"product_cat":[13540,13600],"product_tag":[13905,14264,14265,14277,15216,15841,13819,17936,17999],"class_list":{"0":"post-83286","1":"product","2":"type-product","3":"status-publish","4":"has-post-thumbnail","6":"product_cat-hooned-alekeskus","7":"product_cat-kuurid-aidad-kioskid","8":"product_tag-aitta","9":"product_tag-aiakuur","10":"product_tag-pihavaja","11":"product_tag-freespalk","12":"product_tag-ait","13":"product_tag-pyoravaja","14":"product_tag-vaja","15":"product_tag-pihavarasto","16":"product_tag-varastorakennus","17":"product_shipping_class-kuni-1000kg","18":"pa_garantii-5-aastat","19":"pa_laoasukoht-tartumaa","20":"pa_pindalam-15387","21":"pa_seinapaksus-28-mm","22":"pa_varv-roheline","23":"pa_varv-punane","24":"pa_varv-viimistlemata","25":"pa_varv-tumehall","26":"pa_varv-helehall","27":"pa_veame-eesti-ja-soome","29":"first","30":"instock","31":"taxable","32":"shipping-taxable","33":"purchasable","34":"product-type-variable"},"yoast_head":"<!-- This site is optimized with the Yoast SEO plugin v27.3 - https:\/\/yoast.com\/product\/yoast-seo-wordpress\/ -->\n<title>Aiakuur Jura 4,7 m\u00b2 seina \u00e4\u00e4rde - Alekeskus<\/title>\n<meta name=\"description\" content=\"aiakuur seina \u00e4\u00e4rde\" \/>\n<meta name=\"robots\" content=\"index, follow, max-snippet:-1, max-image-preview:large, max-video-preview:-1\" \/>\n<link rel=\"canonical\" href=\"https:\/\/alekeskus.eu\/et\/toode\/aiakuur-jura-alekeskus\/\" \/>\n<meta property=\"og:locale\" content=\"et_EE\" \/>\n<meta property=\"og:type\" content=\"article\" \/>\n<meta property=\"og:title\" content=\"Aiakuur Jura 4,7 m\u00b2 seina \u00e4\u00e4rde - Alekeskus\" \/>\n<meta property=\"og:description\" content=\"aiakuur seina \u00e4\u00e4rde\" \/>\n<meta property=\"og:url\" content=\"https:\/\/alekeskus.eu\/et\/toode\/aiakuur-jura-alekeskus\/\" \/>\n<meta property=\"og:site_name\" content=\"Alekeskus\" \/>\n<meta property=\"article:modified_time\" content=\"2026-02-24T18:08:57+00:00\" \/>\n<meta property=\"og:image\" content=\"https:\/\/alekeskus.eu\/wp-content\/uploads\/2023\/08\/Jura2-majaga.jpg\" \/>\n\t<meta property=\"og:image:width\" content=\"1600\" \/>\n\t<meta property=\"og:image:height\" content=\"1067\" \/>\n\t<meta property=\"og:image:type\" content=\"image\/jpeg\" \/>\n<meta name=\"twitter:card\" content=\"summary_large_image\" \/>\n<meta name=\"twitter:label1\" content=\"Est. reading time\" \/>\n\t<meta name=\"twitter:data1\" content=\"1 minut\" \/>\n<script type=\"application\/ld+json\" class=\"yoast-schema-graph\">{\"@context\":\"https:\\\/\\\/schema.org\",\"@graph\":[{\"@type\":\"WebPage\",\"@id\":\"https:\\\/\\\/alekeskus.eu\\\/et\\\/toode\\\/aiakuur-jura-alekeskus\\\/\",\"url\":\"https:\\\/\\\/alekeskus.eu\\\/et\\\/toode\\\/aiakuur-jura-alekeskus\\\/\",\"name\":\"Aiakuur Jura 4,7 m\u00b2 seina \u00e4\u00e4rde - Alekeskus\",\"isPartOf\":{\"@id\":\"https:\\\/\\\/alekeskus.eu\\\/#website\"},\"primaryImageOfPage\":{\"@id\":\"https:\\\/\\\/alekeskus.eu\\\/et\\\/toode\\\/aiakuur-jura-alekeskus\\\/#primaryimage\"},\"image\":{\"@id\":\"https:\\\/\\\/alekeskus.eu\\\/et\\\/toode\\\/aiakuur-jura-alekeskus\\\/#primaryimage\"},\"thumbnailUrl\":\"https:\\\/\\\/alekeskus.eu\\\/wp-content\\\/uploads\\\/2023\\\/08\\\/Jura2-majaga.jpg\",\"datePublished\":\"2023-08-14T14:11:09+00:00\",\"dateModified\":\"2026-02-24T18:08:57+00:00\",\"description\":\"aiakuur seina \u00e4\u00e4rde\",\"breadcrumb\":{\"@id\":\"https:\\\/\\\/alekeskus.eu\\\/et\\\/toode\\\/aiakuur-jura-alekeskus\\\/#breadcrumb\"},\"inLanguage\":\"et\",\"potentialAction\":[{\"@type\":\"ReadAction\",\"target\":[\"https:\\\/\\\/alekeskus.eu\\\/et\\\/toode\\\/aiakuur-jura-alekeskus\\\/\"]}]},{\"@type\":\"ImageObject\",\"inLanguage\":\"et\",\"@id\":\"https:\\\/\\\/alekeskus.eu\\\/et\\\/toode\\\/aiakuur-jura-alekeskus\\\/#primaryimage\",\"url\":\"https:\\\/\\\/alekeskus.eu\\\/wp-content\\\/uploads\\\/2023\\\/08\\\/Jura2-majaga.jpg\",\"contentUrl\":\"https:\\\/\\\/alekeskus.eu\\\/wp-content\\\/uploads\\\/2023\\\/08\\\/Jura2-majaga.jpg\",\"width\":1600,\"height\":1067},{\"@type\":\"BreadcrumbList\",\"@id\":\"https:\\\/\\\/alekeskus.eu\\\/et\\\/toode\\\/aiakuur-jura-alekeskus\\\/#breadcrumb\",\"itemListElement\":[{\"@type\":\"ListItem\",\"position\":1,\"name\":\"Avaleht\",\"item\":\"https:\\\/\\\/alekeskus.eu\\\/et\\\/\"},{\"@type\":\"ListItem\",\"position\":2,\"name\":\"Pood\",\"item\":\"https:\\\/\\\/alekeskus.eu\\\/pood\\\/\"},{\"@type\":\"ListItem\",\"position\":3,\"name\":\"Aiakuur Jura 4,7 m\u00b2 seina \u00e4\u00e4rde\"}]},{\"@type\":\"WebSite\",\"@id\":\"https:\\\/\\\/alekeskus.eu\\\/#website\",\"url\":\"https:\\\/\\\/alekeskus.eu\\\/\",\"name\":\"Alekeskus\",\"description\":\"Alekeskus.eu\",\"potentialAction\":[{\"@type\":\"SearchAction\",\"target\":{\"@type\":\"EntryPoint\",\"urlTemplate\":\"https:\\\/\\\/alekeskus.eu\\\/?s={search_term_string}\"},\"query-input\":{\"@type\":\"PropertyValueSpecification\",\"valueRequired\":true,\"valueName\":\"search_term_string\"}}],\"inLanguage\":\"et\"}]}<\/script>\n<!-- \/ Yoast SEO plugin. -->","yoast_head_json":{"title":"Aiakuur Jura 4,7 m\u00b2 seina \u00e4\u00e4rde - Alekeskus","description":"aiakuur seina \u00e4\u00e4rde","robots":{"index":"index","follow":"follow","max-snippet":"max-snippet:-1","max-image-preview":"max-image-preview:large","max-video-preview":"max-video-preview:-1"},"canonical":"https:\/\/alekeskus.eu\/et\/toode\/aiakuur-jura-alekeskus\/","og_locale":"et_EE","og_type":"article","og_title":"Aiakuur Jura 4,7 m\u00b2 seina \u00e4\u00e4rde - Alekeskus","og_description":"aiakuur seina \u00e4\u00e4rde","og_url":"https:\/\/alekeskus.eu\/et\/toode\/aiakuur-jura-alekeskus\/","og_site_name":"Alekeskus","article_modified_time":"2026-02-24T18:08:57+00:00","og_image":[{"width":1600,"height":1067,"url":"https:\/\/alekeskus.eu\/wp-content\/uploads\/2023\/08\/Jura2-majaga.jpg","type":"image\/jpeg"}],"twitter_card":"summary_large_image","twitter_misc":{"Est. reading time":"1 minut"},"schema":{"@context":"https:\/\/schema.org","@graph":[{"@type":"WebPage","@id":"https:\/\/alekeskus.eu\/et\/toode\/aiakuur-jura-alekeskus\/","url":"https:\/\/alekeskus.eu\/et\/toode\/aiakuur-jura-alekeskus\/","name":"Aiakuur Jura 4,7 m\u00b2 seina \u00e4\u00e4rde - Alekeskus","isPartOf":{"@id":"https:\/\/alekeskus.eu\/#website"},"primaryImageOfPage":{"@id":"https:\/\/alekeskus.eu\/et\/toode\/aiakuur-jura-alekeskus\/#primaryimage"},"image":{"@id":"https:\/\/alekeskus.eu\/et\/toode\/aiakuur-jura-alekeskus\/#primaryimage"},"thumbnailUrl":"https:\/\/alekeskus.eu\/wp-content\/uploads\/2023\/08\/Jura2-majaga.jpg","datePublished":"2023-08-14T14:11:09+00:00","dateModified":"2026-02-24T18:08:57+00:00","description":"aiakuur seina \u00e4\u00e4rde","breadcrumb":{"@id":"https:\/\/alekeskus.eu\/et\/toode\/aiakuur-jura-alekeskus\/#breadcrumb"},"inLanguage":"et","potentialAction":[{"@type":"ReadAction","target":["https:\/\/alekeskus.eu\/et\/toode\/aiakuur-jura-alekeskus\/"]}]},{"@type":"ImageObject","inLanguage":"et","@id":"https:\/\/alekeskus.eu\/et\/toode\/aiakuur-jura-alekeskus\/#primaryimage","url":"https:\/\/alekeskus.eu\/wp-content\/uploads\/2023\/08\/Jura2-majaga.jpg","contentUrl":"https:\/\/alekeskus.eu\/wp-content\/uploads\/2023\/08\/Jura2-majaga.jpg","width":1600,"height":1067},{"@type":"BreadcrumbList","@id":"https:\/\/alekeskus.eu\/et\/toode\/aiakuur-jura-alekeskus\/#breadcrumb","itemListElement":[{"@type":"ListItem","position":1,"name":"Avaleht","item":"https:\/\/alekeskus.eu\/et\/"},{"@type":"ListItem","position":2,"name":"Pood","item":"https:\/\/alekeskus.eu\/pood\/"},{"@type":"ListItem","position":3,"name":"Aiakuur Jura 4,7 m\u00b2 seina \u00e4\u00e4rde"}]},{"@type":"WebSite","@id":"https:\/\/alekeskus.eu\/#website","url":"https:\/\/alekeskus.eu\/","name":"Alekeskus","description":"Alekeskus.eu","potentialAction":[{"@type":"SearchAction","target":{"@type":"EntryPoint","urlTemplate":"https:\/\/alekeskus.eu\/?s={search_term_string}"},"query-input":{"@type":"PropertyValueSpecification","valueRequired":true,"valueName":"search_term_string"}}],"inLanguage":"et"}]}},"brands":[],"_links":{"self":[{"href":"https:\/\/alekeskus.eu\/et\/wp-json\/wp\/v2\/product\/83286","targetHints":{"allow":["GET"]}}],"collection":[{"href":"https:\/\/alekeskus.eu\/et\/wp-json\/wp\/v2\/product"}],"about":[{"href":"https:\/\/alekeskus.eu\/et\/wp-json\/wp\/v2\/types\/product"}],"wp:featuredmedia":[{"embeddable":true,"href":"https:\/\/alekeskus.eu\/et\/wp-json\/wp\/v2\/media\/83311"}],"wp:attachment":[{"href":"https:\/\/alekeskus.eu\/et\/wp-json\/wp\/v2\/media?parent=83286"}],"wp:term":[{"taxonomy":"pwb-brand","embeddable":true,"href":"https:\/\/alekeskus.eu\/et\/wp-json\/wp\/v2\/pwb-brand?post=83286"},{"taxonomy":"product_brand","embeddable":true,"href":"https:\/\/alekeskus.eu\/et\/wp-json\/wp\/v2\/product_brand?post=83286"},{"taxonomy":"product_cat","embeddable":true,"href":"https:\/\/alekeskus.eu\/et\/wp-json\/wp\/v2\/product_cat?post=83286"},{"taxonomy":"product_tag","embeddable":true,"href":"https:\/\/alekeskus.eu\/et\/wp-json\/wp\/v2\/product_tag?post=83286"}],"curies":[{"name":"wp","href":"https:\/\/api.w.org\/{rel}","templated":true}]}}