{"id":83447,"date":"2026-02-19T11:18:34","date_gmt":"2026-02-19T11:18:34","guid":{"rendered":"https:\/\/alekeskus.eu\/?post_type=product&#038;p=83447"},"modified":"2026-03-13T14:38:11","modified_gmt":"2026-03-13T14:38:11","slug":"liivakast-pipi-katusega-ja-ratastel-kaanega-alekeskus","status":"publish","type":"product","link":"https:\/\/alekeskus.eu\/et\/toode\/liivakast-pipi-katusega-ja-ratastel-kaanega-alekeskus\/","title":{"rendered":"Liivakast Pipi katusega, leluriiuliga ja ratastel kaanega"},"content":{"rendered":"<p><a href=\"https:\/\/alekeskus.eu\/wp-content\/uploads\/2023\/08\/Pipi-1-ohje.pdf\">Pipi 1 ohje<\/a><\/p>\n<p><a href=\"https:\/\/alekeskus.eu\/wp-content\/uploads\/2023\/08\/Pipi-2-ohje.pdf\">Pipi 2 ohje<\/a><\/p>\n<table style=\"font-weight: 400;\" width=\"601\">\n<tbody>\n<tr>\n<td width=\"252\"><strong>V\u00e4rvitoonid<\/strong><\/td>\n<td width=\"349\"><strong>Koodid<\/strong><\/td>\n<\/tr>\n<tr>\n<td width=\"252\"><strong>Helehall &#8211; 003<\/strong><\/td>\n<td width=\"349\">NCS S 4000 N helehall<\/td>\n<\/tr>\n<tr>\n<td width=\"252\"><strong>Tumehall &#8211; 004<\/strong><\/td>\n<td width=\"349\">RAL 7016 tumehall<\/td>\n<\/tr>\n<tr>\n<td width=\"252\"><strong>Valge &#8211; 006<\/strong><\/td>\n<td width=\"349\">NCS S 0603 G 40 Y valge<\/td>\n<\/tr>\n<tr>\n<td width=\"252\"><strong>Punane &#8211; 008<\/strong><\/td>\n<td width=\"349\">NCS S 5040 Y 80 R punane<\/td>\n<\/tr>\n<tr>\n<td width=\"252\"><strong>Tumehall mix- 016<\/strong><\/td>\n<td width=\"349\">V\u00e4rvitud maja tumehall (RAL7016), helehallide liistulistega (NCS S4000N)<\/td>\n<\/tr>\n<tr>\n<td width=\"252\"><strong>Helehall mix- 017<\/strong><\/td>\n<td width=\"349\">V\u00e4rvitud maja helehall (NCS S4000N), tumehallide liistulistega (RAL7016)<\/td>\n<\/tr>\n<tr>\n<td width=\"252\"><strong>Hallikasroheline- 018<\/strong><\/td>\n<td width=\"349\">RAL 7009-oliiviroheline<\/td>\n<\/tr>\n<tr>\n<td width=\"252\"><strong>Heleroosa- 021<\/strong><\/td>\n<td width=\"349\">RAL 3015- uus al.2025 aastast(lastemajad)<\/td>\n<\/tr>\n<tr>\n<td width=\"252\"><strong>Helesinine- 022<\/strong><\/td>\n<td width=\"349\">RAL5012- uus al.2025 aastast(lastemajad)<\/td>\n<\/tr>\n<\/tbody>\n<\/table>\n","protected":false},"excerpt":{"rendered":"<p>Pipi on ruumikas ja praktiline liivakastimaja. Katus liivakasti kohal kaitseb vihma eest, ratastega liivakasti kaas kaitseb liivakasti sisu ja toimib ka lauana v\u00f5i niisama m\u00e4nguasjade toetamiseks. Katuse alla j\u00e4\u00e4b ka k\u00e4ep\u00e4rane riiul, kuhu mahub palju lelusid.<\/p>\n<p>Kaasas: puitosad (viimistlemata), liivakasti kaane rattad ja kinnitusvahendid.<\/p>\n<p>Seinte k\u00f5rgused 103 cm ja 179 cm. Postid 70 x 70 mm. Punniga katuse- ja riiulilaudis 18 mm.<\/p>\n<p>Saadaval kahes erinevas suuruses &#8211; Pipi 1 (1,5 x 1,5 m liivakastiga) ja Pipi 2 (2 x 2 m liivakastiga).<\/p>\n<p>Tellitav tehases v\u00e4rvituna OSMO kvaliteetv\u00e4rviga(hele-ja tumehall, sinine, roosa, punane, roheline, liistud-postid valged) +450\u20ac (tellimisaeg u 1 kuu). V\u00f5imalik tellida ilma kaaneta 150\u20ac odavamalt.<\/p>\n<p>Eesti toode.<\/p>\n<p>K\u00fcsi ka paigaldust!<\/p>\n","protected":false},"featured_media":83452,"template":"","meta":{"_monsterinsights_skip_tracking":false,"_monsterinsights_sitenote_active":false,"_monsterinsights_sitenote_note":"","_monsterinsights_sitenote_category":0},"pwb-brand":[18577],"product_brand":[],"product_cat":[13558,13540,13560,13594,13528],"product_tag":[13888,13938,13947,14470,16126,13886],"class_list":{"0":"post-83447","1":"product","2":"type-product","3":"status-publish","4":"has-post-thumbnail","6":"pwb-brand-eesti","7":"product_cat-manguvaljakud","8":"product_cat-hooned-alekeskus","9":"product_cat-liivakastid","10":"product_cat-mangumajad","11":"product_cat-manguvaljakud-kiiged","12":"product_tag-hiekkalaatikko","13":"product_tag-mangumaja","14":"product_tag-leikkimokki","15":"product_tag-liivakast","16":"product_tag-manguvaljakud","17":"product_tag-leikkiteline","18":"product_shipping_class-30-300kg","19":"pa_laoasukoht-tartumaa","20":"pa_pindalam-18206","21":"pa_pindalam-18207","23":"first","24":"instock","25":"taxable","26":"shipping-taxable","27":"purchasable","28":"product-type-variable"},"yoast_head":"<!-- This site is optimized with the Yoast SEO plugin v27.3 - https:\/\/yoast.com\/product\/yoast-seo-wordpress\/ -->\n<title>Liivakast Pipi katusega, leluriiuliga ja ratastel kaanega - Alekeskus<\/title>\n<meta name=\"description\" content=\"liivakast kaanega ja katusega\" \/>\n<meta name=\"robots\" content=\"index, follow, max-snippet:-1, max-image-preview:large, max-video-preview:-1\" \/>\n<link rel=\"canonical\" href=\"https:\/\/alekeskus.eu\/et\/toode\/liivakast-pipi-katusega-ja-ratastel-kaanega-alekeskus\/\" \/>\n<meta property=\"og:locale\" content=\"et_EE\" \/>\n<meta property=\"og:type\" content=\"article\" \/>\n<meta property=\"og:title\" content=\"Liivakast Pipi katusega, leluriiuliga ja ratastel kaanega - Alekeskus\" \/>\n<meta property=\"og:description\" content=\"liivakast kaanega ja katusega\" \/>\n<meta property=\"og:url\" content=\"https:\/\/alekeskus.eu\/et\/toode\/liivakast-pipi-katusega-ja-ratastel-kaanega-alekeskus\/\" \/>\n<meta property=\"og:site_name\" content=\"Alekeskus\" \/>\n<meta property=\"article:modified_time\" content=\"2026-03-13T14:38:11+00:00\" \/>\n<meta property=\"og:image\" content=\"https:\/\/alekeskus.eu\/wp-content\/uploads\/2023\/08\/Pippi1-aias-scaled.jpg\" \/>\n\t<meta property=\"og:image:width\" content=\"1600\" \/>\n\t<meta property=\"og:image:height\" content=\"1067\" \/>\n\t<meta property=\"og:image:type\" content=\"image\/jpeg\" \/>\n<meta name=\"twitter:card\" content=\"summary_large_image\" \/>\n<meta name=\"twitter:label1\" content=\"Est. reading time\" \/>\n\t<meta name=\"twitter:data1\" content=\"1 minut\" \/>\n<script type=\"application\/ld+json\" class=\"yoast-schema-graph\">{\"@context\":\"https:\\\/\\\/schema.org\",\"@graph\":[{\"@type\":\"WebPage\",\"@id\":\"https:\\\/\\\/alekeskus.eu\\\/et\\\/toode\\\/liivakast-pipi-katusega-ja-ratastel-kaanega-alekeskus\\\/\",\"url\":\"https:\\\/\\\/alekeskus.eu\\\/et\\\/toode\\\/liivakast-pipi-katusega-ja-ratastel-kaanega-alekeskus\\\/\",\"name\":\"Liivakast Pipi katusega, leluriiuliga ja ratastel kaanega - Alekeskus\",\"isPartOf\":{\"@id\":\"https:\\\/\\\/alekeskus.eu\\\/#website\"},\"primaryImageOfPage\":{\"@id\":\"https:\\\/\\\/alekeskus.eu\\\/et\\\/toode\\\/liivakast-pipi-katusega-ja-ratastel-kaanega-alekeskus\\\/#primaryimage\"},\"image\":{\"@id\":\"https:\\\/\\\/alekeskus.eu\\\/et\\\/toode\\\/liivakast-pipi-katusega-ja-ratastel-kaanega-alekeskus\\\/#primaryimage\"},\"thumbnailUrl\":\"https:\\\/\\\/alekeskus.eu\\\/wp-content\\\/uploads\\\/2023\\\/08\\\/Pippi1-aias-scaled.jpg\",\"datePublished\":\"2026-02-19T11:18:34+00:00\",\"dateModified\":\"2026-03-13T14:38:11+00:00\",\"description\":\"liivakast kaanega ja katusega\",\"breadcrumb\":{\"@id\":\"https:\\\/\\\/alekeskus.eu\\\/et\\\/toode\\\/liivakast-pipi-katusega-ja-ratastel-kaanega-alekeskus\\\/#breadcrumb\"},\"inLanguage\":\"et\",\"potentialAction\":[{\"@type\":\"ReadAction\",\"target\":[\"https:\\\/\\\/alekeskus.eu\\\/et\\\/toode\\\/liivakast-pipi-katusega-ja-ratastel-kaanega-alekeskus\\\/\"]}]},{\"@type\":\"ImageObject\",\"inLanguage\":\"et\",\"@id\":\"https:\\\/\\\/alekeskus.eu\\\/et\\\/toode\\\/liivakast-pipi-katusega-ja-ratastel-kaanega-alekeskus\\\/#primaryimage\",\"url\":\"https:\\\/\\\/alekeskus.eu\\\/wp-content\\\/uploads\\\/2023\\\/08\\\/Pippi1-aias-scaled.jpg\",\"contentUrl\":\"https:\\\/\\\/alekeskus.eu\\\/wp-content\\\/uploads\\\/2023\\\/08\\\/Pippi1-aias-scaled.jpg\",\"width\":1600,\"height\":1067},{\"@type\":\"BreadcrumbList\",\"@id\":\"https:\\\/\\\/alekeskus.eu\\\/et\\\/toode\\\/liivakast-pipi-katusega-ja-ratastel-kaanega-alekeskus\\\/#breadcrumb\",\"itemListElement\":[{\"@type\":\"ListItem\",\"position\":1,\"name\":\"Avaleht\",\"item\":\"https:\\\/\\\/alekeskus.eu\\\/et\\\/\"},{\"@type\":\"ListItem\",\"position\":2,\"name\":\"Pood\",\"item\":\"https:\\\/\\\/alekeskus.eu\\\/pood\\\/\"},{\"@type\":\"ListItem\",\"position\":3,\"name\":\"Liivakast Pipi katusega, leluriiuliga ja ratastel kaanega\"}]},{\"@type\":\"WebSite\",\"@id\":\"https:\\\/\\\/alekeskus.eu\\\/#website\",\"url\":\"https:\\\/\\\/alekeskus.eu\\\/\",\"name\":\"Alekeskus\",\"description\":\"Alekeskus.eu\",\"potentialAction\":[{\"@type\":\"SearchAction\",\"target\":{\"@type\":\"EntryPoint\",\"urlTemplate\":\"https:\\\/\\\/alekeskus.eu\\\/?s={search_term_string}\"},\"query-input\":{\"@type\":\"PropertyValueSpecification\",\"valueRequired\":true,\"valueName\":\"search_term_string\"}}],\"inLanguage\":\"et\"}]}<\/script>\n<!-- \/ Yoast SEO plugin. -->","yoast_head_json":{"title":"Liivakast Pipi katusega, leluriiuliga ja ratastel kaanega - Alekeskus","description":"liivakast kaanega ja katusega","robots":{"index":"index","follow":"follow","max-snippet":"max-snippet:-1","max-image-preview":"max-image-preview:large","max-video-preview":"max-video-preview:-1"},"canonical":"https:\/\/alekeskus.eu\/et\/toode\/liivakast-pipi-katusega-ja-ratastel-kaanega-alekeskus\/","og_locale":"et_EE","og_type":"article","og_title":"Liivakast Pipi katusega, leluriiuliga ja ratastel kaanega - Alekeskus","og_description":"liivakast kaanega ja katusega","og_url":"https:\/\/alekeskus.eu\/et\/toode\/liivakast-pipi-katusega-ja-ratastel-kaanega-alekeskus\/","og_site_name":"Alekeskus","article_modified_time":"2026-03-13T14:38:11+00:00","og_image":[{"width":1600,"height":1067,"url":"https:\/\/alekeskus.eu\/wp-content\/uploads\/2023\/08\/Pippi1-aias-scaled.jpg","type":"image\/jpeg"}],"twitter_card":"summary_large_image","twitter_misc":{"Est. reading time":"1 minut"},"schema":{"@context":"https:\/\/schema.org","@graph":[{"@type":"WebPage","@id":"https:\/\/alekeskus.eu\/et\/toode\/liivakast-pipi-katusega-ja-ratastel-kaanega-alekeskus\/","url":"https:\/\/alekeskus.eu\/et\/toode\/liivakast-pipi-katusega-ja-ratastel-kaanega-alekeskus\/","name":"Liivakast Pipi katusega, leluriiuliga ja ratastel kaanega - Alekeskus","isPartOf":{"@id":"https:\/\/alekeskus.eu\/#website"},"primaryImageOfPage":{"@id":"https:\/\/alekeskus.eu\/et\/toode\/liivakast-pipi-katusega-ja-ratastel-kaanega-alekeskus\/#primaryimage"},"image":{"@id":"https:\/\/alekeskus.eu\/et\/toode\/liivakast-pipi-katusega-ja-ratastel-kaanega-alekeskus\/#primaryimage"},"thumbnailUrl":"https:\/\/alekeskus.eu\/wp-content\/uploads\/2023\/08\/Pippi1-aias-scaled.jpg","datePublished":"2026-02-19T11:18:34+00:00","dateModified":"2026-03-13T14:38:11+00:00","description":"liivakast kaanega ja katusega","breadcrumb":{"@id":"https:\/\/alekeskus.eu\/et\/toode\/liivakast-pipi-katusega-ja-ratastel-kaanega-alekeskus\/#breadcrumb"},"inLanguage":"et","potentialAction":[{"@type":"ReadAction","target":["https:\/\/alekeskus.eu\/et\/toode\/liivakast-pipi-katusega-ja-ratastel-kaanega-alekeskus\/"]}]},{"@type":"ImageObject","inLanguage":"et","@id":"https:\/\/alekeskus.eu\/et\/toode\/liivakast-pipi-katusega-ja-ratastel-kaanega-alekeskus\/#primaryimage","url":"https:\/\/alekeskus.eu\/wp-content\/uploads\/2023\/08\/Pippi1-aias-scaled.jpg","contentUrl":"https:\/\/alekeskus.eu\/wp-content\/uploads\/2023\/08\/Pippi1-aias-scaled.jpg","width":1600,"height":1067},{"@type":"BreadcrumbList","@id":"https:\/\/alekeskus.eu\/et\/toode\/liivakast-pipi-katusega-ja-ratastel-kaanega-alekeskus\/#breadcrumb","itemListElement":[{"@type":"ListItem","position":1,"name":"Avaleht","item":"https:\/\/alekeskus.eu\/et\/"},{"@type":"ListItem","position":2,"name":"Pood","item":"https:\/\/alekeskus.eu\/pood\/"},{"@type":"ListItem","position":3,"name":"Liivakast Pipi katusega, leluriiuliga ja ratastel kaanega"}]},{"@type":"WebSite","@id":"https:\/\/alekeskus.eu\/#website","url":"https:\/\/alekeskus.eu\/","name":"Alekeskus","description":"Alekeskus.eu","potentialAction":[{"@type":"SearchAction","target":{"@type":"EntryPoint","urlTemplate":"https:\/\/alekeskus.eu\/?s={search_term_string}"},"query-input":{"@type":"PropertyValueSpecification","valueRequired":true,"valueName":"search_term_string"}}],"inLanguage":"et"}]}},"brands":[{"id":18577,"name":"Eesti","slug":"eesti"}],"_links":{"self":[{"href":"https:\/\/alekeskus.eu\/et\/wp-json\/wp\/v2\/product\/83447","targetHints":{"allow":["GET"]}}],"collection":[{"href":"https:\/\/alekeskus.eu\/et\/wp-json\/wp\/v2\/product"}],"about":[{"href":"https:\/\/alekeskus.eu\/et\/wp-json\/wp\/v2\/types\/product"}],"wp:featuredmedia":[{"embeddable":true,"href":"https:\/\/alekeskus.eu\/et\/wp-json\/wp\/v2\/media\/83452"}],"wp:attachment":[{"href":"https:\/\/alekeskus.eu\/et\/wp-json\/wp\/v2\/media?parent=83447"}],"wp:term":[{"taxonomy":"pwb-brand","embeddable":true,"href":"https:\/\/alekeskus.eu\/et\/wp-json\/wp\/v2\/pwb-brand?post=83447"},{"taxonomy":"product_brand","embeddable":true,"href":"https:\/\/alekeskus.eu\/et\/wp-json\/wp\/v2\/product_brand?post=83447"},{"taxonomy":"product_cat","embeddable":true,"href":"https:\/\/alekeskus.eu\/et\/wp-json\/wp\/v2\/product_cat?post=83447"},{"taxonomy":"product_tag","embeddable":true,"href":"https:\/\/alekeskus.eu\/et\/wp-json\/wp\/v2\/product_tag?post=83447"}],"curies":[{"name":"wp","href":"https:\/\/api.w.org\/{rel}","templated":true}]}}