{"id":83470,"date":"2025-06-19T12:46:30","date_gmt":"2025-06-19T12:46:30","guid":{"rendered":"https:\/\/alekeskus.eu\/?post_type=product&#038;p=83470"},"modified":"2026-03-11T17:06:06","modified_gmt":"2026-03-11T17:06:06","slug":"aiamaja-sortavala-82-alekeskus","status":"publish","type":"product","link":"https:\/\/alekeskus.eu\/et\/toode\/aiamaja-sortavala-82-alekeskus\/","title":{"rendered":"Aiamaja Sortavala 8,2 m\u00b2 2 toaga, alumiiniumraamiga avat\u00e4idetega"},"content":{"rendered":"<div class=\"pictogram qtip-additional-element\">\n<div class=\"image\">\n<p>V\u00c4RVIMISE TEENUSE KIRJELDUS:<\/p>\n<p>Sein v\u00e4rvitakse 3-st k\u00fcljest, ka punnsooned. 4 standardv\u00e4rvi: rootsi punane, s\u00fcsihall, helehall, roheline. Sisepind j\u00e4\u00e4b naturaalseks. Maja nurgad on v\u00e4rvitud igast k\u00fcljest. V\u00e4rvitakse 2 kihti. \u27a2 P\u00f5randa- ja laelauad ning p\u00e4rlinid j\u00e4\u00e4vad v\u00e4rvimata. \u27a2 Aknad ja uksed v\u00e4rvitakse valgeks igast k\u00fcljest. \u27a2 K\u00f5ik v\u00e4lised liistud (viilulauad ja liistud) v\u00e4rvitakse valgeks. \u27a2 Kvaliteetne v\u00e4rv tuntud Saksa tootjalt OSMO<\/p>\n<p>V\u00e4rvitud tootel pikem tellimisaeg.<\/p>\n<p>Pakend: 360 x 118 x 68 cm, 780 kg ja 200 x 118 x 45 cm, 286 kg<\/p>\n<\/div>\n<\/div>\n","protected":false},"excerpt":{"rendered":"<p>V\u00e4lism\u00f5\u00f5dud<strong>: 2,5 x 3,5 m<\/strong><\/p>\n<ul>\n<li>tuuletapiga\u00a0<strong>freespalksein 44 mm<\/strong>,<strong> kaasaegne kruvitav v\u00e4lisnurgalahendus alumiiniumliistudega<\/strong><\/li>\n<li>seina k\u00f5rgus 239 cm<\/li>\n<li>punniga katuselauad 19 mm ja katusetalad 44 x 140 mm<\/li>\n<li>katuse pindala 8,5 m\u00b2 ja kalle 3\u00ba, r\u00e4\u00e4stas puudub<\/li>\n<li>SBS-bituumenkate lisahinnaga<\/li>\n<li>19 mm punniga p\u00f5randalauad ja immutatud talad 45 x 45 mm<\/li>\n<li><strong>alumiiniumraamiga<\/strong> pakettklaasiga lukustatav v\u00e4lisuks 835 x 1980 mm; puidust lukustatav siseuks 835 x 1900 mm<\/li>\n<li><strong>alumiiniumraamiga<\/strong> pakettklaasiga sisseavanev aken 1200 x 600 mm<\/li>\n<li>tellitav v\u00e4ljast v\u00e4rvituna +1000\u20ac(hele-ja tumehall, rootsi punane, roheline; loe alt kirjeldust, tellimisaeg pikem 3-4 n\u00e4dalat)<\/li>\n<li>kinnitusvahendid ja koostejuhend<\/li>\n<li>peegelpildis paigaldatav<\/li>\n<li>Eesti toode<\/li>\n<li>garantii 5 aastat<\/li>\n<li>vihmakindel pakend<\/li>\n<\/ul>\n<p>K\u00fcsi ka paigaldust!<\/p>\n<p>Vedu mandril tellijapoolse mahalaadimisega 180\u20ac v\u00f5i kraana-autoga 350\u20ac(suursaartele vastavalt 280\u20ac ja 590\u20ac).<\/p>\n","protected":false},"featured_media":83474,"template":"","meta":{"_monsterinsights_skip_tracking":false,"_monsterinsights_sitenote_active":false,"_monsterinsights_sitenote_note":"","_monsterinsights_sitenote_category":0},"pwb-brand":[],"product_brand":[],"product_cat":[17182,13592,13540,13604,13608],"product_tag":[15914,13813,13899,17388,13913,13983,17973,14310,18211,15276,18537,18909,15510,19088],"class_list":{"0":"post-83470","1":"product","2":"type-product","3":"status-publish","4":"has-post-thumbnail","6":"product_cat-suvekoogid-alekeskus","7":"product_cat-aia-ja-grillmajad","8":"product_cat-hooned-alekeskus","9":"product_cat-saunad","10":"product_cat-kontorid","11":"product_tag-pihasauna","12":"product_tag-aiamaja","13":"product_tag-garden-house","14":"product_tag-saunamaja","15":"product_tag-vierasmaja","16":"product_tag-piharakennus","17":"product_tag-aiasaun","18":"product_tag-kodukontor","19":"product_tag-alumiiniumuks","20":"product_tag-pihatoimisto","21":"product_tag-aiamaja-paigaldus","22":"product_tag-aiamaja-soodus","23":"product_tag-aiakontor","24":"product_tag-aiamaja-ehitus","25":"product_shipping_class-alates-1000kg","26":"pa_kohaletoimetamine-alates-180e","27":"pa_laoasukoht-tartumaa","28":"pa_pindalam-15289","29":"pa_seinapaksus-17405","30":"pa_tellimisaeg-tilausaika-alekeskus","31":"pa_varv-roheline","32":"pa_varv-punane","33":"pa_varv-viimistlemata","34":"pa_varv-tumehall","35":"pa_varv-helehall","37":"first","38":"instock","39":"taxable","40":"shipping-taxable","41":"purchasable","42":"product-type-variable","43":"has-default-attributes"},"yoast_head":"<!-- This site is optimized with the Yoast SEO plugin v27.3 - https:\/\/yoast.com\/product\/yoast-seo-wordpress\/ -->\n<title>Aiamaja Sortavala 8,2 m\u00b2 2 toaga, alumiiniumraamiga avat\u00e4idetega - Alekeskus<\/title>\n<meta name=\"description\" content=\"aiamaja 2 ruumiga ja alumiiniumavat\u00e4idetega\" \/>\n<meta name=\"robots\" content=\"index, follow, max-snippet:-1, max-image-preview:large, max-video-preview:-1\" \/>\n<link rel=\"canonical\" href=\"https:\/\/alekeskus.eu\/et\/toode\/aiamaja-sortavala-82-alekeskus\/\" \/>\n<meta property=\"og:locale\" content=\"et_EE\" \/>\n<meta property=\"og:type\" content=\"article\" \/>\n<meta property=\"og:title\" content=\"Aiamaja Sortavala 8,2 m\u00b2 2 toaga, alumiiniumraamiga avat\u00e4idetega - Alekeskus\" \/>\n<meta property=\"og:description\" content=\"aiamaja 2 ruumiga ja alumiiniumavat\u00e4idetega\" \/>\n<meta property=\"og:url\" content=\"https:\/\/alekeskus.eu\/et\/toode\/aiamaja-sortavala-82-alekeskus\/\" \/>\n<meta property=\"og:site_name\" content=\"Alekeskus\" \/>\n<meta property=\"article:modified_time\" content=\"2026-03-11T17:06:06+00:00\" \/>\n<meta property=\"og:image\" content=\"https:\/\/alekeskus.eu\/wp-content\/uploads\/2023\/08\/Sardinia2-aias-scaled.jpg\" \/>\n\t<meta property=\"og:image:width\" content=\"1600\" \/>\n\t<meta property=\"og:image:height\" content=\"1068\" \/>\n\t<meta property=\"og:image:type\" content=\"image\/jpeg\" \/>\n<meta name=\"twitter:card\" content=\"summary_large_image\" \/>\n<meta name=\"twitter:label1\" content=\"Est. reading time\" \/>\n\t<meta name=\"twitter:data1\" content=\"1 minut\" \/>\n<script type=\"application\/ld+json\" class=\"yoast-schema-graph\">{\"@context\":\"https:\\\/\\\/schema.org\",\"@graph\":[{\"@type\":\"WebPage\",\"@id\":\"https:\\\/\\\/alekeskus.eu\\\/et\\\/toode\\\/aiamaja-sortavala-82-alekeskus\\\/\",\"url\":\"https:\\\/\\\/alekeskus.eu\\\/et\\\/toode\\\/aiamaja-sortavala-82-alekeskus\\\/\",\"name\":\"Aiamaja Sortavala 8,2 m\u00b2 2 toaga, alumiiniumraamiga avat\u00e4idetega - Alekeskus\",\"isPartOf\":{\"@id\":\"https:\\\/\\\/alekeskus.eu\\\/#website\"},\"primaryImageOfPage\":{\"@id\":\"https:\\\/\\\/alekeskus.eu\\\/et\\\/toode\\\/aiamaja-sortavala-82-alekeskus\\\/#primaryimage\"},\"image\":{\"@id\":\"https:\\\/\\\/alekeskus.eu\\\/et\\\/toode\\\/aiamaja-sortavala-82-alekeskus\\\/#primaryimage\"},\"thumbnailUrl\":\"https:\\\/\\\/alekeskus.eu\\\/wp-content\\\/uploads\\\/2023\\\/08\\\/Sardinia2-aias-scaled.jpg\",\"datePublished\":\"2025-06-19T12:46:30+00:00\",\"dateModified\":\"2026-03-11T17:06:06+00:00\",\"description\":\"aiamaja 2 ruumiga ja alumiiniumavat\u00e4idetega\",\"breadcrumb\":{\"@id\":\"https:\\\/\\\/alekeskus.eu\\\/et\\\/toode\\\/aiamaja-sortavala-82-alekeskus\\\/#breadcrumb\"},\"inLanguage\":\"et\",\"potentialAction\":[{\"@type\":\"ReadAction\",\"target\":[\"https:\\\/\\\/alekeskus.eu\\\/et\\\/toode\\\/aiamaja-sortavala-82-alekeskus\\\/\"]}]},{\"@type\":\"ImageObject\",\"inLanguage\":\"et\",\"@id\":\"https:\\\/\\\/alekeskus.eu\\\/et\\\/toode\\\/aiamaja-sortavala-82-alekeskus\\\/#primaryimage\",\"url\":\"https:\\\/\\\/alekeskus.eu\\\/wp-content\\\/uploads\\\/2023\\\/08\\\/Sardinia2-aias-scaled.jpg\",\"contentUrl\":\"https:\\\/\\\/alekeskus.eu\\\/wp-content\\\/uploads\\\/2023\\\/08\\\/Sardinia2-aias-scaled.jpg\",\"width\":1600,\"height\":1068},{\"@type\":\"BreadcrumbList\",\"@id\":\"https:\\\/\\\/alekeskus.eu\\\/et\\\/toode\\\/aiamaja-sortavala-82-alekeskus\\\/#breadcrumb\",\"itemListElement\":[{\"@type\":\"ListItem\",\"position\":1,\"name\":\"Avaleht\",\"item\":\"https:\\\/\\\/alekeskus.eu\\\/et\\\/\"},{\"@type\":\"ListItem\",\"position\":2,\"name\":\"Pood\",\"item\":\"https:\\\/\\\/alekeskus.eu\\\/pood\\\/\"},{\"@type\":\"ListItem\",\"position\":3,\"name\":\"Aiamaja Sortavala 8,2 m\u00b2 2 toaga, alumiiniumraamiga avat\u00e4idetega\"}]},{\"@type\":\"WebSite\",\"@id\":\"https:\\\/\\\/alekeskus.eu\\\/#website\",\"url\":\"https:\\\/\\\/alekeskus.eu\\\/\",\"name\":\"Alekeskus\",\"description\":\"Alekeskus.eu\",\"potentialAction\":[{\"@type\":\"SearchAction\",\"target\":{\"@type\":\"EntryPoint\",\"urlTemplate\":\"https:\\\/\\\/alekeskus.eu\\\/?s={search_term_string}\"},\"query-input\":{\"@type\":\"PropertyValueSpecification\",\"valueRequired\":true,\"valueName\":\"search_term_string\"}}],\"inLanguage\":\"et\"}]}<\/script>\n<!-- \/ Yoast SEO plugin. -->","yoast_head_json":{"title":"Aiamaja Sortavala 8,2 m\u00b2 2 toaga, alumiiniumraamiga avat\u00e4idetega - Alekeskus","description":"aiamaja 2 ruumiga ja alumiiniumavat\u00e4idetega","robots":{"index":"index","follow":"follow","max-snippet":"max-snippet:-1","max-image-preview":"max-image-preview:large","max-video-preview":"max-video-preview:-1"},"canonical":"https:\/\/alekeskus.eu\/et\/toode\/aiamaja-sortavala-82-alekeskus\/","og_locale":"et_EE","og_type":"article","og_title":"Aiamaja Sortavala 8,2 m\u00b2 2 toaga, alumiiniumraamiga avat\u00e4idetega - Alekeskus","og_description":"aiamaja 2 ruumiga ja alumiiniumavat\u00e4idetega","og_url":"https:\/\/alekeskus.eu\/et\/toode\/aiamaja-sortavala-82-alekeskus\/","og_site_name":"Alekeskus","article_modified_time":"2026-03-11T17:06:06+00:00","og_image":[{"width":1600,"height":1068,"url":"https:\/\/alekeskus.eu\/wp-content\/uploads\/2023\/08\/Sardinia2-aias-scaled.jpg","type":"image\/jpeg"}],"twitter_card":"summary_large_image","twitter_misc":{"Est. reading time":"1 minut"},"schema":{"@context":"https:\/\/schema.org","@graph":[{"@type":"WebPage","@id":"https:\/\/alekeskus.eu\/et\/toode\/aiamaja-sortavala-82-alekeskus\/","url":"https:\/\/alekeskus.eu\/et\/toode\/aiamaja-sortavala-82-alekeskus\/","name":"Aiamaja Sortavala 8,2 m\u00b2 2 toaga, alumiiniumraamiga avat\u00e4idetega - Alekeskus","isPartOf":{"@id":"https:\/\/alekeskus.eu\/#website"},"primaryImageOfPage":{"@id":"https:\/\/alekeskus.eu\/et\/toode\/aiamaja-sortavala-82-alekeskus\/#primaryimage"},"image":{"@id":"https:\/\/alekeskus.eu\/et\/toode\/aiamaja-sortavala-82-alekeskus\/#primaryimage"},"thumbnailUrl":"https:\/\/alekeskus.eu\/wp-content\/uploads\/2023\/08\/Sardinia2-aias-scaled.jpg","datePublished":"2025-06-19T12:46:30+00:00","dateModified":"2026-03-11T17:06:06+00:00","description":"aiamaja 2 ruumiga ja alumiiniumavat\u00e4idetega","breadcrumb":{"@id":"https:\/\/alekeskus.eu\/et\/toode\/aiamaja-sortavala-82-alekeskus\/#breadcrumb"},"inLanguage":"et","potentialAction":[{"@type":"ReadAction","target":["https:\/\/alekeskus.eu\/et\/toode\/aiamaja-sortavala-82-alekeskus\/"]}]},{"@type":"ImageObject","inLanguage":"et","@id":"https:\/\/alekeskus.eu\/et\/toode\/aiamaja-sortavala-82-alekeskus\/#primaryimage","url":"https:\/\/alekeskus.eu\/wp-content\/uploads\/2023\/08\/Sardinia2-aias-scaled.jpg","contentUrl":"https:\/\/alekeskus.eu\/wp-content\/uploads\/2023\/08\/Sardinia2-aias-scaled.jpg","width":1600,"height":1068},{"@type":"BreadcrumbList","@id":"https:\/\/alekeskus.eu\/et\/toode\/aiamaja-sortavala-82-alekeskus\/#breadcrumb","itemListElement":[{"@type":"ListItem","position":1,"name":"Avaleht","item":"https:\/\/alekeskus.eu\/et\/"},{"@type":"ListItem","position":2,"name":"Pood","item":"https:\/\/alekeskus.eu\/pood\/"},{"@type":"ListItem","position":3,"name":"Aiamaja Sortavala 8,2 m\u00b2 2 toaga, alumiiniumraamiga avat\u00e4idetega"}]},{"@type":"WebSite","@id":"https:\/\/alekeskus.eu\/#website","url":"https:\/\/alekeskus.eu\/","name":"Alekeskus","description":"Alekeskus.eu","potentialAction":[{"@type":"SearchAction","target":{"@type":"EntryPoint","urlTemplate":"https:\/\/alekeskus.eu\/?s={search_term_string}"},"query-input":{"@type":"PropertyValueSpecification","valueRequired":true,"valueName":"search_term_string"}}],"inLanguage":"et"}]}},"brands":[],"_links":{"self":[{"href":"https:\/\/alekeskus.eu\/et\/wp-json\/wp\/v2\/product\/83470","targetHints":{"allow":["GET"]}}],"collection":[{"href":"https:\/\/alekeskus.eu\/et\/wp-json\/wp\/v2\/product"}],"about":[{"href":"https:\/\/alekeskus.eu\/et\/wp-json\/wp\/v2\/types\/product"}],"wp:featuredmedia":[{"embeddable":true,"href":"https:\/\/alekeskus.eu\/et\/wp-json\/wp\/v2\/media\/83474"}],"wp:attachment":[{"href":"https:\/\/alekeskus.eu\/et\/wp-json\/wp\/v2\/media?parent=83470"}],"wp:term":[{"taxonomy":"pwb-brand","embeddable":true,"href":"https:\/\/alekeskus.eu\/et\/wp-json\/wp\/v2\/pwb-brand?post=83470"},{"taxonomy":"product_brand","embeddable":true,"href":"https:\/\/alekeskus.eu\/et\/wp-json\/wp\/v2\/product_brand?post=83470"},{"taxonomy":"product_cat","embeddable":true,"href":"https:\/\/alekeskus.eu\/et\/wp-json\/wp\/v2\/product_cat?post=83470"},{"taxonomy":"product_tag","embeddable":true,"href":"https:\/\/alekeskus.eu\/et\/wp-json\/wp\/v2\/product_tag?post=83470"}],"curies":[{"name":"wp","href":"https:\/\/api.w.org\/{rel}","templated":true}]}}