{"id":85454,"date":"2025-01-12T13:07:19","date_gmt":"2025-01-12T13:07:19","guid":{"rendered":"https:\/\/alekeskus.eu\/?post_type=product&#038;p=85454"},"modified":"2025-03-21T12:16:04","modified_gmt":"2025-03-21T12:16:04","slug":"ujuv-termomeeter-kumblustunnile-alekeskus","status":"publish","type":"product","link":"https:\/\/alekeskus.eu\/et\/toode\/ujuv-termomeeter-kumblustunnile-alekeskus\/","title":{"rendered":"Ujuv Bluetooth termomeeter k\u00fcmblust\u00fcnnile"},"content":{"rendered":"","protected":false},"excerpt":{"rendered":"<p>Ujuv Bluetooth termomeeter v\u00f5imaldab mugavalt j\u00e4lgida vee soojust k\u00fctmise ja k\u00fcmblemise ajal.<\/p>\n<p>Telefonirakendused Android ja iOS. Toide 2xAAA patareidega (ei ole kaasas).<\/p>\n<p>K\u00fcmblemiseks sobivaim veesoojus on 37-38 kraadi. K\u00fctmise ajal on soovitav m\u00f5ni kord m\u00f5laga vett segada.<\/p>\n<p>Saadaval ettehelistamisega 5015483 Noarootsi laos.<\/p>\n<p>&nbsp;<\/p>\n","protected":false},"featured_media":85456,"template":"","meta":{"_monsterinsights_skip_tracking":false,"_monsterinsights_sitenote_active":false,"_monsterinsights_sitenote_note":"","_monsterinsights_sitenote_category":0},"pwb-brand":[],"product_brand":[],"product_cat":[13582,13536],"product_tag":[18427,18428,18431,18432],"class_list":{"0":"post-85454","1":"product","2":"type-product","3":"status-publish","4":"has-post-thumbnail","6":"product_cat-tarvikud-saun-ja-kumblus","7":"product_cat-saun-ja-kumblus","8":"product_tag-termomeeter","9":"product_tag-lampomittari","10":"product_tag-kelluva-lampomittari","11":"product_tag-bluetooth-termomeeter","12":"product_shipping_class-pakiautomaat","14":"first","15":"instock","16":"taxable","17":"shipping-taxable","18":"purchasable","19":"product-type-simple"},"yoast_head":"<!-- This site is optimized with the Yoast SEO plugin v27.3 - https:\/\/yoast.com\/product\/yoast-seo-wordpress\/ -->\n<title>Ujuv Bluetooth termomeeter k\u00fcmblust\u00fcnnile - Alekeskus<\/title>\n<meta name=\"description\" content=\"Ujuv termomeeter k\u00fcmblust\u00fcnnile\" \/>\n<meta name=\"robots\" content=\"index, follow, max-snippet:-1, max-image-preview:large, max-video-preview:-1\" \/>\n<link rel=\"canonical\" href=\"https:\/\/alekeskus.eu\/toode\/ujuv-termomeeter-kumblustunnile-alekeskus\/\" \/>\n<meta property=\"og:locale\" content=\"et_EE\" \/>\n<meta property=\"og:type\" content=\"article\" \/>\n<meta property=\"og:title\" content=\"Ujuv Bluetooth termomeeter k\u00fcmblust\u00fcnnile - Alekeskus\" \/>\n<meta property=\"og:description\" content=\"Ujuv termomeeter k\u00fcmblust\u00fcnnile\" \/>\n<meta property=\"og:url\" content=\"https:\/\/alekeskus.eu\/toode\/ujuv-termomeeter-kumblustunnile-alekeskus\/\" \/>\n<meta property=\"og:site_name\" content=\"Alekeskus\" \/>\n<meta property=\"article:modified_time\" content=\"2025-03-21T12:16:04+00:00\" \/>\n<meta property=\"og:image\" content=\"https:\/\/alekeskus.eu\/wp-content\/uploads\/2024\/02\/Termomeeter-ujuv-Bluetooth.jpg\" \/>\n\t<meta property=\"og:image:width\" content=\"1500\" \/>\n\t<meta property=\"og:image:height\" content=\"1500\" \/>\n\t<meta property=\"og:image:type\" content=\"image\/jpeg\" \/>\n<meta name=\"twitter:card\" content=\"summary_large_image\" \/>\n<meta name=\"twitter:label1\" content=\"Est. reading time\" \/>\n\t<meta name=\"twitter:data1\" content=\"1 minut\" \/>\n<script type=\"application\/ld+json\" class=\"yoast-schema-graph\">{\"@context\":\"https:\\\/\\\/schema.org\",\"@graph\":[{\"@type\":\"WebPage\",\"@id\":\"https:\\\/\\\/alekeskus.eu\\\/toode\\\/ujuv-termomeeter-kumblustunnile-alekeskus\\\/\",\"url\":\"https:\\\/\\\/alekeskus.eu\\\/toode\\\/ujuv-termomeeter-kumblustunnile-alekeskus\\\/\",\"name\":\"Ujuv Bluetooth termomeeter k\u00fcmblust\u00fcnnile - Alekeskus\",\"isPartOf\":{\"@id\":\"https:\\\/\\\/alekeskus.eu\\\/#website\"},\"primaryImageOfPage\":{\"@id\":\"https:\\\/\\\/alekeskus.eu\\\/toode\\\/ujuv-termomeeter-kumblustunnile-alekeskus\\\/#primaryimage\"},\"image\":{\"@id\":\"https:\\\/\\\/alekeskus.eu\\\/toode\\\/ujuv-termomeeter-kumblustunnile-alekeskus\\\/#primaryimage\"},\"thumbnailUrl\":\"https:\\\/\\\/alekeskus.eu\\\/wp-content\\\/uploads\\\/2024\\\/02\\\/Termomeeter-ujuv-Bluetooth.jpg\",\"datePublished\":\"2025-01-12T13:07:19+00:00\",\"dateModified\":\"2025-03-21T12:16:04+00:00\",\"description\":\"Ujuv termomeeter k\u00fcmblust\u00fcnnile\",\"breadcrumb\":{\"@id\":\"https:\\\/\\\/alekeskus.eu\\\/toode\\\/ujuv-termomeeter-kumblustunnile-alekeskus\\\/#breadcrumb\"},\"inLanguage\":\"et\",\"potentialAction\":[{\"@type\":\"ReadAction\",\"target\":[\"https:\\\/\\\/alekeskus.eu\\\/toode\\\/ujuv-termomeeter-kumblustunnile-alekeskus\\\/\"]}]},{\"@type\":\"ImageObject\",\"inLanguage\":\"et\",\"@id\":\"https:\\\/\\\/alekeskus.eu\\\/toode\\\/ujuv-termomeeter-kumblustunnile-alekeskus\\\/#primaryimage\",\"url\":\"https:\\\/\\\/alekeskus.eu\\\/wp-content\\\/uploads\\\/2024\\\/02\\\/Termomeeter-ujuv-Bluetooth.jpg\",\"contentUrl\":\"https:\\\/\\\/alekeskus.eu\\\/wp-content\\\/uploads\\\/2024\\\/02\\\/Termomeeter-ujuv-Bluetooth.jpg\",\"width\":1500,\"height\":1500},{\"@type\":\"BreadcrumbList\",\"@id\":\"https:\\\/\\\/alekeskus.eu\\\/toode\\\/ujuv-termomeeter-kumblustunnile-alekeskus\\\/#breadcrumb\",\"itemListElement\":[{\"@type\":\"ListItem\",\"position\":1,\"name\":\"Avaleht\",\"item\":\"https:\\\/\\\/alekeskus.eu\\\/et\\\/\"},{\"@type\":\"ListItem\",\"position\":2,\"name\":\"Pood\",\"item\":\"https:\\\/\\\/alekeskus.eu\\\/pood\\\/\"},{\"@type\":\"ListItem\",\"position\":3,\"name\":\"Ujuv Bluetooth termomeeter k\u00fcmblust\u00fcnnile\"}]},{\"@type\":\"WebSite\",\"@id\":\"https:\\\/\\\/alekeskus.eu\\\/#website\",\"url\":\"https:\\\/\\\/alekeskus.eu\\\/\",\"name\":\"Alekeskus\",\"description\":\"Alekeskus.eu\",\"potentialAction\":[{\"@type\":\"SearchAction\",\"target\":{\"@type\":\"EntryPoint\",\"urlTemplate\":\"https:\\\/\\\/alekeskus.eu\\\/?s={search_term_string}\"},\"query-input\":{\"@type\":\"PropertyValueSpecification\",\"valueRequired\":true,\"valueName\":\"search_term_string\"}}],\"inLanguage\":\"et\"}]}<\/script>\n<!-- \/ Yoast SEO plugin. -->","yoast_head_json":{"title":"Ujuv Bluetooth termomeeter k\u00fcmblust\u00fcnnile - Alekeskus","description":"Ujuv termomeeter k\u00fcmblust\u00fcnnile","robots":{"index":"index","follow":"follow","max-snippet":"max-snippet:-1","max-image-preview":"max-image-preview:large","max-video-preview":"max-video-preview:-1"},"canonical":"https:\/\/alekeskus.eu\/toode\/ujuv-termomeeter-kumblustunnile-alekeskus\/","og_locale":"et_EE","og_type":"article","og_title":"Ujuv Bluetooth termomeeter k\u00fcmblust\u00fcnnile - Alekeskus","og_description":"Ujuv termomeeter k\u00fcmblust\u00fcnnile","og_url":"https:\/\/alekeskus.eu\/toode\/ujuv-termomeeter-kumblustunnile-alekeskus\/","og_site_name":"Alekeskus","article_modified_time":"2025-03-21T12:16:04+00:00","og_image":[{"width":1500,"height":1500,"url":"https:\/\/alekeskus.eu\/wp-content\/uploads\/2024\/02\/Termomeeter-ujuv-Bluetooth.jpg","type":"image\/jpeg"}],"twitter_card":"summary_large_image","twitter_misc":{"Est. reading time":"1 minut"},"schema":{"@context":"https:\/\/schema.org","@graph":[{"@type":"WebPage","@id":"https:\/\/alekeskus.eu\/toode\/ujuv-termomeeter-kumblustunnile-alekeskus\/","url":"https:\/\/alekeskus.eu\/toode\/ujuv-termomeeter-kumblustunnile-alekeskus\/","name":"Ujuv Bluetooth termomeeter k\u00fcmblust\u00fcnnile - Alekeskus","isPartOf":{"@id":"https:\/\/alekeskus.eu\/#website"},"primaryImageOfPage":{"@id":"https:\/\/alekeskus.eu\/toode\/ujuv-termomeeter-kumblustunnile-alekeskus\/#primaryimage"},"image":{"@id":"https:\/\/alekeskus.eu\/toode\/ujuv-termomeeter-kumblustunnile-alekeskus\/#primaryimage"},"thumbnailUrl":"https:\/\/alekeskus.eu\/wp-content\/uploads\/2024\/02\/Termomeeter-ujuv-Bluetooth.jpg","datePublished":"2025-01-12T13:07:19+00:00","dateModified":"2025-03-21T12:16:04+00:00","description":"Ujuv termomeeter k\u00fcmblust\u00fcnnile","breadcrumb":{"@id":"https:\/\/alekeskus.eu\/toode\/ujuv-termomeeter-kumblustunnile-alekeskus\/#breadcrumb"},"inLanguage":"et","potentialAction":[{"@type":"ReadAction","target":["https:\/\/alekeskus.eu\/toode\/ujuv-termomeeter-kumblustunnile-alekeskus\/"]}]},{"@type":"ImageObject","inLanguage":"et","@id":"https:\/\/alekeskus.eu\/toode\/ujuv-termomeeter-kumblustunnile-alekeskus\/#primaryimage","url":"https:\/\/alekeskus.eu\/wp-content\/uploads\/2024\/02\/Termomeeter-ujuv-Bluetooth.jpg","contentUrl":"https:\/\/alekeskus.eu\/wp-content\/uploads\/2024\/02\/Termomeeter-ujuv-Bluetooth.jpg","width":1500,"height":1500},{"@type":"BreadcrumbList","@id":"https:\/\/alekeskus.eu\/toode\/ujuv-termomeeter-kumblustunnile-alekeskus\/#breadcrumb","itemListElement":[{"@type":"ListItem","position":1,"name":"Avaleht","item":"https:\/\/alekeskus.eu\/et\/"},{"@type":"ListItem","position":2,"name":"Pood","item":"https:\/\/alekeskus.eu\/pood\/"},{"@type":"ListItem","position":3,"name":"Ujuv Bluetooth termomeeter k\u00fcmblust\u00fcnnile"}]},{"@type":"WebSite","@id":"https:\/\/alekeskus.eu\/#website","url":"https:\/\/alekeskus.eu\/","name":"Alekeskus","description":"Alekeskus.eu","potentialAction":[{"@type":"SearchAction","target":{"@type":"EntryPoint","urlTemplate":"https:\/\/alekeskus.eu\/?s={search_term_string}"},"query-input":{"@type":"PropertyValueSpecification","valueRequired":true,"valueName":"search_term_string"}}],"inLanguage":"et"}]}},"brands":[],"_links":{"self":[{"href":"https:\/\/alekeskus.eu\/et\/wp-json\/wp\/v2\/product\/85454","targetHints":{"allow":["GET"]}}],"collection":[{"href":"https:\/\/alekeskus.eu\/et\/wp-json\/wp\/v2\/product"}],"about":[{"href":"https:\/\/alekeskus.eu\/et\/wp-json\/wp\/v2\/types\/product"}],"wp:featuredmedia":[{"embeddable":true,"href":"https:\/\/alekeskus.eu\/et\/wp-json\/wp\/v2\/media\/85456"}],"wp:attachment":[{"href":"https:\/\/alekeskus.eu\/et\/wp-json\/wp\/v2\/media?parent=85454"}],"wp:term":[{"taxonomy":"pwb-brand","embeddable":true,"href":"https:\/\/alekeskus.eu\/et\/wp-json\/wp\/v2\/pwb-brand?post=85454"},{"taxonomy":"product_brand","embeddable":true,"href":"https:\/\/alekeskus.eu\/et\/wp-json\/wp\/v2\/product_brand?post=85454"},{"taxonomy":"product_cat","embeddable":true,"href":"https:\/\/alekeskus.eu\/et\/wp-json\/wp\/v2\/product_cat?post=85454"},{"taxonomy":"product_tag","embeddable":true,"href":"https:\/\/alekeskus.eu\/et\/wp-json\/wp\/v2\/product_tag?post=85454"}],"curies":[{"name":"wp","href":"https:\/\/api.w.org\/{rel}","templated":true}]}}