{"id":85542,"date":"2024-02-17T18:54:18","date_gmt":"2024-02-17T18:54:18","guid":{"rendered":"https:\/\/alekeskus.eu\/?post_type=product&#038;p=85542"},"modified":"2026-01-25T20:35:03","modified_gmt":"2026-01-25T20:35:03","slug":"soogilaud-pukkidega-suvaimmutatud-puidust-alekeskus","status":"publish","type":"product","link":"https:\/\/alekeskus.eu\/et\/toode\/soogilaud-pukkidega-suvaimmutatud-puidust-alekeskus\/","title":{"rendered":"S\u00f6\u00f6gilaud pukkidega s\u00fcvaimmutatud puidust"},"content":{"rendered":"","protected":false},"excerpt":{"rendered":"<p>TASUTA VEDU \u00fcle Eesti (ka suursaared) !<\/p>\n<p>Tugev ja kestev s\u00f6\u00f6gilaud koos 4 pukiga. Laua m\u00f5\u00f5dud 99 x 99 x h=107 cm.\u00a0 Pukkide m\u00f5\u00f5dud 37 x 37 x h=74 cm.<\/p>\n<p>Valmistatud tugevast s\u00fcvaimmutatud(pruunikas) h\u00f6\u00f6veldatud kuusepuidust.<\/p>\n<p>Eesti toode.<\/p>\n<p>Kaasas kinnitusvahendid ja koosteohje: <a href=\"https:\/\/alekeskus.eu\/wp-content\/uploads\/2024\/02\/Aron-ohje.pdf\">Aron ohje<\/a><\/p>\n","protected":false},"featured_media":85552,"template":"","meta":{"_monsterinsights_skip_tracking":false,"_monsterinsights_sitenote_active":false,"_monsterinsights_sitenote_note":"","_monsterinsights_sitenote_category":0},"pwb-brand":[18577],"product_brand":[],"product_cat":[13564,13538,13530],"product_tag":[14603,14604,14758,14785,14024,18445,14025,14135,14139,14140],"class_list":{"0":"post-85542","1":"product","2":"type-product","3":"status-publish","4":"has-post-thumbnail","6":"pwb-brand-eesti","7":"product_cat-aiamoobel","8":"product_cat-ale","9":"product_cat-aed-ja-kodu","10":"product_tag-laud","11":"product_tag-soogilaud","12":"product_tag-ulkokalusteet","13":"product_tag-ulkopoytaryhma","14":"product_tag-piknikulaud","15":"product_tag-piknikpoytaryhma","16":"product_tag-aiamoobel","17":"product_tag-aialaud","18":"product_tag-ulkokaluste","19":"product_tag-piknikpoyta","20":"product_shipping_class-tasuta-transport-kuni-300kg","21":"pa_garantii-2-aastat","22":"pa_kohaletoimetamine-tasuta-ule-eesti-soome-alates-160e-alekeskus","23":"pa_laoasukoht-poltsamaa","24":"pa_tellimisaeg-tilausaika-alekeskus","25":"pa_varv-pruun","26":"pa_veame-eesti-ja-soome","28":"first","29":"instock","30":"sale","31":"taxable","32":"shipping-taxable","33":"purchasable","34":"product-type-simple"},"yoast_head":"<!-- This site is optimized with the Yoast SEO plugin v27.3 - https:\/\/yoast.com\/product\/yoast-seo-wordpress\/ -->\n<title>S\u00f6\u00f6gilaud pukkidega s\u00fcvaimmutatud puidust - Alekeskus<\/title>\n<meta name=\"description\" content=\"s\u00f6\u00f6gilaud pukkidega s\u00fcvaimmutatud puidust\" \/>\n<meta name=\"robots\" content=\"index, follow, max-snippet:-1, max-image-preview:large, max-video-preview:-1\" \/>\n<link rel=\"canonical\" href=\"https:\/\/alekeskus.eu\/et\/toode\/soogilaud-pukkidega-suvaimmutatud-puidust-alekeskus\/\" \/>\n<meta property=\"og:locale\" content=\"et_EE\" \/>\n<meta property=\"og:type\" content=\"article\" \/>\n<meta property=\"og:title\" content=\"S\u00f6\u00f6gilaud pukkidega s\u00fcvaimmutatud puidust - Alekeskus\" \/>\n<meta property=\"og:description\" content=\"s\u00f6\u00f6gilaud pukkidega s\u00fcvaimmutatud puidust\" \/>\n<meta property=\"og:url\" content=\"https:\/\/alekeskus.eu\/et\/toode\/soogilaud-pukkidega-suvaimmutatud-puidust-alekeskus\/\" \/>\n<meta property=\"og:site_name\" content=\"Alekeskus\" \/>\n<meta property=\"article:modified_time\" content=\"2026-01-25T20:35:03+00:00\" \/>\n<meta property=\"og:image\" content=\"https:\/\/alekeskus.eu\/wp-content\/uploads\/2024\/02\/Aron_BNVPI-aias.jpg\" \/>\n\t<meta property=\"og:image:width\" content=\"1600\" \/>\n\t<meta property=\"og:image:height\" content=\"1200\" \/>\n\t<meta property=\"og:image:type\" content=\"image\/jpeg\" \/>\n<meta name=\"twitter:card\" content=\"summary_large_image\" \/>\n<meta name=\"twitter:label1\" content=\"Est. reading time\" \/>\n\t<meta name=\"twitter:data1\" content=\"1 minut\" \/>\n<script type=\"application\/ld+json\" class=\"yoast-schema-graph\">{\"@context\":\"https:\\\/\\\/schema.org\",\"@graph\":[{\"@type\":\"WebPage\",\"@id\":\"https:\\\/\\\/alekeskus.eu\\\/et\\\/toode\\\/soogilaud-pukkidega-suvaimmutatud-puidust-alekeskus\\\/\",\"url\":\"https:\\\/\\\/alekeskus.eu\\\/et\\\/toode\\\/soogilaud-pukkidega-suvaimmutatud-puidust-alekeskus\\\/\",\"name\":\"S\u00f6\u00f6gilaud pukkidega s\u00fcvaimmutatud puidust - Alekeskus\",\"isPartOf\":{\"@id\":\"https:\\\/\\\/alekeskus.eu\\\/#website\"},\"primaryImageOfPage\":{\"@id\":\"https:\\\/\\\/alekeskus.eu\\\/et\\\/toode\\\/soogilaud-pukkidega-suvaimmutatud-puidust-alekeskus\\\/#primaryimage\"},\"image\":{\"@id\":\"https:\\\/\\\/alekeskus.eu\\\/et\\\/toode\\\/soogilaud-pukkidega-suvaimmutatud-puidust-alekeskus\\\/#primaryimage\"},\"thumbnailUrl\":\"https:\\\/\\\/alekeskus.eu\\\/wp-content\\\/uploads\\\/2024\\\/02\\\/Aron_BNVPI-aias.jpg\",\"datePublished\":\"2024-02-17T18:54:18+00:00\",\"dateModified\":\"2026-01-25T20:35:03+00:00\",\"description\":\"s\u00f6\u00f6gilaud pukkidega s\u00fcvaimmutatud puidust\",\"breadcrumb\":{\"@id\":\"https:\\\/\\\/alekeskus.eu\\\/et\\\/toode\\\/soogilaud-pukkidega-suvaimmutatud-puidust-alekeskus\\\/#breadcrumb\"},\"inLanguage\":\"et\",\"potentialAction\":[{\"@type\":\"ReadAction\",\"target\":[\"https:\\\/\\\/alekeskus.eu\\\/et\\\/toode\\\/soogilaud-pukkidega-suvaimmutatud-puidust-alekeskus\\\/\"]}]},{\"@type\":\"ImageObject\",\"inLanguage\":\"et\",\"@id\":\"https:\\\/\\\/alekeskus.eu\\\/et\\\/toode\\\/soogilaud-pukkidega-suvaimmutatud-puidust-alekeskus\\\/#primaryimage\",\"url\":\"https:\\\/\\\/alekeskus.eu\\\/wp-content\\\/uploads\\\/2024\\\/02\\\/Aron_BNVPI-aias.jpg\",\"contentUrl\":\"https:\\\/\\\/alekeskus.eu\\\/wp-content\\\/uploads\\\/2024\\\/02\\\/Aron_BNVPI-aias.jpg\",\"width\":1600,\"height\":1200},{\"@type\":\"BreadcrumbList\",\"@id\":\"https:\\\/\\\/alekeskus.eu\\\/et\\\/toode\\\/soogilaud-pukkidega-suvaimmutatud-puidust-alekeskus\\\/#breadcrumb\",\"itemListElement\":[{\"@type\":\"ListItem\",\"position\":1,\"name\":\"Avaleht\",\"item\":\"https:\\\/\\\/alekeskus.eu\\\/et\\\/\"},{\"@type\":\"ListItem\",\"position\":2,\"name\":\"Pood\",\"item\":\"https:\\\/\\\/alekeskus.eu\\\/pood\\\/\"},{\"@type\":\"ListItem\",\"position\":3,\"name\":\"S\u00f6\u00f6gilaud pukkidega s\u00fcvaimmutatud puidust\"}]},{\"@type\":\"WebSite\",\"@id\":\"https:\\\/\\\/alekeskus.eu\\\/#website\",\"url\":\"https:\\\/\\\/alekeskus.eu\\\/\",\"name\":\"Alekeskus\",\"description\":\"Alekeskus.eu\",\"potentialAction\":[{\"@type\":\"SearchAction\",\"target\":{\"@type\":\"EntryPoint\",\"urlTemplate\":\"https:\\\/\\\/alekeskus.eu\\\/?s={search_term_string}\"},\"query-input\":{\"@type\":\"PropertyValueSpecification\",\"valueRequired\":true,\"valueName\":\"search_term_string\"}}],\"inLanguage\":\"et\"}]}<\/script>\n<!-- \/ Yoast SEO plugin. -->","yoast_head_json":{"title":"S\u00f6\u00f6gilaud pukkidega s\u00fcvaimmutatud puidust - Alekeskus","description":"s\u00f6\u00f6gilaud pukkidega s\u00fcvaimmutatud puidust","robots":{"index":"index","follow":"follow","max-snippet":"max-snippet:-1","max-image-preview":"max-image-preview:large","max-video-preview":"max-video-preview:-1"},"canonical":"https:\/\/alekeskus.eu\/et\/toode\/soogilaud-pukkidega-suvaimmutatud-puidust-alekeskus\/","og_locale":"et_EE","og_type":"article","og_title":"S\u00f6\u00f6gilaud pukkidega s\u00fcvaimmutatud puidust - Alekeskus","og_description":"s\u00f6\u00f6gilaud pukkidega s\u00fcvaimmutatud puidust","og_url":"https:\/\/alekeskus.eu\/et\/toode\/soogilaud-pukkidega-suvaimmutatud-puidust-alekeskus\/","og_site_name":"Alekeskus","article_modified_time":"2026-01-25T20:35:03+00:00","og_image":[{"width":1600,"height":1200,"url":"https:\/\/alekeskus.eu\/wp-content\/uploads\/2024\/02\/Aron_BNVPI-aias.jpg","type":"image\/jpeg"}],"twitter_card":"summary_large_image","twitter_misc":{"Est. reading time":"1 minut"},"schema":{"@context":"https:\/\/schema.org","@graph":[{"@type":"WebPage","@id":"https:\/\/alekeskus.eu\/et\/toode\/soogilaud-pukkidega-suvaimmutatud-puidust-alekeskus\/","url":"https:\/\/alekeskus.eu\/et\/toode\/soogilaud-pukkidega-suvaimmutatud-puidust-alekeskus\/","name":"S\u00f6\u00f6gilaud pukkidega s\u00fcvaimmutatud puidust - Alekeskus","isPartOf":{"@id":"https:\/\/alekeskus.eu\/#website"},"primaryImageOfPage":{"@id":"https:\/\/alekeskus.eu\/et\/toode\/soogilaud-pukkidega-suvaimmutatud-puidust-alekeskus\/#primaryimage"},"image":{"@id":"https:\/\/alekeskus.eu\/et\/toode\/soogilaud-pukkidega-suvaimmutatud-puidust-alekeskus\/#primaryimage"},"thumbnailUrl":"https:\/\/alekeskus.eu\/wp-content\/uploads\/2024\/02\/Aron_BNVPI-aias.jpg","datePublished":"2024-02-17T18:54:18+00:00","dateModified":"2026-01-25T20:35:03+00:00","description":"s\u00f6\u00f6gilaud pukkidega s\u00fcvaimmutatud puidust","breadcrumb":{"@id":"https:\/\/alekeskus.eu\/et\/toode\/soogilaud-pukkidega-suvaimmutatud-puidust-alekeskus\/#breadcrumb"},"inLanguage":"et","potentialAction":[{"@type":"ReadAction","target":["https:\/\/alekeskus.eu\/et\/toode\/soogilaud-pukkidega-suvaimmutatud-puidust-alekeskus\/"]}]},{"@type":"ImageObject","inLanguage":"et","@id":"https:\/\/alekeskus.eu\/et\/toode\/soogilaud-pukkidega-suvaimmutatud-puidust-alekeskus\/#primaryimage","url":"https:\/\/alekeskus.eu\/wp-content\/uploads\/2024\/02\/Aron_BNVPI-aias.jpg","contentUrl":"https:\/\/alekeskus.eu\/wp-content\/uploads\/2024\/02\/Aron_BNVPI-aias.jpg","width":1600,"height":1200},{"@type":"BreadcrumbList","@id":"https:\/\/alekeskus.eu\/et\/toode\/soogilaud-pukkidega-suvaimmutatud-puidust-alekeskus\/#breadcrumb","itemListElement":[{"@type":"ListItem","position":1,"name":"Avaleht","item":"https:\/\/alekeskus.eu\/et\/"},{"@type":"ListItem","position":2,"name":"Pood","item":"https:\/\/alekeskus.eu\/pood\/"},{"@type":"ListItem","position":3,"name":"S\u00f6\u00f6gilaud pukkidega s\u00fcvaimmutatud puidust"}]},{"@type":"WebSite","@id":"https:\/\/alekeskus.eu\/#website","url":"https:\/\/alekeskus.eu\/","name":"Alekeskus","description":"Alekeskus.eu","potentialAction":[{"@type":"SearchAction","target":{"@type":"EntryPoint","urlTemplate":"https:\/\/alekeskus.eu\/?s={search_term_string}"},"query-input":{"@type":"PropertyValueSpecification","valueRequired":true,"valueName":"search_term_string"}}],"inLanguage":"et"}]}},"brands":[{"id":18577,"name":"Eesti","slug":"eesti"}],"_links":{"self":[{"href":"https:\/\/alekeskus.eu\/et\/wp-json\/wp\/v2\/product\/85542","targetHints":{"allow":["GET"]}}],"collection":[{"href":"https:\/\/alekeskus.eu\/et\/wp-json\/wp\/v2\/product"}],"about":[{"href":"https:\/\/alekeskus.eu\/et\/wp-json\/wp\/v2\/types\/product"}],"wp:featuredmedia":[{"embeddable":true,"href":"https:\/\/alekeskus.eu\/et\/wp-json\/wp\/v2\/media\/85552"}],"wp:attachment":[{"href":"https:\/\/alekeskus.eu\/et\/wp-json\/wp\/v2\/media?parent=85542"}],"wp:term":[{"taxonomy":"pwb-brand","embeddable":true,"href":"https:\/\/alekeskus.eu\/et\/wp-json\/wp\/v2\/pwb-brand?post=85542"},{"taxonomy":"product_brand","embeddable":true,"href":"https:\/\/alekeskus.eu\/et\/wp-json\/wp\/v2\/product_brand?post=85542"},{"taxonomy":"product_cat","embeddable":true,"href":"https:\/\/alekeskus.eu\/et\/wp-json\/wp\/v2\/product_cat?post=85542"},{"taxonomy":"product_tag","embeddable":true,"href":"https:\/\/alekeskus.eu\/et\/wp-json\/wp\/v2\/product_tag?post=85542"}],"curies":[{"name":"wp","href":"https:\/\/api.w.org\/{rel}","templated":true}]}}