{"id":85626,"date":"2025-02-02T12:24:23","date_gmt":"2025-02-02T12:24:23","guid":{"rendered":"https:\/\/alekeskus.eu\/?post_type=product&#038;p=85626"},"modified":"2025-08-31T16:56:11","modified_gmt":"2025-08-31T16:56:11","slug":"katusealune-leena-166-set310-alekeskus","status":"publish","type":"product","link":"https:\/\/alekeskus.eu\/et\/toode\/katusealune-leena-166-set310-alekeskus\/","title":{"rendered":"Katusealune baariletiga Leena 16,6 m\u00b2 SET310"},"content":{"rendered":"<p><strong>Telli juurde:<\/strong><\/p>\n<p><strong>&#8211; SBS-bituumenkate 4 rulli<\/strong><\/p>\n<p><strong>&#8211; iseliimuv EPDM-kummist katusekate 1,5 x 10 m 2 rulli \u00a0\u00a0<\/strong><\/p>\n<p><strong>&#8211; tehases puidukaitsevahendisse kastetuna (pruunikas, hallikas v\u00f5i valkjas)<\/strong><\/p>\n<p><strong>&#8211; valgeks v\u00e4rvituna<br \/>\n<\/strong>\u00a0<img decoding=\"async\" src=\"http:\/\/pood.palmako.ee\/sites\/default\/files\/styles\/pictogram_thumbnail\/public\/field_pictogram_image\/pp25.png?itok=8xQVzSvW\" alt=\"\" \/>Pakendid: 4,5 x 1,2 x 1,1 m; 2x 2,9&#215;0,6&#215;0,2; 3,0 x 1,2 x0,3; 3,2 x 0,6 x 0,3 m; kaal 1250 kg<\/p>\n<div class=\"pictogram qtip-additional-element\">\n<div class=\"description\">\n<div class=\"pictogram qtip-additional-element\">\n<div class=\"image\">\n<div class=\"pictogram qtip-additional-element\">\n<div><\/div>\n<div><\/div>\n<\/div>\n<div class=\"pictogram qtip-additional-element\">\n<div class=\"image\"><\/div>\n<\/div>\n<\/div>\n<\/div>\n<\/div>\n<\/div>\n","protected":false},"excerpt":{"rendered":"<p>V\u00e4lism\u00f5\u00f5dud: <strong>5,88 x 3,0 m<\/strong>.<\/p>\n<p><strong>TASUTA VEDU JA MAHALAADIMINE (ka suursaartel)!<\/strong><\/p>\n<ul>\n<li>seina k\u00f5rgused 210 cm ja 245 cm<\/li>\n<li>liimpuidust postid 120 x 120 mm teraskingadega<\/li>\n<li>p\u00f5randat ei ole<\/li>\n<li>katuse pindala 21,4 m\u00b2 ja kalle 3\u00ba, r\u00e4\u00e4stas 20 cm<\/li>\n<li>liimpuidust talad 120 x 120 mm, sarikad 44 x 120 mm, punniga katuselauad 19 mm<\/li>\n<li>\u00a0katusekate ei sisaldu hinnas (valikus SBS-bituumenkate 4 rulli v\u00f5i iseliimuv EPDM-kummist katusekate 1,5 x 10 m 2 rulli)<\/li>\n<li>tellitav puidukaitsevahendisse kastetuna +800\u20ac (pruun, hall v\u00f5i valkjas)<strong><img decoding=\"async\" class=\"\" src=\"https:\/\/www.palmako.ee\/sites\/default\/files\/styles\/product_list_item\/public\/2020-06\/BNDIP.jpg?itok=_LQkkeHM\" width=\"66\" height=\"66\" \/><img decoding=\"async\" class=\"\" src=\"https:\/\/www.palmako.ee\/sites\/default\/files\/styles\/product_list_item\/public\/2020-06\/GYDIP.jpg?itok=RrYf7KTV\" width=\"66\" height=\"66\" \/><img decoding=\"async\" class=\"\" src=\"https:\/\/www.palmako.ee\/sites\/default\/files\/styles\/product_list_item\/public\/2020-06\/WTDIP.jpg?itok=D9U46coI\" width=\"67\" height=\"67\" \/>\u00a0 \u00a0 \u00a0 \u00a0 \u00a0 \u00a0 \u00a0 <\/strong>v\u00f5i valgeks v\u00e4rvituna +1400\u20ac, tellimisaeg 3 n\u00e4dalat pikem<\/li>\n<li>5-aastane tehase garantii<\/li>\n<li>kinnitusvahendid ja koostejuhend<\/li>\n<li>peegelpildis paigaldatav<\/li>\n<li>Eesti toode<\/li>\n<li>vihmakindel pakend<\/li>\n<\/ul>\n<p>K\u00fcsi ka paigaldust!<\/p>\n","protected":false},"featured_media":93323,"template":"","meta":{"_monsterinsights_skip_tracking":false,"_monsterinsights_sitenote_active":false,"_monsterinsights_sitenote_note":"","_monsterinsights_sitenote_category":0},"pwb-brand":[18577],"product_brand":[],"product_cat":[17182,13592,13540,13596,13600],"product_tag":[14224,18319,14266,15264,18441,15543,18442,13848,13850,17742,13994,18309],"class_list":{"0":"post-85626","1":"product","2":"type-product","3":"status-publish","4":"has-post-thumbnail","6":"pwb-brand-eesti","7":"product_cat-suvekoogid-alekeskus","8":"product_cat-aia-ja-grillmajad","9":"product_cat-hooned-alekeskus","10":"product_cat-varjualused-talveaiad-alekeskus","11":"product_cat-kuurid-aidad-kioskid","12":"product_tag-varjualune","13":"product_tag-palmako-katos","14":"product_tag-katusealune","15":"product_tag-grillikatos","16":"product_tag-lenna","17":"product_tag-pihakatos","18":"product_tag-palmako-lenna","19":"product_tag-lehtla","20":"product_tag-paviljonki","21":"product_tag-grillvarjualune","22":"product_tag-katos","23":"product_tag-palmako-huvimaja","24":"product_shipping_class-tasuta-transport-alates-1000kg","25":"pa_garantii-5-aastat","26":"pa_kohaletoimetamine-tasuta-mandri-eestis-ja-suursaartel-soome-alates-699e","27":"pa_laoasukoht-tartumaa","28":"pa_pindalam-17334","29":"pa_seinapaksus-120-mm","30":"pa_tellimisaeg-kuni-4-nadalat","31":"pa_varv-pruunikas-puidukaitse","32":"pa_varv-hallikas-puidukaitse","33":"pa_varv-valkjas-puidukaitse","34":"pa_varv-valge","35":"pa_varv-viimistlemata","36":"pa_veame-eesti-ja-soome","38":"first","39":"instock","40":"taxable","41":"shipping-taxable","42":"purchasable","43":"product-type-variable"},"yoast_head":"<!-- This site is optimized with the Yoast SEO plugin v27.3 - https:\/\/yoast.com\/product\/yoast-seo-wordpress\/ -->\n<title>Katusealune baariletiga Leena 16,6 m\u00b2 SET310 - Alekeskus<\/title>\n<meta name=\"description\" content=\"katusealune Leena baariga\" \/>\n<meta name=\"robots\" content=\"index, follow, max-snippet:-1, max-image-preview:large, max-video-preview:-1\" \/>\n<link rel=\"canonical\" href=\"https:\/\/alekeskus.eu\/et\/toode\/katusealune-leena-166-set310-alekeskus\/\" \/>\n<meta property=\"og:locale\" content=\"et_EE\" \/>\n<meta property=\"og:type\" content=\"article\" \/>\n<meta property=\"og:title\" content=\"Katusealune baariletiga Leena 16,6 m\u00b2 SET310 - Alekeskus\" \/>\n<meta property=\"og:description\" content=\"katusealune Leena baariga\" \/>\n<meta property=\"og:url\" content=\"https:\/\/alekeskus.eu\/et\/toode\/katusealune-leena-166-set310-alekeskus\/\" \/>\n<meta property=\"og:site_name\" content=\"Alekeskus\" \/>\n<meta property=\"article:modified_time\" content=\"2025-08-31T16:56:11+00:00\" \/>\n<meta property=\"og:image\" content=\"https:\/\/alekeskus.eu\/wp-content\/uploads\/2024\/02\/Lenna-16.6_310_NATURAL_wb-1024x1024.jpg\" \/>\n\t<meta property=\"og:image:width\" content=\"1024\" \/>\n\t<meta property=\"og:image:height\" content=\"1024\" \/>\n\t<meta property=\"og:image:type\" content=\"image\/jpeg\" \/>\n<meta name=\"twitter:card\" content=\"summary_large_image\" \/>\n<meta name=\"twitter:label1\" content=\"Est. reading time\" \/>\n\t<meta name=\"twitter:data1\" content=\"1 minut\" \/>\n<script type=\"application\/ld+json\" class=\"yoast-schema-graph\">{\"@context\":\"https:\\\/\\\/schema.org\",\"@graph\":[{\"@type\":\"WebPage\",\"@id\":\"https:\\\/\\\/alekeskus.eu\\\/et\\\/toode\\\/katusealune-leena-166-set310-alekeskus\\\/\",\"url\":\"https:\\\/\\\/alekeskus.eu\\\/et\\\/toode\\\/katusealune-leena-166-set310-alekeskus\\\/\",\"name\":\"Katusealune baariletiga Leena 16,6 m\u00b2 SET310 - Alekeskus\",\"isPartOf\":{\"@id\":\"https:\\\/\\\/alekeskus.eu\\\/#website\"},\"primaryImageOfPage\":{\"@id\":\"https:\\\/\\\/alekeskus.eu\\\/et\\\/toode\\\/katusealune-leena-166-set310-alekeskus\\\/#primaryimage\"},\"image\":{\"@id\":\"https:\\\/\\\/alekeskus.eu\\\/et\\\/toode\\\/katusealune-leena-166-set310-alekeskus\\\/#primaryimage\"},\"thumbnailUrl\":\"https:\\\/\\\/alekeskus.eu\\\/wp-content\\\/uploads\\\/2024\\\/02\\\/Lenna-16.6_310_NATURAL_wb.jpg\",\"datePublished\":\"2025-02-02T12:24:23+00:00\",\"dateModified\":\"2025-08-31T16:56:11+00:00\",\"description\":\"katusealune Leena baariga\",\"breadcrumb\":{\"@id\":\"https:\\\/\\\/alekeskus.eu\\\/et\\\/toode\\\/katusealune-leena-166-set310-alekeskus\\\/#breadcrumb\"},\"inLanguage\":\"et\",\"potentialAction\":[{\"@type\":\"ReadAction\",\"target\":[\"https:\\\/\\\/alekeskus.eu\\\/et\\\/toode\\\/katusealune-leena-166-set310-alekeskus\\\/\"]}]},{\"@type\":\"ImageObject\",\"inLanguage\":\"et\",\"@id\":\"https:\\\/\\\/alekeskus.eu\\\/et\\\/toode\\\/katusealune-leena-166-set310-alekeskus\\\/#primaryimage\",\"url\":\"https:\\\/\\\/alekeskus.eu\\\/wp-content\\\/uploads\\\/2024\\\/02\\\/Lenna-16.6_310_NATURAL_wb.jpg\",\"contentUrl\":\"https:\\\/\\\/alekeskus.eu\\\/wp-content\\\/uploads\\\/2024\\\/02\\\/Lenna-16.6_310_NATURAL_wb.jpg\",\"width\":1600,\"height\":1200},{\"@type\":\"BreadcrumbList\",\"@id\":\"https:\\\/\\\/alekeskus.eu\\\/et\\\/toode\\\/katusealune-leena-166-set310-alekeskus\\\/#breadcrumb\",\"itemListElement\":[{\"@type\":\"ListItem\",\"position\":1,\"name\":\"Avaleht\",\"item\":\"https:\\\/\\\/alekeskus.eu\\\/et\\\/\"},{\"@type\":\"ListItem\",\"position\":2,\"name\":\"Pood\",\"item\":\"https:\\\/\\\/alekeskus.eu\\\/pood\\\/\"},{\"@type\":\"ListItem\",\"position\":3,\"name\":\"Katusealune baariletiga Leena 16,6 m\u00b2 SET310\"}]},{\"@type\":\"WebSite\",\"@id\":\"https:\\\/\\\/alekeskus.eu\\\/#website\",\"url\":\"https:\\\/\\\/alekeskus.eu\\\/\",\"name\":\"Alekeskus\",\"description\":\"Alekeskus.eu\",\"potentialAction\":[{\"@type\":\"SearchAction\",\"target\":{\"@type\":\"EntryPoint\",\"urlTemplate\":\"https:\\\/\\\/alekeskus.eu\\\/?s={search_term_string}\"},\"query-input\":{\"@type\":\"PropertyValueSpecification\",\"valueRequired\":true,\"valueName\":\"search_term_string\"}}],\"inLanguage\":\"et\"}]}<\/script>\n<!-- \/ Yoast SEO plugin. -->","yoast_head_json":{"title":"Katusealune baariletiga Leena 16,6 m\u00b2 SET310 - Alekeskus","description":"katusealune Leena baariga","robots":{"index":"index","follow":"follow","max-snippet":"max-snippet:-1","max-image-preview":"max-image-preview:large","max-video-preview":"max-video-preview:-1"},"canonical":"https:\/\/alekeskus.eu\/et\/toode\/katusealune-leena-166-set310-alekeskus\/","og_locale":"et_EE","og_type":"article","og_title":"Katusealune baariletiga Leena 16,6 m\u00b2 SET310 - Alekeskus","og_description":"katusealune Leena baariga","og_url":"https:\/\/alekeskus.eu\/et\/toode\/katusealune-leena-166-set310-alekeskus\/","og_site_name":"Alekeskus","article_modified_time":"2025-08-31T16:56:11+00:00","og_image":[{"width":1024,"height":1024,"url":"https:\/\/alekeskus.eu\/wp-content\/uploads\/2024\/02\/Lenna-16.6_310_NATURAL_wb-1024x1024.jpg","type":"image\/jpeg"}],"twitter_card":"summary_large_image","twitter_misc":{"Est. reading time":"1 minut"},"schema":{"@context":"https:\/\/schema.org","@graph":[{"@type":"WebPage","@id":"https:\/\/alekeskus.eu\/et\/toode\/katusealune-leena-166-set310-alekeskus\/","url":"https:\/\/alekeskus.eu\/et\/toode\/katusealune-leena-166-set310-alekeskus\/","name":"Katusealune baariletiga Leena 16,6 m\u00b2 SET310 - Alekeskus","isPartOf":{"@id":"https:\/\/alekeskus.eu\/#website"},"primaryImageOfPage":{"@id":"https:\/\/alekeskus.eu\/et\/toode\/katusealune-leena-166-set310-alekeskus\/#primaryimage"},"image":{"@id":"https:\/\/alekeskus.eu\/et\/toode\/katusealune-leena-166-set310-alekeskus\/#primaryimage"},"thumbnailUrl":"https:\/\/alekeskus.eu\/wp-content\/uploads\/2024\/02\/Lenna-16.6_310_NATURAL_wb.jpg","datePublished":"2025-02-02T12:24:23+00:00","dateModified":"2025-08-31T16:56:11+00:00","description":"katusealune Leena baariga","breadcrumb":{"@id":"https:\/\/alekeskus.eu\/et\/toode\/katusealune-leena-166-set310-alekeskus\/#breadcrumb"},"inLanguage":"et","potentialAction":[{"@type":"ReadAction","target":["https:\/\/alekeskus.eu\/et\/toode\/katusealune-leena-166-set310-alekeskus\/"]}]},{"@type":"ImageObject","inLanguage":"et","@id":"https:\/\/alekeskus.eu\/et\/toode\/katusealune-leena-166-set310-alekeskus\/#primaryimage","url":"https:\/\/alekeskus.eu\/wp-content\/uploads\/2024\/02\/Lenna-16.6_310_NATURAL_wb.jpg","contentUrl":"https:\/\/alekeskus.eu\/wp-content\/uploads\/2024\/02\/Lenna-16.6_310_NATURAL_wb.jpg","width":1600,"height":1200},{"@type":"BreadcrumbList","@id":"https:\/\/alekeskus.eu\/et\/toode\/katusealune-leena-166-set310-alekeskus\/#breadcrumb","itemListElement":[{"@type":"ListItem","position":1,"name":"Avaleht","item":"https:\/\/alekeskus.eu\/et\/"},{"@type":"ListItem","position":2,"name":"Pood","item":"https:\/\/alekeskus.eu\/pood\/"},{"@type":"ListItem","position":3,"name":"Katusealune baariletiga Leena 16,6 m\u00b2 SET310"}]},{"@type":"WebSite","@id":"https:\/\/alekeskus.eu\/#website","url":"https:\/\/alekeskus.eu\/","name":"Alekeskus","description":"Alekeskus.eu","potentialAction":[{"@type":"SearchAction","target":{"@type":"EntryPoint","urlTemplate":"https:\/\/alekeskus.eu\/?s={search_term_string}"},"query-input":{"@type":"PropertyValueSpecification","valueRequired":true,"valueName":"search_term_string"}}],"inLanguage":"et"}]}},"brands":[{"id":18577,"name":"Eesti","slug":"eesti"}],"_links":{"self":[{"href":"https:\/\/alekeskus.eu\/et\/wp-json\/wp\/v2\/product\/85626","targetHints":{"allow":["GET"]}}],"collection":[{"href":"https:\/\/alekeskus.eu\/et\/wp-json\/wp\/v2\/product"}],"about":[{"href":"https:\/\/alekeskus.eu\/et\/wp-json\/wp\/v2\/types\/product"}],"wp:featuredmedia":[{"embeddable":true,"href":"https:\/\/alekeskus.eu\/et\/wp-json\/wp\/v2\/media\/93323"}],"wp:attachment":[{"href":"https:\/\/alekeskus.eu\/et\/wp-json\/wp\/v2\/media?parent=85626"}],"wp:term":[{"taxonomy":"pwb-brand","embeddable":true,"href":"https:\/\/alekeskus.eu\/et\/wp-json\/wp\/v2\/pwb-brand?post=85626"},{"taxonomy":"product_brand","embeddable":true,"href":"https:\/\/alekeskus.eu\/et\/wp-json\/wp\/v2\/product_brand?post=85626"},{"taxonomy":"product_cat","embeddable":true,"href":"https:\/\/alekeskus.eu\/et\/wp-json\/wp\/v2\/product_cat?post=85626"},{"taxonomy":"product_tag","embeddable":true,"href":"https:\/\/alekeskus.eu\/et\/wp-json\/wp\/v2\/product_tag?post=85626"}],"curies":[{"name":"wp","href":"https:\/\/api.w.org\/{rel}","templated":true}]}}