{"id":85663,"date":"2024-10-19T13:49:20","date_gmt":"2024-10-19T13:49:20","guid":{"rendered":"https:\/\/alekeskus.eu\/?post_type=product&#038;p=85663"},"modified":"2025-09-01T16:19:14","modified_gmt":"2025-09-01T16:19:14","slug":"kiosk-leena-set311-alekeskus","status":"publish","type":"product","link":"https:\/\/alekeskus.eu\/et\/toode\/kiosk-leena-set311-alekeskus\/","title":{"rendered":"Kiosk Leena 16,6 m\u00b2 SET311"},"content":{"rendered":"<p><strong>Telli juurde:<\/strong><\/p>\n<p><strong>\u2013 SBS-bituumenkate 4 rulli v\u00f5i 2 rulli iseliimuvat <\/strong><strong>EPDM-kummist katusekatet 1,5 x 10 m\u00a0 \u00a0 \u00a0<\/strong><\/p>\n<p><strong>\u2013 tehases puidukaitsevahendisse kastetuna (pruunikas, hallikas v\u00f5i valkjas)<\/strong><\/p>\n<p><strong>\u2013 valgeks v\u00e4rvituna<\/strong><\/p>\n<p><img decoding=\"async\" src=\"http:\/\/pood.palmako.ee\/sites\/default\/files\/styles\/pictogram_thumbnail\/public\/field_pictogram_image\/pp25.png?itok=8xQVzSvW\" alt=\"\" \/>Pakendid: 4,5 x 1,2 x 1,1 m; 3,0 x 1,2 x0,6; 3,2 x 0,6 x 1,2 m; kaal 1500 kg<\/p>\n<div class=\"pictogram qtip-additional-element\">\n<div class=\"description\">\n<div class=\"pictogram qtip-additional-element\">\n<div class=\"image\">\n<div class=\"pictogram qtip-additional-element\">\n<div><\/div>\n<div><\/div>\n<\/div>\n<div class=\"pictogram qtip-additional-element\">\n<div class=\"image\"><\/div>\n<\/div>\n<\/div>\n<\/div>\n<\/div>\n<\/div>\n","protected":false},"excerpt":{"rendered":"<p>V\u00e4lism\u00f5\u00f5dud: <strong>5,88 x 3,0 m<\/strong>.<\/p>\n<p><strong>TASUTA VEDU JA MAHALAADIMINE (ka suursaartel)!<\/strong><\/p>\n<ul>\n<li>seina k\u00f5rgused 210 cm ja 245 cm<\/li>\n<li>liimpuidust postid 120 x 120 mm teraskingadega<\/li>\n<li>seinte tegemiseks 28 mm punnlaud ja raamiprussid<\/li>\n<li>p\u00f5randat ei ole (saab juurde tellida)<\/li>\n<li>katuse pindala 21,4 m\u00b2 ja kalle 3\u00ba, r\u00e4\u00e4stas 20 cm<\/li>\n<li>liimpuidust talad 120 x 120 mm, sarikad 44 x 120 mm, punniga katuselauad 19 mm<\/li>\n<li>silinderlukuga puidust uks 73 x 181 cm (ava tuleb ise seina saagida)<\/li>\n<li>2 riividega suletavat luuki, mida saab letiks v\u00e4ljapoole voltida<\/li>\n<li>katusekate lisahinnaga (valikus SBS-bituumenkate 4 rulli v\u00f5i 2 rulli iseliimuvat EPDM-kummist katusekatet 1,5 x 10 m)<\/li>\n<li>tellitav puidukaitsevahendisse kastetuna +1000\u20ac (pruun, hall v\u00f5i valkjas) <img decoding=\"async\" class=\"\" src=\"https:\/\/www.palmako.ee\/sites\/default\/files\/styles\/product_list_item\/public\/2020-06\/BNDIP.jpg?itok=_LQkkeHM\" width=\"81\" height=\"81\" \/><strong><img decoding=\"async\" class=\"\" src=\"https:\/\/www.palmako.ee\/sites\/default\/files\/styles\/product_list_item\/public\/2020-06\/GYDIP.jpg?itok=RrYf7KTV\" width=\"81\" height=\"81\" \/><img decoding=\"async\" class=\"\" src=\"https:\/\/www.palmako.ee\/sites\/default\/files\/styles\/product_list_item\/public\/2020-06\/WTDIP.jpg?itok=D9U46coI\" width=\"80\" height=\"80\" \/><\/strong>v\u00f5i valgeks v\u00e4rvituna +2000\u20ac, tellimisaeg 3 n\u00e4dalat pikem<strong>\u00a0<\/strong><\/li>\n<li>5-aastane tehase garantii<\/li>\n<li>kinnitusvahendid ja koostejuhend<\/li>\n<li>Eesti toode<\/li>\n<li>vihmakindel pakend<\/li>\n<\/ul>\n<p>K\u00fcsi ka paigaldust!<\/p>\n","protected":false},"featured_media":93340,"template":"","meta":{"_monsterinsights_skip_tracking":false,"_monsterinsights_sitenote_active":false,"_monsterinsights_sitenote_note":"","_monsterinsights_sitenote_category":0},"pwb-brand":[18577],"product_brand":[],"product_cat":[13540,13600,13602],"product_tag":[13914,18309,13922,18319,13924,13994,18441,14224,18442,14266,18458,15543,18459,18460,13848,18461],"class_list":{"0":"post-85663","1":"product","2":"type-product","3":"status-publish","4":"has-post-thumbnail","6":"pwb-brand-eesti","7":"product_cat-hooned-alekeskus","8":"product_cat-kuurid-aidad-kioskid","9":"product_cat-elementmajad","10":"product_tag-kiosk","11":"product_tag-palmako-huvimaja","12":"product_tag-kioski","13":"product_tag-palmako-katos","14":"product_tag-muugikoht","15":"product_tag-katos","16":"product_tag-lenna","17":"product_tag-varjualune","18":"product_tag-palmako-lenna","19":"product_tag-katusealune","20":"product_tag-turuputka","21":"product_tag-pihakatos","22":"product_tag-turukiosk","23":"product_tag-nakkikioski","24":"product_tag-lehtla","25":"product_tag-grillikioski","26":"product_shipping_class-tasuta-transport-alates-1000kg","27":"pa_garantii-5-aastat","28":"pa_kohaletoimetamine-tasuta-mandri-eestis-ja-suursaartel-soome-alates-699e","29":"pa_laoasukoht-tartumaa","30":"pa_pindalam-17334","31":"pa_seinapaksus-28-mm","32":"pa_tellimisaeg-kuni-4-nadalat","33":"pa_varv-valge","34":"pa_varv-viimistlemata","35":"pa_varv-pruunikas-puidukaitse","36":"pa_varv-hallikas-puidukaitse","37":"pa_varv-valkjas-puidukaitse","38":"pa_veame-eesti-ja-soome","40":"first","41":"instock","42":"taxable","43":"shipping-taxable","44":"purchasable","45":"product-type-variable"},"yoast_head":"<!-- This site is optimized with the Yoast SEO plugin v27.3 - https:\/\/yoast.com\/product\/yoast-seo-wordpress\/ -->\n<title>Kiosk Leena 16,6 m\u00b2 SET311 - Alekeskus<\/title>\n<meta name=\"description\" content=\"kiosk 2 luugiga\" \/>\n<meta name=\"robots\" content=\"index, follow, max-snippet:-1, max-image-preview:large, max-video-preview:-1\" \/>\n<link rel=\"canonical\" href=\"https:\/\/alekeskus.eu\/toode\/kiosk-leena-set311-alekeskus\/\" \/>\n<meta property=\"og:locale\" content=\"et_EE\" \/>\n<meta property=\"og:type\" content=\"article\" \/>\n<meta property=\"og:title\" content=\"Kiosk Leena 16,6 m\u00b2 SET311 - Alekeskus\" \/>\n<meta property=\"og:description\" content=\"kiosk 2 luugiga\" \/>\n<meta property=\"og:url\" content=\"https:\/\/alekeskus.eu\/toode\/kiosk-leena-set311-alekeskus\/\" \/>\n<meta property=\"og:site_name\" content=\"Alekeskus\" \/>\n<meta property=\"article:modified_time\" content=\"2025-09-01T16:19:14+00:00\" \/>\n<meta property=\"og:image\" content=\"https:\/\/alekeskus.eu\/wp-content\/uploads\/2024\/10\/Lenna-16.6-311-KIOSK-NATURAL_wb-1024x1024.jpg\" \/>\n\t<meta property=\"og:image:width\" content=\"1024\" \/>\n\t<meta property=\"og:image:height\" content=\"1024\" \/>\n\t<meta property=\"og:image:type\" content=\"image\/jpeg\" \/>\n<meta name=\"twitter:card\" content=\"summary_large_image\" \/>\n<meta name=\"twitter:label1\" content=\"Est. reading time\" \/>\n\t<meta name=\"twitter:data1\" content=\"1 minut\" \/>\n<script type=\"application\/ld+json\" class=\"yoast-schema-graph\">{\"@context\":\"https:\\\/\\\/schema.org\",\"@graph\":[{\"@type\":\"WebPage\",\"@id\":\"https:\\\/\\\/alekeskus.eu\\\/toode\\\/kiosk-leena-set311-alekeskus\\\/\",\"url\":\"https:\\\/\\\/alekeskus.eu\\\/toode\\\/kiosk-leena-set311-alekeskus\\\/\",\"name\":\"Kiosk Leena 16,6 m\u00b2 SET311 - Alekeskus\",\"isPartOf\":{\"@id\":\"https:\\\/\\\/alekeskus.eu\\\/#website\"},\"primaryImageOfPage\":{\"@id\":\"https:\\\/\\\/alekeskus.eu\\\/toode\\\/kiosk-leena-set311-alekeskus\\\/#primaryimage\"},\"image\":{\"@id\":\"https:\\\/\\\/alekeskus.eu\\\/toode\\\/kiosk-leena-set311-alekeskus\\\/#primaryimage\"},\"thumbnailUrl\":\"https:\\\/\\\/alekeskus.eu\\\/wp-content\\\/uploads\\\/2024\\\/10\\\/Lenna-16.6-311-KIOSK-NATURAL_wb.jpg\",\"datePublished\":\"2024-10-19T13:49:20+00:00\",\"dateModified\":\"2025-09-01T16:19:14+00:00\",\"description\":\"kiosk 2 luugiga\",\"breadcrumb\":{\"@id\":\"https:\\\/\\\/alekeskus.eu\\\/toode\\\/kiosk-leena-set311-alekeskus\\\/#breadcrumb\"},\"inLanguage\":\"et\",\"potentialAction\":[{\"@type\":\"ReadAction\",\"target\":[\"https:\\\/\\\/alekeskus.eu\\\/toode\\\/kiosk-leena-set311-alekeskus\\\/\"]}]},{\"@type\":\"ImageObject\",\"inLanguage\":\"et\",\"@id\":\"https:\\\/\\\/alekeskus.eu\\\/toode\\\/kiosk-leena-set311-alekeskus\\\/#primaryimage\",\"url\":\"https:\\\/\\\/alekeskus.eu\\\/wp-content\\\/uploads\\\/2024\\\/10\\\/Lenna-16.6-311-KIOSK-NATURAL_wb.jpg\",\"contentUrl\":\"https:\\\/\\\/alekeskus.eu\\\/wp-content\\\/uploads\\\/2024\\\/10\\\/Lenna-16.6-311-KIOSK-NATURAL_wb.jpg\",\"width\":1600,\"height\":1200},{\"@type\":\"BreadcrumbList\",\"@id\":\"https:\\\/\\\/alekeskus.eu\\\/toode\\\/kiosk-leena-set311-alekeskus\\\/#breadcrumb\",\"itemListElement\":[{\"@type\":\"ListItem\",\"position\":1,\"name\":\"Avaleht\",\"item\":\"https:\\\/\\\/alekeskus.eu\\\/et\\\/\"},{\"@type\":\"ListItem\",\"position\":2,\"name\":\"Pood\",\"item\":\"https:\\\/\\\/alekeskus.eu\\\/pood\\\/\"},{\"@type\":\"ListItem\",\"position\":3,\"name\":\"Kiosk Leena 16,6 m\u00b2 SET311\"}]},{\"@type\":\"WebSite\",\"@id\":\"https:\\\/\\\/alekeskus.eu\\\/#website\",\"url\":\"https:\\\/\\\/alekeskus.eu\\\/\",\"name\":\"Alekeskus\",\"description\":\"Alekeskus.eu\",\"potentialAction\":[{\"@type\":\"SearchAction\",\"target\":{\"@type\":\"EntryPoint\",\"urlTemplate\":\"https:\\\/\\\/alekeskus.eu\\\/?s={search_term_string}\"},\"query-input\":{\"@type\":\"PropertyValueSpecification\",\"valueRequired\":true,\"valueName\":\"search_term_string\"}}],\"inLanguage\":\"et\"}]}<\/script>\n<!-- \/ Yoast SEO plugin. -->","yoast_head_json":{"title":"Kiosk Leena 16,6 m\u00b2 SET311 - Alekeskus","description":"kiosk 2 luugiga","robots":{"index":"index","follow":"follow","max-snippet":"max-snippet:-1","max-image-preview":"max-image-preview:large","max-video-preview":"max-video-preview:-1"},"canonical":"https:\/\/alekeskus.eu\/toode\/kiosk-leena-set311-alekeskus\/","og_locale":"et_EE","og_type":"article","og_title":"Kiosk Leena 16,6 m\u00b2 SET311 - Alekeskus","og_description":"kiosk 2 luugiga","og_url":"https:\/\/alekeskus.eu\/toode\/kiosk-leena-set311-alekeskus\/","og_site_name":"Alekeskus","article_modified_time":"2025-09-01T16:19:14+00:00","og_image":[{"width":1024,"height":1024,"url":"https:\/\/alekeskus.eu\/wp-content\/uploads\/2024\/10\/Lenna-16.6-311-KIOSK-NATURAL_wb-1024x1024.jpg","type":"image\/jpeg"}],"twitter_card":"summary_large_image","twitter_misc":{"Est. reading time":"1 minut"},"schema":{"@context":"https:\/\/schema.org","@graph":[{"@type":"WebPage","@id":"https:\/\/alekeskus.eu\/toode\/kiosk-leena-set311-alekeskus\/","url":"https:\/\/alekeskus.eu\/toode\/kiosk-leena-set311-alekeskus\/","name":"Kiosk Leena 16,6 m\u00b2 SET311 - Alekeskus","isPartOf":{"@id":"https:\/\/alekeskus.eu\/#website"},"primaryImageOfPage":{"@id":"https:\/\/alekeskus.eu\/toode\/kiosk-leena-set311-alekeskus\/#primaryimage"},"image":{"@id":"https:\/\/alekeskus.eu\/toode\/kiosk-leena-set311-alekeskus\/#primaryimage"},"thumbnailUrl":"https:\/\/alekeskus.eu\/wp-content\/uploads\/2024\/10\/Lenna-16.6-311-KIOSK-NATURAL_wb.jpg","datePublished":"2024-10-19T13:49:20+00:00","dateModified":"2025-09-01T16:19:14+00:00","description":"kiosk 2 luugiga","breadcrumb":{"@id":"https:\/\/alekeskus.eu\/toode\/kiosk-leena-set311-alekeskus\/#breadcrumb"},"inLanguage":"et","potentialAction":[{"@type":"ReadAction","target":["https:\/\/alekeskus.eu\/toode\/kiosk-leena-set311-alekeskus\/"]}]},{"@type":"ImageObject","inLanguage":"et","@id":"https:\/\/alekeskus.eu\/toode\/kiosk-leena-set311-alekeskus\/#primaryimage","url":"https:\/\/alekeskus.eu\/wp-content\/uploads\/2024\/10\/Lenna-16.6-311-KIOSK-NATURAL_wb.jpg","contentUrl":"https:\/\/alekeskus.eu\/wp-content\/uploads\/2024\/10\/Lenna-16.6-311-KIOSK-NATURAL_wb.jpg","width":1600,"height":1200},{"@type":"BreadcrumbList","@id":"https:\/\/alekeskus.eu\/toode\/kiosk-leena-set311-alekeskus\/#breadcrumb","itemListElement":[{"@type":"ListItem","position":1,"name":"Avaleht","item":"https:\/\/alekeskus.eu\/et\/"},{"@type":"ListItem","position":2,"name":"Pood","item":"https:\/\/alekeskus.eu\/pood\/"},{"@type":"ListItem","position":3,"name":"Kiosk Leena 16,6 m\u00b2 SET311"}]},{"@type":"WebSite","@id":"https:\/\/alekeskus.eu\/#website","url":"https:\/\/alekeskus.eu\/","name":"Alekeskus","description":"Alekeskus.eu","potentialAction":[{"@type":"SearchAction","target":{"@type":"EntryPoint","urlTemplate":"https:\/\/alekeskus.eu\/?s={search_term_string}"},"query-input":{"@type":"PropertyValueSpecification","valueRequired":true,"valueName":"search_term_string"}}],"inLanguage":"et"}]}},"brands":[{"id":18577,"name":"Eesti","slug":"eesti"}],"_links":{"self":[{"href":"https:\/\/alekeskus.eu\/et\/wp-json\/wp\/v2\/product\/85663","targetHints":{"allow":["GET"]}}],"collection":[{"href":"https:\/\/alekeskus.eu\/et\/wp-json\/wp\/v2\/product"}],"about":[{"href":"https:\/\/alekeskus.eu\/et\/wp-json\/wp\/v2\/types\/product"}],"wp:featuredmedia":[{"embeddable":true,"href":"https:\/\/alekeskus.eu\/et\/wp-json\/wp\/v2\/media\/93340"}],"wp:attachment":[{"href":"https:\/\/alekeskus.eu\/et\/wp-json\/wp\/v2\/media?parent=85663"}],"wp:term":[{"taxonomy":"pwb-brand","embeddable":true,"href":"https:\/\/alekeskus.eu\/et\/wp-json\/wp\/v2\/pwb-brand?post=85663"},{"taxonomy":"product_brand","embeddable":true,"href":"https:\/\/alekeskus.eu\/et\/wp-json\/wp\/v2\/product_brand?post=85663"},{"taxonomy":"product_cat","embeddable":true,"href":"https:\/\/alekeskus.eu\/et\/wp-json\/wp\/v2\/product_cat?post=85663"},{"taxonomy":"product_tag","embeddable":true,"href":"https:\/\/alekeskus.eu\/et\/wp-json\/wp\/v2\/product_tag?post=85663"}],"curies":[{"name":"wp","href":"https:\/\/api.w.org\/{rel}","templated":true}]}}