{"id":86091,"date":"2026-01-01T18:57:13","date_gmt":"2026-01-01T18:57:13","guid":{"rendered":"https:\/\/alekeskus.eu\/?post_type=product&#038;p=86091"},"modified":"2026-02-16T10:12:11","modified_gmt":"2026-02-16T10:12:11","slug":"tunnisaun-anni-13-07-klaasseinaga-alekeskus","status":"publish","type":"product","link":"https:\/\/alekeskus.eu\/et\/toode\/tunnisaun-anni-13-07-klaasseinaga-alekeskus\/","title":{"rendered":"T\u00fcnnisaun Anni 1,3 +0,7 m\u00b2 klaasseinaga"},"content":{"rendered":"<div class=\"pictogram qtip-additional-element\">\n<div class=\"image\"><\/div>\n<\/div>\n<div class=\"pictogram qtip-additional-element\">\n<div class=\"description\"><\/div>\n<\/div>\n<div class=\"clearfix\"><\/div>\n<div class=\"pictogram qtip-additional-element\"><\/div>\n","protected":false},"excerpt":{"rendered":"<p>V\u00e4lism\u00f5\u00f5dud:<strong> 2,54 x 2,26 x h=2,25 m.\u00a0<\/strong><\/p>\n<p><strong>TASUTA VEDU JA MAHALAADIMINE(ka suursaartele)!<\/strong><\/p>\n<ul>\n<li>viimistlemata kuusepuidust sein 42 mm, seljatoega haavapuust lava, p\u00f5randarestid, terrassitoolid<\/li>\n<li>t\u00e4isklaasist leiliruumi uks 50 x 161 cm<\/li>\n<li>esiseina klaas ja seinaraami osad<\/li>\n<li>katusekate (aluskate + bituumensindelkate)<\/li>\n<li>immutatud p\u00f5hjatalad<\/li>\n<li>terasvitsad pingutitega<\/li>\n<li>leiliruumis \u00f5hutusrestid (sissepuhe ja v\u00e4ljat\u00f5mme)<\/li>\n<li>keris ei sisaldu hinnas(juurde tellitavad HUUM Drop 6kW kividega v\u00f5i Narvia NM 6kW kividega)<\/li>\n<li>kinnitusvahendid ja koostejuhend<\/li>\n<li>Eesti toode<\/li>\n<li>vihmakindel pakend<\/li>\n<\/ul>\n<p>K\u00fcsi ka paigaldust!<\/p>\n<p>&nbsp;<\/p>\n","protected":false},"featured_media":86103,"template":"","meta":{"_monsterinsights_skip_tracking":false,"_monsterinsights_sitenote_active":false,"_monsterinsights_sitenote_note":"","_monsterinsights_sitenote_category":0},"pwb-brand":[],"product_brand":[],"product_cat":[13592,13538,13540,13604],"product_tag":[15020,16285,17388,18076,17869,13813,17873,18389,17874,13833,17875,17880,17973],"class_list":{"0":"post-86091","1":"product","2":"type-product","3":"status-publish","4":"has-post-thumbnail","6":"product_cat-aia-ja-grillmajad","7":"product_cat-ale","8":"product_cat-hooned-alekeskus","9":"product_cat-saunad","10":"product_tag-sauna","11":"product_tag-rantasauna","12":"product_tag-saunamaja","13":"product_tag-tynnyrisauna-2","14":"product_tag-rannasaun","15":"product_tag-aiamaja","16":"product_tag-torusaun","17":"product_tag-palmako-sauna","18":"product_tag-terrassisaun","19":"product_tag-pihamaja","20":"product_tag-sauna-terrass","21":"product_tag-tunnisaun","22":"product_tag-aiasaun","23":"product_shipping_class-tasuta-transport-kuni-1000kg","24":"pa_garantii-5-aastat","25":"pa_kohaletoimetamine-eestis-tasuta-alekeskus","26":"pa_laoasukoht-tartumaa","27":"pa_pindalam-18068","28":"pa_seinapaksus-42-mm","29":"pa_tellimisaeg-tilausaika-alekeskus","30":"pa_valilisad-elektrikeris-huum-drop-6kw-kivid","31":"pa_valilisad-ilma-lisadeta","32":"pa_valilisad-elektrikeris-narvia-nm-kivid","33":"pa_varv-viimistlemata","34":"pa_veame-eesti-ja-soome","36":"first","37":"instock","38":"sale","39":"featured","40":"taxable","41":"shipping-taxable","42":"purchasable","43":"product-type-variable","44":"has-default-attributes"},"yoast_head":"<!-- This site is optimized with the Yoast SEO plugin v27.3 - https:\/\/yoast.com\/product\/yoast-seo-wordpress\/ -->\n<title>T\u00fcnnisaun Anni 1,3 +0,7 m\u00b2 klaasseinaga - Alekeskus<\/title>\n<meta name=\"description\" content=\"t\u00fcnnisaun soodus\" \/>\n<meta name=\"robots\" content=\"index, follow, max-snippet:-1, max-image-preview:large, max-video-preview:-1\" \/>\n<link rel=\"canonical\" href=\"https:\/\/alekeskus.eu\/et\/toode\/tunnisaun-anni-13-07-klaasseinaga-alekeskus\/\" \/>\n<meta property=\"og:locale\" content=\"et_EE\" \/>\n<meta property=\"og:type\" content=\"article\" \/>\n<meta property=\"og:title\" content=\"T\u00fcnnisaun Anni 1,3 +0,7 m\u00b2 klaasseinaga - Alekeskus\" \/>\n<meta property=\"og:description\" content=\"t\u00fcnnisaun soodus\" \/>\n<meta property=\"og:url\" content=\"https:\/\/alekeskus.eu\/et\/toode\/tunnisaun-anni-13-07-klaasseinaga-alekeskus\/\" \/>\n<meta property=\"og:site_name\" content=\"Alekeskus\" \/>\n<meta property=\"article:modified_time\" content=\"2026-02-16T10:12:11+00:00\" \/>\n<meta property=\"og:image\" content=\"https:\/\/alekeskus.eu\/wp-content\/uploads\/2024\/02\/Anita_1.30.7-glass_wall-puuvalmis-aias.jpg\" \/>\n\t<meta property=\"og:image:width\" content=\"1600\" \/>\n\t<meta property=\"og:image:height\" content=\"1200\" \/>\n\t<meta property=\"og:image:type\" content=\"image\/jpeg\" \/>\n<meta name=\"twitter:card\" content=\"summary_large_image\" \/>\n<meta name=\"twitter:label1\" content=\"Est. reading time\" \/>\n\t<meta name=\"twitter:data1\" content=\"1 minut\" \/>\n<script type=\"application\/ld+json\" class=\"yoast-schema-graph\">{\"@context\":\"https:\\\/\\\/schema.org\",\"@graph\":[{\"@type\":\"WebPage\",\"@id\":\"https:\\\/\\\/alekeskus.eu\\\/et\\\/toode\\\/tunnisaun-anni-13-07-klaasseinaga-alekeskus\\\/\",\"url\":\"https:\\\/\\\/alekeskus.eu\\\/et\\\/toode\\\/tunnisaun-anni-13-07-klaasseinaga-alekeskus\\\/\",\"name\":\"T\u00fcnnisaun Anni 1,3 +0,7 m\u00b2 klaasseinaga - Alekeskus\",\"isPartOf\":{\"@id\":\"https:\\\/\\\/alekeskus.eu\\\/#website\"},\"primaryImageOfPage\":{\"@id\":\"https:\\\/\\\/alekeskus.eu\\\/et\\\/toode\\\/tunnisaun-anni-13-07-klaasseinaga-alekeskus\\\/#primaryimage\"},\"image\":{\"@id\":\"https:\\\/\\\/alekeskus.eu\\\/et\\\/toode\\\/tunnisaun-anni-13-07-klaasseinaga-alekeskus\\\/#primaryimage\"},\"thumbnailUrl\":\"https:\\\/\\\/alekeskus.eu\\\/wp-content\\\/uploads\\\/2024\\\/02\\\/Anita_1.30.7-glass_wall-puuvalmis-aias.jpg\",\"datePublished\":\"2026-01-01T18:57:13+00:00\",\"dateModified\":\"2026-02-16T10:12:11+00:00\",\"description\":\"t\u00fcnnisaun soodus\",\"breadcrumb\":{\"@id\":\"https:\\\/\\\/alekeskus.eu\\\/et\\\/toode\\\/tunnisaun-anni-13-07-klaasseinaga-alekeskus\\\/#breadcrumb\"},\"inLanguage\":\"et\",\"potentialAction\":[{\"@type\":\"ReadAction\",\"target\":[\"https:\\\/\\\/alekeskus.eu\\\/et\\\/toode\\\/tunnisaun-anni-13-07-klaasseinaga-alekeskus\\\/\"]}]},{\"@type\":\"ImageObject\",\"inLanguage\":\"et\",\"@id\":\"https:\\\/\\\/alekeskus.eu\\\/et\\\/toode\\\/tunnisaun-anni-13-07-klaasseinaga-alekeskus\\\/#primaryimage\",\"url\":\"https:\\\/\\\/alekeskus.eu\\\/wp-content\\\/uploads\\\/2024\\\/02\\\/Anita_1.30.7-glass_wall-puuvalmis-aias.jpg\",\"contentUrl\":\"https:\\\/\\\/alekeskus.eu\\\/wp-content\\\/uploads\\\/2024\\\/02\\\/Anita_1.30.7-glass_wall-puuvalmis-aias.jpg\",\"width\":1600,\"height\":1200},{\"@type\":\"BreadcrumbList\",\"@id\":\"https:\\\/\\\/alekeskus.eu\\\/et\\\/toode\\\/tunnisaun-anni-13-07-klaasseinaga-alekeskus\\\/#breadcrumb\",\"itemListElement\":[{\"@type\":\"ListItem\",\"position\":1,\"name\":\"Avaleht\",\"item\":\"https:\\\/\\\/alekeskus.eu\\\/et\\\/\"},{\"@type\":\"ListItem\",\"position\":2,\"name\":\"Pood\",\"item\":\"https:\\\/\\\/alekeskus.eu\\\/pood\\\/\"},{\"@type\":\"ListItem\",\"position\":3,\"name\":\"T\u00fcnnisaun Anni 1,3 +0,7 m\u00b2 klaasseinaga\"}]},{\"@type\":\"WebSite\",\"@id\":\"https:\\\/\\\/alekeskus.eu\\\/#website\",\"url\":\"https:\\\/\\\/alekeskus.eu\\\/\",\"name\":\"Alekeskus\",\"description\":\"Alekeskus.eu\",\"potentialAction\":[{\"@type\":\"SearchAction\",\"target\":{\"@type\":\"EntryPoint\",\"urlTemplate\":\"https:\\\/\\\/alekeskus.eu\\\/?s={search_term_string}\"},\"query-input\":{\"@type\":\"PropertyValueSpecification\",\"valueRequired\":true,\"valueName\":\"search_term_string\"}}],\"inLanguage\":\"et\"}]}<\/script>\n<!-- \/ Yoast SEO plugin. -->","yoast_head_json":{"title":"T\u00fcnnisaun Anni 1,3 +0,7 m\u00b2 klaasseinaga - Alekeskus","description":"t\u00fcnnisaun soodus","robots":{"index":"index","follow":"follow","max-snippet":"max-snippet:-1","max-image-preview":"max-image-preview:large","max-video-preview":"max-video-preview:-1"},"canonical":"https:\/\/alekeskus.eu\/et\/toode\/tunnisaun-anni-13-07-klaasseinaga-alekeskus\/","og_locale":"et_EE","og_type":"article","og_title":"T\u00fcnnisaun Anni 1,3 +0,7 m\u00b2 klaasseinaga - Alekeskus","og_description":"t\u00fcnnisaun soodus","og_url":"https:\/\/alekeskus.eu\/et\/toode\/tunnisaun-anni-13-07-klaasseinaga-alekeskus\/","og_site_name":"Alekeskus","article_modified_time":"2026-02-16T10:12:11+00:00","og_image":[{"width":1600,"height":1200,"url":"https:\/\/alekeskus.eu\/wp-content\/uploads\/2024\/02\/Anita_1.30.7-glass_wall-puuvalmis-aias.jpg","type":"image\/jpeg"}],"twitter_card":"summary_large_image","twitter_misc":{"Est. reading time":"1 minut"},"schema":{"@context":"https:\/\/schema.org","@graph":[{"@type":"WebPage","@id":"https:\/\/alekeskus.eu\/et\/toode\/tunnisaun-anni-13-07-klaasseinaga-alekeskus\/","url":"https:\/\/alekeskus.eu\/et\/toode\/tunnisaun-anni-13-07-klaasseinaga-alekeskus\/","name":"T\u00fcnnisaun Anni 1,3 +0,7 m\u00b2 klaasseinaga - Alekeskus","isPartOf":{"@id":"https:\/\/alekeskus.eu\/#website"},"primaryImageOfPage":{"@id":"https:\/\/alekeskus.eu\/et\/toode\/tunnisaun-anni-13-07-klaasseinaga-alekeskus\/#primaryimage"},"image":{"@id":"https:\/\/alekeskus.eu\/et\/toode\/tunnisaun-anni-13-07-klaasseinaga-alekeskus\/#primaryimage"},"thumbnailUrl":"https:\/\/alekeskus.eu\/wp-content\/uploads\/2024\/02\/Anita_1.30.7-glass_wall-puuvalmis-aias.jpg","datePublished":"2026-01-01T18:57:13+00:00","dateModified":"2026-02-16T10:12:11+00:00","description":"t\u00fcnnisaun soodus","breadcrumb":{"@id":"https:\/\/alekeskus.eu\/et\/toode\/tunnisaun-anni-13-07-klaasseinaga-alekeskus\/#breadcrumb"},"inLanguage":"et","potentialAction":[{"@type":"ReadAction","target":["https:\/\/alekeskus.eu\/et\/toode\/tunnisaun-anni-13-07-klaasseinaga-alekeskus\/"]}]},{"@type":"ImageObject","inLanguage":"et","@id":"https:\/\/alekeskus.eu\/et\/toode\/tunnisaun-anni-13-07-klaasseinaga-alekeskus\/#primaryimage","url":"https:\/\/alekeskus.eu\/wp-content\/uploads\/2024\/02\/Anita_1.30.7-glass_wall-puuvalmis-aias.jpg","contentUrl":"https:\/\/alekeskus.eu\/wp-content\/uploads\/2024\/02\/Anita_1.30.7-glass_wall-puuvalmis-aias.jpg","width":1600,"height":1200},{"@type":"BreadcrumbList","@id":"https:\/\/alekeskus.eu\/et\/toode\/tunnisaun-anni-13-07-klaasseinaga-alekeskus\/#breadcrumb","itemListElement":[{"@type":"ListItem","position":1,"name":"Avaleht","item":"https:\/\/alekeskus.eu\/et\/"},{"@type":"ListItem","position":2,"name":"Pood","item":"https:\/\/alekeskus.eu\/pood\/"},{"@type":"ListItem","position":3,"name":"T\u00fcnnisaun Anni 1,3 +0,7 m\u00b2 klaasseinaga"}]},{"@type":"WebSite","@id":"https:\/\/alekeskus.eu\/#website","url":"https:\/\/alekeskus.eu\/","name":"Alekeskus","description":"Alekeskus.eu","potentialAction":[{"@type":"SearchAction","target":{"@type":"EntryPoint","urlTemplate":"https:\/\/alekeskus.eu\/?s={search_term_string}"},"query-input":{"@type":"PropertyValueSpecification","valueRequired":true,"valueName":"search_term_string"}}],"inLanguage":"et"}]}},"brands":[],"_links":{"self":[{"href":"https:\/\/alekeskus.eu\/et\/wp-json\/wp\/v2\/product\/86091","targetHints":{"allow":["GET"]}}],"collection":[{"href":"https:\/\/alekeskus.eu\/et\/wp-json\/wp\/v2\/product"}],"about":[{"href":"https:\/\/alekeskus.eu\/et\/wp-json\/wp\/v2\/types\/product"}],"wp:featuredmedia":[{"embeddable":true,"href":"https:\/\/alekeskus.eu\/et\/wp-json\/wp\/v2\/media\/86103"}],"wp:attachment":[{"href":"https:\/\/alekeskus.eu\/et\/wp-json\/wp\/v2\/media?parent=86091"}],"wp:term":[{"taxonomy":"pwb-brand","embeddable":true,"href":"https:\/\/alekeskus.eu\/et\/wp-json\/wp\/v2\/pwb-brand?post=86091"},{"taxonomy":"product_brand","embeddable":true,"href":"https:\/\/alekeskus.eu\/et\/wp-json\/wp\/v2\/product_brand?post=86091"},{"taxonomy":"product_cat","embeddable":true,"href":"https:\/\/alekeskus.eu\/et\/wp-json\/wp\/v2\/product_cat?post=86091"},{"taxonomy":"product_tag","embeddable":true,"href":"https:\/\/alekeskus.eu\/et\/wp-json\/wp\/v2\/product_tag?post=86091"}],"curies":[{"name":"wp","href":"https:\/\/api.w.org\/{rel}","templated":true}]}}