{"id":86415,"date":"2026-04-12T17:06:52","date_gmt":"2026-04-12T17:06:52","guid":{"rendered":"https:\/\/alekeskus.eu\/?post_type=product&#038;p=86415"},"modified":"2026-04-20T15:33:20","modified_gmt":"2026-04-20T15:33:20","slug":"aiamaja-faborg-146-lopumuuk-alekeskus","status":"publish","type":"product","link":"https:\/\/alekeskus.eu\/et\/toode\/aiamaja-faborg-146-lopumuuk-alekeskus\/","title":{"rendered":"Aiamaja Faborg 14,6 m\u00b2 40mm sein, VIIMASEID VIIAKSE !"},"content":{"rendered":"","protected":false},"excerpt":{"rendered":"<p>V\u00e4lism\u00f5\u00f5dud: <strong>390<\/strong><b> x 390 cm + katusealune. <\/b>Seina k\u00f5rgus<strong> 228 cm <\/strong>ja harja k\u00f5rgus<strong> 302 cm.\u00a0<\/strong><\/p>\n<p><strong>TASUTA VEDU JA MAHALAADIMINE \u00fcle Eesti(ka suursaared) !<\/strong><\/p>\n<ul>\n<li>tuuletapiga freespalk <strong>40 mm, <\/strong>tormikinnitused<\/li>\n<li>punniga katuselauad 19 x 90 mm, katusetalad 70 x 170 mm<\/li>\n<li>s\u00fcvaimmutatud alusraam 45 x 45 mm ja punnitud p\u00f5randalauad 19 x 90 mm<\/li>\n<li>kald-p\u00f6\u00f6rd sisseavanevad pakettklaasiga aknad 2 tk 56 x 178 cm ja 2 kinnist akent 56 x 178 cm<\/li>\n<li>paarisuks silinderlukuga ja pakettklaasiga 159 x 196 cm<\/li>\n<li><strong>katusealune ukse kohal 120 cm,<\/strong> katuse kalle 18\u00b0, katuse pindala 26 m<sup>2<\/sup><\/li>\n<li>\n<div class=\"spec-name\">kinnitusvahendid, koostejuhend<\/div>\n<\/li>\n<li>bituumensindleid on v\u00f5imalik kaasa tellida<\/li>\n<li>toode on seisnud kaua v\u00e4lilaos, millest johtuvalt v\u00f5ib esineda(siiani ei ole esinenud) v\u00e4iksemaid niiskuskahjustusi ja pakendivigastusi(garantii puudub ja kaebusi vastu ei v\u00f5eta)<\/li>\n<li>Eesti toode<\/li>\n<\/ul>\n<p>K\u00fcsi ka paigaldust!<\/p>\n","protected":false},"featured_media":86417,"template":"","meta":{"_monsterinsights_skip_tracking":false,"_monsterinsights_sitenote_active":false,"_monsterinsights_sitenote_note":"","_monsterinsights_sitenote_category":0},"pwb-brand":[],"product_brand":[],"product_cat":[17182,18677,13538,13592,13540,13596,13604,13608,13610],"product_tag":[13913,13999,14101,14109,17866,14252,17953,13813,14310,13831,14311,13833,19291,15276,15285,13864],"class_list":{"0":"post-86415","1":"product","2":"type-product","3":"status-publish","4":"has-post-thumbnail","6":"product_cat-suvekoogid-alekeskus","7":"product_cat-lopumuuk","8":"product_cat-ale","9":"product_cat-aia-ja-grillmajad","10":"product_cat-hooned-alekeskus","11":"product_cat-varjualused-talveaiad-alekeskus","12":"product_cat-saunad","13":"product_cat-kontorid","14":"product_cat-suvilad","15":"product_tag-vierasmaja","16":"product_tag-hoylahirsi","17":"product_tag-lopumuuk","18":"product_tag-loppuunmyynti","19":"product_tag-hirsimokki","20":"product_tag-suvemaja","21":"product_tag-aiamajade-lopumuuk","22":"product_tag-aiamaja","23":"product_tag-kodukontor","24":"product_tag-mokki","25":"product_tag-freespalkaiamaja","26":"product_tag-pihamaja","27":"product_tag-aiamajad-paigaldus","28":"product_tag-pihatoimisto","29":"product_tag-kesamokki","30":"product_tag-huvimaja","31":"product_shipping_class-tasuta-transport-alates-1000kg","32":"pa_garantii-5-aastat","33":"pa_kohaletoimetamine-alates-180e","34":"pa_laoasukoht-tartumaa","35":"pa_pindalam-15274","36":"pa_seinapaksus-40-mm","37":"pa_varv-tumehall","38":"pa_varv-helehall","39":"pa_varv-roheline","40":"pa_varv-punane","41":"pa_varv-viimistlemata","42":"pa_veame-eesti-ja-soome","44":"first","45":"instock","46":"sale","47":"featured","48":"taxable","49":"shipping-taxable","50":"purchasable","51":"product-type-simple"},"yoast_head":"<!-- This site is optimized with the Yoast SEO plugin v27.3 - https:\/\/yoast.com\/product\/yoast-seo-wordpress\/ -->\n<title>Aiamaja Faborg 14,6 m\u00b2 40mm sein, VIIMASEID VIIAKSE ! - Alekeskus<\/title>\n<meta name=\"description\" content=\"aiamaja 40 mm freespalgist\" \/>\n<meta name=\"robots\" content=\"index, follow, max-snippet:-1, max-image-preview:large, max-video-preview:-1\" \/>\n<link rel=\"canonical\" href=\"https:\/\/alekeskus.eu\/et\/toode\/aiamaja-faborg-146-lopumuuk-alekeskus\/\" \/>\n<meta property=\"og:locale\" content=\"et_EE\" \/>\n<meta property=\"og:type\" content=\"article\" \/>\n<meta property=\"og:title\" content=\"Aiamaja Faborg 14,6 m\u00b2 40mm sein, VIIMASEID VIIAKSE ! - Alekeskus\" \/>\n<meta property=\"og:description\" content=\"aiamaja 40 mm freespalgist\" \/>\n<meta property=\"og:url\" content=\"https:\/\/alekeskus.eu\/et\/toode\/aiamaja-faborg-146-lopumuuk-alekeskus\/\" \/>\n<meta property=\"og:site_name\" content=\"Alekeskus\" \/>\n<meta property=\"article:modified_time\" content=\"2026-04-20T15:33:20+00:00\" \/>\n<meta property=\"og:image\" content=\"https:\/\/alekeskus.eu\/wp-content\/uploads\/2024\/03\/Faaborg-background-v1_huge.jpg\" \/>\n\t<meta property=\"og:image:width\" content=\"1600\" \/>\n\t<meta property=\"og:image:height\" content=\"1066\" \/>\n\t<meta property=\"og:image:type\" content=\"image\/jpeg\" \/>\n<meta name=\"twitter:card\" content=\"summary_large_image\" \/>\n<meta name=\"twitter:label1\" content=\"Est. reading time\" \/>\n\t<meta name=\"twitter:data1\" content=\"1 minut\" \/>\n<script type=\"application\/ld+json\" class=\"yoast-schema-graph\">{\"@context\":\"https:\\\/\\\/schema.org\",\"@graph\":[{\"@type\":\"WebPage\",\"@id\":\"https:\\\/\\\/alekeskus.eu\\\/et\\\/toode\\\/aiamaja-faborg-146-lopumuuk-alekeskus\\\/\",\"url\":\"https:\\\/\\\/alekeskus.eu\\\/et\\\/toode\\\/aiamaja-faborg-146-lopumuuk-alekeskus\\\/\",\"name\":\"Aiamaja Faborg 14,6 m\u00b2 40mm sein, VIIMASEID VIIAKSE ! - Alekeskus\",\"isPartOf\":{\"@id\":\"https:\\\/\\\/alekeskus.eu\\\/#website\"},\"primaryImageOfPage\":{\"@id\":\"https:\\\/\\\/alekeskus.eu\\\/et\\\/toode\\\/aiamaja-faborg-146-lopumuuk-alekeskus\\\/#primaryimage\"},\"image\":{\"@id\":\"https:\\\/\\\/alekeskus.eu\\\/et\\\/toode\\\/aiamaja-faborg-146-lopumuuk-alekeskus\\\/#primaryimage\"},\"thumbnailUrl\":\"https:\\\/\\\/alekeskus.eu\\\/wp-content\\\/uploads\\\/2024\\\/03\\\/Faaborg-background-v1_huge.jpg\",\"datePublished\":\"2026-04-12T17:06:52+00:00\",\"dateModified\":\"2026-04-20T15:33:20+00:00\",\"description\":\"aiamaja 40 mm freespalgist\",\"breadcrumb\":{\"@id\":\"https:\\\/\\\/alekeskus.eu\\\/et\\\/toode\\\/aiamaja-faborg-146-lopumuuk-alekeskus\\\/#breadcrumb\"},\"inLanguage\":\"et\",\"potentialAction\":[{\"@type\":\"ReadAction\",\"target\":[\"https:\\\/\\\/alekeskus.eu\\\/et\\\/toode\\\/aiamaja-faborg-146-lopumuuk-alekeskus\\\/\"]}]},{\"@type\":\"ImageObject\",\"inLanguage\":\"et\",\"@id\":\"https:\\\/\\\/alekeskus.eu\\\/et\\\/toode\\\/aiamaja-faborg-146-lopumuuk-alekeskus\\\/#primaryimage\",\"url\":\"https:\\\/\\\/alekeskus.eu\\\/wp-content\\\/uploads\\\/2024\\\/03\\\/Faaborg-background-v1_huge.jpg\",\"contentUrl\":\"https:\\\/\\\/alekeskus.eu\\\/wp-content\\\/uploads\\\/2024\\\/03\\\/Faaborg-background-v1_huge.jpg\",\"width\":1600,\"height\":1066},{\"@type\":\"BreadcrumbList\",\"@id\":\"https:\\\/\\\/alekeskus.eu\\\/et\\\/toode\\\/aiamaja-faborg-146-lopumuuk-alekeskus\\\/#breadcrumb\",\"itemListElement\":[{\"@type\":\"ListItem\",\"position\":1,\"name\":\"Avaleht\",\"item\":\"https:\\\/\\\/alekeskus.eu\\\/et\\\/\"},{\"@type\":\"ListItem\",\"position\":2,\"name\":\"Pood\",\"item\":\"https:\\\/\\\/alekeskus.eu\\\/pood\\\/\"},{\"@type\":\"ListItem\",\"position\":3,\"name\":\"Aiamaja Faborg 14,6 m\u00b2 40mm sein, VIIMASEID VIIAKSE !\"}]},{\"@type\":\"WebSite\",\"@id\":\"https:\\\/\\\/alekeskus.eu\\\/#website\",\"url\":\"https:\\\/\\\/alekeskus.eu\\\/\",\"name\":\"Alekeskus\",\"description\":\"Alekeskus.eu\",\"potentialAction\":[{\"@type\":\"SearchAction\",\"target\":{\"@type\":\"EntryPoint\",\"urlTemplate\":\"https:\\\/\\\/alekeskus.eu\\\/?s={search_term_string}\"},\"query-input\":{\"@type\":\"PropertyValueSpecification\",\"valueRequired\":true,\"valueName\":\"search_term_string\"}}],\"inLanguage\":\"et\"}]}<\/script>\n<!-- \/ Yoast SEO plugin. -->","yoast_head_json":{"title":"Aiamaja Faborg 14,6 m\u00b2 40mm sein, VIIMASEID VIIAKSE ! - Alekeskus","description":"aiamaja 40 mm freespalgist","robots":{"index":"index","follow":"follow","max-snippet":"max-snippet:-1","max-image-preview":"max-image-preview:large","max-video-preview":"max-video-preview:-1"},"canonical":"https:\/\/alekeskus.eu\/et\/toode\/aiamaja-faborg-146-lopumuuk-alekeskus\/","og_locale":"et_EE","og_type":"article","og_title":"Aiamaja Faborg 14,6 m\u00b2 40mm sein, VIIMASEID VIIAKSE ! - Alekeskus","og_description":"aiamaja 40 mm freespalgist","og_url":"https:\/\/alekeskus.eu\/et\/toode\/aiamaja-faborg-146-lopumuuk-alekeskus\/","og_site_name":"Alekeskus","article_modified_time":"2026-04-20T15:33:20+00:00","og_image":[{"width":1600,"height":1066,"url":"https:\/\/alekeskus.eu\/wp-content\/uploads\/2024\/03\/Faaborg-background-v1_huge.jpg","type":"image\/jpeg"}],"twitter_card":"summary_large_image","twitter_misc":{"Est. reading time":"1 minut"},"schema":{"@context":"https:\/\/schema.org","@graph":[{"@type":"WebPage","@id":"https:\/\/alekeskus.eu\/et\/toode\/aiamaja-faborg-146-lopumuuk-alekeskus\/","url":"https:\/\/alekeskus.eu\/et\/toode\/aiamaja-faborg-146-lopumuuk-alekeskus\/","name":"Aiamaja Faborg 14,6 m\u00b2 40mm sein, VIIMASEID VIIAKSE ! - Alekeskus","isPartOf":{"@id":"https:\/\/alekeskus.eu\/#website"},"primaryImageOfPage":{"@id":"https:\/\/alekeskus.eu\/et\/toode\/aiamaja-faborg-146-lopumuuk-alekeskus\/#primaryimage"},"image":{"@id":"https:\/\/alekeskus.eu\/et\/toode\/aiamaja-faborg-146-lopumuuk-alekeskus\/#primaryimage"},"thumbnailUrl":"https:\/\/alekeskus.eu\/wp-content\/uploads\/2024\/03\/Faaborg-background-v1_huge.jpg","datePublished":"2026-04-12T17:06:52+00:00","dateModified":"2026-04-20T15:33:20+00:00","description":"aiamaja 40 mm freespalgist","breadcrumb":{"@id":"https:\/\/alekeskus.eu\/et\/toode\/aiamaja-faborg-146-lopumuuk-alekeskus\/#breadcrumb"},"inLanguage":"et","potentialAction":[{"@type":"ReadAction","target":["https:\/\/alekeskus.eu\/et\/toode\/aiamaja-faborg-146-lopumuuk-alekeskus\/"]}]},{"@type":"ImageObject","inLanguage":"et","@id":"https:\/\/alekeskus.eu\/et\/toode\/aiamaja-faborg-146-lopumuuk-alekeskus\/#primaryimage","url":"https:\/\/alekeskus.eu\/wp-content\/uploads\/2024\/03\/Faaborg-background-v1_huge.jpg","contentUrl":"https:\/\/alekeskus.eu\/wp-content\/uploads\/2024\/03\/Faaborg-background-v1_huge.jpg","width":1600,"height":1066},{"@type":"BreadcrumbList","@id":"https:\/\/alekeskus.eu\/et\/toode\/aiamaja-faborg-146-lopumuuk-alekeskus\/#breadcrumb","itemListElement":[{"@type":"ListItem","position":1,"name":"Avaleht","item":"https:\/\/alekeskus.eu\/et\/"},{"@type":"ListItem","position":2,"name":"Pood","item":"https:\/\/alekeskus.eu\/pood\/"},{"@type":"ListItem","position":3,"name":"Aiamaja Faborg 14,6 m\u00b2 40mm sein, VIIMASEID VIIAKSE !"}]},{"@type":"WebSite","@id":"https:\/\/alekeskus.eu\/#website","url":"https:\/\/alekeskus.eu\/","name":"Alekeskus","description":"Alekeskus.eu","potentialAction":[{"@type":"SearchAction","target":{"@type":"EntryPoint","urlTemplate":"https:\/\/alekeskus.eu\/?s={search_term_string}"},"query-input":{"@type":"PropertyValueSpecification","valueRequired":true,"valueName":"search_term_string"}}],"inLanguage":"et"}]}},"brands":[],"_links":{"self":[{"href":"https:\/\/alekeskus.eu\/et\/wp-json\/wp\/v2\/product\/86415","targetHints":{"allow":["GET"]}}],"collection":[{"href":"https:\/\/alekeskus.eu\/et\/wp-json\/wp\/v2\/product"}],"about":[{"href":"https:\/\/alekeskus.eu\/et\/wp-json\/wp\/v2\/types\/product"}],"wp:featuredmedia":[{"embeddable":true,"href":"https:\/\/alekeskus.eu\/et\/wp-json\/wp\/v2\/media\/86417"}],"wp:attachment":[{"href":"https:\/\/alekeskus.eu\/et\/wp-json\/wp\/v2\/media?parent=86415"}],"wp:term":[{"taxonomy":"pwb-brand","embeddable":true,"href":"https:\/\/alekeskus.eu\/et\/wp-json\/wp\/v2\/pwb-brand?post=86415"},{"taxonomy":"product_brand","embeddable":true,"href":"https:\/\/alekeskus.eu\/et\/wp-json\/wp\/v2\/product_brand?post=86415"},{"taxonomy":"product_cat","embeddable":true,"href":"https:\/\/alekeskus.eu\/et\/wp-json\/wp\/v2\/product_cat?post=86415"},{"taxonomy":"product_tag","embeddable":true,"href":"https:\/\/alekeskus.eu\/et\/wp-json\/wp\/v2\/product_tag?post=86415"}],"curies":[{"name":"wp","href":"https:\/\/api.w.org\/{rel}","templated":true}]}}