{"id":86670,"date":"2024-03-16T12:08:58","date_gmt":"2024-03-16T12:08:58","guid":{"rendered":"https:\/\/alekeskus.eu\/?post_type=product&#038;p=86670"},"modified":"2024-04-17T03:12:04","modified_gmt":"2024-04-17T03:12:04","slug":"lisatrepp-ummargusele-kumblustunnile-suur-alekeskus","status":"publish","type":"product","link":"https:\/\/alekeskus.eu\/et\/toode\/lisatrepp-ummargusele-kumblustunnile-suur-alekeskus\/","title":{"rendered":"Suur trepp \u00fcmmargusele k\u00fcmblust\u00fcnnile"},"content":{"rendered":"","protected":false},"excerpt":{"rendered":"<p>Suur trepp \u00fcmmargusele k\u00fcmblust\u00fcnnile.<\/p>\n<p>Laius 1050 mm, s\u00fcgavus 840 mm ja k\u00f5rgus 600 mm. \u00d5litatud kuusepuit v\u00f5i termopuit.<\/p>\n<p>&nbsp;<\/p>\n","protected":false},"featured_media":86672,"template":"","meta":{"_monsterinsights_skip_tracking":false,"_monsterinsights_sitenote_active":false,"_monsterinsights_sitenote_note":"","_monsterinsights_sitenote_category":0},"pwb-brand":[],"product_brand":[],"product_cat":[13582,13536],"product_tag":[16106,16107],"class_list":{"0":"post-86670","1":"product","2":"type-product","3":"status-publish","4":"has-post-thumbnail","6":"product_cat-tarvikud-saun-ja-kumblus","7":"product_cat-saun-ja-kumblus","8":"product_tag-kumblustunni-trepp","9":"product_tag-kylpytynnyrin-rappu","10":"product_shipping_class-pakiautomaat","11":"pa_kohaletoimetamine-kulleriga-12e","12":"pa_laoasukoht-viljandimaa","13":"pa_veame-eesti-ja-soome","15":"first","16":"instock","17":"taxable","18":"shipping-taxable","19":"purchasable","20":"product-type-simple"},"yoast_head":"<!-- This site is optimized with the Yoast SEO plugin v27.3 - https:\/\/yoast.com\/product\/yoast-seo-wordpress\/ -->\n<title>Suur trepp \u00fcmmargusele k\u00fcmblust\u00fcnnile - Alekeskus<\/title>\n<meta name=\"description\" content=\"\u00fcmmarguse k\u00fcmblust\u00fcnni trepp\" \/>\n<meta name=\"robots\" content=\"index, follow, max-snippet:-1, max-image-preview:large, max-video-preview:-1\" \/>\n<link rel=\"canonical\" href=\"https:\/\/alekeskus.eu\/toode\/lisatrepp-ummargusele-kumblustunnile-suur-alekeskus\/\" \/>\n<meta property=\"og:locale\" content=\"et_EE\" \/>\n<meta property=\"og:type\" content=\"article\" \/>\n<meta property=\"og:title\" content=\"Suur trepp \u00fcmmargusele k\u00fcmblust\u00fcnnile - Alekeskus\" \/>\n<meta property=\"og:description\" content=\"\u00fcmmarguse k\u00fcmblust\u00fcnni trepp\" \/>\n<meta property=\"og:url\" content=\"https:\/\/alekeskus.eu\/toode\/lisatrepp-ummargusele-kumblustunnile-suur-alekeskus\/\" \/>\n<meta property=\"og:site_name\" content=\"Alekeskus\" \/>\n<meta property=\"article:modified_time\" content=\"2024-04-17T03:12:04+00:00\" \/>\n<meta property=\"og:image\" content=\"https:\/\/alekeskus.eu\/wp-content\/uploads\/2024\/04\/Suur-umar-trepp-115KM.png\" \/>\n\t<meta property=\"og:image:width\" content=\"1300\" \/>\n\t<meta property=\"og:image:height\" content=\"1225\" \/>\n\t<meta property=\"og:image:type\" content=\"image\/png\" \/>\n<meta name=\"twitter:card\" content=\"summary_large_image\" \/>\n<meta name=\"twitter:label1\" content=\"Est. reading time\" \/>\n\t<meta name=\"twitter:data1\" content=\"1 minut\" \/>\n<script type=\"application\/ld+json\" class=\"yoast-schema-graph\">{\"@context\":\"https:\\\/\\\/schema.org\",\"@graph\":[{\"@type\":\"WebPage\",\"@id\":\"https:\\\/\\\/alekeskus.eu\\\/toode\\\/lisatrepp-ummargusele-kumblustunnile-suur-alekeskus\\\/\",\"url\":\"https:\\\/\\\/alekeskus.eu\\\/toode\\\/lisatrepp-ummargusele-kumblustunnile-suur-alekeskus\\\/\",\"name\":\"Suur trepp \u00fcmmargusele k\u00fcmblust\u00fcnnile - Alekeskus\",\"isPartOf\":{\"@id\":\"https:\\\/\\\/alekeskus.eu\\\/#website\"},\"primaryImageOfPage\":{\"@id\":\"https:\\\/\\\/alekeskus.eu\\\/toode\\\/lisatrepp-ummargusele-kumblustunnile-suur-alekeskus\\\/#primaryimage\"},\"image\":{\"@id\":\"https:\\\/\\\/alekeskus.eu\\\/toode\\\/lisatrepp-ummargusele-kumblustunnile-suur-alekeskus\\\/#primaryimage\"},\"thumbnailUrl\":\"https:\\\/\\\/alekeskus.eu\\\/wp-content\\\/uploads\\\/2024\\\/04\\\/Suur-umar-trepp-115KM.png\",\"datePublished\":\"2024-03-16T12:08:58+00:00\",\"dateModified\":\"2024-04-17T03:12:04+00:00\",\"description\":\"\u00fcmmarguse k\u00fcmblust\u00fcnni trepp\",\"breadcrumb\":{\"@id\":\"https:\\\/\\\/alekeskus.eu\\\/toode\\\/lisatrepp-ummargusele-kumblustunnile-suur-alekeskus\\\/#breadcrumb\"},\"inLanguage\":\"et\",\"potentialAction\":[{\"@type\":\"ReadAction\",\"target\":[\"https:\\\/\\\/alekeskus.eu\\\/toode\\\/lisatrepp-ummargusele-kumblustunnile-suur-alekeskus\\\/\"]}]},{\"@type\":\"ImageObject\",\"inLanguage\":\"et\",\"@id\":\"https:\\\/\\\/alekeskus.eu\\\/toode\\\/lisatrepp-ummargusele-kumblustunnile-suur-alekeskus\\\/#primaryimage\",\"url\":\"https:\\\/\\\/alekeskus.eu\\\/wp-content\\\/uploads\\\/2024\\\/04\\\/Suur-umar-trepp-115KM.png\",\"contentUrl\":\"https:\\\/\\\/alekeskus.eu\\\/wp-content\\\/uploads\\\/2024\\\/04\\\/Suur-umar-trepp-115KM.png\",\"width\":1300,\"height\":1225},{\"@type\":\"BreadcrumbList\",\"@id\":\"https:\\\/\\\/alekeskus.eu\\\/toode\\\/lisatrepp-ummargusele-kumblustunnile-suur-alekeskus\\\/#breadcrumb\",\"itemListElement\":[{\"@type\":\"ListItem\",\"position\":1,\"name\":\"Avaleht\",\"item\":\"https:\\\/\\\/alekeskus.eu\\\/et\\\/\"},{\"@type\":\"ListItem\",\"position\":2,\"name\":\"Pood\",\"item\":\"https:\\\/\\\/alekeskus.eu\\\/pood\\\/\"},{\"@type\":\"ListItem\",\"position\":3,\"name\":\"Suur trepp \u00fcmmargusele k\u00fcmblust\u00fcnnile\"}]},{\"@type\":\"WebSite\",\"@id\":\"https:\\\/\\\/alekeskus.eu\\\/#website\",\"url\":\"https:\\\/\\\/alekeskus.eu\\\/\",\"name\":\"Alekeskus\",\"description\":\"Alekeskus.eu\",\"potentialAction\":[{\"@type\":\"SearchAction\",\"target\":{\"@type\":\"EntryPoint\",\"urlTemplate\":\"https:\\\/\\\/alekeskus.eu\\\/?s={search_term_string}\"},\"query-input\":{\"@type\":\"PropertyValueSpecification\",\"valueRequired\":true,\"valueName\":\"search_term_string\"}}],\"inLanguage\":\"et\"}]}<\/script>\n<!-- \/ Yoast SEO plugin. -->","yoast_head_json":{"title":"Suur trepp \u00fcmmargusele k\u00fcmblust\u00fcnnile - Alekeskus","description":"\u00fcmmarguse k\u00fcmblust\u00fcnni trepp","robots":{"index":"index","follow":"follow","max-snippet":"max-snippet:-1","max-image-preview":"max-image-preview:large","max-video-preview":"max-video-preview:-1"},"canonical":"https:\/\/alekeskus.eu\/toode\/lisatrepp-ummargusele-kumblustunnile-suur-alekeskus\/","og_locale":"et_EE","og_type":"article","og_title":"Suur trepp \u00fcmmargusele k\u00fcmblust\u00fcnnile - Alekeskus","og_description":"\u00fcmmarguse k\u00fcmblust\u00fcnni trepp","og_url":"https:\/\/alekeskus.eu\/toode\/lisatrepp-ummargusele-kumblustunnile-suur-alekeskus\/","og_site_name":"Alekeskus","article_modified_time":"2024-04-17T03:12:04+00:00","og_image":[{"width":1300,"height":1225,"url":"https:\/\/alekeskus.eu\/wp-content\/uploads\/2024\/04\/Suur-umar-trepp-115KM.png","type":"image\/png"}],"twitter_card":"summary_large_image","twitter_misc":{"Est. reading time":"1 minut"},"schema":{"@context":"https:\/\/schema.org","@graph":[{"@type":"WebPage","@id":"https:\/\/alekeskus.eu\/toode\/lisatrepp-ummargusele-kumblustunnile-suur-alekeskus\/","url":"https:\/\/alekeskus.eu\/toode\/lisatrepp-ummargusele-kumblustunnile-suur-alekeskus\/","name":"Suur trepp \u00fcmmargusele k\u00fcmblust\u00fcnnile - Alekeskus","isPartOf":{"@id":"https:\/\/alekeskus.eu\/#website"},"primaryImageOfPage":{"@id":"https:\/\/alekeskus.eu\/toode\/lisatrepp-ummargusele-kumblustunnile-suur-alekeskus\/#primaryimage"},"image":{"@id":"https:\/\/alekeskus.eu\/toode\/lisatrepp-ummargusele-kumblustunnile-suur-alekeskus\/#primaryimage"},"thumbnailUrl":"https:\/\/alekeskus.eu\/wp-content\/uploads\/2024\/04\/Suur-umar-trepp-115KM.png","datePublished":"2024-03-16T12:08:58+00:00","dateModified":"2024-04-17T03:12:04+00:00","description":"\u00fcmmarguse k\u00fcmblust\u00fcnni trepp","breadcrumb":{"@id":"https:\/\/alekeskus.eu\/toode\/lisatrepp-ummargusele-kumblustunnile-suur-alekeskus\/#breadcrumb"},"inLanguage":"et","potentialAction":[{"@type":"ReadAction","target":["https:\/\/alekeskus.eu\/toode\/lisatrepp-ummargusele-kumblustunnile-suur-alekeskus\/"]}]},{"@type":"ImageObject","inLanguage":"et","@id":"https:\/\/alekeskus.eu\/toode\/lisatrepp-ummargusele-kumblustunnile-suur-alekeskus\/#primaryimage","url":"https:\/\/alekeskus.eu\/wp-content\/uploads\/2024\/04\/Suur-umar-trepp-115KM.png","contentUrl":"https:\/\/alekeskus.eu\/wp-content\/uploads\/2024\/04\/Suur-umar-trepp-115KM.png","width":1300,"height":1225},{"@type":"BreadcrumbList","@id":"https:\/\/alekeskus.eu\/toode\/lisatrepp-ummargusele-kumblustunnile-suur-alekeskus\/#breadcrumb","itemListElement":[{"@type":"ListItem","position":1,"name":"Avaleht","item":"https:\/\/alekeskus.eu\/et\/"},{"@type":"ListItem","position":2,"name":"Pood","item":"https:\/\/alekeskus.eu\/pood\/"},{"@type":"ListItem","position":3,"name":"Suur trepp \u00fcmmargusele k\u00fcmblust\u00fcnnile"}]},{"@type":"WebSite","@id":"https:\/\/alekeskus.eu\/#website","url":"https:\/\/alekeskus.eu\/","name":"Alekeskus","description":"Alekeskus.eu","potentialAction":[{"@type":"SearchAction","target":{"@type":"EntryPoint","urlTemplate":"https:\/\/alekeskus.eu\/?s={search_term_string}"},"query-input":{"@type":"PropertyValueSpecification","valueRequired":true,"valueName":"search_term_string"}}],"inLanguage":"et"}]}},"brands":[],"_links":{"self":[{"href":"https:\/\/alekeskus.eu\/et\/wp-json\/wp\/v2\/product\/86670","targetHints":{"allow":["GET"]}}],"collection":[{"href":"https:\/\/alekeskus.eu\/et\/wp-json\/wp\/v2\/product"}],"about":[{"href":"https:\/\/alekeskus.eu\/et\/wp-json\/wp\/v2\/types\/product"}],"wp:featuredmedia":[{"embeddable":true,"href":"https:\/\/alekeskus.eu\/et\/wp-json\/wp\/v2\/media\/86672"}],"wp:attachment":[{"href":"https:\/\/alekeskus.eu\/et\/wp-json\/wp\/v2\/media?parent=86670"}],"wp:term":[{"taxonomy":"pwb-brand","embeddable":true,"href":"https:\/\/alekeskus.eu\/et\/wp-json\/wp\/v2\/pwb-brand?post=86670"},{"taxonomy":"product_brand","embeddable":true,"href":"https:\/\/alekeskus.eu\/et\/wp-json\/wp\/v2\/product_brand?post=86670"},{"taxonomy":"product_cat","embeddable":true,"href":"https:\/\/alekeskus.eu\/et\/wp-json\/wp\/v2\/product_cat?post=86670"},{"taxonomy":"product_tag","embeddable":true,"href":"https:\/\/alekeskus.eu\/et\/wp-json\/wp\/v2\/product_tag?post=86670"}],"curies":[{"name":"wp","href":"https:\/\/api.w.org\/{rel}","templated":true}]}}