{"id":86791,"date":"2025-11-21T04:29:59","date_gmt":"2025-11-21T04:29:59","guid":{"rendered":"https:\/\/alekeskus.eu\/?post_type=product&#038;p=86791"},"modified":"2025-12-07T18:39:54","modified_gmt":"2025-12-07T18:39:54","slug":"aiamaja-domo3-loggia-alekeskus-2","status":"publish","type":"product","link":"https:\/\/alekeskus.eu\/et\/toode\/aiamaja-domo3-loggia-alekeskus-2\/","title":{"rendered":"Aiamaja Domo3 Loggia  2-toaline 22,8 m\u00b2 LAOJ\u00c4\u00c4GI ALE!"},"content":{"rendered":"","protected":false},"excerpt":{"rendered":"<div class=\"spec-multi\">\n<p>LAOJ\u00c4\u00c4K ALEHINNAGA! Tasuta vedu \u00fcle Eesti!<\/p>\n<p>V\u00e4lism\u00f5\u00f5dud: <strong>402<\/strong><b>\u00a0x 589 cm.\u00a0<\/b>K\u00f5rgus<strong>\u00a0240 cm.\u00a0<\/strong><\/p>\n<ul>\n<li>tappideta kruvitav nurgalahendus; seina paksus<strong> 44\u00a0mm<\/strong><\/li>\n<li>silinderlukkudega<strong> alumiiniumliuguksed<\/strong> <strong>pakettklaasiga<\/strong> 3039 x 2026, 2041 x 2026 ja puust siseuks 835 x 1957 mm<\/li>\n<li><strong>alumiiniumpakettaknad<\/strong> 2 tk 1003 x 2026 mm<\/li>\n<li>katuse kalle 2.4\u00b0, pindala 25 m<sup>2\u00a0<\/sup><\/li>\n<li>katusekate ei sisaldu hinnas<\/li>\n<li>kaasa tellitav liuguksega lisaruum 180 x 95 cm v\u00f5i 250 x 95 cm<\/li>\n<li>k\u00f5ik paigaldamiseks vajaminevad osad: immutatud alusraam 45 x 70 mm, seinapalgid, punniga p\u00f5randalauad 18 mm, katusetalad, punniga katuselauad 18 mm, liistud ning avat\u00e4ited<\/li>\n<li>kinnitusvahendid ja p\u00fcstitusjuhend<\/li>\n<li>tehase garantii 5 aastat<strong>\u00a0<\/strong><\/li>\n<li>ilmastikukindel pakend<\/li>\n<li>Eesti toode<\/li>\n<li>peegelpildis paigaldatav<\/li>\n<\/ul>\n<\/div>\n<div class=\"spec-multi\"><\/div>\n","protected":false},"featured_media":93464,"template":"","meta":{"_monsterinsights_skip_tracking":false,"_monsterinsights_sitenote_active":false,"_monsterinsights_sitenote_note":"","_monsterinsights_sitenote_category":0},"pwb-brand":[18577],"product_brand":[],"product_cat":[17182,13538,13592,13540,13604,13608,13610],"product_tag":[15309,15914,13813,17180,13840,17181,13913,15255,17973],"class_list":{"0":"post-86791","1":"product","2":"type-product","3":"status-publish","4":"has-post-thumbnail","6":"pwb-brand-eesti","7":"product_cat-suvekoogid-alekeskus","8":"product_cat-ale","9":"product_cat-aia-ja-grillmajad","10":"product_cat-hooned-alekeskus","11":"product_cat-saunad","12":"product_cat-kontorid","13":"product_cat-suvilad","14":"product_tag-kodukontor-kohe-laos","15":"product_tag-pihasauna","16":"product_tag-aiamaja","17":"product_tag-domeo","18":"product_tag-kontor","19":"product_tag-alumiiniumist-voldikuks","20":"product_tag-vierasmaja","21":"product_tag-tootuba","22":"product_tag-aiasaun","23":"product_shipping_class-tasuta-transport-alates-1000kg","24":"pa_garantii-5-aastat","25":"pa_kohaletoimetamine-tasuta-mandri-eestis-ja-suursaartel-soome-alates-699e","26":"pa_laoasukoht-tartumaa","27":"pa_pakendimoodud-630x118x77-245x118x41-cm","28":"pa_pindalam-15345","29":"pa_seinapaksus-17405","30":"pa_varv-viimistlemata","31":"pa_veame-eesti-ja-soome","33":"first","34":"instock","35":"sale","36":"featured","37":"taxable","38":"shipping-taxable","39":"purchasable","40":"product-type-simple"},"yoast_head":"<!-- This site is optimized with the Yoast SEO plugin v27.5 - https:\/\/yoast.com\/product\/yoast-seo-wordpress\/ -->\n<title>Aiamaja Domo3 Loggia 2-toaline 22,8 m\u00b2 LAOJ\u00c4\u00c4GI ALE! - Alekeskus<\/title>\n<meta name=\"description\" content=\"avar ja valgusk\u00fcllane r\u00e4\u00e4staga aiamaja Domo sarjast\" \/>\n<meta name=\"robots\" content=\"index, follow, max-snippet:-1, max-image-preview:large, max-video-preview:-1\" \/>\n<link rel=\"canonical\" href=\"https:\/\/alekeskus.eu\/toode\/aiamaja-domo3-loggia-alekeskus-2\/\" \/>\n<meta property=\"og:locale\" content=\"et_EE\" \/>\n<meta property=\"og:type\" content=\"article\" \/>\n<meta property=\"og:title\" content=\"Aiamaja Domo3 Loggia 2-toaline 22,8 m\u00b2 LAOJ\u00c4\u00c4GI ALE! - Alekeskus\" \/>\n<meta property=\"og:description\" content=\"avar ja valgusk\u00fcllane r\u00e4\u00e4staga aiamaja Domo sarjast\" \/>\n<meta property=\"og:url\" content=\"https:\/\/alekeskus.eu\/toode\/aiamaja-domo3-loggia-alekeskus-2\/\" \/>\n<meta property=\"og:site_name\" content=\"Alekeskus\" \/>\n<meta property=\"article:modified_time\" content=\"2025-12-07T18:39:54+00:00\" \/>\n<meta property=\"og:image\" content=\"https:\/\/alekeskus.eu\/wp-content\/uploads\/2025\/05\/Domeo3v2-loodus-scaled.jpg\" \/>\n\t<meta property=\"og:image:width\" content=\"2560\" \/>\n\t<meta property=\"og:image:height\" content=\"1707\" \/>\n\t<meta property=\"og:image:type\" content=\"image\/jpeg\" \/>\n<meta name=\"twitter:card\" content=\"summary_large_image\" \/>\n<meta name=\"twitter:label1\" content=\"Est. reading time\" \/>\n\t<meta name=\"twitter:data1\" content=\"1 minut\" \/>\n<script type=\"application\/ld+json\" class=\"yoast-schema-graph\">{\"@context\":\"https:\\\/\\\/schema.org\",\"@graph\":[{\"@type\":\"WebPage\",\"@id\":\"https:\\\/\\\/alekeskus.eu\\\/toode\\\/aiamaja-domo3-loggia-alekeskus-2\\\/\",\"url\":\"https:\\\/\\\/alekeskus.eu\\\/toode\\\/aiamaja-domo3-loggia-alekeskus-2\\\/\",\"name\":\"Aiamaja Domo3 Loggia 2-toaline 22,8 m\u00b2 LAOJ\u00c4\u00c4GI ALE! - Alekeskus\",\"isPartOf\":{\"@id\":\"https:\\\/\\\/alekeskus.eu\\\/#website\"},\"primaryImageOfPage\":{\"@id\":\"https:\\\/\\\/alekeskus.eu\\\/toode\\\/aiamaja-domo3-loggia-alekeskus-2\\\/#primaryimage\"},\"image\":{\"@id\":\"https:\\\/\\\/alekeskus.eu\\\/toode\\\/aiamaja-domo3-loggia-alekeskus-2\\\/#primaryimage\"},\"thumbnailUrl\":\"https:\\\/\\\/alekeskus.eu\\\/wp-content\\\/uploads\\\/2025\\\/05\\\/Domeo3v2-loodus-scaled.jpg\",\"datePublished\":\"2025-11-21T04:29:59+00:00\",\"dateModified\":\"2025-12-07T18:39:54+00:00\",\"description\":\"avar ja valgusk\u00fcllane r\u00e4\u00e4staga aiamaja Domo sarjast\",\"breadcrumb\":{\"@id\":\"https:\\\/\\\/alekeskus.eu\\\/toode\\\/aiamaja-domo3-loggia-alekeskus-2\\\/#breadcrumb\"},\"inLanguage\":\"et\",\"potentialAction\":[{\"@type\":\"ReadAction\",\"target\":[\"https:\\\/\\\/alekeskus.eu\\\/toode\\\/aiamaja-domo3-loggia-alekeskus-2\\\/\"]}]},{\"@type\":\"ImageObject\",\"inLanguage\":\"et\",\"@id\":\"https:\\\/\\\/alekeskus.eu\\\/toode\\\/aiamaja-domo3-loggia-alekeskus-2\\\/#primaryimage\",\"url\":\"https:\\\/\\\/alekeskus.eu\\\/wp-content\\\/uploads\\\/2025\\\/05\\\/Domeo3v2-loodus-scaled.jpg\",\"contentUrl\":\"https:\\\/\\\/alekeskus.eu\\\/wp-content\\\/uploads\\\/2025\\\/05\\\/Domeo3v2-loodus-scaled.jpg\",\"width\":1600,\"height\":1067},{\"@type\":\"BreadcrumbList\",\"@id\":\"https:\\\/\\\/alekeskus.eu\\\/toode\\\/aiamaja-domo3-loggia-alekeskus-2\\\/#breadcrumb\",\"itemListElement\":[{\"@type\":\"ListItem\",\"position\":1,\"name\":\"Avaleht\",\"item\":\"https:\\\/\\\/alekeskus.eu\\\/et\\\/\"},{\"@type\":\"ListItem\",\"position\":2,\"name\":\"Pood\",\"item\":\"https:\\\/\\\/alekeskus.eu\\\/pood\\\/\"},{\"@type\":\"ListItem\",\"position\":3,\"name\":\"Aiamaja Domo3 Loggia 2-toaline 22,8 m\u00b2 LAOJ\u00c4\u00c4GI ALE!\"}]},{\"@type\":\"WebSite\",\"@id\":\"https:\\\/\\\/alekeskus.eu\\\/#website\",\"url\":\"https:\\\/\\\/alekeskus.eu\\\/\",\"name\":\"Alekeskus\",\"description\":\"Alekeskus.eu\",\"potentialAction\":[{\"@type\":\"SearchAction\",\"target\":{\"@type\":\"EntryPoint\",\"urlTemplate\":\"https:\\\/\\\/alekeskus.eu\\\/?s={search_term_string}\"},\"query-input\":{\"@type\":\"PropertyValueSpecification\",\"valueRequired\":true,\"valueName\":\"search_term_string\"}}],\"inLanguage\":\"et\"}]}<\/script>\n<!-- \/ Yoast SEO plugin. -->","yoast_head_json":{"title":"Aiamaja Domo3 Loggia 2-toaline 22,8 m\u00b2 LAOJ\u00c4\u00c4GI ALE! - Alekeskus","description":"avar ja valgusk\u00fcllane r\u00e4\u00e4staga aiamaja Domo sarjast","robots":{"index":"index","follow":"follow","max-snippet":"max-snippet:-1","max-image-preview":"max-image-preview:large","max-video-preview":"max-video-preview:-1"},"canonical":"https:\/\/alekeskus.eu\/toode\/aiamaja-domo3-loggia-alekeskus-2\/","og_locale":"et_EE","og_type":"article","og_title":"Aiamaja Domo3 Loggia 2-toaline 22,8 m\u00b2 LAOJ\u00c4\u00c4GI ALE! - Alekeskus","og_description":"avar ja valgusk\u00fcllane r\u00e4\u00e4staga aiamaja Domo sarjast","og_url":"https:\/\/alekeskus.eu\/toode\/aiamaja-domo3-loggia-alekeskus-2\/","og_site_name":"Alekeskus","article_modified_time":"2025-12-07T18:39:54+00:00","og_image":[{"width":2560,"height":1707,"url":"https:\/\/alekeskus.eu\/wp-content\/uploads\/2025\/05\/Domeo3v2-loodus-scaled.jpg","type":"image\/jpeg"}],"twitter_card":"summary_large_image","twitter_misc":{"Est. reading time":"1 minut"},"schema":{"@context":"https:\/\/schema.org","@graph":[{"@type":"WebPage","@id":"https:\/\/alekeskus.eu\/toode\/aiamaja-domo3-loggia-alekeskus-2\/","url":"https:\/\/alekeskus.eu\/toode\/aiamaja-domo3-loggia-alekeskus-2\/","name":"Aiamaja Domo3 Loggia 2-toaline 22,8 m\u00b2 LAOJ\u00c4\u00c4GI ALE! - Alekeskus","isPartOf":{"@id":"https:\/\/alekeskus.eu\/#website"},"primaryImageOfPage":{"@id":"https:\/\/alekeskus.eu\/toode\/aiamaja-domo3-loggia-alekeskus-2\/#primaryimage"},"image":{"@id":"https:\/\/alekeskus.eu\/toode\/aiamaja-domo3-loggia-alekeskus-2\/#primaryimage"},"thumbnailUrl":"https:\/\/alekeskus.eu\/wp-content\/uploads\/2025\/05\/Domeo3v2-loodus-scaled.jpg","datePublished":"2025-11-21T04:29:59+00:00","dateModified":"2025-12-07T18:39:54+00:00","description":"avar ja valgusk\u00fcllane r\u00e4\u00e4staga aiamaja Domo sarjast","breadcrumb":{"@id":"https:\/\/alekeskus.eu\/toode\/aiamaja-domo3-loggia-alekeskus-2\/#breadcrumb"},"inLanguage":"et","potentialAction":[{"@type":"ReadAction","target":["https:\/\/alekeskus.eu\/toode\/aiamaja-domo3-loggia-alekeskus-2\/"]}]},{"@type":"ImageObject","inLanguage":"et","@id":"https:\/\/alekeskus.eu\/toode\/aiamaja-domo3-loggia-alekeskus-2\/#primaryimage","url":"https:\/\/alekeskus.eu\/wp-content\/uploads\/2025\/05\/Domeo3v2-loodus-scaled.jpg","contentUrl":"https:\/\/alekeskus.eu\/wp-content\/uploads\/2025\/05\/Domeo3v2-loodus-scaled.jpg","width":1600,"height":1067},{"@type":"BreadcrumbList","@id":"https:\/\/alekeskus.eu\/toode\/aiamaja-domo3-loggia-alekeskus-2\/#breadcrumb","itemListElement":[{"@type":"ListItem","position":1,"name":"Avaleht","item":"https:\/\/alekeskus.eu\/et\/"},{"@type":"ListItem","position":2,"name":"Pood","item":"https:\/\/alekeskus.eu\/pood\/"},{"@type":"ListItem","position":3,"name":"Aiamaja Domo3 Loggia 2-toaline 22,8 m\u00b2 LAOJ\u00c4\u00c4GI ALE!"}]},{"@type":"WebSite","@id":"https:\/\/alekeskus.eu\/#website","url":"https:\/\/alekeskus.eu\/","name":"Alekeskus","description":"Alekeskus.eu","potentialAction":[{"@type":"SearchAction","target":{"@type":"EntryPoint","urlTemplate":"https:\/\/alekeskus.eu\/?s={search_term_string}"},"query-input":{"@type":"PropertyValueSpecification","valueRequired":true,"valueName":"search_term_string"}}],"inLanguage":"et"}]}},"brands":[{"id":18577,"name":"Eesti","slug":"eesti"}],"_links":{"self":[{"href":"https:\/\/alekeskus.eu\/et\/wp-json\/wp\/v2\/product\/86791","targetHints":{"allow":["GET"]}}],"collection":[{"href":"https:\/\/alekeskus.eu\/et\/wp-json\/wp\/v2\/product"}],"about":[{"href":"https:\/\/alekeskus.eu\/et\/wp-json\/wp\/v2\/types\/product"}],"wp:featuredmedia":[{"embeddable":true,"href":"https:\/\/alekeskus.eu\/et\/wp-json\/wp\/v2\/media\/93464"}],"wp:attachment":[{"href":"https:\/\/alekeskus.eu\/et\/wp-json\/wp\/v2\/media?parent=86791"}],"wp:term":[{"taxonomy":"pwb-brand","embeddable":true,"href":"https:\/\/alekeskus.eu\/et\/wp-json\/wp\/v2\/pwb-brand?post=86791"},{"taxonomy":"product_brand","embeddable":true,"href":"https:\/\/alekeskus.eu\/et\/wp-json\/wp\/v2\/product_brand?post=86791"},{"taxonomy":"product_cat","embeddable":true,"href":"https:\/\/alekeskus.eu\/et\/wp-json\/wp\/v2\/product_cat?post=86791"},{"taxonomy":"product_tag","embeddable":true,"href":"https:\/\/alekeskus.eu\/et\/wp-json\/wp\/v2\/product_tag?post=86791"}],"curies":[{"name":"wp","href":"https:\/\/api.w.org\/{rel}","templated":true}]}}