{"id":86884,"date":"2024-04-30T18:14:34","date_gmt":"2024-04-30T18:14:34","guid":{"rendered":"https:\/\/alekeskus.eu\/?post_type=product&#038;p=86884"},"modified":"2024-06-30T18:15:53","modified_gmt":"2024-06-30T18:15:53","slug":"kuur-markus-pruunika-puidukaitsega-alekeskus","status":"publish","type":"product","link":"https:\/\/alekeskus.eu\/et\/toode\/kuur-markus-pruunika-puidukaitsega-alekeskus\/","title":{"rendered":"Kuur Markus pruunika puidukaitsega J\u00e4galas"},"content":{"rendered":"","protected":false},"excerpt":{"rendered":"<p>J\u00e4galas p\u00fcstitatud aiakuur Markus, millel on \u00fches k\u00fcljes suletav kapp ja teise r\u00e4\u00e4sta all lahtine panipaik. Kuuri puitosad olid tehases pruunika puidukaitsevahendi vanni uputatud(siiski soovitab tehas hiljemalt j\u00e4rgmine aasta veel UV-kindla l\u00f5ppviimistluse teha).<\/p>\n<p>Aluseks sai kooritud pinnasele u 1 t killustikku ja 15 Fibo plokki. Seinad on Markusel valmis kilpidest, p\u00f5randa- ja laelauad on eraldi.<\/p>\n<p>Katusekatteks sai kestev Icopali iseliimuv SBS-bituumenist rullkate.<\/p>\n","protected":false},"featured_media":86854,"template":"","meta":{"_monsterinsights_skip_tracking":false,"_monsterinsights_sitenote_active":false,"_monsterinsights_sitenote_note":"","_monsterinsights_sitenote_category":0},"pwb-brand":[],"product_brand":[],"product_cat":[13620,13544],"product_tag":[18537],"class_list":{"0":"post-86884","1":"product","2":"type-product","3":"status-publish","4":"has-post-thumbnail","6":"product_cat-aiamajad","7":"product_cat-tehtud-tood","8":"product_tag-aiamaja-paigaldus","10":"first","11":"instock","12":"taxable","13":"shipping-taxable","14":"product-type-simple"},"yoast_head":"<!-- This site is optimized with the Yoast SEO plugin v27.3 - https:\/\/yoast.com\/product\/yoast-seo-wordpress\/ -->\n<title>Kuur Markus pruunika puidukaitsega J\u00e4galas - Alekeskus<\/title>\n<meta name=\"description\" content=\"aiamaja paigaldus\" \/>\n<meta name=\"robots\" content=\"index, follow, max-snippet:-1, max-image-preview:large, max-video-preview:-1\" \/>\n<link rel=\"canonical\" href=\"https:\/\/alekeskus.eu\/toode\/kuur-markus-pruunika-puidukaitsega-alekeskus\/\" \/>\n<meta property=\"og:locale\" content=\"et_EE\" \/>\n<meta property=\"og:type\" content=\"article\" \/>\n<meta property=\"og:title\" content=\"Kuur Markus pruunika puidukaitsega J\u00e4galas - Alekeskus\" \/>\n<meta property=\"og:description\" content=\"aiamaja paigaldus\" \/>\n<meta property=\"og:url\" content=\"https:\/\/alekeskus.eu\/toode\/kuur-markus-pruunika-puidukaitsega-alekeskus\/\" \/>\n<meta property=\"og:site_name\" content=\"Alekeskus\" \/>\n<meta property=\"article:modified_time\" content=\"2024-06-30T18:15:53+00:00\" \/>\n<meta property=\"og:image\" content=\"https:\/\/alekeskus.eu\/wp-content\/uploads\/2024\/05\/Markus-Jagala-peegelpildis-scaled.jpg\" \/>\n\t<meta property=\"og:image:width\" content=\"2560\" \/>\n\t<meta property=\"og:image:height\" content=\"1799\" \/>\n\t<meta property=\"og:image:type\" content=\"image\/jpeg\" \/>\n<meta name=\"twitter:card\" content=\"summary_large_image\" \/>\n<meta name=\"twitter:label1\" content=\"Est. reading time\" \/>\n\t<meta name=\"twitter:data1\" content=\"1 minut\" \/>\n<script type=\"application\/ld+json\" class=\"yoast-schema-graph\">{\"@context\":\"https:\\\/\\\/schema.org\",\"@graph\":[{\"@type\":\"WebPage\",\"@id\":\"https:\\\/\\\/alekeskus.eu\\\/toode\\\/kuur-markus-pruunika-puidukaitsega-alekeskus\\\/\",\"url\":\"https:\\\/\\\/alekeskus.eu\\\/toode\\\/kuur-markus-pruunika-puidukaitsega-alekeskus\\\/\",\"name\":\"Kuur Markus pruunika puidukaitsega J\u00e4galas - Alekeskus\",\"isPartOf\":{\"@id\":\"https:\\\/\\\/alekeskus.eu\\\/#website\"},\"primaryImageOfPage\":{\"@id\":\"https:\\\/\\\/alekeskus.eu\\\/toode\\\/kuur-markus-pruunika-puidukaitsega-alekeskus\\\/#primaryimage\"},\"image\":{\"@id\":\"https:\\\/\\\/alekeskus.eu\\\/toode\\\/kuur-markus-pruunika-puidukaitsega-alekeskus\\\/#primaryimage\"},\"thumbnailUrl\":\"https:\\\/\\\/alekeskus.eu\\\/wp-content\\\/uploads\\\/2024\\\/05\\\/Markus-Jagala-peegelpildis-scaled.jpg\",\"datePublished\":\"2024-04-30T18:14:34+00:00\",\"dateModified\":\"2024-06-30T18:15:53+00:00\",\"description\":\"aiamaja paigaldus\",\"breadcrumb\":{\"@id\":\"https:\\\/\\\/alekeskus.eu\\\/toode\\\/kuur-markus-pruunika-puidukaitsega-alekeskus\\\/#breadcrumb\"},\"inLanguage\":\"et\",\"potentialAction\":[{\"@type\":\"ReadAction\",\"target\":[\"https:\\\/\\\/alekeskus.eu\\\/toode\\\/kuur-markus-pruunika-puidukaitsega-alekeskus\\\/\"]}]},{\"@type\":\"ImageObject\",\"inLanguage\":\"et\",\"@id\":\"https:\\\/\\\/alekeskus.eu\\\/toode\\\/kuur-markus-pruunika-puidukaitsega-alekeskus\\\/#primaryimage\",\"url\":\"https:\\\/\\\/alekeskus.eu\\\/wp-content\\\/uploads\\\/2024\\\/05\\\/Markus-Jagala-peegelpildis-scaled.jpg\",\"contentUrl\":\"https:\\\/\\\/alekeskus.eu\\\/wp-content\\\/uploads\\\/2024\\\/05\\\/Markus-Jagala-peegelpildis-scaled.jpg\",\"width\":1600,\"height\":1124},{\"@type\":\"BreadcrumbList\",\"@id\":\"https:\\\/\\\/alekeskus.eu\\\/toode\\\/kuur-markus-pruunika-puidukaitsega-alekeskus\\\/#breadcrumb\",\"itemListElement\":[{\"@type\":\"ListItem\",\"position\":1,\"name\":\"Avaleht\",\"item\":\"https:\\\/\\\/alekeskus.eu\\\/et\\\/\"},{\"@type\":\"ListItem\",\"position\":2,\"name\":\"Pood\",\"item\":\"https:\\\/\\\/alekeskus.eu\\\/pood\\\/\"},{\"@type\":\"ListItem\",\"position\":3,\"name\":\"Kuur Markus pruunika puidukaitsega J\u00e4galas\"}]},{\"@type\":\"WebSite\",\"@id\":\"https:\\\/\\\/alekeskus.eu\\\/#website\",\"url\":\"https:\\\/\\\/alekeskus.eu\\\/\",\"name\":\"Alekeskus\",\"description\":\"Alekeskus.eu\",\"potentialAction\":[{\"@type\":\"SearchAction\",\"target\":{\"@type\":\"EntryPoint\",\"urlTemplate\":\"https:\\\/\\\/alekeskus.eu\\\/?s={search_term_string}\"},\"query-input\":{\"@type\":\"PropertyValueSpecification\",\"valueRequired\":true,\"valueName\":\"search_term_string\"}}],\"inLanguage\":\"et\"}]}<\/script>\n<!-- \/ Yoast SEO plugin. -->","yoast_head_json":{"title":"Kuur Markus pruunika puidukaitsega J\u00e4galas - Alekeskus","description":"aiamaja paigaldus","robots":{"index":"index","follow":"follow","max-snippet":"max-snippet:-1","max-image-preview":"max-image-preview:large","max-video-preview":"max-video-preview:-1"},"canonical":"https:\/\/alekeskus.eu\/toode\/kuur-markus-pruunika-puidukaitsega-alekeskus\/","og_locale":"et_EE","og_type":"article","og_title":"Kuur Markus pruunika puidukaitsega J\u00e4galas - Alekeskus","og_description":"aiamaja paigaldus","og_url":"https:\/\/alekeskus.eu\/toode\/kuur-markus-pruunika-puidukaitsega-alekeskus\/","og_site_name":"Alekeskus","article_modified_time":"2024-06-30T18:15:53+00:00","og_image":[{"width":2560,"height":1799,"url":"https:\/\/alekeskus.eu\/wp-content\/uploads\/2024\/05\/Markus-Jagala-peegelpildis-scaled.jpg","type":"image\/jpeg"}],"twitter_card":"summary_large_image","twitter_misc":{"Est. reading time":"1 minut"},"schema":{"@context":"https:\/\/schema.org","@graph":[{"@type":"WebPage","@id":"https:\/\/alekeskus.eu\/toode\/kuur-markus-pruunika-puidukaitsega-alekeskus\/","url":"https:\/\/alekeskus.eu\/toode\/kuur-markus-pruunika-puidukaitsega-alekeskus\/","name":"Kuur Markus pruunika puidukaitsega J\u00e4galas - Alekeskus","isPartOf":{"@id":"https:\/\/alekeskus.eu\/#website"},"primaryImageOfPage":{"@id":"https:\/\/alekeskus.eu\/toode\/kuur-markus-pruunika-puidukaitsega-alekeskus\/#primaryimage"},"image":{"@id":"https:\/\/alekeskus.eu\/toode\/kuur-markus-pruunika-puidukaitsega-alekeskus\/#primaryimage"},"thumbnailUrl":"https:\/\/alekeskus.eu\/wp-content\/uploads\/2024\/05\/Markus-Jagala-peegelpildis-scaled.jpg","datePublished":"2024-04-30T18:14:34+00:00","dateModified":"2024-06-30T18:15:53+00:00","description":"aiamaja paigaldus","breadcrumb":{"@id":"https:\/\/alekeskus.eu\/toode\/kuur-markus-pruunika-puidukaitsega-alekeskus\/#breadcrumb"},"inLanguage":"et","potentialAction":[{"@type":"ReadAction","target":["https:\/\/alekeskus.eu\/toode\/kuur-markus-pruunika-puidukaitsega-alekeskus\/"]}]},{"@type":"ImageObject","inLanguage":"et","@id":"https:\/\/alekeskus.eu\/toode\/kuur-markus-pruunika-puidukaitsega-alekeskus\/#primaryimage","url":"https:\/\/alekeskus.eu\/wp-content\/uploads\/2024\/05\/Markus-Jagala-peegelpildis-scaled.jpg","contentUrl":"https:\/\/alekeskus.eu\/wp-content\/uploads\/2024\/05\/Markus-Jagala-peegelpildis-scaled.jpg","width":1600,"height":1124},{"@type":"BreadcrumbList","@id":"https:\/\/alekeskus.eu\/toode\/kuur-markus-pruunika-puidukaitsega-alekeskus\/#breadcrumb","itemListElement":[{"@type":"ListItem","position":1,"name":"Avaleht","item":"https:\/\/alekeskus.eu\/et\/"},{"@type":"ListItem","position":2,"name":"Pood","item":"https:\/\/alekeskus.eu\/pood\/"},{"@type":"ListItem","position":3,"name":"Kuur Markus pruunika puidukaitsega J\u00e4galas"}]},{"@type":"WebSite","@id":"https:\/\/alekeskus.eu\/#website","url":"https:\/\/alekeskus.eu\/","name":"Alekeskus","description":"Alekeskus.eu","potentialAction":[{"@type":"SearchAction","target":{"@type":"EntryPoint","urlTemplate":"https:\/\/alekeskus.eu\/?s={search_term_string}"},"query-input":{"@type":"PropertyValueSpecification","valueRequired":true,"valueName":"search_term_string"}}],"inLanguage":"et"}]}},"brands":[],"_links":{"self":[{"href":"https:\/\/alekeskus.eu\/et\/wp-json\/wp\/v2\/product\/86884","targetHints":{"allow":["GET"]}}],"collection":[{"href":"https:\/\/alekeskus.eu\/et\/wp-json\/wp\/v2\/product"}],"about":[{"href":"https:\/\/alekeskus.eu\/et\/wp-json\/wp\/v2\/types\/product"}],"wp:featuredmedia":[{"embeddable":true,"href":"https:\/\/alekeskus.eu\/et\/wp-json\/wp\/v2\/media\/86854"}],"wp:attachment":[{"href":"https:\/\/alekeskus.eu\/et\/wp-json\/wp\/v2\/media?parent=86884"}],"wp:term":[{"taxonomy":"pwb-brand","embeddable":true,"href":"https:\/\/alekeskus.eu\/et\/wp-json\/wp\/v2\/pwb-brand?post=86884"},{"taxonomy":"product_brand","embeddable":true,"href":"https:\/\/alekeskus.eu\/et\/wp-json\/wp\/v2\/product_brand?post=86884"},{"taxonomy":"product_cat","embeddable":true,"href":"https:\/\/alekeskus.eu\/et\/wp-json\/wp\/v2\/product_cat?post=86884"},{"taxonomy":"product_tag","embeddable":true,"href":"https:\/\/alekeskus.eu\/et\/wp-json\/wp\/v2\/product_tag?post=86884"}],"curies":[{"name":"wp","href":"https:\/\/api.w.org\/{rel}","templated":true}]}}