{"id":86918,"date":"2023-07-12T03:55:12","date_gmt":"2023-07-12T03:55:12","guid":{"rendered":"https:\/\/alekeskus.eu\/?post_type=product&#038;p=86918"},"modified":"2025-09-01T13:45:21","modified_gmt":"2025-09-01T13:45:21","slug":"valimine-ahi-45kw-alekeskus","status":"publish","type":"product","link":"https:\/\/alekeskus.eu\/et\/toode\/valimine-ahi-45kw-alekeskus\/","title":{"rendered":"V\u00e4limine ahi 45 kW"},"content":{"rendered":"<p>Ahjud on valmistatud k\u00f5rgekvaliteedilisest merealumiiniumist.<\/p>\n<p>Alumiiniumahju eeliseks on parem soojusjuhtivus, mille tulemusena hoiate tunduvalt kokku aega ja k\u00fcttematerjali.<\/p>\n<p>Alumiiniumi soojusjuhtivus on ca 15 korda parem v\u00f5rreldes roostevaba terase soojusjuhtivusega. T\u00fcnni k\u00fctmiseks kuluv aeg ja k\u00fcttepuude kulu on alumiiniumist ahju puhul ca 30% v\u00e4iksem.<\/p>\n<p>Alumiiniumahjudel on pikem eluiga kui roostevabast terasest ahjudel.<\/p>\n<p>Kasutatava materjali paksus on 3 mm, mis on kaks korda suurem kui tavap\u00e4rastel roostevabast terasest ahjudel. Ometi on alumiiniumahi 30% kergem.<\/p>\n<p>Meie poolt pakutavad alumiiniumahjud hoiavad oma kuju pikaajaliselt.<\/p>\n<p>K\u00f5rge kvaliteediline MIG keevitus tagab korrektse visuaalse v\u00e4ljan\u00e4gemise. K\u00f5ikide keevis\u00f5mbluste hermeetilisus on kontrollitud ja testitud.<\/p>\n","protected":false},"excerpt":{"rendered":"<h2>V\u00e4limine ahi 45 kW (paremvool v\u00f5i vasakvool)<\/h2>\n<ul>\n<li>m\u00f5\u00f5dud 600 x 515 x 650 mm<\/li>\n<li>koldeosa s\u00fcgavus 540 mm<\/li>\n<li>v\u00f5imsus 45 kW<\/li>\n<li>klaasuks<\/li>\n<li>v\u00e4rvitud kere<\/li>\n<li>mustaks v\u00e4rvitud alumiiniumist esipaneel ja uks, eraldi tuhasahtel.<\/li>\n<li>roostevabast terasest \u00fcmarm\u00fctsiga moodulkorsten, mis on 2 meetri k\u00f5rgune (\u00d8 150mm)<\/li>\n<li>torude, voolikute ja klambrite \u00fchenduskomplekt<\/li>\n<\/ul>\n","protected":false},"featured_media":86920,"template":"","meta":{"_monsterinsights_skip_tracking":false,"_monsterinsights_sitenote_active":false,"_monsterinsights_sitenote_note":"","_monsterinsights_sitenote_category":0},"pwb-brand":[],"product_brand":[],"product_cat":[13580,13536],"product_tag":[15008,15011,16067,16068],"class_list":{"0":"post-86918","1":"product","2":"type-product","3":"status-publish","4":"has-post-thumbnail","6":"product_cat-ahjud","7":"product_cat-saun-ja-kumblus","8":"product_tag-ulkokamiina","9":"product_tag-kumblustunn","10":"product_tag-ahjud","11":"product_tag-tunnivee-soojendamine","12":"product_shipping_class-30-300kg","13":"pa_garantii-2-aastat","14":"pa_kohaletoimetamine-veohind-mandri-eestis-alekeskus","15":"pa_laoasukoht-viljandimaa","16":"pa_tellimisaeg-2-10-toopaeva","17":"pa_veame-eesti-ja-soome","19":"first","20":"instock","21":"taxable","22":"shipping-taxable","23":"purchasable","24":"product-type-simple"},"yoast_head":"<!-- This site is optimized with the Yoast SEO plugin v27.3 - https:\/\/yoast.com\/product\/yoast-seo-wordpress\/ -->\n<title>V\u00e4limine ahi 45 kW - Alekeskus<\/title>\n<meta name=\"description\" content=\"AHI K\u00dcMBLUST\u00dcNNILE V\u00c4LJAST K\u00dcTMISEKS\" \/>\n<meta name=\"robots\" content=\"index, follow, max-snippet:-1, max-image-preview:large, max-video-preview:-1\" \/>\n<link rel=\"canonical\" href=\"https:\/\/alekeskus.eu\/toode\/valimine-ahi-45kw-alekeskus\/\" \/>\n<meta property=\"og:locale\" content=\"et_EE\" \/>\n<meta property=\"og:type\" content=\"article\" \/>\n<meta property=\"og:title\" content=\"V\u00e4limine ahi 45 kW - Alekeskus\" \/>\n<meta property=\"og:description\" content=\"AHI K\u00dcMBLUST\u00dcNNILE V\u00c4LJAST K\u00dcTMISEKS\" \/>\n<meta property=\"og:url\" content=\"https:\/\/alekeskus.eu\/toode\/valimine-ahi-45kw-alekeskus\/\" \/>\n<meta property=\"og:site_name\" content=\"Alekeskus\" \/>\n<meta property=\"article:modified_time\" content=\"2025-09-01T13:45:21+00:00\" \/>\n<meta property=\"og:image\" content=\"https:\/\/alekeskus.eu\/wp-content\/uploads\/2023\/07\/Ahi-45kW.jpg\" \/>\n\t<meta property=\"og:image:width\" content=\"900\" \/>\n\t<meta property=\"og:image:height\" content=\"1200\" \/>\n\t<meta property=\"og:image:type\" content=\"image\/jpeg\" \/>\n<meta name=\"twitter:card\" content=\"summary_large_image\" \/>\n<meta name=\"twitter:label1\" content=\"Est. reading time\" \/>\n\t<meta name=\"twitter:data1\" content=\"1 minut\" \/>\n<script type=\"application\/ld+json\" class=\"yoast-schema-graph\">{\"@context\":\"https:\\\/\\\/schema.org\",\"@graph\":[{\"@type\":\"WebPage\",\"@id\":\"https:\\\/\\\/alekeskus.eu\\\/toode\\\/valimine-ahi-45kw-alekeskus\\\/\",\"url\":\"https:\\\/\\\/alekeskus.eu\\\/toode\\\/valimine-ahi-45kw-alekeskus\\\/\",\"name\":\"V\u00e4limine ahi 45 kW - Alekeskus\",\"isPartOf\":{\"@id\":\"https:\\\/\\\/alekeskus.eu\\\/#website\"},\"primaryImageOfPage\":{\"@id\":\"https:\\\/\\\/alekeskus.eu\\\/toode\\\/valimine-ahi-45kw-alekeskus\\\/#primaryimage\"},\"image\":{\"@id\":\"https:\\\/\\\/alekeskus.eu\\\/toode\\\/valimine-ahi-45kw-alekeskus\\\/#primaryimage\"},\"thumbnailUrl\":\"https:\\\/\\\/alekeskus.eu\\\/wp-content\\\/uploads\\\/2023\\\/07\\\/Ahi-45kW.jpg\",\"datePublished\":\"2023-07-12T03:55:12+00:00\",\"dateModified\":\"2025-09-01T13:45:21+00:00\",\"description\":\"AHI K\u00dcMBLUST\u00dcNNILE V\u00c4LJAST K\u00dcTMISEKS\",\"breadcrumb\":{\"@id\":\"https:\\\/\\\/alekeskus.eu\\\/toode\\\/valimine-ahi-45kw-alekeskus\\\/#breadcrumb\"},\"inLanguage\":\"et\",\"potentialAction\":[{\"@type\":\"ReadAction\",\"target\":[\"https:\\\/\\\/alekeskus.eu\\\/toode\\\/valimine-ahi-45kw-alekeskus\\\/\"]}]},{\"@type\":\"ImageObject\",\"inLanguage\":\"et\",\"@id\":\"https:\\\/\\\/alekeskus.eu\\\/toode\\\/valimine-ahi-45kw-alekeskus\\\/#primaryimage\",\"url\":\"https:\\\/\\\/alekeskus.eu\\\/wp-content\\\/uploads\\\/2023\\\/07\\\/Ahi-45kW.jpg\",\"contentUrl\":\"https:\\\/\\\/alekeskus.eu\\\/wp-content\\\/uploads\\\/2023\\\/07\\\/Ahi-45kW.jpg\",\"width\":900,\"height\":1200},{\"@type\":\"BreadcrumbList\",\"@id\":\"https:\\\/\\\/alekeskus.eu\\\/toode\\\/valimine-ahi-45kw-alekeskus\\\/#breadcrumb\",\"itemListElement\":[{\"@type\":\"ListItem\",\"position\":1,\"name\":\"Avaleht\",\"item\":\"https:\\\/\\\/alekeskus.eu\\\/et\\\/\"},{\"@type\":\"ListItem\",\"position\":2,\"name\":\"Pood\",\"item\":\"https:\\\/\\\/alekeskus.eu\\\/pood\\\/\"},{\"@type\":\"ListItem\",\"position\":3,\"name\":\"V\u00e4limine ahi 45 kW\"}]},{\"@type\":\"WebSite\",\"@id\":\"https:\\\/\\\/alekeskus.eu\\\/#website\",\"url\":\"https:\\\/\\\/alekeskus.eu\\\/\",\"name\":\"Alekeskus\",\"description\":\"Alekeskus.eu\",\"potentialAction\":[{\"@type\":\"SearchAction\",\"target\":{\"@type\":\"EntryPoint\",\"urlTemplate\":\"https:\\\/\\\/alekeskus.eu\\\/?s={search_term_string}\"},\"query-input\":{\"@type\":\"PropertyValueSpecification\",\"valueRequired\":true,\"valueName\":\"search_term_string\"}}],\"inLanguage\":\"et\"}]}<\/script>\n<!-- \/ Yoast SEO plugin. -->","yoast_head_json":{"title":"V\u00e4limine ahi 45 kW - Alekeskus","description":"AHI K\u00dcMBLUST\u00dcNNILE V\u00c4LJAST K\u00dcTMISEKS","robots":{"index":"index","follow":"follow","max-snippet":"max-snippet:-1","max-image-preview":"max-image-preview:large","max-video-preview":"max-video-preview:-1"},"canonical":"https:\/\/alekeskus.eu\/toode\/valimine-ahi-45kw-alekeskus\/","og_locale":"et_EE","og_type":"article","og_title":"V\u00e4limine ahi 45 kW - Alekeskus","og_description":"AHI K\u00dcMBLUST\u00dcNNILE V\u00c4LJAST K\u00dcTMISEKS","og_url":"https:\/\/alekeskus.eu\/toode\/valimine-ahi-45kw-alekeskus\/","og_site_name":"Alekeskus","article_modified_time":"2025-09-01T13:45:21+00:00","og_image":[{"width":900,"height":1200,"url":"https:\/\/alekeskus.eu\/wp-content\/uploads\/2023\/07\/Ahi-45kW.jpg","type":"image\/jpeg"}],"twitter_card":"summary_large_image","twitter_misc":{"Est. reading time":"1 minut"},"schema":{"@context":"https:\/\/schema.org","@graph":[{"@type":"WebPage","@id":"https:\/\/alekeskus.eu\/toode\/valimine-ahi-45kw-alekeskus\/","url":"https:\/\/alekeskus.eu\/toode\/valimine-ahi-45kw-alekeskus\/","name":"V\u00e4limine ahi 45 kW - Alekeskus","isPartOf":{"@id":"https:\/\/alekeskus.eu\/#website"},"primaryImageOfPage":{"@id":"https:\/\/alekeskus.eu\/toode\/valimine-ahi-45kw-alekeskus\/#primaryimage"},"image":{"@id":"https:\/\/alekeskus.eu\/toode\/valimine-ahi-45kw-alekeskus\/#primaryimage"},"thumbnailUrl":"https:\/\/alekeskus.eu\/wp-content\/uploads\/2023\/07\/Ahi-45kW.jpg","datePublished":"2023-07-12T03:55:12+00:00","dateModified":"2025-09-01T13:45:21+00:00","description":"AHI K\u00dcMBLUST\u00dcNNILE V\u00c4LJAST K\u00dcTMISEKS","breadcrumb":{"@id":"https:\/\/alekeskus.eu\/toode\/valimine-ahi-45kw-alekeskus\/#breadcrumb"},"inLanguage":"et","potentialAction":[{"@type":"ReadAction","target":["https:\/\/alekeskus.eu\/toode\/valimine-ahi-45kw-alekeskus\/"]}]},{"@type":"ImageObject","inLanguage":"et","@id":"https:\/\/alekeskus.eu\/toode\/valimine-ahi-45kw-alekeskus\/#primaryimage","url":"https:\/\/alekeskus.eu\/wp-content\/uploads\/2023\/07\/Ahi-45kW.jpg","contentUrl":"https:\/\/alekeskus.eu\/wp-content\/uploads\/2023\/07\/Ahi-45kW.jpg","width":900,"height":1200},{"@type":"BreadcrumbList","@id":"https:\/\/alekeskus.eu\/toode\/valimine-ahi-45kw-alekeskus\/#breadcrumb","itemListElement":[{"@type":"ListItem","position":1,"name":"Avaleht","item":"https:\/\/alekeskus.eu\/et\/"},{"@type":"ListItem","position":2,"name":"Pood","item":"https:\/\/alekeskus.eu\/pood\/"},{"@type":"ListItem","position":3,"name":"V\u00e4limine ahi 45 kW"}]},{"@type":"WebSite","@id":"https:\/\/alekeskus.eu\/#website","url":"https:\/\/alekeskus.eu\/","name":"Alekeskus","description":"Alekeskus.eu","potentialAction":[{"@type":"SearchAction","target":{"@type":"EntryPoint","urlTemplate":"https:\/\/alekeskus.eu\/?s={search_term_string}"},"query-input":{"@type":"PropertyValueSpecification","valueRequired":true,"valueName":"search_term_string"}}],"inLanguage":"et"}]}},"brands":[],"_links":{"self":[{"href":"https:\/\/alekeskus.eu\/et\/wp-json\/wp\/v2\/product\/86918","targetHints":{"allow":["GET"]}}],"collection":[{"href":"https:\/\/alekeskus.eu\/et\/wp-json\/wp\/v2\/product"}],"about":[{"href":"https:\/\/alekeskus.eu\/et\/wp-json\/wp\/v2\/types\/product"}],"wp:featuredmedia":[{"embeddable":true,"href":"https:\/\/alekeskus.eu\/et\/wp-json\/wp\/v2\/media\/86920"}],"wp:attachment":[{"href":"https:\/\/alekeskus.eu\/et\/wp-json\/wp\/v2\/media?parent=86918"}],"wp:term":[{"taxonomy":"pwb-brand","embeddable":true,"href":"https:\/\/alekeskus.eu\/et\/wp-json\/wp\/v2\/pwb-brand?post=86918"},{"taxonomy":"product_brand","embeddable":true,"href":"https:\/\/alekeskus.eu\/et\/wp-json\/wp\/v2\/product_brand?post=86918"},{"taxonomy":"product_cat","embeddable":true,"href":"https:\/\/alekeskus.eu\/et\/wp-json\/wp\/v2\/product_cat?post=86918"},{"taxonomy":"product_tag","embeddable":true,"href":"https:\/\/alekeskus.eu\/et\/wp-json\/wp\/v2\/product_tag?post=86918"}],"curies":[{"name":"wp","href":"https:\/\/api.w.org\/{rel}","templated":true}]}}