{"id":87089,"date":"2025-12-01T17:17:09","date_gmt":"2025-12-01T17:17:09","guid":{"rendered":"https:\/\/alekeskus.eu\/?post_type=product&#038;p=87089"},"modified":"2026-02-27T12:45:11","modified_gmt":"2026-02-27T12:45:11","slug":"aiamaja-domo2-punane-kohe-saadaval-alekeskus","status":"publish","type":"product","link":"https:\/\/alekeskus.eu\/et\/toode\/aiamaja-domo2-punane-kohe-saadaval-alekeskus\/","title":{"rendered":"Aiamaja Domo2 PUNANE 8,5 m\u00b2+katusealune alumiiniumliuguksega KOHE SAADAVAL!"},"content":{"rendered":"<div class=\"pictogram qtip-additional-element\">\n<div class=\"image\">\n<p>V\u00c4RVIMISE TEENUSE KIRJELDUS:<\/p>\n<p>Seinalauad v\u00e4rvitakse 3-st k\u00fcljest, ka punnsooned (sisepind j\u00e4\u00e4b puuvalmiks). Maja nurgad on v\u00e4rvitud igast k\u00fcljest. V\u00e4rvi kantakse detailidele 2 kihti. \u27a2 P\u00f5randa- ja laelauad ning p\u00e4rlinid j\u00e4\u00e4vad v\u00e4rvimata \u27a2 K\u00f5ik v\u00e4lised liistud (viilulauad ja liistud) v\u00e4rvitakse valgeks. \u27a2 Kvaliteetne v\u00e4rv tuntud Saksa tootjalt OSMO<\/p>\n<p>&nbsp;<\/p>\n<\/div>\n<\/div>\n","protected":false},"excerpt":{"rendered":"<p>V\u00e4lism\u00f5\u00f5dud<strong>: 3,0 x 3,0 m + katusealune<\/strong><\/p>\n<ul>\n<li><strong>v\u00e4ljast punaseks v\u00e4rvitud ALE hinnaga (1 kohe saadaval Tartu laos)<\/strong><\/li>\n<\/ul>\n<p>seinalauad v\u00e4rvitakse 3-st k\u00fcljest, ka punnsooned(sisepinda ei viimistleta), maja nurgad on v\u00e4rvitud igast k\u00fcljest. V\u00e4rvi kantakse 2 kihti \u27a2 p\u00f5randa- ja laelauad ning p\u00e4rlinid v\u00e4rvimata(puuvalmis) \u27a2 v\u00e4lised liistud (viilulauad ja liistud) v\u00e4rvitakse valgeks \u27a2 kvaliteetne v\u00e4rv tuntud Saksa tootjalt OSMO<\/p>\n<ul>\n<li>tuuletapiga\u00a0<strong>freespalksein 44 mm<\/strong>,<strong>\u00a0kaasaegne tappideta nurgalahendus<\/strong><\/li>\n<li>seina k\u00f5rgus 239 cm<\/li>\n<li>2 posti 90 x 90 mm, terasest tugijalad muudetava k\u00f5rgusega<\/li>\n<li>punniga katuselauad 18,5 mm ja katusetalad 44 x 145 mm<\/li>\n<li>katuse pindala 16 m\u00b2 \/ kalle 2\u00ba<\/li>\n<li>katusekate lisahinnaga<\/li>\n<li>18,5 mm punniga p\u00f5randalauad ja immutatud talad 45 x 70 mm<\/li>\n<li><strong>alumiiniumraamiga<\/strong> <strong>pakettklaasiga liuguks<\/strong> 2041 x 2026 mm ja <strong>pakettklaasiga aken<\/strong> 1003 x 2026 mm<\/li>\n<li>kinnitusvahendid ja koostejuhend<\/li>\n<li>Eesti toode<\/li>\n<li>garantii 5 aastat<\/li>\n<li>vihmakindel pakend<\/li>\n<\/ul>\n<p>K\u00fcsi ka paigaldust!<\/p>\n<p>Vedu mandril 180\u20ac v\u00f5i kraana-autoga 350\u20ac.<\/p>\n","protected":false},"featured_media":87091,"template":"","meta":{"_monsterinsights_skip_tracking":false,"_monsterinsights_sitenote_active":false,"_monsterinsights_sitenote_note":"","_monsterinsights_sitenote_category":0},"pwb-brand":[18577],"product_brand":[],"product_cat":[17182,18677,13538,13592,13540,13596,13604,13608],"product_tag":[13976,13983,17298,14264,14265,13813,14283,13819,14310,13849,15276,13899,15510,13913,13972],"class_list":{"0":"post-87089","1":"product","2":"type-product","3":"status-publish","4":"has-post-thumbnail","6":"pwb-brand-eesti","7":"product_cat-suvekoogid-alekeskus","8":"product_cat-lopumuuk","9":"product_cat-ale","10":"product_cat-aia-ja-grillmajad","11":"product_cat-hooned-alekeskus","12":"product_cat-varjualused-talveaiad-alekeskus","13":"product_cat-saunad","14":"product_cat-kontorid","15":"product_tag-liukuovi","16":"product_tag-piharakennus","17":"product_tag-alumiiniliukuovi","18":"product_tag-aiakuur","19":"product_tag-pihavaja","20":"product_tag-aiamaja","21":"product_tag-kotitoimisto","22":"product_tag-vaja","23":"product_tag-kodukontor","24":"product_tag-shed","25":"product_tag-pihatoimisto","26":"product_tag-garden-house","27":"product_tag-aiakontor","28":"product_tag-vierasmaja","29":"product_tag-alumiinium-liuguks","30":"product_shipping_class-alates-1000kg-2-fi","31":"pa_kohaletoimetamine-alates-180e","32":"pa_laoasukoht-tartumaa","33":"pa_pindalam-15432","34":"pa_seinapaksus-17405","36":"first","37":"instock","38":"sale","39":"featured","40":"taxable","41":"shipping-taxable","42":"purchasable","43":"product-type-simple"},"yoast_head":"<!-- This site is optimized with the Yoast SEO plugin v27.3 - https:\/\/yoast.com\/product\/yoast-seo-wordpress\/ -->\n<title>Aiamaja Domo2 PUNANE 8,5 m\u00b2+katusealune alumiiniumliuguksega KOHE SAADAVAL! - Alekeskus<\/title>\n<meta name=\"description\" content=\"aiamaja lamekatusega ja siledate nurkadega\" \/>\n<meta name=\"robots\" content=\"index, follow, max-snippet:-1, max-image-preview:large, max-video-preview:-1\" \/>\n<link rel=\"canonical\" href=\"https:\/\/alekeskus.eu\/et\/toode\/aiamaja-domo2-punane-kohe-saadaval-alekeskus\/\" \/>\n<meta property=\"og:locale\" content=\"et_EE\" \/>\n<meta property=\"og:type\" content=\"article\" \/>\n<meta property=\"og:title\" content=\"Aiamaja Domo2 PUNANE 8,5 m\u00b2+katusealune alumiiniumliuguksega KOHE SAADAVAL! - Alekeskus\" \/>\n<meta property=\"og:description\" content=\"aiamaja lamekatusega ja siledate nurkadega\" \/>\n<meta property=\"og:url\" content=\"https:\/\/alekeskus.eu\/et\/toode\/aiamaja-domo2-punane-kohe-saadaval-alekeskus\/\" \/>\n<meta property=\"og:site_name\" content=\"Alekeskus\" \/>\n<meta property=\"article:modified_time\" content=\"2026-02-27T12:45:11+00:00\" \/>\n<meta property=\"og:image\" content=\"https:\/\/alekeskus.eu\/wp-content\/uploads\/2024\/09\/Domeo-2-Punane-v1-scaled.jpg\" \/>\n\t<meta property=\"og:image:width\" content=\"1600\" \/>\n\t<meta property=\"og:image:height\" content=\"1067\" \/>\n\t<meta property=\"og:image:type\" content=\"image\/jpeg\" \/>\n<meta name=\"twitter:card\" content=\"summary_large_image\" \/>\n<meta name=\"twitter:label1\" content=\"Est. reading time\" \/>\n\t<meta name=\"twitter:data1\" content=\"1 minut\" \/>\n<script type=\"application\/ld+json\" class=\"yoast-schema-graph\">{\"@context\":\"https:\\\/\\\/schema.org\",\"@graph\":[{\"@type\":\"WebPage\",\"@id\":\"https:\\\/\\\/alekeskus.eu\\\/et\\\/toode\\\/aiamaja-domo2-punane-kohe-saadaval-alekeskus\\\/\",\"url\":\"https:\\\/\\\/alekeskus.eu\\\/et\\\/toode\\\/aiamaja-domo2-punane-kohe-saadaval-alekeskus\\\/\",\"name\":\"Aiamaja Domo2 PUNANE 8,5 m\u00b2+katusealune alumiiniumliuguksega KOHE SAADAVAL! - Alekeskus\",\"isPartOf\":{\"@id\":\"https:\\\/\\\/alekeskus.eu\\\/#website\"},\"primaryImageOfPage\":{\"@id\":\"https:\\\/\\\/alekeskus.eu\\\/et\\\/toode\\\/aiamaja-domo2-punane-kohe-saadaval-alekeskus\\\/#primaryimage\"},\"image\":{\"@id\":\"https:\\\/\\\/alekeskus.eu\\\/et\\\/toode\\\/aiamaja-domo2-punane-kohe-saadaval-alekeskus\\\/#primaryimage\"},\"thumbnailUrl\":\"https:\\\/\\\/alekeskus.eu\\\/wp-content\\\/uploads\\\/2024\\\/09\\\/Domeo-2-Punane-v1-scaled.jpg\",\"datePublished\":\"2025-12-01T17:17:09+00:00\",\"dateModified\":\"2026-02-27T12:45:11+00:00\",\"description\":\"aiamaja lamekatusega ja siledate nurkadega\",\"breadcrumb\":{\"@id\":\"https:\\\/\\\/alekeskus.eu\\\/et\\\/toode\\\/aiamaja-domo2-punane-kohe-saadaval-alekeskus\\\/#breadcrumb\"},\"inLanguage\":\"et\",\"potentialAction\":[{\"@type\":\"ReadAction\",\"target\":[\"https:\\\/\\\/alekeskus.eu\\\/et\\\/toode\\\/aiamaja-domo2-punane-kohe-saadaval-alekeskus\\\/\"]}]},{\"@type\":\"ImageObject\",\"inLanguage\":\"et\",\"@id\":\"https:\\\/\\\/alekeskus.eu\\\/et\\\/toode\\\/aiamaja-domo2-punane-kohe-saadaval-alekeskus\\\/#primaryimage\",\"url\":\"https:\\\/\\\/alekeskus.eu\\\/wp-content\\\/uploads\\\/2024\\\/09\\\/Domeo-2-Punane-v1-scaled.jpg\",\"contentUrl\":\"https:\\\/\\\/alekeskus.eu\\\/wp-content\\\/uploads\\\/2024\\\/09\\\/Domeo-2-Punane-v1-scaled.jpg\",\"width\":1600,\"height\":1067},{\"@type\":\"BreadcrumbList\",\"@id\":\"https:\\\/\\\/alekeskus.eu\\\/et\\\/toode\\\/aiamaja-domo2-punane-kohe-saadaval-alekeskus\\\/#breadcrumb\",\"itemListElement\":[{\"@type\":\"ListItem\",\"position\":1,\"name\":\"Avaleht\",\"item\":\"https:\\\/\\\/alekeskus.eu\\\/et\\\/\"},{\"@type\":\"ListItem\",\"position\":2,\"name\":\"Pood\",\"item\":\"https:\\\/\\\/alekeskus.eu\\\/pood\\\/\"},{\"@type\":\"ListItem\",\"position\":3,\"name\":\"Aiamaja Domo2 PUNANE 8,5 m\u00b2+katusealune alumiiniumliuguksega KOHE SAADAVAL!\"}]},{\"@type\":\"WebSite\",\"@id\":\"https:\\\/\\\/alekeskus.eu\\\/#website\",\"url\":\"https:\\\/\\\/alekeskus.eu\\\/\",\"name\":\"Alekeskus\",\"description\":\"Alekeskus.eu\",\"potentialAction\":[{\"@type\":\"SearchAction\",\"target\":{\"@type\":\"EntryPoint\",\"urlTemplate\":\"https:\\\/\\\/alekeskus.eu\\\/?s={search_term_string}\"},\"query-input\":{\"@type\":\"PropertyValueSpecification\",\"valueRequired\":true,\"valueName\":\"search_term_string\"}}],\"inLanguage\":\"et\"}]}<\/script>\n<!-- \/ Yoast SEO plugin. -->","yoast_head_json":{"title":"Aiamaja Domo2 PUNANE 8,5 m\u00b2+katusealune alumiiniumliuguksega KOHE SAADAVAL! - Alekeskus","description":"aiamaja lamekatusega ja siledate nurkadega","robots":{"index":"index","follow":"follow","max-snippet":"max-snippet:-1","max-image-preview":"max-image-preview:large","max-video-preview":"max-video-preview:-1"},"canonical":"https:\/\/alekeskus.eu\/et\/toode\/aiamaja-domo2-punane-kohe-saadaval-alekeskus\/","og_locale":"et_EE","og_type":"article","og_title":"Aiamaja Domo2 PUNANE 8,5 m\u00b2+katusealune alumiiniumliuguksega KOHE SAADAVAL! - Alekeskus","og_description":"aiamaja lamekatusega ja siledate nurkadega","og_url":"https:\/\/alekeskus.eu\/et\/toode\/aiamaja-domo2-punane-kohe-saadaval-alekeskus\/","og_site_name":"Alekeskus","article_modified_time":"2026-02-27T12:45:11+00:00","og_image":[{"width":1600,"height":1067,"url":"https:\/\/alekeskus.eu\/wp-content\/uploads\/2024\/09\/Domeo-2-Punane-v1-scaled.jpg","type":"image\/jpeg"}],"twitter_card":"summary_large_image","twitter_misc":{"Est. reading time":"1 minut"},"schema":{"@context":"https:\/\/schema.org","@graph":[{"@type":"WebPage","@id":"https:\/\/alekeskus.eu\/et\/toode\/aiamaja-domo2-punane-kohe-saadaval-alekeskus\/","url":"https:\/\/alekeskus.eu\/et\/toode\/aiamaja-domo2-punane-kohe-saadaval-alekeskus\/","name":"Aiamaja Domo2 PUNANE 8,5 m\u00b2+katusealune alumiiniumliuguksega KOHE SAADAVAL! - Alekeskus","isPartOf":{"@id":"https:\/\/alekeskus.eu\/#website"},"primaryImageOfPage":{"@id":"https:\/\/alekeskus.eu\/et\/toode\/aiamaja-domo2-punane-kohe-saadaval-alekeskus\/#primaryimage"},"image":{"@id":"https:\/\/alekeskus.eu\/et\/toode\/aiamaja-domo2-punane-kohe-saadaval-alekeskus\/#primaryimage"},"thumbnailUrl":"https:\/\/alekeskus.eu\/wp-content\/uploads\/2024\/09\/Domeo-2-Punane-v1-scaled.jpg","datePublished":"2025-12-01T17:17:09+00:00","dateModified":"2026-02-27T12:45:11+00:00","description":"aiamaja lamekatusega ja siledate nurkadega","breadcrumb":{"@id":"https:\/\/alekeskus.eu\/et\/toode\/aiamaja-domo2-punane-kohe-saadaval-alekeskus\/#breadcrumb"},"inLanguage":"et","potentialAction":[{"@type":"ReadAction","target":["https:\/\/alekeskus.eu\/et\/toode\/aiamaja-domo2-punane-kohe-saadaval-alekeskus\/"]}]},{"@type":"ImageObject","inLanguage":"et","@id":"https:\/\/alekeskus.eu\/et\/toode\/aiamaja-domo2-punane-kohe-saadaval-alekeskus\/#primaryimage","url":"https:\/\/alekeskus.eu\/wp-content\/uploads\/2024\/09\/Domeo-2-Punane-v1-scaled.jpg","contentUrl":"https:\/\/alekeskus.eu\/wp-content\/uploads\/2024\/09\/Domeo-2-Punane-v1-scaled.jpg","width":1600,"height":1067},{"@type":"BreadcrumbList","@id":"https:\/\/alekeskus.eu\/et\/toode\/aiamaja-domo2-punane-kohe-saadaval-alekeskus\/#breadcrumb","itemListElement":[{"@type":"ListItem","position":1,"name":"Avaleht","item":"https:\/\/alekeskus.eu\/et\/"},{"@type":"ListItem","position":2,"name":"Pood","item":"https:\/\/alekeskus.eu\/pood\/"},{"@type":"ListItem","position":3,"name":"Aiamaja Domo2 PUNANE 8,5 m\u00b2+katusealune alumiiniumliuguksega KOHE SAADAVAL!"}]},{"@type":"WebSite","@id":"https:\/\/alekeskus.eu\/#website","url":"https:\/\/alekeskus.eu\/","name":"Alekeskus","description":"Alekeskus.eu","potentialAction":[{"@type":"SearchAction","target":{"@type":"EntryPoint","urlTemplate":"https:\/\/alekeskus.eu\/?s={search_term_string}"},"query-input":{"@type":"PropertyValueSpecification","valueRequired":true,"valueName":"search_term_string"}}],"inLanguage":"et"}]}},"brands":[{"id":18577,"name":"Eesti","slug":"eesti"}],"_links":{"self":[{"href":"https:\/\/alekeskus.eu\/et\/wp-json\/wp\/v2\/product\/87089","targetHints":{"allow":["GET"]}}],"collection":[{"href":"https:\/\/alekeskus.eu\/et\/wp-json\/wp\/v2\/product"}],"about":[{"href":"https:\/\/alekeskus.eu\/et\/wp-json\/wp\/v2\/types\/product"}],"wp:featuredmedia":[{"embeddable":true,"href":"https:\/\/alekeskus.eu\/et\/wp-json\/wp\/v2\/media\/87091"}],"wp:attachment":[{"href":"https:\/\/alekeskus.eu\/et\/wp-json\/wp\/v2\/media?parent=87089"}],"wp:term":[{"taxonomy":"pwb-brand","embeddable":true,"href":"https:\/\/alekeskus.eu\/et\/wp-json\/wp\/v2\/pwb-brand?post=87089"},{"taxonomy":"product_brand","embeddable":true,"href":"https:\/\/alekeskus.eu\/et\/wp-json\/wp\/v2\/product_brand?post=87089"},{"taxonomy":"product_cat","embeddable":true,"href":"https:\/\/alekeskus.eu\/et\/wp-json\/wp\/v2\/product_cat?post=87089"},{"taxonomy":"product_tag","embeddable":true,"href":"https:\/\/alekeskus.eu\/et\/wp-json\/wp\/v2\/product_tag?post=87089"}],"curies":[{"name":"wp","href":"https:\/\/api.w.org\/{rel}","templated":true}]}}