{"id":87122,"date":"2024-10-03T05:49:26","date_gmt":"2024-10-03T05:49:26","guid":{"rendered":"https:\/\/alekeskus.eu\/?post_type=product&#038;p=87122"},"modified":"2024-10-03T06:08:18","modified_gmt":"2024-10-03T06:08:18","slug":"varjualune-109-alekeskus","status":"publish","type":"product","link":"https:\/\/alekeskus.eu\/et\/toode\/varjualune-109-alekeskus\/","title":{"rendered":"Varjualune 10,9 m\u00b2"},"content":{"rendered":"<div>\n<div id=\"pilt_3535\"><\/div>\n<\/div>\n<div><\/div>\n<div>\n<div id=\"pilt_3539\"><\/div>\n<div class=\"gal-text\"><\/div>\n<\/div>\n<div><\/div>\n","protected":false},"excerpt":{"rendered":"<p>V\u00e4lism\u00f5\u00f5dud: <strong>364 x 300 cm.<\/strong><\/p>\n<ul>\n<li>seinad valmiskilpidest punnitud lauaga 19 mm<\/li>\n<li>harja k\u00f5rgus 257 cm, esiseina k\u00f5rgus 191 cm<\/li>\n<li>s\u00fcvaimmutatud p\u00f5randalauad 19 mm ja 44 x 95 mm alustalad<\/li>\n<li>punnitud katuselauad 19 mm, 44 x 95 \/ 32 x 65 mm katusetalad<\/li>\n<li>katuse pindala 17 m\u00b2 ja kalle 20 \u00b0<\/li>\n<li>\n<div class=\"spec-name\">kinnitusvahendid ja koostejuhend<\/div>\n<\/li>\n<li>tehase garantii 2 aastat<\/li>\n<li>katusekate ei ole kaasas<\/li>\n<li>Eesti toode<\/li>\n<li>ilmastikukindel pakend<\/li>\n<\/ul>\n<p>Vedu mandril 100\u20ac v\u00f5i kraana-autoga 350\u20ac(suursaartele 180\u20ac ja 590\u20ac).<\/p>\n<p>K\u00fcsi ka paigaldust!<\/p>\n<div>\n<div id=\"pilt_3544\"><\/div>\n<\/div>\n<div>\n<div id=\"pilt_3535\"><\/div>\n<\/div>\n","protected":false},"featured_media":87124,"template":"","meta":{"_monsterinsights_skip_tracking":false,"_monsterinsights_sitenote_active":false,"_monsterinsights_sitenote_note":"","_monsterinsights_sitenote_category":0},"pwb-brand":[],"product_brand":[],"product_cat":[17182,13592,13540,13596,13602],"product_tag":[14266,15264,15357,15516,15706,13832,13849,13994,14224],"class_list":{"0":"post-87122","1":"product","2":"type-product","3":"status-publish","4":"has-post-thumbnail","6":"product_cat-suvekoogid-alekeskus","7":"product_cat-aia-ja-grillmajad","8":"product_cat-hooned-alekeskus","9":"product_cat-varjualused-talveaiad-alekeskus","10":"product_cat-elementmajad","11":"product_tag-katusealune","12":"product_tag-grillikatos","13":"product_tag-grillmaja","14":"product_tag-suvekook","15":"product_tag-abihoone","16":"product_tag-kesakeittio","17":"product_tag-shed","18":"product_tag-katos","19":"product_tag-varjualune","20":"product_shipping_class-kuni-1000kg","21":"pa_garantii-2-aastat","22":"pa_kohaletoimetamine-alates-100e","23":"pa_pindalam-15475","24":"pa_tellimisaeg-tilausaika-alekeskus","25":"pa_varv-viimistlemata","27":"first","28":"instock","29":"taxable","30":"shipping-taxable","31":"purchasable","32":"product-type-simple"},"yoast_head":"<!-- This site is optimized with the Yoast SEO plugin v27.3 - https:\/\/yoast.com\/product\/yoast-seo-wordpress\/ -->\n<title>Varjualune 10,9 m\u00b2 - Alekeskus<\/title>\n<meta name=\"description\" content=\"varjualune\" \/>\n<meta name=\"robots\" content=\"index, follow, max-snippet:-1, max-image-preview:large, max-video-preview:-1\" \/>\n<link rel=\"canonical\" href=\"https:\/\/alekeskus.eu\/et\/toode\/varjualune-109-alekeskus\/\" \/>\n<meta property=\"og:locale\" content=\"et_EE\" \/>\n<meta property=\"og:type\" content=\"article\" \/>\n<meta property=\"og:title\" content=\"Varjualune 10,9 m\u00b2 - Alekeskus\" \/>\n<meta property=\"og:description\" content=\"varjualune\" \/>\n<meta property=\"og:url\" content=\"https:\/\/alekeskus.eu\/et\/toode\/varjualune-109-alekeskus\/\" \/>\n<meta property=\"og:site_name\" content=\"Alekeskus\" \/>\n<meta property=\"article:modified_time\" content=\"2024-10-03T06:08:18+00:00\" \/>\n<meta property=\"og:image\" content=\"https:\/\/alekeskus.eu\/wp-content\/uploads\/2024\/10\/Varjualune-109.jpg\" \/>\n\t<meta property=\"og:image:width\" content=\"1536\" \/>\n\t<meta property=\"og:image:height\" content=\"1024\" \/>\n\t<meta property=\"og:image:type\" content=\"image\/jpeg\" \/>\n<meta name=\"twitter:card\" content=\"summary_large_image\" \/>\n<meta name=\"twitter:label1\" content=\"Est. reading time\" \/>\n\t<meta name=\"twitter:data1\" content=\"1 minut\" \/>\n<script type=\"application\/ld+json\" class=\"yoast-schema-graph\">{\"@context\":\"https:\\\/\\\/schema.org\",\"@graph\":[{\"@type\":\"WebPage\",\"@id\":\"https:\\\/\\\/alekeskus.eu\\\/et\\\/toode\\\/varjualune-109-alekeskus\\\/\",\"url\":\"https:\\\/\\\/alekeskus.eu\\\/et\\\/toode\\\/varjualune-109-alekeskus\\\/\",\"name\":\"Varjualune 10,9 m\u00b2 - Alekeskus\",\"isPartOf\":{\"@id\":\"https:\\\/\\\/alekeskus.eu\\\/#website\"},\"primaryImageOfPage\":{\"@id\":\"https:\\\/\\\/alekeskus.eu\\\/et\\\/toode\\\/varjualune-109-alekeskus\\\/#primaryimage\"},\"image\":{\"@id\":\"https:\\\/\\\/alekeskus.eu\\\/et\\\/toode\\\/varjualune-109-alekeskus\\\/#primaryimage\"},\"thumbnailUrl\":\"https:\\\/\\\/alekeskus.eu\\\/wp-content\\\/uploads\\\/2024\\\/10\\\/Varjualune-109.jpg\",\"datePublished\":\"2024-10-03T05:49:26+00:00\",\"dateModified\":\"2024-10-03T06:08:18+00:00\",\"description\":\"varjualune\",\"breadcrumb\":{\"@id\":\"https:\\\/\\\/alekeskus.eu\\\/et\\\/toode\\\/varjualune-109-alekeskus\\\/#breadcrumb\"},\"inLanguage\":\"et\",\"potentialAction\":[{\"@type\":\"ReadAction\",\"target\":[\"https:\\\/\\\/alekeskus.eu\\\/et\\\/toode\\\/varjualune-109-alekeskus\\\/\"]}]},{\"@type\":\"ImageObject\",\"inLanguage\":\"et\",\"@id\":\"https:\\\/\\\/alekeskus.eu\\\/et\\\/toode\\\/varjualune-109-alekeskus\\\/#primaryimage\",\"url\":\"https:\\\/\\\/alekeskus.eu\\\/wp-content\\\/uploads\\\/2024\\\/10\\\/Varjualune-109.jpg\",\"contentUrl\":\"https:\\\/\\\/alekeskus.eu\\\/wp-content\\\/uploads\\\/2024\\\/10\\\/Varjualune-109.jpg\",\"width\":1536,\"height\":1024},{\"@type\":\"BreadcrumbList\",\"@id\":\"https:\\\/\\\/alekeskus.eu\\\/et\\\/toode\\\/varjualune-109-alekeskus\\\/#breadcrumb\",\"itemListElement\":[{\"@type\":\"ListItem\",\"position\":1,\"name\":\"Avaleht\",\"item\":\"https:\\\/\\\/alekeskus.eu\\\/et\\\/\"},{\"@type\":\"ListItem\",\"position\":2,\"name\":\"Pood\",\"item\":\"https:\\\/\\\/alekeskus.eu\\\/pood\\\/\"},{\"@type\":\"ListItem\",\"position\":3,\"name\":\"Varjualune 10,9 m\u00b2\"}]},{\"@type\":\"WebSite\",\"@id\":\"https:\\\/\\\/alekeskus.eu\\\/#website\",\"url\":\"https:\\\/\\\/alekeskus.eu\\\/\",\"name\":\"Alekeskus\",\"description\":\"Alekeskus.eu\",\"potentialAction\":[{\"@type\":\"SearchAction\",\"target\":{\"@type\":\"EntryPoint\",\"urlTemplate\":\"https:\\\/\\\/alekeskus.eu\\\/?s={search_term_string}\"},\"query-input\":{\"@type\":\"PropertyValueSpecification\",\"valueRequired\":true,\"valueName\":\"search_term_string\"}}],\"inLanguage\":\"et\"}]}<\/script>\n<!-- \/ Yoast SEO plugin. -->","yoast_head_json":{"title":"Varjualune 10,9 m\u00b2 - Alekeskus","description":"varjualune","robots":{"index":"index","follow":"follow","max-snippet":"max-snippet:-1","max-image-preview":"max-image-preview:large","max-video-preview":"max-video-preview:-1"},"canonical":"https:\/\/alekeskus.eu\/et\/toode\/varjualune-109-alekeskus\/","og_locale":"et_EE","og_type":"article","og_title":"Varjualune 10,9 m\u00b2 - Alekeskus","og_description":"varjualune","og_url":"https:\/\/alekeskus.eu\/et\/toode\/varjualune-109-alekeskus\/","og_site_name":"Alekeskus","article_modified_time":"2024-10-03T06:08:18+00:00","og_image":[{"width":1536,"height":1024,"url":"https:\/\/alekeskus.eu\/wp-content\/uploads\/2024\/10\/Varjualune-109.jpg","type":"image\/jpeg"}],"twitter_card":"summary_large_image","twitter_misc":{"Est. reading time":"1 minut"},"schema":{"@context":"https:\/\/schema.org","@graph":[{"@type":"WebPage","@id":"https:\/\/alekeskus.eu\/et\/toode\/varjualune-109-alekeskus\/","url":"https:\/\/alekeskus.eu\/et\/toode\/varjualune-109-alekeskus\/","name":"Varjualune 10,9 m\u00b2 - Alekeskus","isPartOf":{"@id":"https:\/\/alekeskus.eu\/#website"},"primaryImageOfPage":{"@id":"https:\/\/alekeskus.eu\/et\/toode\/varjualune-109-alekeskus\/#primaryimage"},"image":{"@id":"https:\/\/alekeskus.eu\/et\/toode\/varjualune-109-alekeskus\/#primaryimage"},"thumbnailUrl":"https:\/\/alekeskus.eu\/wp-content\/uploads\/2024\/10\/Varjualune-109.jpg","datePublished":"2024-10-03T05:49:26+00:00","dateModified":"2024-10-03T06:08:18+00:00","description":"varjualune","breadcrumb":{"@id":"https:\/\/alekeskus.eu\/et\/toode\/varjualune-109-alekeskus\/#breadcrumb"},"inLanguage":"et","potentialAction":[{"@type":"ReadAction","target":["https:\/\/alekeskus.eu\/et\/toode\/varjualune-109-alekeskus\/"]}]},{"@type":"ImageObject","inLanguage":"et","@id":"https:\/\/alekeskus.eu\/et\/toode\/varjualune-109-alekeskus\/#primaryimage","url":"https:\/\/alekeskus.eu\/wp-content\/uploads\/2024\/10\/Varjualune-109.jpg","contentUrl":"https:\/\/alekeskus.eu\/wp-content\/uploads\/2024\/10\/Varjualune-109.jpg","width":1536,"height":1024},{"@type":"BreadcrumbList","@id":"https:\/\/alekeskus.eu\/et\/toode\/varjualune-109-alekeskus\/#breadcrumb","itemListElement":[{"@type":"ListItem","position":1,"name":"Avaleht","item":"https:\/\/alekeskus.eu\/et\/"},{"@type":"ListItem","position":2,"name":"Pood","item":"https:\/\/alekeskus.eu\/pood\/"},{"@type":"ListItem","position":3,"name":"Varjualune 10,9 m\u00b2"}]},{"@type":"WebSite","@id":"https:\/\/alekeskus.eu\/#website","url":"https:\/\/alekeskus.eu\/","name":"Alekeskus","description":"Alekeskus.eu","potentialAction":[{"@type":"SearchAction","target":{"@type":"EntryPoint","urlTemplate":"https:\/\/alekeskus.eu\/?s={search_term_string}"},"query-input":{"@type":"PropertyValueSpecification","valueRequired":true,"valueName":"search_term_string"}}],"inLanguage":"et"}]}},"brands":[],"_links":{"self":[{"href":"https:\/\/alekeskus.eu\/et\/wp-json\/wp\/v2\/product\/87122","targetHints":{"allow":["GET"]}}],"collection":[{"href":"https:\/\/alekeskus.eu\/et\/wp-json\/wp\/v2\/product"}],"about":[{"href":"https:\/\/alekeskus.eu\/et\/wp-json\/wp\/v2\/types\/product"}],"wp:featuredmedia":[{"embeddable":true,"href":"https:\/\/alekeskus.eu\/et\/wp-json\/wp\/v2\/media\/87124"}],"wp:attachment":[{"href":"https:\/\/alekeskus.eu\/et\/wp-json\/wp\/v2\/media?parent=87122"}],"wp:term":[{"taxonomy":"pwb-brand","embeddable":true,"href":"https:\/\/alekeskus.eu\/et\/wp-json\/wp\/v2\/pwb-brand?post=87122"},{"taxonomy":"product_brand","embeddable":true,"href":"https:\/\/alekeskus.eu\/et\/wp-json\/wp\/v2\/product_brand?post=87122"},{"taxonomy":"product_cat","embeddable":true,"href":"https:\/\/alekeskus.eu\/et\/wp-json\/wp\/v2\/product_cat?post=87122"},{"taxonomy":"product_tag","embeddable":true,"href":"https:\/\/alekeskus.eu\/et\/wp-json\/wp\/v2\/product_tag?post=87122"}],"curies":[{"name":"wp","href":"https:\/\/api.w.org\/{rel}","templated":true}]}}