{"id":87423,"date":"2025-12-14T16:49:00","date_gmt":"2025-12-14T16:49:00","guid":{"rendered":"https:\/\/alekeskus.eu\/?post_type=product&#038;p=87423"},"modified":"2026-01-30T07:05:06","modified_gmt":"2026-01-30T07:05:06","slug":"suvemaja-stafford2-192-terrass-alekeskus","status":"publish","type":"product","link":"https:\/\/alekeskus.eu\/et\/toode\/suvemaja-stafford2-192-terrass-alekeskus\/","title":{"rendered":"Suvemaja Stafford2 19,2 m\u00b2 + terrass 8,1 m\u00b2 (44 v\u00f5i 70 mm freespalksein)"},"content":{"rendered":"<p><a href=\"https:\/\/alekeskus.eu\/wp-content\/uploads\/2024\/12\/Staff2-44mm-ohje-4421702.pdf\">Staff2 44mm ohje 4421702<\/a><\/p>\n<p><a href=\"https:\/\/alekeskus.eu\/wp-content\/uploads\/2024\/12\/Staff2-70mm-ohje-4742913015332_7012502_.pdf\">Staff2 70mm ohje 4742913015332_7012502_<\/a><\/p>\n","protected":false},"excerpt":{"rendered":"<p>V\u00e4lism\u00f5\u00f5dud: <strong>54<\/strong><b>0 x 370 cm + katusealune terrass. <\/b><\/p>\n<p>Harja k\u00f5rgus<strong> 245 cm,<\/strong> seina k\u00f5rgus <strong>218 cm<\/strong>(k\u00f5rgema laega on saadaval s\u00f5sarmaja Stafford1).<\/p>\n<ul>\n<li>tuuletapiga freespalk\u00a0<strong>44 mm<\/strong>(sisepindala 19,2 m\u00b2) v\u00f5i\u00a0<strong>70 mm<\/strong>(sisepindala 18,7 m\u00b2)<strong>,<\/strong>\u00a0tormitugevdused<\/li>\n<li>s\u00fcvaimmutatud alusraam 45 x 70 mm, s\u00fcvaimmutatud terrassilauad 19 x 90 mm, punnitud p\u00f5randa- ja katuselauad 18 x 90 mm<\/li>\n<li>pakettklaasiga silinderlukuga paarisuks 158 x 200 cm<\/li>\n<li>kaldp\u00f6\u00f6rd avatavad pakettaknad alumiiniumveeninadega 2 tk 120 x 132 cm<\/li>\n<li>katuse kalle 4\u00b0 ja 10\u00b0, katuse pindala 35 m<sup>2<\/sup><\/li>\n<li>katusekate ei sisaldu hinnas(tarve bituumensindel 14 pakki)<\/li>\n<li>kinnitusvahendid ja p\u00fcstitusjuhend<\/li>\n<li>tehase\u00a0garantii 5 aastat<strong>\u00a0<\/strong><\/li>\n<li>Eesti toode<\/li>\n<li>ilmastikukindel pakend<\/li>\n<li>kuna on tellimisel toode(2-3 kuud), saab teha muudatusi<\/li>\n<\/ul>\n<p>Vedu mandril tellijapoolse mahalaadimisega 180\u20ac v\u00f5i kraana-autoga 350\u20ac(suursaartele vastavalt 280\u20ac ja 590\u20ac).<\/p>\n<p>K\u00fcsi ka paigaldust!<\/p>\n","protected":false},"featured_media":87431,"template":"","meta":{"_monsterinsights_skip_tracking":false,"_monsterinsights_sitenote_active":false,"_monsterinsights_sitenote_note":"","_monsterinsights_sitenote_category":0},"pwb-brand":[18577],"product_brand":[],"product_cat":[17182,13538,13592,13540,13604,13608,13610],"product_tag":[13813,15533,18330,13833,18565,13864,13913,13970,17390,14252,14310,17406,17515,15285,17866],"class_list":{"0":"post-87423","1":"product","2":"type-product","3":"status-publish","4":"has-post-thumbnail","6":"pwb-brand-eesti","7":"product_cat-suvekoogid-alekeskus","8":"product_cat-ale","9":"product_cat-aia-ja-grillmajad","10":"product_cat-hooned-alekeskus","11":"product_cat-saunad","12":"product_cat-kontorid","13":"product_cat-suvilad","14":"product_tag-aiamaja","15":"product_tag-ouekontor","16":"product_tag-palmako-vierasmaja","17":"product_tag-pihamaja","18":"product_tag-etatyotila-2","19":"product_tag-huvimaja","20":"product_tag-vierasmaja","21":"product_tag-suvila","22":"product_tag-freespalksuvila","23":"product_tag-suvemaja","24":"product_tag-kodukontor","25":"product_tag-staffordshire","26":"product_tag-saunamokki","27":"product_tag-kesamokki","28":"product_tag-hirsimokki","29":"product_shipping_class-alates-1000kg","30":"pa_garantii-5-aastat","31":"pa_kohaletoimetamine-alates-180e","32":"pa_laoasukoht-tartumaa","33":"pa_pakendimoodud-600x114x113-cm-200x106x65cm","34":"pa_pindalam-18566","35":"pa_seinapaksus-17405","36":"pa_seinapaksus-70-mm","37":"pa_tellimisaeg-6-8-nadalat","38":"pa_varv-viimistlemata","39":"pa_veame-eesti-ja-soome","41":"first","42":"instock","43":"sale","44":"featured","45":"taxable","46":"shipping-taxable","47":"purchasable","48":"product-type-variable","49":"has-default-attributes"},"yoast_head":"<!-- This site is optimized with the Yoast SEO plugin v27.3 - https:\/\/yoast.com\/product\/yoast-seo-wordpress\/ -->\n<title>Suvemaja Stafford2 19,2 m\u00b2 + terrass 8,1 m\u00b2 (44 v\u00f5i 70 mm freespalksein) - Alekeskus<\/title>\n<meta name=\"description\" content=\"verandaga suvila\" \/>\n<meta name=\"robots\" content=\"index, follow, max-snippet:-1, max-image-preview:large, max-video-preview:-1\" \/>\n<link rel=\"canonical\" href=\"https:\/\/alekeskus.eu\/et\/toode\/suvemaja-stafford2-192-terrass-alekeskus\/\" \/>\n<meta property=\"og:locale\" content=\"et_EE\" \/>\n<meta property=\"og:type\" content=\"article\" \/>\n<meta property=\"og:title\" content=\"Suvemaja Stafford2 19,2 m\u00b2 + terrass 8,1 m\u00b2 (44 v\u00f5i 70 mm freespalksein) - Alekeskus\" \/>\n<meta property=\"og:description\" content=\"verandaga suvila\" \/>\n<meta property=\"og:url\" content=\"https:\/\/alekeskus.eu\/et\/toode\/suvemaja-stafford2-192-terrass-alekeskus\/\" \/>\n<meta property=\"og:site_name\" content=\"Alekeskus\" \/>\n<meta property=\"article:modified_time\" content=\"2026-01-30T07:05:06+00:00\" \/>\n<meta property=\"og:image\" content=\"https:\/\/alekeskus.eu\/wp-content\/uploads\/2024\/12\/Stafford2-44-loodus-scaled.jpg\" \/>\n\t<meta property=\"og:image:width\" content=\"1600\" \/>\n\t<meta property=\"og:image:height\" content=\"1067\" \/>\n\t<meta property=\"og:image:type\" content=\"image\/jpeg\" \/>\n<meta name=\"twitter:card\" content=\"summary_large_image\" \/>\n<meta name=\"twitter:label1\" content=\"Est. reading time\" \/>\n\t<meta name=\"twitter:data1\" content=\"1 minut\" \/>\n<script type=\"application\/ld+json\" class=\"yoast-schema-graph\">{\"@context\":\"https:\\\/\\\/schema.org\",\"@graph\":[{\"@type\":\"WebPage\",\"@id\":\"https:\\\/\\\/alekeskus.eu\\\/et\\\/toode\\\/suvemaja-stafford2-192-terrass-alekeskus\\\/\",\"url\":\"https:\\\/\\\/alekeskus.eu\\\/et\\\/toode\\\/suvemaja-stafford2-192-terrass-alekeskus\\\/\",\"name\":\"Suvemaja Stafford2 19,2 m\u00b2 + terrass 8,1 m\u00b2 (44 v\u00f5i 70 mm freespalksein) - Alekeskus\",\"isPartOf\":{\"@id\":\"https:\\\/\\\/alekeskus.eu\\\/#website\"},\"primaryImageOfPage\":{\"@id\":\"https:\\\/\\\/alekeskus.eu\\\/et\\\/toode\\\/suvemaja-stafford2-192-terrass-alekeskus\\\/#primaryimage\"},\"image\":{\"@id\":\"https:\\\/\\\/alekeskus.eu\\\/et\\\/toode\\\/suvemaja-stafford2-192-terrass-alekeskus\\\/#primaryimage\"},\"thumbnailUrl\":\"https:\\\/\\\/alekeskus.eu\\\/wp-content\\\/uploads\\\/2024\\\/12\\\/Stafford2-44-loodus-scaled.jpg\",\"datePublished\":\"2025-12-14T16:49:00+00:00\",\"dateModified\":\"2026-01-30T07:05:06+00:00\",\"description\":\"verandaga suvila\",\"breadcrumb\":{\"@id\":\"https:\\\/\\\/alekeskus.eu\\\/et\\\/toode\\\/suvemaja-stafford2-192-terrass-alekeskus\\\/#breadcrumb\"},\"inLanguage\":\"et\",\"potentialAction\":[{\"@type\":\"ReadAction\",\"target\":[\"https:\\\/\\\/alekeskus.eu\\\/et\\\/toode\\\/suvemaja-stafford2-192-terrass-alekeskus\\\/\"]}]},{\"@type\":\"ImageObject\",\"inLanguage\":\"et\",\"@id\":\"https:\\\/\\\/alekeskus.eu\\\/et\\\/toode\\\/suvemaja-stafford2-192-terrass-alekeskus\\\/#primaryimage\",\"url\":\"https:\\\/\\\/alekeskus.eu\\\/wp-content\\\/uploads\\\/2024\\\/12\\\/Stafford2-44-loodus-scaled.jpg\",\"contentUrl\":\"https:\\\/\\\/alekeskus.eu\\\/wp-content\\\/uploads\\\/2024\\\/12\\\/Stafford2-44-loodus-scaled.jpg\",\"width\":1600,\"height\":1067},{\"@type\":\"BreadcrumbList\",\"@id\":\"https:\\\/\\\/alekeskus.eu\\\/et\\\/toode\\\/suvemaja-stafford2-192-terrass-alekeskus\\\/#breadcrumb\",\"itemListElement\":[{\"@type\":\"ListItem\",\"position\":1,\"name\":\"Avaleht\",\"item\":\"https:\\\/\\\/alekeskus.eu\\\/et\\\/\"},{\"@type\":\"ListItem\",\"position\":2,\"name\":\"Pood\",\"item\":\"https:\\\/\\\/alekeskus.eu\\\/pood\\\/\"},{\"@type\":\"ListItem\",\"position\":3,\"name\":\"Suvemaja Stafford2 19,2 m\u00b2 + terrass 8,1 m\u00b2 (44 v\u00f5i 70 mm freespalksein)\"}]},{\"@type\":\"WebSite\",\"@id\":\"https:\\\/\\\/alekeskus.eu\\\/#website\",\"url\":\"https:\\\/\\\/alekeskus.eu\\\/\",\"name\":\"Alekeskus\",\"description\":\"Alekeskus.eu\",\"potentialAction\":[{\"@type\":\"SearchAction\",\"target\":{\"@type\":\"EntryPoint\",\"urlTemplate\":\"https:\\\/\\\/alekeskus.eu\\\/?s={search_term_string}\"},\"query-input\":{\"@type\":\"PropertyValueSpecification\",\"valueRequired\":true,\"valueName\":\"search_term_string\"}}],\"inLanguage\":\"et\"}]}<\/script>\n<!-- \/ Yoast SEO plugin. -->","yoast_head_json":{"title":"Suvemaja Stafford2 19,2 m\u00b2 + terrass 8,1 m\u00b2 (44 v\u00f5i 70 mm freespalksein) - Alekeskus","description":"verandaga suvila","robots":{"index":"index","follow":"follow","max-snippet":"max-snippet:-1","max-image-preview":"max-image-preview:large","max-video-preview":"max-video-preview:-1"},"canonical":"https:\/\/alekeskus.eu\/et\/toode\/suvemaja-stafford2-192-terrass-alekeskus\/","og_locale":"et_EE","og_type":"article","og_title":"Suvemaja Stafford2 19,2 m\u00b2 + terrass 8,1 m\u00b2 (44 v\u00f5i 70 mm freespalksein) - Alekeskus","og_description":"verandaga suvila","og_url":"https:\/\/alekeskus.eu\/et\/toode\/suvemaja-stafford2-192-terrass-alekeskus\/","og_site_name":"Alekeskus","article_modified_time":"2026-01-30T07:05:06+00:00","og_image":[{"width":1600,"height":1067,"url":"https:\/\/alekeskus.eu\/wp-content\/uploads\/2024\/12\/Stafford2-44-loodus-scaled.jpg","type":"image\/jpeg"}],"twitter_card":"summary_large_image","twitter_misc":{"Est. reading time":"1 minut"},"schema":{"@context":"https:\/\/schema.org","@graph":[{"@type":"WebPage","@id":"https:\/\/alekeskus.eu\/et\/toode\/suvemaja-stafford2-192-terrass-alekeskus\/","url":"https:\/\/alekeskus.eu\/et\/toode\/suvemaja-stafford2-192-terrass-alekeskus\/","name":"Suvemaja Stafford2 19,2 m\u00b2 + terrass 8,1 m\u00b2 (44 v\u00f5i 70 mm freespalksein) - Alekeskus","isPartOf":{"@id":"https:\/\/alekeskus.eu\/#website"},"primaryImageOfPage":{"@id":"https:\/\/alekeskus.eu\/et\/toode\/suvemaja-stafford2-192-terrass-alekeskus\/#primaryimage"},"image":{"@id":"https:\/\/alekeskus.eu\/et\/toode\/suvemaja-stafford2-192-terrass-alekeskus\/#primaryimage"},"thumbnailUrl":"https:\/\/alekeskus.eu\/wp-content\/uploads\/2024\/12\/Stafford2-44-loodus-scaled.jpg","datePublished":"2025-12-14T16:49:00+00:00","dateModified":"2026-01-30T07:05:06+00:00","description":"verandaga suvila","breadcrumb":{"@id":"https:\/\/alekeskus.eu\/et\/toode\/suvemaja-stafford2-192-terrass-alekeskus\/#breadcrumb"},"inLanguage":"et","potentialAction":[{"@type":"ReadAction","target":["https:\/\/alekeskus.eu\/et\/toode\/suvemaja-stafford2-192-terrass-alekeskus\/"]}]},{"@type":"ImageObject","inLanguage":"et","@id":"https:\/\/alekeskus.eu\/et\/toode\/suvemaja-stafford2-192-terrass-alekeskus\/#primaryimage","url":"https:\/\/alekeskus.eu\/wp-content\/uploads\/2024\/12\/Stafford2-44-loodus-scaled.jpg","contentUrl":"https:\/\/alekeskus.eu\/wp-content\/uploads\/2024\/12\/Stafford2-44-loodus-scaled.jpg","width":1600,"height":1067},{"@type":"BreadcrumbList","@id":"https:\/\/alekeskus.eu\/et\/toode\/suvemaja-stafford2-192-terrass-alekeskus\/#breadcrumb","itemListElement":[{"@type":"ListItem","position":1,"name":"Avaleht","item":"https:\/\/alekeskus.eu\/et\/"},{"@type":"ListItem","position":2,"name":"Pood","item":"https:\/\/alekeskus.eu\/pood\/"},{"@type":"ListItem","position":3,"name":"Suvemaja Stafford2 19,2 m\u00b2 + terrass 8,1 m\u00b2 (44 v\u00f5i 70 mm freespalksein)"}]},{"@type":"WebSite","@id":"https:\/\/alekeskus.eu\/#website","url":"https:\/\/alekeskus.eu\/","name":"Alekeskus","description":"Alekeskus.eu","potentialAction":[{"@type":"SearchAction","target":{"@type":"EntryPoint","urlTemplate":"https:\/\/alekeskus.eu\/?s={search_term_string}"},"query-input":{"@type":"PropertyValueSpecification","valueRequired":true,"valueName":"search_term_string"}}],"inLanguage":"et"}]}},"brands":[{"id":18577,"name":"Eesti","slug":"eesti"}],"_links":{"self":[{"href":"https:\/\/alekeskus.eu\/et\/wp-json\/wp\/v2\/product\/87423","targetHints":{"allow":["GET"]}}],"collection":[{"href":"https:\/\/alekeskus.eu\/et\/wp-json\/wp\/v2\/product"}],"about":[{"href":"https:\/\/alekeskus.eu\/et\/wp-json\/wp\/v2\/types\/product"}],"wp:featuredmedia":[{"embeddable":true,"href":"https:\/\/alekeskus.eu\/et\/wp-json\/wp\/v2\/media\/87431"}],"wp:attachment":[{"href":"https:\/\/alekeskus.eu\/et\/wp-json\/wp\/v2\/media?parent=87423"}],"wp:term":[{"taxonomy":"pwb-brand","embeddable":true,"href":"https:\/\/alekeskus.eu\/et\/wp-json\/wp\/v2\/pwb-brand?post=87423"},{"taxonomy":"product_brand","embeddable":true,"href":"https:\/\/alekeskus.eu\/et\/wp-json\/wp\/v2\/product_brand?post=87423"},{"taxonomy":"product_cat","embeddable":true,"href":"https:\/\/alekeskus.eu\/et\/wp-json\/wp\/v2\/product_cat?post=87423"},{"taxonomy":"product_tag","embeddable":true,"href":"https:\/\/alekeskus.eu\/et\/wp-json\/wp\/v2\/product_tag?post=87423"}],"curies":[{"name":"wp","href":"https:\/\/api.w.org\/{rel}","templated":true}]}}