{"id":88201,"date":"2025-01-17T17:24:34","date_gmt":"2025-01-17T17:24:34","guid":{"rendered":"https:\/\/alekeskus.eu\/?post_type=product&#038;p=88201"},"modified":"2026-02-16T10:32:32","modified_gmt":"2026-02-16T10:32:32","slug":"saun-senna-41-alekeskus","status":"publish","type":"product","link":"https:\/\/alekeskus.eu\/et\/toode\/saun-senna-41-alekeskus\/","title":{"rendered":"Aiasaun Senna 4,1 m\u00b2"},"content":{"rendered":"<p>Paigaldusohje:\u00a0 <a href=\"https:\/\/alekeskus.eu\/wp-content\/uploads\/2025\/01\/Senna_4.1-ohje.pdf\">Senna_4.1 ohje<\/a><\/p>\n<div class=\"pictogram qtip-additional-element\">\n<div class=\"description\">\n<div class=\"pictogram qtip-additional-element\">\n<div class=\"image\">\n<div class=\"pictogram qtip-additional-element\">\n<div><\/div>\n<div><\/div>\n<\/div>\n<div class=\"pictogram qtip-additional-element\">\n<div class=\"image\"><\/div>\n<\/div>\n<\/div>\n<\/div>\n<\/div>\n<\/div>\n","protected":false},"excerpt":{"rendered":"<p>V\u00e4lism\u00f5\u00f5dud: <strong>3,1 x 2,1 m<\/strong>.<\/p>\n<p><strong>TASUTA VEDU JA MAHALAADIMINE (ka suursaartel)!<\/strong><\/p>\n<ul>\n<li>freespalksein 44 mm tormikinnitustega<\/li>\n<li>seina k\u00f5rgused 217 cm ja 245 cm<\/li>\n<li>haavapuust seljatoega saunalava ja kerise kaitsepiire (keris ei sisaldu hinnas)<\/li>\n<li>Finnfoam leiliruumi laesoojustus 8 tk 3 x 60 x 120 cm<\/li>\n<li>v\u00f5resein 81 x 196 cm ja pink<\/li>\n<li>puidust v\u00e4lisuks klaasiga ja silinderlukuga 84 x 194 cm (ava m\u00f5\u00f5dud)<\/li>\n<li>kinnine aken 149 x 99 cm\u00a0 (ava m\u00f5\u00f5dud)<\/li>\n<li>immutatud p\u00f5randatalad 45 x 70 mm, punnitud p\u00f5randalauad 28 x 120 mm<\/li>\n<li>katusetalad 44 x 120 mm, katuse pindala 9 m\u00b2 ja kalle 6,3\u00ba, r\u00e4\u00e4stas 30 cm<\/li>\n<li>katusekate ei sisaldu hinnas (valikus SBS-bituumenkate 2 rulli)<\/li>\n<li>punniga katuselauad 19 x 89 mm ja laelauad 16 x 89 mm<\/li>\n<li>2 \u00f5hutusresti<\/li>\n<li>tellitav v\u00e4ljast v\u00e4rvituna +1000\u20ac(hele- v\u00f5i tumehall sein mustade avat\u00e4idete ja liistudega; hele- v\u00f5i tumehall valgete avat\u00e4idete ja liistudega; seinad v\u00e4rvitakse v\u00e4ljastpoolt, avat\u00e4ited-liistud \u00fcleni valged, tellimisaeg 2-4 n\u00e4dalat pikem)<\/li>\n<li>5-aastane tehase garantii<\/li>\n<li>kinnitusvahendid ja koostejuhend<\/li>\n<li>peegelpildis paigaldatav<\/li>\n<li>Eesti toode<\/li>\n<li>vihmakindel pakend<\/li>\n<\/ul>\n<p>K\u00fcsi ka paigaldust!<\/p>\n","protected":false},"featured_media":89727,"template":"","meta":{"_monsterinsights_skip_tracking":false,"_monsterinsights_sitenote_active":false,"_monsterinsights_sitenote_note":"","_monsterinsights_sitenote_category":0},"pwb-brand":[18577],"product_brand":[],"product_cat":[13540,13604],"product_tag":[16285,17388,13813,17873,17880,14997,17973,15272,18188,15914],"class_list":{"0":"post-88201","1":"product","2":"type-product","3":"status-publish","4":"has-post-thumbnail","6":"pwb-brand-eesti","7":"product_cat-hooned-alekeskus","8":"product_cat-saunad","9":"product_tag-rantasauna","10":"product_tag-saunamaja","11":"product_tag-aiamaja","12":"product_tag-torusaun","13":"product_tag-tunnisaun","14":"product_tag-saun","15":"product_tag-aiasaun","16":"product_tag-palksaun","17":"product_tag-freespalksaun","18":"product_tag-pihasauna","19":"product_shipping_class-tasuta-transport-alates-1000kg","20":"pa_garantii-5-aastat","21":"pa_kohaletoimetamine-tasuta-mandri-eestis-ja-suursaartel-soome-alates-699e","22":"pa_laoasukoht-tartumaa","23":"pa_pindalam-18592","24":"pa_seinapaksus-17405","25":"pa_tellimisaeg-kuni-4-nadalat","26":"pa_varv-viimistlemata","27":"pa_varv-tumehall-sein-mustad-avataited-ja-liistud","28":"pa_varv-helehall-sein-valged-avataited-liistud","29":"pa_varv-tumehall-sein-valged-avataited-ja-liistud-alekeskus","30":"pa_varv-helehall-sein-mustad-avataited-ja-liistud","31":"pa_veame-eesti-ja-soome","33":"first","34":"instock","35":"taxable","36":"shipping-taxable","37":"purchasable","38":"product-type-variable","39":"has-default-attributes"},"yoast_head":"<!-- This site is optimized with the Yoast SEO plugin v27.3 - https:\/\/yoast.com\/product\/yoast-seo-wordpress\/ -->\n<title>Aiasaun Senna 4,1 m\u00b2 - Alekeskus<\/title>\n<meta name=\"description\" content=\"v\u00e4ike aiasaun pingiga\" \/>\n<meta name=\"robots\" content=\"index, follow, max-snippet:-1, max-image-preview:large, max-video-preview:-1\" \/>\n<link rel=\"canonical\" href=\"https:\/\/alekeskus.eu\/et\/toode\/saun-senna-41-alekeskus\/\" \/>\n<meta property=\"og:locale\" content=\"et_EE\" \/>\n<meta property=\"og:type\" content=\"article\" \/>\n<meta property=\"og:title\" content=\"Aiasaun Senna 4,1 m\u00b2 - Alekeskus\" \/>\n<meta property=\"og:description\" content=\"v\u00e4ike aiasaun pingiga\" \/>\n<meta property=\"og:url\" content=\"https:\/\/alekeskus.eu\/et\/toode\/saun-senna-41-alekeskus\/\" \/>\n<meta property=\"og:site_name\" content=\"Alekeskus\" \/>\n<meta property=\"article:modified_time\" content=\"2026-02-16T10:32:32+00:00\" \/>\n<meta property=\"og:image\" content=\"https:\/\/alekeskus.eu\/wp-content\/uploads\/2025\/01\/Sanna_4.1_PNT7042A-1.jpg\" \/>\n\t<meta property=\"og:image:width\" content=\"1600\" \/>\n\t<meta property=\"og:image:height\" content=\"1200\" \/>\n\t<meta property=\"og:image:type\" content=\"image\/jpeg\" \/>\n<meta name=\"twitter:card\" content=\"summary_large_image\" \/>\n<meta name=\"twitter:label1\" content=\"Est. reading time\" \/>\n\t<meta name=\"twitter:data1\" content=\"1 minut\" \/>\n<script type=\"application\/ld+json\" class=\"yoast-schema-graph\">{\"@context\":\"https:\\\/\\\/schema.org\",\"@graph\":[{\"@type\":\"WebPage\",\"@id\":\"https:\\\/\\\/alekeskus.eu\\\/et\\\/toode\\\/saun-senna-41-alekeskus\\\/\",\"url\":\"https:\\\/\\\/alekeskus.eu\\\/et\\\/toode\\\/saun-senna-41-alekeskus\\\/\",\"name\":\"Aiasaun Senna 4,1 m\u00b2 - Alekeskus\",\"isPartOf\":{\"@id\":\"https:\\\/\\\/alekeskus.eu\\\/#website\"},\"primaryImageOfPage\":{\"@id\":\"https:\\\/\\\/alekeskus.eu\\\/et\\\/toode\\\/saun-senna-41-alekeskus\\\/#primaryimage\"},\"image\":{\"@id\":\"https:\\\/\\\/alekeskus.eu\\\/et\\\/toode\\\/saun-senna-41-alekeskus\\\/#primaryimage\"},\"thumbnailUrl\":\"https:\\\/\\\/alekeskus.eu\\\/wp-content\\\/uploads\\\/2025\\\/01\\\/Sanna_4.1_PNT7042A-1.jpg\",\"datePublished\":\"2025-01-17T17:24:34+00:00\",\"dateModified\":\"2026-02-16T10:32:32+00:00\",\"description\":\"v\u00e4ike aiasaun pingiga\",\"breadcrumb\":{\"@id\":\"https:\\\/\\\/alekeskus.eu\\\/et\\\/toode\\\/saun-senna-41-alekeskus\\\/#breadcrumb\"},\"inLanguage\":\"et\",\"potentialAction\":[{\"@type\":\"ReadAction\",\"target\":[\"https:\\\/\\\/alekeskus.eu\\\/et\\\/toode\\\/saun-senna-41-alekeskus\\\/\"]}]},{\"@type\":\"ImageObject\",\"inLanguage\":\"et\",\"@id\":\"https:\\\/\\\/alekeskus.eu\\\/et\\\/toode\\\/saun-senna-41-alekeskus\\\/#primaryimage\",\"url\":\"https:\\\/\\\/alekeskus.eu\\\/wp-content\\\/uploads\\\/2025\\\/01\\\/Sanna_4.1_PNT7042A-1.jpg\",\"contentUrl\":\"https:\\\/\\\/alekeskus.eu\\\/wp-content\\\/uploads\\\/2025\\\/01\\\/Sanna_4.1_PNT7042A-1.jpg\",\"width\":1600,\"height\":1200},{\"@type\":\"BreadcrumbList\",\"@id\":\"https:\\\/\\\/alekeskus.eu\\\/et\\\/toode\\\/saun-senna-41-alekeskus\\\/#breadcrumb\",\"itemListElement\":[{\"@type\":\"ListItem\",\"position\":1,\"name\":\"Avaleht\",\"item\":\"https:\\\/\\\/alekeskus.eu\\\/et\\\/\"},{\"@type\":\"ListItem\",\"position\":2,\"name\":\"Pood\",\"item\":\"https:\\\/\\\/alekeskus.eu\\\/pood\\\/\"},{\"@type\":\"ListItem\",\"position\":3,\"name\":\"Aiasaun Senna 4,1 m\u00b2\"}]},{\"@type\":\"WebSite\",\"@id\":\"https:\\\/\\\/alekeskus.eu\\\/#website\",\"url\":\"https:\\\/\\\/alekeskus.eu\\\/\",\"name\":\"Alekeskus\",\"description\":\"Alekeskus.eu\",\"potentialAction\":[{\"@type\":\"SearchAction\",\"target\":{\"@type\":\"EntryPoint\",\"urlTemplate\":\"https:\\\/\\\/alekeskus.eu\\\/?s={search_term_string}\"},\"query-input\":{\"@type\":\"PropertyValueSpecification\",\"valueRequired\":true,\"valueName\":\"search_term_string\"}}],\"inLanguage\":\"et\"}]}<\/script>\n<!-- \/ Yoast SEO plugin. -->","yoast_head_json":{"title":"Aiasaun Senna 4,1 m\u00b2 - Alekeskus","description":"v\u00e4ike aiasaun pingiga","robots":{"index":"index","follow":"follow","max-snippet":"max-snippet:-1","max-image-preview":"max-image-preview:large","max-video-preview":"max-video-preview:-1"},"canonical":"https:\/\/alekeskus.eu\/et\/toode\/saun-senna-41-alekeskus\/","og_locale":"et_EE","og_type":"article","og_title":"Aiasaun Senna 4,1 m\u00b2 - Alekeskus","og_description":"v\u00e4ike aiasaun pingiga","og_url":"https:\/\/alekeskus.eu\/et\/toode\/saun-senna-41-alekeskus\/","og_site_name":"Alekeskus","article_modified_time":"2026-02-16T10:32:32+00:00","og_image":[{"width":1600,"height":1200,"url":"https:\/\/alekeskus.eu\/wp-content\/uploads\/2025\/01\/Sanna_4.1_PNT7042A-1.jpg","type":"image\/jpeg"}],"twitter_card":"summary_large_image","twitter_misc":{"Est. reading time":"1 minut"},"schema":{"@context":"https:\/\/schema.org","@graph":[{"@type":"WebPage","@id":"https:\/\/alekeskus.eu\/et\/toode\/saun-senna-41-alekeskus\/","url":"https:\/\/alekeskus.eu\/et\/toode\/saun-senna-41-alekeskus\/","name":"Aiasaun Senna 4,1 m\u00b2 - Alekeskus","isPartOf":{"@id":"https:\/\/alekeskus.eu\/#website"},"primaryImageOfPage":{"@id":"https:\/\/alekeskus.eu\/et\/toode\/saun-senna-41-alekeskus\/#primaryimage"},"image":{"@id":"https:\/\/alekeskus.eu\/et\/toode\/saun-senna-41-alekeskus\/#primaryimage"},"thumbnailUrl":"https:\/\/alekeskus.eu\/wp-content\/uploads\/2025\/01\/Sanna_4.1_PNT7042A-1.jpg","datePublished":"2025-01-17T17:24:34+00:00","dateModified":"2026-02-16T10:32:32+00:00","description":"v\u00e4ike aiasaun pingiga","breadcrumb":{"@id":"https:\/\/alekeskus.eu\/et\/toode\/saun-senna-41-alekeskus\/#breadcrumb"},"inLanguage":"et","potentialAction":[{"@type":"ReadAction","target":["https:\/\/alekeskus.eu\/et\/toode\/saun-senna-41-alekeskus\/"]}]},{"@type":"ImageObject","inLanguage":"et","@id":"https:\/\/alekeskus.eu\/et\/toode\/saun-senna-41-alekeskus\/#primaryimage","url":"https:\/\/alekeskus.eu\/wp-content\/uploads\/2025\/01\/Sanna_4.1_PNT7042A-1.jpg","contentUrl":"https:\/\/alekeskus.eu\/wp-content\/uploads\/2025\/01\/Sanna_4.1_PNT7042A-1.jpg","width":1600,"height":1200},{"@type":"BreadcrumbList","@id":"https:\/\/alekeskus.eu\/et\/toode\/saun-senna-41-alekeskus\/#breadcrumb","itemListElement":[{"@type":"ListItem","position":1,"name":"Avaleht","item":"https:\/\/alekeskus.eu\/et\/"},{"@type":"ListItem","position":2,"name":"Pood","item":"https:\/\/alekeskus.eu\/pood\/"},{"@type":"ListItem","position":3,"name":"Aiasaun Senna 4,1 m\u00b2"}]},{"@type":"WebSite","@id":"https:\/\/alekeskus.eu\/#website","url":"https:\/\/alekeskus.eu\/","name":"Alekeskus","description":"Alekeskus.eu","potentialAction":[{"@type":"SearchAction","target":{"@type":"EntryPoint","urlTemplate":"https:\/\/alekeskus.eu\/?s={search_term_string}"},"query-input":{"@type":"PropertyValueSpecification","valueRequired":true,"valueName":"search_term_string"}}],"inLanguage":"et"}]}},"brands":[{"id":18577,"name":"Eesti","slug":"eesti"}],"_links":{"self":[{"href":"https:\/\/alekeskus.eu\/et\/wp-json\/wp\/v2\/product\/88201","targetHints":{"allow":["GET"]}}],"collection":[{"href":"https:\/\/alekeskus.eu\/et\/wp-json\/wp\/v2\/product"}],"about":[{"href":"https:\/\/alekeskus.eu\/et\/wp-json\/wp\/v2\/types\/product"}],"wp:featuredmedia":[{"embeddable":true,"href":"https:\/\/alekeskus.eu\/et\/wp-json\/wp\/v2\/media\/89727"}],"wp:attachment":[{"href":"https:\/\/alekeskus.eu\/et\/wp-json\/wp\/v2\/media?parent=88201"}],"wp:term":[{"taxonomy":"pwb-brand","embeddable":true,"href":"https:\/\/alekeskus.eu\/et\/wp-json\/wp\/v2\/pwb-brand?post=88201"},{"taxonomy":"product_brand","embeddable":true,"href":"https:\/\/alekeskus.eu\/et\/wp-json\/wp\/v2\/product_brand?post=88201"},{"taxonomy":"product_cat","embeddable":true,"href":"https:\/\/alekeskus.eu\/et\/wp-json\/wp\/v2\/product_cat?post=88201"},{"taxonomy":"product_tag","embeddable":true,"href":"https:\/\/alekeskus.eu\/et\/wp-json\/wp\/v2\/product_tag?post=88201"}],"curies":[{"name":"wp","href":"https:\/\/api.w.org\/{rel}","templated":true}]}}