{"id":88407,"date":"2025-11-20T15:43:50","date_gmt":"2025-11-20T15:43:50","guid":{"rendered":"https:\/\/alekeskus.eu\/?post_type=product&#038;p=88407"},"modified":"2026-01-11T13:17:21","modified_gmt":"2026-01-11T13:17:21","slug":"garaaz-reigo-19-162-puitvaravaga-alekeskus","status":"publish","type":"product","link":"https:\/\/alekeskus.eu\/et\/toode\/garaaz-reigo-19-162-puitvaravaga-alekeskus\/","title":{"rendered":"Garaa\u017e Reigo 19 +16,2 m\u00b2 puitv\u00e4ravaga"},"content":{"rendered":"<p><strong>Telli juurde:<\/strong><\/p>\n<p><strong>&#8211; bituumensindel 18 pakki\u00a0<\/strong><\/p>\n<p><strong>&#8211; ajutine katusepapp v\u00f5i kestev SBS-bituumenkate 8 rulli\u00a0<\/strong><\/p>\n<p>&#8211;\u00a0<strong>vihmaveerennid\u00a0<\/strong><\/p>\n<p>&#8211;\u00a0<strong>puidukaitsevahendisse kastmine: pruunikas, hallikas v\u00f5i valkjas<\/strong><\/p>\n<p><strong>&#8211; v\u00e4rvimine: helehall, tumehall v\u00f5i valge<\/strong><\/p>\n<p><strong>&#8211; saadaval ka ilma v\u00e4ravata ja t\u00f5steuksega mallid<\/strong><\/p>\n<div class=\"pictogram qtip-additional-element\">\n<div class=\"description\">\n<div class=\"pictogram qtip-additional-element\">\n<div class=\"image\">\n<div class=\"pictogram qtip-additional-element\">\n<div class=\"image\">Pakend: 6,0&#215;1,2&#215;0,8m; 6,0&#215;1,2&#215;0,3m, kaal\u00a0 2000kg<\/div>\n<div><\/div>\n<\/div>\n<\/div>\n<\/div>\n<\/div>\n<\/div>\n","protected":false},"excerpt":{"rendered":"<p>V\u00e4lism\u00f5\u00f5dud: <strong>6,53 x 5,5 m. <\/strong>Harja k\u00f5rgus<strong> 316 cm, <\/strong>seina k\u00f5rgus<strong> 222 cm.\u00a0<\/strong><\/p>\n<p><strong>TASUTA VEDU JA MAHALAADIMINE(ka suursaartel)!<\/strong><\/p>\n<ul>\n<li>tuuletapiga\u00a0<strong>freespalk<\/strong> <strong>44\u00a0mm,<\/strong>\u00a0tormikinnitused<\/li>\n<li>r\u00e4\u00e4stad 32 cm, katuse kalle 17\u00b0, katuse pindala 45 m<sup>2<\/sup><\/li>\n<li>punniga katuselauad 19 x 90 mm, liimpuidust katusetalad 44 x 195 mm ja 60 x 160 mm<\/li>\n<li>avatav pakettaken 129 x 99 cm (lengi m\u00f5\u00f5dud)<\/li>\n<li>silinderluku ja pakettklaasiga uks 84 x 182 cm(lengi m\u00f5\u00f5dud), liimpuidust ukseleng, metalliga kaetud uksek\u00fcnnis<\/li>\n<li>puust autov\u00e4rav silinderlukuga 225 x 194 cm (lengi m\u00f5\u00f5t 239 x 195 cm, saadaval ka t\u00f5steuksega ja ilma puitv\u00e4ravata garaa\u017eid)<\/li>\n<li>immutatud sokliprussid 80 x 60 mm(p\u00f5randalaudu ei ole)<\/li>\n<li>liimpuidust katusealuse postid 120 x 120 mm<\/li>\n<li>katusekate lisahinnaga(tarve 18 pakki bituumensindlit, 8 rulli ajutist katusepappi v\u00f5i kestvat SBS-bituumenkatet)<\/li>\n<li>tellitav puidukaitsevahendisse kastetuna +1300\u20ac (pruun, hall v\u00f5i valkjas), tellimisaeg 2-4 n\u00e4dalat pikem<strong> \u00a0<img decoding=\"async\" class=\"\" src=\"https:\/\/www.palmako.ee\/sites\/default\/files\/styles\/product_list_item\/public\/2020-06\/BNDIP.jpg?itok=_LQkkeHM\" width=\"66\" height=\"66\" \/><img decoding=\"async\" class=\"\" src=\"https:\/\/www.palmako.ee\/sites\/default\/files\/styles\/product_list_item\/public\/2020-06\/GYDIP.jpg?itok=RrYf7KTV\" width=\"66\" height=\"66\" \/><img decoding=\"async\" class=\"\" src=\"https:\/\/www.palmako.ee\/sites\/default\/files\/styles\/product_list_item\/public\/2020-06\/WTDIP.jpg?itok=D9U46coI\" width=\"67\" height=\"67\" \/><\/strong><\/li>\n<li>tellitav v\u00e4ljast v\u00e4rvituna +2600\u20ac (tumehall, helehall ja valge), tellimisaeg 2-4 n\u00e4dalat pikem<\/li>\n<li>tehase garantii 5 aastat<\/li>\n<li>kinnitusvahendid, koostejuhend<\/li>\n<li>peegelpildis paigaldatav<\/li>\n<li>ilmastikukindel pakend<\/li>\n<li>Eesti toode<\/li>\n<\/ul>\n<p>K\u00fcsi ka paigaldust!<\/p>\n","protected":false},"featured_media":88447,"template":"","meta":{"_monsterinsights_skip_tracking":false,"_monsterinsights_sitenote_active":false,"_monsterinsights_sitenote_note":"","_monsterinsights_sitenote_category":0},"pwb-brand":[18577],"product_brand":[],"product_cat":[13540,13596,13598,13600],"product_tag":[13815,15714,13819,13849,18031,14229,14264,18601,14617,18604,15633,13813,15683],"class_list":{"0":"post-88407","1":"product","2":"type-product","3":"status-publish","4":"has-post-thumbnail","6":"pwb-brand-eesti","7":"product_cat-hooned-alekeskus","8":"product_cat-varjualused-talveaiad-alekeskus","9":"product_cat-garaazid","10":"product_cat-kuurid-aidad-kioskid","11":"product_tag-kuur","12":"product_tag-garage","13":"product_tag-vaja","14":"product_tag-shed","15":"product_tag-freespalkgaraazh","16":"product_tag-autotalli","17":"product_tag-aiakuur","18":"product_tag-talli-katoksella","19":"product_tag-puitvarav","20":"product_tag-talliovi","21":"product_tag-garaazh","22":"product_tag-aiamaja","23":"product_tag-tall","24":"product_shipping_class-tasuta-transport-alates-1000kg","25":"pa_garantii-5-aastat","26":"pa_kohaletoimetamine-tasuta-mandri-eestis-ja-suursaartel-soome-alates-699e","27":"pa_laoasukoht-tartumaa","28":"pa_pindalam-18600","29":"pa_seinapaksus-17405","30":"pa_tellimisaeg-tilausaika-alekeskus","31":"pa_varv-valge","32":"pa_varv-viimistlemata","33":"pa_varv-tumehall","34":"pa_varv-helehall","35":"pa_varv-pruunikas-puidukaitse","36":"pa_varv-hallikas-puidukaitse","37":"pa_varv-valkjas-puidukaitse","38":"pa_veame-eesti-ja-soome","40":"first","41":"instock","42":"taxable","43":"shipping-taxable","44":"purchasable","45":"product-type-variable","46":"has-default-attributes"},"yoast_head":"<!-- This site is optimized with the Yoast SEO plugin v27.3 - https:\/\/yoast.com\/product\/yoast-seo-wordpress\/ -->\n<title>Garaa\u017e Reigo 19 +16,2 m\u00b2 puitv\u00e4ravaga - Alekeskus<\/title>\n<meta name=\"description\" content=\"garaazh katusealuse ja puitv\u00e4ravaga\" \/>\n<meta name=\"robots\" content=\"index, follow, max-snippet:-1, max-image-preview:large, max-video-preview:-1\" \/>\n<link rel=\"canonical\" href=\"https:\/\/alekeskus.eu\/et\/toode\/garaaz-reigo-19-162-puitvaravaga-alekeskus\/\" \/>\n<meta property=\"og:locale\" content=\"et_EE\" \/>\n<meta property=\"og:type\" content=\"article\" \/>\n<meta property=\"og:title\" content=\"Garaa\u017e Reigo 19 +16,2 m\u00b2 puitv\u00e4ravaga - Alekeskus\" \/>\n<meta property=\"og:description\" content=\"garaazh katusealuse ja puitv\u00e4ravaga\" \/>\n<meta property=\"og:url\" content=\"https:\/\/alekeskus.eu\/et\/toode\/garaaz-reigo-19-162-puitvaravaga-alekeskus\/\" \/>\n<meta property=\"og:site_name\" content=\"Alekeskus\" \/>\n<meta property=\"article:modified_time\" content=\"2026-01-11T13:17:21+00:00\" \/>\n<meta property=\"og:image\" content=\"https:\/\/alekeskus.eu\/wp-content\/uploads\/2025\/01\/Roger_19.016.2_wooden-gate_NATURAL_wb.jpg\" \/>\n\t<meta property=\"og:image:width\" content=\"1600\" \/>\n\t<meta property=\"og:image:height\" content=\"1200\" \/>\n\t<meta property=\"og:image:type\" content=\"image\/jpeg\" \/>\n<meta name=\"twitter:card\" content=\"summary_large_image\" \/>\n<meta name=\"twitter:label1\" content=\"Est. reading time\" \/>\n\t<meta name=\"twitter:data1\" content=\"1 minut\" \/>\n<script type=\"application\/ld+json\" class=\"yoast-schema-graph\">{\"@context\":\"https:\\\/\\\/schema.org\",\"@graph\":[{\"@type\":\"WebPage\",\"@id\":\"https:\\\/\\\/alekeskus.eu\\\/et\\\/toode\\\/garaaz-reigo-19-162-puitvaravaga-alekeskus\\\/\",\"url\":\"https:\\\/\\\/alekeskus.eu\\\/et\\\/toode\\\/garaaz-reigo-19-162-puitvaravaga-alekeskus\\\/\",\"name\":\"Garaa\u017e Reigo 19 +16,2 m\u00b2 puitv\u00e4ravaga - Alekeskus\",\"isPartOf\":{\"@id\":\"https:\\\/\\\/alekeskus.eu\\\/#website\"},\"primaryImageOfPage\":{\"@id\":\"https:\\\/\\\/alekeskus.eu\\\/et\\\/toode\\\/garaaz-reigo-19-162-puitvaravaga-alekeskus\\\/#primaryimage\"},\"image\":{\"@id\":\"https:\\\/\\\/alekeskus.eu\\\/et\\\/toode\\\/garaaz-reigo-19-162-puitvaravaga-alekeskus\\\/#primaryimage\"},\"thumbnailUrl\":\"https:\\\/\\\/alekeskus.eu\\\/wp-content\\\/uploads\\\/2025\\\/01\\\/Roger_19.016.2_wooden-gate_NATURAL_wb.jpg\",\"datePublished\":\"2025-11-20T15:43:50+00:00\",\"dateModified\":\"2026-01-11T13:17:21+00:00\",\"description\":\"garaazh katusealuse ja puitv\u00e4ravaga\",\"breadcrumb\":{\"@id\":\"https:\\\/\\\/alekeskus.eu\\\/et\\\/toode\\\/garaaz-reigo-19-162-puitvaravaga-alekeskus\\\/#breadcrumb\"},\"inLanguage\":\"et\",\"potentialAction\":[{\"@type\":\"ReadAction\",\"target\":[\"https:\\\/\\\/alekeskus.eu\\\/et\\\/toode\\\/garaaz-reigo-19-162-puitvaravaga-alekeskus\\\/\"]}]},{\"@type\":\"ImageObject\",\"inLanguage\":\"et\",\"@id\":\"https:\\\/\\\/alekeskus.eu\\\/et\\\/toode\\\/garaaz-reigo-19-162-puitvaravaga-alekeskus\\\/#primaryimage\",\"url\":\"https:\\\/\\\/alekeskus.eu\\\/wp-content\\\/uploads\\\/2025\\\/01\\\/Roger_19.016.2_wooden-gate_NATURAL_wb.jpg\",\"contentUrl\":\"https:\\\/\\\/alekeskus.eu\\\/wp-content\\\/uploads\\\/2025\\\/01\\\/Roger_19.016.2_wooden-gate_NATURAL_wb.jpg\",\"width\":1600,\"height\":1200},{\"@type\":\"BreadcrumbList\",\"@id\":\"https:\\\/\\\/alekeskus.eu\\\/et\\\/toode\\\/garaaz-reigo-19-162-puitvaravaga-alekeskus\\\/#breadcrumb\",\"itemListElement\":[{\"@type\":\"ListItem\",\"position\":1,\"name\":\"Avaleht\",\"item\":\"https:\\\/\\\/alekeskus.eu\\\/et\\\/\"},{\"@type\":\"ListItem\",\"position\":2,\"name\":\"Pood\",\"item\":\"https:\\\/\\\/alekeskus.eu\\\/pood\\\/\"},{\"@type\":\"ListItem\",\"position\":3,\"name\":\"Garaa\u017e Reigo 19 +16,2 m\u00b2 puitv\u00e4ravaga\"}]},{\"@type\":\"WebSite\",\"@id\":\"https:\\\/\\\/alekeskus.eu\\\/#website\",\"url\":\"https:\\\/\\\/alekeskus.eu\\\/\",\"name\":\"Alekeskus\",\"description\":\"Alekeskus.eu\",\"potentialAction\":[{\"@type\":\"SearchAction\",\"target\":{\"@type\":\"EntryPoint\",\"urlTemplate\":\"https:\\\/\\\/alekeskus.eu\\\/?s={search_term_string}\"},\"query-input\":{\"@type\":\"PropertyValueSpecification\",\"valueRequired\":true,\"valueName\":\"search_term_string\"}}],\"inLanguage\":\"et\"}]}<\/script>\n<!-- \/ Yoast SEO plugin. -->","yoast_head_json":{"title":"Garaa\u017e Reigo 19 +16,2 m\u00b2 puitv\u00e4ravaga - Alekeskus","description":"garaazh katusealuse ja puitv\u00e4ravaga","robots":{"index":"index","follow":"follow","max-snippet":"max-snippet:-1","max-image-preview":"max-image-preview:large","max-video-preview":"max-video-preview:-1"},"canonical":"https:\/\/alekeskus.eu\/et\/toode\/garaaz-reigo-19-162-puitvaravaga-alekeskus\/","og_locale":"et_EE","og_type":"article","og_title":"Garaa\u017e Reigo 19 +16,2 m\u00b2 puitv\u00e4ravaga - Alekeskus","og_description":"garaazh katusealuse ja puitv\u00e4ravaga","og_url":"https:\/\/alekeskus.eu\/et\/toode\/garaaz-reigo-19-162-puitvaravaga-alekeskus\/","og_site_name":"Alekeskus","article_modified_time":"2026-01-11T13:17:21+00:00","og_image":[{"width":1600,"height":1200,"url":"https:\/\/alekeskus.eu\/wp-content\/uploads\/2025\/01\/Roger_19.016.2_wooden-gate_NATURAL_wb.jpg","type":"image\/jpeg"}],"twitter_card":"summary_large_image","twitter_misc":{"Est. reading time":"1 minut"},"schema":{"@context":"https:\/\/schema.org","@graph":[{"@type":"WebPage","@id":"https:\/\/alekeskus.eu\/et\/toode\/garaaz-reigo-19-162-puitvaravaga-alekeskus\/","url":"https:\/\/alekeskus.eu\/et\/toode\/garaaz-reigo-19-162-puitvaravaga-alekeskus\/","name":"Garaa\u017e Reigo 19 +16,2 m\u00b2 puitv\u00e4ravaga - Alekeskus","isPartOf":{"@id":"https:\/\/alekeskus.eu\/#website"},"primaryImageOfPage":{"@id":"https:\/\/alekeskus.eu\/et\/toode\/garaaz-reigo-19-162-puitvaravaga-alekeskus\/#primaryimage"},"image":{"@id":"https:\/\/alekeskus.eu\/et\/toode\/garaaz-reigo-19-162-puitvaravaga-alekeskus\/#primaryimage"},"thumbnailUrl":"https:\/\/alekeskus.eu\/wp-content\/uploads\/2025\/01\/Roger_19.016.2_wooden-gate_NATURAL_wb.jpg","datePublished":"2025-11-20T15:43:50+00:00","dateModified":"2026-01-11T13:17:21+00:00","description":"garaazh katusealuse ja puitv\u00e4ravaga","breadcrumb":{"@id":"https:\/\/alekeskus.eu\/et\/toode\/garaaz-reigo-19-162-puitvaravaga-alekeskus\/#breadcrumb"},"inLanguage":"et","potentialAction":[{"@type":"ReadAction","target":["https:\/\/alekeskus.eu\/et\/toode\/garaaz-reigo-19-162-puitvaravaga-alekeskus\/"]}]},{"@type":"ImageObject","inLanguage":"et","@id":"https:\/\/alekeskus.eu\/et\/toode\/garaaz-reigo-19-162-puitvaravaga-alekeskus\/#primaryimage","url":"https:\/\/alekeskus.eu\/wp-content\/uploads\/2025\/01\/Roger_19.016.2_wooden-gate_NATURAL_wb.jpg","contentUrl":"https:\/\/alekeskus.eu\/wp-content\/uploads\/2025\/01\/Roger_19.016.2_wooden-gate_NATURAL_wb.jpg","width":1600,"height":1200},{"@type":"BreadcrumbList","@id":"https:\/\/alekeskus.eu\/et\/toode\/garaaz-reigo-19-162-puitvaravaga-alekeskus\/#breadcrumb","itemListElement":[{"@type":"ListItem","position":1,"name":"Avaleht","item":"https:\/\/alekeskus.eu\/et\/"},{"@type":"ListItem","position":2,"name":"Pood","item":"https:\/\/alekeskus.eu\/pood\/"},{"@type":"ListItem","position":3,"name":"Garaa\u017e Reigo 19 +16,2 m\u00b2 puitv\u00e4ravaga"}]},{"@type":"WebSite","@id":"https:\/\/alekeskus.eu\/#website","url":"https:\/\/alekeskus.eu\/","name":"Alekeskus","description":"Alekeskus.eu","potentialAction":[{"@type":"SearchAction","target":{"@type":"EntryPoint","urlTemplate":"https:\/\/alekeskus.eu\/?s={search_term_string}"},"query-input":{"@type":"PropertyValueSpecification","valueRequired":true,"valueName":"search_term_string"}}],"inLanguage":"et"}]}},"brands":[{"id":18577,"name":"Eesti","slug":"eesti"}],"_links":{"self":[{"href":"https:\/\/alekeskus.eu\/et\/wp-json\/wp\/v2\/product\/88407","targetHints":{"allow":["GET"]}}],"collection":[{"href":"https:\/\/alekeskus.eu\/et\/wp-json\/wp\/v2\/product"}],"about":[{"href":"https:\/\/alekeskus.eu\/et\/wp-json\/wp\/v2\/types\/product"}],"wp:featuredmedia":[{"embeddable":true,"href":"https:\/\/alekeskus.eu\/et\/wp-json\/wp\/v2\/media\/88447"}],"wp:attachment":[{"href":"https:\/\/alekeskus.eu\/et\/wp-json\/wp\/v2\/media?parent=88407"}],"wp:term":[{"taxonomy":"pwb-brand","embeddable":true,"href":"https:\/\/alekeskus.eu\/et\/wp-json\/wp\/v2\/pwb-brand?post=88407"},{"taxonomy":"product_brand","embeddable":true,"href":"https:\/\/alekeskus.eu\/et\/wp-json\/wp\/v2\/product_brand?post=88407"},{"taxonomy":"product_cat","embeddable":true,"href":"https:\/\/alekeskus.eu\/et\/wp-json\/wp\/v2\/product_cat?post=88407"},{"taxonomy":"product_tag","embeddable":true,"href":"https:\/\/alekeskus.eu\/et\/wp-json\/wp\/v2\/product_tag?post=88407"}],"curies":[{"name":"wp","href":"https:\/\/api.w.org\/{rel}","templated":true}]}}