{"id":89333,"date":"2025-09-02T18:20:39","date_gmt":"2025-09-02T18:20:39","guid":{"rendered":"https:\/\/alekeskus.eu\/?post_type=product&#038;p=89333"},"modified":"2026-02-15T09:42:51","modified_gmt":"2026-02-15T09:42:51","slug":"saun-senna-slide-128-alekeskus","status":"publish","type":"product","link":"https:\/\/alekeskus.eu\/et\/toode\/saun-senna-slide-128-alekeskus\/","title":{"rendered":"Aiasaun Senna Slide 12,8 m\u00b2 alumiiniumliuguksega"},"content":{"rendered":"<p>Paigaldusohje:\u00a0 <a href=\"https:\/\/alekeskus.eu\/wp-content\/uploads\/2025\/02\/Senna-128-slide-ohje.pdf\">Senna 12,8 slide ohje<\/a><\/p>\n<p><a href=\"https:\/\/alekeskus.eu\/wp-content\/uploads\/2025\/02\/Senna-128-Sliding_door_Slide_MLU82-2P2-7016.pdf\">Senna 12,8 Sliding_door_Slide_MLU82-2P2-7016<\/a><\/p>\n<div class=\"pictogram qtip-additional-element\">\n<div class=\"description\">\n<div class=\"pictogram qtip-additional-element\">\n<div class=\"image\">\n<div class=\"pictogram qtip-additional-element\">\n<div><\/div>\n<\/div>\n<div class=\"pictogram qtip-additional-element\">\n<div class=\"image\"><\/div>\n<\/div>\n<\/div>\n<\/div>\n<\/div>\n<\/div>\n","protected":false},"excerpt":{"rendered":"<p>Tegija aiasaun suure eesruumiga, mis mahutab 4-6 saunalist.<\/p>\n<p>V\u00e4lism\u00f5\u00f5dud: <strong>5,0 x 2,7 m<\/strong>.<\/p>\n<p><strong>TASUTA VEDU JA MAHALAADIMINE (ka suursaartel)!<\/strong><\/p>\n<ul>\n<li>freespalksein 44 mm tormikinnitustega<\/li>\n<li>r\u00e4\u00e4sta k\u00f5rgused 211 cm ja 239 cm<\/li>\n<li>haavapuust seljatoega saunalava ja kerise kaitsepiire (keris ei sisaldu hinnas, telli juurde elektrikerised HUUM Drop 6kW v\u00f5i Narvia NM 6kW koos kividega)<\/li>\n<li>Finnfoam leiliruumi laesoojustus 3 x 60 x 120 cm<\/li>\n<li>alumiiniumraamiga liuguksed 3 tk 93 x 186 cm silinderlukuga ja \u00fchekordse klaasiga (ava m\u00f5\u00f5dud 2,8 x 2,0 m), 8 mm karastatud klaasist leiliruumi uks tk 69 x 189 (lengi m\u00f5\u00f5dud)<\/li>\n<li>kinnine aken 77 x 167 cm (lengi m\u00f5\u00f5dud)<\/li>\n<li>immutatud p\u00f5randatalad 45 x 70 mm, punnitud p\u00f5randalauad 28 x 120 mm<\/li>\n<li>katusetalad 44 x 140 mm, punniga katuselauad 19 x 89 mm, katuse pindala 18 m\u00b2 ja kalle 5\u00ba, r\u00e4\u00e4stas 30 cm<\/li>\n<li>katusekate ei sisaldu hinnas (juurde tellitav SBS-bituumenkate 4 rulli)<\/li>\n<li>2 \u00f5hutusresti<\/li>\n<li>alumiiniumliugust saab tellida ka pakettklaasidega +1000\u20ac<\/li>\n<li>5-aastane tehase garantii<\/li>\n<li>kinnitusvahendid ja koostejuhend<\/li>\n<li>peegelpildis paigaldatav<\/li>\n<li>Eesti toode<\/li>\n<li>vihmakindel pakend<\/li>\n<\/ul>\n<p>K\u00fcsi ka paigaldust!<\/p>\n","protected":false},"featured_media":89378,"template":"","meta":{"_monsterinsights_skip_tracking":false,"_monsterinsights_sitenote_active":false,"_monsterinsights_sitenote_note":"","_monsterinsights_sitenote_category":0},"pwb-brand":[18577],"product_brand":[],"product_cat":[17182,13592,13540,13604],"product_tag":[14997,15272,18188,15914,16285,17388,13813,17973,13994],"class_list":{"0":"post-89333","1":"product","2":"type-product","3":"status-publish","4":"has-post-thumbnail","6":"pwb-brand-eesti","7":"product_cat-suvekoogid-alekeskus","8":"product_cat-aia-ja-grillmajad","9":"product_cat-hooned-alekeskus","10":"product_cat-saunad","11":"product_tag-saun","12":"product_tag-palksaun","13":"product_tag-freespalksaun","14":"product_tag-pihasauna","15":"product_tag-rantasauna","16":"product_tag-saunamaja","17":"product_tag-aiamaja","18":"product_tag-aiasaun","19":"product_tag-katos","20":"product_shipping_class-tasuta-transport-alates-1000kg","21":"pa_garantii-5-aastat","22":"pa_kohaletoimetamine-tasuta-mandri-eestis-ja-suursaartel-soome-alates-699e","23":"pa_laoasukoht-tartumaa","24":"pa_pindalam-18204","25":"pa_seinapaksus-17405","26":"pa_tellimisaeg-kuni-4-nadalat","27":"pa_valilisad-elektrikeris-narvia-nm-kivid","28":"pa_valilisad-ilma-lisadeta","29":"pa_valilisad-elektrikeris-huum-drop-6kw-kivid","30":"pa_varv-viimistlemata","31":"pa_veame-eesti-ja-soome","33":"first","34":"instock","35":"taxable","36":"shipping-taxable","37":"purchasable","38":"product-type-variable","39":"has-default-attributes"},"yoast_head":"<!-- This site is optimized with the Yoast SEO plugin v27.3 - https:\/\/yoast.com\/product\/yoast-seo-wordpress\/ -->\n<title>Aiasaun Senna Slide 12,8 m\u00b2 alumiiniumliuguksega - Alekeskus<\/title>\n<meta name=\"description\" content=\"puidust aiasaun alumiiniumliuguksega\" \/>\n<meta name=\"robots\" content=\"index, follow, max-snippet:-1, max-image-preview:large, max-video-preview:-1\" \/>\n<link rel=\"canonical\" href=\"https:\/\/alekeskus.eu\/et\/toode\/saun-senna-slide-128-alekeskus\/\" \/>\n<meta property=\"og:locale\" content=\"et_EE\" \/>\n<meta property=\"og:type\" content=\"article\" \/>\n<meta property=\"og:title\" content=\"Aiasaun Senna Slide 12,8 m\u00b2 alumiiniumliuguksega - Alekeskus\" \/>\n<meta property=\"og:description\" content=\"puidust aiasaun alumiiniumliuguksega\" \/>\n<meta property=\"og:url\" content=\"https:\/\/alekeskus.eu\/et\/toode\/saun-senna-slide-128-alekeskus\/\" \/>\n<meta property=\"og:site_name\" content=\"Alekeskus\" \/>\n<meta property=\"article:modified_time\" content=\"2026-02-15T09:42:51+00:00\" \/>\n<meta property=\"og:image\" content=\"https:\/\/alekeskus.eu\/wp-content\/uploads\/2025\/02\/Sanna_12.8-Slide_NATURAL_wb.jpg\" \/>\n\t<meta property=\"og:image:width\" content=\"1600\" \/>\n\t<meta property=\"og:image:height\" content=\"1200\" \/>\n\t<meta property=\"og:image:type\" content=\"image\/jpeg\" \/>\n<meta name=\"twitter:card\" content=\"summary_large_image\" \/>\n<meta name=\"twitter:label1\" content=\"Est. reading time\" \/>\n\t<meta name=\"twitter:data1\" content=\"1 minut\" \/>\n<script type=\"application\/ld+json\" class=\"yoast-schema-graph\">{\"@context\":\"https:\\\/\\\/schema.org\",\"@graph\":[{\"@type\":\"WebPage\",\"@id\":\"https:\\\/\\\/alekeskus.eu\\\/et\\\/toode\\\/saun-senna-slide-128-alekeskus\\\/\",\"url\":\"https:\\\/\\\/alekeskus.eu\\\/et\\\/toode\\\/saun-senna-slide-128-alekeskus\\\/\",\"name\":\"Aiasaun Senna Slide 12,8 m\u00b2 alumiiniumliuguksega - Alekeskus\",\"isPartOf\":{\"@id\":\"https:\\\/\\\/alekeskus.eu\\\/#website\"},\"primaryImageOfPage\":{\"@id\":\"https:\\\/\\\/alekeskus.eu\\\/et\\\/toode\\\/saun-senna-slide-128-alekeskus\\\/#primaryimage\"},\"image\":{\"@id\":\"https:\\\/\\\/alekeskus.eu\\\/et\\\/toode\\\/saun-senna-slide-128-alekeskus\\\/#primaryimage\"},\"thumbnailUrl\":\"https:\\\/\\\/alekeskus.eu\\\/wp-content\\\/uploads\\\/2025\\\/02\\\/Sanna_12.8-Slide_NATURAL_wb.jpg\",\"datePublished\":\"2025-09-02T18:20:39+00:00\",\"dateModified\":\"2026-02-15T09:42:51+00:00\",\"description\":\"puidust aiasaun alumiiniumliuguksega\",\"breadcrumb\":{\"@id\":\"https:\\\/\\\/alekeskus.eu\\\/et\\\/toode\\\/saun-senna-slide-128-alekeskus\\\/#breadcrumb\"},\"inLanguage\":\"et\",\"potentialAction\":[{\"@type\":\"ReadAction\",\"target\":[\"https:\\\/\\\/alekeskus.eu\\\/et\\\/toode\\\/saun-senna-slide-128-alekeskus\\\/\"]}]},{\"@type\":\"ImageObject\",\"inLanguage\":\"et\",\"@id\":\"https:\\\/\\\/alekeskus.eu\\\/et\\\/toode\\\/saun-senna-slide-128-alekeskus\\\/#primaryimage\",\"url\":\"https:\\\/\\\/alekeskus.eu\\\/wp-content\\\/uploads\\\/2025\\\/02\\\/Sanna_12.8-Slide_NATURAL_wb.jpg\",\"contentUrl\":\"https:\\\/\\\/alekeskus.eu\\\/wp-content\\\/uploads\\\/2025\\\/02\\\/Sanna_12.8-Slide_NATURAL_wb.jpg\",\"width\":1600,\"height\":1200},{\"@type\":\"BreadcrumbList\",\"@id\":\"https:\\\/\\\/alekeskus.eu\\\/et\\\/toode\\\/saun-senna-slide-128-alekeskus\\\/#breadcrumb\",\"itemListElement\":[{\"@type\":\"ListItem\",\"position\":1,\"name\":\"Avaleht\",\"item\":\"https:\\\/\\\/alekeskus.eu\\\/et\\\/\"},{\"@type\":\"ListItem\",\"position\":2,\"name\":\"Pood\",\"item\":\"https:\\\/\\\/alekeskus.eu\\\/pood\\\/\"},{\"@type\":\"ListItem\",\"position\":3,\"name\":\"Aiasaun Senna Slide 12,8 m\u00b2 alumiiniumliuguksega\"}]},{\"@type\":\"WebSite\",\"@id\":\"https:\\\/\\\/alekeskus.eu\\\/#website\",\"url\":\"https:\\\/\\\/alekeskus.eu\\\/\",\"name\":\"Alekeskus\",\"description\":\"Alekeskus.eu\",\"potentialAction\":[{\"@type\":\"SearchAction\",\"target\":{\"@type\":\"EntryPoint\",\"urlTemplate\":\"https:\\\/\\\/alekeskus.eu\\\/?s={search_term_string}\"},\"query-input\":{\"@type\":\"PropertyValueSpecification\",\"valueRequired\":true,\"valueName\":\"search_term_string\"}}],\"inLanguage\":\"et\"}]}<\/script>\n<!-- \/ Yoast SEO plugin. -->","yoast_head_json":{"title":"Aiasaun Senna Slide 12,8 m\u00b2 alumiiniumliuguksega - Alekeskus","description":"puidust aiasaun alumiiniumliuguksega","robots":{"index":"index","follow":"follow","max-snippet":"max-snippet:-1","max-image-preview":"max-image-preview:large","max-video-preview":"max-video-preview:-1"},"canonical":"https:\/\/alekeskus.eu\/et\/toode\/saun-senna-slide-128-alekeskus\/","og_locale":"et_EE","og_type":"article","og_title":"Aiasaun Senna Slide 12,8 m\u00b2 alumiiniumliuguksega - Alekeskus","og_description":"puidust aiasaun alumiiniumliuguksega","og_url":"https:\/\/alekeskus.eu\/et\/toode\/saun-senna-slide-128-alekeskus\/","og_site_name":"Alekeskus","article_modified_time":"2026-02-15T09:42:51+00:00","og_image":[{"width":1600,"height":1200,"url":"https:\/\/alekeskus.eu\/wp-content\/uploads\/2025\/02\/Sanna_12.8-Slide_NATURAL_wb.jpg","type":"image\/jpeg"}],"twitter_card":"summary_large_image","twitter_misc":{"Est. reading time":"1 minut"},"schema":{"@context":"https:\/\/schema.org","@graph":[{"@type":"WebPage","@id":"https:\/\/alekeskus.eu\/et\/toode\/saun-senna-slide-128-alekeskus\/","url":"https:\/\/alekeskus.eu\/et\/toode\/saun-senna-slide-128-alekeskus\/","name":"Aiasaun Senna Slide 12,8 m\u00b2 alumiiniumliuguksega - Alekeskus","isPartOf":{"@id":"https:\/\/alekeskus.eu\/#website"},"primaryImageOfPage":{"@id":"https:\/\/alekeskus.eu\/et\/toode\/saun-senna-slide-128-alekeskus\/#primaryimage"},"image":{"@id":"https:\/\/alekeskus.eu\/et\/toode\/saun-senna-slide-128-alekeskus\/#primaryimage"},"thumbnailUrl":"https:\/\/alekeskus.eu\/wp-content\/uploads\/2025\/02\/Sanna_12.8-Slide_NATURAL_wb.jpg","datePublished":"2025-09-02T18:20:39+00:00","dateModified":"2026-02-15T09:42:51+00:00","description":"puidust aiasaun alumiiniumliuguksega","breadcrumb":{"@id":"https:\/\/alekeskus.eu\/et\/toode\/saun-senna-slide-128-alekeskus\/#breadcrumb"},"inLanguage":"et","potentialAction":[{"@type":"ReadAction","target":["https:\/\/alekeskus.eu\/et\/toode\/saun-senna-slide-128-alekeskus\/"]}]},{"@type":"ImageObject","inLanguage":"et","@id":"https:\/\/alekeskus.eu\/et\/toode\/saun-senna-slide-128-alekeskus\/#primaryimage","url":"https:\/\/alekeskus.eu\/wp-content\/uploads\/2025\/02\/Sanna_12.8-Slide_NATURAL_wb.jpg","contentUrl":"https:\/\/alekeskus.eu\/wp-content\/uploads\/2025\/02\/Sanna_12.8-Slide_NATURAL_wb.jpg","width":1600,"height":1200},{"@type":"BreadcrumbList","@id":"https:\/\/alekeskus.eu\/et\/toode\/saun-senna-slide-128-alekeskus\/#breadcrumb","itemListElement":[{"@type":"ListItem","position":1,"name":"Avaleht","item":"https:\/\/alekeskus.eu\/et\/"},{"@type":"ListItem","position":2,"name":"Pood","item":"https:\/\/alekeskus.eu\/pood\/"},{"@type":"ListItem","position":3,"name":"Aiasaun Senna Slide 12,8 m\u00b2 alumiiniumliuguksega"}]},{"@type":"WebSite","@id":"https:\/\/alekeskus.eu\/#website","url":"https:\/\/alekeskus.eu\/","name":"Alekeskus","description":"Alekeskus.eu","potentialAction":[{"@type":"SearchAction","target":{"@type":"EntryPoint","urlTemplate":"https:\/\/alekeskus.eu\/?s={search_term_string}"},"query-input":{"@type":"PropertyValueSpecification","valueRequired":true,"valueName":"search_term_string"}}],"inLanguage":"et"}]}},"brands":[{"id":18577,"name":"Eesti","slug":"eesti"}],"_links":{"self":[{"href":"https:\/\/alekeskus.eu\/et\/wp-json\/wp\/v2\/product\/89333","targetHints":{"allow":["GET"]}}],"collection":[{"href":"https:\/\/alekeskus.eu\/et\/wp-json\/wp\/v2\/product"}],"about":[{"href":"https:\/\/alekeskus.eu\/et\/wp-json\/wp\/v2\/types\/product"}],"wp:featuredmedia":[{"embeddable":true,"href":"https:\/\/alekeskus.eu\/et\/wp-json\/wp\/v2\/media\/89378"}],"wp:attachment":[{"href":"https:\/\/alekeskus.eu\/et\/wp-json\/wp\/v2\/media?parent=89333"}],"wp:term":[{"taxonomy":"pwb-brand","embeddable":true,"href":"https:\/\/alekeskus.eu\/et\/wp-json\/wp\/v2\/pwb-brand?post=89333"},{"taxonomy":"product_brand","embeddable":true,"href":"https:\/\/alekeskus.eu\/et\/wp-json\/wp\/v2\/product_brand?post=89333"},{"taxonomy":"product_cat","embeddable":true,"href":"https:\/\/alekeskus.eu\/et\/wp-json\/wp\/v2\/product_cat?post=89333"},{"taxonomy":"product_tag","embeddable":true,"href":"https:\/\/alekeskus.eu\/et\/wp-json\/wp\/v2\/product_tag?post=89333"}],"curies":[{"name":"wp","href":"https:\/\/api.w.org\/{rel}","templated":true}]}}