{"id":89699,"date":"2026-02-07T18:40:19","date_gmt":"2026-02-07T18:40:19","guid":{"rendered":"https:\/\/alekeskus.eu\/?post_type=product&#038;p=89699"},"modified":"2026-02-14T18:58:33","modified_gmt":"2026-02-14T18:58:33","slug":"saun-82-liimpuitsein-alekeskus","status":"publish","type":"product","link":"https:\/\/alekeskus.eu\/et\/toode\/saun-82-liimpuitsein-alekeskus\/","title":{"rendered":"Saun 8,2 m\u00b2 56 mm liimpuitsein, alumiiniumraamiga uks-aknad suitsuste pakettklaasidega"},"content":{"rendered":"<p>Paigaldusohje: <a href=\"https:\/\/alekeskus.eu\/wp-content\/uploads\/2025\/02\/Saun-8.2_PM56-3923.pdf\">Saun 8.2_PM56-3923<\/a><\/p>\n<div class=\"pictogram qtip-additional-element\">\n<div class=\"description\">\n<div class=\"pictogram qtip-additional-element\">\n<div class=\"image\">\n<div class=\"pictogram qtip-additional-element\">\n<div><\/div>\n<div><\/div>\n<\/div>\n<div class=\"pictogram qtip-additional-element\">\n<div class=\"image\"><\/div>\n<\/div>\n<\/div>\n<\/div>\n<\/div>\n<\/div>\n","protected":false},"excerpt":{"rendered":"<p>V\u00e4lism\u00f5\u00f5dud: <strong>3,9 x 2,3 m<\/strong>.<\/p>\n<p><strong>TASUTA VEDU JA MAHALAADIMINE (ka suursaartel)!<\/strong><\/p>\n<ul>\n<li>tihenditega ja punnitud liimpuitplaatidest sein paksusega 56 mm (tavalise freespalkseinaga v\u00f5rreldes on tihedam, kuna: nurgatappe ei ole, kilpide vahel on tihendid, v\u00e4hem vahesid, liimpuidus kasutav puit on kuivem ja m\u00e4ngib v\u00e4hem soojusk\u00f5ikumise m\u00f5jul)<\/li>\n<li>seina k\u00f5rgus 245 cm ja kogu k\u00f5rgus 250 cm<\/li>\n<li>haavapuust seljatoega saunalava ja kerise kaitsepiire (keris ei sisaldu hinnas)<\/li>\n<li>Finnfoam leiliruumi laesoojustus 3 x 60 x 120 cm<\/li>\n<li>alumiiniumraamiga v\u00e4lisuks 4-16-4mm suitsuse pakettklaasiga 80 x 198 cm, leiliruumi klaasuks 79 x 199 cm<\/li>\n<li>alumiiniumraamiga aknad 4-16-4mm suitsuse pakettklaasiga 2 tk 80 x 178 cm ja 1 tk 90 x 52 cm<\/li>\n<li>immutatud p\u00f5randatalad 80 x 60 mm, punnitud p\u00f5randalauad 28 x 120 mm<\/li>\n<li>katuse pindala 9 m\u00b2 ja kalle 2\u00ba, r\u00e4\u00e4staplekid<\/li>\n<li>katusekate ei sisaldu hinnas (valikus SBS-bituumenkate 2 rulli v\u00f5i iseliimuv EPDM-kummikate 1,5 x 10 m 1 rull)<\/li>\n<li>punniga katuselauad 19 x 89 mm ja laelauad 16 x 89 mm<\/li>\n<li>2 \u00f5hutusresti<\/li>\n<li>tellitav v\u00e4ljast v\u00e4rvituna +1600\u20ac(hele- v\u00f5i tumehall sein mustade avat\u00e4idete ja liistudega; seinad v\u00e4rvitakse v\u00e4ljastpoolt, avat\u00e4ited-liistud \u00fcleni, tellimisaeg 2-4 n\u00e4dalat pikem)<\/li>\n<li>5-aastane tehase garantii<\/li>\n<li>kinnitusvahendid ja koostejuhend<\/li>\n<li>peegelpildis ei saa paigaldada<\/li>\n<li>Eesti toode<\/li>\n<li>vihmakindel pakend<\/li>\n<\/ul>\n<p>K\u00fcsi ka paigaldust!<\/p>\n","protected":false},"featured_media":89719,"template":"","meta":{"_monsterinsights_skip_tracking":false,"_monsterinsights_sitenote_active":false,"_monsterinsights_sitenote_note":"","_monsterinsights_sitenote_category":0},"pwb-brand":[18577],"product_brand":[],"product_cat":[13538,13540,13604],"product_tag":[16285,18668,18876,13813,17388,18877,17515,14294,17973,14997,18188,15272],"class_list":{"0":"post-89699","1":"product","2":"type-product","3":"status-publish","4":"has-post-thumbnail","6":"pwb-brand-eesti","7":"product_cat-ale","8":"product_cat-hooned-alekeskus","9":"product_cat-saunad","10":"product_tag-rantasauna","11":"product_tag-saunamoodul","12":"product_tag-liimpuitsein","13":"product_tag-aiamaja","14":"product_tag-saunamaja","15":"product_tag-suitsuklaasidega-aiasaun","16":"product_tag-saunamokki","17":"product_tag-liimpuit","18":"product_tag-aiasaun","19":"product_tag-saun","20":"product_tag-freespalksaun","21":"product_tag-palksaun","22":"product_shipping_class-tasuta-transport-alates-1000kg","23":"pa_garantii-5-aastat","24":"pa_kohaletoimetamine-tasuta-mandri-eestis-ja-suursaartel-soome-alates-699e","25":"pa_laoasukoht-tartumaa","26":"pa_pindalam-15289","27":"pa_seinapaksus-18631","28":"pa_tellimisaeg-kuni-4-nadalat","29":"pa_varv-helehall-sein-mustad-avataited-ja-liistud","30":"pa_varv-tumehall-sein-mustad-avataited-ja-liistud","31":"pa_varv-viimistlemata","32":"pa_veame-eesti-ja-soome","34":"first","35":"instock","36":"sale","37":"featured","38":"taxable","39":"shipping-taxable","40":"purchasable","41":"product-type-variable","42":"has-default-attributes"},"yoast_head":"<!-- This site is optimized with the Yoast SEO plugin v27.3 - https:\/\/yoast.com\/product\/yoast-seo-wordpress\/ -->\n<title>Saun 8,2 m\u00b2 56 mm liimpuitsein, alumiiniumraamiga uks-aknad suitsuste pakettklaasidega - Alekeskus<\/title>\n<meta name=\"description\" content=\"v\u00e4ike aiasaun pakettsuitsuklaasidega ja eesruumiga\" \/>\n<meta name=\"robots\" content=\"index, follow, max-snippet:-1, max-image-preview:large, max-video-preview:-1\" \/>\n<link rel=\"canonical\" href=\"https:\/\/alekeskus.eu\/et\/toode\/saun-82-liimpuitsein-alekeskus\/\" \/>\n<meta property=\"og:locale\" content=\"et_EE\" \/>\n<meta property=\"og:type\" content=\"article\" \/>\n<meta property=\"og:title\" content=\"Saun 8,2 m\u00b2 56 mm liimpuitsein, alumiiniumraamiga uks-aknad suitsuste pakettklaasidega - Alekeskus\" \/>\n<meta property=\"og:description\" content=\"v\u00e4ike aiasaun pakettsuitsuklaasidega ja eesruumiga\" \/>\n<meta property=\"og:url\" content=\"https:\/\/alekeskus.eu\/et\/toode\/saun-82-liimpuitsein-alekeskus\/\" \/>\n<meta property=\"og:site_name\" content=\"Alekeskus\" \/>\n<meta property=\"article:modified_time\" content=\"2026-02-14T18:58:33+00:00\" \/>\n<meta property=\"og:image\" content=\"https:\/\/alekeskus.eu\/wp-content\/uploads\/2025\/02\/Grace_Sauna_8.2_NATURAL_wb.jpg\" \/>\n\t<meta property=\"og:image:width\" content=\"1600\" \/>\n\t<meta property=\"og:image:height\" content=\"1200\" \/>\n\t<meta property=\"og:image:type\" content=\"image\/jpeg\" \/>\n<meta name=\"twitter:card\" content=\"summary_large_image\" \/>\n<meta name=\"twitter:label1\" content=\"Est. reading time\" \/>\n\t<meta name=\"twitter:data1\" content=\"1 minut\" \/>\n<script type=\"application\/ld+json\" class=\"yoast-schema-graph\">{\"@context\":\"https:\\\/\\\/schema.org\",\"@graph\":[{\"@type\":\"WebPage\",\"@id\":\"https:\\\/\\\/alekeskus.eu\\\/et\\\/toode\\\/saun-82-liimpuitsein-alekeskus\\\/\",\"url\":\"https:\\\/\\\/alekeskus.eu\\\/et\\\/toode\\\/saun-82-liimpuitsein-alekeskus\\\/\",\"name\":\"Saun 8,2 m\u00b2 56 mm liimpuitsein, alumiiniumraamiga uks-aknad suitsuste pakettklaasidega - Alekeskus\",\"isPartOf\":{\"@id\":\"https:\\\/\\\/alekeskus.eu\\\/#website\"},\"primaryImageOfPage\":{\"@id\":\"https:\\\/\\\/alekeskus.eu\\\/et\\\/toode\\\/saun-82-liimpuitsein-alekeskus\\\/#primaryimage\"},\"image\":{\"@id\":\"https:\\\/\\\/alekeskus.eu\\\/et\\\/toode\\\/saun-82-liimpuitsein-alekeskus\\\/#primaryimage\"},\"thumbnailUrl\":\"https:\\\/\\\/alekeskus.eu\\\/wp-content\\\/uploads\\\/2025\\\/02\\\/Grace_Sauna_8.2_NATURAL_wb.jpg\",\"datePublished\":\"2026-02-07T18:40:19+00:00\",\"dateModified\":\"2026-02-14T18:58:33+00:00\",\"description\":\"v\u00e4ike aiasaun pakettsuitsuklaasidega ja eesruumiga\",\"breadcrumb\":{\"@id\":\"https:\\\/\\\/alekeskus.eu\\\/et\\\/toode\\\/saun-82-liimpuitsein-alekeskus\\\/#breadcrumb\"},\"inLanguage\":\"et\",\"potentialAction\":[{\"@type\":\"ReadAction\",\"target\":[\"https:\\\/\\\/alekeskus.eu\\\/et\\\/toode\\\/saun-82-liimpuitsein-alekeskus\\\/\"]}]},{\"@type\":\"ImageObject\",\"inLanguage\":\"et\",\"@id\":\"https:\\\/\\\/alekeskus.eu\\\/et\\\/toode\\\/saun-82-liimpuitsein-alekeskus\\\/#primaryimage\",\"url\":\"https:\\\/\\\/alekeskus.eu\\\/wp-content\\\/uploads\\\/2025\\\/02\\\/Grace_Sauna_8.2_NATURAL_wb.jpg\",\"contentUrl\":\"https:\\\/\\\/alekeskus.eu\\\/wp-content\\\/uploads\\\/2025\\\/02\\\/Grace_Sauna_8.2_NATURAL_wb.jpg\",\"width\":1600,\"height\":1200},{\"@type\":\"BreadcrumbList\",\"@id\":\"https:\\\/\\\/alekeskus.eu\\\/et\\\/toode\\\/saun-82-liimpuitsein-alekeskus\\\/#breadcrumb\",\"itemListElement\":[{\"@type\":\"ListItem\",\"position\":1,\"name\":\"Avaleht\",\"item\":\"https:\\\/\\\/alekeskus.eu\\\/et\\\/\"},{\"@type\":\"ListItem\",\"position\":2,\"name\":\"Pood\",\"item\":\"https:\\\/\\\/alekeskus.eu\\\/pood\\\/\"},{\"@type\":\"ListItem\",\"position\":3,\"name\":\"Saun 8,2 m\u00b2 56 mm liimpuitsein, alumiiniumraamiga uks-aknad suitsuste pakettklaasidega\"}]},{\"@type\":\"WebSite\",\"@id\":\"https:\\\/\\\/alekeskus.eu\\\/#website\",\"url\":\"https:\\\/\\\/alekeskus.eu\\\/\",\"name\":\"Alekeskus\",\"description\":\"Alekeskus.eu\",\"potentialAction\":[{\"@type\":\"SearchAction\",\"target\":{\"@type\":\"EntryPoint\",\"urlTemplate\":\"https:\\\/\\\/alekeskus.eu\\\/?s={search_term_string}\"},\"query-input\":{\"@type\":\"PropertyValueSpecification\",\"valueRequired\":true,\"valueName\":\"search_term_string\"}}],\"inLanguage\":\"et\"}]}<\/script>\n<!-- \/ Yoast SEO plugin. -->","yoast_head_json":{"title":"Saun 8,2 m\u00b2 56 mm liimpuitsein, alumiiniumraamiga uks-aknad suitsuste pakettklaasidega - Alekeskus","description":"v\u00e4ike aiasaun pakettsuitsuklaasidega ja eesruumiga","robots":{"index":"index","follow":"follow","max-snippet":"max-snippet:-1","max-image-preview":"max-image-preview:large","max-video-preview":"max-video-preview:-1"},"canonical":"https:\/\/alekeskus.eu\/et\/toode\/saun-82-liimpuitsein-alekeskus\/","og_locale":"et_EE","og_type":"article","og_title":"Saun 8,2 m\u00b2 56 mm liimpuitsein, alumiiniumraamiga uks-aknad suitsuste pakettklaasidega - Alekeskus","og_description":"v\u00e4ike aiasaun pakettsuitsuklaasidega ja eesruumiga","og_url":"https:\/\/alekeskus.eu\/et\/toode\/saun-82-liimpuitsein-alekeskus\/","og_site_name":"Alekeskus","article_modified_time":"2026-02-14T18:58:33+00:00","og_image":[{"width":1600,"height":1200,"url":"https:\/\/alekeskus.eu\/wp-content\/uploads\/2025\/02\/Grace_Sauna_8.2_NATURAL_wb.jpg","type":"image\/jpeg"}],"twitter_card":"summary_large_image","twitter_misc":{"Est. reading time":"1 minut"},"schema":{"@context":"https:\/\/schema.org","@graph":[{"@type":"WebPage","@id":"https:\/\/alekeskus.eu\/et\/toode\/saun-82-liimpuitsein-alekeskus\/","url":"https:\/\/alekeskus.eu\/et\/toode\/saun-82-liimpuitsein-alekeskus\/","name":"Saun 8,2 m\u00b2 56 mm liimpuitsein, alumiiniumraamiga uks-aknad suitsuste pakettklaasidega - Alekeskus","isPartOf":{"@id":"https:\/\/alekeskus.eu\/#website"},"primaryImageOfPage":{"@id":"https:\/\/alekeskus.eu\/et\/toode\/saun-82-liimpuitsein-alekeskus\/#primaryimage"},"image":{"@id":"https:\/\/alekeskus.eu\/et\/toode\/saun-82-liimpuitsein-alekeskus\/#primaryimage"},"thumbnailUrl":"https:\/\/alekeskus.eu\/wp-content\/uploads\/2025\/02\/Grace_Sauna_8.2_NATURAL_wb.jpg","datePublished":"2026-02-07T18:40:19+00:00","dateModified":"2026-02-14T18:58:33+00:00","description":"v\u00e4ike aiasaun pakettsuitsuklaasidega ja eesruumiga","breadcrumb":{"@id":"https:\/\/alekeskus.eu\/et\/toode\/saun-82-liimpuitsein-alekeskus\/#breadcrumb"},"inLanguage":"et","potentialAction":[{"@type":"ReadAction","target":["https:\/\/alekeskus.eu\/et\/toode\/saun-82-liimpuitsein-alekeskus\/"]}]},{"@type":"ImageObject","inLanguage":"et","@id":"https:\/\/alekeskus.eu\/et\/toode\/saun-82-liimpuitsein-alekeskus\/#primaryimage","url":"https:\/\/alekeskus.eu\/wp-content\/uploads\/2025\/02\/Grace_Sauna_8.2_NATURAL_wb.jpg","contentUrl":"https:\/\/alekeskus.eu\/wp-content\/uploads\/2025\/02\/Grace_Sauna_8.2_NATURAL_wb.jpg","width":1600,"height":1200},{"@type":"BreadcrumbList","@id":"https:\/\/alekeskus.eu\/et\/toode\/saun-82-liimpuitsein-alekeskus\/#breadcrumb","itemListElement":[{"@type":"ListItem","position":1,"name":"Avaleht","item":"https:\/\/alekeskus.eu\/et\/"},{"@type":"ListItem","position":2,"name":"Pood","item":"https:\/\/alekeskus.eu\/pood\/"},{"@type":"ListItem","position":3,"name":"Saun 8,2 m\u00b2 56 mm liimpuitsein, alumiiniumraamiga uks-aknad suitsuste pakettklaasidega"}]},{"@type":"WebSite","@id":"https:\/\/alekeskus.eu\/#website","url":"https:\/\/alekeskus.eu\/","name":"Alekeskus","description":"Alekeskus.eu","potentialAction":[{"@type":"SearchAction","target":{"@type":"EntryPoint","urlTemplate":"https:\/\/alekeskus.eu\/?s={search_term_string}"},"query-input":{"@type":"PropertyValueSpecification","valueRequired":true,"valueName":"search_term_string"}}],"inLanguage":"et"}]}},"brands":[{"id":18577,"name":"Eesti","slug":"eesti"}],"_links":{"self":[{"href":"https:\/\/alekeskus.eu\/et\/wp-json\/wp\/v2\/product\/89699","targetHints":{"allow":["GET"]}}],"collection":[{"href":"https:\/\/alekeskus.eu\/et\/wp-json\/wp\/v2\/product"}],"about":[{"href":"https:\/\/alekeskus.eu\/et\/wp-json\/wp\/v2\/types\/product"}],"wp:featuredmedia":[{"embeddable":true,"href":"https:\/\/alekeskus.eu\/et\/wp-json\/wp\/v2\/media\/89719"}],"wp:attachment":[{"href":"https:\/\/alekeskus.eu\/et\/wp-json\/wp\/v2\/media?parent=89699"}],"wp:term":[{"taxonomy":"pwb-brand","embeddable":true,"href":"https:\/\/alekeskus.eu\/et\/wp-json\/wp\/v2\/pwb-brand?post=89699"},{"taxonomy":"product_brand","embeddable":true,"href":"https:\/\/alekeskus.eu\/et\/wp-json\/wp\/v2\/product_brand?post=89699"},{"taxonomy":"product_cat","embeddable":true,"href":"https:\/\/alekeskus.eu\/et\/wp-json\/wp\/v2\/product_cat?post=89699"},{"taxonomy":"product_tag","embeddable":true,"href":"https:\/\/alekeskus.eu\/et\/wp-json\/wp\/v2\/product_tag?post=89699"}],"curies":[{"name":"wp","href":"https:\/\/api.w.org\/{rel}","templated":true}]}}