{"id":89781,"date":"2025-02-09T20:20:02","date_gmt":"2025-02-09T20:20:02","guid":{"rendered":"https:\/\/alekeskus.eu\/?post_type=product&#038;p=89781"},"modified":"2025-12-14T15:09:43","modified_gmt":"2025-12-14T15:09:43","slug":"freespalksuvila-cecily142-alekeskus","status":"publish","type":"product","link":"https:\/\/alekeskus.eu\/et\/toode\/freespalksuvila-cecily142-alekeskus\/","title":{"rendered":"Freespalksuvila Cecily 14,2m\u00b2 70mm sein, alumiiniumavat\u00e4ited pakettklaasidega"},"content":{"rendered":"<p>Paigaldusohje: <a href=\"https:\/\/alekeskus.eu\/wp-content\/uploads\/2025\/02\/Cecili_14.2_Slide_Plus-ohje.pdf\">Cecili_14.2_Slide_Plus ohje<\/a><\/p>\n","protected":false},"excerpt":{"rendered":"<p>V\u00e4lism\u00f5\u00f5dud:\u00a0<strong>5<\/strong><b>00 x 314 cm.<\/b><\/p>\n<p>Kaasaegne ja l\u00e4bim\u00f5eldud ruumikavaga freespalksuvila Cecily.<\/p>\n<p><strong>TASUTA VEDU JA MAHALAADIMINE (ka suursaartel)!<\/strong><\/p>\n<ul>\n<li>tuuletapiga freespalk\u00a0<strong>70 mm<\/strong><strong>,<\/strong> keermelatt-tormitugevdused<\/li>\n<li>madalama r\u00e4\u00e4sta k\u00f5rgus 239 ja katuse k\u00f5rgus 279 cm<\/li>\n<li>immutatud alusraam 45 x 70 mm ja 45 x 95 mm, punnitud p\u00f5randalauad 28 x 114 mm<\/li>\n<li>silinderlukkudega puidust siseuks 84 x 202 cm ja alumiiniumraamiga pakettklaasiga v\u00e4lisuks 99 x 205 cm<\/li>\n<li>silinderlukkudega alumiiniumraamiga pakettklaasiga liuguksed 2 tk 187 x 205 cm<\/li>\n<li>alumiiniumraamiga pakettklaasiga avatav aken 60 x 60 cm<\/li>\n<li>eesr\u00e4\u00e4stas 93 cm<\/li>\n<li>katuse pindala 29 m\u00b2 ja kalle 3\u00ba, katusetalad 44 x 140 mm, punnitud katuselauad 19 mm, r\u00e4\u00e4staplekid<\/li>\n<li>katusekate ei sisaldu hinnas (tarve 5 rulli SBS-bituumenkatet)<\/li>\n<li>v\u00f5resein 2 tk 60 x 210 cm<\/li>\n<li>kinnitusvahendid ja p\u00fcstitusjuhend<\/li>\n<li>tehase\u00a0garantii 5 aastat<strong>\u00a0<\/strong><\/li>\n<li>Eesti toode<\/li>\n<li>ilmastikukindel pakend<\/li>\n<\/ul>\n<p>K\u00fcsi ka paigaldust!<\/p>\n","protected":false},"featured_media":89793,"template":"","meta":{"_monsterinsights_skip_tracking":false,"_monsterinsights_sitenote_active":false,"_monsterinsights_sitenote_note":"","_monsterinsights_sitenote_category":0},"pwb-brand":[18577],"product_brand":[],"product_cat":[17182,13592,13540,13604,13608,13610],"product_tag":[13970,17866,13999,17869,14252,18386,15276,18565,13813,15285,13831,13864,17390,13913],"class_list":{"0":"post-89781","1":"product","2":"type-product","3":"status-publish","4":"has-post-thumbnail","6":"pwb-brand-eesti","7":"product_cat-suvekoogid-alekeskus","8":"product_cat-aia-ja-grillmajad","9":"product_cat-hooned-alekeskus","10":"product_cat-saunad","11":"product_cat-kontorid","12":"product_cat-suvilad","13":"product_tag-suvila","14":"product_tag-hirsimokki","15":"product_tag-hoylahirsi","16":"product_tag-rannasaun","17":"product_tag-suvemaja","18":"product_tag-palmako-mokki","19":"product_tag-pihatoimisto","20":"product_tag-etatyotila-2","21":"product_tag-aiamaja","22":"product_tag-kesamokki","23":"product_tag-mokki","24":"product_tag-huvimaja","25":"product_tag-freespalksuvila","26":"product_tag-vierasmaja","27":"product_shipping_class-tasuta-transport-alates-1000kg","28":"pa_garantii-5-aastat","29":"pa_kohaletoimetamine-tasuta-mandri-eestis-ja-suursaartel-soome-alates-699e","30":"pa_laoasukoht-tartumaa","31":"pa_pindalam-15370","32":"pa_seinapaksus-70-mm-2","33":"pa_tellimisaeg-6-nadalat","35":"first","36":"instock","37":"taxable","38":"shipping-taxable","39":"purchasable","40":"product-type-simple"},"yoast_head":"<!-- This site is optimized with the Yoast SEO plugin v27.3 - https:\/\/yoast.com\/product\/yoast-seo-wordpress\/ -->\n<title>Freespalksuvila Cecily 14,2m\u00b2 70mm sein, alumiiniumavat\u00e4ited pakettklaasidega - Alekeskus<\/title>\n<meta name=\"description\" content=\"kaasaegne freespalksuvila\" \/>\n<meta name=\"robots\" content=\"index, follow, max-snippet:-1, max-image-preview:large, max-video-preview:-1\" \/>\n<link rel=\"canonical\" href=\"https:\/\/alekeskus.eu\/toode\/freespalksuvila-cecily142-alekeskus\/\" \/>\n<meta property=\"og:locale\" content=\"et_EE\" \/>\n<meta property=\"og:type\" content=\"article\" \/>\n<meta property=\"og:title\" content=\"Freespalksuvila Cecily 14,2m\u00b2 70mm sein, alumiiniumavat\u00e4ited pakettklaasidega - Alekeskus\" \/>\n<meta property=\"og:description\" content=\"kaasaegne freespalksuvila\" \/>\n<meta property=\"og:url\" content=\"https:\/\/alekeskus.eu\/toode\/freespalksuvila-cecily142-alekeskus\/\" \/>\n<meta property=\"og:site_name\" content=\"Alekeskus\" \/>\n<meta property=\"article:modified_time\" content=\"2025-12-14T15:09:43+00:00\" \/>\n<meta property=\"og:image\" content=\"https:\/\/alekeskus.eu\/wp-content\/uploads\/2025\/02\/Cecilia_14.2_NATURAL_wb.jpg\" \/>\n\t<meta property=\"og:image:width\" content=\"2500\" \/>\n\t<meta property=\"og:image:height\" content=\"1875\" \/>\n\t<meta property=\"og:image:type\" content=\"image\/jpeg\" \/>\n<meta name=\"twitter:card\" content=\"summary_large_image\" \/>\n<meta name=\"twitter:label1\" content=\"Est. reading time\" \/>\n\t<meta name=\"twitter:data1\" content=\"1 minut\" \/>\n<script type=\"application\/ld+json\" class=\"yoast-schema-graph\">{\"@context\":\"https:\\\/\\\/schema.org\",\"@graph\":[{\"@type\":\"WebPage\",\"@id\":\"https:\\\/\\\/alekeskus.eu\\\/toode\\\/freespalksuvila-cecily142-alekeskus\\\/\",\"url\":\"https:\\\/\\\/alekeskus.eu\\\/toode\\\/freespalksuvila-cecily142-alekeskus\\\/\",\"name\":\"Freespalksuvila Cecily 14,2m\u00b2 70mm sein, alumiiniumavat\u00e4ited pakettklaasidega - Alekeskus\",\"isPartOf\":{\"@id\":\"https:\\\/\\\/alekeskus.eu\\\/#website\"},\"primaryImageOfPage\":{\"@id\":\"https:\\\/\\\/alekeskus.eu\\\/toode\\\/freespalksuvila-cecily142-alekeskus\\\/#primaryimage\"},\"image\":{\"@id\":\"https:\\\/\\\/alekeskus.eu\\\/toode\\\/freespalksuvila-cecily142-alekeskus\\\/#primaryimage\"},\"thumbnailUrl\":\"https:\\\/\\\/alekeskus.eu\\\/wp-content\\\/uploads\\\/2025\\\/02\\\/Cecilia_14.2_NATURAL_wb.jpg\",\"datePublished\":\"2025-02-09T20:20:02+00:00\",\"dateModified\":\"2025-12-14T15:09:43+00:00\",\"description\":\"kaasaegne freespalksuvila\",\"breadcrumb\":{\"@id\":\"https:\\\/\\\/alekeskus.eu\\\/toode\\\/freespalksuvila-cecily142-alekeskus\\\/#breadcrumb\"},\"inLanguage\":\"et\",\"potentialAction\":[{\"@type\":\"ReadAction\",\"target\":[\"https:\\\/\\\/alekeskus.eu\\\/toode\\\/freespalksuvila-cecily142-alekeskus\\\/\"]}]},{\"@type\":\"ImageObject\",\"inLanguage\":\"et\",\"@id\":\"https:\\\/\\\/alekeskus.eu\\\/toode\\\/freespalksuvila-cecily142-alekeskus\\\/#primaryimage\",\"url\":\"https:\\\/\\\/alekeskus.eu\\\/wp-content\\\/uploads\\\/2025\\\/02\\\/Cecilia_14.2_NATURAL_wb.jpg\",\"contentUrl\":\"https:\\\/\\\/alekeskus.eu\\\/wp-content\\\/uploads\\\/2025\\\/02\\\/Cecilia_14.2_NATURAL_wb.jpg\",\"width\":1600,\"height\":1200},{\"@type\":\"BreadcrumbList\",\"@id\":\"https:\\\/\\\/alekeskus.eu\\\/toode\\\/freespalksuvila-cecily142-alekeskus\\\/#breadcrumb\",\"itemListElement\":[{\"@type\":\"ListItem\",\"position\":1,\"name\":\"Avaleht\",\"item\":\"https:\\\/\\\/alekeskus.eu\\\/et\\\/\"},{\"@type\":\"ListItem\",\"position\":2,\"name\":\"Pood\",\"item\":\"https:\\\/\\\/alekeskus.eu\\\/pood\\\/\"},{\"@type\":\"ListItem\",\"position\":3,\"name\":\"Freespalksuvila Cecily 14,2m\u00b2 70mm sein, alumiiniumavat\u00e4ited pakettklaasidega\"}]},{\"@type\":\"WebSite\",\"@id\":\"https:\\\/\\\/alekeskus.eu\\\/#website\",\"url\":\"https:\\\/\\\/alekeskus.eu\\\/\",\"name\":\"Alekeskus\",\"description\":\"Alekeskus.eu\",\"potentialAction\":[{\"@type\":\"SearchAction\",\"target\":{\"@type\":\"EntryPoint\",\"urlTemplate\":\"https:\\\/\\\/alekeskus.eu\\\/?s={search_term_string}\"},\"query-input\":{\"@type\":\"PropertyValueSpecification\",\"valueRequired\":true,\"valueName\":\"search_term_string\"}}],\"inLanguage\":\"et\"}]}<\/script>\n<!-- \/ Yoast SEO plugin. -->","yoast_head_json":{"title":"Freespalksuvila Cecily 14,2m\u00b2 70mm sein, alumiiniumavat\u00e4ited pakettklaasidega - Alekeskus","description":"kaasaegne freespalksuvila","robots":{"index":"index","follow":"follow","max-snippet":"max-snippet:-1","max-image-preview":"max-image-preview:large","max-video-preview":"max-video-preview:-1"},"canonical":"https:\/\/alekeskus.eu\/toode\/freespalksuvila-cecily142-alekeskus\/","og_locale":"et_EE","og_type":"article","og_title":"Freespalksuvila Cecily 14,2m\u00b2 70mm sein, alumiiniumavat\u00e4ited pakettklaasidega - Alekeskus","og_description":"kaasaegne freespalksuvila","og_url":"https:\/\/alekeskus.eu\/toode\/freespalksuvila-cecily142-alekeskus\/","og_site_name":"Alekeskus","article_modified_time":"2025-12-14T15:09:43+00:00","og_image":[{"width":2500,"height":1875,"url":"https:\/\/alekeskus.eu\/wp-content\/uploads\/2025\/02\/Cecilia_14.2_NATURAL_wb.jpg","type":"image\/jpeg"}],"twitter_card":"summary_large_image","twitter_misc":{"Est. reading time":"1 minut"},"schema":{"@context":"https:\/\/schema.org","@graph":[{"@type":"WebPage","@id":"https:\/\/alekeskus.eu\/toode\/freespalksuvila-cecily142-alekeskus\/","url":"https:\/\/alekeskus.eu\/toode\/freespalksuvila-cecily142-alekeskus\/","name":"Freespalksuvila Cecily 14,2m\u00b2 70mm sein, alumiiniumavat\u00e4ited pakettklaasidega - Alekeskus","isPartOf":{"@id":"https:\/\/alekeskus.eu\/#website"},"primaryImageOfPage":{"@id":"https:\/\/alekeskus.eu\/toode\/freespalksuvila-cecily142-alekeskus\/#primaryimage"},"image":{"@id":"https:\/\/alekeskus.eu\/toode\/freespalksuvila-cecily142-alekeskus\/#primaryimage"},"thumbnailUrl":"https:\/\/alekeskus.eu\/wp-content\/uploads\/2025\/02\/Cecilia_14.2_NATURAL_wb.jpg","datePublished":"2025-02-09T20:20:02+00:00","dateModified":"2025-12-14T15:09:43+00:00","description":"kaasaegne freespalksuvila","breadcrumb":{"@id":"https:\/\/alekeskus.eu\/toode\/freespalksuvila-cecily142-alekeskus\/#breadcrumb"},"inLanguage":"et","potentialAction":[{"@type":"ReadAction","target":["https:\/\/alekeskus.eu\/toode\/freespalksuvila-cecily142-alekeskus\/"]}]},{"@type":"ImageObject","inLanguage":"et","@id":"https:\/\/alekeskus.eu\/toode\/freespalksuvila-cecily142-alekeskus\/#primaryimage","url":"https:\/\/alekeskus.eu\/wp-content\/uploads\/2025\/02\/Cecilia_14.2_NATURAL_wb.jpg","contentUrl":"https:\/\/alekeskus.eu\/wp-content\/uploads\/2025\/02\/Cecilia_14.2_NATURAL_wb.jpg","width":1600,"height":1200},{"@type":"BreadcrumbList","@id":"https:\/\/alekeskus.eu\/toode\/freespalksuvila-cecily142-alekeskus\/#breadcrumb","itemListElement":[{"@type":"ListItem","position":1,"name":"Avaleht","item":"https:\/\/alekeskus.eu\/et\/"},{"@type":"ListItem","position":2,"name":"Pood","item":"https:\/\/alekeskus.eu\/pood\/"},{"@type":"ListItem","position":3,"name":"Freespalksuvila Cecily 14,2m\u00b2 70mm sein, alumiiniumavat\u00e4ited pakettklaasidega"}]},{"@type":"WebSite","@id":"https:\/\/alekeskus.eu\/#website","url":"https:\/\/alekeskus.eu\/","name":"Alekeskus","description":"Alekeskus.eu","potentialAction":[{"@type":"SearchAction","target":{"@type":"EntryPoint","urlTemplate":"https:\/\/alekeskus.eu\/?s={search_term_string}"},"query-input":{"@type":"PropertyValueSpecification","valueRequired":true,"valueName":"search_term_string"}}],"inLanguage":"et"}]}},"brands":[{"id":18577,"name":"Eesti","slug":"eesti"}],"_links":{"self":[{"href":"https:\/\/alekeskus.eu\/et\/wp-json\/wp\/v2\/product\/89781","targetHints":{"allow":["GET"]}}],"collection":[{"href":"https:\/\/alekeskus.eu\/et\/wp-json\/wp\/v2\/product"}],"about":[{"href":"https:\/\/alekeskus.eu\/et\/wp-json\/wp\/v2\/types\/product"}],"wp:featuredmedia":[{"embeddable":true,"href":"https:\/\/alekeskus.eu\/et\/wp-json\/wp\/v2\/media\/89793"}],"wp:attachment":[{"href":"https:\/\/alekeskus.eu\/et\/wp-json\/wp\/v2\/media?parent=89781"}],"wp:term":[{"taxonomy":"pwb-brand","embeddable":true,"href":"https:\/\/alekeskus.eu\/et\/wp-json\/wp\/v2\/pwb-brand?post=89781"},{"taxonomy":"product_brand","embeddable":true,"href":"https:\/\/alekeskus.eu\/et\/wp-json\/wp\/v2\/product_brand?post=89781"},{"taxonomy":"product_cat","embeddable":true,"href":"https:\/\/alekeskus.eu\/et\/wp-json\/wp\/v2\/product_cat?post=89781"},{"taxonomy":"product_tag","embeddable":true,"href":"https:\/\/alekeskus.eu\/et\/wp-json\/wp\/v2\/product_tag?post=89781"}],"curies":[{"name":"wp","href":"https:\/\/api.w.org\/{rel}","templated":true}]}}