{"id":90400,"date":"2025-02-20T14:37:45","date_gmt":"2025-02-20T14:37:45","guid":{"rendered":"https:\/\/alekeskus.eu\/?post_type=product&#038;p=90400"},"modified":"2026-01-22T20:15:45","modified_gmt":"2026-01-22T20:15:45","slug":"aiamaja-ireen-19-332-alekeskus","status":"publish","type":"product","link":"https:\/\/alekeskus.eu\/et\/toode\/aiamaja-ireen-19-332-alekeskus\/","title":{"rendered":"Aiamaja Ireen 19 m\u00b2 + katusealune 33,2 m\u00b2"},"content":{"rendered":"<p>Paigaldusohje: <a href=\"https:\/\/alekeskus.eu\/wp-content\/uploads\/2025\/02\/Irene_19.0_kit_FR44-3857-16.pdf\">Irene_19.0_kit_FR44-3857-16<\/a><\/p>\n<div class=\"pictogram qtip-additional-element\">\n<div class=\"description\">\n<div class=\"pictogram qtip-additional-element\">\n<div class=\"image\">\n<div class=\"pictogram qtip-additional-element\">\n<div class=\"image\"><\/div>\n<\/div>\n<\/div>\n<\/div>\n<\/div>\n<\/div>\n","protected":false},"excerpt":{"rendered":"<p>V\u00e4lism\u00f5\u00f5dud: <strong>9,56 x 5,5 m. <\/strong>Harja k\u00f5rgus<strong>\u00a0316 cm,\u00a0<\/strong>seina k\u00f5rgus<strong>\u00a0222 cm.\u00a0<\/strong><\/p>\n<p><strong>TASUTA VEDU JA MAHALAADIMINE(ka suursaartel)!<\/strong><\/p>\n<ul>\n<li>tuuletapiga\u00a0<strong>freespalk<\/strong>\u00a0<strong>44\u00a0mm,<\/strong>\u00a0tormikinnitused<\/li>\n<li>r\u00e4\u00e4stad 32 cm, katuse kalle 17\u00b0, katuse pindala 64 m<sup>2<\/sup><\/li>\n<li>punniga katuselauad 19 x 89 mm, liimpuidust katusetalad 44 x 195 mm ja 60 x 160 mm<\/li>\n<li>liimpuidust ukselengiga ja pakettklaasiga paarisuks 114 x 186 cm(ava koos k\u00fcljeakendega 239 x 196 cm) ja uks 73 x 175 cm, madalad metalliga kaetud k\u00fcnnised, silinderlukud<\/li>\n<li>pakettklaasiga aken 119 x 86 cm p\u00f6\u00f6rd-ja kaldavanemisega ja tilganinaga<\/li>\n<li>immutatud sokliprussid 80 x 60 mm, punnitud p\u00f5randalauad 19 mm<\/li>\n<li>liimpuidust katusealuse postid 120 x 120 mm<\/li>\n<li>katusekate lisahinnaga(tarve 24 pakki bituumensindlit, 10 rulli ajutist katusepappi v\u00f5i kestvat SBS-bituumenkatet)<\/li>\n<li>tellitav puidukaitsevahendisse kastetuna +1800\u20ac (pruun, hall v\u00f5i valkjas)<strong><img decoding=\"async\" class=\"\" src=\"https:\/\/www.palmako.ee\/sites\/default\/files\/styles\/product_list_item\/public\/2020-06\/BNDIP.jpg?itok=_LQkkeHM\" width=\"66\" height=\"66\" \/><img decoding=\"async\" class=\"\" src=\"https:\/\/www.palmako.ee\/sites\/default\/files\/styles\/product_list_item\/public\/2020-06\/GYDIP.jpg?itok=RrYf7KTV\" width=\"66\" height=\"66\" \/><img decoding=\"async\" class=\"\" src=\"https:\/\/www.palmako.ee\/sites\/default\/files\/styles\/product_list_item\/public\/2020-06\/WTDIP.jpg?itok=D9U46coI\" width=\"67\" height=\"67\" \/> \u00a0<\/strong>v\u00f5i v\u00e4ljast v\u00e4rvituna +3300\u20ac, tellimisaeg 2-4 n\u00e4dalat pikem<\/li>\n<li>tehase garantii 5 aastat<\/li>\n<li>kinnitusvahendid, koostejuhend<\/li>\n<li>peegelpildis paigaldatav<\/li>\n<li>ilmastikukindel pakend<\/li>\n<li>Eesti toode<\/li>\n<\/ul>\n<p>K\u00fcsi ka paigaldust!<\/p>\n","protected":false},"featured_media":90452,"template":"","meta":{"_monsterinsights_skip_tracking":false,"_monsterinsights_sitenote_active":false,"_monsterinsights_sitenote_note":"","_monsterinsights_sitenote_category":0},"pwb-brand":[18577],"product_brand":[],"product_cat":[17182,13592,13540,13596,13600,13604,13608,13610],"product_tag":[18188,14266,14997,18478,15272,13813,13816,13831,17388,18883,18896,13913,13994],"class_list":{"0":"post-90400","1":"product","2":"type-product","3":"status-publish","4":"has-post-thumbnail","6":"pwb-brand-eesti","7":"product_cat-suvekoogid-alekeskus","8":"product_cat-aia-ja-grillmajad","9":"product_cat-hooned-alekeskus","10":"product_cat-varjualused-talveaiad-alekeskus","11":"product_cat-kuurid-aidad-kioskid","12":"product_cat-saunad","13":"product_cat-kontorid","14":"product_cat-suvilad","15":"product_tag-freespalksaun","16":"product_tag-katusealune","17":"product_tag-saun","18":"product_tag-kesahuone","19":"product_tag-palksaun","20":"product_tag-aiamaja","21":"product_tag-peomaja","22":"product_tag-mokki","23":"product_tag-saunamaja","24":"product_tag-katusealusega-aiamaja","25":"product_tag-varjualusega-aiamaja","26":"product_tag-vierasmaja","27":"product_tag-katos","28":"product_shipping_class-tasuta-transport-alates-1000kg","29":"pa_garantii-5-aastat","30":"pa_kohaletoimetamine-tasuta-mandri-eestis-ja-suursaartel-soome-alates-699e","31":"pa_laoasukoht-tartumaa","32":"pa_pindalam-18607","33":"pa_seinapaksus-17405","34":"pa_tellimisaeg-kuni-4-nadalat","35":"pa_varv-hallikas-puidukaitse","36":"pa_varv-valkjas-puidukaitse","37":"pa_varv-helehall-sein-mustad-avataited-ja-liistud","38":"pa_varv-tumehall-sein-mustad-avataited-ja-liistud","39":"pa_varv-helehall-sein-valged-avataited-liistud","40":"pa_varv-tumehall-sein-valged-avataited-ja-liistud-alekeskus","41":"pa_varv-viimistlemata","42":"pa_varv-pruunikas-puidukaitse","43":"pa_veame-eesti-ja-soome","45":"first","46":"instock","47":"featured","48":"taxable","49":"shipping-taxable","50":"purchasable","51":"product-type-variable","52":"has-default-attributes"},"yoast_head":"<!-- This site is optimized with the Yoast SEO plugin v27.3 - https:\/\/yoast.com\/product\/yoast-seo-wordpress\/ -->\n<title>Aiamaja Ireen 19 m\u00b2 + katusealune 33,2 m\u00b2 - Alekeskus<\/title>\n<meta name=\"description\" content=\"Aiamaja l\u00f5\u00f5gastava katusealusega.\" \/>\n<meta name=\"robots\" content=\"index, follow, max-snippet:-1, max-image-preview:large, max-video-preview:-1\" \/>\n<link rel=\"canonical\" href=\"https:\/\/alekeskus.eu\/et\/toode\/aiamaja-ireen-19-332-alekeskus\/\" \/>\n<meta property=\"og:locale\" content=\"et_EE\" \/>\n<meta property=\"og:type\" content=\"article\" \/>\n<meta property=\"og:title\" content=\"Aiamaja Ireen 19 m\u00b2 + katusealune 33,2 m\u00b2 - Alekeskus\" \/>\n<meta property=\"og:description\" content=\"Aiamaja l\u00f5\u00f5gastava katusealusega.\" \/>\n<meta property=\"og:url\" content=\"https:\/\/alekeskus.eu\/et\/toode\/aiamaja-ireen-19-332-alekeskus\/\" \/>\n<meta property=\"og:site_name\" content=\"Alekeskus\" \/>\n<meta property=\"article:modified_time\" content=\"2026-01-22T20:15:45+00:00\" \/>\n<meta property=\"og:image\" content=\"https:\/\/alekeskus.eu\/wp-content\/uploads\/2025\/02\/Irene_19.033.2_NATURAL_wb.jpg\" \/>\n\t<meta property=\"og:image:width\" content=\"1600\" \/>\n\t<meta property=\"og:image:height\" content=\"1200\" \/>\n\t<meta property=\"og:image:type\" content=\"image\/jpeg\" \/>\n<meta name=\"twitter:card\" content=\"summary_large_image\" \/>\n<meta name=\"twitter:label1\" content=\"Est. reading time\" \/>\n\t<meta name=\"twitter:data1\" content=\"1 minut\" \/>\n<script type=\"application\/ld+json\" class=\"yoast-schema-graph\">{\"@context\":\"https:\\\/\\\/schema.org\",\"@graph\":[{\"@type\":\"WebPage\",\"@id\":\"https:\\\/\\\/alekeskus.eu\\\/et\\\/toode\\\/aiamaja-ireen-19-332-alekeskus\\\/\",\"url\":\"https:\\\/\\\/alekeskus.eu\\\/et\\\/toode\\\/aiamaja-ireen-19-332-alekeskus\\\/\",\"name\":\"Aiamaja Ireen 19 m\u00b2 + katusealune 33,2 m\u00b2 - Alekeskus\",\"isPartOf\":{\"@id\":\"https:\\\/\\\/alekeskus.eu\\\/#website\"},\"primaryImageOfPage\":{\"@id\":\"https:\\\/\\\/alekeskus.eu\\\/et\\\/toode\\\/aiamaja-ireen-19-332-alekeskus\\\/#primaryimage\"},\"image\":{\"@id\":\"https:\\\/\\\/alekeskus.eu\\\/et\\\/toode\\\/aiamaja-ireen-19-332-alekeskus\\\/#primaryimage\"},\"thumbnailUrl\":\"https:\\\/\\\/alekeskus.eu\\\/wp-content\\\/uploads\\\/2025\\\/02\\\/Irene_19.033.2_NATURAL_wb.jpg\",\"datePublished\":\"2025-02-20T14:37:45+00:00\",\"dateModified\":\"2026-01-22T20:15:45+00:00\",\"description\":\"Aiamaja l\u00f5\u00f5gastava katusealusega.\",\"breadcrumb\":{\"@id\":\"https:\\\/\\\/alekeskus.eu\\\/et\\\/toode\\\/aiamaja-ireen-19-332-alekeskus\\\/#breadcrumb\"},\"inLanguage\":\"et\",\"potentialAction\":[{\"@type\":\"ReadAction\",\"target\":[\"https:\\\/\\\/alekeskus.eu\\\/et\\\/toode\\\/aiamaja-ireen-19-332-alekeskus\\\/\"]}]},{\"@type\":\"ImageObject\",\"inLanguage\":\"et\",\"@id\":\"https:\\\/\\\/alekeskus.eu\\\/et\\\/toode\\\/aiamaja-ireen-19-332-alekeskus\\\/#primaryimage\",\"url\":\"https:\\\/\\\/alekeskus.eu\\\/wp-content\\\/uploads\\\/2025\\\/02\\\/Irene_19.033.2_NATURAL_wb.jpg\",\"contentUrl\":\"https:\\\/\\\/alekeskus.eu\\\/wp-content\\\/uploads\\\/2025\\\/02\\\/Irene_19.033.2_NATURAL_wb.jpg\",\"width\":1600,\"height\":1200},{\"@type\":\"BreadcrumbList\",\"@id\":\"https:\\\/\\\/alekeskus.eu\\\/et\\\/toode\\\/aiamaja-ireen-19-332-alekeskus\\\/#breadcrumb\",\"itemListElement\":[{\"@type\":\"ListItem\",\"position\":1,\"name\":\"Avaleht\",\"item\":\"https:\\\/\\\/alekeskus.eu\\\/et\\\/\"},{\"@type\":\"ListItem\",\"position\":2,\"name\":\"Pood\",\"item\":\"https:\\\/\\\/alekeskus.eu\\\/pood\\\/\"},{\"@type\":\"ListItem\",\"position\":3,\"name\":\"Aiamaja Ireen 19 m\u00b2 + katusealune 33,2 m\u00b2\"}]},{\"@type\":\"WebSite\",\"@id\":\"https:\\\/\\\/alekeskus.eu\\\/#website\",\"url\":\"https:\\\/\\\/alekeskus.eu\\\/\",\"name\":\"Alekeskus\",\"description\":\"Alekeskus.eu\",\"potentialAction\":[{\"@type\":\"SearchAction\",\"target\":{\"@type\":\"EntryPoint\",\"urlTemplate\":\"https:\\\/\\\/alekeskus.eu\\\/?s={search_term_string}\"},\"query-input\":{\"@type\":\"PropertyValueSpecification\",\"valueRequired\":true,\"valueName\":\"search_term_string\"}}],\"inLanguage\":\"et\"}]}<\/script>\n<!-- \/ Yoast SEO plugin. -->","yoast_head_json":{"title":"Aiamaja Ireen 19 m\u00b2 + katusealune 33,2 m\u00b2 - Alekeskus","description":"Aiamaja l\u00f5\u00f5gastava katusealusega.","robots":{"index":"index","follow":"follow","max-snippet":"max-snippet:-1","max-image-preview":"max-image-preview:large","max-video-preview":"max-video-preview:-1"},"canonical":"https:\/\/alekeskus.eu\/et\/toode\/aiamaja-ireen-19-332-alekeskus\/","og_locale":"et_EE","og_type":"article","og_title":"Aiamaja Ireen 19 m\u00b2 + katusealune 33,2 m\u00b2 - Alekeskus","og_description":"Aiamaja l\u00f5\u00f5gastava katusealusega.","og_url":"https:\/\/alekeskus.eu\/et\/toode\/aiamaja-ireen-19-332-alekeskus\/","og_site_name":"Alekeskus","article_modified_time":"2026-01-22T20:15:45+00:00","og_image":[{"width":1600,"height":1200,"url":"https:\/\/alekeskus.eu\/wp-content\/uploads\/2025\/02\/Irene_19.033.2_NATURAL_wb.jpg","type":"image\/jpeg"}],"twitter_card":"summary_large_image","twitter_misc":{"Est. reading time":"1 minut"},"schema":{"@context":"https:\/\/schema.org","@graph":[{"@type":"WebPage","@id":"https:\/\/alekeskus.eu\/et\/toode\/aiamaja-ireen-19-332-alekeskus\/","url":"https:\/\/alekeskus.eu\/et\/toode\/aiamaja-ireen-19-332-alekeskus\/","name":"Aiamaja Ireen 19 m\u00b2 + katusealune 33,2 m\u00b2 - Alekeskus","isPartOf":{"@id":"https:\/\/alekeskus.eu\/#website"},"primaryImageOfPage":{"@id":"https:\/\/alekeskus.eu\/et\/toode\/aiamaja-ireen-19-332-alekeskus\/#primaryimage"},"image":{"@id":"https:\/\/alekeskus.eu\/et\/toode\/aiamaja-ireen-19-332-alekeskus\/#primaryimage"},"thumbnailUrl":"https:\/\/alekeskus.eu\/wp-content\/uploads\/2025\/02\/Irene_19.033.2_NATURAL_wb.jpg","datePublished":"2025-02-20T14:37:45+00:00","dateModified":"2026-01-22T20:15:45+00:00","description":"Aiamaja l\u00f5\u00f5gastava katusealusega.","breadcrumb":{"@id":"https:\/\/alekeskus.eu\/et\/toode\/aiamaja-ireen-19-332-alekeskus\/#breadcrumb"},"inLanguage":"et","potentialAction":[{"@type":"ReadAction","target":["https:\/\/alekeskus.eu\/et\/toode\/aiamaja-ireen-19-332-alekeskus\/"]}]},{"@type":"ImageObject","inLanguage":"et","@id":"https:\/\/alekeskus.eu\/et\/toode\/aiamaja-ireen-19-332-alekeskus\/#primaryimage","url":"https:\/\/alekeskus.eu\/wp-content\/uploads\/2025\/02\/Irene_19.033.2_NATURAL_wb.jpg","contentUrl":"https:\/\/alekeskus.eu\/wp-content\/uploads\/2025\/02\/Irene_19.033.2_NATURAL_wb.jpg","width":1600,"height":1200},{"@type":"BreadcrumbList","@id":"https:\/\/alekeskus.eu\/et\/toode\/aiamaja-ireen-19-332-alekeskus\/#breadcrumb","itemListElement":[{"@type":"ListItem","position":1,"name":"Avaleht","item":"https:\/\/alekeskus.eu\/et\/"},{"@type":"ListItem","position":2,"name":"Pood","item":"https:\/\/alekeskus.eu\/pood\/"},{"@type":"ListItem","position":3,"name":"Aiamaja Ireen 19 m\u00b2 + katusealune 33,2 m\u00b2"}]},{"@type":"WebSite","@id":"https:\/\/alekeskus.eu\/#website","url":"https:\/\/alekeskus.eu\/","name":"Alekeskus","description":"Alekeskus.eu","potentialAction":[{"@type":"SearchAction","target":{"@type":"EntryPoint","urlTemplate":"https:\/\/alekeskus.eu\/?s={search_term_string}"},"query-input":{"@type":"PropertyValueSpecification","valueRequired":true,"valueName":"search_term_string"}}],"inLanguage":"et"}]}},"brands":[{"id":18577,"name":"Eesti","slug":"eesti"}],"_links":{"self":[{"href":"https:\/\/alekeskus.eu\/et\/wp-json\/wp\/v2\/product\/90400","targetHints":{"allow":["GET"]}}],"collection":[{"href":"https:\/\/alekeskus.eu\/et\/wp-json\/wp\/v2\/product"}],"about":[{"href":"https:\/\/alekeskus.eu\/et\/wp-json\/wp\/v2\/types\/product"}],"wp:featuredmedia":[{"embeddable":true,"href":"https:\/\/alekeskus.eu\/et\/wp-json\/wp\/v2\/media\/90452"}],"wp:attachment":[{"href":"https:\/\/alekeskus.eu\/et\/wp-json\/wp\/v2\/media?parent=90400"}],"wp:term":[{"taxonomy":"pwb-brand","embeddable":true,"href":"https:\/\/alekeskus.eu\/et\/wp-json\/wp\/v2\/pwb-brand?post=90400"},{"taxonomy":"product_brand","embeddable":true,"href":"https:\/\/alekeskus.eu\/et\/wp-json\/wp\/v2\/product_brand?post=90400"},{"taxonomy":"product_cat","embeddable":true,"href":"https:\/\/alekeskus.eu\/et\/wp-json\/wp\/v2\/product_cat?post=90400"},{"taxonomy":"product_tag","embeddable":true,"href":"https:\/\/alekeskus.eu\/et\/wp-json\/wp\/v2\/product_tag?post=90400"}],"curies":[{"name":"wp","href":"https:\/\/api.w.org\/{rel}","templated":true}]}}