{"id":90719,"date":"2025-04-27T14:54:41","date_gmt":"2025-04-27T14:54:41","guid":{"rendered":"https:\/\/alekeskus.eu\/?post_type=product&#038;p=90719"},"modified":"2025-12-18T20:04:49","modified_gmt":"2025-12-18T20:04:49","slug":"aiamaja-amandus171-alumiiniumliugustega-alekeskus","status":"publish","type":"product","link":"https:\/\/alekeskus.eu\/et\/toode\/aiamaja-amandus171-alumiiniumliugustega-alekeskus\/","title":{"rendered":"Aiamaja Amandus 17,1 m\u00b2 alumiiniumliugustega"},"content":{"rendered":"<p><strong>Telli juurde:<\/strong><\/p>\n<p><strong>&#8211; SBS-bituumenrullkate 5 rulli<\/strong><\/p>\n<p><strong>&#8211; bituumensindel 10 pakki<\/strong><\/p>\n<p><strong>&#8211; tehases puidukaitsevahendisse kastetuna (pruunikas, hallikas v\u00f5i valkjas) v\u00f5i v\u00e4rvituna<br \/>\n<\/strong>\u00a0<img decoding=\"async\" src=\"http:\/\/pood.palmako.ee\/sites\/default\/files\/styles\/pictogram_thumbnail\/public\/field_pictogram_image\/pp25.png?itok=8xQVzSvW\" alt=\"\" \/>Pakendid:\u00a0 \u00a06,0 x 1,2 x 1,3 m; kaal 1670\u00a0 kg<\/p>\n<div class=\"pictogram qtip-additional-element\">\n<div class=\"description\">\n<div class=\"pictogram qtip-additional-element\">\n<div class=\"image\">\n<div class=\"pictogram qtip-additional-element\">\n<div>Paigaldusohje: <a href=\"https:\/\/alekeskus.eu\/wp-content\/uploads\/2025\/02\/Amanda_17.0_kit_FR44-6030-6-ohje.pdf\">Amanda_17.0_kit_FR44-6030-6 ohje<\/a><\/div>\n<div>\u00a0 \u00a0 \u00a0 \u00a0 \u00a0 \u00a0 \u00a0 \u00a0 \u00a0 \u00a0 \u00a0 \u00a0 \u00a0 \u00a0 <a href=\"https:\/\/alekeskus.eu\/wp-content\/uploads\/2025\/02\/Amanda-112-Sliding_door_Slide2_MLU54-3P5-7016.pdf\">Amanda 11,2 Sliding_door_Slide2_MLU54-3P5-7016<\/a><\/div>\n<div><\/div>\n<\/div>\n<div class=\"pictogram qtip-additional-element\">\n<div class=\"image\"><\/div>\n<\/div>\n<\/div>\n<\/div>\n<\/div>\n<\/div>\n","protected":false},"excerpt":{"rendered":"<p>V\u00e4lism\u00f5\u00f5dud: <strong>6,0 x 3,0 m<\/strong>.<\/p>\n<p><strong>TASUTA VEDU JA MAHALAADIMINE (ka suursaartel)!<\/strong><\/p>\n<ul>\n<li>r\u00e4\u00e4sta k\u00f5rgus 228 cm ja harja k\u00f5rgus 280 cm<\/li>\n<li><strong>44 mm<\/strong> tuuletappidega freespalksein siledate nurkadega; 70 x 70, 90 x 90 ja 120 x 120 mm nurgapostid<\/li>\n<li>silinderlukkudega ja <strong>alumiiniumraamidega liuguksed<\/strong> 1,8 x 1,9 m ja 2,8 x 1,9 m (tellitav pakettklaasidega +1500\u20ac)<\/li>\n<li>alumiiniumraamiga aken 100 x 178 cm<\/li>\n<li>immutatud alusraam 45 x 70 mm, punnitud p\u00f5randalauad 19 mm<\/li>\n<li>katuse pindala 24 m\u00b2 ja kalle 17\u00ba, r\u00e4\u00e4stas 20 cm<\/li>\n<li>katusep\u00e4rlinid 70 x 140 mm, punniga katuselauad 19 mm<\/li>\n<li>katusekate ei sisaldu hinnas (valikus SBS-bituumenkate 5 rulli v\u00f5i bituumensindel 10 pakki)<\/li>\n<li>tellitav puidukaitsevahendisse kastetuna +900\u20ac (pruun, hall v\u00f5i valkjas)<strong><img decoding=\"async\" class=\"\" src=\"https:\/\/www.palmako.ee\/sites\/default\/files\/styles\/product_list_item\/public\/2020-06\/BNDIP.jpg?itok=_LQkkeHM\" width=\"66\" height=\"66\" \/><img decoding=\"async\" class=\"\" src=\"https:\/\/www.palmako.ee\/sites\/default\/files\/styles\/product_list_item\/public\/2020-06\/GYDIP.jpg?itok=RrYf7KTV\" width=\"66\" height=\"66\" \/><img decoding=\"async\" class=\"\" src=\"https:\/\/www.palmako.ee\/sites\/default\/files\/styles\/product_list_item\/public\/2020-06\/WTDIP.jpg?itok=D9U46coI\" width=\"67\" height=\"67\" \/> <\/strong>v\u00f5i v\u00e4rvituna +1800\u20ac, tellimisaeg 2-4 n\u00e4dalat pikem<\/li>\n<li>5-aastane tehase garantii<\/li>\n<li>kinnitusvahendid ja koostejuhend<\/li>\n<li><strong>peegelpildis paigaldatav<\/strong><\/li>\n<li>Eesti toode<\/li>\n<li>vihmakindel pakend<\/li>\n<\/ul>\n<p>K\u00fcsi ka paigaldust!<\/p>\n","protected":false},"featured_media":90777,"template":"","meta":{"_monsterinsights_skip_tracking":false,"_monsterinsights_sitenote_active":false,"_monsterinsights_sitenote_note":"","_monsterinsights_sitenote_category":0},"pwb-brand":[18577],"product_brand":[],"product_cat":[17182,13592,13540,13600,13604,13608],"product_tag":[13976,18330,14224,14310,18466,15276,18478,18565,15543,13813,18638,18680,13913,18328],"class_list":{"0":"post-90719","1":"product","2":"type-product","3":"status-publish","4":"has-post-thumbnail","6":"pwb-brand-eesti","7":"product_cat-suvekoogid-alekeskus","8":"product_cat-aia-ja-grillmajad","9":"product_cat-hooned-alekeskus","10":"product_cat-kuurid-aidad-kioskid","11":"product_cat-saunad","12":"product_cat-kontorid","13":"product_tag-liukuovi","14":"product_tag-palmako-vierasmaja","15":"product_tag-varjualune","16":"product_tag-kodukontor","17":"product_tag-aiabaar","18":"product_tag-pihatoimisto","19":"product_tag-kesahuone","20":"product_tag-etatyotila-2","21":"product_tag-pihakatos","22":"product_tag-aiamaja","23":"product_tag-seiskari-2","24":"product_tag-alumiiniumliuguks","25":"product_tag-vierasmaja","26":"product_tag-pihabaari","27":"product_shipping_class-tasuta-transport-alates-1000kg","28":"pa_garantii-5-aastat","29":"pa_kohaletoimetamine-tasuta-mandri-eestis-ja-suursaartel-soome-alates-699e","30":"pa_laoasukoht-tartumaa","31":"pa_pindalam-18679","32":"pa_seinapaksus-17405","33":"pa_tellimisaeg-kuni-4-nadalat","34":"pa_varv-viimistlemata","35":"pa_varv-pruunikas-puidukaitse","36":"pa_varv-hallikas-puidukaitse","37":"pa_varv-valkjas-puidukaitse","38":"pa_varv-helehall-sein-mustad-avataited-ja-liistud","39":"pa_varv-tumehall-sein-mustad-avataited-ja-liistud","40":"pa_varv-valge","41":"pa_veame-eesti-ja-soome","43":"first","44":"instock","45":"taxable","46":"shipping-taxable","47":"purchasable","48":"product-type-variable","49":"has-default-attributes"},"yoast_head":"<!-- This site is optimized with the Yoast SEO plugin v27.3 - https:\/\/yoast.com\/product\/yoast-seo-wordpress\/ -->\n<title>Aiamaja Amandus 17,1 m\u00b2 alumiiniumliugustega - Alekeskus<\/title>\n<meta name=\"description\" content=\"alumiiniumliugustega aiamaja-suvek\u00f6\u00f6k\" \/>\n<meta name=\"robots\" content=\"index, follow, max-snippet:-1, max-image-preview:large, max-video-preview:-1\" \/>\n<link rel=\"canonical\" href=\"https:\/\/alekeskus.eu\/toode\/aiamaja-amandus171-alumiiniumliugustega-alekeskus\/\" \/>\n<meta property=\"og:locale\" content=\"et_EE\" \/>\n<meta property=\"og:type\" content=\"article\" \/>\n<meta property=\"og:title\" content=\"Aiamaja Amandus 17,1 m\u00b2 alumiiniumliugustega - Alekeskus\" \/>\n<meta property=\"og:description\" content=\"alumiiniumliugustega aiamaja-suvek\u00f6\u00f6k\" \/>\n<meta property=\"og:url\" content=\"https:\/\/alekeskus.eu\/toode\/aiamaja-amandus171-alumiiniumliugustega-alekeskus\/\" \/>\n<meta property=\"og:site_name\" content=\"Alekeskus\" \/>\n<meta property=\"article:modified_time\" content=\"2025-12-18T20:04:49+00:00\" \/>\n<meta property=\"og:image\" content=\"https:\/\/alekeskus.eu\/wp-content\/uploads\/2025\/02\/Amanda_Slide_17.1_NATURAL_wb-1024x1024.jpg\" \/>\n\t<meta property=\"og:image:width\" content=\"1024\" \/>\n\t<meta property=\"og:image:height\" content=\"1024\" \/>\n\t<meta property=\"og:image:type\" content=\"image\/jpeg\" \/>\n<meta name=\"twitter:card\" content=\"summary_large_image\" \/>\n<meta name=\"twitter:label1\" content=\"Est. reading time\" \/>\n\t<meta name=\"twitter:data1\" content=\"1 minut\" \/>\n<script type=\"application\/ld+json\" class=\"yoast-schema-graph\">{\"@context\":\"https:\\\/\\\/schema.org\",\"@graph\":[{\"@type\":\"WebPage\",\"@id\":\"https:\\\/\\\/alekeskus.eu\\\/toode\\\/aiamaja-amandus171-alumiiniumliugustega-alekeskus\\\/\",\"url\":\"https:\\\/\\\/alekeskus.eu\\\/toode\\\/aiamaja-amandus171-alumiiniumliugustega-alekeskus\\\/\",\"name\":\"Aiamaja Amandus 17,1 m\u00b2 alumiiniumliugustega - Alekeskus\",\"isPartOf\":{\"@id\":\"https:\\\/\\\/alekeskus.eu\\\/#website\"},\"primaryImageOfPage\":{\"@id\":\"https:\\\/\\\/alekeskus.eu\\\/toode\\\/aiamaja-amandus171-alumiiniumliugustega-alekeskus\\\/#primaryimage\"},\"image\":{\"@id\":\"https:\\\/\\\/alekeskus.eu\\\/toode\\\/aiamaja-amandus171-alumiiniumliugustega-alekeskus\\\/#primaryimage\"},\"thumbnailUrl\":\"https:\\\/\\\/alekeskus.eu\\\/wp-content\\\/uploads\\\/2025\\\/02\\\/Amanda_Slide_17.1_NATURAL_wb.jpg\",\"datePublished\":\"2025-04-27T14:54:41+00:00\",\"dateModified\":\"2025-12-18T20:04:49+00:00\",\"description\":\"alumiiniumliugustega aiamaja-suvek\u00f6\u00f6k\",\"breadcrumb\":{\"@id\":\"https:\\\/\\\/alekeskus.eu\\\/toode\\\/aiamaja-amandus171-alumiiniumliugustega-alekeskus\\\/#breadcrumb\"},\"inLanguage\":\"et\",\"potentialAction\":[{\"@type\":\"ReadAction\",\"target\":[\"https:\\\/\\\/alekeskus.eu\\\/toode\\\/aiamaja-amandus171-alumiiniumliugustega-alekeskus\\\/\"]}]},{\"@type\":\"ImageObject\",\"inLanguage\":\"et\",\"@id\":\"https:\\\/\\\/alekeskus.eu\\\/toode\\\/aiamaja-amandus171-alumiiniumliugustega-alekeskus\\\/#primaryimage\",\"url\":\"https:\\\/\\\/alekeskus.eu\\\/wp-content\\\/uploads\\\/2025\\\/02\\\/Amanda_Slide_17.1_NATURAL_wb.jpg\",\"contentUrl\":\"https:\\\/\\\/alekeskus.eu\\\/wp-content\\\/uploads\\\/2025\\\/02\\\/Amanda_Slide_17.1_NATURAL_wb.jpg\",\"width\":1600,\"height\":1200},{\"@type\":\"BreadcrumbList\",\"@id\":\"https:\\\/\\\/alekeskus.eu\\\/toode\\\/aiamaja-amandus171-alumiiniumliugustega-alekeskus\\\/#breadcrumb\",\"itemListElement\":[{\"@type\":\"ListItem\",\"position\":1,\"name\":\"Avaleht\",\"item\":\"https:\\\/\\\/alekeskus.eu\\\/et\\\/\"},{\"@type\":\"ListItem\",\"position\":2,\"name\":\"Pood\",\"item\":\"https:\\\/\\\/alekeskus.eu\\\/pood\\\/\"},{\"@type\":\"ListItem\",\"position\":3,\"name\":\"Aiamaja Amandus 17,1 m\u00b2 alumiiniumliugustega\"}]},{\"@type\":\"WebSite\",\"@id\":\"https:\\\/\\\/alekeskus.eu\\\/#website\",\"url\":\"https:\\\/\\\/alekeskus.eu\\\/\",\"name\":\"Alekeskus\",\"description\":\"Alekeskus.eu\",\"potentialAction\":[{\"@type\":\"SearchAction\",\"target\":{\"@type\":\"EntryPoint\",\"urlTemplate\":\"https:\\\/\\\/alekeskus.eu\\\/?s={search_term_string}\"},\"query-input\":{\"@type\":\"PropertyValueSpecification\",\"valueRequired\":true,\"valueName\":\"search_term_string\"}}],\"inLanguage\":\"et\"}]}<\/script>\n<!-- \/ Yoast SEO plugin. -->","yoast_head_json":{"title":"Aiamaja Amandus 17,1 m\u00b2 alumiiniumliugustega - Alekeskus","description":"alumiiniumliugustega aiamaja-suvek\u00f6\u00f6k","robots":{"index":"index","follow":"follow","max-snippet":"max-snippet:-1","max-image-preview":"max-image-preview:large","max-video-preview":"max-video-preview:-1"},"canonical":"https:\/\/alekeskus.eu\/toode\/aiamaja-amandus171-alumiiniumliugustega-alekeskus\/","og_locale":"et_EE","og_type":"article","og_title":"Aiamaja Amandus 17,1 m\u00b2 alumiiniumliugustega - Alekeskus","og_description":"alumiiniumliugustega aiamaja-suvek\u00f6\u00f6k","og_url":"https:\/\/alekeskus.eu\/toode\/aiamaja-amandus171-alumiiniumliugustega-alekeskus\/","og_site_name":"Alekeskus","article_modified_time":"2025-12-18T20:04:49+00:00","og_image":[{"width":1024,"height":1024,"url":"https:\/\/alekeskus.eu\/wp-content\/uploads\/2025\/02\/Amanda_Slide_17.1_NATURAL_wb-1024x1024.jpg","type":"image\/jpeg"}],"twitter_card":"summary_large_image","twitter_misc":{"Est. reading time":"1 minut"},"schema":{"@context":"https:\/\/schema.org","@graph":[{"@type":"WebPage","@id":"https:\/\/alekeskus.eu\/toode\/aiamaja-amandus171-alumiiniumliugustega-alekeskus\/","url":"https:\/\/alekeskus.eu\/toode\/aiamaja-amandus171-alumiiniumliugustega-alekeskus\/","name":"Aiamaja Amandus 17,1 m\u00b2 alumiiniumliugustega - Alekeskus","isPartOf":{"@id":"https:\/\/alekeskus.eu\/#website"},"primaryImageOfPage":{"@id":"https:\/\/alekeskus.eu\/toode\/aiamaja-amandus171-alumiiniumliugustega-alekeskus\/#primaryimage"},"image":{"@id":"https:\/\/alekeskus.eu\/toode\/aiamaja-amandus171-alumiiniumliugustega-alekeskus\/#primaryimage"},"thumbnailUrl":"https:\/\/alekeskus.eu\/wp-content\/uploads\/2025\/02\/Amanda_Slide_17.1_NATURAL_wb.jpg","datePublished":"2025-04-27T14:54:41+00:00","dateModified":"2025-12-18T20:04:49+00:00","description":"alumiiniumliugustega aiamaja-suvek\u00f6\u00f6k","breadcrumb":{"@id":"https:\/\/alekeskus.eu\/toode\/aiamaja-amandus171-alumiiniumliugustega-alekeskus\/#breadcrumb"},"inLanguage":"et","potentialAction":[{"@type":"ReadAction","target":["https:\/\/alekeskus.eu\/toode\/aiamaja-amandus171-alumiiniumliugustega-alekeskus\/"]}]},{"@type":"ImageObject","inLanguage":"et","@id":"https:\/\/alekeskus.eu\/toode\/aiamaja-amandus171-alumiiniumliugustega-alekeskus\/#primaryimage","url":"https:\/\/alekeskus.eu\/wp-content\/uploads\/2025\/02\/Amanda_Slide_17.1_NATURAL_wb.jpg","contentUrl":"https:\/\/alekeskus.eu\/wp-content\/uploads\/2025\/02\/Amanda_Slide_17.1_NATURAL_wb.jpg","width":1600,"height":1200},{"@type":"BreadcrumbList","@id":"https:\/\/alekeskus.eu\/toode\/aiamaja-amandus171-alumiiniumliugustega-alekeskus\/#breadcrumb","itemListElement":[{"@type":"ListItem","position":1,"name":"Avaleht","item":"https:\/\/alekeskus.eu\/et\/"},{"@type":"ListItem","position":2,"name":"Pood","item":"https:\/\/alekeskus.eu\/pood\/"},{"@type":"ListItem","position":3,"name":"Aiamaja Amandus 17,1 m\u00b2 alumiiniumliugustega"}]},{"@type":"WebSite","@id":"https:\/\/alekeskus.eu\/#website","url":"https:\/\/alekeskus.eu\/","name":"Alekeskus","description":"Alekeskus.eu","potentialAction":[{"@type":"SearchAction","target":{"@type":"EntryPoint","urlTemplate":"https:\/\/alekeskus.eu\/?s={search_term_string}"},"query-input":{"@type":"PropertyValueSpecification","valueRequired":true,"valueName":"search_term_string"}}],"inLanguage":"et"}]}},"brands":[{"id":18577,"name":"Eesti","slug":"eesti"}],"_links":{"self":[{"href":"https:\/\/alekeskus.eu\/et\/wp-json\/wp\/v2\/product\/90719","targetHints":{"allow":["GET"]}}],"collection":[{"href":"https:\/\/alekeskus.eu\/et\/wp-json\/wp\/v2\/product"}],"about":[{"href":"https:\/\/alekeskus.eu\/et\/wp-json\/wp\/v2\/types\/product"}],"wp:featuredmedia":[{"embeddable":true,"href":"https:\/\/alekeskus.eu\/et\/wp-json\/wp\/v2\/media\/90777"}],"wp:attachment":[{"href":"https:\/\/alekeskus.eu\/et\/wp-json\/wp\/v2\/media?parent=90719"}],"wp:term":[{"taxonomy":"pwb-brand","embeddable":true,"href":"https:\/\/alekeskus.eu\/et\/wp-json\/wp\/v2\/pwb-brand?post=90719"},{"taxonomy":"product_brand","embeddable":true,"href":"https:\/\/alekeskus.eu\/et\/wp-json\/wp\/v2\/product_brand?post=90719"},{"taxonomy":"product_cat","embeddable":true,"href":"https:\/\/alekeskus.eu\/et\/wp-json\/wp\/v2\/product_cat?post=90719"},{"taxonomy":"product_tag","embeddable":true,"href":"https:\/\/alekeskus.eu\/et\/wp-json\/wp\/v2\/product_tag?post=90719"}],"curies":[{"name":"wp","href":"https:\/\/api.w.org\/{rel}","templated":true}]}}