{"id":90817,"date":"2025-01-28T15:22:58","date_gmt":"2025-01-28T15:22:58","guid":{"rendered":"https:\/\/alekeskus.eu\/?post_type=product&#038;p=90817"},"modified":"2025-02-28T16:41:37","modified_gmt":"2025-02-28T16:41:37","slug":"kumblustunni-kaelatugi-alekeskus","status":"publish","type":"product","link":"https:\/\/alekeskus.eu\/et\/toode\/kumblustunni-kaelatugi-alekeskus\/","title":{"rendered":"K\u00fcmblust\u00fcnni kaelatugi"},"content":{"rendered":"","protected":false},"excerpt":{"rendered":"<p>Pehmendav kaelatugi 27 x 15 cm k\u00fcmblust\u00fcnnile.<\/p>\n<p>Tugi pehmendab k\u00fcmblust\u00fcnni \u00e4\u00e4re m\u00f5ju kaelale. Kinnitub 2 iminapaga.<\/p>\n<p>Saadaval Noarootsi laos ettehelistamisega 5015483. Soovi korral l\u00e4hetame pakiatomaati.<\/p>\n","protected":false},"featured_media":90819,"template":"","meta":{"_monsterinsights_skip_tracking":false,"_monsterinsights_sitenote_active":false,"_monsterinsights_sitenote_note":"","_monsterinsights_sitenote_category":0},"pwb-brand":[],"product_brand":[],"product_cat":[13582,13536],"product_tag":[18681,18682,18683,18684],"class_list":{"0":"post-90817","1":"product","2":"type-product","3":"status-publish","4":"has-post-thumbnail","6":"product_cat-tarvikud-saun-ja-kumblus","7":"product_cat-saun-ja-kumblus","8":"product_tag-peatugi","9":"product_tag-niskatuki","10":"product_tag-kaelatugi","11":"product_tag-kaelapehmendus","12":"product_shipping_class-pakiautomaat","13":"pa_laoasukoht-viljandimaa","14":"pa_laoasukoht-saadaval-paslepa-laos-5015483-alekeskus","16":"first","17":"instock","18":"taxable","19":"shipping-taxable","20":"purchasable","21":"product-type-simple"},"yoast_head":"<!-- This site is optimized with the Yoast SEO plugin v27.3 - https:\/\/yoast.com\/product\/yoast-seo-wordpress\/ -->\n<title>K\u00fcmblust\u00fcnni kaelatugi - Alekeskus<\/title>\n<meta name=\"description\" content=\"Kaelatugi k\u00fcmblust\u00fcnnile\" \/>\n<meta name=\"robots\" content=\"index, follow, max-snippet:-1, max-image-preview:large, max-video-preview:-1\" \/>\n<link rel=\"canonical\" href=\"https:\/\/alekeskus.eu\/toode\/kumblustunni-kaelatugi-alekeskus\/\" \/>\n<meta property=\"og:locale\" content=\"et_EE\" \/>\n<meta property=\"og:type\" content=\"article\" \/>\n<meta property=\"og:title\" content=\"K\u00fcmblust\u00fcnni kaelatugi - Alekeskus\" \/>\n<meta property=\"og:description\" content=\"Kaelatugi k\u00fcmblust\u00fcnnile\" \/>\n<meta property=\"og:url\" content=\"https:\/\/alekeskus.eu\/toode\/kumblustunni-kaelatugi-alekeskus\/\" \/>\n<meta property=\"og:site_name\" content=\"Alekeskus\" \/>\n<meta property=\"article:modified_time\" content=\"2025-02-28T16:41:37+00:00\" \/>\n<meta property=\"og:image\" content=\"https:\/\/alekeskus.eu\/wp-content\/uploads\/2025\/02\/peatugi.png\" \/>\n\t<meta property=\"og:image:width\" content=\"1000\" \/>\n\t<meta property=\"og:image:height\" content=\"1000\" \/>\n\t<meta property=\"og:image:type\" content=\"image\/png\" \/>\n<meta name=\"twitter:card\" content=\"summary_large_image\" \/>\n<meta name=\"twitter:label1\" content=\"Est. reading time\" \/>\n\t<meta name=\"twitter:data1\" content=\"1 minut\" \/>\n<script type=\"application\/ld+json\" class=\"yoast-schema-graph\">{\"@context\":\"https:\\\/\\\/schema.org\",\"@graph\":[{\"@type\":\"WebPage\",\"@id\":\"https:\\\/\\\/alekeskus.eu\\\/toode\\\/kumblustunni-kaelatugi-alekeskus\\\/\",\"url\":\"https:\\\/\\\/alekeskus.eu\\\/toode\\\/kumblustunni-kaelatugi-alekeskus\\\/\",\"name\":\"K\u00fcmblust\u00fcnni kaelatugi - Alekeskus\",\"isPartOf\":{\"@id\":\"https:\\\/\\\/alekeskus.eu\\\/#website\"},\"primaryImageOfPage\":{\"@id\":\"https:\\\/\\\/alekeskus.eu\\\/toode\\\/kumblustunni-kaelatugi-alekeskus\\\/#primaryimage\"},\"image\":{\"@id\":\"https:\\\/\\\/alekeskus.eu\\\/toode\\\/kumblustunni-kaelatugi-alekeskus\\\/#primaryimage\"},\"thumbnailUrl\":\"https:\\\/\\\/alekeskus.eu\\\/wp-content\\\/uploads\\\/2025\\\/02\\\/peatugi.png\",\"datePublished\":\"2025-01-28T15:22:58+00:00\",\"dateModified\":\"2025-02-28T16:41:37+00:00\",\"description\":\"Kaelatugi k\u00fcmblust\u00fcnnile\",\"breadcrumb\":{\"@id\":\"https:\\\/\\\/alekeskus.eu\\\/toode\\\/kumblustunni-kaelatugi-alekeskus\\\/#breadcrumb\"},\"inLanguage\":\"et\",\"potentialAction\":[{\"@type\":\"ReadAction\",\"target\":[\"https:\\\/\\\/alekeskus.eu\\\/toode\\\/kumblustunni-kaelatugi-alekeskus\\\/\"]}]},{\"@type\":\"ImageObject\",\"inLanguage\":\"et\",\"@id\":\"https:\\\/\\\/alekeskus.eu\\\/toode\\\/kumblustunni-kaelatugi-alekeskus\\\/#primaryimage\",\"url\":\"https:\\\/\\\/alekeskus.eu\\\/wp-content\\\/uploads\\\/2025\\\/02\\\/peatugi.png\",\"contentUrl\":\"https:\\\/\\\/alekeskus.eu\\\/wp-content\\\/uploads\\\/2025\\\/02\\\/peatugi.png\",\"width\":1000,\"height\":1000},{\"@type\":\"BreadcrumbList\",\"@id\":\"https:\\\/\\\/alekeskus.eu\\\/toode\\\/kumblustunni-kaelatugi-alekeskus\\\/#breadcrumb\",\"itemListElement\":[{\"@type\":\"ListItem\",\"position\":1,\"name\":\"Avaleht\",\"item\":\"https:\\\/\\\/alekeskus.eu\\\/et\\\/\"},{\"@type\":\"ListItem\",\"position\":2,\"name\":\"Pood\",\"item\":\"https:\\\/\\\/alekeskus.eu\\\/pood\\\/\"},{\"@type\":\"ListItem\",\"position\":3,\"name\":\"K\u00fcmblust\u00fcnni kaelatugi\"}]},{\"@type\":\"WebSite\",\"@id\":\"https:\\\/\\\/alekeskus.eu\\\/#website\",\"url\":\"https:\\\/\\\/alekeskus.eu\\\/\",\"name\":\"Alekeskus\",\"description\":\"Alekeskus.eu\",\"potentialAction\":[{\"@type\":\"SearchAction\",\"target\":{\"@type\":\"EntryPoint\",\"urlTemplate\":\"https:\\\/\\\/alekeskus.eu\\\/?s={search_term_string}\"},\"query-input\":{\"@type\":\"PropertyValueSpecification\",\"valueRequired\":true,\"valueName\":\"search_term_string\"}}],\"inLanguage\":\"et\"}]}<\/script>\n<!-- \/ Yoast SEO plugin. -->","yoast_head_json":{"title":"K\u00fcmblust\u00fcnni kaelatugi - Alekeskus","description":"Kaelatugi k\u00fcmblust\u00fcnnile","robots":{"index":"index","follow":"follow","max-snippet":"max-snippet:-1","max-image-preview":"max-image-preview:large","max-video-preview":"max-video-preview:-1"},"canonical":"https:\/\/alekeskus.eu\/toode\/kumblustunni-kaelatugi-alekeskus\/","og_locale":"et_EE","og_type":"article","og_title":"K\u00fcmblust\u00fcnni kaelatugi - Alekeskus","og_description":"Kaelatugi k\u00fcmblust\u00fcnnile","og_url":"https:\/\/alekeskus.eu\/toode\/kumblustunni-kaelatugi-alekeskus\/","og_site_name":"Alekeskus","article_modified_time":"2025-02-28T16:41:37+00:00","og_image":[{"width":1000,"height":1000,"url":"https:\/\/alekeskus.eu\/wp-content\/uploads\/2025\/02\/peatugi.png","type":"image\/png"}],"twitter_card":"summary_large_image","twitter_misc":{"Est. reading time":"1 minut"},"schema":{"@context":"https:\/\/schema.org","@graph":[{"@type":"WebPage","@id":"https:\/\/alekeskus.eu\/toode\/kumblustunni-kaelatugi-alekeskus\/","url":"https:\/\/alekeskus.eu\/toode\/kumblustunni-kaelatugi-alekeskus\/","name":"K\u00fcmblust\u00fcnni kaelatugi - Alekeskus","isPartOf":{"@id":"https:\/\/alekeskus.eu\/#website"},"primaryImageOfPage":{"@id":"https:\/\/alekeskus.eu\/toode\/kumblustunni-kaelatugi-alekeskus\/#primaryimage"},"image":{"@id":"https:\/\/alekeskus.eu\/toode\/kumblustunni-kaelatugi-alekeskus\/#primaryimage"},"thumbnailUrl":"https:\/\/alekeskus.eu\/wp-content\/uploads\/2025\/02\/peatugi.png","datePublished":"2025-01-28T15:22:58+00:00","dateModified":"2025-02-28T16:41:37+00:00","description":"Kaelatugi k\u00fcmblust\u00fcnnile","breadcrumb":{"@id":"https:\/\/alekeskus.eu\/toode\/kumblustunni-kaelatugi-alekeskus\/#breadcrumb"},"inLanguage":"et","potentialAction":[{"@type":"ReadAction","target":["https:\/\/alekeskus.eu\/toode\/kumblustunni-kaelatugi-alekeskus\/"]}]},{"@type":"ImageObject","inLanguage":"et","@id":"https:\/\/alekeskus.eu\/toode\/kumblustunni-kaelatugi-alekeskus\/#primaryimage","url":"https:\/\/alekeskus.eu\/wp-content\/uploads\/2025\/02\/peatugi.png","contentUrl":"https:\/\/alekeskus.eu\/wp-content\/uploads\/2025\/02\/peatugi.png","width":1000,"height":1000},{"@type":"BreadcrumbList","@id":"https:\/\/alekeskus.eu\/toode\/kumblustunni-kaelatugi-alekeskus\/#breadcrumb","itemListElement":[{"@type":"ListItem","position":1,"name":"Avaleht","item":"https:\/\/alekeskus.eu\/et\/"},{"@type":"ListItem","position":2,"name":"Pood","item":"https:\/\/alekeskus.eu\/pood\/"},{"@type":"ListItem","position":3,"name":"K\u00fcmblust\u00fcnni kaelatugi"}]},{"@type":"WebSite","@id":"https:\/\/alekeskus.eu\/#website","url":"https:\/\/alekeskus.eu\/","name":"Alekeskus","description":"Alekeskus.eu","potentialAction":[{"@type":"SearchAction","target":{"@type":"EntryPoint","urlTemplate":"https:\/\/alekeskus.eu\/?s={search_term_string}"},"query-input":{"@type":"PropertyValueSpecification","valueRequired":true,"valueName":"search_term_string"}}],"inLanguage":"et"}]}},"brands":[],"_links":{"self":[{"href":"https:\/\/alekeskus.eu\/et\/wp-json\/wp\/v2\/product\/90817","targetHints":{"allow":["GET"]}}],"collection":[{"href":"https:\/\/alekeskus.eu\/et\/wp-json\/wp\/v2\/product"}],"about":[{"href":"https:\/\/alekeskus.eu\/et\/wp-json\/wp\/v2\/types\/product"}],"wp:featuredmedia":[{"embeddable":true,"href":"https:\/\/alekeskus.eu\/et\/wp-json\/wp\/v2\/media\/90819"}],"wp:attachment":[{"href":"https:\/\/alekeskus.eu\/et\/wp-json\/wp\/v2\/media?parent=90817"}],"wp:term":[{"taxonomy":"pwb-brand","embeddable":true,"href":"https:\/\/alekeskus.eu\/et\/wp-json\/wp\/v2\/pwb-brand?post=90817"},{"taxonomy":"product_brand","embeddable":true,"href":"https:\/\/alekeskus.eu\/et\/wp-json\/wp\/v2\/product_brand?post=90817"},{"taxonomy":"product_cat","embeddable":true,"href":"https:\/\/alekeskus.eu\/et\/wp-json\/wp\/v2\/product_cat?post=90817"},{"taxonomy":"product_tag","embeddable":true,"href":"https:\/\/alekeskus.eu\/et\/wp-json\/wp\/v2\/product_tag?post=90817"}],"curies":[{"name":"wp","href":"https:\/\/api.w.org\/{rel}","templated":true}]}}