{"id":90988,"date":"2025-11-04T20:41:02","date_gmt":"2025-11-04T20:41:02","guid":{"rendered":"https:\/\/alekeskus.eu\/?post_type=product&#038;p=90988"},"modified":"2025-12-07T18:36:43","modified_gmt":"2025-12-07T18:36:43","slug":"aiamaja-eastleigh-75-alekeskus","status":"publish","type":"product","link":"https:\/\/alekeskus.eu\/et\/toode\/aiamaja-eastleigh-75-alekeskus\/","title":{"rendered":"Aiamaja Eastleigh 7,5 m\u00b2 L\u00d5PUM\u00dc\u00dcGI ALE!"},"content":{"rendered":"","protected":false},"excerpt":{"rendered":"<p>V\u00e4lism\u00f5\u00f5dud: <strong>280<\/strong><b> x 280 cm.\u00a0<\/b><\/p>\n<ul>\n<li>tuuletapiga <strong>freespalk 28 mm, <\/strong>tormikinnitused<\/li>\n<li>harja k\u00f5rgus 246 cm<strong>, <\/strong>seina k\u00f5rgus 205 cm<\/li>\n<li>punniga p\u00f5randalauad 18 x 90 mm, immutatud p\u00f5randatalad 45 x 45 mm<\/li>\n<li>klaasiga paarisuks silinderlukuga 149 x 174 cm<\/li>\n<li>2 v\u00e4ljapoole avatavat akent 525 x 1560 mm<\/li>\n<li>\n<div class=\"spec-name\">punniga katuselauad 18 x 90 mm<\/div>\n<\/li>\n<li>katuse kalle 15\u00b0, katuse pindala 11 m<sup>2<\/sup><\/li>\n<li>\n<div class=\"spec-name\">katusekate lisahinnaga<\/div>\n<\/li>\n<li>\n<div class=\"spec-name\">kinnitusvahendid ja koostejuhend<\/div>\n<\/li>\n<li>tehase garantii 2 aastat<\/li>\n<li>Eesti toode<\/li>\n<li>ilmastikukindel pakend<\/li>\n<\/ul>\n<p>Vedu mandril tellijapoolse mahalaadimisega 100\u20ac v\u00f5i kraana-autoga 350\u20ac(suursaartele vastavalt 180\u20ac ja 590\u20ac).<\/p>\n<p>K\u00fcsi ka paigaldust!<\/p>\n","protected":false},"featured_media":90992,"template":"","meta":{"_monsterinsights_skip_tracking":false,"_monsterinsights_sitenote_active":false,"_monsterinsights_sitenote_note":"","_monsterinsights_sitenote_category":0},"pwb-brand":[18577],"product_brand":[],"product_cat":[18677,17182,13538,13592,13540,13596,13600,13608],"product_tag":[15276,15277,13813,13864,13913,14264,17936,14265,18478,14277],"class_list":{"0":"post-90988","1":"product","2":"type-product","3":"status-publish","4":"has-post-thumbnail","6":"pwb-brand-eesti","7":"product_cat-lopumuuk","8":"product_cat-suvekoogid-alekeskus","9":"product_cat-ale","10":"product_cat-aia-ja-grillmajad","11":"product_cat-hooned-alekeskus","12":"product_cat-varjualused-talveaiad-alekeskus","13":"product_cat-kuurid-aidad-kioskid","14":"product_cat-kontorid","15":"product_tag-pihatoimisto","16":"product_tag-aiapaviljon","17":"product_tag-aiamaja","18":"product_tag-huvimaja","19":"product_tag-vierasmaja","20":"product_tag-aiakuur","21":"product_tag-pihavarasto","22":"product_tag-pihavaja","23":"product_tag-kesahuone","24":"product_tag-freespalk","25":"product_shipping_class-kuni-1000kg","26":"pa_garantii-2-aastat","27":"pa_kohaletoimetamine-alates-100e","28":"pa_laoasukoht-tartumaa","29":"pa_pindalam-15514","30":"pa_seinapaksus-28-mm","31":"pa_varv-viimistlemata","32":"pa_veame-eesti-ja-soome","34":"first","35":"instock","36":"sale","37":"featured","38":"taxable","39":"shipping-taxable","40":"purchasable","41":"product-type-simple"},"yoast_head":"<!-- This site is optimized with the Yoast SEO plugin v27.3 - https:\/\/yoast.com\/product\/yoast-seo-wordpress\/ -->\n<title>Aiamaja Eastleigh 7,5 m\u00b2 L\u00d5PUM\u00dc\u00dcGI ALE! - Alekeskus<\/title>\n<meta name=\"description\" content=\"Eestis tehtud aiamaja ja kohe saadaval soodushinnaga\" \/>\n<meta name=\"robots\" content=\"index, follow, max-snippet:-1, max-image-preview:large, max-video-preview:-1\" \/>\n<link rel=\"canonical\" href=\"https:\/\/alekeskus.eu\/et\/toode\/aiamaja-eastleigh-75-alekeskus\/\" \/>\n<meta property=\"og:locale\" content=\"et_EE\" \/>\n<meta property=\"og:type\" content=\"article\" \/>\n<meta property=\"og:title\" content=\"Aiamaja Eastleigh 7,5 m\u00b2 L\u00d5PUM\u00dc\u00dcGI ALE! - Alekeskus\" \/>\n<meta property=\"og:description\" content=\"Eestis tehtud aiamaja ja kohe saadaval soodushinnaga\" \/>\n<meta property=\"og:url\" content=\"https:\/\/alekeskus.eu\/et\/toode\/aiamaja-eastleigh-75-alekeskus\/\" \/>\n<meta property=\"og:site_name\" content=\"Alekeskus\" \/>\n<meta property=\"article:modified_time\" content=\"2025-12-07T18:36:43+00:00\" \/>\n<meta property=\"og:image\" content=\"https:\/\/alekeskus.eu\/wp-content\/uploads\/2025\/03\/Eastleigh-lumine.jpg\" \/>\n\t<meta property=\"og:image:width\" content=\"2500\" \/>\n\t<meta property=\"og:image:height\" content=\"1667\" \/>\n\t<meta property=\"og:image:type\" content=\"image\/jpeg\" \/>\n<meta name=\"twitter:card\" content=\"summary_large_image\" \/>\n<meta name=\"twitter:label1\" content=\"Est. reading time\" \/>\n\t<meta name=\"twitter:data1\" content=\"1 minut\" \/>\n<script type=\"application\/ld+json\" class=\"yoast-schema-graph\">{\"@context\":\"https:\\\/\\\/schema.org\",\"@graph\":[{\"@type\":\"WebPage\",\"@id\":\"https:\\\/\\\/alekeskus.eu\\\/et\\\/toode\\\/aiamaja-eastleigh-75-alekeskus\\\/\",\"url\":\"https:\\\/\\\/alekeskus.eu\\\/et\\\/toode\\\/aiamaja-eastleigh-75-alekeskus\\\/\",\"name\":\"Aiamaja Eastleigh 7,5 m\u00b2 L\u00d5PUM\u00dc\u00dcGI ALE! - Alekeskus\",\"isPartOf\":{\"@id\":\"https:\\\/\\\/alekeskus.eu\\\/#website\"},\"primaryImageOfPage\":{\"@id\":\"https:\\\/\\\/alekeskus.eu\\\/et\\\/toode\\\/aiamaja-eastleigh-75-alekeskus\\\/#primaryimage\"},\"image\":{\"@id\":\"https:\\\/\\\/alekeskus.eu\\\/et\\\/toode\\\/aiamaja-eastleigh-75-alekeskus\\\/#primaryimage\"},\"thumbnailUrl\":\"https:\\\/\\\/alekeskus.eu\\\/wp-content\\\/uploads\\\/2025\\\/03\\\/Eastleigh-lumine.jpg\",\"datePublished\":\"2025-11-04T20:41:02+00:00\",\"dateModified\":\"2025-12-07T18:36:43+00:00\",\"description\":\"Eestis tehtud aiamaja ja kohe saadaval soodushinnaga\",\"breadcrumb\":{\"@id\":\"https:\\\/\\\/alekeskus.eu\\\/et\\\/toode\\\/aiamaja-eastleigh-75-alekeskus\\\/#breadcrumb\"},\"inLanguage\":\"et\",\"potentialAction\":[{\"@type\":\"ReadAction\",\"target\":[\"https:\\\/\\\/alekeskus.eu\\\/et\\\/toode\\\/aiamaja-eastleigh-75-alekeskus\\\/\"]}]},{\"@type\":\"ImageObject\",\"inLanguage\":\"et\",\"@id\":\"https:\\\/\\\/alekeskus.eu\\\/et\\\/toode\\\/aiamaja-eastleigh-75-alekeskus\\\/#primaryimage\",\"url\":\"https:\\\/\\\/alekeskus.eu\\\/wp-content\\\/uploads\\\/2025\\\/03\\\/Eastleigh-lumine.jpg\",\"contentUrl\":\"https:\\\/\\\/alekeskus.eu\\\/wp-content\\\/uploads\\\/2025\\\/03\\\/Eastleigh-lumine.jpg\",\"width\":1600,\"height\":1067},{\"@type\":\"BreadcrumbList\",\"@id\":\"https:\\\/\\\/alekeskus.eu\\\/et\\\/toode\\\/aiamaja-eastleigh-75-alekeskus\\\/#breadcrumb\",\"itemListElement\":[{\"@type\":\"ListItem\",\"position\":1,\"name\":\"Avaleht\",\"item\":\"https:\\\/\\\/alekeskus.eu\\\/et\\\/\"},{\"@type\":\"ListItem\",\"position\":2,\"name\":\"Pood\",\"item\":\"https:\\\/\\\/alekeskus.eu\\\/pood\\\/\"},{\"@type\":\"ListItem\",\"position\":3,\"name\":\"Aiamaja Eastleigh 7,5 m\u00b2 L\u00d5PUM\u00dc\u00dcGI ALE!\"}]},{\"@type\":\"WebSite\",\"@id\":\"https:\\\/\\\/alekeskus.eu\\\/#website\",\"url\":\"https:\\\/\\\/alekeskus.eu\\\/\",\"name\":\"Alekeskus\",\"description\":\"Alekeskus.eu\",\"potentialAction\":[{\"@type\":\"SearchAction\",\"target\":{\"@type\":\"EntryPoint\",\"urlTemplate\":\"https:\\\/\\\/alekeskus.eu\\\/?s={search_term_string}\"},\"query-input\":{\"@type\":\"PropertyValueSpecification\",\"valueRequired\":true,\"valueName\":\"search_term_string\"}}],\"inLanguage\":\"et\"}]}<\/script>\n<!-- \/ Yoast SEO plugin. -->","yoast_head_json":{"title":"Aiamaja Eastleigh 7,5 m\u00b2 L\u00d5PUM\u00dc\u00dcGI ALE! - Alekeskus","description":"Eestis tehtud aiamaja ja kohe saadaval soodushinnaga","robots":{"index":"index","follow":"follow","max-snippet":"max-snippet:-1","max-image-preview":"max-image-preview:large","max-video-preview":"max-video-preview:-1"},"canonical":"https:\/\/alekeskus.eu\/et\/toode\/aiamaja-eastleigh-75-alekeskus\/","og_locale":"et_EE","og_type":"article","og_title":"Aiamaja Eastleigh 7,5 m\u00b2 L\u00d5PUM\u00dc\u00dcGI ALE! - Alekeskus","og_description":"Eestis tehtud aiamaja ja kohe saadaval soodushinnaga","og_url":"https:\/\/alekeskus.eu\/et\/toode\/aiamaja-eastleigh-75-alekeskus\/","og_site_name":"Alekeskus","article_modified_time":"2025-12-07T18:36:43+00:00","og_image":[{"width":2500,"height":1667,"url":"https:\/\/alekeskus.eu\/wp-content\/uploads\/2025\/03\/Eastleigh-lumine.jpg","type":"image\/jpeg"}],"twitter_card":"summary_large_image","twitter_misc":{"Est. reading time":"1 minut"},"schema":{"@context":"https:\/\/schema.org","@graph":[{"@type":"WebPage","@id":"https:\/\/alekeskus.eu\/et\/toode\/aiamaja-eastleigh-75-alekeskus\/","url":"https:\/\/alekeskus.eu\/et\/toode\/aiamaja-eastleigh-75-alekeskus\/","name":"Aiamaja Eastleigh 7,5 m\u00b2 L\u00d5PUM\u00dc\u00dcGI ALE! - Alekeskus","isPartOf":{"@id":"https:\/\/alekeskus.eu\/#website"},"primaryImageOfPage":{"@id":"https:\/\/alekeskus.eu\/et\/toode\/aiamaja-eastleigh-75-alekeskus\/#primaryimage"},"image":{"@id":"https:\/\/alekeskus.eu\/et\/toode\/aiamaja-eastleigh-75-alekeskus\/#primaryimage"},"thumbnailUrl":"https:\/\/alekeskus.eu\/wp-content\/uploads\/2025\/03\/Eastleigh-lumine.jpg","datePublished":"2025-11-04T20:41:02+00:00","dateModified":"2025-12-07T18:36:43+00:00","description":"Eestis tehtud aiamaja ja kohe saadaval soodushinnaga","breadcrumb":{"@id":"https:\/\/alekeskus.eu\/et\/toode\/aiamaja-eastleigh-75-alekeskus\/#breadcrumb"},"inLanguage":"et","potentialAction":[{"@type":"ReadAction","target":["https:\/\/alekeskus.eu\/et\/toode\/aiamaja-eastleigh-75-alekeskus\/"]}]},{"@type":"ImageObject","inLanguage":"et","@id":"https:\/\/alekeskus.eu\/et\/toode\/aiamaja-eastleigh-75-alekeskus\/#primaryimage","url":"https:\/\/alekeskus.eu\/wp-content\/uploads\/2025\/03\/Eastleigh-lumine.jpg","contentUrl":"https:\/\/alekeskus.eu\/wp-content\/uploads\/2025\/03\/Eastleigh-lumine.jpg","width":1600,"height":1067},{"@type":"BreadcrumbList","@id":"https:\/\/alekeskus.eu\/et\/toode\/aiamaja-eastleigh-75-alekeskus\/#breadcrumb","itemListElement":[{"@type":"ListItem","position":1,"name":"Avaleht","item":"https:\/\/alekeskus.eu\/et\/"},{"@type":"ListItem","position":2,"name":"Pood","item":"https:\/\/alekeskus.eu\/pood\/"},{"@type":"ListItem","position":3,"name":"Aiamaja Eastleigh 7,5 m\u00b2 L\u00d5PUM\u00dc\u00dcGI ALE!"}]},{"@type":"WebSite","@id":"https:\/\/alekeskus.eu\/#website","url":"https:\/\/alekeskus.eu\/","name":"Alekeskus","description":"Alekeskus.eu","potentialAction":[{"@type":"SearchAction","target":{"@type":"EntryPoint","urlTemplate":"https:\/\/alekeskus.eu\/?s={search_term_string}"},"query-input":{"@type":"PropertyValueSpecification","valueRequired":true,"valueName":"search_term_string"}}],"inLanguage":"et"}]}},"brands":[{"id":18577,"name":"Eesti","slug":"eesti"}],"_links":{"self":[{"href":"https:\/\/alekeskus.eu\/et\/wp-json\/wp\/v2\/product\/90988","targetHints":{"allow":["GET"]}}],"collection":[{"href":"https:\/\/alekeskus.eu\/et\/wp-json\/wp\/v2\/product"}],"about":[{"href":"https:\/\/alekeskus.eu\/et\/wp-json\/wp\/v2\/types\/product"}],"wp:featuredmedia":[{"embeddable":true,"href":"https:\/\/alekeskus.eu\/et\/wp-json\/wp\/v2\/media\/90992"}],"wp:attachment":[{"href":"https:\/\/alekeskus.eu\/et\/wp-json\/wp\/v2\/media?parent=90988"}],"wp:term":[{"taxonomy":"pwb-brand","embeddable":true,"href":"https:\/\/alekeskus.eu\/et\/wp-json\/wp\/v2\/pwb-brand?post=90988"},{"taxonomy":"product_brand","embeddable":true,"href":"https:\/\/alekeskus.eu\/et\/wp-json\/wp\/v2\/product_brand?post=90988"},{"taxonomy":"product_cat","embeddable":true,"href":"https:\/\/alekeskus.eu\/et\/wp-json\/wp\/v2\/product_cat?post=90988"},{"taxonomy":"product_tag","embeddable":true,"href":"https:\/\/alekeskus.eu\/et\/wp-json\/wp\/v2\/product_tag?post=90988"}],"curies":[{"name":"wp","href":"https:\/\/api.w.org\/{rel}","templated":true}]}}