{"id":91424,"date":"2025-09-25T15:22:55","date_gmt":"2025-09-25T15:22:55","guid":{"rendered":"https:\/\/alekeskus.eu\/?post_type=product&#038;p=91424"},"modified":"2025-11-23T15:52:42","modified_gmt":"2025-11-23T15:52:42","slug":"suvekook-leena-249-set413-alumiiniumliugustega-alekeskus","status":"publish","type":"product","link":"https:\/\/alekeskus.eu\/et\/toode\/suvekook-leena-249-set413-alumiiniumliugustega-alekeskus\/","title":{"rendered":"Suvek\u00f6\u00f6k Leena 24,9 m\u00b2 SET413 alumiiniumliugustega"},"content":{"rendered":"<p><strong>Telli juurde:<\/strong><\/p>\n<p><strong>&#8211; SBS-bituumen katusekate 9 rulli<\/strong><\/p>\n<p><strong>&#8211; iseliimuv EPDM-kummist katusekate 3 tk 1,5 x 10 m\u00a0 \u00a0\u00a0<\/strong><\/p>\n<p><strong>&#8211; tehases puidukaitsevahendisse kastetuna (pruunikas, hallikas v\u00f5i valkjas) v\u00f5i valgeks v\u00e4rvituna<br \/>\n<\/strong>\u00a0<img decoding=\"async\" src=\"http:\/\/pood.palmako.ee\/sites\/default\/files\/styles\/pictogram_thumbnail\/public\/field_pictogram_image\/pp25.png?itok=8xQVzSvW\" alt=\"\" \/>Pakendid: 6,0 x 1,2 x 0,5; 3,0 x 1,2 x 1,1 m; kaal 1650 kg<\/p>\n<div class=\"pictogram qtip-additional-element\">\n<div class=\"description\">\n<div class=\"pictogram qtip-additional-element\">\n<div class=\"image\">\n<div class=\"pictogram qtip-additional-element\">\n<div><\/div>\n<div><\/div>\n<\/div>\n<div class=\"pictogram qtip-additional-element\">\n<div class=\"image\"><\/div>\n<\/div>\n<\/div>\n<\/div>\n<\/div>\n<\/div>\n","protected":false},"excerpt":{"rendered":"<p>V\u00e4lism\u00f5\u00f5dud: <strong>5,88 x 5,88 m<\/strong>.<\/p>\n<p><strong>TASUTA VEDU JA MAHALAADIMINE (ka suursaartel)!<\/strong><\/p>\n<ul>\n<li>seina k\u00f5rgused 210 cm ja 245 cm<\/li>\n<li>liimpuidust postid 120 x 120 mm terasest kinnitusnurkadega<\/li>\n<li>tagaseinad 28 x 114 mm punnlaudadega ja raamiliistudega; katusealuse v\u00f5reseina 19 x 70 mm pulgad ja raamiliistud<\/li>\n<li>silinderlukkudega ja alumiiniumraamidega liuguksed 2 tk 2750 x 2095 mm (avatud olekus j\u00e4\u00e4b ava m\u00f5\u00f5t 1776 x 2063 mm); pakettklaasidega +2000\u20ac<\/li>\n<li>p\u00f5randat ei ole<\/li>\n<li>katuse pindala 32 m\u00b2 ja kalle 3\u00ba, r\u00e4\u00e4stas 20 cm<\/li>\n<li>liimpuidust talad 120 x 120 mm, sarikad 44 x 120 mm, punniga katuselauad 19 mm<\/li>\n<li>katusekate ei sisaldu hinnas (valikus SBS-bituumenkate 9 rulli v\u00f5i EPDM-kummist iseliimuv katusekate 3tk 1,5 x 10 m)<\/li>\n<li>tellitav puidukaitsevahendisse kastetuna +1000\u20ac (pruun, hall v\u00f5i valkjas)<strong><img decoding=\"async\" class=\"\" src=\"https:\/\/www.palmako.ee\/sites\/default\/files\/styles\/product_list_item\/public\/2020-06\/BNDIP.jpg?itok=_LQkkeHM\" width=\"66\" height=\"66\" \/><img decoding=\"async\" class=\"\" src=\"https:\/\/www.palmako.ee\/sites\/default\/files\/styles\/product_list_item\/public\/2020-06\/GYDIP.jpg?itok=RrYf7KTV\" width=\"66\" height=\"66\" \/><img decoding=\"async\" class=\"\" src=\"https:\/\/www.palmako.ee\/sites\/default\/files\/styles\/product_list_item\/public\/2020-06\/WTDIP.jpg?itok=D9U46coI\" width=\"67\" height=\"67\" \/> <\/strong>v\u00f5i valgeks v\u00e4rvituna +2000, tellimisaeg 2-4 n\u00e4dalat pikem<\/li>\n<li>5-aastane tehase garantii<\/li>\n<li>kinnitusvahendid ja koostejuhend<\/li>\n<li>peegelpildis paigaldatav<\/li>\n<li>Eesti toode<\/li>\n<li>vihmakindel pakend<\/li>\n<\/ul>\n<p>K\u00fcsi ka paigaldust!<\/p>\n","protected":false},"featured_media":91466,"template":"","meta":{"_monsterinsights_skip_tracking":false,"_monsterinsights_sitenote_active":false,"_monsterinsights_sitenote_note":"","_monsterinsights_sitenote_category":0},"pwb-brand":[18577],"product_brand":[],"product_cat":[17182,13592,13540,13596,13608,18656],"product_tag":[14310,18328,15264,18330,13813,15276,13850,15543,18441,18442,13913,18466,13976,18478,13994,17742,14224,18309,18638,14266,18319],"class_list":{"0":"post-91424","1":"product","2":"type-product","3":"status-publish","4":"has-post-thumbnail","6":"pwb-brand-eesti","7":"product_cat-suvekoogid-alekeskus","8":"product_cat-aia-ja-grillmajad","9":"product_cat-hooned-alekeskus","10":"product_cat-varjualused-talveaiad-alekeskus","11":"product_cat-kontorid","12":"product_cat-kasvuhooned","13":"product_tag-kodukontor","14":"product_tag-pihabaari","15":"product_tag-grillikatos","16":"product_tag-palmako-vierasmaja","17":"product_tag-aiamaja","18":"product_tag-pihatoimisto","19":"product_tag-paviljonki","20":"product_tag-pihakatos","21":"product_tag-lenna","22":"product_tag-palmako-lenna","23":"product_tag-vierasmaja","24":"product_tag-aiabaar","25":"product_tag-liukuovi","26":"product_tag-kesahuone","27":"product_tag-katos","28":"product_tag-grillvarjualune","29":"product_tag-varjualune","30":"product_tag-palmako-huvimaja","31":"product_tag-seiskari-2","32":"product_tag-katusealune","33":"product_tag-palmako-katos","34":"product_shipping_class-tasuta-transport-alates-1000kg","35":"pa_garantii-5-aastat","36":"pa_kohaletoimetamine-tasuta-mandri-eestis-ja-suursaartel-soome-alates-699e","37":"pa_laoasukoht-tartumaa","38":"pa_pindalam-18332","39":"pa_seinapaksus-28-mm","40":"pa_tellimisaeg-kuni-4-nadalat","41":"pa_varv-valge","42":"pa_varv-viimistlemata","43":"pa_varv-pruunikas-puidukaitse","44":"pa_varv-hallikas-puidukaitse","45":"pa_varv-valkjas-puidukaitse","46":"pa_veame-eesti-ja-soome","48":"first","49":"instock","50":"taxable","51":"shipping-taxable","52":"purchasable","53":"product-type-variable","54":"has-default-attributes"},"yoast_head":"<!-- This site is optimized with the Yoast SEO plugin v27.3 - https:\/\/yoast.com\/product\/yoast-seo-wordpress\/ -->\n<title>Suvek\u00f6\u00f6k Leena 24,9 m\u00b2 SET413 alumiiniumliugustega - Alekeskus<\/title>\n<meta name=\"description\" content=\"alumiiniumliugustega ja katusealusega suvek\u00f6\u00f6k\" \/>\n<meta name=\"robots\" content=\"index, follow, max-snippet:-1, max-image-preview:large, max-video-preview:-1\" \/>\n<link rel=\"canonical\" href=\"https:\/\/alekeskus.eu\/et\/toode\/suvekook-leena-249-set413-alumiiniumliugustega-alekeskus\/\" \/>\n<meta property=\"og:locale\" content=\"et_EE\" \/>\n<meta property=\"og:type\" content=\"article\" \/>\n<meta property=\"og:title\" content=\"Suvek\u00f6\u00f6k Leena 24,9 m\u00b2 SET413 alumiiniumliugustega - Alekeskus\" \/>\n<meta property=\"og:description\" content=\"alumiiniumliugustega ja katusealusega suvek\u00f6\u00f6k\" \/>\n<meta property=\"og:url\" content=\"https:\/\/alekeskus.eu\/et\/toode\/suvekook-leena-249-set413-alumiiniumliugustega-alekeskus\/\" \/>\n<meta property=\"og:site_name\" content=\"Alekeskus\" \/>\n<meta property=\"article:modified_time\" content=\"2025-11-23T15:52:42+00:00\" \/>\n<meta property=\"og:image\" content=\"https:\/\/alekeskus.eu\/wp-content\/uploads\/2025\/03\/Lenna_24.9_SET413_Slide_NATURAL_wb-1024x1024.jpg\" \/>\n\t<meta property=\"og:image:width\" content=\"1024\" \/>\n\t<meta property=\"og:image:height\" content=\"1024\" \/>\n\t<meta property=\"og:image:type\" content=\"image\/jpeg\" \/>\n<meta name=\"twitter:card\" content=\"summary_large_image\" \/>\n<meta name=\"twitter:label1\" content=\"Est. reading time\" \/>\n\t<meta name=\"twitter:data1\" content=\"1 minut\" \/>\n<script type=\"application\/ld+json\" class=\"yoast-schema-graph\">{\"@context\":\"https:\\\/\\\/schema.org\",\"@graph\":[{\"@type\":\"WebPage\",\"@id\":\"https:\\\/\\\/alekeskus.eu\\\/et\\\/toode\\\/suvekook-leena-249-set413-alumiiniumliugustega-alekeskus\\\/\",\"url\":\"https:\\\/\\\/alekeskus.eu\\\/et\\\/toode\\\/suvekook-leena-249-set413-alumiiniumliugustega-alekeskus\\\/\",\"name\":\"Suvek\u00f6\u00f6k Leena 24,9 m\u00b2 SET413 alumiiniumliugustega - Alekeskus\",\"isPartOf\":{\"@id\":\"https:\\\/\\\/alekeskus.eu\\\/#website\"},\"primaryImageOfPage\":{\"@id\":\"https:\\\/\\\/alekeskus.eu\\\/et\\\/toode\\\/suvekook-leena-249-set413-alumiiniumliugustega-alekeskus\\\/#primaryimage\"},\"image\":{\"@id\":\"https:\\\/\\\/alekeskus.eu\\\/et\\\/toode\\\/suvekook-leena-249-set413-alumiiniumliugustega-alekeskus\\\/#primaryimage\"},\"thumbnailUrl\":\"https:\\\/\\\/alekeskus.eu\\\/wp-content\\\/uploads\\\/2025\\\/03\\\/Lenna_24.9_SET413_Slide_NATURAL_wb.jpg\",\"datePublished\":\"2025-09-25T15:22:55+00:00\",\"dateModified\":\"2025-11-23T15:52:42+00:00\",\"description\":\"alumiiniumliugustega ja katusealusega suvek\u00f6\u00f6k\",\"breadcrumb\":{\"@id\":\"https:\\\/\\\/alekeskus.eu\\\/et\\\/toode\\\/suvekook-leena-249-set413-alumiiniumliugustega-alekeskus\\\/#breadcrumb\"},\"inLanguage\":\"et\",\"potentialAction\":[{\"@type\":\"ReadAction\",\"target\":[\"https:\\\/\\\/alekeskus.eu\\\/et\\\/toode\\\/suvekook-leena-249-set413-alumiiniumliugustega-alekeskus\\\/\"]}]},{\"@type\":\"ImageObject\",\"inLanguage\":\"et\",\"@id\":\"https:\\\/\\\/alekeskus.eu\\\/et\\\/toode\\\/suvekook-leena-249-set413-alumiiniumliugustega-alekeskus\\\/#primaryimage\",\"url\":\"https:\\\/\\\/alekeskus.eu\\\/wp-content\\\/uploads\\\/2025\\\/03\\\/Lenna_24.9_SET413_Slide_NATURAL_wb.jpg\",\"contentUrl\":\"https:\\\/\\\/alekeskus.eu\\\/wp-content\\\/uploads\\\/2025\\\/03\\\/Lenna_24.9_SET413_Slide_NATURAL_wb.jpg\",\"width\":1600,\"height\":1200},{\"@type\":\"BreadcrumbList\",\"@id\":\"https:\\\/\\\/alekeskus.eu\\\/et\\\/toode\\\/suvekook-leena-249-set413-alumiiniumliugustega-alekeskus\\\/#breadcrumb\",\"itemListElement\":[{\"@type\":\"ListItem\",\"position\":1,\"name\":\"Avaleht\",\"item\":\"https:\\\/\\\/alekeskus.eu\\\/et\\\/\"},{\"@type\":\"ListItem\",\"position\":2,\"name\":\"Pood\",\"item\":\"https:\\\/\\\/alekeskus.eu\\\/pood\\\/\"},{\"@type\":\"ListItem\",\"position\":3,\"name\":\"Suvek\u00f6\u00f6k Leena 24,9 m\u00b2 SET413 alumiiniumliugustega\"}]},{\"@type\":\"WebSite\",\"@id\":\"https:\\\/\\\/alekeskus.eu\\\/#website\",\"url\":\"https:\\\/\\\/alekeskus.eu\\\/\",\"name\":\"Alekeskus\",\"description\":\"Alekeskus.eu\",\"potentialAction\":[{\"@type\":\"SearchAction\",\"target\":{\"@type\":\"EntryPoint\",\"urlTemplate\":\"https:\\\/\\\/alekeskus.eu\\\/?s={search_term_string}\"},\"query-input\":{\"@type\":\"PropertyValueSpecification\",\"valueRequired\":true,\"valueName\":\"search_term_string\"}}],\"inLanguage\":\"et\"}]}<\/script>\n<!-- \/ Yoast SEO plugin. -->","yoast_head_json":{"title":"Suvek\u00f6\u00f6k Leena 24,9 m\u00b2 SET413 alumiiniumliugustega - Alekeskus","description":"alumiiniumliugustega ja katusealusega suvek\u00f6\u00f6k","robots":{"index":"index","follow":"follow","max-snippet":"max-snippet:-1","max-image-preview":"max-image-preview:large","max-video-preview":"max-video-preview:-1"},"canonical":"https:\/\/alekeskus.eu\/et\/toode\/suvekook-leena-249-set413-alumiiniumliugustega-alekeskus\/","og_locale":"et_EE","og_type":"article","og_title":"Suvek\u00f6\u00f6k Leena 24,9 m\u00b2 SET413 alumiiniumliugustega - Alekeskus","og_description":"alumiiniumliugustega ja katusealusega suvek\u00f6\u00f6k","og_url":"https:\/\/alekeskus.eu\/et\/toode\/suvekook-leena-249-set413-alumiiniumliugustega-alekeskus\/","og_site_name":"Alekeskus","article_modified_time":"2025-11-23T15:52:42+00:00","og_image":[{"width":1024,"height":1024,"url":"https:\/\/alekeskus.eu\/wp-content\/uploads\/2025\/03\/Lenna_24.9_SET413_Slide_NATURAL_wb-1024x1024.jpg","type":"image\/jpeg"}],"twitter_card":"summary_large_image","twitter_misc":{"Est. reading time":"1 minut"},"schema":{"@context":"https:\/\/schema.org","@graph":[{"@type":"WebPage","@id":"https:\/\/alekeskus.eu\/et\/toode\/suvekook-leena-249-set413-alumiiniumliugustega-alekeskus\/","url":"https:\/\/alekeskus.eu\/et\/toode\/suvekook-leena-249-set413-alumiiniumliugustega-alekeskus\/","name":"Suvek\u00f6\u00f6k Leena 24,9 m\u00b2 SET413 alumiiniumliugustega - Alekeskus","isPartOf":{"@id":"https:\/\/alekeskus.eu\/#website"},"primaryImageOfPage":{"@id":"https:\/\/alekeskus.eu\/et\/toode\/suvekook-leena-249-set413-alumiiniumliugustega-alekeskus\/#primaryimage"},"image":{"@id":"https:\/\/alekeskus.eu\/et\/toode\/suvekook-leena-249-set413-alumiiniumliugustega-alekeskus\/#primaryimage"},"thumbnailUrl":"https:\/\/alekeskus.eu\/wp-content\/uploads\/2025\/03\/Lenna_24.9_SET413_Slide_NATURAL_wb.jpg","datePublished":"2025-09-25T15:22:55+00:00","dateModified":"2025-11-23T15:52:42+00:00","description":"alumiiniumliugustega ja katusealusega suvek\u00f6\u00f6k","breadcrumb":{"@id":"https:\/\/alekeskus.eu\/et\/toode\/suvekook-leena-249-set413-alumiiniumliugustega-alekeskus\/#breadcrumb"},"inLanguage":"et","potentialAction":[{"@type":"ReadAction","target":["https:\/\/alekeskus.eu\/et\/toode\/suvekook-leena-249-set413-alumiiniumliugustega-alekeskus\/"]}]},{"@type":"ImageObject","inLanguage":"et","@id":"https:\/\/alekeskus.eu\/et\/toode\/suvekook-leena-249-set413-alumiiniumliugustega-alekeskus\/#primaryimage","url":"https:\/\/alekeskus.eu\/wp-content\/uploads\/2025\/03\/Lenna_24.9_SET413_Slide_NATURAL_wb.jpg","contentUrl":"https:\/\/alekeskus.eu\/wp-content\/uploads\/2025\/03\/Lenna_24.9_SET413_Slide_NATURAL_wb.jpg","width":1600,"height":1200},{"@type":"BreadcrumbList","@id":"https:\/\/alekeskus.eu\/et\/toode\/suvekook-leena-249-set413-alumiiniumliugustega-alekeskus\/#breadcrumb","itemListElement":[{"@type":"ListItem","position":1,"name":"Avaleht","item":"https:\/\/alekeskus.eu\/et\/"},{"@type":"ListItem","position":2,"name":"Pood","item":"https:\/\/alekeskus.eu\/pood\/"},{"@type":"ListItem","position":3,"name":"Suvek\u00f6\u00f6k Leena 24,9 m\u00b2 SET413 alumiiniumliugustega"}]},{"@type":"WebSite","@id":"https:\/\/alekeskus.eu\/#website","url":"https:\/\/alekeskus.eu\/","name":"Alekeskus","description":"Alekeskus.eu","potentialAction":[{"@type":"SearchAction","target":{"@type":"EntryPoint","urlTemplate":"https:\/\/alekeskus.eu\/?s={search_term_string}"},"query-input":{"@type":"PropertyValueSpecification","valueRequired":true,"valueName":"search_term_string"}}],"inLanguage":"et"}]}},"brands":[{"id":18577,"name":"Eesti","slug":"eesti"}],"_links":{"self":[{"href":"https:\/\/alekeskus.eu\/et\/wp-json\/wp\/v2\/product\/91424","targetHints":{"allow":["GET"]}}],"collection":[{"href":"https:\/\/alekeskus.eu\/et\/wp-json\/wp\/v2\/product"}],"about":[{"href":"https:\/\/alekeskus.eu\/et\/wp-json\/wp\/v2\/types\/product"}],"wp:featuredmedia":[{"embeddable":true,"href":"https:\/\/alekeskus.eu\/et\/wp-json\/wp\/v2\/media\/91466"}],"wp:attachment":[{"href":"https:\/\/alekeskus.eu\/et\/wp-json\/wp\/v2\/media?parent=91424"}],"wp:term":[{"taxonomy":"pwb-brand","embeddable":true,"href":"https:\/\/alekeskus.eu\/et\/wp-json\/wp\/v2\/pwb-brand?post=91424"},{"taxonomy":"product_brand","embeddable":true,"href":"https:\/\/alekeskus.eu\/et\/wp-json\/wp\/v2\/product_brand?post=91424"},{"taxonomy":"product_cat","embeddable":true,"href":"https:\/\/alekeskus.eu\/et\/wp-json\/wp\/v2\/product_cat?post=91424"},{"taxonomy":"product_tag","embeddable":true,"href":"https:\/\/alekeskus.eu\/et\/wp-json\/wp\/v2\/product_tag?post=91424"}],"curies":[{"name":"wp","href":"https:\/\/api.w.org\/{rel}","templated":true}]}}