{"id":91862,"date":"2025-04-11T18:04:40","date_gmt":"2025-04-11T18:04:40","guid":{"rendered":"https:\/\/alekeskus.eu\/?post_type=product&#038;p=91862"},"modified":"2026-02-04T17:35:24","modified_gmt":"2026-02-04T17:35:24","slug":"kiosk-kiira-77-alekeskus","status":"publish","type":"product","link":"https:\/\/alekeskus.eu\/et\/toode\/kiosk-kiira-77-alekeskus\/","title":{"rendered":"Kiosk Kiira 7,7 m\u00b2"},"content":{"rendered":"<div class=\"pictogram qtip-additional-element\">\n<div class=\"image\">\n<p><strong>Lisahinnaga:<\/strong><\/p>\n<ul>\n<li><strong>SBS-bituumenkate 2 rulli\u00a0<\/strong><\/li>\n<li><strong>iseliimuv EPDM-kumm katusekate 1,5 x 10 m<\/strong><\/li>\n<li><strong>v\u00e4ljast valgeks v\u00e4rvituna\u00a0<\/strong><\/li>\n<\/ul>\n<\/div>\n<div class=\"image\">Pakend: 4,9&#215;1,2&#215;0,6 m; kaal 650 kg<\/div>\n<div>Paigaldusohje: <a href=\"https:\/\/alekeskus.eu\/wp-content\/uploads\/2025\/04\/Kira_7.7_EL16-3623-ohje.pdf\">Kira_7.7_EL16-3623 ohje<\/a><\/div>\n<\/div>\n<div class=\"pictogram qtip-additional-element\"><\/div>\n","protected":false},"excerpt":{"rendered":"<p>V\u00e4lism\u00f5\u00f5dud: <strong>355 x 233\u00a0 cm<\/strong>.<\/p>\n<p><strong>TASUTA VEDU JA MAHALAADIMINE(ka suursaartel)!<\/strong><\/p>\n<ul>\n<li><strong>seinad valmiselementidest<\/strong>\u00a0<strong>16 mm punnlauaga<\/strong><\/li>\n<li>seinte k\u00f5rgused 209 cm ja 264 cm<\/li>\n<li>katuse pindala 10,4 m\u00b2 ja kalle 7\u00ba, r\u00e4\u00e4stas ees 44 cm<\/li>\n<li>katusekate ei sisaldu hinnas (tarve SBS-bituumenkatet 2 rulli v\u00f5i iseliimuv EPDM-kummikate 1,5 x 10 m 1 tk)<\/li>\n<li>puidukaitsega t\u00f6\u00f6deldud p\u00f5randatalad 45 x 70 mm, punnitud p\u00f5randa- ja katuselauad 19 mm<\/li>\n<li>seestpoolt suletav luuk letiga 202 x 103 cm<\/li>\n<li>silinderlukuga uks 87 x 189 cm<\/li>\n<li>tellitav v\u00e4ljast valgeks v\u00e4rvituna +700\u20ac, tellimisaeg 2-4 n\u00e4dalat pikem<\/li>\n<li>kinnitusvahendid ja koostejuhend<\/li>\n<li>vihmakindel pakend<\/li>\n<li>5-aastane tehase garantii<\/li>\n<li>Eesti toode<\/li>\n<li>ei saa peegelpildis koostada<\/li>\n<\/ul>\n<p>K\u00fcsi ka paigaldust!<\/p>\n","protected":false},"featured_media":91896,"template":"","meta":{"_monsterinsights_skip_tracking":false,"_monsterinsights_sitenote_active":false,"_monsterinsights_sitenote_note":"","_monsterinsights_sitenote_category":0},"pwb-brand":[18577],"product_brand":[],"product_cat":[13540,13600,13602],"product_tag":[18459,13819,18460,18461,13914,13922,15804,18325],"class_list":{"0":"post-91862","1":"product","2":"type-product","3":"status-publish","4":"has-post-thumbnail","6":"pwb-brand-eesti","7":"product_cat-hooned-alekeskus","8":"product_cat-kuurid-aidad-kioskid","9":"product_cat-elementmajad","10":"product_tag-turukiosk","11":"product_tag-vaja","12":"product_tag-nakkikioski","13":"product_tag-grillikioski","14":"product_tag-kiosk","15":"product_tag-kioski","16":"product_tag-muugilett","17":"product_tag-palmako-pihavarasto","18":"product_shipping_class-tasuta-transport-kuni-1000kg","19":"pa_garantii-5-aastat","20":"pa_kohaletoimetamine-eestis-tasuta-alekeskus","21":"pa_laoasukoht-laane-virumaa-eesti","22":"pa_pindalam-18700","23":"pa_seinapaksus-16-mm","24":"pa_tellimisaeg-tilausaika-alekeskus","25":"pa_varv-valge","26":"pa_varv-viimistlemata","27":"pa_veame-eesti-ja-soome","29":"first","30":"instock","31":"taxable","32":"shipping-taxable","33":"purchasable","34":"product-type-variable","35":"has-default-attributes"},"yoast_head":"<!-- This site is optimized with the Yoast SEO plugin v27.3 - https:\/\/yoast.com\/product\/yoast-seo-wordpress\/ -->\n<title>Kiosk Kiira 7,7 m\u00b2 - Alekeskus<\/title>\n<meta name=\"description\" content=\"Kaasaegne kiosk tasuta veoga\" \/>\n<meta name=\"robots\" content=\"index, follow, max-snippet:-1, max-image-preview:large, max-video-preview:-1\" \/>\n<link rel=\"canonical\" href=\"https:\/\/alekeskus.eu\/et\/toode\/kiosk-kiira-77-alekeskus\/\" \/>\n<meta property=\"og:locale\" content=\"et_EE\" \/>\n<meta property=\"og:type\" content=\"article\" \/>\n<meta property=\"og:title\" content=\"Kiosk Kiira 7,7 m\u00b2 - Alekeskus\" \/>\n<meta property=\"og:description\" content=\"Kaasaegne kiosk tasuta veoga\" \/>\n<meta property=\"og:url\" content=\"https:\/\/alekeskus.eu\/et\/toode\/kiosk-kiira-77-alekeskus\/\" \/>\n<meta property=\"og:site_name\" content=\"Alekeskus\" \/>\n<meta property=\"article:modified_time\" content=\"2026-02-04T17:35:24+00:00\" \/>\n<meta property=\"og:image\" content=\"https:\/\/alekeskus.eu\/wp-content\/uploads\/2025\/04\/Kira_7.7_m2_NATURAL_wb.jpg\" \/>\n\t<meta property=\"og:image:width\" content=\"1600\" \/>\n\t<meta property=\"og:image:height\" content=\"1200\" \/>\n\t<meta property=\"og:image:type\" content=\"image\/jpeg\" \/>\n<meta name=\"twitter:card\" content=\"summary_large_image\" \/>\n<meta name=\"twitter:label1\" content=\"Est. reading time\" \/>\n\t<meta name=\"twitter:data1\" content=\"1 minut\" \/>\n<script type=\"application\/ld+json\" class=\"yoast-schema-graph\">{\"@context\":\"https:\\\/\\\/schema.org\",\"@graph\":[{\"@type\":\"WebPage\",\"@id\":\"https:\\\/\\\/alekeskus.eu\\\/et\\\/toode\\\/kiosk-kiira-77-alekeskus\\\/\",\"url\":\"https:\\\/\\\/alekeskus.eu\\\/et\\\/toode\\\/kiosk-kiira-77-alekeskus\\\/\",\"name\":\"Kiosk Kiira 7,7 m\u00b2 - Alekeskus\",\"isPartOf\":{\"@id\":\"https:\\\/\\\/alekeskus.eu\\\/#website\"},\"primaryImageOfPage\":{\"@id\":\"https:\\\/\\\/alekeskus.eu\\\/et\\\/toode\\\/kiosk-kiira-77-alekeskus\\\/#primaryimage\"},\"image\":{\"@id\":\"https:\\\/\\\/alekeskus.eu\\\/et\\\/toode\\\/kiosk-kiira-77-alekeskus\\\/#primaryimage\"},\"thumbnailUrl\":\"https:\\\/\\\/alekeskus.eu\\\/wp-content\\\/uploads\\\/2025\\\/04\\\/Kira_7.7_m2_NATURAL_wb.jpg\",\"datePublished\":\"2025-04-11T18:04:40+00:00\",\"dateModified\":\"2026-02-04T17:35:24+00:00\",\"description\":\"Kaasaegne kiosk tasuta veoga\",\"breadcrumb\":{\"@id\":\"https:\\\/\\\/alekeskus.eu\\\/et\\\/toode\\\/kiosk-kiira-77-alekeskus\\\/#breadcrumb\"},\"inLanguage\":\"et\",\"potentialAction\":[{\"@type\":\"ReadAction\",\"target\":[\"https:\\\/\\\/alekeskus.eu\\\/et\\\/toode\\\/kiosk-kiira-77-alekeskus\\\/\"]}]},{\"@type\":\"ImageObject\",\"inLanguage\":\"et\",\"@id\":\"https:\\\/\\\/alekeskus.eu\\\/et\\\/toode\\\/kiosk-kiira-77-alekeskus\\\/#primaryimage\",\"url\":\"https:\\\/\\\/alekeskus.eu\\\/wp-content\\\/uploads\\\/2025\\\/04\\\/Kira_7.7_m2_NATURAL_wb.jpg\",\"contentUrl\":\"https:\\\/\\\/alekeskus.eu\\\/wp-content\\\/uploads\\\/2025\\\/04\\\/Kira_7.7_m2_NATURAL_wb.jpg\",\"width\":1600,\"height\":1200},{\"@type\":\"BreadcrumbList\",\"@id\":\"https:\\\/\\\/alekeskus.eu\\\/et\\\/toode\\\/kiosk-kiira-77-alekeskus\\\/#breadcrumb\",\"itemListElement\":[{\"@type\":\"ListItem\",\"position\":1,\"name\":\"Avaleht\",\"item\":\"https:\\\/\\\/alekeskus.eu\\\/et\\\/\"},{\"@type\":\"ListItem\",\"position\":2,\"name\":\"Pood\",\"item\":\"https:\\\/\\\/alekeskus.eu\\\/pood\\\/\"},{\"@type\":\"ListItem\",\"position\":3,\"name\":\"Kiosk Kiira 7,7 m\u00b2\"}]},{\"@type\":\"WebSite\",\"@id\":\"https:\\\/\\\/alekeskus.eu\\\/#website\",\"url\":\"https:\\\/\\\/alekeskus.eu\\\/\",\"name\":\"Alekeskus\",\"description\":\"Alekeskus.eu\",\"potentialAction\":[{\"@type\":\"SearchAction\",\"target\":{\"@type\":\"EntryPoint\",\"urlTemplate\":\"https:\\\/\\\/alekeskus.eu\\\/?s={search_term_string}\"},\"query-input\":{\"@type\":\"PropertyValueSpecification\",\"valueRequired\":true,\"valueName\":\"search_term_string\"}}],\"inLanguage\":\"et\"}]}<\/script>\n<!-- \/ Yoast SEO plugin. -->","yoast_head_json":{"title":"Kiosk Kiira 7,7 m\u00b2 - Alekeskus","description":"Kaasaegne kiosk tasuta veoga","robots":{"index":"index","follow":"follow","max-snippet":"max-snippet:-1","max-image-preview":"max-image-preview:large","max-video-preview":"max-video-preview:-1"},"canonical":"https:\/\/alekeskus.eu\/et\/toode\/kiosk-kiira-77-alekeskus\/","og_locale":"et_EE","og_type":"article","og_title":"Kiosk Kiira 7,7 m\u00b2 - Alekeskus","og_description":"Kaasaegne kiosk tasuta veoga","og_url":"https:\/\/alekeskus.eu\/et\/toode\/kiosk-kiira-77-alekeskus\/","og_site_name":"Alekeskus","article_modified_time":"2026-02-04T17:35:24+00:00","og_image":[{"width":1600,"height":1200,"url":"https:\/\/alekeskus.eu\/wp-content\/uploads\/2025\/04\/Kira_7.7_m2_NATURAL_wb.jpg","type":"image\/jpeg"}],"twitter_card":"summary_large_image","twitter_misc":{"Est. reading time":"1 minut"},"schema":{"@context":"https:\/\/schema.org","@graph":[{"@type":"WebPage","@id":"https:\/\/alekeskus.eu\/et\/toode\/kiosk-kiira-77-alekeskus\/","url":"https:\/\/alekeskus.eu\/et\/toode\/kiosk-kiira-77-alekeskus\/","name":"Kiosk Kiira 7,7 m\u00b2 - Alekeskus","isPartOf":{"@id":"https:\/\/alekeskus.eu\/#website"},"primaryImageOfPage":{"@id":"https:\/\/alekeskus.eu\/et\/toode\/kiosk-kiira-77-alekeskus\/#primaryimage"},"image":{"@id":"https:\/\/alekeskus.eu\/et\/toode\/kiosk-kiira-77-alekeskus\/#primaryimage"},"thumbnailUrl":"https:\/\/alekeskus.eu\/wp-content\/uploads\/2025\/04\/Kira_7.7_m2_NATURAL_wb.jpg","datePublished":"2025-04-11T18:04:40+00:00","dateModified":"2026-02-04T17:35:24+00:00","description":"Kaasaegne kiosk tasuta veoga","breadcrumb":{"@id":"https:\/\/alekeskus.eu\/et\/toode\/kiosk-kiira-77-alekeskus\/#breadcrumb"},"inLanguage":"et","potentialAction":[{"@type":"ReadAction","target":["https:\/\/alekeskus.eu\/et\/toode\/kiosk-kiira-77-alekeskus\/"]}]},{"@type":"ImageObject","inLanguage":"et","@id":"https:\/\/alekeskus.eu\/et\/toode\/kiosk-kiira-77-alekeskus\/#primaryimage","url":"https:\/\/alekeskus.eu\/wp-content\/uploads\/2025\/04\/Kira_7.7_m2_NATURAL_wb.jpg","contentUrl":"https:\/\/alekeskus.eu\/wp-content\/uploads\/2025\/04\/Kira_7.7_m2_NATURAL_wb.jpg","width":1600,"height":1200},{"@type":"BreadcrumbList","@id":"https:\/\/alekeskus.eu\/et\/toode\/kiosk-kiira-77-alekeskus\/#breadcrumb","itemListElement":[{"@type":"ListItem","position":1,"name":"Avaleht","item":"https:\/\/alekeskus.eu\/et\/"},{"@type":"ListItem","position":2,"name":"Pood","item":"https:\/\/alekeskus.eu\/pood\/"},{"@type":"ListItem","position":3,"name":"Kiosk Kiira 7,7 m\u00b2"}]},{"@type":"WebSite","@id":"https:\/\/alekeskus.eu\/#website","url":"https:\/\/alekeskus.eu\/","name":"Alekeskus","description":"Alekeskus.eu","potentialAction":[{"@type":"SearchAction","target":{"@type":"EntryPoint","urlTemplate":"https:\/\/alekeskus.eu\/?s={search_term_string}"},"query-input":{"@type":"PropertyValueSpecification","valueRequired":true,"valueName":"search_term_string"}}],"inLanguage":"et"}]}},"brands":[{"id":18577,"name":"Eesti","slug":"eesti"}],"_links":{"self":[{"href":"https:\/\/alekeskus.eu\/et\/wp-json\/wp\/v2\/product\/91862","targetHints":{"allow":["GET"]}}],"collection":[{"href":"https:\/\/alekeskus.eu\/et\/wp-json\/wp\/v2\/product"}],"about":[{"href":"https:\/\/alekeskus.eu\/et\/wp-json\/wp\/v2\/types\/product"}],"wp:featuredmedia":[{"embeddable":true,"href":"https:\/\/alekeskus.eu\/et\/wp-json\/wp\/v2\/media\/91896"}],"wp:attachment":[{"href":"https:\/\/alekeskus.eu\/et\/wp-json\/wp\/v2\/media?parent=91862"}],"wp:term":[{"taxonomy":"pwb-brand","embeddable":true,"href":"https:\/\/alekeskus.eu\/et\/wp-json\/wp\/v2\/pwb-brand?post=91862"},{"taxonomy":"product_brand","embeddable":true,"href":"https:\/\/alekeskus.eu\/et\/wp-json\/wp\/v2\/product_brand?post=91862"},{"taxonomy":"product_cat","embeddable":true,"href":"https:\/\/alekeskus.eu\/et\/wp-json\/wp\/v2\/product_cat?post=91862"},{"taxonomy":"product_tag","embeddable":true,"href":"https:\/\/alekeskus.eu\/et\/wp-json\/wp\/v2\/product_tag?post=91862"}],"curies":[{"name":"wp","href":"https:\/\/api.w.org\/{rel}","templated":true}]}}