{"id":91915,"date":"2025-04-13T18:59:11","date_gmt":"2025-04-13T18:59:11","guid":{"rendered":"https:\/\/alekeskus.eu\/?post_type=product&#038;p=91915"},"modified":"2026-02-04T17:21:35","modified_gmt":"2026-02-04T17:21:35","slug":"kiosk-mari-62-kokkupakitav-alekeskus","status":"publish","type":"product","link":"https:\/\/alekeskus.eu\/et\/toode\/kiosk-mari-62-kokkupakitav-alekeskus\/","title":{"rendered":"Kiosk Mari 6,2 m\u00b2 kokkupakitav ja teisaldatav"},"content":{"rendered":"<div class=\"pictogram qtip-additional-element\">\n<div class=\"image\">\n<p><strong>Lisahinnaga:<\/strong><\/p>\n<ul>\n<li><strong>v\u00e4ljast valgeks v\u00e4rvituna\u00a0<\/strong><\/li>\n<\/ul>\n<\/div>\n<div class=\"image\">Pakend: 3,2&#215;1,2&#215;0,7 m; kaal 650 kg<\/div>\n<div>Paigaldusohje: <a href=\"https:\/\/alekeskus.eu\/wp-content\/uploads\/2025\/04\/Mari-6.2_EL16-3023-ohje.pdf\">Mari 6.2_EL16-3023 ohje<\/a><\/div>\n<\/div>\n<div class=\"pictogram qtip-additional-element\"><\/div>\n","protected":false},"excerpt":{"rendered":"<p>V\u00e4lism\u00f5\u00f5dud: <strong>298 x 228 cm<\/strong>.<\/p>\n<p><strong>TASUTA VEDU JA MAHALAADIMINE(ka suursaartel)!<\/strong><\/p>\n<ul>\n<li><strong>p\u00f5randaelemendid 19 mm punnlauaga<\/strong><\/li>\n<li><strong>seinad ja katus elementidest<\/strong>\u00a0<strong>16 mm punnlauaga (koostatakse klambritega, et saaks kiiresti lammutada ja kokku pakkida)<\/strong><\/li>\n<li>seinte k\u00f5rgused 207 cm ja 245 cm<\/li>\n<li>katuse pindala 10 m\u00b2 ja kalle 10\u00ba, r\u00e4\u00e4stas ees 46 cm<\/li>\n<li><strong>vajadusel h\u00f5lpsasti alusraamile(90&#215;90 mm postidega ja taladega 44&#215;140 ja 44&#215;195 mm)\u00a0 kokkupakitav ja sellega teisaldatav<\/strong><\/li>\n<li><strong>eemaldatav PVC-katusekate 2,8 x 3,56 m<\/strong><\/li>\n<li>puidukaitsega t\u00f6\u00f6deldud p\u00f5randatalad 45 x 95 mm<\/li>\n<li>seestpoolt suletavad letiga luuk ja 2 \u00e4\u00e4re luuki<\/li>\n<li>silinderlukuga uks 80 x 174 cm<\/li>\n<li>tellitav v\u00e4ljast valgeks v\u00e4rvituna +700\u20ac, tellimisaeg 2-4 n\u00e4dalat pikem<\/li>\n<li>kinnitusvahendid ja koostejuhend<\/li>\n<li>vihmakindel pakend<\/li>\n<li>5-aastane tehase garantii<\/li>\n<li>Eesti toode<\/li>\n<li>peegelpildis paigaldatav<\/li>\n<\/ul>\n<p>K\u00fcsi ka paigaldust!<\/p>\n","protected":false},"featured_media":91953,"template":"","meta":{"_monsterinsights_skip_tracking":false,"_monsterinsights_sitenote_active":false,"_monsterinsights_sitenote_note":"","_monsterinsights_sitenote_category":0},"pwb-brand":[18577],"product_brand":[],"product_cat":[17182,13592,13540,13600,13602],"product_tag":[18461,13914,13922,15804,18325,13819,18459,18460],"class_list":{"0":"post-91915","1":"product","2":"type-product","3":"status-publish","4":"has-post-thumbnail","6":"pwb-brand-eesti","7":"product_cat-suvekoogid-alekeskus","8":"product_cat-aia-ja-grillmajad","9":"product_cat-hooned-alekeskus","10":"product_cat-kuurid-aidad-kioskid","11":"product_cat-elementmajad","12":"product_tag-grillikioski","13":"product_tag-kiosk","14":"product_tag-kioski","15":"product_tag-muugilett","16":"product_tag-palmako-pihavarasto","17":"product_tag-vaja","18":"product_tag-turukiosk","19":"product_tag-nakkikioski","20":"product_shipping_class-tasuta-transport-kuni-1000kg","21":"pa_garantii-5-aastat","22":"pa_kohaletoimetamine-eestis-tasuta-alekeskus","23":"pa_laoasukoht-laane-virumaa-eesti","24":"pa_pindalam-18704","25":"pa_seinapaksus-16-mm","26":"pa_tellimisaeg-tilausaika-alekeskus","27":"pa_varv-valge","28":"pa_varv-viimistlemata","29":"pa_veame-eesti-ja-soome","31":"first","32":"instock","33":"taxable","34":"shipping-taxable","35":"purchasable","36":"product-type-variable","37":"has-default-attributes"},"yoast_head":"<!-- This site is optimized with the Yoast SEO plugin v27.3 - https:\/\/yoast.com\/product\/yoast-seo-wordpress\/ -->\n<title>Kiosk Mari 6,2 m\u00b2 kokkupakitav ja teisaldatav - Alekeskus<\/title>\n<meta name=\"description\" content=\"Kokkupakitav kiosk.\" \/>\n<meta name=\"robots\" content=\"index, follow, max-snippet:-1, max-image-preview:large, max-video-preview:-1\" \/>\n<link rel=\"canonical\" href=\"https:\/\/alekeskus.eu\/toode\/kiosk-mari-62-kokkupakitav-alekeskus\/\" \/>\n<meta property=\"og:locale\" content=\"et_EE\" \/>\n<meta property=\"og:type\" content=\"article\" \/>\n<meta property=\"og:title\" content=\"Kiosk Mari 6,2 m\u00b2 kokkupakitav ja teisaldatav - Alekeskus\" \/>\n<meta property=\"og:description\" content=\"Kokkupakitav kiosk.\" \/>\n<meta property=\"og:url\" content=\"https:\/\/alekeskus.eu\/toode\/kiosk-mari-62-kokkupakitav-alekeskus\/\" \/>\n<meta property=\"og:site_name\" content=\"Alekeskus\" \/>\n<meta property=\"article:modified_time\" content=\"2026-02-04T17:21:35+00:00\" \/>\n<meta property=\"og:image\" content=\"https:\/\/alekeskus.eu\/wp-content\/uploads\/2025\/04\/Marian_6.2_NATURAL_wb.jpg\" \/>\n\t<meta property=\"og:image:width\" content=\"2500\" \/>\n\t<meta property=\"og:image:height\" content=\"1875\" \/>\n\t<meta property=\"og:image:type\" content=\"image\/jpeg\" \/>\n<meta name=\"twitter:card\" content=\"summary_large_image\" \/>\n<meta name=\"twitter:label1\" content=\"Est. reading time\" \/>\n\t<meta name=\"twitter:data1\" content=\"1 minut\" \/>\n<script type=\"application\/ld+json\" class=\"yoast-schema-graph\">{\"@context\":\"https:\\\/\\\/schema.org\",\"@graph\":[{\"@type\":\"WebPage\",\"@id\":\"https:\\\/\\\/alekeskus.eu\\\/toode\\\/kiosk-mari-62-kokkupakitav-alekeskus\\\/\",\"url\":\"https:\\\/\\\/alekeskus.eu\\\/toode\\\/kiosk-mari-62-kokkupakitav-alekeskus\\\/\",\"name\":\"Kiosk Mari 6,2 m\u00b2 kokkupakitav ja teisaldatav - Alekeskus\",\"isPartOf\":{\"@id\":\"https:\\\/\\\/alekeskus.eu\\\/#website\"},\"primaryImageOfPage\":{\"@id\":\"https:\\\/\\\/alekeskus.eu\\\/toode\\\/kiosk-mari-62-kokkupakitav-alekeskus\\\/#primaryimage\"},\"image\":{\"@id\":\"https:\\\/\\\/alekeskus.eu\\\/toode\\\/kiosk-mari-62-kokkupakitav-alekeskus\\\/#primaryimage\"},\"thumbnailUrl\":\"https:\\\/\\\/alekeskus.eu\\\/wp-content\\\/uploads\\\/2025\\\/04\\\/Marian_6.2_NATURAL_wb.jpg\",\"datePublished\":\"2025-04-13T18:59:11+00:00\",\"dateModified\":\"2026-02-04T17:21:35+00:00\",\"description\":\"Kokkupakitav kiosk.\",\"breadcrumb\":{\"@id\":\"https:\\\/\\\/alekeskus.eu\\\/toode\\\/kiosk-mari-62-kokkupakitav-alekeskus\\\/#breadcrumb\"},\"inLanguage\":\"et\",\"potentialAction\":[{\"@type\":\"ReadAction\",\"target\":[\"https:\\\/\\\/alekeskus.eu\\\/toode\\\/kiosk-mari-62-kokkupakitav-alekeskus\\\/\"]}]},{\"@type\":\"ImageObject\",\"inLanguage\":\"et\",\"@id\":\"https:\\\/\\\/alekeskus.eu\\\/toode\\\/kiosk-mari-62-kokkupakitav-alekeskus\\\/#primaryimage\",\"url\":\"https:\\\/\\\/alekeskus.eu\\\/wp-content\\\/uploads\\\/2025\\\/04\\\/Marian_6.2_NATURAL_wb.jpg\",\"contentUrl\":\"https:\\\/\\\/alekeskus.eu\\\/wp-content\\\/uploads\\\/2025\\\/04\\\/Marian_6.2_NATURAL_wb.jpg\",\"width\":1600,\"height\":1200},{\"@type\":\"BreadcrumbList\",\"@id\":\"https:\\\/\\\/alekeskus.eu\\\/toode\\\/kiosk-mari-62-kokkupakitav-alekeskus\\\/#breadcrumb\",\"itemListElement\":[{\"@type\":\"ListItem\",\"position\":1,\"name\":\"Avaleht\",\"item\":\"https:\\\/\\\/alekeskus.eu\\\/et\\\/\"},{\"@type\":\"ListItem\",\"position\":2,\"name\":\"Pood\",\"item\":\"https:\\\/\\\/alekeskus.eu\\\/pood\\\/\"},{\"@type\":\"ListItem\",\"position\":3,\"name\":\"Kiosk Mari 6,2 m\u00b2 kokkupakitav ja teisaldatav\"}]},{\"@type\":\"WebSite\",\"@id\":\"https:\\\/\\\/alekeskus.eu\\\/#website\",\"url\":\"https:\\\/\\\/alekeskus.eu\\\/\",\"name\":\"Alekeskus\",\"description\":\"Alekeskus.eu\",\"potentialAction\":[{\"@type\":\"SearchAction\",\"target\":{\"@type\":\"EntryPoint\",\"urlTemplate\":\"https:\\\/\\\/alekeskus.eu\\\/?s={search_term_string}\"},\"query-input\":{\"@type\":\"PropertyValueSpecification\",\"valueRequired\":true,\"valueName\":\"search_term_string\"}}],\"inLanguage\":\"et\"}]}<\/script>\n<!-- \/ Yoast SEO plugin. -->","yoast_head_json":{"title":"Kiosk Mari 6,2 m\u00b2 kokkupakitav ja teisaldatav - Alekeskus","description":"Kokkupakitav kiosk.","robots":{"index":"index","follow":"follow","max-snippet":"max-snippet:-1","max-image-preview":"max-image-preview:large","max-video-preview":"max-video-preview:-1"},"canonical":"https:\/\/alekeskus.eu\/toode\/kiosk-mari-62-kokkupakitav-alekeskus\/","og_locale":"et_EE","og_type":"article","og_title":"Kiosk Mari 6,2 m\u00b2 kokkupakitav ja teisaldatav - Alekeskus","og_description":"Kokkupakitav kiosk.","og_url":"https:\/\/alekeskus.eu\/toode\/kiosk-mari-62-kokkupakitav-alekeskus\/","og_site_name":"Alekeskus","article_modified_time":"2026-02-04T17:21:35+00:00","og_image":[{"width":2500,"height":1875,"url":"https:\/\/alekeskus.eu\/wp-content\/uploads\/2025\/04\/Marian_6.2_NATURAL_wb.jpg","type":"image\/jpeg"}],"twitter_card":"summary_large_image","twitter_misc":{"Est. reading time":"1 minut"},"schema":{"@context":"https:\/\/schema.org","@graph":[{"@type":"WebPage","@id":"https:\/\/alekeskus.eu\/toode\/kiosk-mari-62-kokkupakitav-alekeskus\/","url":"https:\/\/alekeskus.eu\/toode\/kiosk-mari-62-kokkupakitav-alekeskus\/","name":"Kiosk Mari 6,2 m\u00b2 kokkupakitav ja teisaldatav - Alekeskus","isPartOf":{"@id":"https:\/\/alekeskus.eu\/#website"},"primaryImageOfPage":{"@id":"https:\/\/alekeskus.eu\/toode\/kiosk-mari-62-kokkupakitav-alekeskus\/#primaryimage"},"image":{"@id":"https:\/\/alekeskus.eu\/toode\/kiosk-mari-62-kokkupakitav-alekeskus\/#primaryimage"},"thumbnailUrl":"https:\/\/alekeskus.eu\/wp-content\/uploads\/2025\/04\/Marian_6.2_NATURAL_wb.jpg","datePublished":"2025-04-13T18:59:11+00:00","dateModified":"2026-02-04T17:21:35+00:00","description":"Kokkupakitav kiosk.","breadcrumb":{"@id":"https:\/\/alekeskus.eu\/toode\/kiosk-mari-62-kokkupakitav-alekeskus\/#breadcrumb"},"inLanguage":"et","potentialAction":[{"@type":"ReadAction","target":["https:\/\/alekeskus.eu\/toode\/kiosk-mari-62-kokkupakitav-alekeskus\/"]}]},{"@type":"ImageObject","inLanguage":"et","@id":"https:\/\/alekeskus.eu\/toode\/kiosk-mari-62-kokkupakitav-alekeskus\/#primaryimage","url":"https:\/\/alekeskus.eu\/wp-content\/uploads\/2025\/04\/Marian_6.2_NATURAL_wb.jpg","contentUrl":"https:\/\/alekeskus.eu\/wp-content\/uploads\/2025\/04\/Marian_6.2_NATURAL_wb.jpg","width":1600,"height":1200},{"@type":"BreadcrumbList","@id":"https:\/\/alekeskus.eu\/toode\/kiosk-mari-62-kokkupakitav-alekeskus\/#breadcrumb","itemListElement":[{"@type":"ListItem","position":1,"name":"Avaleht","item":"https:\/\/alekeskus.eu\/et\/"},{"@type":"ListItem","position":2,"name":"Pood","item":"https:\/\/alekeskus.eu\/pood\/"},{"@type":"ListItem","position":3,"name":"Kiosk Mari 6,2 m\u00b2 kokkupakitav ja teisaldatav"}]},{"@type":"WebSite","@id":"https:\/\/alekeskus.eu\/#website","url":"https:\/\/alekeskus.eu\/","name":"Alekeskus","description":"Alekeskus.eu","potentialAction":[{"@type":"SearchAction","target":{"@type":"EntryPoint","urlTemplate":"https:\/\/alekeskus.eu\/?s={search_term_string}"},"query-input":{"@type":"PropertyValueSpecification","valueRequired":true,"valueName":"search_term_string"}}],"inLanguage":"et"}]}},"brands":[{"id":18577,"name":"Eesti","slug":"eesti"}],"_links":{"self":[{"href":"https:\/\/alekeskus.eu\/et\/wp-json\/wp\/v2\/product\/91915","targetHints":{"allow":["GET"]}}],"collection":[{"href":"https:\/\/alekeskus.eu\/et\/wp-json\/wp\/v2\/product"}],"about":[{"href":"https:\/\/alekeskus.eu\/et\/wp-json\/wp\/v2\/types\/product"}],"wp:featuredmedia":[{"embeddable":true,"href":"https:\/\/alekeskus.eu\/et\/wp-json\/wp\/v2\/media\/91953"}],"wp:attachment":[{"href":"https:\/\/alekeskus.eu\/et\/wp-json\/wp\/v2\/media?parent=91915"}],"wp:term":[{"taxonomy":"pwb-brand","embeddable":true,"href":"https:\/\/alekeskus.eu\/et\/wp-json\/wp\/v2\/pwb-brand?post=91915"},{"taxonomy":"product_brand","embeddable":true,"href":"https:\/\/alekeskus.eu\/et\/wp-json\/wp\/v2\/product_brand?post=91915"},{"taxonomy":"product_cat","embeddable":true,"href":"https:\/\/alekeskus.eu\/et\/wp-json\/wp\/v2\/product_cat?post=91915"},{"taxonomy":"product_tag","embeddable":true,"href":"https:\/\/alekeskus.eu\/et\/wp-json\/wp\/v2\/product_tag?post=91915"}],"curies":[{"name":"wp","href":"https:\/\/api.w.org\/{rel}","templated":true}]}}