{"id":92181,"date":"2025-04-23T12:19:27","date_gmt":"2025-04-23T12:19:27","guid":{"rendered":"https:\/\/alekeskus.eu\/?post_type=product&#038;p=92181"},"modified":"2025-04-23T13:03:49","modified_gmt":"2025-04-23T13:03:49","slug":"puuladu-84-alekeskus","status":"publish","type":"product","link":"https:\/\/alekeskus.eu\/et\/toode\/puuladu-84-alekeskus\/","title":{"rendered":"Puuladu 8,4 m\u00b2"},"content":{"rendered":"<p>Paigaldusohje ja osaloetelu: <a href=\"https:\/\/alekeskus.eu\/wp-content\/uploads\/2025\/04\/Puuladu-84-ohje.pdf\">Puuladu 8,4 ohje<\/a><\/p>\n","protected":false},"excerpt":{"rendered":"<p>V\u00e4lism\u00f5\u00f5dud: <strong>350<\/strong><b> x 250 cm.<\/b><\/p>\n<p><strong>TASUTA VEDU JA MAHALAADIMINE (ka suursaartel) !<\/strong><\/p>\n<ul>\n<li>harja k\u00f5rgus<strong> 254 cm,<\/strong> r\u00e4\u00e4sta k\u00f5rgus<strong> 210 cm<\/strong><\/li>\n<li>seinad freeslaud <strong>34 x 120 mm vahedega halgude kiiremaks kuivamiseks<\/strong><\/li>\n<li>nurkade ja seinte tugevdusliistud 70 x 28 mm<\/li>\n<li>punnitud katuselauad 19 x 89 mm, 44 x 140 mm katuse p\u00e4rlinid<\/li>\n<li>p\u00f5randat ei ole<\/li>\n<li>bituumensindel v\u00f5i SBS-bituumenrullkate lisahinnaga<\/li>\n<li>kutsikaga uks (ava m\u00f5\u00f5dud 112 x 193 cm)<\/li>\n<li>\n<div class=\"spec-name\">r\u00e4\u00e4stas 32 cm, katuse kalle 19\u00b0, katuse pindala 13 m<sup>2<\/sup><\/div>\n<\/li>\n<li>\n<div class=\"spec-name\">kinnitusvahendid, paigaldusjuhend<\/div>\n<\/li>\n<li>tehase garantii 2 aastat<\/li>\n<li>ilmastikukindel pakend<\/li>\n<li>Eesti toode<\/li>\n<\/ul>\n<p>K\u00fcsi ka paigaldust!<\/p>\n","protected":false},"featured_media":92203,"template":"","meta":{"_monsterinsights_skip_tracking":false,"_monsterinsights_sitenote_active":false,"_monsterinsights_sitenote_note":"","_monsterinsights_sitenote_category":0},"pwb-brand":[18577],"product_brand":[],"product_cat":[13540,13596,13600],"product_tag":[17936,13987,18325,14264,14265,14277,18636,18637,15833,17443],"class_list":{"0":"post-92181","1":"product","2":"type-product","3":"status-publish","4":"has-post-thumbnail","6":"pwb-brand-eesti","7":"product_cat-hooned-alekeskus","8":"product_cat-varjualused-talveaiad-alekeskus","9":"product_cat-kuurid-aidad-kioskid","10":"product_tag-pihavarasto","11":"product_tag-puukuur","12":"product_tag-palmako-pihavarasto","13":"product_tag-aiakuur","14":"product_tag-pihavaja","15":"product_tag-freespalk","16":"product_tag-halgude-hoidla","17":"product_tag-kutteladu","18":"product_tag-klapilato","19":"product_tag-tyokaluvaja","20":"product_shipping_class-tasuta-transport-kuni-1000kg","21":"pa_garantii-2-aastat","22":"pa_kohaletoimetamine-eestis-tasuta-alekeskus","23":"pa_laoasukoht-tartumaa","24":"pa_pindalam-15402","25":"pa_seinapaksus-34-mm","26":"pa_varv-viimistlemata","27":"pa_veame-eesti-ja-soome","29":"first","30":"instock","31":"featured","32":"taxable","33":"shipping-taxable","34":"purchasable","35":"product-type-simple"},"yoast_head":"<!-- This site is optimized with the Yoast SEO plugin v27.3 - https:\/\/yoast.com\/product\/yoast-seo-wordpress\/ -->\n<title>Puuladu 8,4 m\u00b2 - Alekeskus<\/title>\n<meta name=\"description\" content=\"\u00d5hupiludega puukuur v\u00f5imaldab halgude kiiremat kuivamist.\" \/>\n<meta name=\"robots\" content=\"index, follow, max-snippet:-1, max-image-preview:large, max-video-preview:-1\" \/>\n<link rel=\"canonical\" href=\"https:\/\/alekeskus.eu\/et\/toode\/puuladu-84-alekeskus\/\" \/>\n<meta property=\"og:locale\" content=\"et_EE\" \/>\n<meta property=\"og:type\" content=\"article\" \/>\n<meta property=\"og:title\" content=\"Puuladu 8,4 m\u00b2 - Alekeskus\" \/>\n<meta property=\"og:description\" content=\"\u00d5hupiludega puukuur v\u00f5imaldab halgude kiiremat kuivamist.\" \/>\n<meta property=\"og:url\" content=\"https:\/\/alekeskus.eu\/et\/toode\/puuladu-84-alekeskus\/\" \/>\n<meta property=\"og:site_name\" content=\"Alekeskus\" \/>\n<meta property=\"article:modified_time\" content=\"2025-04-23T13:03:49+00:00\" \/>\n<meta property=\"og:image\" content=\"https:\/\/alekeskus.eu\/wp-content\/uploads\/2025\/04\/Samuel-haluhoidla-84m2.jpg\" \/>\n\t<meta property=\"og:image:width\" content=\"2500\" \/>\n\t<meta property=\"og:image:height\" content=\"1875\" \/>\n\t<meta property=\"og:image:type\" content=\"image\/jpeg\" \/>\n<meta name=\"twitter:card\" content=\"summary_large_image\" \/>\n<meta name=\"twitter:label1\" content=\"Est. reading time\" \/>\n\t<meta name=\"twitter:data1\" content=\"1 minut\" \/>\n<script type=\"application\/ld+json\" class=\"yoast-schema-graph\">{\"@context\":\"https:\\\/\\\/schema.org\",\"@graph\":[{\"@type\":\"WebPage\",\"@id\":\"https:\\\/\\\/alekeskus.eu\\\/et\\\/toode\\\/puuladu-84-alekeskus\\\/\",\"url\":\"https:\\\/\\\/alekeskus.eu\\\/et\\\/toode\\\/puuladu-84-alekeskus\\\/\",\"name\":\"Puuladu 8,4 m\u00b2 - Alekeskus\",\"isPartOf\":{\"@id\":\"https:\\\/\\\/alekeskus.eu\\\/#website\"},\"primaryImageOfPage\":{\"@id\":\"https:\\\/\\\/alekeskus.eu\\\/et\\\/toode\\\/puuladu-84-alekeskus\\\/#primaryimage\"},\"image\":{\"@id\":\"https:\\\/\\\/alekeskus.eu\\\/et\\\/toode\\\/puuladu-84-alekeskus\\\/#primaryimage\"},\"thumbnailUrl\":\"https:\\\/\\\/alekeskus.eu\\\/wp-content\\\/uploads\\\/2025\\\/04\\\/Samuel-haluhoidla-84m2.jpg\",\"datePublished\":\"2025-04-23T12:19:27+00:00\",\"dateModified\":\"2025-04-23T13:03:49+00:00\",\"description\":\"\u00d5hupiludega puukuur v\u00f5imaldab halgude kiiremat kuivamist.\",\"breadcrumb\":{\"@id\":\"https:\\\/\\\/alekeskus.eu\\\/et\\\/toode\\\/puuladu-84-alekeskus\\\/#breadcrumb\"},\"inLanguage\":\"et\",\"potentialAction\":[{\"@type\":\"ReadAction\",\"target\":[\"https:\\\/\\\/alekeskus.eu\\\/et\\\/toode\\\/puuladu-84-alekeskus\\\/\"]}]},{\"@type\":\"ImageObject\",\"inLanguage\":\"et\",\"@id\":\"https:\\\/\\\/alekeskus.eu\\\/et\\\/toode\\\/puuladu-84-alekeskus\\\/#primaryimage\",\"url\":\"https:\\\/\\\/alekeskus.eu\\\/wp-content\\\/uploads\\\/2025\\\/04\\\/Samuel-haluhoidla-84m2.jpg\",\"contentUrl\":\"https:\\\/\\\/alekeskus.eu\\\/wp-content\\\/uploads\\\/2025\\\/04\\\/Samuel-haluhoidla-84m2.jpg\",\"width\":1600,\"height\":1200},{\"@type\":\"BreadcrumbList\",\"@id\":\"https:\\\/\\\/alekeskus.eu\\\/et\\\/toode\\\/puuladu-84-alekeskus\\\/#breadcrumb\",\"itemListElement\":[{\"@type\":\"ListItem\",\"position\":1,\"name\":\"Avaleht\",\"item\":\"https:\\\/\\\/alekeskus.eu\\\/et\\\/\"},{\"@type\":\"ListItem\",\"position\":2,\"name\":\"Pood\",\"item\":\"https:\\\/\\\/alekeskus.eu\\\/pood\\\/\"},{\"@type\":\"ListItem\",\"position\":3,\"name\":\"Puuladu 8,4 m\u00b2\"}]},{\"@type\":\"WebSite\",\"@id\":\"https:\\\/\\\/alekeskus.eu\\\/#website\",\"url\":\"https:\\\/\\\/alekeskus.eu\\\/\",\"name\":\"Alekeskus\",\"description\":\"Alekeskus.eu\",\"potentialAction\":[{\"@type\":\"SearchAction\",\"target\":{\"@type\":\"EntryPoint\",\"urlTemplate\":\"https:\\\/\\\/alekeskus.eu\\\/?s={search_term_string}\"},\"query-input\":{\"@type\":\"PropertyValueSpecification\",\"valueRequired\":true,\"valueName\":\"search_term_string\"}}],\"inLanguage\":\"et\"}]}<\/script>\n<!-- \/ Yoast SEO plugin. -->","yoast_head_json":{"title":"Puuladu 8,4 m\u00b2 - Alekeskus","description":"\u00d5hupiludega puukuur v\u00f5imaldab halgude kiiremat kuivamist.","robots":{"index":"index","follow":"follow","max-snippet":"max-snippet:-1","max-image-preview":"max-image-preview:large","max-video-preview":"max-video-preview:-1"},"canonical":"https:\/\/alekeskus.eu\/et\/toode\/puuladu-84-alekeskus\/","og_locale":"et_EE","og_type":"article","og_title":"Puuladu 8,4 m\u00b2 - Alekeskus","og_description":"\u00d5hupiludega puukuur v\u00f5imaldab halgude kiiremat kuivamist.","og_url":"https:\/\/alekeskus.eu\/et\/toode\/puuladu-84-alekeskus\/","og_site_name":"Alekeskus","article_modified_time":"2025-04-23T13:03:49+00:00","og_image":[{"width":2500,"height":1875,"url":"https:\/\/alekeskus.eu\/wp-content\/uploads\/2025\/04\/Samuel-haluhoidla-84m2.jpg","type":"image\/jpeg"}],"twitter_card":"summary_large_image","twitter_misc":{"Est. reading time":"1 minut"},"schema":{"@context":"https:\/\/schema.org","@graph":[{"@type":"WebPage","@id":"https:\/\/alekeskus.eu\/et\/toode\/puuladu-84-alekeskus\/","url":"https:\/\/alekeskus.eu\/et\/toode\/puuladu-84-alekeskus\/","name":"Puuladu 8,4 m\u00b2 - Alekeskus","isPartOf":{"@id":"https:\/\/alekeskus.eu\/#website"},"primaryImageOfPage":{"@id":"https:\/\/alekeskus.eu\/et\/toode\/puuladu-84-alekeskus\/#primaryimage"},"image":{"@id":"https:\/\/alekeskus.eu\/et\/toode\/puuladu-84-alekeskus\/#primaryimage"},"thumbnailUrl":"https:\/\/alekeskus.eu\/wp-content\/uploads\/2025\/04\/Samuel-haluhoidla-84m2.jpg","datePublished":"2025-04-23T12:19:27+00:00","dateModified":"2025-04-23T13:03:49+00:00","description":"\u00d5hupiludega puukuur v\u00f5imaldab halgude kiiremat kuivamist.","breadcrumb":{"@id":"https:\/\/alekeskus.eu\/et\/toode\/puuladu-84-alekeskus\/#breadcrumb"},"inLanguage":"et","potentialAction":[{"@type":"ReadAction","target":["https:\/\/alekeskus.eu\/et\/toode\/puuladu-84-alekeskus\/"]}]},{"@type":"ImageObject","inLanguage":"et","@id":"https:\/\/alekeskus.eu\/et\/toode\/puuladu-84-alekeskus\/#primaryimage","url":"https:\/\/alekeskus.eu\/wp-content\/uploads\/2025\/04\/Samuel-haluhoidla-84m2.jpg","contentUrl":"https:\/\/alekeskus.eu\/wp-content\/uploads\/2025\/04\/Samuel-haluhoidla-84m2.jpg","width":1600,"height":1200},{"@type":"BreadcrumbList","@id":"https:\/\/alekeskus.eu\/et\/toode\/puuladu-84-alekeskus\/#breadcrumb","itemListElement":[{"@type":"ListItem","position":1,"name":"Avaleht","item":"https:\/\/alekeskus.eu\/et\/"},{"@type":"ListItem","position":2,"name":"Pood","item":"https:\/\/alekeskus.eu\/pood\/"},{"@type":"ListItem","position":3,"name":"Puuladu 8,4 m\u00b2"}]},{"@type":"WebSite","@id":"https:\/\/alekeskus.eu\/#website","url":"https:\/\/alekeskus.eu\/","name":"Alekeskus","description":"Alekeskus.eu","potentialAction":[{"@type":"SearchAction","target":{"@type":"EntryPoint","urlTemplate":"https:\/\/alekeskus.eu\/?s={search_term_string}"},"query-input":{"@type":"PropertyValueSpecification","valueRequired":true,"valueName":"search_term_string"}}],"inLanguage":"et"}]}},"brands":[{"id":18577,"name":"Eesti","slug":"eesti"}],"_links":{"self":[{"href":"https:\/\/alekeskus.eu\/et\/wp-json\/wp\/v2\/product\/92181","targetHints":{"allow":["GET"]}}],"collection":[{"href":"https:\/\/alekeskus.eu\/et\/wp-json\/wp\/v2\/product"}],"about":[{"href":"https:\/\/alekeskus.eu\/et\/wp-json\/wp\/v2\/types\/product"}],"wp:featuredmedia":[{"embeddable":true,"href":"https:\/\/alekeskus.eu\/et\/wp-json\/wp\/v2\/media\/92203"}],"wp:attachment":[{"href":"https:\/\/alekeskus.eu\/et\/wp-json\/wp\/v2\/media?parent=92181"}],"wp:term":[{"taxonomy":"pwb-brand","embeddable":true,"href":"https:\/\/alekeskus.eu\/et\/wp-json\/wp\/v2\/pwb-brand?post=92181"},{"taxonomy":"product_brand","embeddable":true,"href":"https:\/\/alekeskus.eu\/et\/wp-json\/wp\/v2\/product_brand?post=92181"},{"taxonomy":"product_cat","embeddable":true,"href":"https:\/\/alekeskus.eu\/et\/wp-json\/wp\/v2\/product_cat?post=92181"},{"taxonomy":"product_tag","embeddable":true,"href":"https:\/\/alekeskus.eu\/et\/wp-json\/wp\/v2\/product_tag?post=92181"}],"curies":[{"name":"wp","href":"https:\/\/api.w.org\/{rel}","templated":true}]}}