{"id":92479,"date":"2025-03-23T06:09:33","date_gmt":"2025-03-23T06:09:33","guid":{"rendered":"https:\/\/alekeskus.eu\/?post_type=product&#038;p=92479"},"modified":"2025-05-23T06:23:40","modified_gmt":"2025-05-23T06:23:40","slug":"veepuhastus-tabletid-alekeskus","status":"publish","type":"product","link":"https:\/\/alekeskus.eu\/et\/toode\/veepuhastus-tabletid-alekeskus\/","title":{"rendered":"Basseini ja k\u00fcmblust\u00fcnni vee puhastustabletid Dutrion 10 tk"},"content":{"rendered":"","protected":false},"excerpt":{"rendered":"<p>Kui soovite hoida k\u00fcmblust\u00fcnnis vett pikemalt ja seda peale iga kasutamist mitte v\u00e4lja vahetada, siis soovitame kasutada Dutrion kloordioksiidi tablette. Kloordioksiidi ei tohi segi ajada kloori sisaldavatega desovahenditega. Need on erinevad ja \u00fcksteisest s\u00f5ltumatud asjad! Dutrionis vaba kloori ei ole!<\/p>\n<p>Ei vaja t\u00e4iendavat vetikavastast vahendit. T\u00f5husad pH omadused vahemikus 4 \u2013 10.<br \/>\nSoovitame kasutada 1 \u2013 2 korda n\u00e4dalas, oleneb k\u00fcmblust\u00fcnni vee kasutuse tihedusest.<br \/>\nLisada korraga \u00fcks Dutrion tablett vette(lahustumise\/desinfitseerimise aeg umbes 60minutit). Peale tableti vette lisamist ja selle lahustumist v\u00f5ib vett segada k\u00e4sitsi v\u00f5i m\u00f5laga (mitte mullis\u00fcsteemiga). Lahustumise ajal v\u00e4ltige gaaside sissehingamist!<br \/>\nTablette v\u00f5ib ka eelnevalt lahustada 1 liitris vees ja valada saadud lahus k\u00fcmblust\u00fcnni.<br \/>\nV\u00e4iksemates k\u00fcmblust\u00fcnnides\/basseinides v\u00f5ib lisada korraga 0,5 liitrit lahust ja 2-3 p\u00e4eva p\u00e4rast lisada \u00fclej\u00e4\u00e4nud lahus.<br \/>\nErinevalt teistest koorilahustest ei \u00e4rrita Dutrioni vees kasutamine silmi ja nahka ega p\u00f5hjusta allergiat. Dutrion tabletid on tunnustatud kasutamises mahep\u00f5llundusliku tootmise juures (OMRI) ja ei moodusta inimestele, loomadele ja taimedele kahjulikke k\u00f5rvalsaadusi. K\u00fcmblust\u00fcnni t\u00fchjendamisel v\u00f5ib vett kasutada muru v\u00f5i taimede<br \/>\nkastmiseks. Tablette s\u00e4ilitada kuivas ja pimedas kohas, lastele k\u00e4ttesaamatult.<\/p>\n<p>Saadaval Noarootsi laos ettehelistamisega 5015483. Soovi korral l\u00e4hetame pakiautomaati.<\/p>\n","protected":false},"featured_media":92481,"template":"","meta":{"_monsterinsights_skip_tracking":false,"_monsterinsights_sitenote_active":false,"_monsterinsights_sitenote_note":"","_monsterinsights_sitenote_category":0},"pwb-brand":[],"product_brand":[],"product_cat":[13582,13536],"product_tag":[18681,18682,18683,18684],"class_list":{"0":"post-92479","1":"product","2":"type-product","3":"status-publish","4":"has-post-thumbnail","6":"product_cat-tarvikud-saun-ja-kumblus","7":"product_cat-saun-ja-kumblus","8":"product_tag-peatugi","9":"product_tag-niskatuki","10":"product_tag-kaelatugi","11":"product_tag-kaelapehmendus","12":"product_shipping_class-pakiautomaat","13":"pa_laoasukoht-viljandimaa","14":"pa_laoasukoht-saadaval-paslepa-laos-5015483-alekeskus","16":"first","17":"instock","18":"taxable","19":"shipping-taxable","20":"purchasable","21":"product-type-simple"},"yoast_head":"<!-- This site is optimized with the Yoast SEO plugin v27.3 - https:\/\/yoast.com\/product\/yoast-seo-wordpress\/ -->\n<title>Basseini ja k\u00fcmblust\u00fcnni vee puhastustabletid Dutrion 10 tk - Alekeskus<\/title>\n<meta name=\"description\" content=\"K\u00fcmblust\u00fcnni vee puhastustabletid Dutrion.\" \/>\n<meta name=\"robots\" content=\"index, follow, max-snippet:-1, max-image-preview:large, max-video-preview:-1\" \/>\n<link rel=\"canonical\" href=\"https:\/\/alekeskus.eu\/toode\/veepuhastus-tabletid-alekeskus\/\" \/>\n<meta property=\"og:locale\" content=\"et_EE\" \/>\n<meta property=\"og:type\" content=\"article\" \/>\n<meta property=\"og:title\" content=\"Basseini ja k\u00fcmblust\u00fcnni vee puhastustabletid Dutrion 10 tk - Alekeskus\" \/>\n<meta property=\"og:description\" content=\"K\u00fcmblust\u00fcnni vee puhastustabletid Dutrion.\" \/>\n<meta property=\"og:url\" content=\"https:\/\/alekeskus.eu\/toode\/veepuhastus-tabletid-alekeskus\/\" \/>\n<meta property=\"og:site_name\" content=\"Alekeskus\" \/>\n<meta property=\"article:modified_time\" content=\"2025-05-23T06:23:40+00:00\" \/>\n<meta property=\"og:image\" content=\"https:\/\/alekeskus.eu\/wp-content\/uploads\/2025\/05\/Dutrion-tabletid-2025-10tk-1024x1024.png\" \/>\n\t<meta property=\"og:image:width\" content=\"1024\" \/>\n\t<meta property=\"og:image:height\" content=\"1024\" \/>\n\t<meta property=\"og:image:type\" content=\"image\/png\" \/>\n<meta name=\"twitter:card\" content=\"summary_large_image\" \/>\n<meta name=\"twitter:label1\" content=\"Est. reading time\" \/>\n\t<meta name=\"twitter:data1\" content=\"1 minut\" \/>\n<script type=\"application\/ld+json\" class=\"yoast-schema-graph\">{\"@context\":\"https:\\\/\\\/schema.org\",\"@graph\":[{\"@type\":\"WebPage\",\"@id\":\"https:\\\/\\\/alekeskus.eu\\\/toode\\\/veepuhastus-tabletid-alekeskus\\\/\",\"url\":\"https:\\\/\\\/alekeskus.eu\\\/toode\\\/veepuhastus-tabletid-alekeskus\\\/\",\"name\":\"Basseini ja k\u00fcmblust\u00fcnni vee puhastustabletid Dutrion 10 tk - Alekeskus\",\"isPartOf\":{\"@id\":\"https:\\\/\\\/alekeskus.eu\\\/#website\"},\"primaryImageOfPage\":{\"@id\":\"https:\\\/\\\/alekeskus.eu\\\/toode\\\/veepuhastus-tabletid-alekeskus\\\/#primaryimage\"},\"image\":{\"@id\":\"https:\\\/\\\/alekeskus.eu\\\/toode\\\/veepuhastus-tabletid-alekeskus\\\/#primaryimage\"},\"thumbnailUrl\":\"https:\\\/\\\/alekeskus.eu\\\/wp-content\\\/uploads\\\/2025\\\/05\\\/Dutrion-tabletid-2025-10tk.png\",\"datePublished\":\"2025-03-23T06:09:33+00:00\",\"dateModified\":\"2025-05-23T06:23:40+00:00\",\"description\":\"K\u00fcmblust\u00fcnni vee puhastustabletid Dutrion.\",\"breadcrumb\":{\"@id\":\"https:\\\/\\\/alekeskus.eu\\\/toode\\\/veepuhastus-tabletid-alekeskus\\\/#breadcrumb\"},\"inLanguage\":\"et\",\"potentialAction\":[{\"@type\":\"ReadAction\",\"target\":[\"https:\\\/\\\/alekeskus.eu\\\/toode\\\/veepuhastus-tabletid-alekeskus\\\/\"]}]},{\"@type\":\"ImageObject\",\"inLanguage\":\"et\",\"@id\":\"https:\\\/\\\/alekeskus.eu\\\/toode\\\/veepuhastus-tabletid-alekeskus\\\/#primaryimage\",\"url\":\"https:\\\/\\\/alekeskus.eu\\\/wp-content\\\/uploads\\\/2025\\\/05\\\/Dutrion-tabletid-2025-10tk.png\",\"contentUrl\":\"https:\\\/\\\/alekeskus.eu\\\/wp-content\\\/uploads\\\/2025\\\/05\\\/Dutrion-tabletid-2025-10tk.png\",\"width\":1600,\"height\":1600},{\"@type\":\"BreadcrumbList\",\"@id\":\"https:\\\/\\\/alekeskus.eu\\\/toode\\\/veepuhastus-tabletid-alekeskus\\\/#breadcrumb\",\"itemListElement\":[{\"@type\":\"ListItem\",\"position\":1,\"name\":\"Avaleht\",\"item\":\"https:\\\/\\\/alekeskus.eu\\\/et\\\/\"},{\"@type\":\"ListItem\",\"position\":2,\"name\":\"Pood\",\"item\":\"https:\\\/\\\/alekeskus.eu\\\/pood\\\/\"},{\"@type\":\"ListItem\",\"position\":3,\"name\":\"Basseini ja k\u00fcmblust\u00fcnni vee puhastustabletid Dutrion 10 tk\"}]},{\"@type\":\"WebSite\",\"@id\":\"https:\\\/\\\/alekeskus.eu\\\/#website\",\"url\":\"https:\\\/\\\/alekeskus.eu\\\/\",\"name\":\"Alekeskus\",\"description\":\"Alekeskus.eu\",\"potentialAction\":[{\"@type\":\"SearchAction\",\"target\":{\"@type\":\"EntryPoint\",\"urlTemplate\":\"https:\\\/\\\/alekeskus.eu\\\/?s={search_term_string}\"},\"query-input\":{\"@type\":\"PropertyValueSpecification\",\"valueRequired\":true,\"valueName\":\"search_term_string\"}}],\"inLanguage\":\"et\"}]}<\/script>\n<!-- \/ Yoast SEO plugin. -->","yoast_head_json":{"title":"Basseini ja k\u00fcmblust\u00fcnni vee puhastustabletid Dutrion 10 tk - Alekeskus","description":"K\u00fcmblust\u00fcnni vee puhastustabletid Dutrion.","robots":{"index":"index","follow":"follow","max-snippet":"max-snippet:-1","max-image-preview":"max-image-preview:large","max-video-preview":"max-video-preview:-1"},"canonical":"https:\/\/alekeskus.eu\/toode\/veepuhastus-tabletid-alekeskus\/","og_locale":"et_EE","og_type":"article","og_title":"Basseini ja k\u00fcmblust\u00fcnni vee puhastustabletid Dutrion 10 tk - Alekeskus","og_description":"K\u00fcmblust\u00fcnni vee puhastustabletid Dutrion.","og_url":"https:\/\/alekeskus.eu\/toode\/veepuhastus-tabletid-alekeskus\/","og_site_name":"Alekeskus","article_modified_time":"2025-05-23T06:23:40+00:00","og_image":[{"width":1024,"height":1024,"url":"https:\/\/alekeskus.eu\/wp-content\/uploads\/2025\/05\/Dutrion-tabletid-2025-10tk-1024x1024.png","type":"image\/png"}],"twitter_card":"summary_large_image","twitter_misc":{"Est. reading time":"1 minut"},"schema":{"@context":"https:\/\/schema.org","@graph":[{"@type":"WebPage","@id":"https:\/\/alekeskus.eu\/toode\/veepuhastus-tabletid-alekeskus\/","url":"https:\/\/alekeskus.eu\/toode\/veepuhastus-tabletid-alekeskus\/","name":"Basseini ja k\u00fcmblust\u00fcnni vee puhastustabletid Dutrion 10 tk - Alekeskus","isPartOf":{"@id":"https:\/\/alekeskus.eu\/#website"},"primaryImageOfPage":{"@id":"https:\/\/alekeskus.eu\/toode\/veepuhastus-tabletid-alekeskus\/#primaryimage"},"image":{"@id":"https:\/\/alekeskus.eu\/toode\/veepuhastus-tabletid-alekeskus\/#primaryimage"},"thumbnailUrl":"https:\/\/alekeskus.eu\/wp-content\/uploads\/2025\/05\/Dutrion-tabletid-2025-10tk.png","datePublished":"2025-03-23T06:09:33+00:00","dateModified":"2025-05-23T06:23:40+00:00","description":"K\u00fcmblust\u00fcnni vee puhastustabletid Dutrion.","breadcrumb":{"@id":"https:\/\/alekeskus.eu\/toode\/veepuhastus-tabletid-alekeskus\/#breadcrumb"},"inLanguage":"et","potentialAction":[{"@type":"ReadAction","target":["https:\/\/alekeskus.eu\/toode\/veepuhastus-tabletid-alekeskus\/"]}]},{"@type":"ImageObject","inLanguage":"et","@id":"https:\/\/alekeskus.eu\/toode\/veepuhastus-tabletid-alekeskus\/#primaryimage","url":"https:\/\/alekeskus.eu\/wp-content\/uploads\/2025\/05\/Dutrion-tabletid-2025-10tk.png","contentUrl":"https:\/\/alekeskus.eu\/wp-content\/uploads\/2025\/05\/Dutrion-tabletid-2025-10tk.png","width":1600,"height":1600},{"@type":"BreadcrumbList","@id":"https:\/\/alekeskus.eu\/toode\/veepuhastus-tabletid-alekeskus\/#breadcrumb","itemListElement":[{"@type":"ListItem","position":1,"name":"Avaleht","item":"https:\/\/alekeskus.eu\/et\/"},{"@type":"ListItem","position":2,"name":"Pood","item":"https:\/\/alekeskus.eu\/pood\/"},{"@type":"ListItem","position":3,"name":"Basseini ja k\u00fcmblust\u00fcnni vee puhastustabletid Dutrion 10 tk"}]},{"@type":"WebSite","@id":"https:\/\/alekeskus.eu\/#website","url":"https:\/\/alekeskus.eu\/","name":"Alekeskus","description":"Alekeskus.eu","potentialAction":[{"@type":"SearchAction","target":{"@type":"EntryPoint","urlTemplate":"https:\/\/alekeskus.eu\/?s={search_term_string}"},"query-input":{"@type":"PropertyValueSpecification","valueRequired":true,"valueName":"search_term_string"}}],"inLanguage":"et"}]}},"brands":[],"_links":{"self":[{"href":"https:\/\/alekeskus.eu\/et\/wp-json\/wp\/v2\/product\/92479","targetHints":{"allow":["GET"]}}],"collection":[{"href":"https:\/\/alekeskus.eu\/et\/wp-json\/wp\/v2\/product"}],"about":[{"href":"https:\/\/alekeskus.eu\/et\/wp-json\/wp\/v2\/types\/product"}],"wp:featuredmedia":[{"embeddable":true,"href":"https:\/\/alekeskus.eu\/et\/wp-json\/wp\/v2\/media\/92481"}],"wp:attachment":[{"href":"https:\/\/alekeskus.eu\/et\/wp-json\/wp\/v2\/media?parent=92479"}],"wp:term":[{"taxonomy":"pwb-brand","embeddable":true,"href":"https:\/\/alekeskus.eu\/et\/wp-json\/wp\/v2\/pwb-brand?post=92479"},{"taxonomy":"product_brand","embeddable":true,"href":"https:\/\/alekeskus.eu\/et\/wp-json\/wp\/v2\/product_brand?post=92479"},{"taxonomy":"product_cat","embeddable":true,"href":"https:\/\/alekeskus.eu\/et\/wp-json\/wp\/v2\/product_cat?post=92479"},{"taxonomy":"product_tag","embeddable":true,"href":"https:\/\/alekeskus.eu\/et\/wp-json\/wp\/v2\/product_tag?post=92479"}],"curies":[{"name":"wp","href":"https:\/\/api.w.org\/{rel}","templated":true}]}}