{"id":92552,"date":"2025-06-11T11:17:59","date_gmt":"2025-06-11T11:17:59","guid":{"rendered":"https:\/\/alekeskus.eu\/?post_type=product&#038;p=92552"},"modified":"2026-01-08T18:35:13","modified_gmt":"2026-01-08T18:35:13","slug":"tunnisaun-anni09-alekeskus","status":"publish","type":"product","link":"https:\/\/alekeskus.eu\/et\/toode\/tunnisaun-anni09-alekeskus\/","title":{"rendered":"T\u00fcnnisaun Anni 2 x 1,5 m"},"content":{"rendered":"<div class=\"pictogram qtip-additional-element\">\n<div class=\"image\"><\/div>\n<\/div>\n<div class=\"pictogram qtip-additional-element\">\n<div class=\"description\"><\/div>\n<\/div>\n<div class=\"clearfix\"><\/div>\n<div class=\"pictogram qtip-additional-element\"><\/div>\n","protected":false},"excerpt":{"rendered":"<p>V\u00e4lism\u00f5\u00f5dud:<strong> 2,0 x 1,5 x h=2,0 m.\u00a0<\/strong><\/p>\n<p><strong>TASUTA VEDU JA MAHALAADIMINE(ka suursaartele)!<\/strong><\/p>\n<ul>\n<li>viimistlemata kuusepuidust sein 42 mm, seljatoega haavapuust lava, p\u00f5randarestid<\/li>\n<li>t\u00e4isklaasist leiliruumi uks 50 x 161 cm<\/li>\n<li>katusekate (aluskate + bituumensindelkate)<\/li>\n<li>immutatud p\u00f5hjatalad<\/li>\n<li>terasvitsad pingutitega<\/li>\n<li>leiliruumis \u00f5hutusrestid (sissepuhe ja v\u00e4ljat\u00f5mme)<\/li>\n<li>keris ei sisaldu hinnas (HUUM Drop 6kW v\u00f5i Narvi NM 6kW keris koos kividega lisahinnaga)<\/li>\n<li>kinnitusvahendid ja koostejuhend<\/li>\n<li>Eesti toode<\/li>\n<li>vihmakindel pakend<\/li>\n<\/ul>\n<p>K\u00fcsi ka paigaldust!<\/p>\n<p>&nbsp;<\/p>\n","protected":false},"featured_media":92583,"template":"","meta":{"_monsterinsights_skip_tracking":false,"_monsterinsights_sitenote_active":false,"_monsterinsights_sitenote_note":"","_monsterinsights_sitenote_category":0},"pwb-brand":[18577],"product_brand":[],"product_cat":[13540,13604],"product_tag":[17973,15914,16285,17388,18076,17869,17873,17874,17875,17880,15020],"class_list":{"0":"post-92552","1":"product","2":"type-product","3":"status-publish","4":"has-post-thumbnail","6":"pwb-brand-eesti","7":"product_cat-hooned-alekeskus","8":"product_cat-saunad","9":"product_tag-aiasaun","10":"product_tag-pihasauna","11":"product_tag-rantasauna","12":"product_tag-saunamaja","13":"product_tag-tynnyrisauna-2","14":"product_tag-rannasaun","15":"product_tag-torusaun","16":"product_tag-terrassisaun","17":"product_tag-sauna-terrass","18":"product_tag-tunnisaun","19":"product_tag-sauna","20":"product_shipping_class-tasuta-transport-kuni-1000kg","21":"pa_garantii-5-aastat","22":"pa_kohaletoimetamine-eestis-tasuta-alekeskus","23":"pa_laoasukoht-tartumaa","24":"pa_pindalam-17570","25":"pa_seinapaksus-42-mm","26":"pa_tellimisaeg-tilausaika-alekeskus","27":"pa_valilisad-elektrikeris-huum-drop-6kw-kivid","28":"pa_valilisad-elektrikeris-narvia-nm-kivid","29":"pa_valilisad-ilma-lisadeta","30":"pa_varv-viimistlemata","31":"pa_veame-eesti-ja-soome","33":"first","34":"instock","35":"taxable","36":"shipping-taxable","37":"purchasable","38":"product-type-variable","39":"has-default-attributes"},"yoast_head":"<!-- This site is optimized with the Yoast SEO plugin v27.3 - https:\/\/yoast.com\/product\/yoast-seo-wordpress\/ -->\n<title>T\u00fcnnisaun Anni 2 x 1,5 m - Alekeskus<\/title>\n<meta name=\"description\" content=\"v\u00e4ike t\u00fcnnisaun\" \/>\n<meta name=\"robots\" content=\"index, follow, max-snippet:-1, max-image-preview:large, max-video-preview:-1\" \/>\n<link rel=\"canonical\" href=\"https:\/\/alekeskus.eu\/toode\/tunnisaun-anni09-alekeskus\/\" \/>\n<meta property=\"og:locale\" content=\"et_EE\" \/>\n<meta property=\"og:type\" content=\"article\" \/>\n<meta property=\"og:title\" content=\"T\u00fcnnisaun Anni 2 x 1,5 m - Alekeskus\" \/>\n<meta property=\"og:description\" content=\"v\u00e4ike t\u00fcnnisaun\" \/>\n<meta property=\"og:url\" content=\"https:\/\/alekeskus.eu\/toode\/tunnisaun-anni09-alekeskus\/\" \/>\n<meta property=\"og:site_name\" content=\"Alekeskus\" \/>\n<meta property=\"article:modified_time\" content=\"2026-01-08T18:35:13+00:00\" \/>\n<meta property=\"og:image\" content=\"https:\/\/alekeskus.eu\/wp-content\/uploads\/2025\/06\/Anita_0.9_m2_NATURAL_wb.jpg\" \/>\n\t<meta property=\"og:image:width\" content=\"1600\" \/>\n\t<meta property=\"og:image:height\" content=\"1200\" \/>\n\t<meta property=\"og:image:type\" content=\"image\/jpeg\" \/>\n<meta name=\"twitter:card\" content=\"summary_large_image\" \/>\n<meta name=\"twitter:label1\" content=\"Est. reading time\" \/>\n\t<meta name=\"twitter:data1\" content=\"1 minut\" \/>\n<script type=\"application\/ld+json\" class=\"yoast-schema-graph\">{\"@context\":\"https:\\\/\\\/schema.org\",\"@graph\":[{\"@type\":\"WebPage\",\"@id\":\"https:\\\/\\\/alekeskus.eu\\\/toode\\\/tunnisaun-anni09-alekeskus\\\/\",\"url\":\"https:\\\/\\\/alekeskus.eu\\\/toode\\\/tunnisaun-anni09-alekeskus\\\/\",\"name\":\"T\u00fcnnisaun Anni 2 x 1,5 m - Alekeskus\",\"isPartOf\":{\"@id\":\"https:\\\/\\\/alekeskus.eu\\\/#website\"},\"primaryImageOfPage\":{\"@id\":\"https:\\\/\\\/alekeskus.eu\\\/toode\\\/tunnisaun-anni09-alekeskus\\\/#primaryimage\"},\"image\":{\"@id\":\"https:\\\/\\\/alekeskus.eu\\\/toode\\\/tunnisaun-anni09-alekeskus\\\/#primaryimage\"},\"thumbnailUrl\":\"https:\\\/\\\/alekeskus.eu\\\/wp-content\\\/uploads\\\/2025\\\/06\\\/Anita_0.9_m2_NATURAL_wb.jpg\",\"datePublished\":\"2025-06-11T11:17:59+00:00\",\"dateModified\":\"2026-01-08T18:35:13+00:00\",\"description\":\"v\u00e4ike t\u00fcnnisaun\",\"breadcrumb\":{\"@id\":\"https:\\\/\\\/alekeskus.eu\\\/toode\\\/tunnisaun-anni09-alekeskus\\\/#breadcrumb\"},\"inLanguage\":\"et\",\"potentialAction\":[{\"@type\":\"ReadAction\",\"target\":[\"https:\\\/\\\/alekeskus.eu\\\/toode\\\/tunnisaun-anni09-alekeskus\\\/\"]}]},{\"@type\":\"ImageObject\",\"inLanguage\":\"et\",\"@id\":\"https:\\\/\\\/alekeskus.eu\\\/toode\\\/tunnisaun-anni09-alekeskus\\\/#primaryimage\",\"url\":\"https:\\\/\\\/alekeskus.eu\\\/wp-content\\\/uploads\\\/2025\\\/06\\\/Anita_0.9_m2_NATURAL_wb.jpg\",\"contentUrl\":\"https:\\\/\\\/alekeskus.eu\\\/wp-content\\\/uploads\\\/2025\\\/06\\\/Anita_0.9_m2_NATURAL_wb.jpg\",\"width\":1600,\"height\":1200},{\"@type\":\"BreadcrumbList\",\"@id\":\"https:\\\/\\\/alekeskus.eu\\\/toode\\\/tunnisaun-anni09-alekeskus\\\/#breadcrumb\",\"itemListElement\":[{\"@type\":\"ListItem\",\"position\":1,\"name\":\"Avaleht\",\"item\":\"https:\\\/\\\/alekeskus.eu\\\/et\\\/\"},{\"@type\":\"ListItem\",\"position\":2,\"name\":\"Pood\",\"item\":\"https:\\\/\\\/alekeskus.eu\\\/pood\\\/\"},{\"@type\":\"ListItem\",\"position\":3,\"name\":\"T\u00fcnnisaun Anni 2 x 1,5 m\"}]},{\"@type\":\"WebSite\",\"@id\":\"https:\\\/\\\/alekeskus.eu\\\/#website\",\"url\":\"https:\\\/\\\/alekeskus.eu\\\/\",\"name\":\"Alekeskus\",\"description\":\"Alekeskus.eu\",\"potentialAction\":[{\"@type\":\"SearchAction\",\"target\":{\"@type\":\"EntryPoint\",\"urlTemplate\":\"https:\\\/\\\/alekeskus.eu\\\/?s={search_term_string}\"},\"query-input\":{\"@type\":\"PropertyValueSpecification\",\"valueRequired\":true,\"valueName\":\"search_term_string\"}}],\"inLanguage\":\"et\"}]}<\/script>\n<!-- \/ Yoast SEO plugin. -->","yoast_head_json":{"title":"T\u00fcnnisaun Anni 2 x 1,5 m - Alekeskus","description":"v\u00e4ike t\u00fcnnisaun","robots":{"index":"index","follow":"follow","max-snippet":"max-snippet:-1","max-image-preview":"max-image-preview:large","max-video-preview":"max-video-preview:-1"},"canonical":"https:\/\/alekeskus.eu\/toode\/tunnisaun-anni09-alekeskus\/","og_locale":"et_EE","og_type":"article","og_title":"T\u00fcnnisaun Anni 2 x 1,5 m - Alekeskus","og_description":"v\u00e4ike t\u00fcnnisaun","og_url":"https:\/\/alekeskus.eu\/toode\/tunnisaun-anni09-alekeskus\/","og_site_name":"Alekeskus","article_modified_time":"2026-01-08T18:35:13+00:00","og_image":[{"width":1600,"height":1200,"url":"https:\/\/alekeskus.eu\/wp-content\/uploads\/2025\/06\/Anita_0.9_m2_NATURAL_wb.jpg","type":"image\/jpeg"}],"twitter_card":"summary_large_image","twitter_misc":{"Est. reading time":"1 minut"},"schema":{"@context":"https:\/\/schema.org","@graph":[{"@type":"WebPage","@id":"https:\/\/alekeskus.eu\/toode\/tunnisaun-anni09-alekeskus\/","url":"https:\/\/alekeskus.eu\/toode\/tunnisaun-anni09-alekeskus\/","name":"T\u00fcnnisaun Anni 2 x 1,5 m - Alekeskus","isPartOf":{"@id":"https:\/\/alekeskus.eu\/#website"},"primaryImageOfPage":{"@id":"https:\/\/alekeskus.eu\/toode\/tunnisaun-anni09-alekeskus\/#primaryimage"},"image":{"@id":"https:\/\/alekeskus.eu\/toode\/tunnisaun-anni09-alekeskus\/#primaryimage"},"thumbnailUrl":"https:\/\/alekeskus.eu\/wp-content\/uploads\/2025\/06\/Anita_0.9_m2_NATURAL_wb.jpg","datePublished":"2025-06-11T11:17:59+00:00","dateModified":"2026-01-08T18:35:13+00:00","description":"v\u00e4ike t\u00fcnnisaun","breadcrumb":{"@id":"https:\/\/alekeskus.eu\/toode\/tunnisaun-anni09-alekeskus\/#breadcrumb"},"inLanguage":"et","potentialAction":[{"@type":"ReadAction","target":["https:\/\/alekeskus.eu\/toode\/tunnisaun-anni09-alekeskus\/"]}]},{"@type":"ImageObject","inLanguage":"et","@id":"https:\/\/alekeskus.eu\/toode\/tunnisaun-anni09-alekeskus\/#primaryimage","url":"https:\/\/alekeskus.eu\/wp-content\/uploads\/2025\/06\/Anita_0.9_m2_NATURAL_wb.jpg","contentUrl":"https:\/\/alekeskus.eu\/wp-content\/uploads\/2025\/06\/Anita_0.9_m2_NATURAL_wb.jpg","width":1600,"height":1200},{"@type":"BreadcrumbList","@id":"https:\/\/alekeskus.eu\/toode\/tunnisaun-anni09-alekeskus\/#breadcrumb","itemListElement":[{"@type":"ListItem","position":1,"name":"Avaleht","item":"https:\/\/alekeskus.eu\/et\/"},{"@type":"ListItem","position":2,"name":"Pood","item":"https:\/\/alekeskus.eu\/pood\/"},{"@type":"ListItem","position":3,"name":"T\u00fcnnisaun Anni 2 x 1,5 m"}]},{"@type":"WebSite","@id":"https:\/\/alekeskus.eu\/#website","url":"https:\/\/alekeskus.eu\/","name":"Alekeskus","description":"Alekeskus.eu","potentialAction":[{"@type":"SearchAction","target":{"@type":"EntryPoint","urlTemplate":"https:\/\/alekeskus.eu\/?s={search_term_string}"},"query-input":{"@type":"PropertyValueSpecification","valueRequired":true,"valueName":"search_term_string"}}],"inLanguage":"et"}]}},"brands":[{"id":18577,"name":"Eesti","slug":"eesti"}],"_links":{"self":[{"href":"https:\/\/alekeskus.eu\/et\/wp-json\/wp\/v2\/product\/92552","targetHints":{"allow":["GET"]}}],"collection":[{"href":"https:\/\/alekeskus.eu\/et\/wp-json\/wp\/v2\/product"}],"about":[{"href":"https:\/\/alekeskus.eu\/et\/wp-json\/wp\/v2\/types\/product"}],"wp:featuredmedia":[{"embeddable":true,"href":"https:\/\/alekeskus.eu\/et\/wp-json\/wp\/v2\/media\/92583"}],"wp:attachment":[{"href":"https:\/\/alekeskus.eu\/et\/wp-json\/wp\/v2\/media?parent=92552"}],"wp:term":[{"taxonomy":"pwb-brand","embeddable":true,"href":"https:\/\/alekeskus.eu\/et\/wp-json\/wp\/v2\/pwb-brand?post=92552"},{"taxonomy":"product_brand","embeddable":true,"href":"https:\/\/alekeskus.eu\/et\/wp-json\/wp\/v2\/product_brand?post=92552"},{"taxonomy":"product_cat","embeddable":true,"href":"https:\/\/alekeskus.eu\/et\/wp-json\/wp\/v2\/product_cat?post=92552"},{"taxonomy":"product_tag","embeddable":true,"href":"https:\/\/alekeskus.eu\/et\/wp-json\/wp\/v2\/product_tag?post=92552"}],"curies":[{"name":"wp","href":"https:\/\/api.w.org\/{rel}","templated":true}]}}