{"id":92789,"date":"2025-01-14T17:37:58","date_gmt":"2025-01-14T17:37:58","guid":{"rendered":"https:\/\/alekeskus.eu\/?post_type=product&#038;p=92789"},"modified":"2025-07-14T18:26:28","modified_gmt":"2025-07-14T18:26:28","slug":"aiaelement-niina-alekeskus","status":"publish","type":"product","link":"https:\/\/alekeskus.eu\/et\/toode\/aiaelement-niina-alekeskus\/","title":{"rendered":"Aiaelement Niina v\u00e4rvitud v\u00f5i s\u00fcvaimmutatud"},"content":{"rendered":"","protected":false},"excerpt":{"rendered":"<p>M\u00f5\u00f5dud: 180&#215;180, 90&#215;180, 90&#215;180\/90, 180&#215;90 ja 180&#215;150 cm.<\/p>\n<p>Materjal: raam 33 x 57 mm, lauad 12 x 57 mm<\/p>\n<p>K\u00e4sitlus: hall s\u00fcvaimmutus, v\u00e4rvitud valgeks v\u00f5i tumehalliks (1x alusv\u00e4rvi + 2 kihti pinnav\u00e4rvi)<\/p>\n<p>Kinnitatakse postide k\u00fclge.<\/p>\n<p>Eesti toode.<\/p>\n","protected":false},"featured_media":92880,"template":"","meta":{"_monsterinsights_skip_tracking":false,"_monsterinsights_sitenote_active":false,"_monsterinsights_sitenote_note":"","_monsterinsights_sitenote_category":0},"pwb-brand":[18577],"product_brand":[],"product_cat":[13570,13566,13532,13530],"product_tag":[14256,14258,14821,14853,14901],"class_list":{"0":"post-92789","1":"product","2":"type-product","3":"status-publish","4":"has-post-thumbnail","6":"pwb-brand-eesti","7":"product_cat-aiapaneelid-valmispiirded-ja-varavad","8":"product_cat-iluaiandus","9":"product_cat-postid-ja-aiad","10":"product_cat-aed-ja-kodu","11":"product_tag-aed","12":"product_tag-aiaelement","13":"product_tag-elementaed","14":"product_tag-terrassipiire","15":"product_tag-puitaed","16":"product_shipping_class-30-300kg","17":"pa_moodud-alekeskus-180x180cm","18":"pa_moodud-alekeskus-90x180cm","19":"pa_moodud-alekeskus-180x90cm","20":"pa_moodud-alekeskus-90x180-90cm","21":"pa_moodud-alekeskus-180-x-150-cm","22":"pa_varv-valge","23":"pa_varv-tumehall","24":"pa_varv-hall-suvaimmutus","26":"first","27":"instock","28":"taxable","29":"shipping-taxable","30":"purchasable","31":"product-type-variable"},"yoast_head":"<!-- This site is optimized with the Yoast SEO plugin v27.3 - https:\/\/yoast.com\/product\/yoast-seo-wordpress\/ -->\n<title>Aiaelement Niina v\u00e4rvitud v\u00f5i s\u00fcvaimmutatud - Alekeskus<\/title>\n<meta name=\"description\" content=\"v\u00e4rvitud v\u00f5i s\u00fcvaimmutatud aiaelement\" \/>\n<meta name=\"robots\" content=\"index, follow, max-snippet:-1, max-image-preview:large, max-video-preview:-1\" \/>\n<link rel=\"canonical\" href=\"https:\/\/alekeskus.eu\/toode\/aiaelement-niina-alekeskus\/\" \/>\n<meta property=\"og:locale\" content=\"et_EE\" \/>\n<meta property=\"og:type\" content=\"article\" \/>\n<meta property=\"og:title\" content=\"Aiaelement Niina v\u00e4rvitud v\u00f5i s\u00fcvaimmutatud - Alekeskus\" \/>\n<meta property=\"og:description\" content=\"v\u00e4rvitud v\u00f5i s\u00fcvaimmutatud aiaelement\" \/>\n<meta property=\"og:url\" content=\"https:\/\/alekeskus.eu\/toode\/aiaelement-niina-alekeskus\/\" \/>\n<meta property=\"og:site_name\" content=\"Alekeskus\" \/>\n<meta property=\"article:modified_time\" content=\"2025-07-14T18:26:28+00:00\" \/>\n<meta property=\"og:image\" content=\"https:\/\/alekeskus.eu\/wp-content\/uploads\/2025\/01\/Nina2_GYPNT12-aias-scaled.jpg\" \/>\n\t<meta property=\"og:image:width\" content=\"2560\" \/>\n\t<meta property=\"og:image:height\" content=\"1810\" \/>\n\t<meta property=\"og:image:type\" content=\"image\/jpeg\" \/>\n<meta name=\"twitter:card\" content=\"summary_large_image\" \/>\n<meta name=\"twitter:label1\" content=\"Est. reading time\" \/>\n\t<meta name=\"twitter:data1\" content=\"1 minut\" \/>\n<script type=\"application\/ld+json\" class=\"yoast-schema-graph\">{\"@context\":\"https:\\\/\\\/schema.org\",\"@graph\":[{\"@type\":\"WebPage\",\"@id\":\"https:\\\/\\\/alekeskus.eu\\\/toode\\\/aiaelement-niina-alekeskus\\\/\",\"url\":\"https:\\\/\\\/alekeskus.eu\\\/toode\\\/aiaelement-niina-alekeskus\\\/\",\"name\":\"Aiaelement Niina v\u00e4rvitud v\u00f5i s\u00fcvaimmutatud - Alekeskus\",\"isPartOf\":{\"@id\":\"https:\\\/\\\/alekeskus.eu\\\/#website\"},\"primaryImageOfPage\":{\"@id\":\"https:\\\/\\\/alekeskus.eu\\\/toode\\\/aiaelement-niina-alekeskus\\\/#primaryimage\"},\"image\":{\"@id\":\"https:\\\/\\\/alekeskus.eu\\\/toode\\\/aiaelement-niina-alekeskus\\\/#primaryimage\"},\"thumbnailUrl\":\"https:\\\/\\\/alekeskus.eu\\\/wp-content\\\/uploads\\\/2025\\\/01\\\/Nina2_GYPNT12-aias-scaled.jpg\",\"datePublished\":\"2025-01-14T17:37:58+00:00\",\"dateModified\":\"2025-07-14T18:26:28+00:00\",\"description\":\"v\u00e4rvitud v\u00f5i s\u00fcvaimmutatud aiaelement\",\"breadcrumb\":{\"@id\":\"https:\\\/\\\/alekeskus.eu\\\/toode\\\/aiaelement-niina-alekeskus\\\/#breadcrumb\"},\"inLanguage\":\"et\",\"potentialAction\":[{\"@type\":\"ReadAction\",\"target\":[\"https:\\\/\\\/alekeskus.eu\\\/toode\\\/aiaelement-niina-alekeskus\\\/\"]}]},{\"@type\":\"ImageObject\",\"inLanguage\":\"et\",\"@id\":\"https:\\\/\\\/alekeskus.eu\\\/toode\\\/aiaelement-niina-alekeskus\\\/#primaryimage\",\"url\":\"https:\\\/\\\/alekeskus.eu\\\/wp-content\\\/uploads\\\/2025\\\/01\\\/Nina2_GYPNT12-aias-scaled.jpg\",\"contentUrl\":\"https:\\\/\\\/alekeskus.eu\\\/wp-content\\\/uploads\\\/2025\\\/01\\\/Nina2_GYPNT12-aias-scaled.jpg\",\"width\":1600,\"height\":1131},{\"@type\":\"BreadcrumbList\",\"@id\":\"https:\\\/\\\/alekeskus.eu\\\/toode\\\/aiaelement-niina-alekeskus\\\/#breadcrumb\",\"itemListElement\":[{\"@type\":\"ListItem\",\"position\":1,\"name\":\"Avaleht\",\"item\":\"https:\\\/\\\/alekeskus.eu\\\/et\\\/\"},{\"@type\":\"ListItem\",\"position\":2,\"name\":\"Pood\",\"item\":\"https:\\\/\\\/alekeskus.eu\\\/pood\\\/\"},{\"@type\":\"ListItem\",\"position\":3,\"name\":\"Aiaelement Niina v\u00e4rvitud v\u00f5i s\u00fcvaimmutatud\"}]},{\"@type\":\"WebSite\",\"@id\":\"https:\\\/\\\/alekeskus.eu\\\/#website\",\"url\":\"https:\\\/\\\/alekeskus.eu\\\/\",\"name\":\"Alekeskus\",\"description\":\"Alekeskus.eu\",\"potentialAction\":[{\"@type\":\"SearchAction\",\"target\":{\"@type\":\"EntryPoint\",\"urlTemplate\":\"https:\\\/\\\/alekeskus.eu\\\/?s={search_term_string}\"},\"query-input\":{\"@type\":\"PropertyValueSpecification\",\"valueRequired\":true,\"valueName\":\"search_term_string\"}}],\"inLanguage\":\"et\"}]}<\/script>\n<!-- \/ Yoast SEO plugin. -->","yoast_head_json":{"title":"Aiaelement Niina v\u00e4rvitud v\u00f5i s\u00fcvaimmutatud - Alekeskus","description":"v\u00e4rvitud v\u00f5i s\u00fcvaimmutatud aiaelement","robots":{"index":"index","follow":"follow","max-snippet":"max-snippet:-1","max-image-preview":"max-image-preview:large","max-video-preview":"max-video-preview:-1"},"canonical":"https:\/\/alekeskus.eu\/toode\/aiaelement-niina-alekeskus\/","og_locale":"et_EE","og_type":"article","og_title":"Aiaelement Niina v\u00e4rvitud v\u00f5i s\u00fcvaimmutatud - Alekeskus","og_description":"v\u00e4rvitud v\u00f5i s\u00fcvaimmutatud aiaelement","og_url":"https:\/\/alekeskus.eu\/toode\/aiaelement-niina-alekeskus\/","og_site_name":"Alekeskus","article_modified_time":"2025-07-14T18:26:28+00:00","og_image":[{"width":2560,"height":1810,"url":"https:\/\/alekeskus.eu\/wp-content\/uploads\/2025\/01\/Nina2_GYPNT12-aias-scaled.jpg","type":"image\/jpeg"}],"twitter_card":"summary_large_image","twitter_misc":{"Est. reading time":"1 minut"},"schema":{"@context":"https:\/\/schema.org","@graph":[{"@type":"WebPage","@id":"https:\/\/alekeskus.eu\/toode\/aiaelement-niina-alekeskus\/","url":"https:\/\/alekeskus.eu\/toode\/aiaelement-niina-alekeskus\/","name":"Aiaelement Niina v\u00e4rvitud v\u00f5i s\u00fcvaimmutatud - Alekeskus","isPartOf":{"@id":"https:\/\/alekeskus.eu\/#website"},"primaryImageOfPage":{"@id":"https:\/\/alekeskus.eu\/toode\/aiaelement-niina-alekeskus\/#primaryimage"},"image":{"@id":"https:\/\/alekeskus.eu\/toode\/aiaelement-niina-alekeskus\/#primaryimage"},"thumbnailUrl":"https:\/\/alekeskus.eu\/wp-content\/uploads\/2025\/01\/Nina2_GYPNT12-aias-scaled.jpg","datePublished":"2025-01-14T17:37:58+00:00","dateModified":"2025-07-14T18:26:28+00:00","description":"v\u00e4rvitud v\u00f5i s\u00fcvaimmutatud aiaelement","breadcrumb":{"@id":"https:\/\/alekeskus.eu\/toode\/aiaelement-niina-alekeskus\/#breadcrumb"},"inLanguage":"et","potentialAction":[{"@type":"ReadAction","target":["https:\/\/alekeskus.eu\/toode\/aiaelement-niina-alekeskus\/"]}]},{"@type":"ImageObject","inLanguage":"et","@id":"https:\/\/alekeskus.eu\/toode\/aiaelement-niina-alekeskus\/#primaryimage","url":"https:\/\/alekeskus.eu\/wp-content\/uploads\/2025\/01\/Nina2_GYPNT12-aias-scaled.jpg","contentUrl":"https:\/\/alekeskus.eu\/wp-content\/uploads\/2025\/01\/Nina2_GYPNT12-aias-scaled.jpg","width":1600,"height":1131},{"@type":"BreadcrumbList","@id":"https:\/\/alekeskus.eu\/toode\/aiaelement-niina-alekeskus\/#breadcrumb","itemListElement":[{"@type":"ListItem","position":1,"name":"Avaleht","item":"https:\/\/alekeskus.eu\/et\/"},{"@type":"ListItem","position":2,"name":"Pood","item":"https:\/\/alekeskus.eu\/pood\/"},{"@type":"ListItem","position":3,"name":"Aiaelement Niina v\u00e4rvitud v\u00f5i s\u00fcvaimmutatud"}]},{"@type":"WebSite","@id":"https:\/\/alekeskus.eu\/#website","url":"https:\/\/alekeskus.eu\/","name":"Alekeskus","description":"Alekeskus.eu","potentialAction":[{"@type":"SearchAction","target":{"@type":"EntryPoint","urlTemplate":"https:\/\/alekeskus.eu\/?s={search_term_string}"},"query-input":{"@type":"PropertyValueSpecification","valueRequired":true,"valueName":"search_term_string"}}],"inLanguage":"et"}]}},"brands":[{"id":18577,"name":"Eesti","slug":"eesti"}],"_links":{"self":[{"href":"https:\/\/alekeskus.eu\/et\/wp-json\/wp\/v2\/product\/92789","targetHints":{"allow":["GET"]}}],"collection":[{"href":"https:\/\/alekeskus.eu\/et\/wp-json\/wp\/v2\/product"}],"about":[{"href":"https:\/\/alekeskus.eu\/et\/wp-json\/wp\/v2\/types\/product"}],"wp:featuredmedia":[{"embeddable":true,"href":"https:\/\/alekeskus.eu\/et\/wp-json\/wp\/v2\/media\/92880"}],"wp:attachment":[{"href":"https:\/\/alekeskus.eu\/et\/wp-json\/wp\/v2\/media?parent=92789"}],"wp:term":[{"taxonomy":"pwb-brand","embeddable":true,"href":"https:\/\/alekeskus.eu\/et\/wp-json\/wp\/v2\/pwb-brand?post=92789"},{"taxonomy":"product_brand","embeddable":true,"href":"https:\/\/alekeskus.eu\/et\/wp-json\/wp\/v2\/product_brand?post=92789"},{"taxonomy":"product_cat","embeddable":true,"href":"https:\/\/alekeskus.eu\/et\/wp-json\/wp\/v2\/product_cat?post=92789"},{"taxonomy":"product_tag","embeddable":true,"href":"https:\/\/alekeskus.eu\/et\/wp-json\/wp\/v2\/product_tag?post=92789"}],"curies":[{"name":"wp","href":"https:\/\/api.w.org\/{rel}","templated":true}]}}