{"id":93552,"date":"2025-09-21T16:26:02","date_gmt":"2025-09-21T16:26:02","guid":{"rendered":"https:\/\/alekeskus.eu\/?post_type=product&#038;p=93552"},"modified":"2025-10-04T05:35:02","modified_gmt":"2025-10-04T05:35:02","slug":"aiamaja-domo-siseruum-alekeskus","status":"publish","type":"product","link":"https:\/\/alekeskus.eu\/et\/toode\/aiamaja-domo-siseruum-alekeskus\/","title":{"rendered":"Aiamajade DOMO sarja lisaruum liuguksega (WC, panipaik, riidehoid)"},"content":{"rendered":"","protected":false},"excerpt":{"rendered":"<p>Domo sarja aiamajadele m\u00f5eldud lisa siseruumid(WC, panipaik, riidehoid). 2 suurust.<\/p>\n<p>V\u00e4lism\u00f5\u00f5dud<strong>: 250 x 95 cm (sisepindala 2,1 m\u00b2)\u00a0 v\u00f5i 180 x 95 cm (sisepindala 1,5 m\u00b2)<\/strong><\/p>\n<ul>\n<li><strong>freespalksein 44 mm<\/strong><\/li>\n<li>seina k\u00f5rgus 205 cm<\/li>\n<li>liuguks 84 x 190 cm<\/li>\n<li>laelauad 18,5 x 90 mm<\/li>\n<li>kinnitusvahendid ja koostejuhend<\/li>\n<li>Eesti toode<\/li>\n<li>garantii 5 aastat<\/li>\n<li>vihmakindel pakend<\/li>\n<\/ul>\n","protected":false},"featured_media":93554,"template":"","meta":{"_monsterinsights_skip_tracking":false,"_monsterinsights_sitenote_active":false,"_monsterinsights_sitenote_note":"","_monsterinsights_sitenote_category":0},"pwb-brand":[18577],"product_brand":[],"product_cat":[17182,13592,13540,13596,13604,13608,13610],"product_tag":[14264,14283,14310,18739,15276,13813,15510,13913,13972,13976,17298,13983],"class_list":{"0":"post-93552","1":"product","2":"type-product","3":"status-publish","4":"has-post-thumbnail","6":"pwb-brand-eesti","7":"product_cat-suvekoogid-alekeskus","8":"product_cat-aia-ja-grillmajad","9":"product_cat-hooned-alekeskus","10":"product_cat-varjualused-talveaiad-alekeskus","11":"product_cat-saunad","12":"product_cat-kontorid","13":"product_cat-suvilad","14":"product_tag-aiakuur","15":"product_tag-kotitoimisto","16":"product_tag-kodukontor","17":"product_tag-lisahuone","18":"product_tag-pihatoimisto","19":"product_tag-aiamaja","20":"product_tag-aiakontor","21":"product_tag-vierasmaja","22":"product_tag-alumiinium-liuguks","23":"product_tag-liukuovi","24":"product_tag-alumiiniliukuovi","25":"product_tag-piharakennus","26":"product_shipping_class-30-300kg","27":"pa_kohaletoimetamine-veohind-mandri-eestis-alekeskus","28":"pa_laoasukoht-tartumaa","29":"pa_pindalam-15-2","30":"pa_pindalam-15772","31":"pa_seinapaksus-17405","33":"first","34":"instock","35":"featured","36":"taxable","37":"shipping-taxable","38":"purchasable","39":"product-type-variable"},"yoast_head":"<!-- This site is optimized with the Yoast SEO plugin v27.3 - https:\/\/yoast.com\/product\/yoast-seo-wordpress\/ -->\n<title>Aiamajade DOMO sarja lisaruum liuguksega (WC, panipaik, riidehoid) - Alekeskus<\/title>\n<meta name=\"description\" content=\"Domo sarja aiamaja lisa siseruum\" \/>\n<meta name=\"robots\" content=\"index, follow, max-snippet:-1, max-image-preview:large, max-video-preview:-1\" \/>\n<link rel=\"canonical\" href=\"https:\/\/alekeskus.eu\/et\/toode\/aiamaja-domo-siseruum-alekeskus\/\" \/>\n<meta property=\"og:locale\" content=\"et_EE\" \/>\n<meta property=\"og:type\" content=\"article\" \/>\n<meta property=\"og:title\" content=\"Aiamajade DOMO sarja lisaruum liuguksega (WC, panipaik, riidehoid) - Alekeskus\" \/>\n<meta property=\"og:description\" content=\"Domo sarja aiamaja lisa siseruum\" \/>\n<meta property=\"og:url\" content=\"https:\/\/alekeskus.eu\/et\/toode\/aiamaja-domo-siseruum-alekeskus\/\" \/>\n<meta property=\"og:site_name\" content=\"Alekeskus\" \/>\n<meta property=\"article:modified_time\" content=\"2025-10-04T05:35:02+00:00\" \/>\n<meta property=\"og:image\" content=\"https:\/\/alekeskus.eu\/wp-content\/uploads\/2025\/09\/Domo-internal-room-M-scaled.jpg\" \/>\n\t<meta property=\"og:image:width\" content=\"2560\" \/>\n\t<meta property=\"og:image:height\" content=\"1707\" \/>\n\t<meta property=\"og:image:type\" content=\"image\/jpeg\" \/>\n<meta name=\"twitter:card\" content=\"summary_large_image\" \/>\n<meta name=\"twitter:label1\" content=\"Est. reading time\" \/>\n\t<meta name=\"twitter:data1\" content=\"1 minut\" \/>\n<script type=\"application\/ld+json\" class=\"yoast-schema-graph\">{\"@context\":\"https:\\\/\\\/schema.org\",\"@graph\":[{\"@type\":\"WebPage\",\"@id\":\"https:\\\/\\\/alekeskus.eu\\\/et\\\/toode\\\/aiamaja-domo-siseruum-alekeskus\\\/\",\"url\":\"https:\\\/\\\/alekeskus.eu\\\/et\\\/toode\\\/aiamaja-domo-siseruum-alekeskus\\\/\",\"name\":\"Aiamajade DOMO sarja lisaruum liuguksega (WC, panipaik, riidehoid) - Alekeskus\",\"isPartOf\":{\"@id\":\"https:\\\/\\\/alekeskus.eu\\\/#website\"},\"primaryImageOfPage\":{\"@id\":\"https:\\\/\\\/alekeskus.eu\\\/et\\\/toode\\\/aiamaja-domo-siseruum-alekeskus\\\/#primaryimage\"},\"image\":{\"@id\":\"https:\\\/\\\/alekeskus.eu\\\/et\\\/toode\\\/aiamaja-domo-siseruum-alekeskus\\\/#primaryimage\"},\"thumbnailUrl\":\"https:\\\/\\\/alekeskus.eu\\\/wp-content\\\/uploads\\\/2025\\\/09\\\/Domo-internal-room-M-scaled.jpg\",\"datePublished\":\"2025-09-21T16:26:02+00:00\",\"dateModified\":\"2025-10-04T05:35:02+00:00\",\"description\":\"Domo sarja aiamaja lisa siseruum\",\"breadcrumb\":{\"@id\":\"https:\\\/\\\/alekeskus.eu\\\/et\\\/toode\\\/aiamaja-domo-siseruum-alekeskus\\\/#breadcrumb\"},\"inLanguage\":\"et\",\"potentialAction\":[{\"@type\":\"ReadAction\",\"target\":[\"https:\\\/\\\/alekeskus.eu\\\/et\\\/toode\\\/aiamaja-domo-siseruum-alekeskus\\\/\"]}]},{\"@type\":\"ImageObject\",\"inLanguage\":\"et\",\"@id\":\"https:\\\/\\\/alekeskus.eu\\\/et\\\/toode\\\/aiamaja-domo-siseruum-alekeskus\\\/#primaryimage\",\"url\":\"https:\\\/\\\/alekeskus.eu\\\/wp-content\\\/uploads\\\/2025\\\/09\\\/Domo-internal-room-M-scaled.jpg\",\"contentUrl\":\"https:\\\/\\\/alekeskus.eu\\\/wp-content\\\/uploads\\\/2025\\\/09\\\/Domo-internal-room-M-scaled.jpg\",\"width\":1600,\"height\":1067},{\"@type\":\"BreadcrumbList\",\"@id\":\"https:\\\/\\\/alekeskus.eu\\\/et\\\/toode\\\/aiamaja-domo-siseruum-alekeskus\\\/#breadcrumb\",\"itemListElement\":[{\"@type\":\"ListItem\",\"position\":1,\"name\":\"Avaleht\",\"item\":\"https:\\\/\\\/alekeskus.eu\\\/et\\\/\"},{\"@type\":\"ListItem\",\"position\":2,\"name\":\"Pood\",\"item\":\"https:\\\/\\\/alekeskus.eu\\\/pood\\\/\"},{\"@type\":\"ListItem\",\"position\":3,\"name\":\"Aiamajade DOMO sarja lisaruum liuguksega (WC, panipaik, riidehoid)\"}]},{\"@type\":\"WebSite\",\"@id\":\"https:\\\/\\\/alekeskus.eu\\\/#website\",\"url\":\"https:\\\/\\\/alekeskus.eu\\\/\",\"name\":\"Alekeskus\",\"description\":\"Alekeskus.eu\",\"potentialAction\":[{\"@type\":\"SearchAction\",\"target\":{\"@type\":\"EntryPoint\",\"urlTemplate\":\"https:\\\/\\\/alekeskus.eu\\\/?s={search_term_string}\"},\"query-input\":{\"@type\":\"PropertyValueSpecification\",\"valueRequired\":true,\"valueName\":\"search_term_string\"}}],\"inLanguage\":\"et\"}]}<\/script>\n<!-- \/ Yoast SEO plugin. -->","yoast_head_json":{"title":"Aiamajade DOMO sarja lisaruum liuguksega (WC, panipaik, riidehoid) - Alekeskus","description":"Domo sarja aiamaja lisa siseruum","robots":{"index":"index","follow":"follow","max-snippet":"max-snippet:-1","max-image-preview":"max-image-preview:large","max-video-preview":"max-video-preview:-1"},"canonical":"https:\/\/alekeskus.eu\/et\/toode\/aiamaja-domo-siseruum-alekeskus\/","og_locale":"et_EE","og_type":"article","og_title":"Aiamajade DOMO sarja lisaruum liuguksega (WC, panipaik, riidehoid) - Alekeskus","og_description":"Domo sarja aiamaja lisa siseruum","og_url":"https:\/\/alekeskus.eu\/et\/toode\/aiamaja-domo-siseruum-alekeskus\/","og_site_name":"Alekeskus","article_modified_time":"2025-10-04T05:35:02+00:00","og_image":[{"width":2560,"height":1707,"url":"https:\/\/alekeskus.eu\/wp-content\/uploads\/2025\/09\/Domo-internal-room-M-scaled.jpg","type":"image\/jpeg"}],"twitter_card":"summary_large_image","twitter_misc":{"Est. reading time":"1 minut"},"schema":{"@context":"https:\/\/schema.org","@graph":[{"@type":"WebPage","@id":"https:\/\/alekeskus.eu\/et\/toode\/aiamaja-domo-siseruum-alekeskus\/","url":"https:\/\/alekeskus.eu\/et\/toode\/aiamaja-domo-siseruum-alekeskus\/","name":"Aiamajade DOMO sarja lisaruum liuguksega (WC, panipaik, riidehoid) - Alekeskus","isPartOf":{"@id":"https:\/\/alekeskus.eu\/#website"},"primaryImageOfPage":{"@id":"https:\/\/alekeskus.eu\/et\/toode\/aiamaja-domo-siseruum-alekeskus\/#primaryimage"},"image":{"@id":"https:\/\/alekeskus.eu\/et\/toode\/aiamaja-domo-siseruum-alekeskus\/#primaryimage"},"thumbnailUrl":"https:\/\/alekeskus.eu\/wp-content\/uploads\/2025\/09\/Domo-internal-room-M-scaled.jpg","datePublished":"2025-09-21T16:26:02+00:00","dateModified":"2025-10-04T05:35:02+00:00","description":"Domo sarja aiamaja lisa siseruum","breadcrumb":{"@id":"https:\/\/alekeskus.eu\/et\/toode\/aiamaja-domo-siseruum-alekeskus\/#breadcrumb"},"inLanguage":"et","potentialAction":[{"@type":"ReadAction","target":["https:\/\/alekeskus.eu\/et\/toode\/aiamaja-domo-siseruum-alekeskus\/"]}]},{"@type":"ImageObject","inLanguage":"et","@id":"https:\/\/alekeskus.eu\/et\/toode\/aiamaja-domo-siseruum-alekeskus\/#primaryimage","url":"https:\/\/alekeskus.eu\/wp-content\/uploads\/2025\/09\/Domo-internal-room-M-scaled.jpg","contentUrl":"https:\/\/alekeskus.eu\/wp-content\/uploads\/2025\/09\/Domo-internal-room-M-scaled.jpg","width":1600,"height":1067},{"@type":"BreadcrumbList","@id":"https:\/\/alekeskus.eu\/et\/toode\/aiamaja-domo-siseruum-alekeskus\/#breadcrumb","itemListElement":[{"@type":"ListItem","position":1,"name":"Avaleht","item":"https:\/\/alekeskus.eu\/et\/"},{"@type":"ListItem","position":2,"name":"Pood","item":"https:\/\/alekeskus.eu\/pood\/"},{"@type":"ListItem","position":3,"name":"Aiamajade DOMO sarja lisaruum liuguksega (WC, panipaik, riidehoid)"}]},{"@type":"WebSite","@id":"https:\/\/alekeskus.eu\/#website","url":"https:\/\/alekeskus.eu\/","name":"Alekeskus","description":"Alekeskus.eu","potentialAction":[{"@type":"SearchAction","target":{"@type":"EntryPoint","urlTemplate":"https:\/\/alekeskus.eu\/?s={search_term_string}"},"query-input":{"@type":"PropertyValueSpecification","valueRequired":true,"valueName":"search_term_string"}}],"inLanguage":"et"}]}},"brands":[{"id":18577,"name":"Eesti","slug":"eesti"}],"_links":{"self":[{"href":"https:\/\/alekeskus.eu\/et\/wp-json\/wp\/v2\/product\/93552","targetHints":{"allow":["GET"]}}],"collection":[{"href":"https:\/\/alekeskus.eu\/et\/wp-json\/wp\/v2\/product"}],"about":[{"href":"https:\/\/alekeskus.eu\/et\/wp-json\/wp\/v2\/types\/product"}],"wp:featuredmedia":[{"embeddable":true,"href":"https:\/\/alekeskus.eu\/et\/wp-json\/wp\/v2\/media\/93554"}],"wp:attachment":[{"href":"https:\/\/alekeskus.eu\/et\/wp-json\/wp\/v2\/media?parent=93552"}],"wp:term":[{"taxonomy":"pwb-brand","embeddable":true,"href":"https:\/\/alekeskus.eu\/et\/wp-json\/wp\/v2\/pwb-brand?post=93552"},{"taxonomy":"product_brand","embeddable":true,"href":"https:\/\/alekeskus.eu\/et\/wp-json\/wp\/v2\/product_brand?post=93552"},{"taxonomy":"product_cat","embeddable":true,"href":"https:\/\/alekeskus.eu\/et\/wp-json\/wp\/v2\/product_cat?post=93552"},{"taxonomy":"product_tag","embeddable":true,"href":"https:\/\/alekeskus.eu\/et\/wp-json\/wp\/v2\/product_tag?post=93552"}],"curies":[{"name":"wp","href":"https:\/\/api.w.org\/{rel}","templated":true}]}}