{"id":93575,"date":"2026-02-27T15:57:36","date_gmt":"2026-02-27T15:57:36","guid":{"rendered":"https:\/\/alekeskus.eu\/?post_type=product&#038;p=93575"},"modified":"2026-04-01T04:50:05","modified_gmt":"2026-04-01T04:50:05","slug":"aiamaja-lodz13-alekeskus","status":"publish","type":"product","link":"https:\/\/alekeskus.eu\/et\/toode\/aiamaja-lodz13-alekeskus\/","title":{"rendered":"Aiamaja Lodz 13 m\u00b2 L\u00d5PUM\u00dc\u00dcK!"},"content":{"rendered":"","protected":false},"excerpt":{"rendered":"<p>V\u00e4lism\u00f5\u00f5dud: <strong>484 <\/strong><strong>x 276 cm<\/strong>.<\/p>\n<p><strong>TASUTA VEDU JA MAHALAADIMINE(ka suursaartel)!<\/strong><\/p>\n<ul>\n<li>freespalk tuuletapiga 28 mm, tormitugevdused<\/li>\n<li>seina k\u00f5rgus 194 cm ja harja k\u00f5rgus 247 cm<\/li>\n<li>katuse pindala 16 m\u00b2 \/ kalle 12\u00ba, r\u00e4\u00e4stas 12 cm<\/li>\n<li>ajutine katusepapp kaasas<\/li>\n<li>punnitud katuselauad 16 mm, katusep\u00e4rlinid 44 x 120 mm<\/li>\n<li>p\u00f5randat ei ole<\/li>\n<li>silinderlukuga klaasitud paarisuks 151 x 174 cm<\/li>\n<li>2 avatavat akent 86 x 55 cm<\/li>\n<li>kinnitusvahendid ja koostejuhend<\/li>\n<li>vihmakindel pakend<\/li>\n<li>toode on seisnud kaua v\u00e4lilaos, millest johtuvalt v\u00f5ib esineda(siiani ei ole esinenud) v\u00e4iksemaid niiskuskahjustusi ja pakendivigastusi(garantii puudub ja kaebusi vastu ei v\u00f5eta)<\/li>\n<li>Eesti toode<\/li>\n<\/ul>\n<p>K\u00fcsi ka paigaldust!<\/p>\n","protected":false},"featured_media":93579,"template":"","meta":{"_monsterinsights_skip_tracking":false,"_monsterinsights_sitenote_active":false,"_monsterinsights_sitenote_note":"","_monsterinsights_sitenote_category":0},"pwb-brand":[18577],"product_brand":[],"product_cat":[18677,17182,13592,13538,13540,13600],"product_tag":[14265,15216,15842,18909,19143,13813,17443,13913,17936,13987,14264,18371],"class_list":{"0":"post-93575","1":"product","2":"type-product","3":"status-publish","4":"has-post-thumbnail","6":"pwb-brand-eesti","7":"product_cat-lopumuuk","8":"product_cat-suvekoogid-alekeskus","9":"product_cat-aia-ja-grillmajad","10":"product_cat-ale","11":"product_cat-hooned-alekeskus","12":"product_cat-kuurid-aidad-kioskid","13":"product_tag-pihavaja","14":"product_tag-ait","15":"product_tag-tooriistakuur","16":"product_tag-aiamaja-soodus","17":"product_tag-aiamaja-muuk","18":"product_tag-aiamaja","19":"product_tag-tyokaluvaja","20":"product_tag-vierasmaja","21":"product_tag-pihavarasto","22":"product_tag-puukuur","23":"product_tag-aiakuur","24":"product_tag-palmako-pihavaja","25":"product_shipping_class-tasuta-transport-alates-1000kg","26":"pa_kohaletoimetamine-tasuta-mandri-eestis-ja-suursaartel-soome-alates-699e","27":"pa_pindalam-13896","28":"pa_seinapaksus-28-mm","29":"pa_tellimisaeg-2-10-toopaeva","30":"pa_varv-viimistlemata","31":"pa_veame-eesti-ja-soome","33":"first","34":"instock","35":"sale","36":"featured","37":"taxable","38":"shipping-taxable","39":"purchasable","40":"product-type-simple"},"yoast_head":"<!-- This site is optimized with the Yoast SEO plugin v27.3 - https:\/\/yoast.com\/product\/yoast-seo-wordpress\/ -->\n<title>Aiamaja Lodz 13 m\u00b2 L\u00d5PUM\u00dc\u00dcK! - Alekeskus<\/title>\n<meta name=\"description\" content=\"aiamaja l\u00f5pum\u00fc\u00fcgi hinnaga\" \/>\n<meta name=\"robots\" content=\"index, follow, max-snippet:-1, max-image-preview:large, max-video-preview:-1\" \/>\n<link rel=\"canonical\" href=\"https:\/\/alekeskus.eu\/et\/toode\/aiamaja-lodz13-alekeskus\/\" \/>\n<meta property=\"og:locale\" content=\"et_EE\" \/>\n<meta property=\"og:type\" content=\"article\" \/>\n<meta property=\"og:title\" content=\"Aiamaja Lodz 13 m\u00b2 L\u00d5PUM\u00dc\u00dcK! - Alekeskus\" \/>\n<meta property=\"og:description\" content=\"aiamaja l\u00f5pum\u00fc\u00fcgi hinnaga\" \/>\n<meta property=\"og:url\" content=\"https:\/\/alekeskus.eu\/et\/toode\/aiamaja-lodz13-alekeskus\/\" \/>\n<meta property=\"og:site_name\" content=\"Alekeskus\" \/>\n<meta property=\"article:modified_time\" content=\"2026-04-01T04:50:05+00:00\" \/>\n<meta property=\"og:image\" content=\"https:\/\/alekeskus.eu\/wp-content\/uploads\/2025\/09\/Lodz_13-.jpg\" \/>\n\t<meta property=\"og:image:width\" content=\"1600\" \/>\n\t<meta property=\"og:image:height\" content=\"1200\" \/>\n\t<meta property=\"og:image:type\" content=\"image\/jpeg\" \/>\n<meta name=\"twitter:card\" content=\"summary_large_image\" \/>\n<meta name=\"twitter:label1\" content=\"Est. reading time\" \/>\n\t<meta name=\"twitter:data1\" content=\"1 minut\" \/>\n<script type=\"application\/ld+json\" class=\"yoast-schema-graph\">{\"@context\":\"https:\\\/\\\/schema.org\",\"@graph\":[{\"@type\":\"WebPage\",\"@id\":\"https:\\\/\\\/alekeskus.eu\\\/et\\\/toode\\\/aiamaja-lodz13-alekeskus\\\/\",\"url\":\"https:\\\/\\\/alekeskus.eu\\\/et\\\/toode\\\/aiamaja-lodz13-alekeskus\\\/\",\"name\":\"Aiamaja Lodz 13 m\u00b2 L\u00d5PUM\u00dc\u00dcK! - Alekeskus\",\"isPartOf\":{\"@id\":\"https:\\\/\\\/alekeskus.eu\\\/#website\"},\"primaryImageOfPage\":{\"@id\":\"https:\\\/\\\/alekeskus.eu\\\/et\\\/toode\\\/aiamaja-lodz13-alekeskus\\\/#primaryimage\"},\"image\":{\"@id\":\"https:\\\/\\\/alekeskus.eu\\\/et\\\/toode\\\/aiamaja-lodz13-alekeskus\\\/#primaryimage\"},\"thumbnailUrl\":\"https:\\\/\\\/alekeskus.eu\\\/wp-content\\\/uploads\\\/2025\\\/09\\\/Lodz_13-.jpg\",\"datePublished\":\"2026-02-27T15:57:36+00:00\",\"dateModified\":\"2026-04-01T04:50:05+00:00\",\"description\":\"aiamaja l\u00f5pum\u00fc\u00fcgi hinnaga\",\"breadcrumb\":{\"@id\":\"https:\\\/\\\/alekeskus.eu\\\/et\\\/toode\\\/aiamaja-lodz13-alekeskus\\\/#breadcrumb\"},\"inLanguage\":\"et\",\"potentialAction\":[{\"@type\":\"ReadAction\",\"target\":[\"https:\\\/\\\/alekeskus.eu\\\/et\\\/toode\\\/aiamaja-lodz13-alekeskus\\\/\"]}]},{\"@type\":\"ImageObject\",\"inLanguage\":\"et\",\"@id\":\"https:\\\/\\\/alekeskus.eu\\\/et\\\/toode\\\/aiamaja-lodz13-alekeskus\\\/#primaryimage\",\"url\":\"https:\\\/\\\/alekeskus.eu\\\/wp-content\\\/uploads\\\/2025\\\/09\\\/Lodz_13-.jpg\",\"contentUrl\":\"https:\\\/\\\/alekeskus.eu\\\/wp-content\\\/uploads\\\/2025\\\/09\\\/Lodz_13-.jpg\",\"width\":1600,\"height\":1200},{\"@type\":\"BreadcrumbList\",\"@id\":\"https:\\\/\\\/alekeskus.eu\\\/et\\\/toode\\\/aiamaja-lodz13-alekeskus\\\/#breadcrumb\",\"itemListElement\":[{\"@type\":\"ListItem\",\"position\":1,\"name\":\"Avaleht\",\"item\":\"https:\\\/\\\/alekeskus.eu\\\/et\\\/\"},{\"@type\":\"ListItem\",\"position\":2,\"name\":\"Pood\",\"item\":\"https:\\\/\\\/alekeskus.eu\\\/pood\\\/\"},{\"@type\":\"ListItem\",\"position\":3,\"name\":\"Aiamaja Lodz 13 m\u00b2 L\u00d5PUM\u00dc\u00dcK!\"}]},{\"@type\":\"WebSite\",\"@id\":\"https:\\\/\\\/alekeskus.eu\\\/#website\",\"url\":\"https:\\\/\\\/alekeskus.eu\\\/\",\"name\":\"Alekeskus\",\"description\":\"Alekeskus.eu\",\"potentialAction\":[{\"@type\":\"SearchAction\",\"target\":{\"@type\":\"EntryPoint\",\"urlTemplate\":\"https:\\\/\\\/alekeskus.eu\\\/?s={search_term_string}\"},\"query-input\":{\"@type\":\"PropertyValueSpecification\",\"valueRequired\":true,\"valueName\":\"search_term_string\"}}],\"inLanguage\":\"et\"}]}<\/script>\n<!-- \/ Yoast SEO plugin. -->","yoast_head_json":{"title":"Aiamaja Lodz 13 m\u00b2 L\u00d5PUM\u00dc\u00dcK! - Alekeskus","description":"aiamaja l\u00f5pum\u00fc\u00fcgi hinnaga","robots":{"index":"index","follow":"follow","max-snippet":"max-snippet:-1","max-image-preview":"max-image-preview:large","max-video-preview":"max-video-preview:-1"},"canonical":"https:\/\/alekeskus.eu\/et\/toode\/aiamaja-lodz13-alekeskus\/","og_locale":"et_EE","og_type":"article","og_title":"Aiamaja Lodz 13 m\u00b2 L\u00d5PUM\u00dc\u00dcK! - Alekeskus","og_description":"aiamaja l\u00f5pum\u00fc\u00fcgi hinnaga","og_url":"https:\/\/alekeskus.eu\/et\/toode\/aiamaja-lodz13-alekeskus\/","og_site_name":"Alekeskus","article_modified_time":"2026-04-01T04:50:05+00:00","og_image":[{"width":1600,"height":1200,"url":"https:\/\/alekeskus.eu\/wp-content\/uploads\/2025\/09\/Lodz_13-.jpg","type":"image\/jpeg"}],"twitter_card":"summary_large_image","twitter_misc":{"Est. reading time":"1 minut"},"schema":{"@context":"https:\/\/schema.org","@graph":[{"@type":"WebPage","@id":"https:\/\/alekeskus.eu\/et\/toode\/aiamaja-lodz13-alekeskus\/","url":"https:\/\/alekeskus.eu\/et\/toode\/aiamaja-lodz13-alekeskus\/","name":"Aiamaja Lodz 13 m\u00b2 L\u00d5PUM\u00dc\u00dcK! - Alekeskus","isPartOf":{"@id":"https:\/\/alekeskus.eu\/#website"},"primaryImageOfPage":{"@id":"https:\/\/alekeskus.eu\/et\/toode\/aiamaja-lodz13-alekeskus\/#primaryimage"},"image":{"@id":"https:\/\/alekeskus.eu\/et\/toode\/aiamaja-lodz13-alekeskus\/#primaryimage"},"thumbnailUrl":"https:\/\/alekeskus.eu\/wp-content\/uploads\/2025\/09\/Lodz_13-.jpg","datePublished":"2026-02-27T15:57:36+00:00","dateModified":"2026-04-01T04:50:05+00:00","description":"aiamaja l\u00f5pum\u00fc\u00fcgi hinnaga","breadcrumb":{"@id":"https:\/\/alekeskus.eu\/et\/toode\/aiamaja-lodz13-alekeskus\/#breadcrumb"},"inLanguage":"et","potentialAction":[{"@type":"ReadAction","target":["https:\/\/alekeskus.eu\/et\/toode\/aiamaja-lodz13-alekeskus\/"]}]},{"@type":"ImageObject","inLanguage":"et","@id":"https:\/\/alekeskus.eu\/et\/toode\/aiamaja-lodz13-alekeskus\/#primaryimage","url":"https:\/\/alekeskus.eu\/wp-content\/uploads\/2025\/09\/Lodz_13-.jpg","contentUrl":"https:\/\/alekeskus.eu\/wp-content\/uploads\/2025\/09\/Lodz_13-.jpg","width":1600,"height":1200},{"@type":"BreadcrumbList","@id":"https:\/\/alekeskus.eu\/et\/toode\/aiamaja-lodz13-alekeskus\/#breadcrumb","itemListElement":[{"@type":"ListItem","position":1,"name":"Avaleht","item":"https:\/\/alekeskus.eu\/et\/"},{"@type":"ListItem","position":2,"name":"Pood","item":"https:\/\/alekeskus.eu\/pood\/"},{"@type":"ListItem","position":3,"name":"Aiamaja Lodz 13 m\u00b2 L\u00d5PUM\u00dc\u00dcK!"}]},{"@type":"WebSite","@id":"https:\/\/alekeskus.eu\/#website","url":"https:\/\/alekeskus.eu\/","name":"Alekeskus","description":"Alekeskus.eu","potentialAction":[{"@type":"SearchAction","target":{"@type":"EntryPoint","urlTemplate":"https:\/\/alekeskus.eu\/?s={search_term_string}"},"query-input":{"@type":"PropertyValueSpecification","valueRequired":true,"valueName":"search_term_string"}}],"inLanguage":"et"}]}},"brands":[{"id":18577,"name":"Eesti","slug":"eesti"}],"_links":{"self":[{"href":"https:\/\/alekeskus.eu\/et\/wp-json\/wp\/v2\/product\/93575","targetHints":{"allow":["GET"]}}],"collection":[{"href":"https:\/\/alekeskus.eu\/et\/wp-json\/wp\/v2\/product"}],"about":[{"href":"https:\/\/alekeskus.eu\/et\/wp-json\/wp\/v2\/types\/product"}],"wp:featuredmedia":[{"embeddable":true,"href":"https:\/\/alekeskus.eu\/et\/wp-json\/wp\/v2\/media\/93579"}],"wp:attachment":[{"href":"https:\/\/alekeskus.eu\/et\/wp-json\/wp\/v2\/media?parent=93575"}],"wp:term":[{"taxonomy":"pwb-brand","embeddable":true,"href":"https:\/\/alekeskus.eu\/et\/wp-json\/wp\/v2\/pwb-brand?post=93575"},{"taxonomy":"product_brand","embeddable":true,"href":"https:\/\/alekeskus.eu\/et\/wp-json\/wp\/v2\/product_brand?post=93575"},{"taxonomy":"product_cat","embeddable":true,"href":"https:\/\/alekeskus.eu\/et\/wp-json\/wp\/v2\/product_cat?post=93575"},{"taxonomy":"product_tag","embeddable":true,"href":"https:\/\/alekeskus.eu\/et\/wp-json\/wp\/v2\/product_tag?post=93575"}],"curies":[{"name":"wp","href":"https:\/\/api.w.org\/{rel}","templated":true}]}}