{"id":93645,"date":"2025-02-16T12:20:38","date_gmt":"2025-02-16T12:20:38","guid":{"rendered":"https:\/\/alekeskus.eu\/?post_type=product&#038;p=93645"},"modified":"2026-01-02T18:19:07","modified_gmt":"2026-01-02T18:19:07","slug":"komposter-taaskasutatud-plastjaatmetest-alekeskus","status":"publish","type":"product","link":"https:\/\/alekeskus.eu\/et\/toode\/komposter-taaskasutatud-plastjaatmetest-alekeskus\/","title":{"rendered":"Komposter taaskasutatud plastj\u00e4\u00e4tmetest laudadest"},"content":{"rendered":"","protected":false},"excerpt":{"rendered":"<p>Kompostrite m\u00f5\u00f5dud: 100 x 100 x h100 cm (maht 1000l) v\u00f5i 100 x 200 x h100 cm (maht 2000l)<\/p>\n<p>Hall, must, roheline v\u00f5i pruun v\u00e4rv (puus\u00fc\u00fc v\u00f5i sile pind).<\/p>\n<ul data-rte-list=\"default\">\n<li>t\u00e4isplast laud 32 x 95 mm, mis on <span style=\"text-decoration: underline;\">valmistatud tuhandetest plastpakenditest ja kilekottidest j\u00e4ttes puud metsa kasvama<\/span><\/li>\n<li>valikus kaanega(pildil on eritellimus pooliku kaanega) ja ilma<\/li>\n<li>p\u00f5hja ei ole<\/li>\n<li>suurep\u00e4rane vastupidavus ilmastiku m\u00f5judele<\/li>\n<li>ei ima, ei aja pindusid<\/li>\n<li>ei hallita ega m\u00e4dane<\/li>\n<li>m\u00fcrgitu<\/li>\n<li>Eesti toode<\/li>\n<li>v\u00f5imalik tellida ka erim\u00f5\u00f5te<\/li>\n<\/ul>\n<p>&nbsp;<\/p>\n","protected":false},"featured_media":95648,"template":"","meta":{"_monsterinsights_skip_tracking":false,"_monsterinsights_sitenote_active":false,"_monsterinsights_sitenote_note":"","_monsterinsights_sitenote_category":0},"pwb-brand":[18577],"product_brand":[],"product_cat":[13566,13546,13530],"product_tag":[18748,17236,18749,18374,18672,14734,18743,14747,18744,14748,14788],"class_list":{"0":"post-93645","1":"product","2":"type-product","3":"status-publish","4":"has-post-thumbnail","6":"pwb-brand-eesti","7":"product_cat-iluaiandus","8":"product_cat-umbertoodeldud-plastist-tooted-alekeskus","9":"product_cat-aed-ja-kodu","10":"product_tag-komposteerimine","11":"product_tag-kierratysmuovi","12":"product_tag-kompostointi","13":"product_tag-taaskasutatud-materjal","14":"product_tag-kierratettava","15":"product_tag-okoloogiline-materjal","16":"product_tag-komposter","17":"product_tag-ekologinen-rakennusmateriaali","18":"product_tag-kompostori","19":"product_tag-kotitalousmuovi","20":"product_tag-taaskasutus","21":"product_shipping_class-30-300kg","22":"pa_garantii-10-aastat","23":"pa_kohaletoimetamine-veohind-mandri-eestis-alekeskus","24":"pa_laoasukoht-jarvamaa","25":"pa_laoasukoht-saadaval-paslepa-laos-5015483-alekeskus","26":"pa_moodud-alekeskus-100x100x100cm-alekeskus","27":"pa_moodud-alekeskus-200x100x100cm-alekeskus","28":"pa_tellimisaeg-tilausaika-alekeskus","29":"pa_valilisad-kaanega-alekeskus","30":"pa_valilisad-ilma-lisadeta","31":"pa_valimus-sile-pind","32":"pa_valimus-puusuu-alekeskus","33":"pa_varv-roheline","34":"pa_varv-hall","35":"pa_varv-pruun","36":"pa_varv-must","37":"pa_veame-eesti-ja-soome","39":"first","40":"instock","41":"featured","42":"taxable","43":"shipping-taxable","44":"purchasable","45":"product-type-variable"},"yoast_head":"<!-- This site is optimized with the Yoast SEO plugin v27.3 - https:\/\/yoast.com\/product\/yoast-seo-wordpress\/ -->\n<title>Komposter taaskasutatud plastj\u00e4\u00e4tmetest laudadest - Alekeskus<\/title>\n<meta name=\"description\" content=\"Komposter taask\u00e4ideldud plastj\u00e4\u00e4tmetest\" \/>\n<meta name=\"robots\" content=\"index, follow, max-snippet:-1, max-image-preview:large, max-video-preview:-1\" \/>\n<link rel=\"canonical\" href=\"https:\/\/alekeskus.eu\/toode\/komposter-taaskasutatud-plastjaatmetest-alekeskus\/\" \/>\n<meta property=\"og:locale\" content=\"et_EE\" \/>\n<meta property=\"og:type\" content=\"article\" \/>\n<meta property=\"og:title\" content=\"Komposter taaskasutatud plastj\u00e4\u00e4tmetest laudadest - Alekeskus\" \/>\n<meta property=\"og:description\" content=\"Komposter taask\u00e4ideldud plastj\u00e4\u00e4tmetest\" \/>\n<meta property=\"og:url\" content=\"https:\/\/alekeskus.eu\/toode\/komposter-taaskasutatud-plastjaatmetest-alekeskus\/\" \/>\n<meta property=\"og:site_name\" content=\"Alekeskus\" \/>\n<meta property=\"article:modified_time\" content=\"2026-01-02T18:19:07+00:00\" \/>\n<meta property=\"og:image\" content=\"https:\/\/alekeskus.eu\/wp-content\/uploads\/2025\/02\/Komposter-1x2-poolkaanega.jpg\" \/>\n\t<meta property=\"og:image:width\" content=\"1600\" \/>\n\t<meta property=\"og:image:height\" content=\"831\" \/>\n\t<meta property=\"og:image:type\" content=\"image\/jpeg\" \/>\n<meta name=\"twitter:card\" content=\"summary_large_image\" \/>\n<meta name=\"twitter:label1\" content=\"Est. reading time\" \/>\n\t<meta name=\"twitter:data1\" content=\"1 minut\" \/>\n<script type=\"application\/ld+json\" class=\"yoast-schema-graph\">{\"@context\":\"https:\\\/\\\/schema.org\",\"@graph\":[{\"@type\":\"WebPage\",\"@id\":\"https:\\\/\\\/alekeskus.eu\\\/toode\\\/komposter-taaskasutatud-plastjaatmetest-alekeskus\\\/\",\"url\":\"https:\\\/\\\/alekeskus.eu\\\/toode\\\/komposter-taaskasutatud-plastjaatmetest-alekeskus\\\/\",\"name\":\"Komposter taaskasutatud plastj\u00e4\u00e4tmetest laudadest - Alekeskus\",\"isPartOf\":{\"@id\":\"https:\\\/\\\/alekeskus.eu\\\/#website\"},\"primaryImageOfPage\":{\"@id\":\"https:\\\/\\\/alekeskus.eu\\\/toode\\\/komposter-taaskasutatud-plastjaatmetest-alekeskus\\\/#primaryimage\"},\"image\":{\"@id\":\"https:\\\/\\\/alekeskus.eu\\\/toode\\\/komposter-taaskasutatud-plastjaatmetest-alekeskus\\\/#primaryimage\"},\"thumbnailUrl\":\"https:\\\/\\\/alekeskus.eu\\\/wp-content\\\/uploads\\\/2025\\\/02\\\/Komposter-1x2-poolkaanega.jpg\",\"datePublished\":\"2025-02-16T12:20:38+00:00\",\"dateModified\":\"2026-01-02T18:19:07+00:00\",\"description\":\"Komposter taask\u00e4ideldud plastj\u00e4\u00e4tmetest\",\"breadcrumb\":{\"@id\":\"https:\\\/\\\/alekeskus.eu\\\/toode\\\/komposter-taaskasutatud-plastjaatmetest-alekeskus\\\/#breadcrumb\"},\"inLanguage\":\"et\",\"potentialAction\":[{\"@type\":\"ReadAction\",\"target\":[\"https:\\\/\\\/alekeskus.eu\\\/toode\\\/komposter-taaskasutatud-plastjaatmetest-alekeskus\\\/\"]}]},{\"@type\":\"ImageObject\",\"inLanguage\":\"et\",\"@id\":\"https:\\\/\\\/alekeskus.eu\\\/toode\\\/komposter-taaskasutatud-plastjaatmetest-alekeskus\\\/#primaryimage\",\"url\":\"https:\\\/\\\/alekeskus.eu\\\/wp-content\\\/uploads\\\/2025\\\/02\\\/Komposter-1x2-poolkaanega.jpg\",\"contentUrl\":\"https:\\\/\\\/alekeskus.eu\\\/wp-content\\\/uploads\\\/2025\\\/02\\\/Komposter-1x2-poolkaanega.jpg\",\"width\":1600,\"height\":831},{\"@type\":\"BreadcrumbList\",\"@id\":\"https:\\\/\\\/alekeskus.eu\\\/toode\\\/komposter-taaskasutatud-plastjaatmetest-alekeskus\\\/#breadcrumb\",\"itemListElement\":[{\"@type\":\"ListItem\",\"position\":1,\"name\":\"Avaleht\",\"item\":\"https:\\\/\\\/alekeskus.eu\\\/et\\\/\"},{\"@type\":\"ListItem\",\"position\":2,\"name\":\"Pood\",\"item\":\"https:\\\/\\\/alekeskus.eu\\\/pood\\\/\"},{\"@type\":\"ListItem\",\"position\":3,\"name\":\"Komposter taaskasutatud plastj\u00e4\u00e4tmetest laudadest\"}]},{\"@type\":\"WebSite\",\"@id\":\"https:\\\/\\\/alekeskus.eu\\\/#website\",\"url\":\"https:\\\/\\\/alekeskus.eu\\\/\",\"name\":\"Alekeskus\",\"description\":\"Alekeskus.eu\",\"potentialAction\":[{\"@type\":\"SearchAction\",\"target\":{\"@type\":\"EntryPoint\",\"urlTemplate\":\"https:\\\/\\\/alekeskus.eu\\\/?s={search_term_string}\"},\"query-input\":{\"@type\":\"PropertyValueSpecification\",\"valueRequired\":true,\"valueName\":\"search_term_string\"}}],\"inLanguage\":\"et\"}]}<\/script>\n<!-- \/ Yoast SEO plugin. -->","yoast_head_json":{"title":"Komposter taaskasutatud plastj\u00e4\u00e4tmetest laudadest - Alekeskus","description":"Komposter taask\u00e4ideldud plastj\u00e4\u00e4tmetest","robots":{"index":"index","follow":"follow","max-snippet":"max-snippet:-1","max-image-preview":"max-image-preview:large","max-video-preview":"max-video-preview:-1"},"canonical":"https:\/\/alekeskus.eu\/toode\/komposter-taaskasutatud-plastjaatmetest-alekeskus\/","og_locale":"et_EE","og_type":"article","og_title":"Komposter taaskasutatud plastj\u00e4\u00e4tmetest laudadest - Alekeskus","og_description":"Komposter taask\u00e4ideldud plastj\u00e4\u00e4tmetest","og_url":"https:\/\/alekeskus.eu\/toode\/komposter-taaskasutatud-plastjaatmetest-alekeskus\/","og_site_name":"Alekeskus","article_modified_time":"2026-01-02T18:19:07+00:00","og_image":[{"width":1600,"height":831,"url":"https:\/\/alekeskus.eu\/wp-content\/uploads\/2025\/02\/Komposter-1x2-poolkaanega.jpg","type":"image\/jpeg"}],"twitter_card":"summary_large_image","twitter_misc":{"Est. reading time":"1 minut"},"schema":{"@context":"https:\/\/schema.org","@graph":[{"@type":"WebPage","@id":"https:\/\/alekeskus.eu\/toode\/komposter-taaskasutatud-plastjaatmetest-alekeskus\/","url":"https:\/\/alekeskus.eu\/toode\/komposter-taaskasutatud-plastjaatmetest-alekeskus\/","name":"Komposter taaskasutatud plastj\u00e4\u00e4tmetest laudadest - Alekeskus","isPartOf":{"@id":"https:\/\/alekeskus.eu\/#website"},"primaryImageOfPage":{"@id":"https:\/\/alekeskus.eu\/toode\/komposter-taaskasutatud-plastjaatmetest-alekeskus\/#primaryimage"},"image":{"@id":"https:\/\/alekeskus.eu\/toode\/komposter-taaskasutatud-plastjaatmetest-alekeskus\/#primaryimage"},"thumbnailUrl":"https:\/\/alekeskus.eu\/wp-content\/uploads\/2025\/02\/Komposter-1x2-poolkaanega.jpg","datePublished":"2025-02-16T12:20:38+00:00","dateModified":"2026-01-02T18:19:07+00:00","description":"Komposter taask\u00e4ideldud plastj\u00e4\u00e4tmetest","breadcrumb":{"@id":"https:\/\/alekeskus.eu\/toode\/komposter-taaskasutatud-plastjaatmetest-alekeskus\/#breadcrumb"},"inLanguage":"et","potentialAction":[{"@type":"ReadAction","target":["https:\/\/alekeskus.eu\/toode\/komposter-taaskasutatud-plastjaatmetest-alekeskus\/"]}]},{"@type":"ImageObject","inLanguage":"et","@id":"https:\/\/alekeskus.eu\/toode\/komposter-taaskasutatud-plastjaatmetest-alekeskus\/#primaryimage","url":"https:\/\/alekeskus.eu\/wp-content\/uploads\/2025\/02\/Komposter-1x2-poolkaanega.jpg","contentUrl":"https:\/\/alekeskus.eu\/wp-content\/uploads\/2025\/02\/Komposter-1x2-poolkaanega.jpg","width":1600,"height":831},{"@type":"BreadcrumbList","@id":"https:\/\/alekeskus.eu\/toode\/komposter-taaskasutatud-plastjaatmetest-alekeskus\/#breadcrumb","itemListElement":[{"@type":"ListItem","position":1,"name":"Avaleht","item":"https:\/\/alekeskus.eu\/et\/"},{"@type":"ListItem","position":2,"name":"Pood","item":"https:\/\/alekeskus.eu\/pood\/"},{"@type":"ListItem","position":3,"name":"Komposter taaskasutatud plastj\u00e4\u00e4tmetest laudadest"}]},{"@type":"WebSite","@id":"https:\/\/alekeskus.eu\/#website","url":"https:\/\/alekeskus.eu\/","name":"Alekeskus","description":"Alekeskus.eu","potentialAction":[{"@type":"SearchAction","target":{"@type":"EntryPoint","urlTemplate":"https:\/\/alekeskus.eu\/?s={search_term_string}"},"query-input":{"@type":"PropertyValueSpecification","valueRequired":true,"valueName":"search_term_string"}}],"inLanguage":"et"}]}},"brands":[{"id":18577,"name":"Eesti","slug":"eesti"}],"_links":{"self":[{"href":"https:\/\/alekeskus.eu\/et\/wp-json\/wp\/v2\/product\/93645","targetHints":{"allow":["GET"]}}],"collection":[{"href":"https:\/\/alekeskus.eu\/et\/wp-json\/wp\/v2\/product"}],"about":[{"href":"https:\/\/alekeskus.eu\/et\/wp-json\/wp\/v2\/types\/product"}],"wp:featuredmedia":[{"embeddable":true,"href":"https:\/\/alekeskus.eu\/et\/wp-json\/wp\/v2\/media\/95648"}],"wp:attachment":[{"href":"https:\/\/alekeskus.eu\/et\/wp-json\/wp\/v2\/media?parent=93645"}],"wp:term":[{"taxonomy":"pwb-brand","embeddable":true,"href":"https:\/\/alekeskus.eu\/et\/wp-json\/wp\/v2\/pwb-brand?post=93645"},{"taxonomy":"product_brand","embeddable":true,"href":"https:\/\/alekeskus.eu\/et\/wp-json\/wp\/v2\/product_brand?post=93645"},{"taxonomy":"product_cat","embeddable":true,"href":"https:\/\/alekeskus.eu\/et\/wp-json\/wp\/v2\/product_cat?post=93645"},{"taxonomy":"product_tag","embeddable":true,"href":"https:\/\/alekeskus.eu\/et\/wp-json\/wp\/v2\/product_tag?post=93645"}],"curies":[{"name":"wp","href":"https:\/\/api.w.org\/{rel}","templated":true}]}}