{"id":94270,"date":"2025-11-06T07:01:43","date_gmt":"2025-11-06T07:01:43","guid":{"rendered":"https:\/\/alekeskus.eu\/?post_type=product&#038;p=94270"},"modified":"2026-01-08T19:53:33","modified_gmt":"2026-01-08T19:53:33","slug":"elementsuvemaja-rebeca224-alekeskus","status":"publish","type":"product","link":"https:\/\/alekeskus.eu\/et\/toode\/elementsuvemaja-rebeca224-alekeskus\/","title":{"rendered":"Elementsuvemaja Rebeca 22,4 m\u00b2 soojustamisvalmidusega"},"content":{"rendered":"<div class=\"&quot;pictogram\">\n<div class=\"&quot;image&quot;\">\n<div class=\"pictogram qtip-additional-element\">\n<div class=\"description\">\n<div class=\"pictogram qtip-additional-element\">\n<div class=\"description\">\n<div class=\"pictogram qtip-additional-element\">\n<div class=\"description\"><\/div>\n<\/div>\n<div class=\"pictogram qtip-additional-element\"><\/div>\n<\/div>\n<\/div>\n<div class=\"pictogram qtip-additional-element\"><\/div>\n<div class=\"pictogram qtip-additional-element\"><\/div>\n<div class=\"pictogram qtip-additional-element\"><\/div>\n<\/div>\n<\/div>\n<div class=\"pictogram qtip-additional-element\"><\/div>\n<div class=\"pictogram qtip-additional-element\"><\/div>\n<div class=\"pictogram qtip-additional-element\"><\/div>\n<\/div>\n<\/div>\n<div class=\"&quot;pictogram\"><\/div>\n<div class=\"&quot;pictogram\"><\/div>\n","protected":false},"excerpt":{"rendered":"<p><strong>V\u00e4lism\u00f5\u00f5dud: 901 x 339 cm. <\/strong><\/p>\n<p><strong>TASUTA VEDU JA MAHALAADIMINE (ka suursaartel)!<\/strong><\/p>\n<ul>\n<li>soojustusvalmis elementseinad kogupaksusega <strong>160 mm<\/strong> (18 mm peensaetud viimistlemata voodrilaud tuulet\u00f5kkekilega, 95 mm s\u00f5restik)<\/li>\n<li>soojustada saab 95 mm, sisevooderdust ei ole<\/li>\n<li>seina k\u00f5rgus 328 cm ja harja k\u00f5rgus 256 cm<\/li>\n<li>punnitud katus- ja p\u00f5randalauad 19 mm, laelauad 19 mm<\/li>\n<li>immutatud p\u00f5hjaprussid,\u00a0s\u00fcvaimmutatud terrassilauad 28 mm<\/li>\n<li>pakettklaasidega alumiiniumraamidega uks ja liugaknad; silinderlukud<\/li>\n<li>katuse pindala 34 m\u00b2 ja kalle 20\u00ba<\/li>\n<li>katusekate lisahinnaga<\/li>\n<li>kinnitusvahendid ja juhend<\/li>\n<li>5 aastane garantii<\/li>\n<li>Eesti toode<\/li>\n<li>vihmakindel pakend<\/li>\n<\/ul>\n<p>K\u00fcsi ka paigaldust!<\/p>\n","protected":false},"featured_media":94283,"template":"","meta":{"_monsterinsights_skip_tracking":false,"_monsterinsights_sitenote_active":false,"_monsterinsights_sitenote_note":"","_monsterinsights_sitenote_category":0},"pwb-brand":[],"product_brand":[],"product_cat":[17182,13592,13540,13602,13608,13610],"product_tag":[13913,17515,13970,17526,14253,18033,14310,15285,18680,13813,15468,18764,15923,13841,16272,18843,17298,13894],"class_list":{"0":"post-94270","1":"product","2":"type-product","3":"status-publish","4":"has-post-thumbnail","6":"product_cat-suvekoogid-alekeskus","7":"product_cat-aia-ja-grillmajad","8":"product_cat-hooned-alekeskus","9":"product_cat-elementmajad","10":"product_cat-kontorid","11":"product_cat-suvilad","12":"product_tag-vierasmaja","13":"product_tag-saunamokki","14":"product_tag-suvila","15":"product_tag-elmenttirakenteinen","16":"product_tag-rannamaja","17":"product_tag-rantamokki-2","18":"product_tag-kodukontor","19":"product_tag-kesamokki","20":"product_tag-alumiiniumliuguks","21":"product_tag-aiamaja","22":"product_tag-elementmaja","23":"product_tag-saunsuvila","24":"product_tag-kilpmaja","25":"product_tag-soojak","26":"product_tag-aiamajade-pustitamine","27":"product_tag-elementmajad","28":"product_tag-alumiiniliukuovi","29":"product_tag-puitmaja","30":"product_shipping_class-tasuta-transport-alates-1000kg","31":"pa_garantii-5-aastat","32":"pa_kohaletoimetamine-tasuta-mandri-eestis-ja-suursaartel-soome-alates-699e","33":"pa_laoasukoht-tartumaa","34":"pa_pindalam-18775","35":"pa_seinapaksus-18772","36":"pa_tellimisaeg-tilausaika-alekeskus","37":"pa_varv-viimistlemata","38":"pa_veame-eesti-ja-soome","40":"first","41":"instock","42":"taxable","43":"shipping-taxable","44":"purchasable","45":"product-type-simple"},"yoast_head":"<!-- This site is optimized with the Yoast SEO plugin v27.3 - https:\/\/yoast.com\/product\/yoast-seo-wordpress\/ -->\n<title>Elementsuvemaja Rebeca 22,4 m\u00b2 soojustamisvalmidusega - Alekeskus<\/title>\n<meta name=\"description\" content=\"Suvemaja Rebeka elementseintega ja alumiiniumraamidega avat\u00e4idetega ning tasuta veoga.\" \/>\n<meta name=\"robots\" content=\"index, follow, max-snippet:-1, max-image-preview:large, max-video-preview:-1\" \/>\n<link rel=\"canonical\" href=\"https:\/\/alekeskus.eu\/toode\/elementsuvemaja-rebeca224-alekeskus\/\" \/>\n<meta property=\"og:locale\" content=\"et_EE\" \/>\n<meta property=\"og:type\" content=\"article\" \/>\n<meta property=\"og:title\" content=\"Elementsuvemaja Rebeca 22,4 m\u00b2 soojustamisvalmidusega - Alekeskus\" \/>\n<meta property=\"og:description\" content=\"Suvemaja Rebeka elementseintega ja alumiiniumraamidega avat\u00e4idetega ning tasuta veoga.\" \/>\n<meta property=\"og:url\" content=\"https:\/\/alekeskus.eu\/toode\/elementsuvemaja-rebeca224-alekeskus\/\" \/>\n<meta property=\"og:site_name\" content=\"Alekeskus\" \/>\n<meta property=\"article:modified_time\" content=\"2026-01-08T19:53:33+00:00\" \/>\n<meta property=\"og:image\" content=\"https:\/\/alekeskus.eu\/wp-content\/uploads\/2025\/11\/Rebekka_22.4_m2_NATURAL_wb.jpg\" \/>\n\t<meta property=\"og:image:width\" content=\"1600\" \/>\n\t<meta property=\"og:image:height\" content=\"1200\" \/>\n\t<meta property=\"og:image:type\" content=\"image\/jpeg\" \/>\n<meta name=\"twitter:card\" content=\"summary_large_image\" \/>\n<meta name=\"twitter:label1\" content=\"Est. reading time\" \/>\n\t<meta name=\"twitter:data1\" content=\"1 minut\" \/>\n<script type=\"application\/ld+json\" class=\"yoast-schema-graph\">{\"@context\":\"https:\\\/\\\/schema.org\",\"@graph\":[{\"@type\":\"WebPage\",\"@id\":\"https:\\\/\\\/alekeskus.eu\\\/toode\\\/elementsuvemaja-rebeca224-alekeskus\\\/\",\"url\":\"https:\\\/\\\/alekeskus.eu\\\/toode\\\/elementsuvemaja-rebeca224-alekeskus\\\/\",\"name\":\"Elementsuvemaja Rebeca 22,4 m\u00b2 soojustamisvalmidusega - Alekeskus\",\"isPartOf\":{\"@id\":\"https:\\\/\\\/alekeskus.eu\\\/#website\"},\"primaryImageOfPage\":{\"@id\":\"https:\\\/\\\/alekeskus.eu\\\/toode\\\/elementsuvemaja-rebeca224-alekeskus\\\/#primaryimage\"},\"image\":{\"@id\":\"https:\\\/\\\/alekeskus.eu\\\/toode\\\/elementsuvemaja-rebeca224-alekeskus\\\/#primaryimage\"},\"thumbnailUrl\":\"https:\\\/\\\/alekeskus.eu\\\/wp-content\\\/uploads\\\/2025\\\/11\\\/Rebekka_22.4_m2_NATURAL_wb.jpg\",\"datePublished\":\"2025-11-06T07:01:43+00:00\",\"dateModified\":\"2026-01-08T19:53:33+00:00\",\"description\":\"Suvemaja Rebeka elementseintega ja alumiiniumraamidega avat\u00e4idetega ning tasuta veoga.\",\"breadcrumb\":{\"@id\":\"https:\\\/\\\/alekeskus.eu\\\/toode\\\/elementsuvemaja-rebeca224-alekeskus\\\/#breadcrumb\"},\"inLanguage\":\"et\",\"potentialAction\":[{\"@type\":\"ReadAction\",\"target\":[\"https:\\\/\\\/alekeskus.eu\\\/toode\\\/elementsuvemaja-rebeca224-alekeskus\\\/\"]}]},{\"@type\":\"ImageObject\",\"inLanguage\":\"et\",\"@id\":\"https:\\\/\\\/alekeskus.eu\\\/toode\\\/elementsuvemaja-rebeca224-alekeskus\\\/#primaryimage\",\"url\":\"https:\\\/\\\/alekeskus.eu\\\/wp-content\\\/uploads\\\/2025\\\/11\\\/Rebekka_22.4_m2_NATURAL_wb.jpg\",\"contentUrl\":\"https:\\\/\\\/alekeskus.eu\\\/wp-content\\\/uploads\\\/2025\\\/11\\\/Rebekka_22.4_m2_NATURAL_wb.jpg\",\"width\":1600,\"height\":1200},{\"@type\":\"BreadcrumbList\",\"@id\":\"https:\\\/\\\/alekeskus.eu\\\/toode\\\/elementsuvemaja-rebeca224-alekeskus\\\/#breadcrumb\",\"itemListElement\":[{\"@type\":\"ListItem\",\"position\":1,\"name\":\"Avaleht\",\"item\":\"https:\\\/\\\/alekeskus.eu\\\/et\\\/\"},{\"@type\":\"ListItem\",\"position\":2,\"name\":\"Pood\",\"item\":\"https:\\\/\\\/alekeskus.eu\\\/pood\\\/\"},{\"@type\":\"ListItem\",\"position\":3,\"name\":\"Elementsuvemaja Rebeca 22,4 m\u00b2 soojustamisvalmidusega\"}]},{\"@type\":\"WebSite\",\"@id\":\"https:\\\/\\\/alekeskus.eu\\\/#website\",\"url\":\"https:\\\/\\\/alekeskus.eu\\\/\",\"name\":\"Alekeskus\",\"description\":\"Alekeskus.eu\",\"potentialAction\":[{\"@type\":\"SearchAction\",\"target\":{\"@type\":\"EntryPoint\",\"urlTemplate\":\"https:\\\/\\\/alekeskus.eu\\\/?s={search_term_string}\"},\"query-input\":{\"@type\":\"PropertyValueSpecification\",\"valueRequired\":true,\"valueName\":\"search_term_string\"}}],\"inLanguage\":\"et\"}]}<\/script>\n<!-- \/ Yoast SEO plugin. -->","yoast_head_json":{"title":"Elementsuvemaja Rebeca 22,4 m\u00b2 soojustamisvalmidusega - Alekeskus","description":"Suvemaja Rebeka elementseintega ja alumiiniumraamidega avat\u00e4idetega ning tasuta veoga.","robots":{"index":"index","follow":"follow","max-snippet":"max-snippet:-1","max-image-preview":"max-image-preview:large","max-video-preview":"max-video-preview:-1"},"canonical":"https:\/\/alekeskus.eu\/toode\/elementsuvemaja-rebeca224-alekeskus\/","og_locale":"et_EE","og_type":"article","og_title":"Elementsuvemaja Rebeca 22,4 m\u00b2 soojustamisvalmidusega - Alekeskus","og_description":"Suvemaja Rebeka elementseintega ja alumiiniumraamidega avat\u00e4idetega ning tasuta veoga.","og_url":"https:\/\/alekeskus.eu\/toode\/elementsuvemaja-rebeca224-alekeskus\/","og_site_name":"Alekeskus","article_modified_time":"2026-01-08T19:53:33+00:00","og_image":[{"width":1600,"height":1200,"url":"https:\/\/alekeskus.eu\/wp-content\/uploads\/2025\/11\/Rebekka_22.4_m2_NATURAL_wb.jpg","type":"image\/jpeg"}],"twitter_card":"summary_large_image","twitter_misc":{"Est. reading time":"1 minut"},"schema":{"@context":"https:\/\/schema.org","@graph":[{"@type":"WebPage","@id":"https:\/\/alekeskus.eu\/toode\/elementsuvemaja-rebeca224-alekeskus\/","url":"https:\/\/alekeskus.eu\/toode\/elementsuvemaja-rebeca224-alekeskus\/","name":"Elementsuvemaja Rebeca 22,4 m\u00b2 soojustamisvalmidusega - Alekeskus","isPartOf":{"@id":"https:\/\/alekeskus.eu\/#website"},"primaryImageOfPage":{"@id":"https:\/\/alekeskus.eu\/toode\/elementsuvemaja-rebeca224-alekeskus\/#primaryimage"},"image":{"@id":"https:\/\/alekeskus.eu\/toode\/elementsuvemaja-rebeca224-alekeskus\/#primaryimage"},"thumbnailUrl":"https:\/\/alekeskus.eu\/wp-content\/uploads\/2025\/11\/Rebekka_22.4_m2_NATURAL_wb.jpg","datePublished":"2025-11-06T07:01:43+00:00","dateModified":"2026-01-08T19:53:33+00:00","description":"Suvemaja Rebeka elementseintega ja alumiiniumraamidega avat\u00e4idetega ning tasuta veoga.","breadcrumb":{"@id":"https:\/\/alekeskus.eu\/toode\/elementsuvemaja-rebeca224-alekeskus\/#breadcrumb"},"inLanguage":"et","potentialAction":[{"@type":"ReadAction","target":["https:\/\/alekeskus.eu\/toode\/elementsuvemaja-rebeca224-alekeskus\/"]}]},{"@type":"ImageObject","inLanguage":"et","@id":"https:\/\/alekeskus.eu\/toode\/elementsuvemaja-rebeca224-alekeskus\/#primaryimage","url":"https:\/\/alekeskus.eu\/wp-content\/uploads\/2025\/11\/Rebekka_22.4_m2_NATURAL_wb.jpg","contentUrl":"https:\/\/alekeskus.eu\/wp-content\/uploads\/2025\/11\/Rebekka_22.4_m2_NATURAL_wb.jpg","width":1600,"height":1200},{"@type":"BreadcrumbList","@id":"https:\/\/alekeskus.eu\/toode\/elementsuvemaja-rebeca224-alekeskus\/#breadcrumb","itemListElement":[{"@type":"ListItem","position":1,"name":"Avaleht","item":"https:\/\/alekeskus.eu\/et\/"},{"@type":"ListItem","position":2,"name":"Pood","item":"https:\/\/alekeskus.eu\/pood\/"},{"@type":"ListItem","position":3,"name":"Elementsuvemaja Rebeca 22,4 m\u00b2 soojustamisvalmidusega"}]},{"@type":"WebSite","@id":"https:\/\/alekeskus.eu\/#website","url":"https:\/\/alekeskus.eu\/","name":"Alekeskus","description":"Alekeskus.eu","potentialAction":[{"@type":"SearchAction","target":{"@type":"EntryPoint","urlTemplate":"https:\/\/alekeskus.eu\/?s={search_term_string}"},"query-input":{"@type":"PropertyValueSpecification","valueRequired":true,"valueName":"search_term_string"}}],"inLanguage":"et"}]}},"brands":[],"_links":{"self":[{"href":"https:\/\/alekeskus.eu\/et\/wp-json\/wp\/v2\/product\/94270","targetHints":{"allow":["GET"]}}],"collection":[{"href":"https:\/\/alekeskus.eu\/et\/wp-json\/wp\/v2\/product"}],"about":[{"href":"https:\/\/alekeskus.eu\/et\/wp-json\/wp\/v2\/types\/product"}],"wp:featuredmedia":[{"embeddable":true,"href":"https:\/\/alekeskus.eu\/et\/wp-json\/wp\/v2\/media\/94283"}],"wp:attachment":[{"href":"https:\/\/alekeskus.eu\/et\/wp-json\/wp\/v2\/media?parent=94270"}],"wp:term":[{"taxonomy":"pwb-brand","embeddable":true,"href":"https:\/\/alekeskus.eu\/et\/wp-json\/wp\/v2\/pwb-brand?post=94270"},{"taxonomy":"product_brand","embeddable":true,"href":"https:\/\/alekeskus.eu\/et\/wp-json\/wp\/v2\/product_brand?post=94270"},{"taxonomy":"product_cat","embeddable":true,"href":"https:\/\/alekeskus.eu\/et\/wp-json\/wp\/v2\/product_cat?post=94270"},{"taxonomy":"product_tag","embeddable":true,"href":"https:\/\/alekeskus.eu\/et\/wp-json\/wp\/v2\/product_tag?post=94270"}],"curies":[{"name":"wp","href":"https:\/\/api.w.org\/{rel}","templated":true}]}}