{"id":94320,"date":"2025-12-07T15:25:31","date_gmt":"2025-12-07T15:25:31","guid":{"rendered":"https:\/\/alekeskus.eu\/?post_type=product&#038;p=94320"},"modified":"2026-01-10T20:36:44","modified_gmt":"2026-01-10T20:36:44","slug":"katusealune-leena83-alekeskus","status":"publish","type":"product","link":"https:\/\/alekeskus.eu\/et\/toode\/katusealune-leena83-alekeskus\/","title":{"rendered":"Katusealune Leena 8,3 m\u00b2"},"content":{"rendered":"<p><strong>Telli juurde:<\/strong><\/p>\n<p><strong>&#8211; SBS-bituumenrullkate 2 rulli<\/strong><\/p>\n<p><strong>&#8211; iseliimuv EPDM-kummist katusekate 1,5 x 10 m 2 tk<\/strong><\/p>\n<p><strong>&#8211; tehases puidukaitsevahendisse kastetuna (pruunikas, hallikas v\u00f5i valkjas) v\u00f5i valgeks v\u00e4rvituna<br \/>\n<\/strong>\u00a0<img decoding=\"async\" src=\"http:\/\/pood.palmako.ee\/sites\/default\/files\/styles\/pictogram_thumbnail\/public\/field_pictogram_image\/pp25.png?itok=8xQVzSvW\" alt=\"\" \/>Pakend: 4,5 x 1,2 x 0,3 m; kaal 400 kg<\/p>\n<div class=\"pictogram qtip-additional-element\">\n<div class=\"description\">\n<div class=\"pictogram qtip-additional-element\">\n<div class=\"image\">\n<div class=\"pictogram qtip-additional-element\">\n<div><\/div>\n<div><\/div>\n<\/div>\n<div class=\"pictogram qtip-additional-element\">\n<div class=\"image\"><\/div>\n<\/div>\n<\/div>\n<\/div>\n<\/div>\n<\/div>\n","protected":false},"excerpt":{"rendered":"<p>V\u00e4lism\u00f5\u00f5dud: <strong>3,0 x 3,0 m<\/strong>.<\/p>\n<p><strong>TASUTA VEDU JA MAHALAADIMINE (ka suursaartel)!<\/strong><\/p>\n<ul>\n<li>seina k\u00f5rgused 210 cm ja 245 cm<\/li>\n<li>liimpuidust postid 120 x 120 mm terasnurkadega<\/li>\n<li>p\u00f5randat ei ole<\/li>\n<li>katuse pindala 12 m\u00b2 ja kalle 3\u00ba, r\u00e4\u00e4stas 20 cm<\/li>\n<li>liimpuidust talad 120 x 120 mm, punniga katuselauad 19 mm<\/li>\n<li>\u00a0katusekate ei sisaldu hinnas (lisahinnaga SBS-bituumenrullkate 2 rulli v\u00f5i iseliimuv EPDM-kummist katusekate 1,5 x 10 m 2 rulli)<\/li>\n<li>tellitav puidukaitsevahendisse kastetuna +500\u20ac (pruun, hall v\u00f5i valkjas)<strong><img decoding=\"async\" class=\"\" src=\"https:\/\/www.palmako.ee\/sites\/default\/files\/styles\/product_list_item\/public\/2020-06\/BNDIP.jpg?itok=_LQkkeHM\" width=\"66\" height=\"66\" \/><img decoding=\"async\" class=\"\" src=\"https:\/\/www.palmako.ee\/sites\/default\/files\/styles\/product_list_item\/public\/2020-06\/GYDIP.jpg?itok=RrYf7KTV\" width=\"66\" height=\"66\" \/><img decoding=\"async\" class=\"\" src=\"https:\/\/www.palmako.ee\/sites\/default\/files\/styles\/product_list_item\/public\/2020-06\/WTDIP.jpg?itok=D9U46coI\" width=\"67\" height=\"67\" \/> <\/strong>v\u00f5i valgeks v\u00e4rvituna +1000\u20ac, tellimisaeg 2-4 n\u00e4dalat pikem<\/li>\n<li>5-aastane tehase garantii<\/li>\n<li>kinnitusvahendid ja koostejuhend<\/li>\n<li>Eesti toode<\/li>\n<li>vihmakindel pakend<\/li>\n<\/ul>\n<p>K\u00fcsi ka paigaldust!<\/p>\n","protected":false},"featured_media":94358,"template":"","meta":{"_monsterinsights_skip_tracking":false,"_monsterinsights_sitenote_active":false,"_monsterinsights_sitenote_note":"","_monsterinsights_sitenote_category":0},"pwb-brand":[],"product_brand":[],"product_cat":[17182,13540,13596],"product_tag":[13994,14224,14266,15264,15543,13848,13850,17742],"class_list":{"0":"post-94320","1":"product","2":"type-product","3":"status-publish","4":"has-post-thumbnail","6":"product_cat-suvekoogid-alekeskus","7":"product_cat-hooned-alekeskus","8":"product_cat-varjualused-talveaiad-alekeskus","9":"product_tag-katos","10":"product_tag-varjualune","11":"product_tag-katusealune","12":"product_tag-grillikatos","13":"product_tag-pihakatos","14":"product_tag-lehtla","15":"product_tag-paviljonki","16":"product_tag-grillvarjualune","17":"product_shipping_class-tasuta-transport-kuni-1000kg","18":"pa_garantii-5-aastat","19":"pa_kohaletoimetamine-eestis-tasuta-alekeskus","20":"pa_laoasukoht-tartumaa","21":"pa_pindalam-17968","22":"pa_seinapaksus-120-mm","23":"pa_tellimisaeg-kuni-4-nadalat","24":"pa_varv-valge","25":"pa_varv-viimistlemata","26":"pa_varv-pruunikas-puidukaitse","27":"pa_varv-hallikas-puidukaitse","28":"pa_varv-valkjas-puidukaitse","29":"pa_veame-eesti-ja-soome","31":"first","32":"instock","33":"taxable","34":"shipping-taxable","35":"purchasable","36":"product-type-variable","37":"has-default-attributes"},"yoast_head":"<!-- This site is optimized with the Yoast SEO plugin v27.3 - https:\/\/yoast.com\/product\/yoast-seo-wordpress\/ -->\n<title>Katusealune Leena 8,3 m\u00b2 - Alekeskus<\/title>\n<meta name=\"description\" content=\"katusealune Leena 120x120mm liimpuidust postidel\" \/>\n<meta name=\"robots\" content=\"index, follow, max-snippet:-1, max-image-preview:large, max-video-preview:-1\" \/>\n<link rel=\"canonical\" href=\"https:\/\/alekeskus.eu\/et\/toode\/katusealune-leena83-alekeskus\/\" \/>\n<meta property=\"og:locale\" content=\"et_EE\" \/>\n<meta property=\"og:type\" content=\"article\" \/>\n<meta property=\"og:title\" content=\"Katusealune Leena 8,3 m\u00b2 - Alekeskus\" \/>\n<meta property=\"og:description\" content=\"katusealune Leena 120x120mm liimpuidust postidel\" \/>\n<meta property=\"og:url\" content=\"https:\/\/alekeskus.eu\/et\/toode\/katusealune-leena83-alekeskus\/\" \/>\n<meta property=\"og:site_name\" content=\"Alekeskus\" \/>\n<meta property=\"article:modified_time\" content=\"2026-01-10T20:36:44+00:00\" \/>\n<meta property=\"og:image\" content=\"https:\/\/alekeskus.eu\/wp-content\/uploads\/2025\/12\/Lenna_8.3_NATURAL_wb.jpg\" \/>\n\t<meta property=\"og:image:width\" content=\"1600\" \/>\n\t<meta property=\"og:image:height\" content=\"1200\" \/>\n\t<meta property=\"og:image:type\" content=\"image\/jpeg\" \/>\n<meta name=\"twitter:card\" content=\"summary_large_image\" \/>\n<meta name=\"twitter:label1\" content=\"Est. reading time\" \/>\n\t<meta name=\"twitter:data1\" content=\"1 minut\" \/>\n<script type=\"application\/ld+json\" class=\"yoast-schema-graph\">{\"@context\":\"https:\\\/\\\/schema.org\",\"@graph\":[{\"@type\":\"WebPage\",\"@id\":\"https:\\\/\\\/alekeskus.eu\\\/et\\\/toode\\\/katusealune-leena83-alekeskus\\\/\",\"url\":\"https:\\\/\\\/alekeskus.eu\\\/et\\\/toode\\\/katusealune-leena83-alekeskus\\\/\",\"name\":\"Katusealune Leena 8,3 m\u00b2 - Alekeskus\",\"isPartOf\":{\"@id\":\"https:\\\/\\\/alekeskus.eu\\\/#website\"},\"primaryImageOfPage\":{\"@id\":\"https:\\\/\\\/alekeskus.eu\\\/et\\\/toode\\\/katusealune-leena83-alekeskus\\\/#primaryimage\"},\"image\":{\"@id\":\"https:\\\/\\\/alekeskus.eu\\\/et\\\/toode\\\/katusealune-leena83-alekeskus\\\/#primaryimage\"},\"thumbnailUrl\":\"https:\\\/\\\/alekeskus.eu\\\/wp-content\\\/uploads\\\/2025\\\/12\\\/Lenna_8.3_NATURAL_wb.jpg\",\"datePublished\":\"2025-12-07T15:25:31+00:00\",\"dateModified\":\"2026-01-10T20:36:44+00:00\",\"description\":\"katusealune Leena 120x120mm liimpuidust postidel\",\"breadcrumb\":{\"@id\":\"https:\\\/\\\/alekeskus.eu\\\/et\\\/toode\\\/katusealune-leena83-alekeskus\\\/#breadcrumb\"},\"inLanguage\":\"et\",\"potentialAction\":[{\"@type\":\"ReadAction\",\"target\":[\"https:\\\/\\\/alekeskus.eu\\\/et\\\/toode\\\/katusealune-leena83-alekeskus\\\/\"]}]},{\"@type\":\"ImageObject\",\"inLanguage\":\"et\",\"@id\":\"https:\\\/\\\/alekeskus.eu\\\/et\\\/toode\\\/katusealune-leena83-alekeskus\\\/#primaryimage\",\"url\":\"https:\\\/\\\/alekeskus.eu\\\/wp-content\\\/uploads\\\/2025\\\/12\\\/Lenna_8.3_NATURAL_wb.jpg\",\"contentUrl\":\"https:\\\/\\\/alekeskus.eu\\\/wp-content\\\/uploads\\\/2025\\\/12\\\/Lenna_8.3_NATURAL_wb.jpg\",\"width\":1600,\"height\":1200},{\"@type\":\"BreadcrumbList\",\"@id\":\"https:\\\/\\\/alekeskus.eu\\\/et\\\/toode\\\/katusealune-leena83-alekeskus\\\/#breadcrumb\",\"itemListElement\":[{\"@type\":\"ListItem\",\"position\":1,\"name\":\"Avaleht\",\"item\":\"https:\\\/\\\/alekeskus.eu\\\/et\\\/\"},{\"@type\":\"ListItem\",\"position\":2,\"name\":\"Pood\",\"item\":\"https:\\\/\\\/alekeskus.eu\\\/pood\\\/\"},{\"@type\":\"ListItem\",\"position\":3,\"name\":\"Katusealune Leena 8,3 m\u00b2\"}]},{\"@type\":\"WebSite\",\"@id\":\"https:\\\/\\\/alekeskus.eu\\\/#website\",\"url\":\"https:\\\/\\\/alekeskus.eu\\\/\",\"name\":\"Alekeskus\",\"description\":\"Alekeskus.eu\",\"potentialAction\":[{\"@type\":\"SearchAction\",\"target\":{\"@type\":\"EntryPoint\",\"urlTemplate\":\"https:\\\/\\\/alekeskus.eu\\\/?s={search_term_string}\"},\"query-input\":{\"@type\":\"PropertyValueSpecification\",\"valueRequired\":true,\"valueName\":\"search_term_string\"}}],\"inLanguage\":\"et\"}]}<\/script>\n<!-- \/ Yoast SEO plugin. -->","yoast_head_json":{"title":"Katusealune Leena 8,3 m\u00b2 - Alekeskus","description":"katusealune Leena 120x120mm liimpuidust postidel","robots":{"index":"index","follow":"follow","max-snippet":"max-snippet:-1","max-image-preview":"max-image-preview:large","max-video-preview":"max-video-preview:-1"},"canonical":"https:\/\/alekeskus.eu\/et\/toode\/katusealune-leena83-alekeskus\/","og_locale":"et_EE","og_type":"article","og_title":"Katusealune Leena 8,3 m\u00b2 - Alekeskus","og_description":"katusealune Leena 120x120mm liimpuidust postidel","og_url":"https:\/\/alekeskus.eu\/et\/toode\/katusealune-leena83-alekeskus\/","og_site_name":"Alekeskus","article_modified_time":"2026-01-10T20:36:44+00:00","og_image":[{"width":1600,"height":1200,"url":"https:\/\/alekeskus.eu\/wp-content\/uploads\/2025\/12\/Lenna_8.3_NATURAL_wb.jpg","type":"image\/jpeg"}],"twitter_card":"summary_large_image","twitter_misc":{"Est. reading time":"1 minut"},"schema":{"@context":"https:\/\/schema.org","@graph":[{"@type":"WebPage","@id":"https:\/\/alekeskus.eu\/et\/toode\/katusealune-leena83-alekeskus\/","url":"https:\/\/alekeskus.eu\/et\/toode\/katusealune-leena83-alekeskus\/","name":"Katusealune Leena 8,3 m\u00b2 - Alekeskus","isPartOf":{"@id":"https:\/\/alekeskus.eu\/#website"},"primaryImageOfPage":{"@id":"https:\/\/alekeskus.eu\/et\/toode\/katusealune-leena83-alekeskus\/#primaryimage"},"image":{"@id":"https:\/\/alekeskus.eu\/et\/toode\/katusealune-leena83-alekeskus\/#primaryimage"},"thumbnailUrl":"https:\/\/alekeskus.eu\/wp-content\/uploads\/2025\/12\/Lenna_8.3_NATURAL_wb.jpg","datePublished":"2025-12-07T15:25:31+00:00","dateModified":"2026-01-10T20:36:44+00:00","description":"katusealune Leena 120x120mm liimpuidust postidel","breadcrumb":{"@id":"https:\/\/alekeskus.eu\/et\/toode\/katusealune-leena83-alekeskus\/#breadcrumb"},"inLanguage":"et","potentialAction":[{"@type":"ReadAction","target":["https:\/\/alekeskus.eu\/et\/toode\/katusealune-leena83-alekeskus\/"]}]},{"@type":"ImageObject","inLanguage":"et","@id":"https:\/\/alekeskus.eu\/et\/toode\/katusealune-leena83-alekeskus\/#primaryimage","url":"https:\/\/alekeskus.eu\/wp-content\/uploads\/2025\/12\/Lenna_8.3_NATURAL_wb.jpg","contentUrl":"https:\/\/alekeskus.eu\/wp-content\/uploads\/2025\/12\/Lenna_8.3_NATURAL_wb.jpg","width":1600,"height":1200},{"@type":"BreadcrumbList","@id":"https:\/\/alekeskus.eu\/et\/toode\/katusealune-leena83-alekeskus\/#breadcrumb","itemListElement":[{"@type":"ListItem","position":1,"name":"Avaleht","item":"https:\/\/alekeskus.eu\/et\/"},{"@type":"ListItem","position":2,"name":"Pood","item":"https:\/\/alekeskus.eu\/pood\/"},{"@type":"ListItem","position":3,"name":"Katusealune Leena 8,3 m\u00b2"}]},{"@type":"WebSite","@id":"https:\/\/alekeskus.eu\/#website","url":"https:\/\/alekeskus.eu\/","name":"Alekeskus","description":"Alekeskus.eu","potentialAction":[{"@type":"SearchAction","target":{"@type":"EntryPoint","urlTemplate":"https:\/\/alekeskus.eu\/?s={search_term_string}"},"query-input":{"@type":"PropertyValueSpecification","valueRequired":true,"valueName":"search_term_string"}}],"inLanguage":"et"}]}},"brands":[],"_links":{"self":[{"href":"https:\/\/alekeskus.eu\/et\/wp-json\/wp\/v2\/product\/94320","targetHints":{"allow":["GET"]}}],"collection":[{"href":"https:\/\/alekeskus.eu\/et\/wp-json\/wp\/v2\/product"}],"about":[{"href":"https:\/\/alekeskus.eu\/et\/wp-json\/wp\/v2\/types\/product"}],"wp:featuredmedia":[{"embeddable":true,"href":"https:\/\/alekeskus.eu\/et\/wp-json\/wp\/v2\/media\/94358"}],"wp:attachment":[{"href":"https:\/\/alekeskus.eu\/et\/wp-json\/wp\/v2\/media?parent=94320"}],"wp:term":[{"taxonomy":"pwb-brand","embeddable":true,"href":"https:\/\/alekeskus.eu\/et\/wp-json\/wp\/v2\/pwb-brand?post=94320"},{"taxonomy":"product_brand","embeddable":true,"href":"https:\/\/alekeskus.eu\/et\/wp-json\/wp\/v2\/product_brand?post=94320"},{"taxonomy":"product_cat","embeddable":true,"href":"https:\/\/alekeskus.eu\/et\/wp-json\/wp\/v2\/product_cat?post=94320"},{"taxonomy":"product_tag","embeddable":true,"href":"https:\/\/alekeskus.eu\/et\/wp-json\/wp\/v2\/product_tag?post=94320"}],"curies":[{"name":"wp","href":"https:\/\/api.w.org\/{rel}","templated":true}]}}