{"id":94736,"date":"2025-12-14T15:40:33","date_gmt":"2025-12-14T15:40:33","guid":{"rendered":"https:\/\/alekeskus.eu\/?post_type=product&#038;p=94736"},"modified":"2026-03-01T12:24:06","modified_gmt":"2026-03-01T12:24:06","slug":"freespalksuvila-cecily273-alekeskus","status":"publish","type":"product","link":"https:\/\/alekeskus.eu\/et\/toode\/freespalksuvila-cecily273-alekeskus\/","title":{"rendered":"Freespalksuvila Cecily 27,3m\u00b2 70mm sein, alumiiniumliuguksed-aknad pakettklaasidega"},"content":{"rendered":"","protected":false},"excerpt":{"rendered":"<p>V\u00e4lism\u00f5\u00f5dud: <strong>770<\/strong><b> x 420 cm.<\/b><\/p>\n<p><strong>TASUTA VEDU JA MAHALAADIMINE (ka suursaartel)!<\/strong><\/p>\n<ul>\n<li>tuuletapiga freespalk\u00a0<strong>70 mm<\/strong><strong>,<\/strong> keermelatt-tormitugevdused<\/li>\n<li>seinte k\u00f5rgused 239 ja 285 cm<\/li>\n<li>immutatud alusraam 45 x 70 mm ja 45 x 95 mm, punnitud p\u00f5randalauad 28 x 114 mm<\/li>\n<li>silinderlukkudega puidust siseuks 84 x 202 cm ja alumiiniumraamiga pakettklaasiga v\u00e4lisuks 99 x 205 cm<\/li>\n<li>silinderlukkudega alumiiniumraamiga pakettklaasiga liuguksed 187 x 205 cm ja 272 x 205 cm<\/li>\n<li>alumiiniumraamiga pakettklaasiga avatavad aken 60 x 60 cm ja kinnine aken 99 x 205 cm<\/li>\n<li>eesr\u00e4\u00e4stas 102 cm<\/li>\n<li>katuse pindala 52 m\u00b2 ja kalle 3\u00ba, katusetalad 44 x 140 mm, punnitud katuselauad 19 mm, r\u00e4\u00e4staplekid<\/li>\n<li>katusekate ei sisaldu hinnas (kulu 8 rulli SBS-bituumenkatet v\u00f5i 5 tk 1,5 x 10 m iseliimuvat EPDM-kummikatet)<\/li>\n<li>2 seinav\u00f5ret 600 x 2100 mm<\/li>\n<li>kinnitusvahendid ja p\u00fcstitusjuhend<\/li>\n<li>tehase\u00a0garantii 5 aastat<strong>\u00a0<\/strong><\/li>\n<li>Eesti toode<\/li>\n<li>ilmastikukindel pakend<\/li>\n<\/ul>\n<p>K\u00fcsi ka paigaldust!<\/p>\n","protected":false},"featured_media":94752,"template":"","meta":{"_monsterinsights_skip_tracking":false,"_monsterinsights_sitenote_active":false,"_monsterinsights_sitenote_note":"","_monsterinsights_sitenote_category":0},"pwb-brand":[18577],"product_brand":[],"product_cat":[17182,13538,13592,13540,13604,13608,13610],"product_tag":[15276,15285,18478,13813,18565,13831,17390,18639,13864,18791,13913,17515,13970,17866,14252,17869,18033],"class_list":{"0":"post-94736","1":"product","2":"type-product","3":"status-publish","4":"has-post-thumbnail","6":"pwb-brand-eesti","7":"product_cat-suvekoogid-alekeskus","8":"product_cat-ale","9":"product_cat-aia-ja-grillmajad","10":"product_cat-hooned-alekeskus","11":"product_cat-saunad","12":"product_cat-kontorid","13":"product_cat-suvilad","14":"product_tag-pihatoimisto","15":"product_tag-kesamokki","16":"product_tag-kesahuone","17":"product_tag-aiamaja","18":"product_tag-etatyotila-2","19":"product_tag-mokki","20":"product_tag-freespalksuvila","21":"product_tag-moderni-mokki","22":"product_tag-huvimaja","23":"product_tag-nykyaikainen-mokki","24":"product_tag-vierasmaja","25":"product_tag-saunamokki","26":"product_tag-suvila","27":"product_tag-hirsimokki","28":"product_tag-suvemaja","29":"product_tag-rannasaun","30":"product_tag-rantamokki-2","31":"product_shipping_class-tasuta-transport-alates-1000kg","32":"pa_garantii-5-aastat","33":"pa_kohaletoimetamine-tasuta-mandri-eestis-ja-suursaartel-soome-alates-699e","34":"pa_laoasukoht-tartumaa","35":"pa_pindalam-18566","36":"pa_seinapaksus-70-mm-2","37":"pa_tellimisaeg-6-nadalat","39":"first","40":"instock","41":"featured","42":"taxable","43":"shipping-taxable","44":"purchasable","45":"product-type-simple"},"yoast_head":"<!-- This site is optimized with the Yoast SEO plugin v27.3 - https:\/\/yoast.com\/product\/yoast-seo-wordpress\/ -->\n<title>Freespalksuvila Cecily 27,3m\u00b2 70mm sein, alumiiniumliuguksed-aknad pakettklaasidega - Alekeskus<\/title>\n<meta name=\"description\" content=\"kaasaegne freespalksuvila alumiiniumraamidega avat\u00e4idete ja pakettklaasidega\" \/>\n<meta name=\"robots\" content=\"index, follow, max-snippet:-1, max-image-preview:large, max-video-preview:-1\" \/>\n<link rel=\"canonical\" href=\"https:\/\/alekeskus.eu\/toode\/freespalksuvila-cecily273-alekeskus\/\" \/>\n<meta property=\"og:locale\" content=\"et_EE\" \/>\n<meta property=\"og:type\" content=\"article\" \/>\n<meta property=\"og:title\" content=\"Freespalksuvila Cecily 27,3m\u00b2 70mm sein, alumiiniumliuguksed-aknad pakettklaasidega - Alekeskus\" \/>\n<meta property=\"og:description\" content=\"kaasaegne freespalksuvila alumiiniumraamidega avat\u00e4idete ja pakettklaasidega\" \/>\n<meta property=\"og:url\" content=\"https:\/\/alekeskus.eu\/toode\/freespalksuvila-cecily273-alekeskus\/\" \/>\n<meta property=\"og:site_name\" content=\"Alekeskus\" \/>\n<meta property=\"article:modified_time\" content=\"2026-03-01T12:24:06+00:00\" \/>\n<meta property=\"og:image\" content=\"https:\/\/alekeskus.eu\/wp-content\/uploads\/2025\/12\/Cecilia_27.3_m2_NATURAL-aias.jpg\" \/>\n\t<meta property=\"og:image:width\" content=\"2500\" \/>\n\t<meta property=\"og:image:height\" content=\"1875\" \/>\n\t<meta property=\"og:image:type\" content=\"image\/jpeg\" \/>\n<meta name=\"twitter:card\" content=\"summary_large_image\" \/>\n<meta name=\"twitter:label1\" content=\"Est. reading time\" \/>\n\t<meta name=\"twitter:data1\" content=\"1 minut\" \/>\n<script type=\"application\/ld+json\" class=\"yoast-schema-graph\">{\"@context\":\"https:\\\/\\\/schema.org\",\"@graph\":[{\"@type\":\"WebPage\",\"@id\":\"https:\\\/\\\/alekeskus.eu\\\/toode\\\/freespalksuvila-cecily273-alekeskus\\\/\",\"url\":\"https:\\\/\\\/alekeskus.eu\\\/toode\\\/freespalksuvila-cecily273-alekeskus\\\/\",\"name\":\"Freespalksuvila Cecily 27,3m\u00b2 70mm sein, alumiiniumliuguksed-aknad pakettklaasidega - Alekeskus\",\"isPartOf\":{\"@id\":\"https:\\\/\\\/alekeskus.eu\\\/#website\"},\"primaryImageOfPage\":{\"@id\":\"https:\\\/\\\/alekeskus.eu\\\/toode\\\/freespalksuvila-cecily273-alekeskus\\\/#primaryimage\"},\"image\":{\"@id\":\"https:\\\/\\\/alekeskus.eu\\\/toode\\\/freespalksuvila-cecily273-alekeskus\\\/#primaryimage\"},\"thumbnailUrl\":\"https:\\\/\\\/alekeskus.eu\\\/wp-content\\\/uploads\\\/2025\\\/12\\\/Cecilia_27.3_m2_NATURAL-aias.jpg\",\"datePublished\":\"2025-12-14T15:40:33+00:00\",\"dateModified\":\"2026-03-01T12:24:06+00:00\",\"description\":\"kaasaegne freespalksuvila alumiiniumraamidega avat\u00e4idete ja pakettklaasidega\",\"breadcrumb\":{\"@id\":\"https:\\\/\\\/alekeskus.eu\\\/toode\\\/freespalksuvila-cecily273-alekeskus\\\/#breadcrumb\"},\"inLanguage\":\"et\",\"potentialAction\":[{\"@type\":\"ReadAction\",\"target\":[\"https:\\\/\\\/alekeskus.eu\\\/toode\\\/freespalksuvila-cecily273-alekeskus\\\/\"]}]},{\"@type\":\"ImageObject\",\"inLanguage\":\"et\",\"@id\":\"https:\\\/\\\/alekeskus.eu\\\/toode\\\/freespalksuvila-cecily273-alekeskus\\\/#primaryimage\",\"url\":\"https:\\\/\\\/alekeskus.eu\\\/wp-content\\\/uploads\\\/2025\\\/12\\\/Cecilia_27.3_m2_NATURAL-aias.jpg\",\"contentUrl\":\"https:\\\/\\\/alekeskus.eu\\\/wp-content\\\/uploads\\\/2025\\\/12\\\/Cecilia_27.3_m2_NATURAL-aias.jpg\",\"width\":1600,\"height\":1200},{\"@type\":\"BreadcrumbList\",\"@id\":\"https:\\\/\\\/alekeskus.eu\\\/toode\\\/freespalksuvila-cecily273-alekeskus\\\/#breadcrumb\",\"itemListElement\":[{\"@type\":\"ListItem\",\"position\":1,\"name\":\"Avaleht\",\"item\":\"https:\\\/\\\/alekeskus.eu\\\/et\\\/\"},{\"@type\":\"ListItem\",\"position\":2,\"name\":\"Pood\",\"item\":\"https:\\\/\\\/alekeskus.eu\\\/pood\\\/\"},{\"@type\":\"ListItem\",\"position\":3,\"name\":\"Freespalksuvila Cecily 27,3m\u00b2 70mm sein, alumiiniumliuguksed-aknad pakettklaasidega\"}]},{\"@type\":\"WebSite\",\"@id\":\"https:\\\/\\\/alekeskus.eu\\\/#website\",\"url\":\"https:\\\/\\\/alekeskus.eu\\\/\",\"name\":\"Alekeskus\",\"description\":\"Alekeskus.eu\",\"potentialAction\":[{\"@type\":\"SearchAction\",\"target\":{\"@type\":\"EntryPoint\",\"urlTemplate\":\"https:\\\/\\\/alekeskus.eu\\\/?s={search_term_string}\"},\"query-input\":{\"@type\":\"PropertyValueSpecification\",\"valueRequired\":true,\"valueName\":\"search_term_string\"}}],\"inLanguage\":\"et\"}]}<\/script>\n<!-- \/ Yoast SEO plugin. -->","yoast_head_json":{"title":"Freespalksuvila Cecily 27,3m\u00b2 70mm sein, alumiiniumliuguksed-aknad pakettklaasidega - Alekeskus","description":"kaasaegne freespalksuvila alumiiniumraamidega avat\u00e4idete ja pakettklaasidega","robots":{"index":"index","follow":"follow","max-snippet":"max-snippet:-1","max-image-preview":"max-image-preview:large","max-video-preview":"max-video-preview:-1"},"canonical":"https:\/\/alekeskus.eu\/toode\/freespalksuvila-cecily273-alekeskus\/","og_locale":"et_EE","og_type":"article","og_title":"Freespalksuvila Cecily 27,3m\u00b2 70mm sein, alumiiniumliuguksed-aknad pakettklaasidega - Alekeskus","og_description":"kaasaegne freespalksuvila alumiiniumraamidega avat\u00e4idete ja pakettklaasidega","og_url":"https:\/\/alekeskus.eu\/toode\/freespalksuvila-cecily273-alekeskus\/","og_site_name":"Alekeskus","article_modified_time":"2026-03-01T12:24:06+00:00","og_image":[{"width":2500,"height":1875,"url":"https:\/\/alekeskus.eu\/wp-content\/uploads\/2025\/12\/Cecilia_27.3_m2_NATURAL-aias.jpg","type":"image\/jpeg"}],"twitter_card":"summary_large_image","twitter_misc":{"Est. reading time":"1 minut"},"schema":{"@context":"https:\/\/schema.org","@graph":[{"@type":"WebPage","@id":"https:\/\/alekeskus.eu\/toode\/freespalksuvila-cecily273-alekeskus\/","url":"https:\/\/alekeskus.eu\/toode\/freespalksuvila-cecily273-alekeskus\/","name":"Freespalksuvila Cecily 27,3m\u00b2 70mm sein, alumiiniumliuguksed-aknad pakettklaasidega - Alekeskus","isPartOf":{"@id":"https:\/\/alekeskus.eu\/#website"},"primaryImageOfPage":{"@id":"https:\/\/alekeskus.eu\/toode\/freespalksuvila-cecily273-alekeskus\/#primaryimage"},"image":{"@id":"https:\/\/alekeskus.eu\/toode\/freespalksuvila-cecily273-alekeskus\/#primaryimage"},"thumbnailUrl":"https:\/\/alekeskus.eu\/wp-content\/uploads\/2025\/12\/Cecilia_27.3_m2_NATURAL-aias.jpg","datePublished":"2025-12-14T15:40:33+00:00","dateModified":"2026-03-01T12:24:06+00:00","description":"kaasaegne freespalksuvila alumiiniumraamidega avat\u00e4idete ja pakettklaasidega","breadcrumb":{"@id":"https:\/\/alekeskus.eu\/toode\/freespalksuvila-cecily273-alekeskus\/#breadcrumb"},"inLanguage":"et","potentialAction":[{"@type":"ReadAction","target":["https:\/\/alekeskus.eu\/toode\/freespalksuvila-cecily273-alekeskus\/"]}]},{"@type":"ImageObject","inLanguage":"et","@id":"https:\/\/alekeskus.eu\/toode\/freespalksuvila-cecily273-alekeskus\/#primaryimage","url":"https:\/\/alekeskus.eu\/wp-content\/uploads\/2025\/12\/Cecilia_27.3_m2_NATURAL-aias.jpg","contentUrl":"https:\/\/alekeskus.eu\/wp-content\/uploads\/2025\/12\/Cecilia_27.3_m2_NATURAL-aias.jpg","width":1600,"height":1200},{"@type":"BreadcrumbList","@id":"https:\/\/alekeskus.eu\/toode\/freespalksuvila-cecily273-alekeskus\/#breadcrumb","itemListElement":[{"@type":"ListItem","position":1,"name":"Avaleht","item":"https:\/\/alekeskus.eu\/et\/"},{"@type":"ListItem","position":2,"name":"Pood","item":"https:\/\/alekeskus.eu\/pood\/"},{"@type":"ListItem","position":3,"name":"Freespalksuvila Cecily 27,3m\u00b2 70mm sein, alumiiniumliuguksed-aknad pakettklaasidega"}]},{"@type":"WebSite","@id":"https:\/\/alekeskus.eu\/#website","url":"https:\/\/alekeskus.eu\/","name":"Alekeskus","description":"Alekeskus.eu","potentialAction":[{"@type":"SearchAction","target":{"@type":"EntryPoint","urlTemplate":"https:\/\/alekeskus.eu\/?s={search_term_string}"},"query-input":{"@type":"PropertyValueSpecification","valueRequired":true,"valueName":"search_term_string"}}],"inLanguage":"et"}]}},"brands":[{"id":18577,"name":"Eesti","slug":"eesti"}],"_links":{"self":[{"href":"https:\/\/alekeskus.eu\/et\/wp-json\/wp\/v2\/product\/94736","targetHints":{"allow":["GET"]}}],"collection":[{"href":"https:\/\/alekeskus.eu\/et\/wp-json\/wp\/v2\/product"}],"about":[{"href":"https:\/\/alekeskus.eu\/et\/wp-json\/wp\/v2\/types\/product"}],"wp:featuredmedia":[{"embeddable":true,"href":"https:\/\/alekeskus.eu\/et\/wp-json\/wp\/v2\/media\/94752"}],"wp:attachment":[{"href":"https:\/\/alekeskus.eu\/et\/wp-json\/wp\/v2\/media?parent=94736"}],"wp:term":[{"taxonomy":"pwb-brand","embeddable":true,"href":"https:\/\/alekeskus.eu\/et\/wp-json\/wp\/v2\/pwb-brand?post=94736"},{"taxonomy":"product_brand","embeddable":true,"href":"https:\/\/alekeskus.eu\/et\/wp-json\/wp\/v2\/product_brand?post=94736"},{"taxonomy":"product_cat","embeddable":true,"href":"https:\/\/alekeskus.eu\/et\/wp-json\/wp\/v2\/product_cat?post=94736"},{"taxonomy":"product_tag","embeddable":true,"href":"https:\/\/alekeskus.eu\/et\/wp-json\/wp\/v2\/product_tag?post=94736"}],"curies":[{"name":"wp","href":"https:\/\/api.w.org\/{rel}","templated":true}]}}