{"id":97440,"date":"2026-01-30T17:29:32","date_gmt":"2026-01-30T17:29:32","guid":{"rendered":"https:\/\/alekeskus.eu\/?post_type=product&#038;p=97440"},"modified":"2026-01-31T14:17:20","modified_gmt":"2026-01-31T14:17:20","slug":"talveaed-lime116-alumiiniumraamidega-liugustega-alekeskus","status":"publish","type":"product","link":"https:\/\/alekeskus.eu\/et\/toode\/talveaed-lime116-alumiiniumraamidega-liugustega-alekeskus\/","title":{"rendered":"Talveaed Lime 11,6 m\u00b2 tagaseinata, alumiiniumliugustega UUDIS!"},"content":{"rendered":"<p><strong>Telli lisaks:<\/strong><\/p>\n<ul>\n<li><strong>SBS-bituumenkate 3 rulli<\/strong><\/li>\n<li><strong>iseliimuv EPDM-kummikate 1,5 x 10 m 2 rulli<\/strong><\/li>\n<li><strong>vihmavees\u00fcsteem\u00a0<\/strong><\/li>\n<li><strong>puitosa kastmine puidukaitseainesse:\u00a0\u00a0pruun, hall v\u00f5i valge\u00a0<\/strong><\/li>\n<li><strong>v\u00e4rvituna: valge, helehall v\u00f5i tumehall<\/strong><\/li>\n<\/ul>\n<div class=\"pictogram qtip-additional-element\">\n<div class=\"description\">\n<div class=\"pictogram qtip-additional-element\">\n<div class=\"image\">\n<div class=\"pictogram qtip-additional-element\">\n<div class=\"image\">\u00a0Pakendid:\u00a0 4,5\u00d71,2\u00d70,4 m, 2,2 x 1.2 x 0,4 m ja 3,0 x 1,1 x0,4 m, kaal kokku 750 kg<\/div>\n<\/div>\n<\/div>\n<\/div>\n<\/div>\n<\/div>\n","protected":false},"excerpt":{"rendered":"<p>Talveaed Lime on m\u00f5eldud liitmiseks olemasoleva hoonega, kuna tal puudub tagasein.<\/p>\n<p>V\u00e4lism\u00f5\u00f5dud:<strong> 4,2 x 3,0 m. <\/strong>R\u00e4\u00e4sta k\u00f5rgus 226 cm, kogu k\u00f5rgus 273 cm.<\/p>\n<p><strong>TASUTA VEDU JA MAHALAADIMINE (ka suursaartel)!<\/strong><\/p>\n<ul>\n<li>liimpuidust nurgapostid 120 x 120 mm,\u00a0poolpunn seina voodrilauad 18 x 135 mm<\/li>\n<li>puidukaitsega t\u00f6\u00f6deldud sokliv\u00f6\u00f6 45 x 95 mm, p\u00f5randat ei ole<\/li>\n<li>katusetalad 44 x 140 mm ja 60 x 160 mm ja punniga katuselaudis 19 mm, r\u00e4\u00e4staplekid<\/li>\n<li>katuse pindala 14 m\u00b2 ja kalle 8,6\u00ba, r\u00e4\u00e4stas 5 cm<\/li>\n<li>alumiiniumraamiga liuguksed silinderlukuga ja \u00fchekordse klaasiga (tellitav pakettklaasidega +3000\u20ac)<\/li>\n<li>katusekate ei sisaldu hinnas(tarve 3 rulli SBS-bituumenkatet v\u00f5i 2 rulli iseliimuvat EPDM-kummikatet)<\/li>\n<li>tellitav puidukaitsevahendisse kastetuna +400\u20ac (pruun, hall v\u00f5i valkjas)<strong>\u00a0<img decoding=\"async\" class=\"\" src=\"https:\/\/www.palmako.ee\/sites\/default\/files\/styles\/product_list_item\/public\/2020-06\/BNDIP.jpg?itok=_LQkkeHM\" width=\"66\" height=\"66\" \/><img decoding=\"async\" class=\"\" src=\"https:\/\/www.palmako.ee\/sites\/default\/files\/styles\/product_list_item\/public\/2020-06\/GYDIP.jpg?itok=RrYf7KTV\" width=\"66\" height=\"66\" \/><img decoding=\"async\" class=\"\" src=\"https:\/\/www.palmako.ee\/sites\/default\/files\/styles\/product_list_item\/public\/2020-06\/WTDIP.jpg?itok=D9U46coI\" width=\"67\" height=\"67\" \/> \u00a0<\/strong>ja v\u00e4rvituna +800\u20ac (valge, helehall, tumehall); tellimisaeg 2-4 n\u00e4dalat pikem<\/li>\n<li>5-aastane garantii<\/li>\n<li>kinnitusvahendid ja koostejuhend<\/li>\n<li>Eesti toode<\/li>\n<li>vihmakindel pakend<\/li>\n<\/ul>\n<p>K\u00fcsi ka paigaldust!<\/p>\n","protected":false},"featured_media":97496,"template":"","meta":{"_monsterinsights_skip_tracking":false,"_monsterinsights_sitenote_active":false,"_monsterinsights_sitenote_note":"","_monsterinsights_sitenote_category":0},"pwb-brand":[18577],"product_brand":[],"product_cat":[17182,13592,13540,13596,13608,18656],"product_tag":[18925,13813,18926,13864,18611,14220,18613,14641,18614,15277,18615,15357,18618,15516,18624],"class_list":{"0":"post-97440","1":"product","2":"type-product","3":"status-publish","4":"has-post-thumbnail","6":"pwb-brand-eesti","7":"product_cat-suvekoogid-alekeskus","8":"product_cat-aia-ja-grillmajad","9":"product_cat-hooned-alekeskus","10":"product_cat-varjualused-talveaiad-alekeskus","11":"product_cat-kontorid","12":"product_cat-kasvuhooned","13":"product_tag-sunroom","14":"product_tag-aiamaja","15":"product_tag-klaasveranda","16":"product_tag-huvimaja","17":"product_tag-valikohvik","18":"product_tag-talveaed","19":"product_tag-klaasseintega-paviljon","20":"product_tag-veranda","21":"product_tag-lasitettu-huvimaja","22":"product_tag-aiapaviljon","23":"product_tag-alumiiniovi-2","24":"product_tag-grillmaja","25":"product_tag-klaaspaviljon","26":"product_tag-suvekook","27":"product_tag-alumiiniumaknad","28":"product_shipping_class-tasuta-transport-alates-1000kg","29":"pa_garantii-5-aastat","30":"pa_kohaletoimetamine-tasuta-mandri-eestis-ja-suursaartel-soome-alates-699e","31":"pa_pindalam-18917","32":"pa_seinapaksus-120-mm","33":"pa_varv-valkjas-puidukaitse","34":"pa_varv-valge","35":"pa_varv-viimistlemata","36":"pa_varv-tumehall","37":"pa_varv-helehall","38":"pa_varv-pruunikas-puidukaitse","39":"pa_varv-hallikas-puidukaitse","41":"first","42":"instock","43":"taxable","44":"shipping-taxable","45":"purchasable","46":"product-type-variable","47":"has-default-attributes"},"yoast_head":"<!-- This site is optimized with the Yoast SEO plugin v27.3 - https:\/\/yoast.com\/product\/yoast-seo-wordpress\/ -->\n<title>Talveaed Lime 11,6 m\u00b2 tagaseinata, alumiiniumliugustega UUDIS! - Alekeskus<\/title>\n<meta name=\"description\" content=\"avar talveaed alumiiniumliugustega ja tagaseinata\" \/>\n<meta name=\"robots\" content=\"index, follow, max-snippet:-1, max-image-preview:large, max-video-preview:-1\" \/>\n<link rel=\"canonical\" href=\"https:\/\/alekeskus.eu\/et\/toode\/talveaed-lime116-alumiiniumraamidega-liugustega-alekeskus\/\" \/>\n<meta property=\"og:locale\" content=\"et_EE\" \/>\n<meta property=\"og:type\" content=\"article\" \/>\n<meta property=\"og:title\" content=\"Talveaed Lime 11,6 m\u00b2 tagaseinata, alumiiniumliugustega UUDIS! - Alekeskus\" \/>\n<meta property=\"og:description\" content=\"avar talveaed alumiiniumliugustega ja tagaseinata\" \/>\n<meta property=\"og:url\" content=\"https:\/\/alekeskus.eu\/et\/toode\/talveaed-lime116-alumiiniumraamidega-liugustega-alekeskus\/\" \/>\n<meta property=\"og:site_name\" content=\"Alekeskus\" \/>\n<meta property=\"article:modified_time\" content=\"2026-01-31T14:17:20+00:00\" \/>\n<meta property=\"og:image\" content=\"https:\/\/alekeskus.eu\/wp-content\/uploads\/2026\/01\/Lumi_11.6_m2_Slide_NATURAL_wb.jpg\" \/>\n\t<meta property=\"og:image:width\" content=\"2500\" \/>\n\t<meta property=\"og:image:height\" content=\"1875\" \/>\n\t<meta property=\"og:image:type\" content=\"image\/jpeg\" \/>\n<meta name=\"twitter:card\" content=\"summary_large_image\" \/>\n<meta name=\"twitter:label1\" content=\"Est. reading time\" \/>\n\t<meta name=\"twitter:data1\" content=\"1 minut\" \/>\n<script type=\"application\/ld+json\" class=\"yoast-schema-graph\">{\"@context\":\"https:\\\/\\\/schema.org\",\"@graph\":[{\"@type\":\"WebPage\",\"@id\":\"https:\\\/\\\/alekeskus.eu\\\/et\\\/toode\\\/talveaed-lime116-alumiiniumraamidega-liugustega-alekeskus\\\/\",\"url\":\"https:\\\/\\\/alekeskus.eu\\\/et\\\/toode\\\/talveaed-lime116-alumiiniumraamidega-liugustega-alekeskus\\\/\",\"name\":\"Talveaed Lime 11,6 m\u00b2 tagaseinata, alumiiniumliugustega UUDIS! - Alekeskus\",\"isPartOf\":{\"@id\":\"https:\\\/\\\/alekeskus.eu\\\/#website\"},\"primaryImageOfPage\":{\"@id\":\"https:\\\/\\\/alekeskus.eu\\\/et\\\/toode\\\/talveaed-lime116-alumiiniumraamidega-liugustega-alekeskus\\\/#primaryimage\"},\"image\":{\"@id\":\"https:\\\/\\\/alekeskus.eu\\\/et\\\/toode\\\/talveaed-lime116-alumiiniumraamidega-liugustega-alekeskus\\\/#primaryimage\"},\"thumbnailUrl\":\"https:\\\/\\\/alekeskus.eu\\\/wp-content\\\/uploads\\\/2026\\\/01\\\/Lumi_11.6_m2_Slide_NATURAL_wb.jpg\",\"datePublished\":\"2026-01-30T17:29:32+00:00\",\"dateModified\":\"2026-01-31T14:17:20+00:00\",\"description\":\"avar talveaed alumiiniumliugustega ja tagaseinata\",\"breadcrumb\":{\"@id\":\"https:\\\/\\\/alekeskus.eu\\\/et\\\/toode\\\/talveaed-lime116-alumiiniumraamidega-liugustega-alekeskus\\\/#breadcrumb\"},\"inLanguage\":\"et\",\"potentialAction\":[{\"@type\":\"ReadAction\",\"target\":[\"https:\\\/\\\/alekeskus.eu\\\/et\\\/toode\\\/talveaed-lime116-alumiiniumraamidega-liugustega-alekeskus\\\/\"]}]},{\"@type\":\"ImageObject\",\"inLanguage\":\"et\",\"@id\":\"https:\\\/\\\/alekeskus.eu\\\/et\\\/toode\\\/talveaed-lime116-alumiiniumraamidega-liugustega-alekeskus\\\/#primaryimage\",\"url\":\"https:\\\/\\\/alekeskus.eu\\\/wp-content\\\/uploads\\\/2026\\\/01\\\/Lumi_11.6_m2_Slide_NATURAL_wb.jpg\",\"contentUrl\":\"https:\\\/\\\/alekeskus.eu\\\/wp-content\\\/uploads\\\/2026\\\/01\\\/Lumi_11.6_m2_Slide_NATURAL_wb.jpg\",\"width\":2500,\"height\":1875},{\"@type\":\"BreadcrumbList\",\"@id\":\"https:\\\/\\\/alekeskus.eu\\\/et\\\/toode\\\/talveaed-lime116-alumiiniumraamidega-liugustega-alekeskus\\\/#breadcrumb\",\"itemListElement\":[{\"@type\":\"ListItem\",\"position\":1,\"name\":\"Avaleht\",\"item\":\"https:\\\/\\\/alekeskus.eu\\\/et\\\/\"},{\"@type\":\"ListItem\",\"position\":2,\"name\":\"Pood\",\"item\":\"https:\\\/\\\/alekeskus.eu\\\/pood\\\/\"},{\"@type\":\"ListItem\",\"position\":3,\"name\":\"Talveaed Lime 11,6 m\u00b2 tagaseinata, alumiiniumliugustega UUDIS!\"}]},{\"@type\":\"WebSite\",\"@id\":\"https:\\\/\\\/alekeskus.eu\\\/#website\",\"url\":\"https:\\\/\\\/alekeskus.eu\\\/\",\"name\":\"Alekeskus\",\"description\":\"Alekeskus.eu\",\"potentialAction\":[{\"@type\":\"SearchAction\",\"target\":{\"@type\":\"EntryPoint\",\"urlTemplate\":\"https:\\\/\\\/alekeskus.eu\\\/?s={search_term_string}\"},\"query-input\":{\"@type\":\"PropertyValueSpecification\",\"valueRequired\":true,\"valueName\":\"search_term_string\"}}],\"inLanguage\":\"et\"}]}<\/script>\n<!-- \/ Yoast SEO plugin. -->","yoast_head_json":{"title":"Talveaed Lime 11,6 m\u00b2 tagaseinata, alumiiniumliugustega UUDIS! - Alekeskus","description":"avar talveaed alumiiniumliugustega ja tagaseinata","robots":{"index":"index","follow":"follow","max-snippet":"max-snippet:-1","max-image-preview":"max-image-preview:large","max-video-preview":"max-video-preview:-1"},"canonical":"https:\/\/alekeskus.eu\/et\/toode\/talveaed-lime116-alumiiniumraamidega-liugustega-alekeskus\/","og_locale":"et_EE","og_type":"article","og_title":"Talveaed Lime 11,6 m\u00b2 tagaseinata, alumiiniumliugustega UUDIS! - Alekeskus","og_description":"avar talveaed alumiiniumliugustega ja tagaseinata","og_url":"https:\/\/alekeskus.eu\/et\/toode\/talveaed-lime116-alumiiniumraamidega-liugustega-alekeskus\/","og_site_name":"Alekeskus","article_modified_time":"2026-01-31T14:17:20+00:00","og_image":[{"width":2500,"height":1875,"url":"https:\/\/alekeskus.eu\/wp-content\/uploads\/2026\/01\/Lumi_11.6_m2_Slide_NATURAL_wb.jpg","type":"image\/jpeg"}],"twitter_card":"summary_large_image","twitter_misc":{"Est. reading time":"1 minut"},"schema":{"@context":"https:\/\/schema.org","@graph":[{"@type":"WebPage","@id":"https:\/\/alekeskus.eu\/et\/toode\/talveaed-lime116-alumiiniumraamidega-liugustega-alekeskus\/","url":"https:\/\/alekeskus.eu\/et\/toode\/talveaed-lime116-alumiiniumraamidega-liugustega-alekeskus\/","name":"Talveaed Lime 11,6 m\u00b2 tagaseinata, alumiiniumliugustega UUDIS! - Alekeskus","isPartOf":{"@id":"https:\/\/alekeskus.eu\/#website"},"primaryImageOfPage":{"@id":"https:\/\/alekeskus.eu\/et\/toode\/talveaed-lime116-alumiiniumraamidega-liugustega-alekeskus\/#primaryimage"},"image":{"@id":"https:\/\/alekeskus.eu\/et\/toode\/talveaed-lime116-alumiiniumraamidega-liugustega-alekeskus\/#primaryimage"},"thumbnailUrl":"https:\/\/alekeskus.eu\/wp-content\/uploads\/2026\/01\/Lumi_11.6_m2_Slide_NATURAL_wb.jpg","datePublished":"2026-01-30T17:29:32+00:00","dateModified":"2026-01-31T14:17:20+00:00","description":"avar talveaed alumiiniumliugustega ja tagaseinata","breadcrumb":{"@id":"https:\/\/alekeskus.eu\/et\/toode\/talveaed-lime116-alumiiniumraamidega-liugustega-alekeskus\/#breadcrumb"},"inLanguage":"et","potentialAction":[{"@type":"ReadAction","target":["https:\/\/alekeskus.eu\/et\/toode\/talveaed-lime116-alumiiniumraamidega-liugustega-alekeskus\/"]}]},{"@type":"ImageObject","inLanguage":"et","@id":"https:\/\/alekeskus.eu\/et\/toode\/talveaed-lime116-alumiiniumraamidega-liugustega-alekeskus\/#primaryimage","url":"https:\/\/alekeskus.eu\/wp-content\/uploads\/2026\/01\/Lumi_11.6_m2_Slide_NATURAL_wb.jpg","contentUrl":"https:\/\/alekeskus.eu\/wp-content\/uploads\/2026\/01\/Lumi_11.6_m2_Slide_NATURAL_wb.jpg","width":2500,"height":1875},{"@type":"BreadcrumbList","@id":"https:\/\/alekeskus.eu\/et\/toode\/talveaed-lime116-alumiiniumraamidega-liugustega-alekeskus\/#breadcrumb","itemListElement":[{"@type":"ListItem","position":1,"name":"Avaleht","item":"https:\/\/alekeskus.eu\/et\/"},{"@type":"ListItem","position":2,"name":"Pood","item":"https:\/\/alekeskus.eu\/pood\/"},{"@type":"ListItem","position":3,"name":"Talveaed Lime 11,6 m\u00b2 tagaseinata, alumiiniumliugustega UUDIS!"}]},{"@type":"WebSite","@id":"https:\/\/alekeskus.eu\/#website","url":"https:\/\/alekeskus.eu\/","name":"Alekeskus","description":"Alekeskus.eu","potentialAction":[{"@type":"SearchAction","target":{"@type":"EntryPoint","urlTemplate":"https:\/\/alekeskus.eu\/?s={search_term_string}"},"query-input":{"@type":"PropertyValueSpecification","valueRequired":true,"valueName":"search_term_string"}}],"inLanguage":"et"}]}},"brands":[{"id":18577,"name":"Eesti","slug":"eesti"}],"_links":{"self":[{"href":"https:\/\/alekeskus.eu\/et\/wp-json\/wp\/v2\/product\/97440","targetHints":{"allow":["GET"]}}],"collection":[{"href":"https:\/\/alekeskus.eu\/et\/wp-json\/wp\/v2\/product"}],"about":[{"href":"https:\/\/alekeskus.eu\/et\/wp-json\/wp\/v2\/types\/product"}],"wp:featuredmedia":[{"embeddable":true,"href":"https:\/\/alekeskus.eu\/et\/wp-json\/wp\/v2\/media\/97496"}],"wp:attachment":[{"href":"https:\/\/alekeskus.eu\/et\/wp-json\/wp\/v2\/media?parent=97440"}],"wp:term":[{"taxonomy":"pwb-brand","embeddable":true,"href":"https:\/\/alekeskus.eu\/et\/wp-json\/wp\/v2\/pwb-brand?post=97440"},{"taxonomy":"product_brand","embeddable":true,"href":"https:\/\/alekeskus.eu\/et\/wp-json\/wp\/v2\/product_brand?post=97440"},{"taxonomy":"product_cat","embeddable":true,"href":"https:\/\/alekeskus.eu\/et\/wp-json\/wp\/v2\/product_cat?post=97440"},{"taxonomy":"product_tag","embeddable":true,"href":"https:\/\/alekeskus.eu\/et\/wp-json\/wp\/v2\/product_tag?post=97440"}],"curies":[{"name":"wp","href":"https:\/\/api.w.org\/{rel}","templated":true}]}}