{"id":97625,"date":"2026-03-31T17:06:09","date_gmt":"2026-03-31T17:06:09","guid":{"rendered":"https:\/\/alekeskus.eu\/?post_type=product&#038;p=97625"},"modified":"2026-04-13T15:09:27","modified_gmt":"2026-04-13T15:09:27","slug":"grillahi-kuum-karu-alekeskus","status":"publish","type":"product","link":"https:\/\/alekeskus.eu\/et\/toode\/grillahi-kuum-karu-alekeskus\/","title":{"rendered":"Grillahi Tandoor Kuum Karu puuk\u00fcttega made in Estonia"},"content":{"rendered":"<ul>\n<li>Esmalt eemalda\u00a0ahjult kate. Aseta puud ahju\u00a0p\u00fcstises asendis. Eelnevalt v\u00f5id puude alla panna\u00a0kergesti s\u00fcttivat materjali,\u00a0nt paberit ja kasetohtu.<\/li>\n<li>Tule s\u00fc\u00fctamine toimub alumisest\u00a0avast ja k\u00f5ige mugavam\u00a0on seda s\u00fc\u00fcdata gaasip\u00f5letiga. P\u00f5lemise ajaks j\u00e4ta\u00a0ahju kaas lahti.<\/li>\n<li>S\u00f5ltuvalt\u00a0plaanitavast men\u00fc\u00fcst ja ilmaoludest on vaja ehk\u00a0p\u00f5letada ka teine ahjut\u00e4is\u00a0puid. \u00dche ahjut\u00e4ie p\u00f5lemine v\u00f5tab ajaliselt umbes\u00a0tund aega.<\/li>\n<li>Kui puud on\u00a0t\u00e4ielikult p\u00f5lenud ja j\u00e4rgi on j\u00e4\u00e4nud vaid s\u00f6ed, on aeg\u00a0liha vardasse ajada v\u00f5i\u00a0pajaroa ained kokku segada.<\/li>\n<li>S\u00f6ed v\u00f5ib\u00a0enne toidu\u00a0valmistamist alumisest avast v\u00e4lja v\u00f5tta, kuid ei pea v\u00f5tma. Toidule s\u00fctese h\u00f5ngu saamiseks on hea need sisse j\u00e4tta.<\/li>\n<li>Tandoor ahjus k\u00fcpseb liha \u00fchtlaselt nii alt kui \u00fclevalt poolt. Ahi on v\u00e4ga \u00fchtlane, vastupidav ja tihe!<\/li>\n<li>Kui\u00a0men\u00fc\u00fcs on nii pada kui \u0161a\u0161l\u00f5kivardad siis esimesena k\u00fcpseta valmis pajaroog.\u00a0Peale poti v\u00e4ljav\u00f5tmist\u00a0riputa ahju lihavardad. Peale liha valmimist saab soovi korral\u00a0k\u00fcpsetada veel ka naani-laadseid lameleibasid. K\u00f5ik selle saab\u00a0valmis teha \u00fche ahju\u00a0k\u00fctmisega!<\/li>\n<li>J\u00f5ulude ajal k\u00fcpseta tandoor ahjus terve hani. Selle valmimine v\u00f5tab aega umbes 3-4\u00a0tundi, s\u00f5ltuvalt linnu\u00a0suurusest.<\/li>\n<li>Toidu valmistamine\u00a0tandooris on \u00fclimalt lihtne, sest toit valmib ise ja ei vaja erilist\u00a0j\u00e4relvalvet\u00a0v\u00f5i pidevat segamist.<\/li>\n<li>Kuum Karu tandoorahju garantii kehtib tandoorahju metallosadele, k\u00fcttekoldele, puitosadele ja viimistluskomponentidele nii kaua, kuni tandoorahi on esmase ostja omanduses.<br \/>\n5 &#8211; aastane garantii metall osadele:<br \/>\nViie aastane garantii kehtib tandoorahjul kasutatud metallosade mittepurunemise kohta.<br \/>\n3-aastane garantii k\u00fcttekoldele:<br \/>\nKolme aastane garantii kehtib tandoorahjul kasutatud k\u00fcttekolde mittepurunemise kohta.<br \/>\n1-aastane garantii puit osadele:<br \/>\n\u00dche aastane garantii kehtib tandoorahjul kasutatud puitmaterjali mittepurunemise kohta.<br \/>\n* Juhime t\u00e4helepanu, et tandoorahjul kasutatud puitosad (t\u00f6\u00f6laud, puitnupud) peavad<br \/>\nolema kaitstud sademete eest, soovituslik kasutada sobiva suurusega veekindlat katet!<\/li>\n<\/ul>\n","protected":false},"excerpt":{"rendered":"<ul>\n<li>Puudega k\u00f6etava ahju s\u00fcdameks on \u0161amott-tellised, s\u00fcdant soojendab 5 sentimeetrine villakiht.<\/li>\n<li>Viimane lihv on antud mineraalkrohviga.\u00a0Ahju sangad on sepistatud.<\/li>\n<li>V\u00e4rvivalik:\u00a0 must\/hall, punane, valge, roheline, sinine(laos olemas PUNANE). Muud on 2-3 n\u00e4dalat<\/li>\n<li>Eesti toode<\/li>\n<li>K\u00f5rgus 76 cm, v\u00e4line l\u00e4bim\u00f5\u00f5t 54 cm(sisemine 30 cm), k\u00fcttekolde s\u00fcgavus 37 cm. Kaal 140 kg<\/li>\n<\/ul>\n<p>Tandoor-grillahjus k\u00fcpseb liha \u00fchtlaselt nii alt kui \u00fclevalt poolt. Ahi on v\u00e4ga \u00fchtlane, vastupidav ja tihe!<\/p>\n<p>Toidu valmistamine\u00a0tandooris on \u00fclimalt lihtne, sest toit valmib ise ja ei vaja erilist\u00a0j\u00e4relvalvet\u00a0v\u00f5i pidevat segamist.<\/p>\n<p>Tandoor-grillahi sobib toidu valmistamiseks nii suvel kui talvel. Valmistada saab nii liha, kala kui k\u00f6\u00f6givilju. Toitude loetelul ei ole piire \u2013 valmistada saab k\u00f5ike! See on ideaalne ahi \u0161a\u0161l\u00f5ki valmistamiseks, samuti hautiste, woki, \u00fchepajaroogade valmistamiseks, supi keetmiseks ja muidugi naanide, leiva ning pirukate valmistamiseks! Seda ahju v\u00f5ib kasutada ka tavalise grillahjuna ja ka otse s\u00fcte sees liha v\u00f5i kartuleid k\u00fcpsetada.<\/p>\n<p>Kui ahi\u00a0korralikult kuumaks k\u00fctta, saab valmistada toitu mitmeid tunde j\u00e4rjest. \u00dche ahjut\u00e4ie\u00a0\u0161a\u0161l\u00f5ki valmimine kuumaks\u00a0k\u00f6etud ahjus v\u00f5tab aega umbes 10 \u2013 15 minutit. Pajat\u00e4is hautist valmib umbes 40 minutiga. Oluline mugavus toidu\u00a0valmimise juures on,\u00a0et ei pea vahepeal vardaid keerutama v\u00f5i pajarooga segama.<\/p>\n<p>Kuum Karu tandoorahi on ka hea \u00f5htune ajaviide nii ilusal suve\u00f5htul koos sauna ja \u00f5llega kui ka lumisel talvep\u00e4eval koos kangema napsu ja hea seltskonnaga!<\/p>\n<p>Kuum Karu p\u00e4lvis Eesti Grilliliidu poolt \u201cAasta grillitoode 2020\u201d tiitli.<\/p>\n<p>Komplekti kuulub poti\/resti riputusvarras riputamiseks ja mitmek\u00fclgse kasutusega\u00a0r\u00f5ngas lihavarraste &amp; panni\/poti hoidmiseks, r\u00e4tikuhoidja ja grillitarvikute hoidja, \u0161a\u0161l\u00f5kivardad stopperiga, riputuskonks, grillvardad ja tuhan\u00f5u.<\/p>\n","protected":false},"featured_media":97630,"template":"","meta":{"_monsterinsights_skip_tracking":false,"_monsterinsights_sitenote_active":false,"_monsterinsights_sitenote_note":"","_monsterinsights_sitenote_category":0},"pwb-brand":[18577],"product_brand":[],"product_cat":[18965,13568,13530,18079],"product_tag":[18833,18933,18940,18941,18942,13856],"class_list":{"0":"post-97625","1":"product","2":"type-product","3":"status-publish","4":"has-post-thumbnail","6":"pwb-brand-eesti","7":"product_cat-grillid-alekeskus","8":"product_cat-grill-ja-tuli","9":"product_cat-aed-ja-kodu","10":"product_cat-grillid-suitsuahjud-pizzaahjud-alekeskus","11":"product_tag-grillahi","12":"product_tag-tandoor","13":"product_tag-aiagrill","14":"product_tag-soegrill","15":"product_tag-keraamiline-grill","16":"product_tag-grill","17":"product_shipping_class-30-300kg","18":"pa_kaalkg-14424","19":"pa_kohaletoimetamine-veohind-mandri-eestis-alekeskus","21":"first","22":"instock","23":"taxable","24":"shipping-taxable","25":"purchasable","26":"product-type-simple"},"yoast_head":"<!-- This site is optimized with the Yoast SEO plugin v27.3 - https:\/\/yoast.com\/product\/yoast-seo-wordpress\/ -->\n<title>Grillahi Tandoor Kuum Karu puuk\u00fcttega made in Estonia - Alekeskus<\/title>\n<meta name=\"description\" content=\"Eestis tehtud tandoor grillahi.\" \/>\n<meta name=\"robots\" content=\"index, follow, max-snippet:-1, max-image-preview:large, max-video-preview:-1\" \/>\n<link rel=\"canonical\" href=\"https:\/\/alekeskus.eu\/et\/toode\/grillahi-kuum-karu-alekeskus\/\" \/>\n<meta property=\"og:locale\" content=\"et_EE\" \/>\n<meta property=\"og:type\" content=\"article\" \/>\n<meta property=\"og:title\" content=\"Grillahi Tandoor Kuum Karu puuk\u00fcttega made in Estonia - Alekeskus\" \/>\n<meta property=\"og:description\" content=\"Eestis tehtud tandoor grillahi.\" \/>\n<meta property=\"og:url\" content=\"https:\/\/alekeskus.eu\/et\/toode\/grillahi-kuum-karu-alekeskus\/\" \/>\n<meta property=\"og:site_name\" content=\"Alekeskus\" \/>\n<meta property=\"article:modified_time\" content=\"2026-04-13T15:09:27+00:00\" \/>\n<meta property=\"og:image\" content=\"https:\/\/alekeskus.eu\/wp-content\/uploads\/2026\/01\/KUUM-KARU-MINI-0.jpeg\" \/>\n\t<meta property=\"og:image:width\" content=\"1182\" \/>\n\t<meta property=\"og:image:height\" content=\"1132\" \/>\n\t<meta property=\"og:image:type\" content=\"image\/jpeg\" \/>\n<meta name=\"twitter:card\" content=\"summary_large_image\" \/>\n<meta name=\"twitter:label1\" content=\"Est. reading time\" \/>\n\t<meta name=\"twitter:data1\" content=\"2 minutit\" \/>\n<script type=\"application\/ld+json\" class=\"yoast-schema-graph\">{\"@context\":\"https:\\\/\\\/schema.org\",\"@graph\":[{\"@type\":\"WebPage\",\"@id\":\"https:\\\/\\\/alekeskus.eu\\\/et\\\/toode\\\/grillahi-kuum-karu-alekeskus\\\/\",\"url\":\"https:\\\/\\\/alekeskus.eu\\\/et\\\/toode\\\/grillahi-kuum-karu-alekeskus\\\/\",\"name\":\"Grillahi Tandoor Kuum Karu puuk\u00fcttega made in Estonia - Alekeskus\",\"isPartOf\":{\"@id\":\"https:\\\/\\\/alekeskus.eu\\\/#website\"},\"primaryImageOfPage\":{\"@id\":\"https:\\\/\\\/alekeskus.eu\\\/et\\\/toode\\\/grillahi-kuum-karu-alekeskus\\\/#primaryimage\"},\"image\":{\"@id\":\"https:\\\/\\\/alekeskus.eu\\\/et\\\/toode\\\/grillahi-kuum-karu-alekeskus\\\/#primaryimage\"},\"thumbnailUrl\":\"https:\\\/\\\/alekeskus.eu\\\/wp-content\\\/uploads\\\/2026\\\/01\\\/KUUM-KARU-MINI-0.jpeg\",\"datePublished\":\"2026-03-31T17:06:09+00:00\",\"dateModified\":\"2026-04-13T15:09:27+00:00\",\"description\":\"Eestis tehtud tandoor grillahi.\",\"breadcrumb\":{\"@id\":\"https:\\\/\\\/alekeskus.eu\\\/et\\\/toode\\\/grillahi-kuum-karu-alekeskus\\\/#breadcrumb\"},\"inLanguage\":\"et\",\"potentialAction\":[{\"@type\":\"ReadAction\",\"target\":[\"https:\\\/\\\/alekeskus.eu\\\/et\\\/toode\\\/grillahi-kuum-karu-alekeskus\\\/\"]}]},{\"@type\":\"ImageObject\",\"inLanguage\":\"et\",\"@id\":\"https:\\\/\\\/alekeskus.eu\\\/et\\\/toode\\\/grillahi-kuum-karu-alekeskus\\\/#primaryimage\",\"url\":\"https:\\\/\\\/alekeskus.eu\\\/wp-content\\\/uploads\\\/2026\\\/01\\\/KUUM-KARU-MINI-0.jpeg\",\"contentUrl\":\"https:\\\/\\\/alekeskus.eu\\\/wp-content\\\/uploads\\\/2026\\\/01\\\/KUUM-KARU-MINI-0.jpeg\",\"width\":1182,\"height\":1132},{\"@type\":\"BreadcrumbList\",\"@id\":\"https:\\\/\\\/alekeskus.eu\\\/et\\\/toode\\\/grillahi-kuum-karu-alekeskus\\\/#breadcrumb\",\"itemListElement\":[{\"@type\":\"ListItem\",\"position\":1,\"name\":\"Avaleht\",\"item\":\"https:\\\/\\\/alekeskus.eu\\\/et\\\/\"},{\"@type\":\"ListItem\",\"position\":2,\"name\":\"Pood\",\"item\":\"https:\\\/\\\/alekeskus.eu\\\/pood\\\/\"},{\"@type\":\"ListItem\",\"position\":3,\"name\":\"Grillahi Tandoor Kuum Karu puuk\u00fcttega made in Estonia\"}]},{\"@type\":\"WebSite\",\"@id\":\"https:\\\/\\\/alekeskus.eu\\\/#website\",\"url\":\"https:\\\/\\\/alekeskus.eu\\\/\",\"name\":\"Alekeskus\",\"description\":\"Alekeskus.eu\",\"potentialAction\":[{\"@type\":\"SearchAction\",\"target\":{\"@type\":\"EntryPoint\",\"urlTemplate\":\"https:\\\/\\\/alekeskus.eu\\\/?s={search_term_string}\"},\"query-input\":{\"@type\":\"PropertyValueSpecification\",\"valueRequired\":true,\"valueName\":\"search_term_string\"}}],\"inLanguage\":\"et\"}]}<\/script>\n<!-- \/ Yoast SEO plugin. -->","yoast_head_json":{"title":"Grillahi Tandoor Kuum Karu puuk\u00fcttega made in Estonia - Alekeskus","description":"Eestis tehtud tandoor grillahi.","robots":{"index":"index","follow":"follow","max-snippet":"max-snippet:-1","max-image-preview":"max-image-preview:large","max-video-preview":"max-video-preview:-1"},"canonical":"https:\/\/alekeskus.eu\/et\/toode\/grillahi-kuum-karu-alekeskus\/","og_locale":"et_EE","og_type":"article","og_title":"Grillahi Tandoor Kuum Karu puuk\u00fcttega made in Estonia - Alekeskus","og_description":"Eestis tehtud tandoor grillahi.","og_url":"https:\/\/alekeskus.eu\/et\/toode\/grillahi-kuum-karu-alekeskus\/","og_site_name":"Alekeskus","article_modified_time":"2026-04-13T15:09:27+00:00","og_image":[{"width":1182,"height":1132,"url":"https:\/\/alekeskus.eu\/wp-content\/uploads\/2026\/01\/KUUM-KARU-MINI-0.jpeg","type":"image\/jpeg"}],"twitter_card":"summary_large_image","twitter_misc":{"Est. reading time":"2 minutit"},"schema":{"@context":"https:\/\/schema.org","@graph":[{"@type":"WebPage","@id":"https:\/\/alekeskus.eu\/et\/toode\/grillahi-kuum-karu-alekeskus\/","url":"https:\/\/alekeskus.eu\/et\/toode\/grillahi-kuum-karu-alekeskus\/","name":"Grillahi Tandoor Kuum Karu puuk\u00fcttega made in Estonia - Alekeskus","isPartOf":{"@id":"https:\/\/alekeskus.eu\/#website"},"primaryImageOfPage":{"@id":"https:\/\/alekeskus.eu\/et\/toode\/grillahi-kuum-karu-alekeskus\/#primaryimage"},"image":{"@id":"https:\/\/alekeskus.eu\/et\/toode\/grillahi-kuum-karu-alekeskus\/#primaryimage"},"thumbnailUrl":"https:\/\/alekeskus.eu\/wp-content\/uploads\/2026\/01\/KUUM-KARU-MINI-0.jpeg","datePublished":"2026-03-31T17:06:09+00:00","dateModified":"2026-04-13T15:09:27+00:00","description":"Eestis tehtud tandoor grillahi.","breadcrumb":{"@id":"https:\/\/alekeskus.eu\/et\/toode\/grillahi-kuum-karu-alekeskus\/#breadcrumb"},"inLanguage":"et","potentialAction":[{"@type":"ReadAction","target":["https:\/\/alekeskus.eu\/et\/toode\/grillahi-kuum-karu-alekeskus\/"]}]},{"@type":"ImageObject","inLanguage":"et","@id":"https:\/\/alekeskus.eu\/et\/toode\/grillahi-kuum-karu-alekeskus\/#primaryimage","url":"https:\/\/alekeskus.eu\/wp-content\/uploads\/2026\/01\/KUUM-KARU-MINI-0.jpeg","contentUrl":"https:\/\/alekeskus.eu\/wp-content\/uploads\/2026\/01\/KUUM-KARU-MINI-0.jpeg","width":1182,"height":1132},{"@type":"BreadcrumbList","@id":"https:\/\/alekeskus.eu\/et\/toode\/grillahi-kuum-karu-alekeskus\/#breadcrumb","itemListElement":[{"@type":"ListItem","position":1,"name":"Avaleht","item":"https:\/\/alekeskus.eu\/et\/"},{"@type":"ListItem","position":2,"name":"Pood","item":"https:\/\/alekeskus.eu\/pood\/"},{"@type":"ListItem","position":3,"name":"Grillahi Tandoor Kuum Karu puuk\u00fcttega made in Estonia"}]},{"@type":"WebSite","@id":"https:\/\/alekeskus.eu\/#website","url":"https:\/\/alekeskus.eu\/","name":"Alekeskus","description":"Alekeskus.eu","potentialAction":[{"@type":"SearchAction","target":{"@type":"EntryPoint","urlTemplate":"https:\/\/alekeskus.eu\/?s={search_term_string}"},"query-input":{"@type":"PropertyValueSpecification","valueRequired":true,"valueName":"search_term_string"}}],"inLanguage":"et"}]}},"brands":[{"id":18577,"name":"Eesti","slug":"eesti"}],"_links":{"self":[{"href":"https:\/\/alekeskus.eu\/et\/wp-json\/wp\/v2\/product\/97625","targetHints":{"allow":["GET"]}}],"collection":[{"href":"https:\/\/alekeskus.eu\/et\/wp-json\/wp\/v2\/product"}],"about":[{"href":"https:\/\/alekeskus.eu\/et\/wp-json\/wp\/v2\/types\/product"}],"wp:featuredmedia":[{"embeddable":true,"href":"https:\/\/alekeskus.eu\/et\/wp-json\/wp\/v2\/media\/97630"}],"wp:attachment":[{"href":"https:\/\/alekeskus.eu\/et\/wp-json\/wp\/v2\/media?parent=97625"}],"wp:term":[{"taxonomy":"pwb-brand","embeddable":true,"href":"https:\/\/alekeskus.eu\/et\/wp-json\/wp\/v2\/pwb-brand?post=97625"},{"taxonomy":"product_brand","embeddable":true,"href":"https:\/\/alekeskus.eu\/et\/wp-json\/wp\/v2\/product_brand?post=97625"},{"taxonomy":"product_cat","embeddable":true,"href":"https:\/\/alekeskus.eu\/et\/wp-json\/wp\/v2\/product_cat?post=97625"},{"taxonomy":"product_tag","embeddable":true,"href":"https:\/\/alekeskus.eu\/et\/wp-json\/wp\/v2\/product_tag?post=97625"}],"curies":[{"name":"wp","href":"https:\/\/api.w.org\/{rel}","templated":true}]}}