{"id":97749,"date":"2026-01-04T15:04:22","date_gmt":"2026-01-04T15:04:22","guid":{"rendered":"https:\/\/alekeskus.eu\/?post_type=product&#038;p=97749"},"modified":"2026-02-04T15:29:38","modified_gmt":"2026-02-04T15:29:38","slug":"pruss-110-mm-umbertoodeldud-plastjaatmetest-alekeskus","status":"publish","type":"product","link":"https:\/\/alekeskus.eu\/et\/toode\/pruss-110-mm-umbertoodeldud-plastjaatmetest-alekeskus\/","title":{"rendered":"Peenra\u00e4\u00e4re post 110 x 3900 mm \u00fcmbert\u00f6\u00f6deldud plastj\u00e4\u00e4tmetest"},"content":{"rendered":"<p>Profiilide tooraine on p\u00e4rit toidut\u00f6\u00f6stuse plastpakenditest. Toorainet kuumutatakse orgaaniliste materjalide eemaldamiseks. Profiilid saadakse ektruudermenetlusel.<\/p>\n<p>Tooraine koosneb peamiselt k\u00f5rg- ja madaltihedast pol\u00fcet\u00fcleenist (HDPE, LPDE), pol\u00fcst\u00fcreenist (PP) ja pol\u00fcprop\u00fcleenist (PS).<\/p>\n","protected":false},"excerpt":{"rendered":"<ul>\n<li>hooldusvaba, lihtne paigaldada ja puhastada<\/li>\n<li>puiduga sarnaselt t\u00f6\u00f6deldav<\/li>\n<li>u 20% tihedam kui Craft sarja tooted<\/li>\n<li>garantii 15 aastat<\/li>\n<li>ilmastikukindel, UV-kindel<\/li>\n<li>ei ima vedelikke,\u00a0m\u00fcrgitu<\/li>\n<li>kaal 7,5 kg\/ jm<\/li>\n<li>ei aja pinde<\/li>\n<li>ei m\u00e4dane ega hallita<\/li>\n<li>Eesti toode<\/li>\n<li><span style=\"text-decoration: underline;\">toodetud toidupakendite plastikj\u00e4\u00e4tmetest j\u00e4ttes puud metsa kasvama<\/span><\/li>\n<li>tellimisaeg v\u00f5ib olla tavalisest pikem, soovitame t\u00e4psustada: info@alekeskus.eu<\/li>\n<li>saab tellida endale sobivas pikkuses (kuni 3,9 m)<\/li>\n<\/ul>\n","protected":false},"featured_media":97770,"template":"","meta":{"_monsterinsights_skip_tracking":false,"_monsterinsights_sitenote_active":false,"_monsterinsights_sitenote_note":"","_monsterinsights_sitenote_category":0},"pwb-brand":[],"product_brand":[],"product_cat":[13566,13572,13532,13546,13530],"product_tag":[14669,14747,16169,17236,18887,18957],"class_list":{"0":"post-97749","1":"product","2":"type-product","3":"status-publish","4":"has-post-thumbnail","6":"product_cat-iluaiandus","7":"product_cat-aiapostid","8":"product_cat-postid-ja-aiad","9":"product_cat-umbertoodeldud-plastist-tooted-alekeskus","10":"product_cat-aed-ja-kodu","11":"product_tag-palisaad","12":"product_tag-ekologinen-rakennusmateriaali","13":"product_tag-ehitustoode","14":"product_tag-kierratysmuovi","15":"product_tag-ehitusmaterjal-taaskaideldud-plastjaatmetest","16":"product_tag-peenra-aar","17":"product_shipping_class-30-300kg","18":"pa_garantii-15-aastat","19":"pa_kohaletoimetamine-veohind-mandri-eestis-alekeskus","20":"pa_laoasukoht-jarvamaa","21":"pa_tellimisaeg-1-8-nadalat","22":"pa_veame-eesti-ja-soome","24":"first","25":"instock","26":"taxable","27":"shipping-taxable","28":"purchasable","29":"product-type-simple"},"yoast_head":"<!-- This site is optimized with the Yoast SEO plugin v27.3 - https:\/\/yoast.com\/product\/yoast-seo-wordpress\/ -->\n<title>Peenra\u00e4\u00e4re post 110 x 3900 mm \u00fcmbert\u00f6\u00f6deldud plastj\u00e4\u00e4tmetest - Alekeskus<\/title>\n<meta name=\"description\" content=\"\u00dcmbert\u00f6\u00f6deldud plastj\u00e4\u00e4tmetest ilmastikukindlad peenra\u00e4\u00e4red\" \/>\n<meta name=\"robots\" content=\"index, follow, max-snippet:-1, max-image-preview:large, max-video-preview:-1\" \/>\n<link rel=\"canonical\" href=\"https:\/\/alekeskus.eu\/et\/toode\/pruss-110-mm-umbertoodeldud-plastjaatmetest-alekeskus\/\" \/>\n<meta property=\"og:locale\" content=\"et_EE\" \/>\n<meta property=\"og:type\" content=\"article\" \/>\n<meta property=\"og:title\" content=\"Peenra\u00e4\u00e4re post 110 x 3900 mm \u00fcmbert\u00f6\u00f6deldud plastj\u00e4\u00e4tmetest - Alekeskus\" \/>\n<meta property=\"og:description\" content=\"\u00dcmbert\u00f6\u00f6deldud plastj\u00e4\u00e4tmetest ilmastikukindlad peenra\u00e4\u00e4red\" \/>\n<meta property=\"og:url\" content=\"https:\/\/alekeskus.eu\/et\/toode\/pruss-110-mm-umbertoodeldud-plastjaatmetest-alekeskus\/\" \/>\n<meta property=\"og:site_name\" content=\"Alekeskus\" \/>\n<meta property=\"article:modified_time\" content=\"2026-02-04T15:29:38+00:00\" \/>\n<meta property=\"og:image\" content=\"https:\/\/alekeskus.eu\/wp-content\/uploads\/2026\/01\/Strong-peenraaar-scaled.jpg\" \/>\n\t<meta property=\"og:image:width\" content=\"2560\" \/>\n\t<meta property=\"og:image:height\" content=\"1828\" \/>\n\t<meta property=\"og:image:type\" content=\"image\/jpeg\" \/>\n<meta name=\"twitter:card\" content=\"summary_large_image\" \/>\n<meta name=\"twitter:label1\" content=\"Est. reading time\" \/>\n\t<meta name=\"twitter:data1\" content=\"1 minut\" \/>\n<script type=\"application\/ld+json\" class=\"yoast-schema-graph\">{\"@context\":\"https:\\\/\\\/schema.org\",\"@graph\":[{\"@type\":\"WebPage\",\"@id\":\"https:\\\/\\\/alekeskus.eu\\\/et\\\/toode\\\/pruss-110-mm-umbertoodeldud-plastjaatmetest-alekeskus\\\/\",\"url\":\"https:\\\/\\\/alekeskus.eu\\\/et\\\/toode\\\/pruss-110-mm-umbertoodeldud-plastjaatmetest-alekeskus\\\/\",\"name\":\"Peenra\u00e4\u00e4re post 110 x 3900 mm \u00fcmbert\u00f6\u00f6deldud plastj\u00e4\u00e4tmetest - Alekeskus\",\"isPartOf\":{\"@id\":\"https:\\\/\\\/alekeskus.eu\\\/#website\"},\"primaryImageOfPage\":{\"@id\":\"https:\\\/\\\/alekeskus.eu\\\/et\\\/toode\\\/pruss-110-mm-umbertoodeldud-plastjaatmetest-alekeskus\\\/#primaryimage\"},\"image\":{\"@id\":\"https:\\\/\\\/alekeskus.eu\\\/et\\\/toode\\\/pruss-110-mm-umbertoodeldud-plastjaatmetest-alekeskus\\\/#primaryimage\"},\"thumbnailUrl\":\"https:\\\/\\\/alekeskus.eu\\\/wp-content\\\/uploads\\\/2026\\\/01\\\/Strong-peenraaar-scaled.jpg\",\"datePublished\":\"2026-01-04T15:04:22+00:00\",\"dateModified\":\"2026-02-04T15:29:38+00:00\",\"description\":\"\u00dcmbert\u00f6\u00f6deldud plastj\u00e4\u00e4tmetest ilmastikukindlad peenra\u00e4\u00e4red\",\"breadcrumb\":{\"@id\":\"https:\\\/\\\/alekeskus.eu\\\/et\\\/toode\\\/pruss-110-mm-umbertoodeldud-plastjaatmetest-alekeskus\\\/#breadcrumb\"},\"inLanguage\":\"et\",\"potentialAction\":[{\"@type\":\"ReadAction\",\"target\":[\"https:\\\/\\\/alekeskus.eu\\\/et\\\/toode\\\/pruss-110-mm-umbertoodeldud-plastjaatmetest-alekeskus\\\/\"]}]},{\"@type\":\"ImageObject\",\"inLanguage\":\"et\",\"@id\":\"https:\\\/\\\/alekeskus.eu\\\/et\\\/toode\\\/pruss-110-mm-umbertoodeldud-plastjaatmetest-alekeskus\\\/#primaryimage\",\"url\":\"https:\\\/\\\/alekeskus.eu\\\/wp-content\\\/uploads\\\/2026\\\/01\\\/Strong-peenraaar-scaled.jpg\",\"contentUrl\":\"https:\\\/\\\/alekeskus.eu\\\/wp-content\\\/uploads\\\/2026\\\/01\\\/Strong-peenraaar-scaled.jpg\",\"width\":2560,\"height\":1828},{\"@type\":\"BreadcrumbList\",\"@id\":\"https:\\\/\\\/alekeskus.eu\\\/et\\\/toode\\\/pruss-110-mm-umbertoodeldud-plastjaatmetest-alekeskus\\\/#breadcrumb\",\"itemListElement\":[{\"@type\":\"ListItem\",\"position\":1,\"name\":\"Avaleht\",\"item\":\"https:\\\/\\\/alekeskus.eu\\\/et\\\/\"},{\"@type\":\"ListItem\",\"position\":2,\"name\":\"Pood\",\"item\":\"https:\\\/\\\/alekeskus.eu\\\/pood\\\/\"},{\"@type\":\"ListItem\",\"position\":3,\"name\":\"Peenra\u00e4\u00e4re post 110 x 3900 mm \u00fcmbert\u00f6\u00f6deldud plastj\u00e4\u00e4tmetest\"}]},{\"@type\":\"WebSite\",\"@id\":\"https:\\\/\\\/alekeskus.eu\\\/#website\",\"url\":\"https:\\\/\\\/alekeskus.eu\\\/\",\"name\":\"Alekeskus\",\"description\":\"Alekeskus.eu\",\"potentialAction\":[{\"@type\":\"SearchAction\",\"target\":{\"@type\":\"EntryPoint\",\"urlTemplate\":\"https:\\\/\\\/alekeskus.eu\\\/?s={search_term_string}\"},\"query-input\":{\"@type\":\"PropertyValueSpecification\",\"valueRequired\":true,\"valueName\":\"search_term_string\"}}],\"inLanguage\":\"et\"}]}<\/script>\n<!-- \/ Yoast SEO plugin. -->","yoast_head_json":{"title":"Peenra\u00e4\u00e4re post 110 x 3900 mm \u00fcmbert\u00f6\u00f6deldud plastj\u00e4\u00e4tmetest - Alekeskus","description":"\u00dcmbert\u00f6\u00f6deldud plastj\u00e4\u00e4tmetest ilmastikukindlad peenra\u00e4\u00e4red","robots":{"index":"index","follow":"follow","max-snippet":"max-snippet:-1","max-image-preview":"max-image-preview:large","max-video-preview":"max-video-preview:-1"},"canonical":"https:\/\/alekeskus.eu\/et\/toode\/pruss-110-mm-umbertoodeldud-plastjaatmetest-alekeskus\/","og_locale":"et_EE","og_type":"article","og_title":"Peenra\u00e4\u00e4re post 110 x 3900 mm \u00fcmbert\u00f6\u00f6deldud plastj\u00e4\u00e4tmetest - Alekeskus","og_description":"\u00dcmbert\u00f6\u00f6deldud plastj\u00e4\u00e4tmetest ilmastikukindlad peenra\u00e4\u00e4red","og_url":"https:\/\/alekeskus.eu\/et\/toode\/pruss-110-mm-umbertoodeldud-plastjaatmetest-alekeskus\/","og_site_name":"Alekeskus","article_modified_time":"2026-02-04T15:29:38+00:00","og_image":[{"width":2560,"height":1828,"url":"https:\/\/alekeskus.eu\/wp-content\/uploads\/2026\/01\/Strong-peenraaar-scaled.jpg","type":"image\/jpeg"}],"twitter_card":"summary_large_image","twitter_misc":{"Est. reading time":"1 minut"},"schema":{"@context":"https:\/\/schema.org","@graph":[{"@type":"WebPage","@id":"https:\/\/alekeskus.eu\/et\/toode\/pruss-110-mm-umbertoodeldud-plastjaatmetest-alekeskus\/","url":"https:\/\/alekeskus.eu\/et\/toode\/pruss-110-mm-umbertoodeldud-plastjaatmetest-alekeskus\/","name":"Peenra\u00e4\u00e4re post 110 x 3900 mm \u00fcmbert\u00f6\u00f6deldud plastj\u00e4\u00e4tmetest - Alekeskus","isPartOf":{"@id":"https:\/\/alekeskus.eu\/#website"},"primaryImageOfPage":{"@id":"https:\/\/alekeskus.eu\/et\/toode\/pruss-110-mm-umbertoodeldud-plastjaatmetest-alekeskus\/#primaryimage"},"image":{"@id":"https:\/\/alekeskus.eu\/et\/toode\/pruss-110-mm-umbertoodeldud-plastjaatmetest-alekeskus\/#primaryimage"},"thumbnailUrl":"https:\/\/alekeskus.eu\/wp-content\/uploads\/2026\/01\/Strong-peenraaar-scaled.jpg","datePublished":"2026-01-04T15:04:22+00:00","dateModified":"2026-02-04T15:29:38+00:00","description":"\u00dcmbert\u00f6\u00f6deldud plastj\u00e4\u00e4tmetest ilmastikukindlad peenra\u00e4\u00e4red","breadcrumb":{"@id":"https:\/\/alekeskus.eu\/et\/toode\/pruss-110-mm-umbertoodeldud-plastjaatmetest-alekeskus\/#breadcrumb"},"inLanguage":"et","potentialAction":[{"@type":"ReadAction","target":["https:\/\/alekeskus.eu\/et\/toode\/pruss-110-mm-umbertoodeldud-plastjaatmetest-alekeskus\/"]}]},{"@type":"ImageObject","inLanguage":"et","@id":"https:\/\/alekeskus.eu\/et\/toode\/pruss-110-mm-umbertoodeldud-plastjaatmetest-alekeskus\/#primaryimage","url":"https:\/\/alekeskus.eu\/wp-content\/uploads\/2026\/01\/Strong-peenraaar-scaled.jpg","contentUrl":"https:\/\/alekeskus.eu\/wp-content\/uploads\/2026\/01\/Strong-peenraaar-scaled.jpg","width":2560,"height":1828},{"@type":"BreadcrumbList","@id":"https:\/\/alekeskus.eu\/et\/toode\/pruss-110-mm-umbertoodeldud-plastjaatmetest-alekeskus\/#breadcrumb","itemListElement":[{"@type":"ListItem","position":1,"name":"Avaleht","item":"https:\/\/alekeskus.eu\/et\/"},{"@type":"ListItem","position":2,"name":"Pood","item":"https:\/\/alekeskus.eu\/pood\/"},{"@type":"ListItem","position":3,"name":"Peenra\u00e4\u00e4re post 110 x 3900 mm \u00fcmbert\u00f6\u00f6deldud plastj\u00e4\u00e4tmetest"}]},{"@type":"WebSite","@id":"https:\/\/alekeskus.eu\/#website","url":"https:\/\/alekeskus.eu\/","name":"Alekeskus","description":"Alekeskus.eu","potentialAction":[{"@type":"SearchAction","target":{"@type":"EntryPoint","urlTemplate":"https:\/\/alekeskus.eu\/?s={search_term_string}"},"query-input":{"@type":"PropertyValueSpecification","valueRequired":true,"valueName":"search_term_string"}}],"inLanguage":"et"}]}},"brands":[],"_links":{"self":[{"href":"https:\/\/alekeskus.eu\/et\/wp-json\/wp\/v2\/product\/97749","targetHints":{"allow":["GET"]}}],"collection":[{"href":"https:\/\/alekeskus.eu\/et\/wp-json\/wp\/v2\/product"}],"about":[{"href":"https:\/\/alekeskus.eu\/et\/wp-json\/wp\/v2\/types\/product"}],"wp:featuredmedia":[{"embeddable":true,"href":"https:\/\/alekeskus.eu\/et\/wp-json\/wp\/v2\/media\/97770"}],"wp:attachment":[{"href":"https:\/\/alekeskus.eu\/et\/wp-json\/wp\/v2\/media?parent=97749"}],"wp:term":[{"taxonomy":"pwb-brand","embeddable":true,"href":"https:\/\/alekeskus.eu\/et\/wp-json\/wp\/v2\/pwb-brand?post=97749"},{"taxonomy":"product_brand","embeddable":true,"href":"https:\/\/alekeskus.eu\/et\/wp-json\/wp\/v2\/product_brand?post=97749"},{"taxonomy":"product_cat","embeddable":true,"href":"https:\/\/alekeskus.eu\/et\/wp-json\/wp\/v2\/product_cat?post=97749"},{"taxonomy":"product_tag","embeddable":true,"href":"https:\/\/alekeskus.eu\/et\/wp-json\/wp\/v2\/product_tag?post=97749"}],"curies":[{"name":"wp","href":"https:\/\/api.w.org\/{rel}","templated":true}]}}