{"id":97778,"date":"2021-11-11T22:30:30","date_gmt":"2021-11-11T22:30:31","guid":{"rendered":"https:\/\/alekeskus.eu\/product\/tuulikuunal-l10-x-10-x-40-alekeskus\/"},"modified":"2026-02-04T19:42:05","modified_gmt":"2026-02-04T19:42:05","slug":"tuulikuunal-l10-x-10-x-40-alekeskus","status":"publish","type":"product","link":"https:\/\/alekeskus.eu\/et\/toode\/tuulikuunal-l10-x-10-x-40-alekeskus\/","title":{"rendered":"Tuulek\u00fc\u00fcnal L 10 x 10 x 40 cm"},"content":{"rendered":"","protected":false},"excerpt":{"rendered":"<p>M\u00f5\u00f5dud: 10 x 10 x 40 cm.<\/p>\n<p>P\u00f5lemisaeg u 2 tundi. Parim tulemus tuulise ilmaga.<\/p>\n<p>Pakendis eriv\u00e4rvilised k\u00fc\u00fcnlad.<\/p>\n<p>Tehtud Eestis okaspuust.<\/p>\n","protected":false},"featured_media":66098,"template":"","meta":{"_monsterinsights_skip_tracking":false,"_monsterinsights_sitenote_active":false,"_monsterinsights_sitenote_note":"","_monsterinsights_sitenote_category":0},"pwb-brand":[],"product_brand":[],"product_cat":[13566,13568,13530],"product_tag":[18960],"class_list":{"0":"post-97778","1":"product","2":"type-product","3":"status-publish","4":"has-post-thumbnail","6":"product_cat-iluaiandus","7":"product_cat-grill-ja-tuli","8":"product_cat-aed-ja-kodu","9":"product_tag-tuulekuunal","11":"first","12":"instock","13":"taxable","14":"shipping-taxable","15":"purchasable","16":"product-type-simple"},"yoast_head":"<!-- This site is optimized with the Yoast SEO plugin v27.3 - https:\/\/yoast.com\/product\/yoast-seo-wordpress\/ -->\n<title>Tuulek\u00fc\u00fcnal L 10 x 10 x 40 cm - Alekeskus<\/title>\n<meta name=\"description\" content=\"Tuulek\u00fc\u00fcnal\" \/>\n<meta name=\"robots\" content=\"index, follow, max-snippet:-1, max-image-preview:large, max-video-preview:-1\" \/>\n<link rel=\"canonical\" href=\"https:\/\/alekeskus.eu\/et\/toode\/tuulikuunal-l10-x-10-x-40-alekeskus\/\" \/>\n<meta property=\"og:locale\" content=\"et_EE\" \/>\n<meta property=\"og:type\" content=\"article\" \/>\n<meta property=\"og:title\" content=\"Tuulek\u00fc\u00fcnal L 10 x 10 x 40 cm - Alekeskus\" \/>\n<meta property=\"og:description\" content=\"Tuulek\u00fc\u00fcnal\" \/>\n<meta property=\"og:url\" content=\"https:\/\/alekeskus.eu\/et\/toode\/tuulikuunal-l10-x-10-x-40-alekeskus\/\" \/>\n<meta property=\"og:site_name\" content=\"Alekeskus\" \/>\n<meta property=\"article:modified_time\" content=\"2026-02-04T19:42:05+00:00\" \/>\n<meta property=\"og:image\" content=\"https:\/\/alekeskus.eu\/wp-content\/uploads\/2021\/11\/522puidust-tuulek-nal-l-10-x-10-x-40cm-0-scaled.jpg\" \/>\n\t<meta property=\"og:image:width\" content=\"1600\" \/>\n\t<meta property=\"og:image:height\" content=\"899\" \/>\n\t<meta property=\"og:image:type\" content=\"image\/jpeg\" \/>\n<meta name=\"twitter:card\" content=\"summary_large_image\" \/>\n<meta name=\"twitter:label1\" content=\"Est. reading time\" \/>\n\t<meta name=\"twitter:data1\" content=\"1 minut\" \/>\n<script type=\"application\/ld+json\" class=\"yoast-schema-graph\">{\"@context\":\"https:\\\/\\\/schema.org\",\"@graph\":[{\"@type\":\"WebPage\",\"@id\":\"https:\\\/\\\/alekeskus.eu\\\/et\\\/toode\\\/tuulikuunal-l10-x-10-x-40-alekeskus\\\/\",\"url\":\"https:\\\/\\\/alekeskus.eu\\\/et\\\/toode\\\/tuulikuunal-l10-x-10-x-40-alekeskus\\\/\",\"name\":\"Tuulek\u00fc\u00fcnal L 10 x 10 x 40 cm - Alekeskus\",\"isPartOf\":{\"@id\":\"https:\\\/\\\/alekeskus.eu\\\/#website\"},\"primaryImageOfPage\":{\"@id\":\"https:\\\/\\\/alekeskus.eu\\\/et\\\/toode\\\/tuulikuunal-l10-x-10-x-40-alekeskus\\\/#primaryimage\"},\"image\":{\"@id\":\"https:\\\/\\\/alekeskus.eu\\\/et\\\/toode\\\/tuulikuunal-l10-x-10-x-40-alekeskus\\\/#primaryimage\"},\"thumbnailUrl\":\"https:\\\/\\\/alekeskus.eu\\\/wp-content\\\/uploads\\\/2021\\\/11\\\/522puidust-tuulek-nal-l-10-x-10-x-40cm-0-scaled.jpg\",\"datePublished\":\"2021-11-11T22:30:31+00:00\",\"dateModified\":\"2026-02-04T19:42:05+00:00\",\"description\":\"Tuulek\u00fc\u00fcnal\",\"breadcrumb\":{\"@id\":\"https:\\\/\\\/alekeskus.eu\\\/et\\\/toode\\\/tuulikuunal-l10-x-10-x-40-alekeskus\\\/#breadcrumb\"},\"inLanguage\":\"et\",\"potentialAction\":[{\"@type\":\"ReadAction\",\"target\":[\"https:\\\/\\\/alekeskus.eu\\\/et\\\/toode\\\/tuulikuunal-l10-x-10-x-40-alekeskus\\\/\"]}]},{\"@type\":\"ImageObject\",\"inLanguage\":\"et\",\"@id\":\"https:\\\/\\\/alekeskus.eu\\\/et\\\/toode\\\/tuulikuunal-l10-x-10-x-40-alekeskus\\\/#primaryimage\",\"url\":\"https:\\\/\\\/alekeskus.eu\\\/wp-content\\\/uploads\\\/2021\\\/11\\\/522puidust-tuulek-nal-l-10-x-10-x-40cm-0-scaled.jpg\",\"contentUrl\":\"https:\\\/\\\/alekeskus.eu\\\/wp-content\\\/uploads\\\/2021\\\/11\\\/522puidust-tuulek-nal-l-10-x-10-x-40cm-0-scaled.jpg\",\"width\":1600,\"height\":899},{\"@type\":\"BreadcrumbList\",\"@id\":\"https:\\\/\\\/alekeskus.eu\\\/et\\\/toode\\\/tuulikuunal-l10-x-10-x-40-alekeskus\\\/#breadcrumb\",\"itemListElement\":[{\"@type\":\"ListItem\",\"position\":1,\"name\":\"Avaleht\",\"item\":\"https:\\\/\\\/alekeskus.eu\\\/et\\\/\"},{\"@type\":\"ListItem\",\"position\":2,\"name\":\"Pood\",\"item\":\"https:\\\/\\\/alekeskus.eu\\\/pood\\\/\"},{\"@type\":\"ListItem\",\"position\":3,\"name\":\"Tuulek\u00fc\u00fcnal L 10 x 10 x 40 cm\"}]},{\"@type\":\"WebSite\",\"@id\":\"https:\\\/\\\/alekeskus.eu\\\/#website\",\"url\":\"https:\\\/\\\/alekeskus.eu\\\/\",\"name\":\"Alekeskus\",\"description\":\"Alekeskus.eu\",\"potentialAction\":[{\"@type\":\"SearchAction\",\"target\":{\"@type\":\"EntryPoint\",\"urlTemplate\":\"https:\\\/\\\/alekeskus.eu\\\/?s={search_term_string}\"},\"query-input\":{\"@type\":\"PropertyValueSpecification\",\"valueRequired\":true,\"valueName\":\"search_term_string\"}}],\"inLanguage\":\"et\"}]}<\/script>\n<!-- \/ Yoast SEO plugin. -->","yoast_head_json":{"title":"Tuulek\u00fc\u00fcnal L 10 x 10 x 40 cm - Alekeskus","description":"Tuulek\u00fc\u00fcnal","robots":{"index":"index","follow":"follow","max-snippet":"max-snippet:-1","max-image-preview":"max-image-preview:large","max-video-preview":"max-video-preview:-1"},"canonical":"https:\/\/alekeskus.eu\/et\/toode\/tuulikuunal-l10-x-10-x-40-alekeskus\/","og_locale":"et_EE","og_type":"article","og_title":"Tuulek\u00fc\u00fcnal L 10 x 10 x 40 cm - Alekeskus","og_description":"Tuulek\u00fc\u00fcnal","og_url":"https:\/\/alekeskus.eu\/et\/toode\/tuulikuunal-l10-x-10-x-40-alekeskus\/","og_site_name":"Alekeskus","article_modified_time":"2026-02-04T19:42:05+00:00","og_image":[{"width":1600,"height":899,"url":"https:\/\/alekeskus.eu\/wp-content\/uploads\/2021\/11\/522puidust-tuulek-nal-l-10-x-10-x-40cm-0-scaled.jpg","type":"image\/jpeg"}],"twitter_card":"summary_large_image","twitter_misc":{"Est. reading time":"1 minut"},"schema":{"@context":"https:\/\/schema.org","@graph":[{"@type":"WebPage","@id":"https:\/\/alekeskus.eu\/et\/toode\/tuulikuunal-l10-x-10-x-40-alekeskus\/","url":"https:\/\/alekeskus.eu\/et\/toode\/tuulikuunal-l10-x-10-x-40-alekeskus\/","name":"Tuulek\u00fc\u00fcnal L 10 x 10 x 40 cm - Alekeskus","isPartOf":{"@id":"https:\/\/alekeskus.eu\/#website"},"primaryImageOfPage":{"@id":"https:\/\/alekeskus.eu\/et\/toode\/tuulikuunal-l10-x-10-x-40-alekeskus\/#primaryimage"},"image":{"@id":"https:\/\/alekeskus.eu\/et\/toode\/tuulikuunal-l10-x-10-x-40-alekeskus\/#primaryimage"},"thumbnailUrl":"https:\/\/alekeskus.eu\/wp-content\/uploads\/2021\/11\/522puidust-tuulek-nal-l-10-x-10-x-40cm-0-scaled.jpg","datePublished":"2021-11-11T22:30:31+00:00","dateModified":"2026-02-04T19:42:05+00:00","description":"Tuulek\u00fc\u00fcnal","breadcrumb":{"@id":"https:\/\/alekeskus.eu\/et\/toode\/tuulikuunal-l10-x-10-x-40-alekeskus\/#breadcrumb"},"inLanguage":"et","potentialAction":[{"@type":"ReadAction","target":["https:\/\/alekeskus.eu\/et\/toode\/tuulikuunal-l10-x-10-x-40-alekeskus\/"]}]},{"@type":"ImageObject","inLanguage":"et","@id":"https:\/\/alekeskus.eu\/et\/toode\/tuulikuunal-l10-x-10-x-40-alekeskus\/#primaryimage","url":"https:\/\/alekeskus.eu\/wp-content\/uploads\/2021\/11\/522puidust-tuulek-nal-l-10-x-10-x-40cm-0-scaled.jpg","contentUrl":"https:\/\/alekeskus.eu\/wp-content\/uploads\/2021\/11\/522puidust-tuulek-nal-l-10-x-10-x-40cm-0-scaled.jpg","width":1600,"height":899},{"@type":"BreadcrumbList","@id":"https:\/\/alekeskus.eu\/et\/toode\/tuulikuunal-l10-x-10-x-40-alekeskus\/#breadcrumb","itemListElement":[{"@type":"ListItem","position":1,"name":"Avaleht","item":"https:\/\/alekeskus.eu\/et\/"},{"@type":"ListItem","position":2,"name":"Pood","item":"https:\/\/alekeskus.eu\/pood\/"},{"@type":"ListItem","position":3,"name":"Tuulek\u00fc\u00fcnal L 10 x 10 x 40 cm"}]},{"@type":"WebSite","@id":"https:\/\/alekeskus.eu\/#website","url":"https:\/\/alekeskus.eu\/","name":"Alekeskus","description":"Alekeskus.eu","potentialAction":[{"@type":"SearchAction","target":{"@type":"EntryPoint","urlTemplate":"https:\/\/alekeskus.eu\/?s={search_term_string}"},"query-input":{"@type":"PropertyValueSpecification","valueRequired":true,"valueName":"search_term_string"}}],"inLanguage":"et"}]}},"brands":[],"_links":{"self":[{"href":"https:\/\/alekeskus.eu\/et\/wp-json\/wp\/v2\/product\/97778","targetHints":{"allow":["GET"]}}],"collection":[{"href":"https:\/\/alekeskus.eu\/et\/wp-json\/wp\/v2\/product"}],"about":[{"href":"https:\/\/alekeskus.eu\/et\/wp-json\/wp\/v2\/types\/product"}],"wp:featuredmedia":[{"embeddable":true,"href":"https:\/\/alekeskus.eu\/et\/wp-json\/wp\/v2\/media\/66098"}],"wp:attachment":[{"href":"https:\/\/alekeskus.eu\/et\/wp-json\/wp\/v2\/media?parent=97778"}],"wp:term":[{"taxonomy":"pwb-brand","embeddable":true,"href":"https:\/\/alekeskus.eu\/et\/wp-json\/wp\/v2\/pwb-brand?post=97778"},{"taxonomy":"product_brand","embeddable":true,"href":"https:\/\/alekeskus.eu\/et\/wp-json\/wp\/v2\/product_brand?post=97778"},{"taxonomy":"product_cat","embeddable":true,"href":"https:\/\/alekeskus.eu\/et\/wp-json\/wp\/v2\/product_cat?post=97778"},{"taxonomy":"product_tag","embeddable":true,"href":"https:\/\/alekeskus.eu\/et\/wp-json\/wp\/v2\/product_tag?post=97778"}],"curies":[{"name":"wp","href":"https:\/\/api.w.org\/{rel}","templated":true}]}}