{"id":98248,"date":"2025-09-11T14:23:22","date_gmt":"2025-09-11T14:23:22","guid":{"rendered":"https:\/\/alekeskus.eu\/?post_type=product&#038;p=98248"},"modified":"2026-02-11T14:34:56","modified_gmt":"2026-02-11T14:34:56","slug":"aiakuur-marten-84-soojustamisvalmidusega-alekeskus","status":"publish","type":"product","link":"https:\/\/alekeskus.eu\/et\/toode\/aiakuur-marten-84-soojustamisvalmidusega-alekeskus\/","title":{"rendered":"Aiakuur Marten 8,4 m\u00b2 soojustamisvalmidusega"},"content":{"rendered":"<div class=\"&quot;pictogram\">\n<div class=\"&quot;image&quot;\"><strong>Telli lisaks: <\/strong><\/div>\n<div class=\"&quot;image&quot;\">\n<ul>\n<li><strong>bituumensindel 6 pakki<\/strong><\/li>\n<li><strong>SBS-bituumenkate 2 rulli\u00a0<\/strong><\/li>\n<li><strong>vihmaveerennid\u00a0<\/strong><\/li>\n<\/ul>\n<\/div>\n<div class=\"&quot;image&quot;\">\n<div class=\"pictogram qtip-additional-element\">\n<div class=\"description\">\n<div class=\"pictogram qtip-additional-element\">\n<div class=\"description\">\n<div class=\"pictogram qtip-additional-element\">\n<div class=\"description\">Pakend: 4,5 x 1,2 x 0,8 m; kaal 630 kg<\/div>\n<\/div>\n<div class=\"pictogram qtip-additional-element\"><\/div>\n<\/div>\n<\/div>\n<div class=\"pictogram qtip-additional-element\"><\/div>\n<div class=\"pictogram qtip-additional-element\"><\/div>\n<div class=\"pictogram qtip-additional-element\"><\/div>\n<\/div>\n<\/div>\n<div class=\"pictogram qtip-additional-element\"><\/div>\n<div class=\"pictogram qtip-additional-element\"><\/div>\n<div class=\"pictogram qtip-additional-element\"><\/div>\n<\/div>\n<\/div>\n<div class=\"&quot;pictogram\"><\/div>\n<div class=\"&quot;pictogram\"><\/div>\n","protected":false},"excerpt":{"rendered":"<p><strong>V\u00e4lism\u00f5\u00f5dud: 2,75 x 3,44 m. <\/strong><\/p>\n<p><strong>TASUTA VEDU JA MAHALAADIMINE (ka suursaartel)!<\/strong><\/p>\n<ul>\n<li><strong>soojustusvalmidusega elementseinad<\/strong> kogupaksusega 88 mm (18 mm peensaetud viimistlemata voodrilaud tuulet\u00f5kkekilega, 34 x 70 mm s\u00f5restik)<\/li>\n<li>harja k\u00f5rgus 267 cm ja r\u00e4\u00e4sta k\u00f5rgus 209 cm<\/li>\n<li>katuse pindala 13 m\u00b2 ja kalle 20\u00ba, r\u00e4\u00e4stas 26 cm<\/li>\n<li>19 mm punnitud katuse- ja p\u00f5randalauad<\/li>\n<li>katusep\u00e4rlinid 44 x 120 mm<\/li>\n<li>puidukaitsega t\u00f6\u00f6deldud p\u00f5hjaprussid 45 x 70 mm<\/li>\n<li>soojustatud paarisuks silinderlukuga 147 x 189 cm(lengi m\u00f5\u00f5dud), tihendid ja<\/li>\n<li>kinnitusvahendid ja juhend<\/li>\n<li>katusekate lisahinnaga (2 rulli SBS-bituumekatet v\u00f5i 6 pakki bituumensindlit)<\/li>\n<li>5 aastane tehase garantii<\/li>\n<li>Eesti toode<\/li>\n<li>vihmakindel pakend<\/li>\n<\/ul>\n<p>K\u00fcsi ka paigaldust!<\/p>\n","protected":false},"featured_media":98260,"template":"","meta":{"_monsterinsights_skip_tracking":false,"_monsterinsights_sitenote_active":false,"_monsterinsights_sitenote_note":"","_monsterinsights_sitenote_category":0},"pwb-brand":[],"product_brand":[],"product_cat":[13538,13540,13598,13600,13602],"product_tag":[13813,15470,19042,13815,15842,13841,17886,13987,17887,14264,18258,15216,18630,15468,18852],"class_list":{"0":"post-98248","1":"product","2":"type-product","3":"status-publish","4":"has-post-thumbnail","6":"product_cat-ale","7":"product_cat-hooned-alekeskus","8":"product_cat-garaazid","9":"product_cat-kuurid-aidad-kioskid","10":"product_cat-elementmajad","11":"product_tag-aiamaja","12":"product_tag-elementtirakenteinen","13":"product_tag-kilpidest-kuur","14":"product_tag-kuur","15":"product_tag-tooriistakuur","16":"product_tag-soojak","17":"product_tag-puitkuur","18":"product_tag-puukuur","19":"product_tag-puidust-aiamaja","20":"product_tag-aiakuur","21":"product_tag-elementtitalo","22":"product_tag-ait","23":"product_tag-aiatooriistade-kuur","24":"product_tag-elementmaja","25":"product_tag-tehnikakuur","26":"product_shipping_class-tasuta-transport-alates-1000kg","27":"pa_garantii-5-aastat","28":"pa_kohaletoimetamine-tasuta-mandri-eestis-ja-suursaartel-soome-alates-699e","29":"pa_laoasukoht-tartumaa","30":"pa_pindalam-15402","31":"pa_seinapaksus-88-mm","32":"pa_tellimisaeg-tilausaika-alekeskus","33":"pa_varv-viimistlemata","34":"pa_veame-eesti-ja-soome","36":"first","37":"instock","38":"sale","39":"featured","40":"taxable","41":"shipping-taxable","42":"purchasable","43":"product-type-simple"},"yoast_head":"<!-- This site is optimized with the Yoast SEO plugin v27.3 - https:\/\/yoast.com\/product\/yoast-seo-wordpress\/ -->\n<title>Aiakuur Marten 8,4 m\u00b2 soojustamisvalmidusega - Alekeskus<\/title>\n<meta name=\"description\" content=\"aiakuur soojustusvalmidusega elementseintega\" \/>\n<meta name=\"robots\" content=\"index, follow, max-snippet:-1, max-image-preview:large, max-video-preview:-1\" \/>\n<link rel=\"canonical\" href=\"https:\/\/alekeskus.eu\/et\/toode\/aiakuur-marten-84-soojustamisvalmidusega-alekeskus\/\" \/>\n<meta property=\"og:locale\" content=\"et_EE\" \/>\n<meta property=\"og:type\" content=\"article\" \/>\n<meta property=\"og:title\" content=\"Aiakuur Marten 8,4 m\u00b2 soojustamisvalmidusega - Alekeskus\" \/>\n<meta property=\"og:description\" content=\"aiakuur soojustusvalmidusega elementseintega\" \/>\n<meta property=\"og:url\" content=\"https:\/\/alekeskus.eu\/et\/toode\/aiakuur-marten-84-soojustamisvalmidusega-alekeskus\/\" \/>\n<meta property=\"og:site_name\" content=\"Alekeskus\" \/>\n<meta property=\"article:modified_time\" content=\"2026-02-11T14:34:56+00:00\" \/>\n<meta property=\"og:image\" content=\"https:\/\/alekeskus.eu\/wp-content\/uploads\/2026\/02\/Marten_8.4_m2_NATURAL_wb.jpg\" \/>\n\t<meta property=\"og:image:width\" content=\"2500\" \/>\n\t<meta property=\"og:image:height\" content=\"1877\" \/>\n\t<meta property=\"og:image:type\" content=\"image\/jpeg\" \/>\n<meta name=\"twitter:card\" content=\"summary_large_image\" \/>\n<meta name=\"twitter:label1\" content=\"Est. reading time\" \/>\n\t<meta name=\"twitter:data1\" content=\"1 minut\" \/>\n<script type=\"application\/ld+json\" class=\"yoast-schema-graph\">{\"@context\":\"https:\\\/\\\/schema.org\",\"@graph\":[{\"@type\":\"WebPage\",\"@id\":\"https:\\\/\\\/alekeskus.eu\\\/et\\\/toode\\\/aiakuur-marten-84-soojustamisvalmidusega-alekeskus\\\/\",\"url\":\"https:\\\/\\\/alekeskus.eu\\\/et\\\/toode\\\/aiakuur-marten-84-soojustamisvalmidusega-alekeskus\\\/\",\"name\":\"Aiakuur Marten 8,4 m\u00b2 soojustamisvalmidusega - Alekeskus\",\"isPartOf\":{\"@id\":\"https:\\\/\\\/alekeskus.eu\\\/#website\"},\"primaryImageOfPage\":{\"@id\":\"https:\\\/\\\/alekeskus.eu\\\/et\\\/toode\\\/aiakuur-marten-84-soojustamisvalmidusega-alekeskus\\\/#primaryimage\"},\"image\":{\"@id\":\"https:\\\/\\\/alekeskus.eu\\\/et\\\/toode\\\/aiakuur-marten-84-soojustamisvalmidusega-alekeskus\\\/#primaryimage\"},\"thumbnailUrl\":\"https:\\\/\\\/alekeskus.eu\\\/wp-content\\\/uploads\\\/2026\\\/02\\\/Marten_8.4_m2_NATURAL_wb.jpg\",\"datePublished\":\"2025-09-11T14:23:22+00:00\",\"dateModified\":\"2026-02-11T14:34:56+00:00\",\"description\":\"aiakuur soojustusvalmidusega elementseintega\",\"breadcrumb\":{\"@id\":\"https:\\\/\\\/alekeskus.eu\\\/et\\\/toode\\\/aiakuur-marten-84-soojustamisvalmidusega-alekeskus\\\/#breadcrumb\"},\"inLanguage\":\"et\",\"potentialAction\":[{\"@type\":\"ReadAction\",\"target\":[\"https:\\\/\\\/alekeskus.eu\\\/et\\\/toode\\\/aiakuur-marten-84-soojustamisvalmidusega-alekeskus\\\/\"]}]},{\"@type\":\"ImageObject\",\"inLanguage\":\"et\",\"@id\":\"https:\\\/\\\/alekeskus.eu\\\/et\\\/toode\\\/aiakuur-marten-84-soojustamisvalmidusega-alekeskus\\\/#primaryimage\",\"url\":\"https:\\\/\\\/alekeskus.eu\\\/wp-content\\\/uploads\\\/2026\\\/02\\\/Marten_8.4_m2_NATURAL_wb.jpg\",\"contentUrl\":\"https:\\\/\\\/alekeskus.eu\\\/wp-content\\\/uploads\\\/2026\\\/02\\\/Marten_8.4_m2_NATURAL_wb.jpg\",\"width\":2500,\"height\":1877},{\"@type\":\"BreadcrumbList\",\"@id\":\"https:\\\/\\\/alekeskus.eu\\\/et\\\/toode\\\/aiakuur-marten-84-soojustamisvalmidusega-alekeskus\\\/#breadcrumb\",\"itemListElement\":[{\"@type\":\"ListItem\",\"position\":1,\"name\":\"Avaleht\",\"item\":\"https:\\\/\\\/alekeskus.eu\\\/et\\\/\"},{\"@type\":\"ListItem\",\"position\":2,\"name\":\"Pood\",\"item\":\"https:\\\/\\\/alekeskus.eu\\\/pood\\\/\"},{\"@type\":\"ListItem\",\"position\":3,\"name\":\"Aiakuur Marten 8,4 m\u00b2 soojustamisvalmidusega\"}]},{\"@type\":\"WebSite\",\"@id\":\"https:\\\/\\\/alekeskus.eu\\\/#website\",\"url\":\"https:\\\/\\\/alekeskus.eu\\\/\",\"name\":\"Alekeskus\",\"description\":\"Alekeskus.eu\",\"potentialAction\":[{\"@type\":\"SearchAction\",\"target\":{\"@type\":\"EntryPoint\",\"urlTemplate\":\"https:\\\/\\\/alekeskus.eu\\\/?s={search_term_string}\"},\"query-input\":{\"@type\":\"PropertyValueSpecification\",\"valueRequired\":true,\"valueName\":\"search_term_string\"}}],\"inLanguage\":\"et\"}]}<\/script>\n<!-- \/ Yoast SEO plugin. -->","yoast_head_json":{"title":"Aiakuur Marten 8,4 m\u00b2 soojustamisvalmidusega - Alekeskus","description":"aiakuur soojustusvalmidusega elementseintega","robots":{"index":"index","follow":"follow","max-snippet":"max-snippet:-1","max-image-preview":"max-image-preview:large","max-video-preview":"max-video-preview:-1"},"canonical":"https:\/\/alekeskus.eu\/et\/toode\/aiakuur-marten-84-soojustamisvalmidusega-alekeskus\/","og_locale":"et_EE","og_type":"article","og_title":"Aiakuur Marten 8,4 m\u00b2 soojustamisvalmidusega - Alekeskus","og_description":"aiakuur soojustusvalmidusega elementseintega","og_url":"https:\/\/alekeskus.eu\/et\/toode\/aiakuur-marten-84-soojustamisvalmidusega-alekeskus\/","og_site_name":"Alekeskus","article_modified_time":"2026-02-11T14:34:56+00:00","og_image":[{"width":2500,"height":1877,"url":"https:\/\/alekeskus.eu\/wp-content\/uploads\/2026\/02\/Marten_8.4_m2_NATURAL_wb.jpg","type":"image\/jpeg"}],"twitter_card":"summary_large_image","twitter_misc":{"Est. reading time":"1 minut"},"schema":{"@context":"https:\/\/schema.org","@graph":[{"@type":"WebPage","@id":"https:\/\/alekeskus.eu\/et\/toode\/aiakuur-marten-84-soojustamisvalmidusega-alekeskus\/","url":"https:\/\/alekeskus.eu\/et\/toode\/aiakuur-marten-84-soojustamisvalmidusega-alekeskus\/","name":"Aiakuur Marten 8,4 m\u00b2 soojustamisvalmidusega - Alekeskus","isPartOf":{"@id":"https:\/\/alekeskus.eu\/#website"},"primaryImageOfPage":{"@id":"https:\/\/alekeskus.eu\/et\/toode\/aiakuur-marten-84-soojustamisvalmidusega-alekeskus\/#primaryimage"},"image":{"@id":"https:\/\/alekeskus.eu\/et\/toode\/aiakuur-marten-84-soojustamisvalmidusega-alekeskus\/#primaryimage"},"thumbnailUrl":"https:\/\/alekeskus.eu\/wp-content\/uploads\/2026\/02\/Marten_8.4_m2_NATURAL_wb.jpg","datePublished":"2025-09-11T14:23:22+00:00","dateModified":"2026-02-11T14:34:56+00:00","description":"aiakuur soojustusvalmidusega elementseintega","breadcrumb":{"@id":"https:\/\/alekeskus.eu\/et\/toode\/aiakuur-marten-84-soojustamisvalmidusega-alekeskus\/#breadcrumb"},"inLanguage":"et","potentialAction":[{"@type":"ReadAction","target":["https:\/\/alekeskus.eu\/et\/toode\/aiakuur-marten-84-soojustamisvalmidusega-alekeskus\/"]}]},{"@type":"ImageObject","inLanguage":"et","@id":"https:\/\/alekeskus.eu\/et\/toode\/aiakuur-marten-84-soojustamisvalmidusega-alekeskus\/#primaryimage","url":"https:\/\/alekeskus.eu\/wp-content\/uploads\/2026\/02\/Marten_8.4_m2_NATURAL_wb.jpg","contentUrl":"https:\/\/alekeskus.eu\/wp-content\/uploads\/2026\/02\/Marten_8.4_m2_NATURAL_wb.jpg","width":2500,"height":1877},{"@type":"BreadcrumbList","@id":"https:\/\/alekeskus.eu\/et\/toode\/aiakuur-marten-84-soojustamisvalmidusega-alekeskus\/#breadcrumb","itemListElement":[{"@type":"ListItem","position":1,"name":"Avaleht","item":"https:\/\/alekeskus.eu\/et\/"},{"@type":"ListItem","position":2,"name":"Pood","item":"https:\/\/alekeskus.eu\/pood\/"},{"@type":"ListItem","position":3,"name":"Aiakuur Marten 8,4 m\u00b2 soojustamisvalmidusega"}]},{"@type":"WebSite","@id":"https:\/\/alekeskus.eu\/#website","url":"https:\/\/alekeskus.eu\/","name":"Alekeskus","description":"Alekeskus.eu","potentialAction":[{"@type":"SearchAction","target":{"@type":"EntryPoint","urlTemplate":"https:\/\/alekeskus.eu\/?s={search_term_string}"},"query-input":{"@type":"PropertyValueSpecification","valueRequired":true,"valueName":"search_term_string"}}],"inLanguage":"et"}]}},"brands":[],"_links":{"self":[{"href":"https:\/\/alekeskus.eu\/et\/wp-json\/wp\/v2\/product\/98248","targetHints":{"allow":["GET"]}}],"collection":[{"href":"https:\/\/alekeskus.eu\/et\/wp-json\/wp\/v2\/product"}],"about":[{"href":"https:\/\/alekeskus.eu\/et\/wp-json\/wp\/v2\/types\/product"}],"wp:featuredmedia":[{"embeddable":true,"href":"https:\/\/alekeskus.eu\/et\/wp-json\/wp\/v2\/media\/98260"}],"wp:attachment":[{"href":"https:\/\/alekeskus.eu\/et\/wp-json\/wp\/v2\/media?parent=98248"}],"wp:term":[{"taxonomy":"pwb-brand","embeddable":true,"href":"https:\/\/alekeskus.eu\/et\/wp-json\/wp\/v2\/pwb-brand?post=98248"},{"taxonomy":"product_brand","embeddable":true,"href":"https:\/\/alekeskus.eu\/et\/wp-json\/wp\/v2\/product_brand?post=98248"},{"taxonomy":"product_cat","embeddable":true,"href":"https:\/\/alekeskus.eu\/et\/wp-json\/wp\/v2\/product_cat?post=98248"},{"taxonomy":"product_tag","embeddable":true,"href":"https:\/\/alekeskus.eu\/et\/wp-json\/wp\/v2\/product_tag?post=98248"}],"curies":[{"name":"wp","href":"https:\/\/api.w.org\/{rel}","templated":true}]}}