{"id":98376,"date":"2025-12-12T08:07:04","date_gmt":"2025-12-12T08:07:04","guid":{"rendered":"https:\/\/alekeskus.eu\/?post_type=product&#038;p=98376"},"modified":"2026-02-12T08:22:29","modified_gmt":"2026-02-12T08:22:29","slug":"aiakuur-leevi45-alekeskus","status":"publish","type":"product","link":"https:\/\/alekeskus.eu\/et\/toode\/aiakuur-leevi45-alekeskus\/","title":{"rendered":"Aiakuur Leevi 4,5 m\u00b2"},"content":{"rendered":"<div class=\"pictogram qtip-additional-element\">\n<div class=\"image\">\n<p><strong>Lisahinnaga:<\/strong><\/p>\n<ul>\n<li><strong>SBS-bituumenkate v\u00f5i ajutine katusepapp 1 rull<\/strong><\/li>\n<li><strong>bituumensindel 2 pakki<\/strong><\/li>\n<li><strong>puitosa kastmine puukaitseainesse: <strong>\u00a0pruun<strong>, hall, valkjas<\/strong><\/strong><\/strong><\/li>\n<li><strong>v\u00e4ljast v\u00e4rvituna helehalliks v\u00f5i tumehalliks<\/strong><\/li>\n<\/ul>\n<\/div>\n<\/div>\n<div class=\"pictogram qtip-additional-element\"><\/div>\n","protected":false},"excerpt":{"rendered":"<p>V\u00e4lism\u00f5\u00f5dud: <strong>273 x 170 cm<\/strong>.<\/p>\n<p><strong>TASUTA VEDU JA MAHALAADIMINE(ka suursaartel)!<\/strong><\/p>\n<ul>\n<li><strong>seinad valmiselementidest<\/strong>\u00a0<strong>16 mm punnlauaga<\/strong><\/li>\n<li>seina k\u00f5rgused 190 cm ja 230 cm<\/li>\n<li>katuse pindala 5 m\u00b2 ja kalle 12\u00ba<\/li>\n<li>katusekate ei sisaldu hinnas (tarve 2 pakki bituumensindlit, ajutist katusepappi \/ SBS-bituumenkatet 1 rull)<\/li>\n<li>puidukaitsega t\u00f6\u00f6deldud p\u00f5randatalad 40 x 32 mm, punnitud p\u00f5randa- ja katuselauad 16 mm<\/li>\n<li>lukustatav laiendiga uks 102 x 182 cm<\/li>\n<li>tellitav puidukaitsevahendisse kastetuna +200\u20ac (pruun, hall v\u00f5i valkjas)<strong><img decoding=\"async\" class=\"\" src=\"https:\/\/www.palmako.ee\/sites\/default\/files\/styles\/product_list_item\/public\/2020-06\/BNDIP.jpg?itok=_LQkkeHM\" width=\"66\" height=\"66\" \/><img decoding=\"async\" class=\"\" src=\"https:\/\/www.palmako.ee\/sites\/default\/files\/styles\/product_list_item\/public\/2020-06\/GYDIP.jpg?itok=RrYf7KTV\" width=\"66\" height=\"66\" \/><img decoding=\"async\" class=\"\" src=\"https:\/\/www.palmako.ee\/sites\/default\/files\/styles\/product_list_item\/public\/2020-06\/WTDIP.jpg?itok=D9U46coI\" width=\"67\" height=\"67\" \/>\u00a0<\/strong>v\u00f5i v\u00e4ljast v\u00e4rvituna +400\u20ac (hele- v\u00f5i tumehall), tellimisaeg 2-4 n\u00e4dalat pikem<\/li>\n<li>kinnitusvahendid ja koostejuhend<\/li>\n<li>vihmakindel pakend<\/li>\n<li>5-aastane tehase garantii!<strong>\u00a0<\/strong><\/li>\n<li>Eesti toode<\/li>\n<\/ul>\n<p>K\u00fcsi ka paigaldust!<\/p>\n","protected":false},"featured_media":98420,"template":"","meta":{"_monsterinsights_skip_tracking":false,"_monsterinsights_sitenote_active":false,"_monsterinsights_sitenote_note":"","_monsterinsights_sitenote_category":0},"pwb-brand":[18577],"product_brand":[],"product_cat":[13538,13540,13598,13600,13602],"product_tag":[19049,13819,15841,19050,15842,19051,13837,17443,13983,14264,17936,14265,15470,15668,18788,13815,15706],"class_list":{"0":"post-98376","1":"product","2":"type-product","3":"status-publish","4":"has-post-thumbnail","6":"pwb-brand-eesti","7":"product_cat-ale","8":"product_cat-hooned-alekeskus","9":"product_cat-garaazid","10":"product_cat-kuurid-aidad-kioskid","11":"product_cat-elementmajad","12":"product_tag-palmako-leif","13":"product_tag-vaja","14":"product_tag-pyoravaja","15":"product_tag-kuur-leif","16":"product_tag-tooriistakuur","17":"product_tag-palmako-kuur","18":"product_tag-lato","19":"product_tag-tyokaluvaja","20":"product_tag-piharakennus","21":"product_tag-aiakuur","22":"product_tag-pihavarasto","23":"product_tag-pihavaja","24":"product_tag-elementtirakenteinen","25":"product_tag-seinaelement","26":"product_tag-elementseinad","27":"product_tag-kuur","28":"product_tag-abihoone","29":"product_shipping_class-tasuta-transport-kuni-300kg","30":"pa_garantii-5-aastat","31":"pa_kohaletoimetamine-tasuta-ule-eesti-soome-alates-160e-alekeskus","32":"pa_laoasukoht-laane-virumaa-eesti","33":"pa_pindalam-45-2","34":"pa_seinapaksus-16-mm","35":"pa_tellimisaeg-tilausaika-alekeskus","36":"pa_varv-viimistlemata","37":"pa_varv-tumehall","38":"pa_varv-helehall","39":"pa_varv-pruunikas-puidukaitse","40":"pa_varv-hallikas-puidukaitse","41":"pa_varv-valkjas-puidukaitse","42":"pa_veame-eesti-ja-soome","44":"first","45":"instock","46":"sale","47":"featured","48":"taxable","49":"shipping-taxable","50":"purchasable","51":"product-type-variable","52":"has-default-attributes"},"yoast_head":"<!-- This site is optimized with the Yoast SEO plugin v27.3 - https:\/\/yoast.com\/product\/yoast-seo-wordpress\/ -->\n<title>Aiakuur Leevi 4,5 m\u00b2 - Alekeskus<\/title>\n<meta name=\"description\" content=\"aiakuur elementidest seintega\" \/>\n<meta name=\"robots\" content=\"index, follow, max-snippet:-1, max-image-preview:large, max-video-preview:-1\" \/>\n<link rel=\"canonical\" href=\"https:\/\/alekeskus.eu\/et\/toode\/aiakuur-leevi45-alekeskus\/\" \/>\n<meta property=\"og:locale\" content=\"et_EE\" \/>\n<meta property=\"og:type\" content=\"article\" \/>\n<meta property=\"og:title\" content=\"Aiakuur Leevi 4,5 m\u00b2 - Alekeskus\" \/>\n<meta property=\"og:description\" content=\"aiakuur elementidest seintega\" \/>\n<meta property=\"og:url\" content=\"https:\/\/alekeskus.eu\/et\/toode\/aiakuur-leevi45-alekeskus\/\" \/>\n<meta property=\"og:site_name\" content=\"Alekeskus\" \/>\n<meta property=\"article:modified_time\" content=\"2026-02-12T08:22:29+00:00\" \/>\n<meta property=\"og:image\" content=\"https:\/\/alekeskus.eu\/wp-content\/uploads\/2026\/02\/Leevi_4.5_NATURAL_wb.jpg\" \/>\n\t<meta property=\"og:image:width\" content=\"2500\" \/>\n\t<meta property=\"og:image:height\" content=\"1875\" \/>\n\t<meta property=\"og:image:type\" content=\"image\/jpeg\" \/>\n<meta name=\"twitter:card\" content=\"summary_large_image\" \/>\n<meta name=\"twitter:label1\" content=\"Est. reading time\" \/>\n\t<meta name=\"twitter:data1\" content=\"1 minut\" \/>\n<script type=\"application\/ld+json\" class=\"yoast-schema-graph\">{\"@context\":\"https:\\\/\\\/schema.org\",\"@graph\":[{\"@type\":\"WebPage\",\"@id\":\"https:\\\/\\\/alekeskus.eu\\\/et\\\/toode\\\/aiakuur-leevi45-alekeskus\\\/\",\"url\":\"https:\\\/\\\/alekeskus.eu\\\/et\\\/toode\\\/aiakuur-leevi45-alekeskus\\\/\",\"name\":\"Aiakuur Leevi 4,5 m\u00b2 - Alekeskus\",\"isPartOf\":{\"@id\":\"https:\\\/\\\/alekeskus.eu\\\/#website\"},\"primaryImageOfPage\":{\"@id\":\"https:\\\/\\\/alekeskus.eu\\\/et\\\/toode\\\/aiakuur-leevi45-alekeskus\\\/#primaryimage\"},\"image\":{\"@id\":\"https:\\\/\\\/alekeskus.eu\\\/et\\\/toode\\\/aiakuur-leevi45-alekeskus\\\/#primaryimage\"},\"thumbnailUrl\":\"https:\\\/\\\/alekeskus.eu\\\/wp-content\\\/uploads\\\/2026\\\/02\\\/Leevi_4.5_NATURAL_wb.jpg\",\"datePublished\":\"2025-12-12T08:07:04+00:00\",\"dateModified\":\"2026-02-12T08:22:29+00:00\",\"description\":\"aiakuur elementidest seintega\",\"breadcrumb\":{\"@id\":\"https:\\\/\\\/alekeskus.eu\\\/et\\\/toode\\\/aiakuur-leevi45-alekeskus\\\/#breadcrumb\"},\"inLanguage\":\"et\",\"potentialAction\":[{\"@type\":\"ReadAction\",\"target\":[\"https:\\\/\\\/alekeskus.eu\\\/et\\\/toode\\\/aiakuur-leevi45-alekeskus\\\/\"]}]},{\"@type\":\"ImageObject\",\"inLanguage\":\"et\",\"@id\":\"https:\\\/\\\/alekeskus.eu\\\/et\\\/toode\\\/aiakuur-leevi45-alekeskus\\\/#primaryimage\",\"url\":\"https:\\\/\\\/alekeskus.eu\\\/wp-content\\\/uploads\\\/2026\\\/02\\\/Leevi_4.5_NATURAL_wb.jpg\",\"contentUrl\":\"https:\\\/\\\/alekeskus.eu\\\/wp-content\\\/uploads\\\/2026\\\/02\\\/Leevi_4.5_NATURAL_wb.jpg\",\"width\":2500,\"height\":1875},{\"@type\":\"BreadcrumbList\",\"@id\":\"https:\\\/\\\/alekeskus.eu\\\/et\\\/toode\\\/aiakuur-leevi45-alekeskus\\\/#breadcrumb\",\"itemListElement\":[{\"@type\":\"ListItem\",\"position\":1,\"name\":\"Avaleht\",\"item\":\"https:\\\/\\\/alekeskus.eu\\\/et\\\/\"},{\"@type\":\"ListItem\",\"position\":2,\"name\":\"Pood\",\"item\":\"https:\\\/\\\/alekeskus.eu\\\/pood\\\/\"},{\"@type\":\"ListItem\",\"position\":3,\"name\":\"Aiakuur Leevi 4,5 m\u00b2\"}]},{\"@type\":\"WebSite\",\"@id\":\"https:\\\/\\\/alekeskus.eu\\\/#website\",\"url\":\"https:\\\/\\\/alekeskus.eu\\\/\",\"name\":\"Alekeskus\",\"description\":\"Alekeskus.eu\",\"potentialAction\":[{\"@type\":\"SearchAction\",\"target\":{\"@type\":\"EntryPoint\",\"urlTemplate\":\"https:\\\/\\\/alekeskus.eu\\\/?s={search_term_string}\"},\"query-input\":{\"@type\":\"PropertyValueSpecification\",\"valueRequired\":true,\"valueName\":\"search_term_string\"}}],\"inLanguage\":\"et\"}]}<\/script>\n<!-- \/ Yoast SEO plugin. -->","yoast_head_json":{"title":"Aiakuur Leevi 4,5 m\u00b2 - Alekeskus","description":"aiakuur elementidest seintega","robots":{"index":"index","follow":"follow","max-snippet":"max-snippet:-1","max-image-preview":"max-image-preview:large","max-video-preview":"max-video-preview:-1"},"canonical":"https:\/\/alekeskus.eu\/et\/toode\/aiakuur-leevi45-alekeskus\/","og_locale":"et_EE","og_type":"article","og_title":"Aiakuur Leevi 4,5 m\u00b2 - Alekeskus","og_description":"aiakuur elementidest seintega","og_url":"https:\/\/alekeskus.eu\/et\/toode\/aiakuur-leevi45-alekeskus\/","og_site_name":"Alekeskus","article_modified_time":"2026-02-12T08:22:29+00:00","og_image":[{"width":2500,"height":1875,"url":"https:\/\/alekeskus.eu\/wp-content\/uploads\/2026\/02\/Leevi_4.5_NATURAL_wb.jpg","type":"image\/jpeg"}],"twitter_card":"summary_large_image","twitter_misc":{"Est. reading time":"1 minut"},"schema":{"@context":"https:\/\/schema.org","@graph":[{"@type":"WebPage","@id":"https:\/\/alekeskus.eu\/et\/toode\/aiakuur-leevi45-alekeskus\/","url":"https:\/\/alekeskus.eu\/et\/toode\/aiakuur-leevi45-alekeskus\/","name":"Aiakuur Leevi 4,5 m\u00b2 - Alekeskus","isPartOf":{"@id":"https:\/\/alekeskus.eu\/#website"},"primaryImageOfPage":{"@id":"https:\/\/alekeskus.eu\/et\/toode\/aiakuur-leevi45-alekeskus\/#primaryimage"},"image":{"@id":"https:\/\/alekeskus.eu\/et\/toode\/aiakuur-leevi45-alekeskus\/#primaryimage"},"thumbnailUrl":"https:\/\/alekeskus.eu\/wp-content\/uploads\/2026\/02\/Leevi_4.5_NATURAL_wb.jpg","datePublished":"2025-12-12T08:07:04+00:00","dateModified":"2026-02-12T08:22:29+00:00","description":"aiakuur elementidest seintega","breadcrumb":{"@id":"https:\/\/alekeskus.eu\/et\/toode\/aiakuur-leevi45-alekeskus\/#breadcrumb"},"inLanguage":"et","potentialAction":[{"@type":"ReadAction","target":["https:\/\/alekeskus.eu\/et\/toode\/aiakuur-leevi45-alekeskus\/"]}]},{"@type":"ImageObject","inLanguage":"et","@id":"https:\/\/alekeskus.eu\/et\/toode\/aiakuur-leevi45-alekeskus\/#primaryimage","url":"https:\/\/alekeskus.eu\/wp-content\/uploads\/2026\/02\/Leevi_4.5_NATURAL_wb.jpg","contentUrl":"https:\/\/alekeskus.eu\/wp-content\/uploads\/2026\/02\/Leevi_4.5_NATURAL_wb.jpg","width":2500,"height":1875},{"@type":"BreadcrumbList","@id":"https:\/\/alekeskus.eu\/et\/toode\/aiakuur-leevi45-alekeskus\/#breadcrumb","itemListElement":[{"@type":"ListItem","position":1,"name":"Avaleht","item":"https:\/\/alekeskus.eu\/et\/"},{"@type":"ListItem","position":2,"name":"Pood","item":"https:\/\/alekeskus.eu\/pood\/"},{"@type":"ListItem","position":3,"name":"Aiakuur Leevi 4,5 m\u00b2"}]},{"@type":"WebSite","@id":"https:\/\/alekeskus.eu\/#website","url":"https:\/\/alekeskus.eu\/","name":"Alekeskus","description":"Alekeskus.eu","potentialAction":[{"@type":"SearchAction","target":{"@type":"EntryPoint","urlTemplate":"https:\/\/alekeskus.eu\/?s={search_term_string}"},"query-input":{"@type":"PropertyValueSpecification","valueRequired":true,"valueName":"search_term_string"}}],"inLanguage":"et"}]}},"brands":[{"id":18577,"name":"Eesti","slug":"eesti"}],"_links":{"self":[{"href":"https:\/\/alekeskus.eu\/et\/wp-json\/wp\/v2\/product\/98376","targetHints":{"allow":["GET"]}}],"collection":[{"href":"https:\/\/alekeskus.eu\/et\/wp-json\/wp\/v2\/product"}],"about":[{"href":"https:\/\/alekeskus.eu\/et\/wp-json\/wp\/v2\/types\/product"}],"wp:featuredmedia":[{"embeddable":true,"href":"https:\/\/alekeskus.eu\/et\/wp-json\/wp\/v2\/media\/98420"}],"wp:attachment":[{"href":"https:\/\/alekeskus.eu\/et\/wp-json\/wp\/v2\/media?parent=98376"}],"wp:term":[{"taxonomy":"pwb-brand","embeddable":true,"href":"https:\/\/alekeskus.eu\/et\/wp-json\/wp\/v2\/pwb-brand?post=98376"},{"taxonomy":"product_brand","embeddable":true,"href":"https:\/\/alekeskus.eu\/et\/wp-json\/wp\/v2\/product_brand?post=98376"},{"taxonomy":"product_cat","embeddable":true,"href":"https:\/\/alekeskus.eu\/et\/wp-json\/wp\/v2\/product_cat?post=98376"},{"taxonomy":"product_tag","embeddable":true,"href":"https:\/\/alekeskus.eu\/et\/wp-json\/wp\/v2\/product_tag?post=98376"}],"curies":[{"name":"wp","href":"https:\/\/api.w.org\/{rel}","templated":true}]}}