{"id":98685,"date":"2026-01-15T12:44:25","date_gmt":"2026-01-15T12:44:25","guid":{"rendered":"https:\/\/alekeskus.eu\/?post_type=product&#038;p=98685"},"modified":"2026-02-15T13:17:12","modified_gmt":"2026-02-15T13:17:12","slug":"pruss-unlimited-95x95mm-umbertoodeldud-plastjaatmetest-alekeskus","status":"publish","type":"product","link":"https:\/\/alekeskus.eu\/et\/toode\/pruss-unlimited-95x95mm-umbertoodeldud-plastjaatmetest-alekeskus\/","title":{"rendered":"Pruss Unlimited 95 x 95 mm \u00fcmbert\u00f6\u00f6deldud plastj\u00e4\u00e4tmetest"},"content":{"rendered":"","protected":false},"excerpt":{"rendered":"<ul>\n<li><strong>t\u00e4isplast toode\u00a0<\/strong>(\u00fcmbert\u00f6\u00f6deldud plastj\u00e4\u00e4tmetest LDPE, HDPE, PP, PS, ABS)<\/li>\n<li>ilmastikukindel, tugev monoplastikust pinnakiht piiramatu v\u00e4rvivalikuga(vt tava v\u00e4rvivalikut piltides)<\/li>\n<li>hooldusvaba<\/li>\n<li>sarnaselt t\u00f6\u00f6deldav puiduga<\/li>\n<li>tehase garantii 10 aastat<\/li>\n<li>ilmastiku- ja UV-kindel,\u00a0ei m\u00e4dane ega hallita<\/li>\n<li>ei ima<\/li>\n<li>pikisuunaline pikenemine 0.099 mm\/m\/C (puidust suurem)<\/li>\n<li>kaal 7,1 kg\/ jm<\/li>\n<li>m\u00fcrgitu<\/li>\n<li>ei aja pinde<\/li>\n<li><span style=\"text-decoration: underline;\">1 m toote valmistamiseks kasutati u 500 \u00e4ravisatud kilekotti j\u00e4ttes puud metsa kasvama<\/span><\/li>\n<li><span style=\"text-decoration: underline;\">Eesti toode<\/span><\/li>\n<li>pikkused 3,0 m ja 3,6 m<\/li>\n<li>soovitame k\u00fcsida tellimisaega, kuna ei ole laotoode: info@alekeskus.eu<\/li>\n<\/ul>\n<p>&nbsp;<\/p>\n","protected":false},"featured_media":98693,"template":"","meta":{"_monsterinsights_skip_tracking":false,"_monsterinsights_sitenote_active":false,"_monsterinsights_sitenote_note":"","_monsterinsights_sitenote_category":0},"pwb-brand":[],"product_brand":[],"product_cat":[13572,13574,13576,13532,13546],"product_tag":[17236,18836,18891,18892,14747,19079,16161,16191,16192],"class_list":{"0":"post-98685","1":"product","2":"type-product","3":"status-publish","4":"has-post-thumbnail","6":"product_cat-aiapostid","7":"product_cat-karjaaed","8":"product_cat-aialatid-aialipid","9":"product_cat-postid-ja-aiad","10":"product_cat-umbertoodeldud-plastist-tooted-alekeskus","11":"product_tag-kierratysmuovi","12":"product_tag-taaskasutatud-ehitusmaterjal","13":"product_tag-okoloogiline-ehitusmaterjal","14":"product_tag-taaskasutatav-ehitusmaterjal","15":"product_tag-ekologinen-rakennusmateriaali","16":"product_tag-pruss-plastjaatmetest","17":"product_tag-pruss","18":"product_tag-umbertoodeldud-plastjaatmed","19":"product_tag-keskkonnasobralik-ehitusmaterjal","20":"product_shipping_class-30-300kg","21":"pa_garantii-10-aastat","22":"pa_kaalkg-71-kg-jm","23":"pa_kohaletoimetamine-veohind-mandri-eestis-alekeskus","24":"pa_laoasukoht-jarvamaa","25":"pa_pikkus-3600-mm","26":"pa_pikkus-3000-mm","27":"pa_tellimisaeg-1-8-nadalat","28":"pa_veame-eesti-ja-soome","30":"first","31":"onbackorder","32":"taxable","33":"shipping-taxable","34":"purchasable","35":"product-type-variable","36":"has-default-attributes"},"yoast_head":"<!-- This site is optimized with the Yoast SEO plugin v27.3 - https:\/\/yoast.com\/product\/yoast-seo-wordpress\/ -->\n<title>Pruss Unlimited 95 x 95 mm \u00fcmbert\u00f6\u00f6deldud plastj\u00e4\u00e4tmetest - Alekeskus<\/title>\n<meta name=\"description\" content=\"\u00dcmbert\u00f6\u00f6deldud plastj\u00e4\u00e4tmetest prussid 95x95 mm viimistluskihiga\" \/>\n<meta name=\"robots\" content=\"index, follow, max-snippet:-1, max-image-preview:large, max-video-preview:-1\" \/>\n<link rel=\"canonical\" href=\"https:\/\/alekeskus.eu\/et\/toode\/pruss-unlimited-95x95mm-umbertoodeldud-plastjaatmetest-alekeskus\/\" \/>\n<meta property=\"og:locale\" content=\"et_EE\" \/>\n<meta property=\"og:type\" content=\"article\" \/>\n<meta property=\"og:title\" content=\"Pruss Unlimited 95 x 95 mm \u00fcmbert\u00f6\u00f6deldud plastj\u00e4\u00e4tmetest - Alekeskus\" \/>\n<meta property=\"og:description\" content=\"\u00dcmbert\u00f6\u00f6deldud plastj\u00e4\u00e4tmetest prussid 95x95 mm viimistluskihiga\" \/>\n<meta property=\"og:url\" content=\"https:\/\/alekeskus.eu\/et\/toode\/pruss-unlimited-95x95mm-umbertoodeldud-plastjaatmetest-alekeskus\/\" \/>\n<meta property=\"og:site_name\" content=\"Alekeskus\" \/>\n<meta property=\"article:modified_time\" content=\"2026-02-15T13:17:12+00:00\" \/>\n<meta property=\"og:image\" content=\"https:\/\/alekeskus.eu\/wp-content\/uploads\/2026\/02\/95x95-unlim-scaled.jpg\" \/>\n\t<meta property=\"og:image:width\" content=\"2560\" \/>\n\t<meta property=\"og:image:height\" content=\"1920\" \/>\n\t<meta property=\"og:image:type\" content=\"image\/jpeg\" \/>\n<meta name=\"twitter:card\" content=\"summary_large_image\" \/>\n<meta name=\"twitter:label1\" content=\"Est. reading time\" \/>\n\t<meta name=\"twitter:data1\" content=\"1 minut\" \/>\n<script type=\"application\/ld+json\" class=\"yoast-schema-graph\">{\"@context\":\"https:\\\/\\\/schema.org\",\"@graph\":[{\"@type\":\"WebPage\",\"@id\":\"https:\\\/\\\/alekeskus.eu\\\/et\\\/toode\\\/pruss-unlimited-95x95mm-umbertoodeldud-plastjaatmetest-alekeskus\\\/\",\"url\":\"https:\\\/\\\/alekeskus.eu\\\/et\\\/toode\\\/pruss-unlimited-95x95mm-umbertoodeldud-plastjaatmetest-alekeskus\\\/\",\"name\":\"Pruss Unlimited 95 x 95 mm \u00fcmbert\u00f6\u00f6deldud plastj\u00e4\u00e4tmetest - Alekeskus\",\"isPartOf\":{\"@id\":\"https:\\\/\\\/alekeskus.eu\\\/#website\"},\"primaryImageOfPage\":{\"@id\":\"https:\\\/\\\/alekeskus.eu\\\/et\\\/toode\\\/pruss-unlimited-95x95mm-umbertoodeldud-plastjaatmetest-alekeskus\\\/#primaryimage\"},\"image\":{\"@id\":\"https:\\\/\\\/alekeskus.eu\\\/et\\\/toode\\\/pruss-unlimited-95x95mm-umbertoodeldud-plastjaatmetest-alekeskus\\\/#primaryimage\"},\"thumbnailUrl\":\"https:\\\/\\\/alekeskus.eu\\\/wp-content\\\/uploads\\\/2026\\\/02\\\/95x95-unlim-scaled.jpg\",\"datePublished\":\"2026-01-15T12:44:25+00:00\",\"dateModified\":\"2026-02-15T13:17:12+00:00\",\"description\":\"\u00dcmbert\u00f6\u00f6deldud plastj\u00e4\u00e4tmetest prussid 95x95 mm viimistluskihiga\",\"breadcrumb\":{\"@id\":\"https:\\\/\\\/alekeskus.eu\\\/et\\\/toode\\\/pruss-unlimited-95x95mm-umbertoodeldud-plastjaatmetest-alekeskus\\\/#breadcrumb\"},\"inLanguage\":\"et\",\"potentialAction\":[{\"@type\":\"ReadAction\",\"target\":[\"https:\\\/\\\/alekeskus.eu\\\/et\\\/toode\\\/pruss-unlimited-95x95mm-umbertoodeldud-plastjaatmetest-alekeskus\\\/\"]}]},{\"@type\":\"ImageObject\",\"inLanguage\":\"et\",\"@id\":\"https:\\\/\\\/alekeskus.eu\\\/et\\\/toode\\\/pruss-unlimited-95x95mm-umbertoodeldud-plastjaatmetest-alekeskus\\\/#primaryimage\",\"url\":\"https:\\\/\\\/alekeskus.eu\\\/wp-content\\\/uploads\\\/2026\\\/02\\\/95x95-unlim-scaled.jpg\",\"contentUrl\":\"https:\\\/\\\/alekeskus.eu\\\/wp-content\\\/uploads\\\/2026\\\/02\\\/95x95-unlim-scaled.jpg\",\"width\":2560,\"height\":1920},{\"@type\":\"BreadcrumbList\",\"@id\":\"https:\\\/\\\/alekeskus.eu\\\/et\\\/toode\\\/pruss-unlimited-95x95mm-umbertoodeldud-plastjaatmetest-alekeskus\\\/#breadcrumb\",\"itemListElement\":[{\"@type\":\"ListItem\",\"position\":1,\"name\":\"Avaleht\",\"item\":\"https:\\\/\\\/alekeskus.eu\\\/et\\\/\"},{\"@type\":\"ListItem\",\"position\":2,\"name\":\"Pood\",\"item\":\"https:\\\/\\\/alekeskus.eu\\\/pood\\\/\"},{\"@type\":\"ListItem\",\"position\":3,\"name\":\"Pruss Unlimited 95 x 95 mm \u00fcmbert\u00f6\u00f6deldud plastj\u00e4\u00e4tmetest\"}]},{\"@type\":\"WebSite\",\"@id\":\"https:\\\/\\\/alekeskus.eu\\\/#website\",\"url\":\"https:\\\/\\\/alekeskus.eu\\\/\",\"name\":\"Alekeskus\",\"description\":\"Alekeskus.eu\",\"potentialAction\":[{\"@type\":\"SearchAction\",\"target\":{\"@type\":\"EntryPoint\",\"urlTemplate\":\"https:\\\/\\\/alekeskus.eu\\\/?s={search_term_string}\"},\"query-input\":{\"@type\":\"PropertyValueSpecification\",\"valueRequired\":true,\"valueName\":\"search_term_string\"}}],\"inLanguage\":\"et\"}]}<\/script>\n<!-- \/ Yoast SEO plugin. -->","yoast_head_json":{"title":"Pruss Unlimited 95 x 95 mm \u00fcmbert\u00f6\u00f6deldud plastj\u00e4\u00e4tmetest - Alekeskus","description":"\u00dcmbert\u00f6\u00f6deldud plastj\u00e4\u00e4tmetest prussid 95x95 mm viimistluskihiga","robots":{"index":"index","follow":"follow","max-snippet":"max-snippet:-1","max-image-preview":"max-image-preview:large","max-video-preview":"max-video-preview:-1"},"canonical":"https:\/\/alekeskus.eu\/et\/toode\/pruss-unlimited-95x95mm-umbertoodeldud-plastjaatmetest-alekeskus\/","og_locale":"et_EE","og_type":"article","og_title":"Pruss Unlimited 95 x 95 mm \u00fcmbert\u00f6\u00f6deldud plastj\u00e4\u00e4tmetest - Alekeskus","og_description":"\u00dcmbert\u00f6\u00f6deldud plastj\u00e4\u00e4tmetest prussid 95x95 mm viimistluskihiga","og_url":"https:\/\/alekeskus.eu\/et\/toode\/pruss-unlimited-95x95mm-umbertoodeldud-plastjaatmetest-alekeskus\/","og_site_name":"Alekeskus","article_modified_time":"2026-02-15T13:17:12+00:00","og_image":[{"width":2560,"height":1920,"url":"https:\/\/alekeskus.eu\/wp-content\/uploads\/2026\/02\/95x95-unlim-scaled.jpg","type":"image\/jpeg"}],"twitter_card":"summary_large_image","twitter_misc":{"Est. reading time":"1 minut"},"schema":{"@context":"https:\/\/schema.org","@graph":[{"@type":"WebPage","@id":"https:\/\/alekeskus.eu\/et\/toode\/pruss-unlimited-95x95mm-umbertoodeldud-plastjaatmetest-alekeskus\/","url":"https:\/\/alekeskus.eu\/et\/toode\/pruss-unlimited-95x95mm-umbertoodeldud-plastjaatmetest-alekeskus\/","name":"Pruss Unlimited 95 x 95 mm \u00fcmbert\u00f6\u00f6deldud plastj\u00e4\u00e4tmetest - Alekeskus","isPartOf":{"@id":"https:\/\/alekeskus.eu\/#website"},"primaryImageOfPage":{"@id":"https:\/\/alekeskus.eu\/et\/toode\/pruss-unlimited-95x95mm-umbertoodeldud-plastjaatmetest-alekeskus\/#primaryimage"},"image":{"@id":"https:\/\/alekeskus.eu\/et\/toode\/pruss-unlimited-95x95mm-umbertoodeldud-plastjaatmetest-alekeskus\/#primaryimage"},"thumbnailUrl":"https:\/\/alekeskus.eu\/wp-content\/uploads\/2026\/02\/95x95-unlim-scaled.jpg","datePublished":"2026-01-15T12:44:25+00:00","dateModified":"2026-02-15T13:17:12+00:00","description":"\u00dcmbert\u00f6\u00f6deldud plastj\u00e4\u00e4tmetest prussid 95x95 mm viimistluskihiga","breadcrumb":{"@id":"https:\/\/alekeskus.eu\/et\/toode\/pruss-unlimited-95x95mm-umbertoodeldud-plastjaatmetest-alekeskus\/#breadcrumb"},"inLanguage":"et","potentialAction":[{"@type":"ReadAction","target":["https:\/\/alekeskus.eu\/et\/toode\/pruss-unlimited-95x95mm-umbertoodeldud-plastjaatmetest-alekeskus\/"]}]},{"@type":"ImageObject","inLanguage":"et","@id":"https:\/\/alekeskus.eu\/et\/toode\/pruss-unlimited-95x95mm-umbertoodeldud-plastjaatmetest-alekeskus\/#primaryimage","url":"https:\/\/alekeskus.eu\/wp-content\/uploads\/2026\/02\/95x95-unlim-scaled.jpg","contentUrl":"https:\/\/alekeskus.eu\/wp-content\/uploads\/2026\/02\/95x95-unlim-scaled.jpg","width":2560,"height":1920},{"@type":"BreadcrumbList","@id":"https:\/\/alekeskus.eu\/et\/toode\/pruss-unlimited-95x95mm-umbertoodeldud-plastjaatmetest-alekeskus\/#breadcrumb","itemListElement":[{"@type":"ListItem","position":1,"name":"Avaleht","item":"https:\/\/alekeskus.eu\/et\/"},{"@type":"ListItem","position":2,"name":"Pood","item":"https:\/\/alekeskus.eu\/pood\/"},{"@type":"ListItem","position":3,"name":"Pruss Unlimited 95 x 95 mm \u00fcmbert\u00f6\u00f6deldud plastj\u00e4\u00e4tmetest"}]},{"@type":"WebSite","@id":"https:\/\/alekeskus.eu\/#website","url":"https:\/\/alekeskus.eu\/","name":"Alekeskus","description":"Alekeskus.eu","potentialAction":[{"@type":"SearchAction","target":{"@type":"EntryPoint","urlTemplate":"https:\/\/alekeskus.eu\/?s={search_term_string}"},"query-input":{"@type":"PropertyValueSpecification","valueRequired":true,"valueName":"search_term_string"}}],"inLanguage":"et"}]}},"brands":[],"_links":{"self":[{"href":"https:\/\/alekeskus.eu\/et\/wp-json\/wp\/v2\/product\/98685","targetHints":{"allow":["GET"]}}],"collection":[{"href":"https:\/\/alekeskus.eu\/et\/wp-json\/wp\/v2\/product"}],"about":[{"href":"https:\/\/alekeskus.eu\/et\/wp-json\/wp\/v2\/types\/product"}],"wp:featuredmedia":[{"embeddable":true,"href":"https:\/\/alekeskus.eu\/et\/wp-json\/wp\/v2\/media\/98693"}],"wp:attachment":[{"href":"https:\/\/alekeskus.eu\/et\/wp-json\/wp\/v2\/media?parent=98685"}],"wp:term":[{"taxonomy":"pwb-brand","embeddable":true,"href":"https:\/\/alekeskus.eu\/et\/wp-json\/wp\/v2\/pwb-brand?post=98685"},{"taxonomy":"product_brand","embeddable":true,"href":"https:\/\/alekeskus.eu\/et\/wp-json\/wp\/v2\/product_brand?post=98685"},{"taxonomy":"product_cat","embeddable":true,"href":"https:\/\/alekeskus.eu\/et\/wp-json\/wp\/v2\/product_cat?post=98685"},{"taxonomy":"product_tag","embeddable":true,"href":"https:\/\/alekeskus.eu\/et\/wp-json\/wp\/v2\/product_tag?post=98685"}],"curies":[{"name":"wp","href":"https:\/\/api.w.org\/{rel}","templated":true}]}}