{"id":98943,"date":"2026-01-18T07:38:47","date_gmt":"2026-01-18T07:38:47","guid":{"rendered":"https:\/\/alekeskus.eu\/?post_type=product&#038;p=98943"},"modified":"2026-02-18T09:13:24","modified_gmt":"2026-02-18T09:13:24","slug":"aiajuur-alis9-suvaimmutatud-alekeskus","status":"publish","type":"product","link":"https:\/\/alekeskus.eu\/et\/toode\/aiajuur-alis9-suvaimmutatud-alekeskus\/","title":{"rendered":"Aiakuur \u00c4lis 9,0 m\u00b2 s\u00fcvaimmutatud pruun"},"content":{"rendered":"<div class=\"pictogram qtip-additional-element\">\n<div class=\"image\">\n<p><strong>Telli juurde:<\/strong><\/p>\n<p><strong>&#8211; SBS-bituumen<\/strong><strong>kate v\u00f5i iseliimuvat EPDM-kummikatet 2 rulli\u00a0<\/strong><\/p>\n<p><strong>&#8211; vihmaveerennid<\/strong><\/p>\n<p><strong>&#8211; s\u00fcvaimmutatud p\u00f5randalauad 19 mm, talad ja naelad<\/strong><\/p>\n<p>Pakend:\u00a0 4,5&#215;1,2&#215;0,5m; kaal 590 kg<\/p>\n<\/div>\n<\/div>\n<div class=\"clearfix\"><\/div>\n<div class=\"pictogram qtip-additional-element\"><\/div>\n","protected":false},"excerpt":{"rendered":"<p>V\u00e4lism\u00f5\u00f5dud: <strong>3,38 x 2,76 m<\/strong>.<\/p>\n<p><strong>TASUTA VEDU \u00fcle Eesti (ka suursaared)!\u00a0<\/strong><\/p>\n<ul>\n<li>k\u00f5ik toote puuosad on <strong>s\u00fcvaimmutatud pruuni v\u00e4rvi<\/strong> (kemikaalina kasutatakse Impralit-KDS, erinevatel biotsiididel ja vase\u00fchenditel p\u00f5hinev kroomivaba vesilahus, mis kaitseb kahjurite, seente, hallituse ja m\u00e4danemise eest)<\/li>\n<li>tuuletapiga <strong>freespalk 28 mm<\/strong>, tormikinnitused<\/li>\n<li>seinte k\u00f5rgused 188 cm ja 211 cm<\/li>\n<li>katusetalad 44 x 140 mm, punniga katuselaudis 16 mm<\/li>\n<li>katuse pindala 12 m\u00b2 ja kalle 5\u00ba, r\u00e4\u00e4stas 22 cm<\/li>\n<li>punnitud katuselauad 16 mm, laetalad 44 x 140 mm<\/li>\n<li>katusekate lisahinnaga(tarve 2 rullkatet)<\/li>\n<li>p\u00f5randat ei ole (lisahinnaga +450\u20ac s\u00fcvaimmutatud pruunid 19 mm p\u00f5randalauad, talad ja naelad)<\/li>\n<li>silinderlukuga klaasitud paarisuks 139 x 175 cm, liimpuidust ukseleng, madal metalliga kaetud l\u00e4vepakk<\/li>\n<li>kinnitusvahendid ja koostejuhend<\/li>\n<li>5-aastane tehase garantii<\/li>\n<li>Eesti toode<\/li>\n<li>vihmakindel pakend<\/li>\n<\/ul>\n<p>K\u00fcsi ka paigaldust!<\/p>\n","protected":false},"featured_media":98987,"template":"","meta":{"_monsterinsights_skip_tracking":false,"_monsterinsights_sitenote_active":false,"_monsterinsights_sitenote_note":"","_monsterinsights_sitenote_category":0},"pwb-brand":[],"product_brand":[],"product_cat":[17182,13538,13592,13540,13600,13534],"product_tag":[13978,17443,13983,18150,14264,14265,19093,13813,15353,15706,15842,13864,13899],"class_list":{"0":"post-98943","1":"product","2":"type-product","3":"status-publish","4":"has-post-thumbnail","6":"product_cat-suvekoogid-alekeskus","7":"product_cat-ale","8":"product_cat-aia-ja-grillmajad","9":"product_cat-hooned-alekeskus","10":"product_cat-kuurid-aidad-kioskid","11":"product_cat-jahindus","12":"product_tag-huvila","13":"product_tag-tyokaluvaja","14":"product_tag-piharakennus","15":"product_tag-aiakuur-viimistletud","16":"product_tag-aiakuur","17":"product_tag-pihavaja","18":"product_tag-suvaimmutatud-kuur","19":"product_tag-aiamaja","20":"product_tag-pihamokki","21":"product_tag-abihoone","22":"product_tag-tooriistakuur","23":"product_tag-huvimaja","24":"product_tag-garden-house","25":"product_shipping_class-tasuta-transport-kuni-1000kg","26":"pa_garantii-5-aastat","27":"pa_kohaletoimetamine-eestis-tasuta-alekeskus","28":"pa_laoasukoht-tartumaa","29":"pa_pindalam-19092","30":"pa_seinapaksus-28-mm","31":"pa_tellimisaeg-tilausaika-alekeskus","32":"pa_varv-tumepruun","33":"pa_veame-eesti-ja-soome","35":"first","36":"instock","37":"sale","38":"featured","39":"taxable","40":"shipping-taxable","41":"purchasable","42":"product-type-simple"},"yoast_head":"<!-- This site is optimized with the Yoast SEO plugin v27.3 - https:\/\/yoast.com\/product\/yoast-seo-wordpress\/ -->\n<title>Aiakuur \u00c4lis 9,0 m\u00b2 s\u00fcvaimmutatud pruun - Alekeskus<\/title>\n<meta name=\"description\" content=\"Aiakuur \u00c4lis on s\u00fcvaimmutatud pruuniks.\" \/>\n<meta name=\"robots\" content=\"index, follow, max-snippet:-1, max-image-preview:large, max-video-preview:-1\" \/>\n<link rel=\"canonical\" href=\"https:\/\/alekeskus.eu\/et\/toode\/aiajuur-alis9-suvaimmutatud-alekeskus\/\" \/>\n<meta property=\"og:locale\" content=\"et_EE\" \/>\n<meta property=\"og:type\" content=\"article\" \/>\n<meta property=\"og:title\" content=\"Aiakuur \u00c4lis 9,0 m\u00b2 s\u00fcvaimmutatud pruun - Alekeskus\" \/>\n<meta property=\"og:description\" content=\"Aiakuur \u00c4lis on s\u00fcvaimmutatud pruuniks.\" \/>\n<meta property=\"og:url\" content=\"https:\/\/alekeskus.eu\/et\/toode\/aiajuur-alis9-suvaimmutatud-alekeskus\/\" \/>\n<meta property=\"og:site_name\" content=\"Alekeskus\" \/>\n<meta property=\"article:modified_time\" content=\"2026-02-18T09:13:24+00:00\" \/>\n<meta property=\"og:image\" content=\"https:\/\/alekeskus.eu\/wp-content\/uploads\/2026\/02\/Alice_9.0_m2_BNVPI_wb-1024x1024.jpg\" \/>\n\t<meta property=\"og:image:width\" content=\"1024\" \/>\n\t<meta property=\"og:image:height\" content=\"1024\" \/>\n\t<meta property=\"og:image:type\" content=\"image\/jpeg\" \/>\n<meta name=\"twitter:card\" content=\"summary_large_image\" \/>\n<meta name=\"twitter:label1\" content=\"Est. reading time\" \/>\n\t<meta name=\"twitter:data1\" content=\"1 minut\" \/>\n<script type=\"application\/ld+json\" class=\"yoast-schema-graph\">{\"@context\":\"https:\\\/\\\/schema.org\",\"@graph\":[{\"@type\":\"WebPage\",\"@id\":\"https:\\\/\\\/alekeskus.eu\\\/et\\\/toode\\\/aiajuur-alis9-suvaimmutatud-alekeskus\\\/\",\"url\":\"https:\\\/\\\/alekeskus.eu\\\/et\\\/toode\\\/aiajuur-alis9-suvaimmutatud-alekeskus\\\/\",\"name\":\"Aiakuur \u00c4lis 9,0 m\u00b2 s\u00fcvaimmutatud pruun - Alekeskus\",\"isPartOf\":{\"@id\":\"https:\\\/\\\/alekeskus.eu\\\/#website\"},\"primaryImageOfPage\":{\"@id\":\"https:\\\/\\\/alekeskus.eu\\\/et\\\/toode\\\/aiajuur-alis9-suvaimmutatud-alekeskus\\\/#primaryimage\"},\"image\":{\"@id\":\"https:\\\/\\\/alekeskus.eu\\\/et\\\/toode\\\/aiajuur-alis9-suvaimmutatud-alekeskus\\\/#primaryimage\"},\"thumbnailUrl\":\"https:\\\/\\\/alekeskus.eu\\\/wp-content\\\/uploads\\\/2026\\\/02\\\/Alice_9.0_m2_BNVPI_wb.jpg\",\"datePublished\":\"2026-01-18T07:38:47+00:00\",\"dateModified\":\"2026-02-18T09:13:24+00:00\",\"description\":\"Aiakuur \u00c4lis on s\u00fcvaimmutatud pruuniks.\",\"breadcrumb\":{\"@id\":\"https:\\\/\\\/alekeskus.eu\\\/et\\\/toode\\\/aiajuur-alis9-suvaimmutatud-alekeskus\\\/#breadcrumb\"},\"inLanguage\":\"et\",\"potentialAction\":[{\"@type\":\"ReadAction\",\"target\":[\"https:\\\/\\\/alekeskus.eu\\\/et\\\/toode\\\/aiajuur-alis9-suvaimmutatud-alekeskus\\\/\"]}]},{\"@type\":\"ImageObject\",\"inLanguage\":\"et\",\"@id\":\"https:\\\/\\\/alekeskus.eu\\\/et\\\/toode\\\/aiajuur-alis9-suvaimmutatud-alekeskus\\\/#primaryimage\",\"url\":\"https:\\\/\\\/alekeskus.eu\\\/wp-content\\\/uploads\\\/2026\\\/02\\\/Alice_9.0_m2_BNVPI_wb.jpg\",\"contentUrl\":\"https:\\\/\\\/alekeskus.eu\\\/wp-content\\\/uploads\\\/2026\\\/02\\\/Alice_9.0_m2_BNVPI_wb.jpg\",\"width\":2500,\"height\":1875},{\"@type\":\"BreadcrumbList\",\"@id\":\"https:\\\/\\\/alekeskus.eu\\\/et\\\/toode\\\/aiajuur-alis9-suvaimmutatud-alekeskus\\\/#breadcrumb\",\"itemListElement\":[{\"@type\":\"ListItem\",\"position\":1,\"name\":\"Avaleht\",\"item\":\"https:\\\/\\\/alekeskus.eu\\\/et\\\/\"},{\"@type\":\"ListItem\",\"position\":2,\"name\":\"Pood\",\"item\":\"https:\\\/\\\/alekeskus.eu\\\/pood\\\/\"},{\"@type\":\"ListItem\",\"position\":3,\"name\":\"Aiakuur \u00c4lis 9,0 m\u00b2 s\u00fcvaimmutatud pruun\"}]},{\"@type\":\"WebSite\",\"@id\":\"https:\\\/\\\/alekeskus.eu\\\/#website\",\"url\":\"https:\\\/\\\/alekeskus.eu\\\/\",\"name\":\"Alekeskus\",\"description\":\"Alekeskus.eu\",\"potentialAction\":[{\"@type\":\"SearchAction\",\"target\":{\"@type\":\"EntryPoint\",\"urlTemplate\":\"https:\\\/\\\/alekeskus.eu\\\/?s={search_term_string}\"},\"query-input\":{\"@type\":\"PropertyValueSpecification\",\"valueRequired\":true,\"valueName\":\"search_term_string\"}}],\"inLanguage\":\"et\"}]}<\/script>\n<!-- \/ Yoast SEO plugin. -->","yoast_head_json":{"title":"Aiakuur \u00c4lis 9,0 m\u00b2 s\u00fcvaimmutatud pruun - Alekeskus","description":"Aiakuur \u00c4lis on s\u00fcvaimmutatud pruuniks.","robots":{"index":"index","follow":"follow","max-snippet":"max-snippet:-1","max-image-preview":"max-image-preview:large","max-video-preview":"max-video-preview:-1"},"canonical":"https:\/\/alekeskus.eu\/et\/toode\/aiajuur-alis9-suvaimmutatud-alekeskus\/","og_locale":"et_EE","og_type":"article","og_title":"Aiakuur \u00c4lis 9,0 m\u00b2 s\u00fcvaimmutatud pruun - Alekeskus","og_description":"Aiakuur \u00c4lis on s\u00fcvaimmutatud pruuniks.","og_url":"https:\/\/alekeskus.eu\/et\/toode\/aiajuur-alis9-suvaimmutatud-alekeskus\/","og_site_name":"Alekeskus","article_modified_time":"2026-02-18T09:13:24+00:00","og_image":[{"width":1024,"height":1024,"url":"https:\/\/alekeskus.eu\/wp-content\/uploads\/2026\/02\/Alice_9.0_m2_BNVPI_wb-1024x1024.jpg","type":"image\/jpeg"}],"twitter_card":"summary_large_image","twitter_misc":{"Est. reading time":"1 minut"},"schema":{"@context":"https:\/\/schema.org","@graph":[{"@type":"WebPage","@id":"https:\/\/alekeskus.eu\/et\/toode\/aiajuur-alis9-suvaimmutatud-alekeskus\/","url":"https:\/\/alekeskus.eu\/et\/toode\/aiajuur-alis9-suvaimmutatud-alekeskus\/","name":"Aiakuur \u00c4lis 9,0 m\u00b2 s\u00fcvaimmutatud pruun - Alekeskus","isPartOf":{"@id":"https:\/\/alekeskus.eu\/#website"},"primaryImageOfPage":{"@id":"https:\/\/alekeskus.eu\/et\/toode\/aiajuur-alis9-suvaimmutatud-alekeskus\/#primaryimage"},"image":{"@id":"https:\/\/alekeskus.eu\/et\/toode\/aiajuur-alis9-suvaimmutatud-alekeskus\/#primaryimage"},"thumbnailUrl":"https:\/\/alekeskus.eu\/wp-content\/uploads\/2026\/02\/Alice_9.0_m2_BNVPI_wb.jpg","datePublished":"2026-01-18T07:38:47+00:00","dateModified":"2026-02-18T09:13:24+00:00","description":"Aiakuur \u00c4lis on s\u00fcvaimmutatud pruuniks.","breadcrumb":{"@id":"https:\/\/alekeskus.eu\/et\/toode\/aiajuur-alis9-suvaimmutatud-alekeskus\/#breadcrumb"},"inLanguage":"et","potentialAction":[{"@type":"ReadAction","target":["https:\/\/alekeskus.eu\/et\/toode\/aiajuur-alis9-suvaimmutatud-alekeskus\/"]}]},{"@type":"ImageObject","inLanguage":"et","@id":"https:\/\/alekeskus.eu\/et\/toode\/aiajuur-alis9-suvaimmutatud-alekeskus\/#primaryimage","url":"https:\/\/alekeskus.eu\/wp-content\/uploads\/2026\/02\/Alice_9.0_m2_BNVPI_wb.jpg","contentUrl":"https:\/\/alekeskus.eu\/wp-content\/uploads\/2026\/02\/Alice_9.0_m2_BNVPI_wb.jpg","width":2500,"height":1875},{"@type":"BreadcrumbList","@id":"https:\/\/alekeskus.eu\/et\/toode\/aiajuur-alis9-suvaimmutatud-alekeskus\/#breadcrumb","itemListElement":[{"@type":"ListItem","position":1,"name":"Avaleht","item":"https:\/\/alekeskus.eu\/et\/"},{"@type":"ListItem","position":2,"name":"Pood","item":"https:\/\/alekeskus.eu\/pood\/"},{"@type":"ListItem","position":3,"name":"Aiakuur \u00c4lis 9,0 m\u00b2 s\u00fcvaimmutatud pruun"}]},{"@type":"WebSite","@id":"https:\/\/alekeskus.eu\/#website","url":"https:\/\/alekeskus.eu\/","name":"Alekeskus","description":"Alekeskus.eu","potentialAction":[{"@type":"SearchAction","target":{"@type":"EntryPoint","urlTemplate":"https:\/\/alekeskus.eu\/?s={search_term_string}"},"query-input":{"@type":"PropertyValueSpecification","valueRequired":true,"valueName":"search_term_string"}}],"inLanguage":"et"}]}},"brands":[],"_links":{"self":[{"href":"https:\/\/alekeskus.eu\/et\/wp-json\/wp\/v2\/product\/98943","targetHints":{"allow":["GET"]}}],"collection":[{"href":"https:\/\/alekeskus.eu\/et\/wp-json\/wp\/v2\/product"}],"about":[{"href":"https:\/\/alekeskus.eu\/et\/wp-json\/wp\/v2\/types\/product"}],"wp:featuredmedia":[{"embeddable":true,"href":"https:\/\/alekeskus.eu\/et\/wp-json\/wp\/v2\/media\/98987"}],"wp:attachment":[{"href":"https:\/\/alekeskus.eu\/et\/wp-json\/wp\/v2\/media?parent=98943"}],"wp:term":[{"taxonomy":"pwb-brand","embeddable":true,"href":"https:\/\/alekeskus.eu\/et\/wp-json\/wp\/v2\/pwb-brand?post=98943"},{"taxonomy":"product_brand","embeddable":true,"href":"https:\/\/alekeskus.eu\/et\/wp-json\/wp\/v2\/product_brand?post=98943"},{"taxonomy":"product_cat","embeddable":true,"href":"https:\/\/alekeskus.eu\/et\/wp-json\/wp\/v2\/product_cat?post=98943"},{"taxonomy":"product_tag","embeddable":true,"href":"https:\/\/alekeskus.eu\/et\/wp-json\/wp\/v2\/product_tag?post=98943"}],"curies":[{"name":"wp","href":"https:\/\/api.w.org\/{rel}","templated":true}]}}